{"id":20190,"date":"2021-02-19T23:27:27","date_gmt":"2021-02-19T21:27:27","guid":{"rendered":"https:\/\/ibc.ee\/?post_type=product&#038;p=20190"},"modified":"2025-04-22T13:25:20","modified_gmt":"2025-04-22T11:25:20","slug":"electric-barrel-pump-230vac","status":"publish","type":"product","link":"https:\/\/ibc.ee\/lt\/product\/electric-barrel-pump-230vac\/","title":{"rendered":"Elektrinis siurblys statin\u0117je 230VAC"},"content":{"rendered":"<p>Elektrinis cilindrinis siurblys 230VAC<\/p>\n<p>Specifikacijos:<br \/>\nMed\u017eiaga: Aliuminio lydinys<br \/>\nBendras ilgis: 120cm<br \/>\n\u012etampa: 240VAC<br \/>\n\u012esiurbimo skersmuo: 44mm<br \/>\nI\u0161leidimo skersmuo: 25mm<br \/>\nSrauto greitis: 60 l\/min<br \/>\n\u012esiurbimas: 5m<br \/>\nLiftas: 10m<br \/>\nKabelis: 1,5 m<br \/>\nTaikymo sritys: 1: Dyzelinas, \u017eibalas, vanduo<\/p>\n","protected":false},"excerpt":{"rendered":"<p>Elektrinis cilindrinis siurblys 230VAC Specifikacijos: Med\u017eiaga: Aliuminio lydinys Bendras ilgis: 120cm \u012etampa: 240VAC \u012esiurbimo skersmuo: 44mm I\u0161leidimo skersmuo: 25mm Srauto greitis: 60 l\/min \u012esiurbimas: 5m Liftas: 10m Kabelis: 1,5 m Taikymo sritys: 1: Dyzelinas, \u017eibalas, vanduo<\/p>\n","protected":false},"featured_media":20197,"template":"","meta":[],"product_brand":[],"product_cat":[314],"product_tag":[],"class_list":{"0":"post-20190","1":"product","2":"type-product","3":"status-publish","4":"has-post-thumbnail","6":"product_cat-bugnai-ir-kuro-bakeliai","7":"product_shipping_class-acessories-lt","9":"first","10":"onbackorder","11":"taxable","12":"shipping-taxable","13":"purchasable","14":"product-type-simple"},"yoast_head":"<!-- This site is optimized with the Yoast SEO plugin v26.9 - https:\/\/yoast.com\/product\/yoast-seo-wordpress\/ -->\n<title>Elektrinis siurblys statin\u0117je 230VAC -<\/title>\n<meta name=\"description\" content=\"Elektrinis siurblys statin\u0117je 230VAC. \u012etampa: 240VAC. Srauto greitis: 60 l\/min. Taikymo sritys: Dyzelinas, \u017eibalas, vanduo\" \/>\n<meta name=\"robots\" content=\"index, follow, max-snippet:-1, max-image-preview:large, max-video-preview:-1\" \/>\n<link rel=\"canonical\" href=\"https:\/\/ibc.ee\/lt\/product\/electric-barrel-pump-230vac\/\" \/>\n<meta property=\"og:locale\" content=\"lt_LT\" \/>\n<meta property=\"og:type\" content=\"article\" \/>\n<meta property=\"og:title\" content=\"Elektrinis siurblys statin\u0117je 230VAC -\" \/>\n<meta property=\"og:description\" content=\"Elektrinis siurblys statin\u0117je 230VAC. \u012etampa: 240VAC. Srauto greitis: 60 l\/min. Taikymo sritys: Dyzelinas, \u017eibalas, vanduo\" \/>\n<meta property=\"og:url\" content=\"https:\/\/ibc.ee\/lt\/product\/electric-barrel-pump-230vac\/\" \/>\n<meta property=\"og:site_name\" content=\"IBC konteineri m&uuml;&uuml;k, vaadid, kraanid, mahutid\" \/>\n<meta property=\"article:modified_time\" content=\"2025-04-22T11:25:20+00:00\" \/>\n<meta property=\"og:image\" content=\"https:\/\/ibc.ee\/wp-content\/uploads\/2021\/02\/Eliktriline-vaadipump-230V.jpg\" \/>\n\t<meta property=\"og:image:width\" content=\"1000\" \/>\n\t<meta property=\"og:image:height\" content=\"1000\" \/>\n\t<meta property=\"og:image:type\" content=\"image\/jpeg\" \/>\n<meta name=\"twitter:card\" content=\"summary_large_image\" \/>\n<script type=\"application\/ld+json\" class=\"yoast-schema-graph\">{\"@context\":\"https:\/\/schema.org\",\"@graph\":[{\"@type\":\"WebPage\",\"@id\":\"https:\/\/ibc.ee\/lt\/product\/electric-barrel-pump-230vac\/\",\"url\":\"https:\/\/ibc.ee\/lt\/product\/electric-barrel-pump-230vac\/\",\"name\":\"Elektrinis siurblys statin\u0117je 230VAC -\",\"isPartOf\":{\"@id\":\"https:\/\/www.ibc.ee\/lt\/#website\"},\"primaryImageOfPage\":{\"@id\":\"https:\/\/ibc.ee\/lt\/product\/electric-barrel-pump-230vac\/#primaryimage\"},\"image\":{\"@id\":\"https:\/\/ibc.ee\/lt\/product\/electric-barrel-pump-230vac\/#primaryimage\"},\"thumbnailUrl\":\"https:\/\/ibc.ee\/wp-content\/uploads\/2021\/02\/Eliktriline-vaadipump-230V.jpg\",\"datePublished\":\"2021-02-19T21:27:27+00:00\",\"dateModified\":\"2025-04-22T11:25:20+00:00\",\"description\":\"Elektrinis siurblys statin\u0117je 230VAC. \u012etampa: 240VAC. Srauto greitis: 60 l\/min. Taikymo sritys: Dyzelinas, \u017eibalas, vanduo\",\"breadcrumb\":{\"@id\":\"https:\/\/ibc.ee\/lt\/product\/electric-barrel-pump-230vac\/#breadcrumb\"},\"inLanguage\":\"lt-LT\",\"potentialAction\":[{\"@type\":\"ReadAction\",\"target\":[\"https:\/\/ibc.ee\/lt\/product\/electric-barrel-pump-230vac\/\"]}]},{\"@type\":\"ImageObject\",\"inLanguage\":\"lt-LT\",\"@id\":\"https:\/\/ibc.ee\/lt\/product\/electric-barrel-pump-230vac\/#primaryimage\",\"url\":\"https:\/\/ibc.ee\/wp-content\/uploads\/2021\/02\/Eliktriline-vaadipump-230V.jpg\",\"contentUrl\":\"https:\/\/ibc.ee\/wp-content\/uploads\/2021\/02\/Eliktriline-vaadipump-230V.jpg\",\"width\":1000,\"height\":1000,\"caption\":\"Electric Barrel Pump 230VAC\"},{\"@type\":\"BreadcrumbList\",\"@id\":\"https:\/\/ibc.ee\/lt\/product\/electric-barrel-pump-230vac\/#breadcrumb\",\"itemListElement\":[{\"@type\":\"ListItem\",\"position\":1,\"name\":\"\u0413\u043b\u0430\u0432\u043d\u0430\u044f \u0441\u0442\u0440\u0430\u043d\u0438\u0446\u0430\",\"item\":\"https:\/\/ibc.ee\/lt\/\"},{\"@type\":\"ListItem\",\"position\":2,\"name\":\"Parduotuv\u0117\",\"item\":\"https:\/\/ibc.ee\/lt\/shop\/\"},{\"@type\":\"ListItem\",\"position\":3,\"name\":\"Elektrinis siurblys statin\u0117je 230VAC\"}]},{\"@type\":\"WebSite\",\"@id\":\"https:\/\/www.ibc.ee\/lt\/#website\",\"url\":\"https:\/\/www.ibc.ee\/lt\/\",\"name\":\"IBC konteineri m&uuml;&uuml;k, vaadid, kraanid, mahutid\",\"description\":\"IBC - Tank container valve, Adapters\\\\fittings, Intermediate bulk, container, Drums\/cans\",\"potentialAction\":[{\"@type\":\"SearchAction\",\"target\":{\"@type\":\"EntryPoint\",\"urlTemplate\":\"https:\/\/www.ibc.ee\/lt\/?s={search_term_string}\"},\"query-input\":{\"@type\":\"PropertyValueSpecification\",\"valueRequired\":true,\"valueName\":\"search_term_string\"}}],\"inLanguage\":\"lt-LT\"}]}<\/script>\n<!-- \/ Yoast SEO plugin. -->","yoast_head_json":{"title":"Elektrinis siurblys statin\u0117je 230VAC -","description":"Elektrinis siurblys statin\u0117je 230VAC. \u012etampa: 240VAC. Srauto greitis: 60 l\/min. Taikymo sritys: Dyzelinas, \u017eibalas, vanduo","robots":{"index":"index","follow":"follow","max-snippet":"max-snippet:-1","max-image-preview":"max-image-preview:large","max-video-preview":"max-video-preview:-1"},"canonical":"https:\/\/ibc.ee\/lt\/product\/electric-barrel-pump-230vac\/","og_locale":"lt_LT","og_type":"article","og_title":"Elektrinis siurblys statin\u0117je 230VAC -","og_description":"Elektrinis siurblys statin\u0117je 230VAC. \u012etampa: 240VAC. Srauto greitis: 60 l\/min. Taikymo sritys: Dyzelinas, \u017eibalas, vanduo","og_url":"https:\/\/ibc.ee\/lt\/product\/electric-barrel-pump-230vac\/","og_site_name":"IBC konteineri m&uuml;&uuml;k, vaadid, kraanid, mahutid","article_modified_time":"2025-04-22T11:25:20+00:00","og_image":[{"width":1000,"height":1000,"url":"https:\/\/ibc.ee\/wp-content\/uploads\/2021\/02\/Eliktriline-vaadipump-230V.jpg","type":"image\/jpeg"}],"twitter_card":"summary_large_image","schema":{"@context":"https:\/\/schema.org","@graph":[{"@type":"WebPage","@id":"https:\/\/ibc.ee\/lt\/product\/electric-barrel-pump-230vac\/","url":"https:\/\/ibc.ee\/lt\/product\/electric-barrel-pump-230vac\/","name":"Elektrinis siurblys statin\u0117je 230VAC -","isPartOf":{"@id":"https:\/\/www.ibc.ee\/lt\/#website"},"primaryImageOfPage":{"@id":"https:\/\/ibc.ee\/lt\/product\/electric-barrel-pump-230vac\/#primaryimage"},"image":{"@id":"https:\/\/ibc.ee\/lt\/product\/electric-barrel-pump-230vac\/#primaryimage"},"thumbnailUrl":"https:\/\/ibc.ee\/wp-content\/uploads\/2021\/02\/Eliktriline-vaadipump-230V.jpg","datePublished":"2021-02-19T21:27:27+00:00","dateModified":"2025-04-22T11:25:20+00:00","description":"Elektrinis siurblys statin\u0117je 230VAC. \u012etampa: 240VAC. Srauto greitis: 60 l\/min. Taikymo sritys: Dyzelinas, \u017eibalas, vanduo","breadcrumb":{"@id":"https:\/\/ibc.ee\/lt\/product\/electric-barrel-pump-230vac\/#breadcrumb"},"inLanguage":"lt-LT","potentialAction":[{"@type":"ReadAction","target":["https:\/\/ibc.ee\/lt\/product\/electric-barrel-pump-230vac\/"]}]},{"@type":"ImageObject","inLanguage":"lt-LT","@id":"https:\/\/ibc.ee\/lt\/product\/electric-barrel-pump-230vac\/#primaryimage","url":"https:\/\/ibc.ee\/wp-content\/uploads\/2021\/02\/Eliktriline-vaadipump-230V.jpg","contentUrl":"https:\/\/ibc.ee\/wp-content\/uploads\/2021\/02\/Eliktriline-vaadipump-230V.jpg","width":1000,"height":1000,"caption":"Electric Barrel Pump 230VAC"},{"@type":"BreadcrumbList","@id":"https:\/\/ibc.ee\/lt\/product\/electric-barrel-pump-230vac\/#breadcrumb","itemListElement":[{"@type":"ListItem","position":1,"name":"\u0413\u043b\u0430\u0432\u043d\u0430\u044f \u0441\u0442\u0440\u0430\u043d\u0438\u0446\u0430","item":"https:\/\/ibc.ee\/lt\/"},{"@type":"ListItem","position":2,"name":"Parduotuv\u0117","item":"https:\/\/ibc.ee\/lt\/shop\/"},{"@type":"ListItem","position":3,"name":"Elektrinis siurblys statin\u0117je 230VAC"}]},{"@type":"WebSite","@id":"https:\/\/www.ibc.ee\/lt\/#website","url":"https:\/\/www.ibc.ee\/lt\/","name":"IBC konteineri m&uuml;&uuml;k, vaadid, kraanid, mahutid","description":"IBC - Tank container valve, Adapters\\fittings, Intermediate bulk, container, Drums\/cans","potentialAction":[{"@type":"SearchAction","target":{"@type":"EntryPoint","urlTemplate":"https:\/\/www.ibc.ee\/lt\/?s={search_term_string}"},"query-input":{"@type":"PropertyValueSpecification","valueRequired":true,"valueName":"search_term_string"}}],"inLanguage":"lt-LT"}]}},"_links":{"self":[{"href":"https:\/\/ibc.ee\/lt\/wp-json\/wp\/v2\/product\/20190","targetHints":{"allow":["GET"]}}],"collection":[{"href":"https:\/\/ibc.ee\/lt\/wp-json\/wp\/v2\/product"}],"about":[{"href":"https:\/\/ibc.ee\/lt\/wp-json\/wp\/v2\/types\/product"}],"wp:featuredmedia":[{"embeddable":true,"href":"https:\/\/ibc.ee\/lt\/wp-json\/wp\/v2\/media\/20197"}],"wp:attachment":[{"href":"https:\/\/ibc.ee\/lt\/wp-json\/wp\/v2\/media?parent=20190"}],"wp:term":[{"taxonomy":"product_brand","embeddable":true,"href":"https:\/\/ibc.ee\/lt\/wp-json\/wp\/v2\/product_brand?post=20190"},{"taxonomy":"product_cat","embeddable":true,"href":"https:\/\/ibc.ee\/lt\/wp-json\/wp\/v2\/product_cat?post=20190"},{"taxonomy":"product_tag","embeddable":true,"href":"https:\/\/ibc.ee\/lt\/wp-json\/wp\/v2\/product_tag?post=20190"}],"curies":[{"name":"wp","href":"https:\/\/api.w.org\/{rel}","templated":true}]}}