{"id":20239,"date":"2021-02-20T18:39:26","date_gmt":"2021-02-20T16:39:26","guid":{"rendered":"https:\/\/ibc.ee\/?post_type=product&#038;p=20239"},"modified":"2025-04-22T13:14:21","modified_gmt":"2025-04-22T11:14:21","slug":"hand-operated-lever-drum-barrel-pump","status":"publish","type":"product","link":"https:\/\/ibc.ee\/lt\/product\/hand-operated-lever-drum-barrel-pump\/","title":{"rendered":"Rankomis valdomas svirtinis b\u016bgninis cilindrinis siurblys"},"content":{"rendered":"<p>Rankinis svirtinis b\u016bgninis siurblys<\/p>\n<p>Specifikacijos:<br \/>\nMed\u017eiaga: Chromu padengtas plienas<br \/>\nSandariklio med\u017eiaga: NBR<br \/>\nSt\u016bmoklis: PP<br \/>\n\u012eleidimo \/ i\u0161leidimo skersmuo: 29\/22 mm<br \/>\nTalpa: 390 cm3 \/taktas<br \/>\nSrautas: 22 l\/min<br \/>\n\u012esiurbimas: 3 m<br \/>\nKeliamoji galia: 5 m<br \/>\nPanaudojimo sritys: Dyzelinas, \u017eibalas, variklin\u0117 alyva, hidraulin\u0117 alyva<\/p>\n","protected":false},"excerpt":{"rendered":"<p>Rankinis svirtinis b\u016bgninis siurblys Specifikacijos: Med\u017eiaga: Chromu padengtas plienas Sandariklio med\u017eiaga: NBR St\u016bmoklis: PP \u012eleidimo \/ i\u0161leidimo skersmuo: 29\/22 mm Talpa: 390 cm3 \/taktas Srautas: 22 l\/min \u012esiurbimas: 3 m Keliamoji galia: 5 m Panaudojimo sritys: Dyzelinas, \u017eibalas, variklin\u0117 alyva, hidraulin\u0117 alyva<\/p>\n","protected":false},"featured_media":20246,"template":"","meta":[],"product_brand":[],"product_cat":[314],"product_tag":[],"class_list":{"0":"post-20239","1":"product","2":"type-product","3":"status-publish","4":"has-post-thumbnail","6":"product_cat-bugnai-ir-kuro-bakeliai","7":"product_shipping_class-acessories-lt","9":"first","10":"onbackorder","11":"taxable","12":"shipping-taxable","13":"purchasable","14":"product-type-simple"},"yoast_head":"<!-- This site is optimized with the Yoast SEO plugin v26.9 - https:\/\/yoast.com\/product\/yoast-seo-wordpress\/ -->\n<title>Rankomis valdomas svirtinis b\u016bgninis cilindrinis siurblys -<\/title>\n<meta name=\"description\" content=\"Rankiniu b\u016bdu valdomas svirtinis b\u016bgninis cilindrinis siurblys. Chromuotas galvanizuotas plienas. Srautas: 22 l\/min. Naudojimo sritys: Dyzelinas, \u017eibalas, variklin\u0117 alyva, hidraulin\u0117 alyva\" \/>\n<meta name=\"robots\" content=\"index, follow, max-snippet:-1, max-image-preview:large, max-video-preview:-1\" \/>\n<link rel=\"canonical\" href=\"https:\/\/ibc.ee\/lt\/product\/hand-operated-lever-drum-barrel-pump\/\" \/>\n<meta property=\"og:locale\" content=\"lt_LT\" \/>\n<meta property=\"og:type\" content=\"article\" \/>\n<meta property=\"og:title\" content=\"Rankomis valdomas svirtinis b\u016bgninis cilindrinis siurblys -\" \/>\n<meta property=\"og:description\" content=\"Rankiniu b\u016bdu valdomas svirtinis b\u016bgninis cilindrinis siurblys. Chromuotas galvanizuotas plienas. Srautas: 22 l\/min. Naudojimo sritys: Dyzelinas, \u017eibalas, variklin\u0117 alyva, hidraulin\u0117 alyva\" \/>\n<meta property=\"og:url\" content=\"https:\/\/ibc.ee\/lt\/product\/hand-operated-lever-drum-barrel-pump\/\" \/>\n<meta property=\"og:site_name\" content=\"IBC konteineri m&uuml;&uuml;k, vaadid, kraanid, mahutid\" \/>\n<meta property=\"article:modified_time\" content=\"2025-04-22T11:14:21+00:00\" \/>\n<meta property=\"og:image\" content=\"https:\/\/ibc.ee\/wp-content\/uploads\/2021\/02\/Kasipump-tunnile-kemikaalide-jaoks.jpg\" \/>\n\t<meta property=\"og:image:width\" content=\"1000\" \/>\n\t<meta property=\"og:image:height\" content=\"1000\" \/>\n\t<meta property=\"og:image:type\" content=\"image\/jpeg\" \/>\n<meta name=\"twitter:card\" content=\"summary_large_image\" \/>\n<script type=\"application\/ld+json\" class=\"yoast-schema-graph\">{\"@context\":\"https:\/\/schema.org\",\"@graph\":[{\"@type\":\"WebPage\",\"@id\":\"https:\/\/ibc.ee\/lt\/product\/hand-operated-lever-drum-barrel-pump\/\",\"url\":\"https:\/\/ibc.ee\/lt\/product\/hand-operated-lever-drum-barrel-pump\/\",\"name\":\"Rankomis valdomas svirtinis b\u016bgninis cilindrinis siurblys -\",\"isPartOf\":{\"@id\":\"https:\/\/www.ibc.ee\/lt\/#website\"},\"primaryImageOfPage\":{\"@id\":\"https:\/\/ibc.ee\/lt\/product\/hand-operated-lever-drum-barrel-pump\/#primaryimage\"},\"image\":{\"@id\":\"https:\/\/ibc.ee\/lt\/product\/hand-operated-lever-drum-barrel-pump\/#primaryimage\"},\"thumbnailUrl\":\"https:\/\/ibc.ee\/wp-content\/uploads\/2021\/02\/Kasipump-tunnile-kemikaalide-jaoks.jpg\",\"datePublished\":\"2021-02-20T16:39:26+00:00\",\"dateModified\":\"2025-04-22T11:14:21+00:00\",\"description\":\"Rankiniu b\u016bdu valdomas svirtinis b\u016bgninis cilindrinis siurblys. Chromuotas galvanizuotas plienas. Srautas: 22 l\/min. Naudojimo sritys: Dyzelinas, \u017eibalas, variklin\u0117 alyva, hidraulin\u0117 alyva\",\"breadcrumb\":{\"@id\":\"https:\/\/ibc.ee\/lt\/product\/hand-operated-lever-drum-barrel-pump\/#breadcrumb\"},\"inLanguage\":\"lt-LT\",\"potentialAction\":[{\"@type\":\"ReadAction\",\"target\":[\"https:\/\/ibc.ee\/lt\/product\/hand-operated-lever-drum-barrel-pump\/\"]}]},{\"@type\":\"ImageObject\",\"inLanguage\":\"lt-LT\",\"@id\":\"https:\/\/ibc.ee\/lt\/product\/hand-operated-lever-drum-barrel-pump\/#primaryimage\",\"url\":\"https:\/\/ibc.ee\/wp-content\/uploads\/2021\/02\/Kasipump-tunnile-kemikaalide-jaoks.jpg\",\"contentUrl\":\"https:\/\/ibc.ee\/wp-content\/uploads\/2021\/02\/Kasipump-tunnile-kemikaalide-jaoks.jpg\",\"width\":1000,\"height\":1000,\"caption\":\"Hand Operated Lever Drum Barrel Pump\"},{\"@type\":\"BreadcrumbList\",\"@id\":\"https:\/\/ibc.ee\/lt\/product\/hand-operated-lever-drum-barrel-pump\/#breadcrumb\",\"itemListElement\":[{\"@type\":\"ListItem\",\"position\":1,\"name\":\"\u0413\u043b\u0430\u0432\u043d\u0430\u044f \u0441\u0442\u0440\u0430\u043d\u0438\u0446\u0430\",\"item\":\"https:\/\/ibc.ee\/lt\/\"},{\"@type\":\"ListItem\",\"position\":2,\"name\":\"Parduotuv\u0117\",\"item\":\"https:\/\/ibc.ee\/lt\/shop\/\"},{\"@type\":\"ListItem\",\"position\":3,\"name\":\"Rankomis valdomas svirtinis b\u016bgninis cilindrinis siurblys\"}]},{\"@type\":\"WebSite\",\"@id\":\"https:\/\/www.ibc.ee\/lt\/#website\",\"url\":\"https:\/\/www.ibc.ee\/lt\/\",\"name\":\"IBC konteineri m&uuml;&uuml;k, vaadid, kraanid, mahutid\",\"description\":\"IBC - Tank container valve, Adapters\\\\fittings, Intermediate bulk, container, Drums\/cans\",\"potentialAction\":[{\"@type\":\"SearchAction\",\"target\":{\"@type\":\"EntryPoint\",\"urlTemplate\":\"https:\/\/www.ibc.ee\/lt\/?s={search_term_string}\"},\"query-input\":{\"@type\":\"PropertyValueSpecification\",\"valueRequired\":true,\"valueName\":\"search_term_string\"}}],\"inLanguage\":\"lt-LT\"}]}<\/script>\n<!-- \/ Yoast SEO plugin. -->","yoast_head_json":{"title":"Rankomis valdomas svirtinis b\u016bgninis cilindrinis siurblys -","description":"Rankiniu b\u016bdu valdomas svirtinis b\u016bgninis cilindrinis siurblys. Chromuotas galvanizuotas plienas. Srautas: 22 l\/min. Naudojimo sritys: Dyzelinas, \u017eibalas, variklin\u0117 alyva, hidraulin\u0117 alyva","robots":{"index":"index","follow":"follow","max-snippet":"max-snippet:-1","max-image-preview":"max-image-preview:large","max-video-preview":"max-video-preview:-1"},"canonical":"https:\/\/ibc.ee\/lt\/product\/hand-operated-lever-drum-barrel-pump\/","og_locale":"lt_LT","og_type":"article","og_title":"Rankomis valdomas svirtinis b\u016bgninis cilindrinis siurblys -","og_description":"Rankiniu b\u016bdu valdomas svirtinis b\u016bgninis cilindrinis siurblys. Chromuotas galvanizuotas plienas. Srautas: 22 l\/min. Naudojimo sritys: Dyzelinas, \u017eibalas, variklin\u0117 alyva, hidraulin\u0117 alyva","og_url":"https:\/\/ibc.ee\/lt\/product\/hand-operated-lever-drum-barrel-pump\/","og_site_name":"IBC konteineri m&uuml;&uuml;k, vaadid, kraanid, mahutid","article_modified_time":"2025-04-22T11:14:21+00:00","og_image":[{"width":1000,"height":1000,"url":"https:\/\/ibc.ee\/wp-content\/uploads\/2021\/02\/Kasipump-tunnile-kemikaalide-jaoks.jpg","type":"image\/jpeg"}],"twitter_card":"summary_large_image","schema":{"@context":"https:\/\/schema.org","@graph":[{"@type":"WebPage","@id":"https:\/\/ibc.ee\/lt\/product\/hand-operated-lever-drum-barrel-pump\/","url":"https:\/\/ibc.ee\/lt\/product\/hand-operated-lever-drum-barrel-pump\/","name":"Rankomis valdomas svirtinis b\u016bgninis cilindrinis siurblys -","isPartOf":{"@id":"https:\/\/www.ibc.ee\/lt\/#website"},"primaryImageOfPage":{"@id":"https:\/\/ibc.ee\/lt\/product\/hand-operated-lever-drum-barrel-pump\/#primaryimage"},"image":{"@id":"https:\/\/ibc.ee\/lt\/product\/hand-operated-lever-drum-barrel-pump\/#primaryimage"},"thumbnailUrl":"https:\/\/ibc.ee\/wp-content\/uploads\/2021\/02\/Kasipump-tunnile-kemikaalide-jaoks.jpg","datePublished":"2021-02-20T16:39:26+00:00","dateModified":"2025-04-22T11:14:21+00:00","description":"Rankiniu b\u016bdu valdomas svirtinis b\u016bgninis cilindrinis siurblys. Chromuotas galvanizuotas plienas. Srautas: 22 l\/min. Naudojimo sritys: Dyzelinas, \u017eibalas, variklin\u0117 alyva, hidraulin\u0117 alyva","breadcrumb":{"@id":"https:\/\/ibc.ee\/lt\/product\/hand-operated-lever-drum-barrel-pump\/#breadcrumb"},"inLanguage":"lt-LT","potentialAction":[{"@type":"ReadAction","target":["https:\/\/ibc.ee\/lt\/product\/hand-operated-lever-drum-barrel-pump\/"]}]},{"@type":"ImageObject","inLanguage":"lt-LT","@id":"https:\/\/ibc.ee\/lt\/product\/hand-operated-lever-drum-barrel-pump\/#primaryimage","url":"https:\/\/ibc.ee\/wp-content\/uploads\/2021\/02\/Kasipump-tunnile-kemikaalide-jaoks.jpg","contentUrl":"https:\/\/ibc.ee\/wp-content\/uploads\/2021\/02\/Kasipump-tunnile-kemikaalide-jaoks.jpg","width":1000,"height":1000,"caption":"Hand Operated Lever Drum Barrel Pump"},{"@type":"BreadcrumbList","@id":"https:\/\/ibc.ee\/lt\/product\/hand-operated-lever-drum-barrel-pump\/#breadcrumb","itemListElement":[{"@type":"ListItem","position":1,"name":"\u0413\u043b\u0430\u0432\u043d\u0430\u044f \u0441\u0442\u0440\u0430\u043d\u0438\u0446\u0430","item":"https:\/\/ibc.ee\/lt\/"},{"@type":"ListItem","position":2,"name":"Parduotuv\u0117","item":"https:\/\/ibc.ee\/lt\/shop\/"},{"@type":"ListItem","position":3,"name":"Rankomis valdomas svirtinis b\u016bgninis cilindrinis siurblys"}]},{"@type":"WebSite","@id":"https:\/\/www.ibc.ee\/lt\/#website","url":"https:\/\/www.ibc.ee\/lt\/","name":"IBC konteineri m&uuml;&uuml;k, vaadid, kraanid, mahutid","description":"IBC - Tank container valve, Adapters\\fittings, Intermediate bulk, container, Drums\/cans","potentialAction":[{"@type":"SearchAction","target":{"@type":"EntryPoint","urlTemplate":"https:\/\/www.ibc.ee\/lt\/?s={search_term_string}"},"query-input":{"@type":"PropertyValueSpecification","valueRequired":true,"valueName":"search_term_string"}}],"inLanguage":"lt-LT"}]}},"_links":{"self":[{"href":"https:\/\/ibc.ee\/lt\/wp-json\/wp\/v2\/product\/20239","targetHints":{"allow":["GET"]}}],"collection":[{"href":"https:\/\/ibc.ee\/lt\/wp-json\/wp\/v2\/product"}],"about":[{"href":"https:\/\/ibc.ee\/lt\/wp-json\/wp\/v2\/types\/product"}],"wp:featuredmedia":[{"embeddable":true,"href":"https:\/\/ibc.ee\/lt\/wp-json\/wp\/v2\/media\/20246"}],"wp:attachment":[{"href":"https:\/\/ibc.ee\/lt\/wp-json\/wp\/v2\/media?parent=20239"}],"wp:term":[{"taxonomy":"product_brand","embeddable":true,"href":"https:\/\/ibc.ee\/lt\/wp-json\/wp\/v2\/product_brand?post=20239"},{"taxonomy":"product_cat","embeddable":true,"href":"https:\/\/ibc.ee\/lt\/wp-json\/wp\/v2\/product_cat?post=20239"},{"taxonomy":"product_tag","embeddable":true,"href":"https:\/\/ibc.ee\/lt\/wp-json\/wp\/v2\/product_tag?post=20239"}],"curies":[{"name":"wp","href":"https:\/\/api.w.org\/{rel}","templated":true}]}}