{"id":20288,"date":"2021-02-20T19:45:01","date_gmt":"2021-02-20T17:45:01","guid":{"rendered":"https:\/\/ibc.ee\/?post_type=product&#038;p=20288"},"modified":"2025-04-22T13:09:25","modified_gmt":"2025-04-22T11:09:25","slug":"car-siphon-pump-for-gas-oil-water","status":"publish","type":"product","link":"https:\/\/ibc.ee\/lt\/product\/car-siphon-pump-for-gas-oil-water\/","title":{"rendered":"Automobilinis duj\u0173, alyvos, vandens sifoninis siurblys"},"content":{"rendered":"<p>Automobilinis sifoninis siurblys dujoms, alyvai, vandeniui<\/p>\n<p>Specifikacijos:<br \/>\nModelis: DP-14 \/ GT127<br \/>\nSavisiurbis: Taip<br \/>\n\u012eleidimo \/ i\u0161leidimo skersmuo: 17\/17 mm<br \/>\nSiurbimas: 400 mm<br \/>\nLiftas: 450 mm<br \/>\nNa\u0161umas: 7-9 l\/min<br \/>\nPanaudojimo sritys: Chemikalai, naftos pagrindu pagaminti skys\u010diai, vanduo<\/p>\n","protected":false},"excerpt":{"rendered":"<p>Automobilinis sifoninis siurblys dujoms, alyvai, vandeniui Specifikacijos: Modelis: DP-14 \/ GT127 Savisiurbis: Taip \u012eleidimo \/ i\u0161leidimo skersmuo: 17\/17 mm Siurbimas: 400 mm Liftas: 450 mm Na\u0161umas: 7-9 l\/min Panaudojimo sritys: Chemikalai, naftos pagrindu pagaminti skys\u010diai, vanduo<\/p>\n","protected":false},"featured_media":20295,"template":"","meta":[],"product_brand":[],"product_cat":[314],"product_tag":[],"class_list":{"0":"post-20288","1":"product","2":"type-product","3":"status-publish","4":"has-post-thumbnail","6":"product_cat-bugnai-ir-kuro-bakeliai","7":"product_shipping_class-acessories-lt","9":"first","10":"onbackorder","11":"taxable","12":"shipping-taxable","13":"purchasable","14":"product-type-simple"},"yoast_head":"<!-- This site is optimized with the Yoast SEO plugin v26.9 - https:\/\/yoast.com\/product\/yoast-seo-wordpress\/ -->\n<title>Automobilinis duj\u0173, alyvos, vandens sifoninis siurblys -<\/title>\n<meta name=\"description\" content=\"Automobilinis duj\u0173, alyvos, vandens sifoninis siurblys. Na\u0161umas: 7-9 l\/min. Taikymo sritys: chemikalai, naftos pagrindu pagaminti skys\u010diai, vanduo\" \/>\n<meta name=\"robots\" content=\"index, follow, max-snippet:-1, max-image-preview:large, max-video-preview:-1\" \/>\n<link rel=\"canonical\" href=\"https:\/\/ibc.ee\/lt\/product\/car-siphon-pump-for-gas-oil-water\/\" \/>\n<meta property=\"og:locale\" content=\"lt_LT\" \/>\n<meta property=\"og:type\" content=\"article\" \/>\n<meta property=\"og:title\" content=\"Automobilinis duj\u0173, alyvos, vandens sifoninis siurblys -\" \/>\n<meta property=\"og:description\" content=\"Automobilinis duj\u0173, alyvos, vandens sifoninis siurblys. Na\u0161umas: 7-9 l\/min. Taikymo sritys: chemikalai, naftos pagrindu pagaminti skys\u010diai, vanduo\" \/>\n<meta property=\"og:url\" content=\"https:\/\/ibc.ee\/lt\/product\/car-siphon-pump-for-gas-oil-water\/\" \/>\n<meta property=\"og:site_name\" content=\"IBC konteineri m&uuml;&uuml;k, vaadid, kraanid, mahutid\" \/>\n<meta property=\"article:modified_time\" content=\"2025-04-22T11:09:25+00:00\" \/>\n<meta property=\"og:image\" content=\"https:\/\/ibc.ee\/wp-content\/uploads\/2021\/02\/Sifoonpump-klaasipesuvedeliku-pumpamiseks.jpg\" \/>\n\t<meta property=\"og:image:width\" content=\"1000\" \/>\n\t<meta property=\"og:image:height\" content=\"1000\" \/>\n\t<meta property=\"og:image:type\" content=\"image\/jpeg\" \/>\n<meta name=\"twitter:card\" content=\"summary_large_image\" \/>\n<script type=\"application\/ld+json\" class=\"yoast-schema-graph\">{\"@context\":\"https:\/\/schema.org\",\"@graph\":[{\"@type\":\"WebPage\",\"@id\":\"https:\/\/ibc.ee\/lt\/product\/car-siphon-pump-for-gas-oil-water\/\",\"url\":\"https:\/\/ibc.ee\/lt\/product\/car-siphon-pump-for-gas-oil-water\/\",\"name\":\"Automobilinis duj\u0173, alyvos, vandens sifoninis siurblys -\",\"isPartOf\":{\"@id\":\"https:\/\/www.ibc.ee\/lt\/#website\"},\"primaryImageOfPage\":{\"@id\":\"https:\/\/ibc.ee\/lt\/product\/car-siphon-pump-for-gas-oil-water\/#primaryimage\"},\"image\":{\"@id\":\"https:\/\/ibc.ee\/lt\/product\/car-siphon-pump-for-gas-oil-water\/#primaryimage\"},\"thumbnailUrl\":\"https:\/\/ibc.ee\/wp-content\/uploads\/2021\/02\/Sifoonpump-klaasipesuvedeliku-pumpamiseks.jpg\",\"datePublished\":\"2021-02-20T17:45:01+00:00\",\"dateModified\":\"2025-04-22T11:09:25+00:00\",\"description\":\"Automobilinis duj\u0173, alyvos, vandens sifoninis siurblys. Na\u0161umas: 7-9 l\/min. Taikymo sritys: chemikalai, naftos pagrindu pagaminti skys\u010diai, vanduo\",\"breadcrumb\":{\"@id\":\"https:\/\/ibc.ee\/lt\/product\/car-siphon-pump-for-gas-oil-water\/#breadcrumb\"},\"inLanguage\":\"lt-LT\",\"potentialAction\":[{\"@type\":\"ReadAction\",\"target\":[\"https:\/\/ibc.ee\/lt\/product\/car-siphon-pump-for-gas-oil-water\/\"]}]},{\"@type\":\"ImageObject\",\"inLanguage\":\"lt-LT\",\"@id\":\"https:\/\/ibc.ee\/lt\/product\/car-siphon-pump-for-gas-oil-water\/#primaryimage\",\"url\":\"https:\/\/ibc.ee\/wp-content\/uploads\/2021\/02\/Sifoonpump-klaasipesuvedeliku-pumpamiseks.jpg\",\"contentUrl\":\"https:\/\/ibc.ee\/wp-content\/uploads\/2021\/02\/Sifoonpump-klaasipesuvedeliku-pumpamiseks.jpg\",\"width\":1000,\"height\":1000,\"caption\":\"Car Siphon Pump for Gas, Oil, Water\"},{\"@type\":\"BreadcrumbList\",\"@id\":\"https:\/\/ibc.ee\/lt\/product\/car-siphon-pump-for-gas-oil-water\/#breadcrumb\",\"itemListElement\":[{\"@type\":\"ListItem\",\"position\":1,\"name\":\"\u0413\u043b\u0430\u0432\u043d\u0430\u044f \u0441\u0442\u0440\u0430\u043d\u0438\u0446\u0430\",\"item\":\"https:\/\/ibc.ee\/lt\/\"},{\"@type\":\"ListItem\",\"position\":2,\"name\":\"Parduotuv\u0117\",\"item\":\"https:\/\/ibc.ee\/lt\/shop\/\"},{\"@type\":\"ListItem\",\"position\":3,\"name\":\"Automobilinis duj\u0173, alyvos, vandens sifoninis siurblys\"}]},{\"@type\":\"WebSite\",\"@id\":\"https:\/\/www.ibc.ee\/lt\/#website\",\"url\":\"https:\/\/www.ibc.ee\/lt\/\",\"name\":\"IBC konteineri m&uuml;&uuml;k, vaadid, kraanid, mahutid\",\"description\":\"IBC - Tank container valve, Adapters\\\\fittings, Intermediate bulk, container, Drums\/cans\",\"potentialAction\":[{\"@type\":\"SearchAction\",\"target\":{\"@type\":\"EntryPoint\",\"urlTemplate\":\"https:\/\/www.ibc.ee\/lt\/?s={search_term_string}\"},\"query-input\":{\"@type\":\"PropertyValueSpecification\",\"valueRequired\":true,\"valueName\":\"search_term_string\"}}],\"inLanguage\":\"lt-LT\"}]}<\/script>\n<!-- \/ Yoast SEO plugin. -->","yoast_head_json":{"title":"Automobilinis duj\u0173, alyvos, vandens sifoninis siurblys -","description":"Automobilinis duj\u0173, alyvos, vandens sifoninis siurblys. Na\u0161umas: 7-9 l\/min. Taikymo sritys: chemikalai, naftos pagrindu pagaminti skys\u010diai, vanduo","robots":{"index":"index","follow":"follow","max-snippet":"max-snippet:-1","max-image-preview":"max-image-preview:large","max-video-preview":"max-video-preview:-1"},"canonical":"https:\/\/ibc.ee\/lt\/product\/car-siphon-pump-for-gas-oil-water\/","og_locale":"lt_LT","og_type":"article","og_title":"Automobilinis duj\u0173, alyvos, vandens sifoninis siurblys -","og_description":"Automobilinis duj\u0173, alyvos, vandens sifoninis siurblys. Na\u0161umas: 7-9 l\/min. Taikymo sritys: chemikalai, naftos pagrindu pagaminti skys\u010diai, vanduo","og_url":"https:\/\/ibc.ee\/lt\/product\/car-siphon-pump-for-gas-oil-water\/","og_site_name":"IBC konteineri m&uuml;&uuml;k, vaadid, kraanid, mahutid","article_modified_time":"2025-04-22T11:09:25+00:00","og_image":[{"width":1000,"height":1000,"url":"https:\/\/ibc.ee\/wp-content\/uploads\/2021\/02\/Sifoonpump-klaasipesuvedeliku-pumpamiseks.jpg","type":"image\/jpeg"}],"twitter_card":"summary_large_image","schema":{"@context":"https:\/\/schema.org","@graph":[{"@type":"WebPage","@id":"https:\/\/ibc.ee\/lt\/product\/car-siphon-pump-for-gas-oil-water\/","url":"https:\/\/ibc.ee\/lt\/product\/car-siphon-pump-for-gas-oil-water\/","name":"Automobilinis duj\u0173, alyvos, vandens sifoninis siurblys -","isPartOf":{"@id":"https:\/\/www.ibc.ee\/lt\/#website"},"primaryImageOfPage":{"@id":"https:\/\/ibc.ee\/lt\/product\/car-siphon-pump-for-gas-oil-water\/#primaryimage"},"image":{"@id":"https:\/\/ibc.ee\/lt\/product\/car-siphon-pump-for-gas-oil-water\/#primaryimage"},"thumbnailUrl":"https:\/\/ibc.ee\/wp-content\/uploads\/2021\/02\/Sifoonpump-klaasipesuvedeliku-pumpamiseks.jpg","datePublished":"2021-02-20T17:45:01+00:00","dateModified":"2025-04-22T11:09:25+00:00","description":"Automobilinis duj\u0173, alyvos, vandens sifoninis siurblys. Na\u0161umas: 7-9 l\/min. Taikymo sritys: chemikalai, naftos pagrindu pagaminti skys\u010diai, vanduo","breadcrumb":{"@id":"https:\/\/ibc.ee\/lt\/product\/car-siphon-pump-for-gas-oil-water\/#breadcrumb"},"inLanguage":"lt-LT","potentialAction":[{"@type":"ReadAction","target":["https:\/\/ibc.ee\/lt\/product\/car-siphon-pump-for-gas-oil-water\/"]}]},{"@type":"ImageObject","inLanguage":"lt-LT","@id":"https:\/\/ibc.ee\/lt\/product\/car-siphon-pump-for-gas-oil-water\/#primaryimage","url":"https:\/\/ibc.ee\/wp-content\/uploads\/2021\/02\/Sifoonpump-klaasipesuvedeliku-pumpamiseks.jpg","contentUrl":"https:\/\/ibc.ee\/wp-content\/uploads\/2021\/02\/Sifoonpump-klaasipesuvedeliku-pumpamiseks.jpg","width":1000,"height":1000,"caption":"Car Siphon Pump for Gas, Oil, Water"},{"@type":"BreadcrumbList","@id":"https:\/\/ibc.ee\/lt\/product\/car-siphon-pump-for-gas-oil-water\/#breadcrumb","itemListElement":[{"@type":"ListItem","position":1,"name":"\u0413\u043b\u0430\u0432\u043d\u0430\u044f \u0441\u0442\u0440\u0430\u043d\u0438\u0446\u0430","item":"https:\/\/ibc.ee\/lt\/"},{"@type":"ListItem","position":2,"name":"Parduotuv\u0117","item":"https:\/\/ibc.ee\/lt\/shop\/"},{"@type":"ListItem","position":3,"name":"Automobilinis duj\u0173, alyvos, vandens sifoninis siurblys"}]},{"@type":"WebSite","@id":"https:\/\/www.ibc.ee\/lt\/#website","url":"https:\/\/www.ibc.ee\/lt\/","name":"IBC konteineri m&uuml;&uuml;k, vaadid, kraanid, mahutid","description":"IBC - Tank container valve, Adapters\\fittings, Intermediate bulk, container, Drums\/cans","potentialAction":[{"@type":"SearchAction","target":{"@type":"EntryPoint","urlTemplate":"https:\/\/www.ibc.ee\/lt\/?s={search_term_string}"},"query-input":{"@type":"PropertyValueSpecification","valueRequired":true,"valueName":"search_term_string"}}],"inLanguage":"lt-LT"}]}},"_links":{"self":[{"href":"https:\/\/ibc.ee\/lt\/wp-json\/wp\/v2\/product\/20288","targetHints":{"allow":["GET"]}}],"collection":[{"href":"https:\/\/ibc.ee\/lt\/wp-json\/wp\/v2\/product"}],"about":[{"href":"https:\/\/ibc.ee\/lt\/wp-json\/wp\/v2\/types\/product"}],"wp:featuredmedia":[{"embeddable":true,"href":"https:\/\/ibc.ee\/lt\/wp-json\/wp\/v2\/media\/20295"}],"wp:attachment":[{"href":"https:\/\/ibc.ee\/lt\/wp-json\/wp\/v2\/media?parent=20288"}],"wp:term":[{"taxonomy":"product_brand","embeddable":true,"href":"https:\/\/ibc.ee\/lt\/wp-json\/wp\/v2\/product_brand?post=20288"},{"taxonomy":"product_cat","embeddable":true,"href":"https:\/\/ibc.ee\/lt\/wp-json\/wp\/v2\/product_cat?post=20288"},{"taxonomy":"product_tag","embeddable":true,"href":"https:\/\/ibc.ee\/lt\/wp-json\/wp\/v2\/product_tag?post=20288"}],"curies":[{"name":"wp","href":"https:\/\/api.w.org\/{rel}","templated":true}]}}