{"id":20309,"date":"2021-02-20T21:06:55","date_gmt":"2021-02-20T19:06:55","guid":{"rendered":"https:\/\/ibc.ee\/?post_type=product&#038;p=20309"},"modified":"2025-04-22T13:07:38","modified_gmt":"2025-04-22T11:07:38","slug":"liquid-fuel-transfer-plastic-siphon-pump","status":"publish","type":"product","link":"https:\/\/ibc.ee\/lt\/product\/liquid-fuel-transfer-plastic-siphon-pump\/","title":{"rendered":"Skyst\u0173j\u0173 degal\u0173 perpylimo plastikinis sifoninis siurblys"},"content":{"rendered":"<p>Skyst\u0173 degal\u0173 perpylimo plastikinis sifoninis siurblys<\/p>\n<p>Specifikacijos:<br \/>\nPrek\u0117s Nr.: DP-20 \/ GT128<br \/>\nSavisiurbis: Taip<br \/>\n\u012eleidimo \/ i\u0161leidimo skersmuo: 22\/22 mm<br \/>\n\u012esiurbimas: 850 mm<br \/>\nPak\u0117limas: 1400 mm<br \/>\nNa\u0161umas: 13-15 l\/min<br \/>\nPanaudojimas: Chemin\u0117s med\u017eiagos, naftos pagrindu pagaminti skys\u010diai, vanduo<\/p>\n","protected":false},"excerpt":{"rendered":"<p>Skyst\u0173 degal\u0173 perpylimo plastikinis sifoninis siurblys Specifikacijos: Prek\u0117s Nr.: DP-20 \/ GT128 Savisiurbis: Taip \u012eleidimo \/ i\u0161leidimo skersmuo: 22\/22 mm \u012esiurbimas: 850 mm Pak\u0117limas: 1400 mm Na\u0161umas: 13-15 l\/min Panaudojimas: Chemin\u0117s med\u017eiagos, naftos pagrindu pagaminti skys\u010diai, vanduo<\/p>\n","protected":false},"featured_media":20316,"template":"","meta":[],"product_brand":[],"product_cat":[314],"product_tag":[],"class_list":{"0":"post-20309","1":"product","2":"type-product","3":"status-publish","4":"has-post-thumbnail","6":"product_cat-bugnai-ir-kuro-bakeliai","7":"product_shipping_class-acessories-lt","9":"first","10":"onbackorder","11":"taxable","12":"shipping-taxable","13":"purchasable","14":"product-type-simple"},"yoast_head":"<!-- This site is optimized with the Yoast SEO plugin v26.9 - https:\/\/yoast.com\/product\/yoast-seo-wordpress\/ -->\n<title>Skyst\u0173j\u0173 degal\u0173 perpylimo plastikinis sifoninis siurblys -<\/title>\n<meta name=\"description\" content=\"Skyst\u0173 degal\u0173 perpylimo plastikinis sifoninis siurblys. Na\u0161umas: 13-15 l\/min. Naudojimo sritys: chemikalai, naftos pagrindu pagaminti skys\u010diai, vanduo\" \/>\n<meta name=\"robots\" content=\"index, follow, max-snippet:-1, max-image-preview:large, max-video-preview:-1\" \/>\n<link rel=\"canonical\" href=\"https:\/\/ibc.ee\/lt\/product\/liquid-fuel-transfer-plastic-siphon-pump\/\" \/>\n<meta property=\"og:locale\" content=\"lt_LT\" \/>\n<meta property=\"og:type\" content=\"article\" \/>\n<meta property=\"og:title\" content=\"Skyst\u0173j\u0173 degal\u0173 perpylimo plastikinis sifoninis siurblys -\" \/>\n<meta property=\"og:description\" content=\"Skyst\u0173 degal\u0173 perpylimo plastikinis sifoninis siurblys. Na\u0161umas: 13-15 l\/min. Naudojimo sritys: chemikalai, naftos pagrindu pagaminti skys\u010diai, vanduo\" \/>\n<meta property=\"og:url\" content=\"https:\/\/ibc.ee\/lt\/product\/liquid-fuel-transfer-plastic-siphon-pump\/\" \/>\n<meta property=\"og:site_name\" content=\"IBC konteineri m&uuml;&uuml;k, vaadid, kraanid, mahutid\" \/>\n<meta property=\"article:modified_time\" content=\"2025-04-22T11:07:38+00:00\" \/>\n<meta property=\"og:image\" content=\"https:\/\/ibc.ee\/wp-content\/uploads\/2021\/02\/Sifoonpump-13-15-l-min.jpg\" \/>\n\t<meta property=\"og:image:width\" content=\"1000\" \/>\n\t<meta property=\"og:image:height\" content=\"1000\" \/>\n\t<meta property=\"og:image:type\" content=\"image\/jpeg\" \/>\n<meta name=\"twitter:card\" content=\"summary_large_image\" \/>\n<script type=\"application\/ld+json\" class=\"yoast-schema-graph\">{\"@context\":\"https:\/\/schema.org\",\"@graph\":[{\"@type\":\"WebPage\",\"@id\":\"https:\/\/ibc.ee\/lt\/product\/liquid-fuel-transfer-plastic-siphon-pump\/\",\"url\":\"https:\/\/ibc.ee\/lt\/product\/liquid-fuel-transfer-plastic-siphon-pump\/\",\"name\":\"Skyst\u0173j\u0173 degal\u0173 perpylimo plastikinis sifoninis siurblys -\",\"isPartOf\":{\"@id\":\"https:\/\/www.ibc.ee\/lt\/#website\"},\"primaryImageOfPage\":{\"@id\":\"https:\/\/ibc.ee\/lt\/product\/liquid-fuel-transfer-plastic-siphon-pump\/#primaryimage\"},\"image\":{\"@id\":\"https:\/\/ibc.ee\/lt\/product\/liquid-fuel-transfer-plastic-siphon-pump\/#primaryimage\"},\"thumbnailUrl\":\"https:\/\/ibc.ee\/wp-content\/uploads\/2021\/02\/Sifoonpump-13-15-l-min.jpg\",\"datePublished\":\"2021-02-20T19:06:55+00:00\",\"dateModified\":\"2025-04-22T11:07:38+00:00\",\"description\":\"Skyst\u0173 degal\u0173 perpylimo plastikinis sifoninis siurblys. Na\u0161umas: 13-15 l\/min. Naudojimo sritys: chemikalai, naftos pagrindu pagaminti skys\u010diai, vanduo\",\"breadcrumb\":{\"@id\":\"https:\/\/ibc.ee\/lt\/product\/liquid-fuel-transfer-plastic-siphon-pump\/#breadcrumb\"},\"inLanguage\":\"lt-LT\",\"potentialAction\":[{\"@type\":\"ReadAction\",\"target\":[\"https:\/\/ibc.ee\/lt\/product\/liquid-fuel-transfer-plastic-siphon-pump\/\"]}]},{\"@type\":\"ImageObject\",\"inLanguage\":\"lt-LT\",\"@id\":\"https:\/\/ibc.ee\/lt\/product\/liquid-fuel-transfer-plastic-siphon-pump\/#primaryimage\",\"url\":\"https:\/\/ibc.ee\/wp-content\/uploads\/2021\/02\/Sifoonpump-13-15-l-min.jpg\",\"contentUrl\":\"https:\/\/ibc.ee\/wp-content\/uploads\/2021\/02\/Sifoonpump-13-15-l-min.jpg\",\"width\":1000,\"height\":1000,\"caption\":\"Liquid Fuel Transfer Plastic Siphon Pump. Capacity: 13-15 l\/min. Applications: Chemicals, petroleum based fluids, water\"},{\"@type\":\"BreadcrumbList\",\"@id\":\"https:\/\/ibc.ee\/lt\/product\/liquid-fuel-transfer-plastic-siphon-pump\/#breadcrumb\",\"itemListElement\":[{\"@type\":\"ListItem\",\"position\":1,\"name\":\"\u0413\u043b\u0430\u0432\u043d\u0430\u044f \u0441\u0442\u0440\u0430\u043d\u0438\u0446\u0430\",\"item\":\"https:\/\/ibc.ee\/lt\/\"},{\"@type\":\"ListItem\",\"position\":2,\"name\":\"Parduotuv\u0117\",\"item\":\"https:\/\/ibc.ee\/lt\/shop\/\"},{\"@type\":\"ListItem\",\"position\":3,\"name\":\"Skyst\u0173j\u0173 degal\u0173 perpylimo plastikinis sifoninis siurblys\"}]},{\"@type\":\"WebSite\",\"@id\":\"https:\/\/www.ibc.ee\/lt\/#website\",\"url\":\"https:\/\/www.ibc.ee\/lt\/\",\"name\":\"IBC konteineri m&uuml;&uuml;k, vaadid, kraanid, mahutid\",\"description\":\"IBC - Tank container valve, Adapters\\\\fittings, Intermediate bulk, container, Drums\/cans\",\"potentialAction\":[{\"@type\":\"SearchAction\",\"target\":{\"@type\":\"EntryPoint\",\"urlTemplate\":\"https:\/\/www.ibc.ee\/lt\/?s={search_term_string}\"},\"query-input\":{\"@type\":\"PropertyValueSpecification\",\"valueRequired\":true,\"valueName\":\"search_term_string\"}}],\"inLanguage\":\"lt-LT\"}]}<\/script>\n<!-- \/ Yoast SEO plugin. -->","yoast_head_json":{"title":"Skyst\u0173j\u0173 degal\u0173 perpylimo plastikinis sifoninis siurblys -","description":"Skyst\u0173 degal\u0173 perpylimo plastikinis sifoninis siurblys. Na\u0161umas: 13-15 l\/min. Naudojimo sritys: chemikalai, naftos pagrindu pagaminti skys\u010diai, vanduo","robots":{"index":"index","follow":"follow","max-snippet":"max-snippet:-1","max-image-preview":"max-image-preview:large","max-video-preview":"max-video-preview:-1"},"canonical":"https:\/\/ibc.ee\/lt\/product\/liquid-fuel-transfer-plastic-siphon-pump\/","og_locale":"lt_LT","og_type":"article","og_title":"Skyst\u0173j\u0173 degal\u0173 perpylimo plastikinis sifoninis siurblys -","og_description":"Skyst\u0173 degal\u0173 perpylimo plastikinis sifoninis siurblys. Na\u0161umas: 13-15 l\/min. Naudojimo sritys: chemikalai, naftos pagrindu pagaminti skys\u010diai, vanduo","og_url":"https:\/\/ibc.ee\/lt\/product\/liquid-fuel-transfer-plastic-siphon-pump\/","og_site_name":"IBC konteineri m&uuml;&uuml;k, vaadid, kraanid, mahutid","article_modified_time":"2025-04-22T11:07:38+00:00","og_image":[{"width":1000,"height":1000,"url":"https:\/\/ibc.ee\/wp-content\/uploads\/2021\/02\/Sifoonpump-13-15-l-min.jpg","type":"image\/jpeg"}],"twitter_card":"summary_large_image","schema":{"@context":"https:\/\/schema.org","@graph":[{"@type":"WebPage","@id":"https:\/\/ibc.ee\/lt\/product\/liquid-fuel-transfer-plastic-siphon-pump\/","url":"https:\/\/ibc.ee\/lt\/product\/liquid-fuel-transfer-plastic-siphon-pump\/","name":"Skyst\u0173j\u0173 degal\u0173 perpylimo plastikinis sifoninis siurblys -","isPartOf":{"@id":"https:\/\/www.ibc.ee\/lt\/#website"},"primaryImageOfPage":{"@id":"https:\/\/ibc.ee\/lt\/product\/liquid-fuel-transfer-plastic-siphon-pump\/#primaryimage"},"image":{"@id":"https:\/\/ibc.ee\/lt\/product\/liquid-fuel-transfer-plastic-siphon-pump\/#primaryimage"},"thumbnailUrl":"https:\/\/ibc.ee\/wp-content\/uploads\/2021\/02\/Sifoonpump-13-15-l-min.jpg","datePublished":"2021-02-20T19:06:55+00:00","dateModified":"2025-04-22T11:07:38+00:00","description":"Skyst\u0173 degal\u0173 perpylimo plastikinis sifoninis siurblys. Na\u0161umas: 13-15 l\/min. Naudojimo sritys: chemikalai, naftos pagrindu pagaminti skys\u010diai, vanduo","breadcrumb":{"@id":"https:\/\/ibc.ee\/lt\/product\/liquid-fuel-transfer-plastic-siphon-pump\/#breadcrumb"},"inLanguage":"lt-LT","potentialAction":[{"@type":"ReadAction","target":["https:\/\/ibc.ee\/lt\/product\/liquid-fuel-transfer-plastic-siphon-pump\/"]}]},{"@type":"ImageObject","inLanguage":"lt-LT","@id":"https:\/\/ibc.ee\/lt\/product\/liquid-fuel-transfer-plastic-siphon-pump\/#primaryimage","url":"https:\/\/ibc.ee\/wp-content\/uploads\/2021\/02\/Sifoonpump-13-15-l-min.jpg","contentUrl":"https:\/\/ibc.ee\/wp-content\/uploads\/2021\/02\/Sifoonpump-13-15-l-min.jpg","width":1000,"height":1000,"caption":"Liquid Fuel Transfer Plastic Siphon Pump. Capacity: 13-15 l\/min. Applications: Chemicals, petroleum based fluids, water"},{"@type":"BreadcrumbList","@id":"https:\/\/ibc.ee\/lt\/product\/liquid-fuel-transfer-plastic-siphon-pump\/#breadcrumb","itemListElement":[{"@type":"ListItem","position":1,"name":"\u0413\u043b\u0430\u0432\u043d\u0430\u044f \u0441\u0442\u0440\u0430\u043d\u0438\u0446\u0430","item":"https:\/\/ibc.ee\/lt\/"},{"@type":"ListItem","position":2,"name":"Parduotuv\u0117","item":"https:\/\/ibc.ee\/lt\/shop\/"},{"@type":"ListItem","position":3,"name":"Skyst\u0173j\u0173 degal\u0173 perpylimo plastikinis sifoninis siurblys"}]},{"@type":"WebSite","@id":"https:\/\/www.ibc.ee\/lt\/#website","url":"https:\/\/www.ibc.ee\/lt\/","name":"IBC konteineri m&uuml;&uuml;k, vaadid, kraanid, mahutid","description":"IBC - Tank container valve, Adapters\\fittings, Intermediate bulk, container, Drums\/cans","potentialAction":[{"@type":"SearchAction","target":{"@type":"EntryPoint","urlTemplate":"https:\/\/www.ibc.ee\/lt\/?s={search_term_string}"},"query-input":{"@type":"PropertyValueSpecification","valueRequired":true,"valueName":"search_term_string"}}],"inLanguage":"lt-LT"}]}},"_links":{"self":[{"href":"https:\/\/ibc.ee\/lt\/wp-json\/wp\/v2\/product\/20309","targetHints":{"allow":["GET"]}}],"collection":[{"href":"https:\/\/ibc.ee\/lt\/wp-json\/wp\/v2\/product"}],"about":[{"href":"https:\/\/ibc.ee\/lt\/wp-json\/wp\/v2\/types\/product"}],"wp:featuredmedia":[{"embeddable":true,"href":"https:\/\/ibc.ee\/lt\/wp-json\/wp\/v2\/media\/20316"}],"wp:attachment":[{"href":"https:\/\/ibc.ee\/lt\/wp-json\/wp\/v2\/media?parent=20309"}],"wp:term":[{"taxonomy":"product_brand","embeddable":true,"href":"https:\/\/ibc.ee\/lt\/wp-json\/wp\/v2\/product_brand?post=20309"},{"taxonomy":"product_cat","embeddable":true,"href":"https:\/\/ibc.ee\/lt\/wp-json\/wp\/v2\/product_cat?post=20309"},{"taxonomy":"product_tag","embeddable":true,"href":"https:\/\/ibc.ee\/lt\/wp-json\/wp\/v2\/product_tag?post=20309"}],"curies":[{"name":"wp","href":"https:\/\/api.w.org\/{rel}","templated":true}]}}