{"id":20583,"date":"2021-05-24T21:24:39","date_gmt":"2021-05-24T19:24:39","guid":{"rendered":"https:\/\/ibc.ee\/?post_type=product&#038;p=20583"},"modified":"2025-04-22T14:50:29","modified_gmt":"2025-04-22T12:50:29","slug":"universal-1000-liters-ibc-outdoor-cover","status":"publish","type":"product","link":"https:\/\/ibc.ee\/lt\/product\/universal-1000-liters-ibc-outdoor-cover\/","title":{"rendered":"Universalus 1000 litr\u0173 IBC lauko dangtis"},"content":{"rendered":"<p>Universalus 1000 litr\u0173 IBC lauko dangtelis Vandens talpyklos rezervuaro dangtelis Neper\u0161lampamas nuo dulki\u0173 Apsauga nuo saul\u0117s \u0160ilumos izoliacija Sand\u0117liavimas.  <\/p>\n","protected":false},"excerpt":{"rendered":"<p><strong>Savyb\u0117s:<\/strong><\/p>\n<p>1. Idealiai tinka kartu su IBC talpyklomis<br \/>\n2. Patvarus ir atsparus puvimui<br \/>\n3. I\u0161pl\u0117skite savo lietaus vandens surinkimo galimybes<br \/>\n4. Stabilizuota UV spinduliais<br \/>\n5. Galimas u\u017epildymas ir i\u0161leidimas<br \/>\n6. Lengvas montavimas<br \/>\n7. Ypa\u010d kai IBC talpyklos laikomos lauke neapsaugotos, kenksmingi UV spinduliai gali pa\u017eeisti turin\u012f ir pa\u010di\u0105 talpykl\u0105.<br \/>\n8. Su UV spinduli\u0173 apsaugine pl\u0117vele, kuri\u0105 mes saugome kaip nauding\u0105j\u012f model\u012f, visada tur\u0117site skaidr\u0173 vanden\u012f ir prailginsite IBC talpykl\u0173 tarnavimo laik\u0105.<\/p>\n","protected":false},"featured_media":20590,"template":"","meta":[],"product_brand":[],"product_cat":[404],"product_tag":[],"class_list":{"0":"post-20583","1":"product","2":"type-product","3":"status-publish","4":"has-post-thumbnail","6":"product_cat-ibc-ir-bugnu-sildymas","7":"product_shipping_class-omniva-lt","9":"first","10":"onbackorder","11":"taxable","12":"shipping-taxable","13":"purchasable","14":"product-type-simple"},"yoast_head":"<!-- This site is optimized with the Yoast SEO plugin v26.9 - https:\/\/yoast.com\/product\/yoast-seo-wordpress\/ -->\n<title>IBC konteineri\u0173 lauko dangtis<\/title>\n<meta name=\"description\" content=\"Universalus 1000 litr\u0173 IBC lauko dangtelis Vandens talpyklos rezervuaro dangtelis Neper\u0161lampamas nuo dulki\u0173 Apsauga nuo saul\u0117s \u0160ilumos izoliacija Sand\u0117liavimas.\" \/>\n<meta name=\"robots\" content=\"index, follow, max-snippet:-1, max-image-preview:large, max-video-preview:-1\" \/>\n<link rel=\"canonical\" href=\"https:\/\/ibc.ee\/lt\/product\/universal-1000-liters-ibc-outdoor-cover\/\" \/>\n<meta property=\"og:locale\" content=\"lt_LT\" \/>\n<meta property=\"og:type\" content=\"article\" \/>\n<meta property=\"og:title\" content=\"IBC konteineri\u0173 lauko dangtis\" \/>\n<meta property=\"og:description\" content=\"Universalus 1000 litr\u0173 IBC lauko dangtelis Vandens talpyklos rezervuaro dangtelis Neper\u0161lampamas nuo dulki\u0173 Apsauga nuo saul\u0117s \u0160ilumos izoliacija Sand\u0117liavimas.\" \/>\n<meta property=\"og:url\" content=\"https:\/\/ibc.ee\/lt\/product\/universal-1000-liters-ibc-outdoor-cover\/\" \/>\n<meta property=\"og:site_name\" content=\"IBC konteineri m&uuml;&uuml;k, vaadid, kraanid, mahutid\" \/>\n<meta property=\"article:modified_time\" content=\"2025-04-22T12:50:29+00:00\" \/>\n<meta property=\"og:image\" content=\"https:\/\/ibc.ee\/wp-content\/uploads\/2021\/05\/Universaalne-1000-liitrine-IBC-valikate.jpg\" \/>\n\t<meta property=\"og:image:width\" content=\"600\" \/>\n\t<meta property=\"og:image:height\" content=\"600\" \/>\n\t<meta property=\"og:image:type\" content=\"image\/jpeg\" \/>\n<meta name=\"twitter:card\" content=\"summary_large_image\" \/>\n<script type=\"application\/ld+json\" class=\"yoast-schema-graph\">{\"@context\":\"https:\/\/schema.org\",\"@graph\":[{\"@type\":\"WebPage\",\"@id\":\"https:\/\/ibc.ee\/lt\/product\/universal-1000-liters-ibc-outdoor-cover\/\",\"url\":\"https:\/\/ibc.ee\/lt\/product\/universal-1000-liters-ibc-outdoor-cover\/\",\"name\":\"IBC konteineri\u0173 lauko dangtis\",\"isPartOf\":{\"@id\":\"https:\/\/www.ibc.ee\/lt\/#website\"},\"primaryImageOfPage\":{\"@id\":\"https:\/\/ibc.ee\/lt\/product\/universal-1000-liters-ibc-outdoor-cover\/#primaryimage\"},\"image\":{\"@id\":\"https:\/\/ibc.ee\/lt\/product\/universal-1000-liters-ibc-outdoor-cover\/#primaryimage\"},\"thumbnailUrl\":\"https:\/\/ibc.ee\/wp-content\/uploads\/2021\/05\/Universaalne-1000-liitrine-IBC-valikate.jpg\",\"datePublished\":\"2021-05-24T19:24:39+00:00\",\"dateModified\":\"2025-04-22T12:50:29+00:00\",\"description\":\"Universalus 1000 litr\u0173 IBC lauko dangtelis Vandens talpyklos rezervuaro dangtelis Neper\u0161lampamas nuo dulki\u0173 Apsauga nuo saul\u0117s \u0160ilumos izoliacija Sand\u0117liavimas.\",\"breadcrumb\":{\"@id\":\"https:\/\/ibc.ee\/lt\/product\/universal-1000-liters-ibc-outdoor-cover\/#breadcrumb\"},\"inLanguage\":\"lt-LT\",\"potentialAction\":[{\"@type\":\"ReadAction\",\"target\":[\"https:\/\/ibc.ee\/lt\/product\/universal-1000-liters-ibc-outdoor-cover\/\"]}]},{\"@type\":\"ImageObject\",\"inLanguage\":\"lt-LT\",\"@id\":\"https:\/\/ibc.ee\/lt\/product\/universal-1000-liters-ibc-outdoor-cover\/#primaryimage\",\"url\":\"https:\/\/ibc.ee\/wp-content\/uploads\/2021\/05\/Universaalne-1000-liitrine-IBC-valikate.jpg\",\"contentUrl\":\"https:\/\/ibc.ee\/wp-content\/uploads\/2021\/05\/Universaalne-1000-liitrine-IBC-valikate.jpg\",\"width\":600,\"height\":600,\"caption\":\"Universal 1000 Liters IBC Outdoor Cover\"},{\"@type\":\"BreadcrumbList\",\"@id\":\"https:\/\/ibc.ee\/lt\/product\/universal-1000-liters-ibc-outdoor-cover\/#breadcrumb\",\"itemListElement\":[{\"@type\":\"ListItem\",\"position\":1,\"name\":\"\u0413\u043b\u0430\u0432\u043d\u0430\u044f \u0441\u0442\u0440\u0430\u043d\u0438\u0446\u0430\",\"item\":\"https:\/\/ibc.ee\/lt\/\"},{\"@type\":\"ListItem\",\"position\":2,\"name\":\"Parduotuv\u0117\",\"item\":\"https:\/\/ibc.ee\/lt\/shop\/\"},{\"@type\":\"ListItem\",\"position\":3,\"name\":\"Universalus 1000 litr\u0173 IBC lauko dangtis\"}]},{\"@type\":\"WebSite\",\"@id\":\"https:\/\/www.ibc.ee\/lt\/#website\",\"url\":\"https:\/\/www.ibc.ee\/lt\/\",\"name\":\"IBC konteineri m&uuml;&uuml;k, vaadid, kraanid, mahutid\",\"description\":\"IBC - Tank container valve, Adapters\\\\fittings, Intermediate bulk, container, Drums\/cans\",\"potentialAction\":[{\"@type\":\"SearchAction\",\"target\":{\"@type\":\"EntryPoint\",\"urlTemplate\":\"https:\/\/www.ibc.ee\/lt\/?s={search_term_string}\"},\"query-input\":{\"@type\":\"PropertyValueSpecification\",\"valueRequired\":true,\"valueName\":\"search_term_string\"}}],\"inLanguage\":\"lt-LT\"}]}<\/script>\n<!-- \/ Yoast SEO plugin. -->","yoast_head_json":{"title":"IBC konteineri\u0173 lauko dangtis","description":"Universalus 1000 litr\u0173 IBC lauko dangtelis Vandens talpyklos rezervuaro dangtelis Neper\u0161lampamas nuo dulki\u0173 Apsauga nuo saul\u0117s \u0160ilumos izoliacija Sand\u0117liavimas.","robots":{"index":"index","follow":"follow","max-snippet":"max-snippet:-1","max-image-preview":"max-image-preview:large","max-video-preview":"max-video-preview:-1"},"canonical":"https:\/\/ibc.ee\/lt\/product\/universal-1000-liters-ibc-outdoor-cover\/","og_locale":"lt_LT","og_type":"article","og_title":"IBC konteineri\u0173 lauko dangtis","og_description":"Universalus 1000 litr\u0173 IBC lauko dangtelis Vandens talpyklos rezervuaro dangtelis Neper\u0161lampamas nuo dulki\u0173 Apsauga nuo saul\u0117s \u0160ilumos izoliacija Sand\u0117liavimas.","og_url":"https:\/\/ibc.ee\/lt\/product\/universal-1000-liters-ibc-outdoor-cover\/","og_site_name":"IBC konteineri m&uuml;&uuml;k, vaadid, kraanid, mahutid","article_modified_time":"2025-04-22T12:50:29+00:00","og_image":[{"width":600,"height":600,"url":"https:\/\/ibc.ee\/wp-content\/uploads\/2021\/05\/Universaalne-1000-liitrine-IBC-valikate.jpg","type":"image\/jpeg"}],"twitter_card":"summary_large_image","schema":{"@context":"https:\/\/schema.org","@graph":[{"@type":"WebPage","@id":"https:\/\/ibc.ee\/lt\/product\/universal-1000-liters-ibc-outdoor-cover\/","url":"https:\/\/ibc.ee\/lt\/product\/universal-1000-liters-ibc-outdoor-cover\/","name":"IBC konteineri\u0173 lauko dangtis","isPartOf":{"@id":"https:\/\/www.ibc.ee\/lt\/#website"},"primaryImageOfPage":{"@id":"https:\/\/ibc.ee\/lt\/product\/universal-1000-liters-ibc-outdoor-cover\/#primaryimage"},"image":{"@id":"https:\/\/ibc.ee\/lt\/product\/universal-1000-liters-ibc-outdoor-cover\/#primaryimage"},"thumbnailUrl":"https:\/\/ibc.ee\/wp-content\/uploads\/2021\/05\/Universaalne-1000-liitrine-IBC-valikate.jpg","datePublished":"2021-05-24T19:24:39+00:00","dateModified":"2025-04-22T12:50:29+00:00","description":"Universalus 1000 litr\u0173 IBC lauko dangtelis Vandens talpyklos rezervuaro dangtelis Neper\u0161lampamas nuo dulki\u0173 Apsauga nuo saul\u0117s \u0160ilumos izoliacija Sand\u0117liavimas.","breadcrumb":{"@id":"https:\/\/ibc.ee\/lt\/product\/universal-1000-liters-ibc-outdoor-cover\/#breadcrumb"},"inLanguage":"lt-LT","potentialAction":[{"@type":"ReadAction","target":["https:\/\/ibc.ee\/lt\/product\/universal-1000-liters-ibc-outdoor-cover\/"]}]},{"@type":"ImageObject","inLanguage":"lt-LT","@id":"https:\/\/ibc.ee\/lt\/product\/universal-1000-liters-ibc-outdoor-cover\/#primaryimage","url":"https:\/\/ibc.ee\/wp-content\/uploads\/2021\/05\/Universaalne-1000-liitrine-IBC-valikate.jpg","contentUrl":"https:\/\/ibc.ee\/wp-content\/uploads\/2021\/05\/Universaalne-1000-liitrine-IBC-valikate.jpg","width":600,"height":600,"caption":"Universal 1000 Liters IBC Outdoor Cover"},{"@type":"BreadcrumbList","@id":"https:\/\/ibc.ee\/lt\/product\/universal-1000-liters-ibc-outdoor-cover\/#breadcrumb","itemListElement":[{"@type":"ListItem","position":1,"name":"\u0413\u043b\u0430\u0432\u043d\u0430\u044f \u0441\u0442\u0440\u0430\u043d\u0438\u0446\u0430","item":"https:\/\/ibc.ee\/lt\/"},{"@type":"ListItem","position":2,"name":"Parduotuv\u0117","item":"https:\/\/ibc.ee\/lt\/shop\/"},{"@type":"ListItem","position":3,"name":"Universalus 1000 litr\u0173 IBC lauko dangtis"}]},{"@type":"WebSite","@id":"https:\/\/www.ibc.ee\/lt\/#website","url":"https:\/\/www.ibc.ee\/lt\/","name":"IBC konteineri m&uuml;&uuml;k, vaadid, kraanid, mahutid","description":"IBC - Tank container valve, Adapters\\fittings, Intermediate bulk, container, Drums\/cans","potentialAction":[{"@type":"SearchAction","target":{"@type":"EntryPoint","urlTemplate":"https:\/\/www.ibc.ee\/lt\/?s={search_term_string}"},"query-input":{"@type":"PropertyValueSpecification","valueRequired":true,"valueName":"search_term_string"}}],"inLanguage":"lt-LT"}]}},"_links":{"self":[{"href":"https:\/\/ibc.ee\/lt\/wp-json\/wp\/v2\/product\/20583","targetHints":{"allow":["GET"]}}],"collection":[{"href":"https:\/\/ibc.ee\/lt\/wp-json\/wp\/v2\/product"}],"about":[{"href":"https:\/\/ibc.ee\/lt\/wp-json\/wp\/v2\/types\/product"}],"wp:featuredmedia":[{"embeddable":true,"href":"https:\/\/ibc.ee\/lt\/wp-json\/wp\/v2\/media\/20590"}],"wp:attachment":[{"href":"https:\/\/ibc.ee\/lt\/wp-json\/wp\/v2\/media?parent=20583"}],"wp:term":[{"taxonomy":"product_brand","embeddable":true,"href":"https:\/\/ibc.ee\/lt\/wp-json\/wp\/v2\/product_brand?post=20583"},{"taxonomy":"product_cat","embeddable":true,"href":"https:\/\/ibc.ee\/lt\/wp-json\/wp\/v2\/product_cat?post=20583"},{"taxonomy":"product_tag","embeddable":true,"href":"https:\/\/ibc.ee\/lt\/wp-json\/wp\/v2\/product_tag?post=20583"}],"curies":[{"name":"wp","href":"https:\/\/api.w.org\/{rel}","templated":true}]}}