{"id":20819,"date":"2022-05-31T11:07:12","date_gmt":"2022-05-31T09:07:13","guid":{"rendered":"https:\/\/ibc.ee\/?post_type=product&#038;p=20819"},"modified":"2025-06-26T14:49:01","modified_gmt":"2025-06-26T12:49:01","slug":"plastikinis-bugnas-125l","status":"publish","type":"product","link":"https:\/\/ibc.ee\/lt\/product\/plastikinis-bugnas-125l\/","title":{"rendered":"Plastikinis b\u016bgnas 125L (naudotos)"},"content":{"rendered":"<p>Prakti\u0161kas plastikinis b\u016bgnas, tinkantis, pavyzd\u017eiui, kietiems ir skystiems maisto produktams laikyti. Dangtelio \u012ftempimo \u017eiedas u\u017etikrina, kad dangtis sandariai u\u017esiskleist\u0173 nuo ne\u0161varum\u0173 ir i\u0161siliejimo, tuo pa\u010diu leid\u017eia lengvai atidaryti ir u\u017edaryti.<\/p>\n<p>B\u016bgnas yra suformuotas i\u0161 vieno gabalo, tod\u0117l HDPE plastikas yra elastingas ir patvarus. Puikiai tinka transportuoti ir sand\u0117liuoti!<\/p>\n<p>Naudotos statin\u0117s!<\/p>\n","protected":false},"excerpt":{"rendered":"<p>Auk\u0161tis: 980 mm<br \/>\nSkersmuo: 480 mm<br \/>\nT\u016bris: 125 L (max 150)<br \/>\nSpalva: m\u0117lyna<br \/>\nMed\u017eiaga: HD polietilenas<br \/>\nSvoris: 6,7 kg<\/p>\n","protected":false},"featured_media":20826,"template":"","meta":[],"product_brand":[],"product_cat":[314],"product_tag":[],"class_list":{"0":"post-20819","1":"product","2":"type-product","3":"status-publish","4":"has-post-thumbnail","6":"product_cat-bugnai-ir-kuro-bakeliai","7":"product_shipping_class-drums-and-cans-lt","9":"first","10":"instock","11":"taxable","12":"shipping-taxable","13":"purchasable","14":"product-type-simple"},"yoast_head":"<!-- This site is optimized with the Yoast SEO plugin v26.9 - https:\/\/yoast.com\/product\/yoast-seo-wordpress\/ -->\n<title>Plastikinis b\u016bgnas 125L (naudotos) - IBC konteineri m&uuml;&uuml;k, vaadid, kraanid, mahutid<\/title>\n<meta name=\"description\" content=\"Prakti\u0161kas plastikinis b\u016bgnas, tinkantis tiek kietiems, tiek skystiems maisto produktams laikyti. Puikiai tinka transportuoti ir sand\u0117liuoti!\" \/>\n<meta name=\"robots\" content=\"index, follow, max-snippet:-1, max-image-preview:large, max-video-preview:-1\" \/>\n<link rel=\"canonical\" href=\"https:\/\/ibc.ee\/lt\/product\/plastikinis-bugnas-125l\/\" \/>\n<meta property=\"og:locale\" content=\"lt_LT\" \/>\n<meta property=\"og:type\" content=\"article\" \/>\n<meta property=\"og:title\" content=\"Plastikinis b\u016bgnas 125L (naudotos) - IBC konteineri m&uuml;&uuml;k, vaadid, kraanid, mahutid\" \/>\n<meta property=\"og:description\" content=\"Prakti\u0161kas plastikinis b\u016bgnas, tinkantis tiek kietiems, tiek skystiems maisto produktams laikyti. Puikiai tinka transportuoti ir sand\u0117liuoti!\" \/>\n<meta property=\"og:url\" content=\"https:\/\/ibc.ee\/lt\/product\/plastikinis-bugnas-125l\/\" \/>\n<meta property=\"og:site_name\" content=\"IBC konteineri m&uuml;&uuml;k, vaadid, kraanid, mahutid\" \/>\n<meta property=\"article:modified_time\" content=\"2025-06-26T12:49:01+00:00\" \/>\n<meta property=\"og:image\" content=\"https:\/\/ibc.ee\/wp-content\/uploads\/2022\/05\/Plastiktunn_125l_sinine.jpg\" \/>\n\t<meta property=\"og:image:width\" content=\"709\" \/>\n\t<meta property=\"og:image:height\" content=\"709\" \/>\n\t<meta property=\"og:image:type\" content=\"image\/jpeg\" \/>\n<meta name=\"twitter:card\" content=\"summary_large_image\" \/>\n<meta name=\"twitter:label1\" content=\"Est. reading time\" \/>\n\t<meta name=\"twitter:data1\" content=\"1 minut\u0117\" \/>\n<script type=\"application\/ld+json\" class=\"yoast-schema-graph\">{\"@context\":\"https:\/\/schema.org\",\"@graph\":[{\"@type\":\"WebPage\",\"@id\":\"https:\/\/ibc.ee\/lt\/product\/plastikinis-bugnas-125l\/\",\"url\":\"https:\/\/ibc.ee\/lt\/product\/plastikinis-bugnas-125l\/\",\"name\":\"Plastikinis b\u016bgnas 125L (naudotos) - IBC konteineri m&uuml;&uuml;k, vaadid, kraanid, mahutid\",\"isPartOf\":{\"@id\":\"https:\/\/www.ibc.ee\/lt\/#website\"},\"primaryImageOfPage\":{\"@id\":\"https:\/\/ibc.ee\/lt\/product\/plastikinis-bugnas-125l\/#primaryimage\"},\"image\":{\"@id\":\"https:\/\/ibc.ee\/lt\/product\/plastikinis-bugnas-125l\/#primaryimage\"},\"thumbnailUrl\":\"https:\/\/ibc.ee\/wp-content\/uploads\/2022\/05\/Plastiktunn_125l_sinine.jpg\",\"datePublished\":\"2022-05-31T09:07:13+00:00\",\"dateModified\":\"2025-06-26T12:49:01+00:00\",\"description\":\"Prakti\u0161kas plastikinis b\u016bgnas, tinkantis tiek kietiems, tiek skystiems maisto produktams laikyti. Puikiai tinka transportuoti ir sand\u0117liuoti!\",\"breadcrumb\":{\"@id\":\"https:\/\/ibc.ee\/lt\/product\/plastikinis-bugnas-125l\/#breadcrumb\"},\"inLanguage\":\"lt-LT\",\"potentialAction\":[{\"@type\":\"ReadAction\",\"target\":[\"https:\/\/ibc.ee\/lt\/product\/plastikinis-bugnas-125l\/\"]}]},{\"@type\":\"ImageObject\",\"inLanguage\":\"lt-LT\",\"@id\":\"https:\/\/ibc.ee\/lt\/product\/plastikinis-bugnas-125l\/#primaryimage\",\"url\":\"https:\/\/ibc.ee\/wp-content\/uploads\/2022\/05\/Plastiktunn_125l_sinine.jpg\",\"contentUrl\":\"https:\/\/ibc.ee\/wp-content\/uploads\/2022\/05\/Plastiktunn_125l_sinine.jpg\",\"width\":709,\"height\":709,\"caption\":\"Plastikinis b\u016bgnas 125L\"},{\"@type\":\"BreadcrumbList\",\"@id\":\"https:\/\/ibc.ee\/lt\/product\/plastikinis-bugnas-125l\/#breadcrumb\",\"itemListElement\":[{\"@type\":\"ListItem\",\"position\":1,\"name\":\"\u0413\u043b\u0430\u0432\u043d\u0430\u044f \u0441\u0442\u0440\u0430\u043d\u0438\u0446\u0430\",\"item\":\"https:\/\/ibc.ee\/lt\/\"},{\"@type\":\"ListItem\",\"position\":2,\"name\":\"Parduotuv\u0117\",\"item\":\"https:\/\/ibc.ee\/lt\/shop\/\"},{\"@type\":\"ListItem\",\"position\":3,\"name\":\"Plastikinis b\u016bgnas 125L (naudotos)\"}]},{\"@type\":\"WebSite\",\"@id\":\"https:\/\/www.ibc.ee\/lt\/#website\",\"url\":\"https:\/\/www.ibc.ee\/lt\/\",\"name\":\"IBC konteineri m&uuml;&uuml;k, vaadid, kraanid, mahutid\",\"description\":\"IBC - Tank container valve, Adapters\\\\fittings, Intermediate bulk, container, Drums\/cans\",\"potentialAction\":[{\"@type\":\"SearchAction\",\"target\":{\"@type\":\"EntryPoint\",\"urlTemplate\":\"https:\/\/www.ibc.ee\/lt\/?s={search_term_string}\"},\"query-input\":{\"@type\":\"PropertyValueSpecification\",\"valueRequired\":true,\"valueName\":\"search_term_string\"}}],\"inLanguage\":\"lt-LT\"}]}<\/script>\n<!-- \/ Yoast SEO plugin. -->","yoast_head_json":{"title":"Plastikinis b\u016bgnas 125L (naudotos) - IBC konteineri m&uuml;&uuml;k, vaadid, kraanid, mahutid","description":"Prakti\u0161kas plastikinis b\u016bgnas, tinkantis tiek kietiems, tiek skystiems maisto produktams laikyti. Puikiai tinka transportuoti ir sand\u0117liuoti!","robots":{"index":"index","follow":"follow","max-snippet":"max-snippet:-1","max-image-preview":"max-image-preview:large","max-video-preview":"max-video-preview:-1"},"canonical":"https:\/\/ibc.ee\/lt\/product\/plastikinis-bugnas-125l\/","og_locale":"lt_LT","og_type":"article","og_title":"Plastikinis b\u016bgnas 125L (naudotos) - IBC konteineri m&uuml;&uuml;k, vaadid, kraanid, mahutid","og_description":"Prakti\u0161kas plastikinis b\u016bgnas, tinkantis tiek kietiems, tiek skystiems maisto produktams laikyti. Puikiai tinka transportuoti ir sand\u0117liuoti!","og_url":"https:\/\/ibc.ee\/lt\/product\/plastikinis-bugnas-125l\/","og_site_name":"IBC konteineri m&uuml;&uuml;k, vaadid, kraanid, mahutid","article_modified_time":"2025-06-26T12:49:01+00:00","og_image":[{"width":709,"height":709,"url":"https:\/\/ibc.ee\/wp-content\/uploads\/2022\/05\/Plastiktunn_125l_sinine.jpg","type":"image\/jpeg"}],"twitter_card":"summary_large_image","twitter_misc":{"Est. reading time":"1 minut\u0117"},"schema":{"@context":"https:\/\/schema.org","@graph":[{"@type":"WebPage","@id":"https:\/\/ibc.ee\/lt\/product\/plastikinis-bugnas-125l\/","url":"https:\/\/ibc.ee\/lt\/product\/plastikinis-bugnas-125l\/","name":"Plastikinis b\u016bgnas 125L (naudotos) - IBC konteineri m&uuml;&uuml;k, vaadid, kraanid, mahutid","isPartOf":{"@id":"https:\/\/www.ibc.ee\/lt\/#website"},"primaryImageOfPage":{"@id":"https:\/\/ibc.ee\/lt\/product\/plastikinis-bugnas-125l\/#primaryimage"},"image":{"@id":"https:\/\/ibc.ee\/lt\/product\/plastikinis-bugnas-125l\/#primaryimage"},"thumbnailUrl":"https:\/\/ibc.ee\/wp-content\/uploads\/2022\/05\/Plastiktunn_125l_sinine.jpg","datePublished":"2022-05-31T09:07:13+00:00","dateModified":"2025-06-26T12:49:01+00:00","description":"Prakti\u0161kas plastikinis b\u016bgnas, tinkantis tiek kietiems, tiek skystiems maisto produktams laikyti. Puikiai tinka transportuoti ir sand\u0117liuoti!","breadcrumb":{"@id":"https:\/\/ibc.ee\/lt\/product\/plastikinis-bugnas-125l\/#breadcrumb"},"inLanguage":"lt-LT","potentialAction":[{"@type":"ReadAction","target":["https:\/\/ibc.ee\/lt\/product\/plastikinis-bugnas-125l\/"]}]},{"@type":"ImageObject","inLanguage":"lt-LT","@id":"https:\/\/ibc.ee\/lt\/product\/plastikinis-bugnas-125l\/#primaryimage","url":"https:\/\/ibc.ee\/wp-content\/uploads\/2022\/05\/Plastiktunn_125l_sinine.jpg","contentUrl":"https:\/\/ibc.ee\/wp-content\/uploads\/2022\/05\/Plastiktunn_125l_sinine.jpg","width":709,"height":709,"caption":"Plastikinis b\u016bgnas 125L"},{"@type":"BreadcrumbList","@id":"https:\/\/ibc.ee\/lt\/product\/plastikinis-bugnas-125l\/#breadcrumb","itemListElement":[{"@type":"ListItem","position":1,"name":"\u0413\u043b\u0430\u0432\u043d\u0430\u044f \u0441\u0442\u0440\u0430\u043d\u0438\u0446\u0430","item":"https:\/\/ibc.ee\/lt\/"},{"@type":"ListItem","position":2,"name":"Parduotuv\u0117","item":"https:\/\/ibc.ee\/lt\/shop\/"},{"@type":"ListItem","position":3,"name":"Plastikinis b\u016bgnas 125L (naudotos)"}]},{"@type":"WebSite","@id":"https:\/\/www.ibc.ee\/lt\/#website","url":"https:\/\/www.ibc.ee\/lt\/","name":"IBC konteineri m&uuml;&uuml;k, vaadid, kraanid, mahutid","description":"IBC - Tank container valve, Adapters\\fittings, Intermediate bulk, container, Drums\/cans","potentialAction":[{"@type":"SearchAction","target":{"@type":"EntryPoint","urlTemplate":"https:\/\/www.ibc.ee\/lt\/?s={search_term_string}"},"query-input":{"@type":"PropertyValueSpecification","valueRequired":true,"valueName":"search_term_string"}}],"inLanguage":"lt-LT"}]}},"_links":{"self":[{"href":"https:\/\/ibc.ee\/lt\/wp-json\/wp\/v2\/product\/20819","targetHints":{"allow":["GET"]}}],"collection":[{"href":"https:\/\/ibc.ee\/lt\/wp-json\/wp\/v2\/product"}],"about":[{"href":"https:\/\/ibc.ee\/lt\/wp-json\/wp\/v2\/types\/product"}],"wp:featuredmedia":[{"embeddable":true,"href":"https:\/\/ibc.ee\/lt\/wp-json\/wp\/v2\/media\/20826"}],"wp:attachment":[{"href":"https:\/\/ibc.ee\/lt\/wp-json\/wp\/v2\/media?parent=20819"}],"wp:term":[{"taxonomy":"product_brand","embeddable":true,"href":"https:\/\/ibc.ee\/lt\/wp-json\/wp\/v2\/product_brand?post=20819"},{"taxonomy":"product_cat","embeddable":true,"href":"https:\/\/ibc.ee\/lt\/wp-json\/wp\/v2\/product_cat?post=20819"},{"taxonomy":"product_tag","embeddable":true,"href":"https:\/\/ibc.ee\/lt\/wp-json\/wp\/v2\/product_tag?post=20819"}],"curies":[{"name":"wp","href":"https:\/\/api.w.org\/{rel}","templated":true}]}}