{"id":20877,"date":"2022-06-09T09:30:04","date_gmt":"2022-06-09T07:30:05","guid":{"rendered":"https:\/\/ibc.ee\/?post_type=product&#038;p=20877"},"modified":"2022-06-09T09:49:15","modified_gmt":"2022-06-09T07:49:15","slug":"ibc-tank-konteineriu-daugiasluoksniams-62mm-voztuvas-dn40","status":"publish","type":"product","link":"https:\/\/ibc.ee\/lt\/product\/ibc-tank-konteineriu-daugiasluoksniams-62mm-voztuvas-dn40\/","title":{"rendered":"IBC Tank konteineri\u0173 daugiasluoksniams 62mm vo\u017etuvas DN40"},"content":{"rendered":"<p>IBC Tank konteineri\u0173 daugiasluoksniams 62mm vo\u017etuvas DN40<\/p>\n","protected":false},"excerpt":{"rendered":"<p>IBC Tank konteineri\u0173 daugiasluoksniams 62mm vo\u017etuvas DN40<\/p>\n","protected":false},"featured_media":16693,"template":"","meta":[],"product_brand":[],"product_cat":[322],"product_tag":[],"class_list":{"0":"post-20877","1":"product","2":"type-product","3":"status-publish","4":"has-post-thumbnail","6":"product_cat-tank-konteineriu-voztuvas-ibc-konteineris","7":"product_shipping_class-omniva-lt","9":"first","10":"instock","11":"taxable","12":"shipping-taxable","13":"purchasable","14":"product-type-simple"},"yoast_head":"<!-- This site is optimized with the Yoast SEO plugin v26.9 - https:\/\/yoast.com\/product\/yoast-seo-wordpress\/ -->\n<title>IBC Tank konteineri\u0173 daugiasluoksniams 62mm vo\u017etuvas DN40 - IBC konteineri m&uuml;&uuml;k, vaadid, kraanid, mahutid<\/title>\n<meta name=\"description\" content=\"IBC Tank konteineri\u0173 daugiasluoksniams 62mm vo\u017etuvas DN40\" \/>\n<meta name=\"robots\" content=\"index, follow, max-snippet:-1, max-image-preview:large, max-video-preview:-1\" \/>\n<link rel=\"canonical\" href=\"https:\/\/ibc.ee\/lt\/product\/ibc-tank-konteineriu-daugiasluoksniams-62mm-voztuvas-dn40\/\" \/>\n<meta property=\"og:locale\" content=\"lt_LT\" \/>\n<meta property=\"og:type\" content=\"article\" \/>\n<meta property=\"og:title\" content=\"IBC Tank konteineri\u0173 daugiasluoksniams 62mm vo\u017etuvas DN40 - IBC konteineri m&uuml;&uuml;k, vaadid, kraanid, mahutid\" \/>\n<meta property=\"og:description\" content=\"IBC Tank konteineri\u0173 daugiasluoksniams 62mm vo\u017etuvas DN40\" \/>\n<meta property=\"og:url\" content=\"https:\/\/ibc.ee\/lt\/product\/ibc-tank-konteineriu-daugiasluoksniams-62mm-voztuvas-dn40\/\" \/>\n<meta property=\"og:site_name\" content=\"IBC konteineri m&uuml;&uuml;k, vaadid, kraanid, mahutid\" \/>\n<meta property=\"article:modified_time\" content=\"2022-06-09T07:49:15+00:00\" \/>\n<meta property=\"og:image\" content=\"https:\/\/ibc.ee\/wp-content\/uploads\/2018\/06\/P5219505.jpg\" \/>\n\t<meta property=\"og:image:width\" content=\"2736\" \/>\n\t<meta property=\"og:image:height\" content=\"2736\" \/>\n\t<meta property=\"og:image:type\" content=\"image\/jpeg\" \/>\n<meta name=\"twitter:card\" content=\"summary_large_image\" \/>\n<script type=\"application\/ld+json\" class=\"yoast-schema-graph\">{\"@context\":\"https:\/\/schema.org\",\"@graph\":[{\"@type\":\"WebPage\",\"@id\":\"https:\/\/ibc.ee\/lt\/product\/ibc-tank-konteineriu-daugiasluoksniams-62mm-voztuvas-dn40\/\",\"url\":\"https:\/\/ibc.ee\/lt\/product\/ibc-tank-konteineriu-daugiasluoksniams-62mm-voztuvas-dn40\/\",\"name\":\"IBC Tank konteineri\u0173 daugiasluoksniams 62mm vo\u017etuvas DN40 - IBC konteineri m&uuml;&uuml;k, vaadid, kraanid, mahutid\",\"isPartOf\":{\"@id\":\"https:\/\/www.ibc.ee\/lt\/#website\"},\"primaryImageOfPage\":{\"@id\":\"https:\/\/ibc.ee\/lt\/product\/ibc-tank-konteineriu-daugiasluoksniams-62mm-voztuvas-dn40\/#primaryimage\"},\"image\":{\"@id\":\"https:\/\/ibc.ee\/lt\/product\/ibc-tank-konteineriu-daugiasluoksniams-62mm-voztuvas-dn40\/#primaryimage\"},\"thumbnailUrl\":\"https:\/\/ibc.ee\/wp-content\/uploads\/2018\/06\/P5219505.jpg\",\"datePublished\":\"2022-06-09T07:30:05+00:00\",\"dateModified\":\"2022-06-09T07:49:15+00:00\",\"description\":\"IBC Tank konteineri\u0173 daugiasluoksniams 62mm vo\u017etuvas DN40\",\"breadcrumb\":{\"@id\":\"https:\/\/ibc.ee\/lt\/product\/ibc-tank-konteineriu-daugiasluoksniams-62mm-voztuvas-dn40\/#breadcrumb\"},\"inLanguage\":\"lt-LT\",\"potentialAction\":[{\"@type\":\"ReadAction\",\"target\":[\"https:\/\/ibc.ee\/lt\/product\/ibc-tank-konteineriu-daugiasluoksniams-62mm-voztuvas-dn40\/\"]}]},{\"@type\":\"ImageObject\",\"inLanguage\":\"lt-LT\",\"@id\":\"https:\/\/ibc.ee\/lt\/product\/ibc-tank-konteineriu-daugiasluoksniams-62mm-voztuvas-dn40\/#primaryimage\",\"url\":\"https:\/\/ibc.ee\/wp-content\/uploads\/2018\/06\/P5219505.jpg\",\"contentUrl\":\"https:\/\/ibc.ee\/wp-content\/uploads\/2018\/06\/P5219505.jpg\",\"width\":2736,\"height\":2736,\"caption\":\"IBC Tank konteineri\u0173 daugiasluoksniams 62mm vo\u017etuvas DN40\"},{\"@type\":\"BreadcrumbList\",\"@id\":\"https:\/\/ibc.ee\/lt\/product\/ibc-tank-konteineriu-daugiasluoksniams-62mm-voztuvas-dn40\/#breadcrumb\",\"itemListElement\":[{\"@type\":\"ListItem\",\"position\":1,\"name\":\"\u0413\u043b\u0430\u0432\u043d\u0430\u044f \u0441\u0442\u0440\u0430\u043d\u0438\u0446\u0430\",\"item\":\"https:\/\/ibc.ee\/lt\/\"},{\"@type\":\"ListItem\",\"position\":2,\"name\":\"Parduotuv\u0117\",\"item\":\"https:\/\/ibc.ee\/lt\/shop\/\"},{\"@type\":\"ListItem\",\"position\":3,\"name\":\"IBC Tank konteineri\u0173 daugiasluoksniams 62mm vo\u017etuvas DN40\"}]},{\"@type\":\"WebSite\",\"@id\":\"https:\/\/www.ibc.ee\/lt\/#website\",\"url\":\"https:\/\/www.ibc.ee\/lt\/\",\"name\":\"IBC konteineri m&uuml;&uuml;k, vaadid, kraanid, mahutid\",\"description\":\"IBC - Tank container valve, Adapters\\\\fittings, Intermediate bulk, container, Drums\/cans\",\"potentialAction\":[{\"@type\":\"SearchAction\",\"target\":{\"@type\":\"EntryPoint\",\"urlTemplate\":\"https:\/\/www.ibc.ee\/lt\/?s={search_term_string}\"},\"query-input\":{\"@type\":\"PropertyValueSpecification\",\"valueRequired\":true,\"valueName\":\"search_term_string\"}}],\"inLanguage\":\"lt-LT\"}]}<\/script>\n<!-- \/ Yoast SEO plugin. -->","yoast_head_json":{"title":"IBC Tank konteineri\u0173 daugiasluoksniams 62mm vo\u017etuvas DN40 - IBC konteineri m&uuml;&uuml;k, vaadid, kraanid, mahutid","description":"IBC Tank konteineri\u0173 daugiasluoksniams 62mm vo\u017etuvas DN40","robots":{"index":"index","follow":"follow","max-snippet":"max-snippet:-1","max-image-preview":"max-image-preview:large","max-video-preview":"max-video-preview:-1"},"canonical":"https:\/\/ibc.ee\/lt\/product\/ibc-tank-konteineriu-daugiasluoksniams-62mm-voztuvas-dn40\/","og_locale":"lt_LT","og_type":"article","og_title":"IBC Tank konteineri\u0173 daugiasluoksniams 62mm vo\u017etuvas DN40 - IBC konteineri m&uuml;&uuml;k, vaadid, kraanid, mahutid","og_description":"IBC Tank konteineri\u0173 daugiasluoksniams 62mm vo\u017etuvas DN40","og_url":"https:\/\/ibc.ee\/lt\/product\/ibc-tank-konteineriu-daugiasluoksniams-62mm-voztuvas-dn40\/","og_site_name":"IBC konteineri m&uuml;&uuml;k, vaadid, kraanid, mahutid","article_modified_time":"2022-06-09T07:49:15+00:00","og_image":[{"width":2736,"height":2736,"url":"https:\/\/ibc.ee\/wp-content\/uploads\/2018\/06\/P5219505.jpg","type":"image\/jpeg"}],"twitter_card":"summary_large_image","schema":{"@context":"https:\/\/schema.org","@graph":[{"@type":"WebPage","@id":"https:\/\/ibc.ee\/lt\/product\/ibc-tank-konteineriu-daugiasluoksniams-62mm-voztuvas-dn40\/","url":"https:\/\/ibc.ee\/lt\/product\/ibc-tank-konteineriu-daugiasluoksniams-62mm-voztuvas-dn40\/","name":"IBC Tank konteineri\u0173 daugiasluoksniams 62mm vo\u017etuvas DN40 - IBC konteineri m&uuml;&uuml;k, vaadid, kraanid, mahutid","isPartOf":{"@id":"https:\/\/www.ibc.ee\/lt\/#website"},"primaryImageOfPage":{"@id":"https:\/\/ibc.ee\/lt\/product\/ibc-tank-konteineriu-daugiasluoksniams-62mm-voztuvas-dn40\/#primaryimage"},"image":{"@id":"https:\/\/ibc.ee\/lt\/product\/ibc-tank-konteineriu-daugiasluoksniams-62mm-voztuvas-dn40\/#primaryimage"},"thumbnailUrl":"https:\/\/ibc.ee\/wp-content\/uploads\/2018\/06\/P5219505.jpg","datePublished":"2022-06-09T07:30:05+00:00","dateModified":"2022-06-09T07:49:15+00:00","description":"IBC Tank konteineri\u0173 daugiasluoksniams 62mm vo\u017etuvas DN40","breadcrumb":{"@id":"https:\/\/ibc.ee\/lt\/product\/ibc-tank-konteineriu-daugiasluoksniams-62mm-voztuvas-dn40\/#breadcrumb"},"inLanguage":"lt-LT","potentialAction":[{"@type":"ReadAction","target":["https:\/\/ibc.ee\/lt\/product\/ibc-tank-konteineriu-daugiasluoksniams-62mm-voztuvas-dn40\/"]}]},{"@type":"ImageObject","inLanguage":"lt-LT","@id":"https:\/\/ibc.ee\/lt\/product\/ibc-tank-konteineriu-daugiasluoksniams-62mm-voztuvas-dn40\/#primaryimage","url":"https:\/\/ibc.ee\/wp-content\/uploads\/2018\/06\/P5219505.jpg","contentUrl":"https:\/\/ibc.ee\/wp-content\/uploads\/2018\/06\/P5219505.jpg","width":2736,"height":2736,"caption":"IBC Tank konteineri\u0173 daugiasluoksniams 62mm vo\u017etuvas DN40"},{"@type":"BreadcrumbList","@id":"https:\/\/ibc.ee\/lt\/product\/ibc-tank-konteineriu-daugiasluoksniams-62mm-voztuvas-dn40\/#breadcrumb","itemListElement":[{"@type":"ListItem","position":1,"name":"\u0413\u043b\u0430\u0432\u043d\u0430\u044f \u0441\u0442\u0440\u0430\u043d\u0438\u0446\u0430","item":"https:\/\/ibc.ee\/lt\/"},{"@type":"ListItem","position":2,"name":"Parduotuv\u0117","item":"https:\/\/ibc.ee\/lt\/shop\/"},{"@type":"ListItem","position":3,"name":"IBC Tank konteineri\u0173 daugiasluoksniams 62mm vo\u017etuvas DN40"}]},{"@type":"WebSite","@id":"https:\/\/www.ibc.ee\/lt\/#website","url":"https:\/\/www.ibc.ee\/lt\/","name":"IBC konteineri m&uuml;&uuml;k, vaadid, kraanid, mahutid","description":"IBC - Tank container valve, Adapters\\fittings, Intermediate bulk, container, Drums\/cans","potentialAction":[{"@type":"SearchAction","target":{"@type":"EntryPoint","urlTemplate":"https:\/\/www.ibc.ee\/lt\/?s={search_term_string}"},"query-input":{"@type":"PropertyValueSpecification","valueRequired":true,"valueName":"search_term_string"}}],"inLanguage":"lt-LT"}]}},"_links":{"self":[{"href":"https:\/\/ibc.ee\/lt\/wp-json\/wp\/v2\/product\/20877","targetHints":{"allow":["GET"]}}],"collection":[{"href":"https:\/\/ibc.ee\/lt\/wp-json\/wp\/v2\/product"}],"about":[{"href":"https:\/\/ibc.ee\/lt\/wp-json\/wp\/v2\/types\/product"}],"wp:featuredmedia":[{"embeddable":true,"href":"https:\/\/ibc.ee\/lt\/wp-json\/wp\/v2\/media\/16693"}],"wp:attachment":[{"href":"https:\/\/ibc.ee\/lt\/wp-json\/wp\/v2\/media?parent=20877"}],"wp:term":[{"taxonomy":"product_brand","embeddable":true,"href":"https:\/\/ibc.ee\/lt\/wp-json\/wp\/v2\/product_brand?post=20877"},{"taxonomy":"product_cat","embeddable":true,"href":"https:\/\/ibc.ee\/lt\/wp-json\/wp\/v2\/product_cat?post=20877"},{"taxonomy":"product_tag","embeddable":true,"href":"https:\/\/ibc.ee\/lt\/wp-json\/wp\/v2\/product_tag?post=20877"}],"curies":[{"name":"wp","href":"https:\/\/api.w.org\/{rel}","templated":true}]}}