{"id":21092,"date":"2024-04-18T17:42:43","date_gmt":"2024-04-18T15:42:44","guid":{"rendered":"https:\/\/ibc.ee\/?post_type=product&#038;p=21092"},"modified":"2025-06-26T15:01:46","modified_gmt":"2025-06-26T13:01:46","slug":"uhp-bakas-cisteron-g-85-85l-copia","status":"publish","type":"product","link":"https:\/\/ibc.ee\/lt\/product\/uhp-bakas-cisteron-g-85-85l-copia\/","title":{"rendered":"UHP bakas Cisteron G-150 (150L)"},"content":{"rendered":"<p>Horizontalus polietileno bakas. Jo talpa 150 litr\u0173, auk\u0161tis 58 cm, ilgis 70 cm, plotis 58 cm. Tinka \u012fvairiems skys\u010diams laikyti, \u012fsk. lietus ir geriamasis vanduo, dyzelinas, chemikalai. Bako tvirtum\u0105 u\u017etikrina gaminio forma.<\/p>\n<p>Apatin\u0117je dalyje yra 3\/4 skersmens sriegin\u0117 anga (pradin\u0117je b\u016bsenoje ji u\u017epildyta plastiku).<\/p>\n<p>Bakas turi Lenkijos higienos sertifikat\u0105 PZH, leid\u017eiant\u012f laikyti geriam\u0105j\u012f vanden\u012f.<\/p>\n","protected":false},"excerpt":{"rendered":"<p>Funkcijos<br \/>\nTalpa: 150 l<br \/>\nAuk\u0161tis: 58 cm<br \/>\nIlgis: 70 cm<br \/>\nPlotis: 58 cm<br \/>\nDang\u010dio skersmuo: 22 cm<br \/>\nSienel\u0117s storis: 3,5 mm<br \/>\nJungties sriegis: 3\/4 colio.<br \/>\nMed\u017eiaga<br \/>\n&#8211; Auk\u0161tos kokyb\u0117s polietilenas<br \/>\n&#8211; Labai didelis patvarumas<br \/>\n&#8211; Atsparus kritin\u0117ms temperat\u016broms (nuo -40\u00b0\u0421 iki +60\u00b0\u0421)<br \/>\n&#8211; Tinka maisto laikymui<br \/>\n&#8211; Atsparus UV spinduliams<\/p>\n","protected":false},"featured_media":21099,"template":"","meta":[],"product_brand":[],"product_cat":[425],"product_tag":[],"class_list":{"0":"post-21092","1":"product","2":"type-product","3":"status-publish","4":"has-post-thumbnail","6":"product_cat-uhp-cisternos","7":"product_shipping_class-containers-lt","9":"first","10":"onbackorder","11":"taxable","12":"shipping-taxable","13":"product-type-simple"},"yoast_head":"<!-- This site is optimized with the Yoast SEO plugin v26.9 - https:\/\/yoast.com\/product\/yoast-seo-wordpress\/ -->\n<title>UHP bakas Cisteron G-150 (150L) - IBC konteineri m&uuml;&uuml;k, vaadid, kraanid, mahutid<\/title>\n<meta name=\"description\" content=\"Horizontalus polietileno bakas. Jo talpa 150 litr\u0173, auk\u0161tis 58 cm, ilgis 70 cm, plotis 58 cm. Tinka \u012fvairiems skys\u010diams laikyti, \u012fskaitant. lietus ir geriamasis vanduo, dyzelinas, chemikalai.\" \/>\n<meta name=\"robots\" content=\"index, follow, max-snippet:-1, max-image-preview:large, max-video-preview:-1\" \/>\n<link rel=\"canonical\" href=\"https:\/\/ibc.ee\/lt\/product\/uhp-bakas-cisteron-g-85-85l-copia\/\" \/>\n<meta property=\"og:locale\" content=\"lt_LT\" \/>\n<meta property=\"og:type\" content=\"article\" \/>\n<meta property=\"og:title\" content=\"UHP bakas Cisteron G-150 (150L) - IBC konteineri m&uuml;&uuml;k, vaadid, kraanid, mahutid\" \/>\n<meta property=\"og:description\" content=\"Horizontalus polietileno bakas. Jo talpa 150 litr\u0173, auk\u0161tis 58 cm, ilgis 70 cm, plotis 58 cm. Tinka \u012fvairiems skys\u010diams laikyti, \u012fskaitant. lietus ir geriamasis vanduo, dyzelinas, chemikalai.\" \/>\n<meta property=\"og:url\" content=\"https:\/\/ibc.ee\/lt\/product\/uhp-bakas-cisteron-g-85-85l-copia\/\" \/>\n<meta property=\"og:site_name\" content=\"IBC konteineri m&uuml;&uuml;k, vaadid, kraanid, mahutid\" \/>\n<meta property=\"article:modified_time\" content=\"2025-06-26T13:01:46+00:00\" \/>\n<meta property=\"og:image\" content=\"https:\/\/ibc.ee\/wp-content\/uploads\/2024\/04\/UHP-Cisteron-g-150.jpg\" \/>\n\t<meta property=\"og:image:width\" content=\"1000\" \/>\n\t<meta property=\"og:image:height\" content=\"1000\" \/>\n\t<meta property=\"og:image:type\" content=\"image\/jpeg\" \/>\n<meta name=\"twitter:card\" content=\"summary_large_image\" \/>\n<meta name=\"twitter:label1\" content=\"Est. reading time\" \/>\n\t<meta name=\"twitter:data1\" content=\"1 minut\u0117\" \/>\n<script type=\"application\/ld+json\" class=\"yoast-schema-graph\">{\"@context\":\"https:\/\/schema.org\",\"@graph\":[{\"@type\":\"WebPage\",\"@id\":\"https:\/\/ibc.ee\/lt\/product\/uhp-bakas-cisteron-g-85-85l-copia\/\",\"url\":\"https:\/\/ibc.ee\/lt\/product\/uhp-bakas-cisteron-g-85-85l-copia\/\",\"name\":\"UHP bakas Cisteron G-150 (150L) - IBC konteineri m&uuml;&uuml;k, vaadid, kraanid, mahutid\",\"isPartOf\":{\"@id\":\"https:\/\/www.ibc.ee\/lt\/#website\"},\"primaryImageOfPage\":{\"@id\":\"https:\/\/ibc.ee\/lt\/product\/uhp-bakas-cisteron-g-85-85l-copia\/#primaryimage\"},\"image\":{\"@id\":\"https:\/\/ibc.ee\/lt\/product\/uhp-bakas-cisteron-g-85-85l-copia\/#primaryimage\"},\"thumbnailUrl\":\"https:\/\/ibc.ee\/wp-content\/uploads\/2024\/04\/UHP-Cisteron-g-150.jpg\",\"datePublished\":\"2024-04-18T15:42:44+00:00\",\"dateModified\":\"2025-06-26T13:01:46+00:00\",\"description\":\"Horizontalus polietileno bakas. Jo talpa 150 litr\u0173, auk\u0161tis 58 cm, ilgis 70 cm, plotis 58 cm. Tinka \u012fvairiems skys\u010diams laikyti, \u012fskaitant. lietus ir geriamasis vanduo, dyzelinas, chemikalai.\",\"breadcrumb\":{\"@id\":\"https:\/\/ibc.ee\/lt\/product\/uhp-bakas-cisteron-g-85-85l-copia\/#breadcrumb\"},\"inLanguage\":\"lt-LT\",\"potentialAction\":[{\"@type\":\"ReadAction\",\"target\":[\"https:\/\/ibc.ee\/lt\/product\/uhp-bakas-cisteron-g-85-85l-copia\/\"]}]},{\"@type\":\"ImageObject\",\"inLanguage\":\"lt-LT\",\"@id\":\"https:\/\/ibc.ee\/lt\/product\/uhp-bakas-cisteron-g-85-85l-copia\/#primaryimage\",\"url\":\"https:\/\/ibc.ee\/wp-content\/uploads\/2024\/04\/UHP-Cisteron-g-150.jpg\",\"contentUrl\":\"https:\/\/ibc.ee\/wp-content\/uploads\/2024\/04\/UHP-Cisteron-g-150.jpg\",\"width\":1000,\"height\":1000,\"caption\":\"UHP bakas Cisteron G-150 (150L)\"},{\"@type\":\"BreadcrumbList\",\"@id\":\"https:\/\/ibc.ee\/lt\/product\/uhp-bakas-cisteron-g-85-85l-copia\/#breadcrumb\",\"itemListElement\":[{\"@type\":\"ListItem\",\"position\":1,\"name\":\"\u0413\u043b\u0430\u0432\u043d\u0430\u044f \u0441\u0442\u0440\u0430\u043d\u0438\u0446\u0430\",\"item\":\"https:\/\/ibc.ee\/lt\/\"},{\"@type\":\"ListItem\",\"position\":2,\"name\":\"Parduotuv\u0117\",\"item\":\"https:\/\/ibc.ee\/lt\/shop\/\"},{\"@type\":\"ListItem\",\"position\":3,\"name\":\"UHP bakas Cisteron G-150 (150L)\"}]},{\"@type\":\"WebSite\",\"@id\":\"https:\/\/www.ibc.ee\/lt\/#website\",\"url\":\"https:\/\/www.ibc.ee\/lt\/\",\"name\":\"IBC konteineri m&uuml;&uuml;k, vaadid, kraanid, mahutid\",\"description\":\"IBC - Tank container valve, Adapters\\\\fittings, Intermediate bulk, container, Drums\/cans\",\"potentialAction\":[{\"@type\":\"SearchAction\",\"target\":{\"@type\":\"EntryPoint\",\"urlTemplate\":\"https:\/\/www.ibc.ee\/lt\/?s={search_term_string}\"},\"query-input\":{\"@type\":\"PropertyValueSpecification\",\"valueRequired\":true,\"valueName\":\"search_term_string\"}}],\"inLanguage\":\"lt-LT\"}]}<\/script>\n<!-- \/ Yoast SEO plugin. -->","yoast_head_json":{"title":"UHP bakas Cisteron G-150 (150L) - IBC konteineri m&uuml;&uuml;k, vaadid, kraanid, mahutid","description":"Horizontalus polietileno bakas. Jo talpa 150 litr\u0173, auk\u0161tis 58 cm, ilgis 70 cm, plotis 58 cm. Tinka \u012fvairiems skys\u010diams laikyti, \u012fskaitant. lietus ir geriamasis vanduo, dyzelinas, chemikalai.","robots":{"index":"index","follow":"follow","max-snippet":"max-snippet:-1","max-image-preview":"max-image-preview:large","max-video-preview":"max-video-preview:-1"},"canonical":"https:\/\/ibc.ee\/lt\/product\/uhp-bakas-cisteron-g-85-85l-copia\/","og_locale":"lt_LT","og_type":"article","og_title":"UHP bakas Cisteron G-150 (150L) - IBC konteineri m&uuml;&uuml;k, vaadid, kraanid, mahutid","og_description":"Horizontalus polietileno bakas. Jo talpa 150 litr\u0173, auk\u0161tis 58 cm, ilgis 70 cm, plotis 58 cm. Tinka \u012fvairiems skys\u010diams laikyti, \u012fskaitant. lietus ir geriamasis vanduo, dyzelinas, chemikalai.","og_url":"https:\/\/ibc.ee\/lt\/product\/uhp-bakas-cisteron-g-85-85l-copia\/","og_site_name":"IBC konteineri m&uuml;&uuml;k, vaadid, kraanid, mahutid","article_modified_time":"2025-06-26T13:01:46+00:00","og_image":[{"width":1000,"height":1000,"url":"https:\/\/ibc.ee\/wp-content\/uploads\/2024\/04\/UHP-Cisteron-g-150.jpg","type":"image\/jpeg"}],"twitter_card":"summary_large_image","twitter_misc":{"Est. reading time":"1 minut\u0117"},"schema":{"@context":"https:\/\/schema.org","@graph":[{"@type":"WebPage","@id":"https:\/\/ibc.ee\/lt\/product\/uhp-bakas-cisteron-g-85-85l-copia\/","url":"https:\/\/ibc.ee\/lt\/product\/uhp-bakas-cisteron-g-85-85l-copia\/","name":"UHP bakas Cisteron G-150 (150L) - IBC konteineri m&uuml;&uuml;k, vaadid, kraanid, mahutid","isPartOf":{"@id":"https:\/\/www.ibc.ee\/lt\/#website"},"primaryImageOfPage":{"@id":"https:\/\/ibc.ee\/lt\/product\/uhp-bakas-cisteron-g-85-85l-copia\/#primaryimage"},"image":{"@id":"https:\/\/ibc.ee\/lt\/product\/uhp-bakas-cisteron-g-85-85l-copia\/#primaryimage"},"thumbnailUrl":"https:\/\/ibc.ee\/wp-content\/uploads\/2024\/04\/UHP-Cisteron-g-150.jpg","datePublished":"2024-04-18T15:42:44+00:00","dateModified":"2025-06-26T13:01:46+00:00","description":"Horizontalus polietileno bakas. Jo talpa 150 litr\u0173, auk\u0161tis 58 cm, ilgis 70 cm, plotis 58 cm. Tinka \u012fvairiems skys\u010diams laikyti, \u012fskaitant. lietus ir geriamasis vanduo, dyzelinas, chemikalai.","breadcrumb":{"@id":"https:\/\/ibc.ee\/lt\/product\/uhp-bakas-cisteron-g-85-85l-copia\/#breadcrumb"},"inLanguage":"lt-LT","potentialAction":[{"@type":"ReadAction","target":["https:\/\/ibc.ee\/lt\/product\/uhp-bakas-cisteron-g-85-85l-copia\/"]}]},{"@type":"ImageObject","inLanguage":"lt-LT","@id":"https:\/\/ibc.ee\/lt\/product\/uhp-bakas-cisteron-g-85-85l-copia\/#primaryimage","url":"https:\/\/ibc.ee\/wp-content\/uploads\/2024\/04\/UHP-Cisteron-g-150.jpg","contentUrl":"https:\/\/ibc.ee\/wp-content\/uploads\/2024\/04\/UHP-Cisteron-g-150.jpg","width":1000,"height":1000,"caption":"UHP bakas Cisteron G-150 (150L)"},{"@type":"BreadcrumbList","@id":"https:\/\/ibc.ee\/lt\/product\/uhp-bakas-cisteron-g-85-85l-copia\/#breadcrumb","itemListElement":[{"@type":"ListItem","position":1,"name":"\u0413\u043b\u0430\u0432\u043d\u0430\u044f \u0441\u0442\u0440\u0430\u043d\u0438\u0446\u0430","item":"https:\/\/ibc.ee\/lt\/"},{"@type":"ListItem","position":2,"name":"Parduotuv\u0117","item":"https:\/\/ibc.ee\/lt\/shop\/"},{"@type":"ListItem","position":3,"name":"UHP bakas Cisteron G-150 (150L)"}]},{"@type":"WebSite","@id":"https:\/\/www.ibc.ee\/lt\/#website","url":"https:\/\/www.ibc.ee\/lt\/","name":"IBC konteineri m&uuml;&uuml;k, vaadid, kraanid, mahutid","description":"IBC - Tank container valve, Adapters\\fittings, Intermediate bulk, container, Drums\/cans","potentialAction":[{"@type":"SearchAction","target":{"@type":"EntryPoint","urlTemplate":"https:\/\/www.ibc.ee\/lt\/?s={search_term_string}"},"query-input":{"@type":"PropertyValueSpecification","valueRequired":true,"valueName":"search_term_string"}}],"inLanguage":"lt-LT"}]}},"_links":{"self":[{"href":"https:\/\/ibc.ee\/lt\/wp-json\/wp\/v2\/product\/21092","targetHints":{"allow":["GET"]}}],"collection":[{"href":"https:\/\/ibc.ee\/lt\/wp-json\/wp\/v2\/product"}],"about":[{"href":"https:\/\/ibc.ee\/lt\/wp-json\/wp\/v2\/types\/product"}],"wp:featuredmedia":[{"embeddable":true,"href":"https:\/\/ibc.ee\/lt\/wp-json\/wp\/v2\/media\/21099"}],"wp:attachment":[{"href":"https:\/\/ibc.ee\/lt\/wp-json\/wp\/v2\/media?parent=21092"}],"wp:term":[{"taxonomy":"product_brand","embeddable":true,"href":"https:\/\/ibc.ee\/lt\/wp-json\/wp\/v2\/product_brand?post=21092"},{"taxonomy":"product_cat","embeddable":true,"href":"https:\/\/ibc.ee\/lt\/wp-json\/wp\/v2\/product_cat?post=21092"},{"taxonomy":"product_tag","embeddable":true,"href":"https:\/\/ibc.ee\/lt\/wp-json\/wp\/v2\/product_tag?post=21092"}],"curies":[{"name":"wp","href":"https:\/\/api.w.org\/{rel}","templated":true}]}}