{"id":22026,"date":"2024-05-07T19:29:48","date_gmt":"2024-05-07T17:29:49","guid":{"rendered":"https:\/\/ibc.ee\/?post_type=product&#038;p=22026"},"modified":"2025-06-26T18:18:26","modified_gmt":"2025-06-26T16:18:26","slug":"uhp-bakas-verticon-v-3000-3000l-copy","status":"publish","type":"product","link":"https:\/\/ibc.ee\/lt\/product\/uhp-bakas-verticon-v-3000-3000l-copy\/","title":{"rendered":"UHP bakas Verticon V-5000 (5000L)"},"content":{"rendered":"<p>Vertikalus polietileno bakas V-5000 yra patvarus bakas, kurio talpa 5000 litr\u0173, auk\u0161tis 214 cm ir skersmuo 185 cm. Tinka \u012fvairiems skys\u010diams laikyti, \u012fsk. lietus ir geriamasis vanduo, dyzelinas, chemikalai. Bako tvirtum\u0105 u\u017etikrina 18 standinimo \u017eied\u0173. Apa\u010dioje yra 1 1\/2 colio skersmens sriegin\u0117 skyl\u0117.<\/p>\n<p>D\u0117mesio! Pagal numatytuosius nustatymus jame yra dvi sriegin\u0117s skyl\u0117s \u2013 vir\u0161utin\u0117 ir apatin\u0117 (pradin\u0117je b\u016bsenoje u\u017esandarinta plastiku).<\/p>\n<p>Kliento pageidavimu galima \u012fdiegti papildom\u0105.<\/p>\n<p>Bakas turi Lenkijos higienos sertifikat\u0105 PZH, leid\u017eiant\u012f laikyti geriam\u0105j\u012f vanden\u012f.<\/p>\n","protected":false},"excerpt":{"rendered":"<p><strong>Funkcijos<\/strong><br \/>\nTalpa: 5000 l<br \/>\nAuk\u0161tis: 214 cm<br \/>\nSkersmuo: 185 cm.<br \/>\nKaklo skersmuo: 40 cm.<br \/>\nSienel\u0117s storis: 6 mm<br \/>\nJungties sriegis: 1 1\/2 colio.<\/p>\n<p><strong>Med\u017eiaga<\/strong><br \/>\n&#8211; Auk\u0161tos kokyb\u0117s polietilenas<br \/>\n&#8211; Labai didelis patvarumas<br \/>\n&#8211; Atsparus kritin\u0117ms temperat\u016broms (nuo -40\u00b0\u0421 iki +60\u00b0\u0421)<br \/>\n&#8211; Tinka maistui laikyti<br \/>\n&#8211; Atsparus UV spinduliams<\/p>\n","protected":false},"featured_media":22033,"template":"","meta":[],"product_brand":[],"product_cat":[425],"product_tag":[],"class_list":{"0":"post-22026","1":"product","2":"type-product","3":"status-publish","4":"has-post-thumbnail","6":"product_cat-uhp-cisternos","7":"product_shipping_class-containers-lt","9":"first","10":"instock","11":"taxable","12":"shipping-taxable","13":"purchasable","14":"product-type-simple"},"yoast_head":"<!-- This site is optimized with the Yoast SEO plugin v26.9 - https:\/\/yoast.com\/product\/yoast-seo-wordpress\/ -->\n<title>UHP bakas Verticon V-5000 (5000L) - IBC konteineri m&uuml;&uuml;k, vaadid, kraanid, mahutid<\/title>\n<meta name=\"description\" content=\"Vertikalus polietileno bakas V-5000 yra patvarus bakas, kurio talpa 5000 litr\u0173, auk\u0161tis 214 cm ir skersmuo 185 cm.\" \/>\n<meta name=\"robots\" content=\"index, follow, max-snippet:-1, max-image-preview:large, max-video-preview:-1\" \/>\n<link rel=\"canonical\" href=\"https:\/\/ibc.ee\/lt\/product\/uhp-bakas-verticon-v-3000-3000l-copy\/\" \/>\n<meta property=\"og:locale\" content=\"lt_LT\" \/>\n<meta property=\"og:type\" content=\"article\" \/>\n<meta property=\"og:title\" content=\"UHP bakas Verticon V-5000 (5000L) - IBC konteineri m&uuml;&uuml;k, vaadid, kraanid, mahutid\" \/>\n<meta property=\"og:description\" content=\"Vertikalus polietileno bakas V-5000 yra patvarus bakas, kurio talpa 5000 litr\u0173, auk\u0161tis 214 cm ir skersmuo 185 cm.\" \/>\n<meta property=\"og:url\" content=\"https:\/\/ibc.ee\/lt\/product\/uhp-bakas-verticon-v-3000-3000l-copy\/\" \/>\n<meta property=\"og:site_name\" content=\"IBC konteineri m&uuml;&uuml;k, vaadid, kraanid, mahutid\" \/>\n<meta property=\"article:modified_time\" content=\"2025-06-26T16:18:26+00:00\" \/>\n<meta property=\"og:image\" content=\"https:\/\/ibc.ee\/wp-content\/uploads\/2024\/05\/UHP_VERTICON_V_5000.jpg\" \/>\n\t<meta property=\"og:image:width\" content=\"1000\" \/>\n\t<meta property=\"og:image:height\" content=\"1000\" \/>\n\t<meta property=\"og:image:type\" content=\"image\/jpeg\" \/>\n<meta name=\"twitter:card\" content=\"summary_large_image\" \/>\n<meta name=\"twitter:label1\" content=\"Est. reading time\" \/>\n\t<meta name=\"twitter:data1\" content=\"1 minut\u0117\" \/>\n<script type=\"application\/ld+json\" class=\"yoast-schema-graph\">{\"@context\":\"https:\/\/schema.org\",\"@graph\":[{\"@type\":\"WebPage\",\"@id\":\"https:\/\/ibc.ee\/lt\/product\/uhp-bakas-verticon-v-3000-3000l-copy\/\",\"url\":\"https:\/\/ibc.ee\/lt\/product\/uhp-bakas-verticon-v-3000-3000l-copy\/\",\"name\":\"UHP bakas Verticon V-5000 (5000L) - IBC konteineri m&uuml;&uuml;k, vaadid, kraanid, mahutid\",\"isPartOf\":{\"@id\":\"https:\/\/www.ibc.ee\/lt\/#website\"},\"primaryImageOfPage\":{\"@id\":\"https:\/\/ibc.ee\/lt\/product\/uhp-bakas-verticon-v-3000-3000l-copy\/#primaryimage\"},\"image\":{\"@id\":\"https:\/\/ibc.ee\/lt\/product\/uhp-bakas-verticon-v-3000-3000l-copy\/#primaryimage\"},\"thumbnailUrl\":\"https:\/\/ibc.ee\/wp-content\/uploads\/2024\/05\/UHP_VERTICON_V_5000.jpg\",\"datePublished\":\"2024-05-07T17:29:49+00:00\",\"dateModified\":\"2025-06-26T16:18:26+00:00\",\"description\":\"Vertikalus polietileno bakas V-5000 yra patvarus bakas, kurio talpa 5000 litr\u0173, auk\u0161tis 214 cm ir skersmuo 185 cm.\",\"breadcrumb\":{\"@id\":\"https:\/\/ibc.ee\/lt\/product\/uhp-bakas-verticon-v-3000-3000l-copy\/#breadcrumb\"},\"inLanguage\":\"lt-LT\",\"potentialAction\":[{\"@type\":\"ReadAction\",\"target\":[\"https:\/\/ibc.ee\/lt\/product\/uhp-bakas-verticon-v-3000-3000l-copy\/\"]}]},{\"@type\":\"ImageObject\",\"inLanguage\":\"lt-LT\",\"@id\":\"https:\/\/ibc.ee\/lt\/product\/uhp-bakas-verticon-v-3000-3000l-copy\/#primaryimage\",\"url\":\"https:\/\/ibc.ee\/wp-content\/uploads\/2024\/05\/UHP_VERTICON_V_5000.jpg\",\"contentUrl\":\"https:\/\/ibc.ee\/wp-content\/uploads\/2024\/05\/UHP_VERTICON_V_5000.jpg\",\"width\":1000,\"height\":1000,\"caption\":\"UHP bakas Verticon V-5000 (5000L)\"},{\"@type\":\"BreadcrumbList\",\"@id\":\"https:\/\/ibc.ee\/lt\/product\/uhp-bakas-verticon-v-3000-3000l-copy\/#breadcrumb\",\"itemListElement\":[{\"@type\":\"ListItem\",\"position\":1,\"name\":\"\u0413\u043b\u0430\u0432\u043d\u0430\u044f \u0441\u0442\u0440\u0430\u043d\u0438\u0446\u0430\",\"item\":\"https:\/\/ibc.ee\/lt\/\"},{\"@type\":\"ListItem\",\"position\":2,\"name\":\"Parduotuv\u0117\",\"item\":\"https:\/\/ibc.ee\/lt\/shop\/\"},{\"@type\":\"ListItem\",\"position\":3,\"name\":\"UHP bakas Verticon V-5000 (5000L)\"}]},{\"@type\":\"WebSite\",\"@id\":\"https:\/\/www.ibc.ee\/lt\/#website\",\"url\":\"https:\/\/www.ibc.ee\/lt\/\",\"name\":\"IBC konteineri m&uuml;&uuml;k, vaadid, kraanid, mahutid\",\"description\":\"IBC - Tank container valve, Adapters\\\\fittings, Intermediate bulk, container, Drums\/cans\",\"potentialAction\":[{\"@type\":\"SearchAction\",\"target\":{\"@type\":\"EntryPoint\",\"urlTemplate\":\"https:\/\/www.ibc.ee\/lt\/?s={search_term_string}\"},\"query-input\":{\"@type\":\"PropertyValueSpecification\",\"valueRequired\":true,\"valueName\":\"search_term_string\"}}],\"inLanguage\":\"lt-LT\"}]}<\/script>\n<!-- \/ Yoast SEO plugin. -->","yoast_head_json":{"title":"UHP bakas Verticon V-5000 (5000L) - IBC konteineri m&uuml;&uuml;k, vaadid, kraanid, mahutid","description":"Vertikalus polietileno bakas V-5000 yra patvarus bakas, kurio talpa 5000 litr\u0173, auk\u0161tis 214 cm ir skersmuo 185 cm.","robots":{"index":"index","follow":"follow","max-snippet":"max-snippet:-1","max-image-preview":"max-image-preview:large","max-video-preview":"max-video-preview:-1"},"canonical":"https:\/\/ibc.ee\/lt\/product\/uhp-bakas-verticon-v-3000-3000l-copy\/","og_locale":"lt_LT","og_type":"article","og_title":"UHP bakas Verticon V-5000 (5000L) - IBC konteineri m&uuml;&uuml;k, vaadid, kraanid, mahutid","og_description":"Vertikalus polietileno bakas V-5000 yra patvarus bakas, kurio talpa 5000 litr\u0173, auk\u0161tis 214 cm ir skersmuo 185 cm.","og_url":"https:\/\/ibc.ee\/lt\/product\/uhp-bakas-verticon-v-3000-3000l-copy\/","og_site_name":"IBC konteineri m&uuml;&uuml;k, vaadid, kraanid, mahutid","article_modified_time":"2025-06-26T16:18:26+00:00","og_image":[{"width":1000,"height":1000,"url":"https:\/\/ibc.ee\/wp-content\/uploads\/2024\/05\/UHP_VERTICON_V_5000.jpg","type":"image\/jpeg"}],"twitter_card":"summary_large_image","twitter_misc":{"Est. reading time":"1 minut\u0117"},"schema":{"@context":"https:\/\/schema.org","@graph":[{"@type":"WebPage","@id":"https:\/\/ibc.ee\/lt\/product\/uhp-bakas-verticon-v-3000-3000l-copy\/","url":"https:\/\/ibc.ee\/lt\/product\/uhp-bakas-verticon-v-3000-3000l-copy\/","name":"UHP bakas Verticon V-5000 (5000L) - IBC konteineri m&uuml;&uuml;k, vaadid, kraanid, mahutid","isPartOf":{"@id":"https:\/\/www.ibc.ee\/lt\/#website"},"primaryImageOfPage":{"@id":"https:\/\/ibc.ee\/lt\/product\/uhp-bakas-verticon-v-3000-3000l-copy\/#primaryimage"},"image":{"@id":"https:\/\/ibc.ee\/lt\/product\/uhp-bakas-verticon-v-3000-3000l-copy\/#primaryimage"},"thumbnailUrl":"https:\/\/ibc.ee\/wp-content\/uploads\/2024\/05\/UHP_VERTICON_V_5000.jpg","datePublished":"2024-05-07T17:29:49+00:00","dateModified":"2025-06-26T16:18:26+00:00","description":"Vertikalus polietileno bakas V-5000 yra patvarus bakas, kurio talpa 5000 litr\u0173, auk\u0161tis 214 cm ir skersmuo 185 cm.","breadcrumb":{"@id":"https:\/\/ibc.ee\/lt\/product\/uhp-bakas-verticon-v-3000-3000l-copy\/#breadcrumb"},"inLanguage":"lt-LT","potentialAction":[{"@type":"ReadAction","target":["https:\/\/ibc.ee\/lt\/product\/uhp-bakas-verticon-v-3000-3000l-copy\/"]}]},{"@type":"ImageObject","inLanguage":"lt-LT","@id":"https:\/\/ibc.ee\/lt\/product\/uhp-bakas-verticon-v-3000-3000l-copy\/#primaryimage","url":"https:\/\/ibc.ee\/wp-content\/uploads\/2024\/05\/UHP_VERTICON_V_5000.jpg","contentUrl":"https:\/\/ibc.ee\/wp-content\/uploads\/2024\/05\/UHP_VERTICON_V_5000.jpg","width":1000,"height":1000,"caption":"UHP bakas Verticon V-5000 (5000L)"},{"@type":"BreadcrumbList","@id":"https:\/\/ibc.ee\/lt\/product\/uhp-bakas-verticon-v-3000-3000l-copy\/#breadcrumb","itemListElement":[{"@type":"ListItem","position":1,"name":"\u0413\u043b\u0430\u0432\u043d\u0430\u044f \u0441\u0442\u0440\u0430\u043d\u0438\u0446\u0430","item":"https:\/\/ibc.ee\/lt\/"},{"@type":"ListItem","position":2,"name":"Parduotuv\u0117","item":"https:\/\/ibc.ee\/lt\/shop\/"},{"@type":"ListItem","position":3,"name":"UHP bakas Verticon V-5000 (5000L)"}]},{"@type":"WebSite","@id":"https:\/\/www.ibc.ee\/lt\/#website","url":"https:\/\/www.ibc.ee\/lt\/","name":"IBC konteineri m&uuml;&uuml;k, vaadid, kraanid, mahutid","description":"IBC - Tank container valve, Adapters\\fittings, Intermediate bulk, container, Drums\/cans","potentialAction":[{"@type":"SearchAction","target":{"@type":"EntryPoint","urlTemplate":"https:\/\/www.ibc.ee\/lt\/?s={search_term_string}"},"query-input":{"@type":"PropertyValueSpecification","valueRequired":true,"valueName":"search_term_string"}}],"inLanguage":"lt-LT"}]}},"_links":{"self":[{"href":"https:\/\/ibc.ee\/lt\/wp-json\/wp\/v2\/product\/22026","targetHints":{"allow":["GET"]}}],"collection":[{"href":"https:\/\/ibc.ee\/lt\/wp-json\/wp\/v2\/product"}],"about":[{"href":"https:\/\/ibc.ee\/lt\/wp-json\/wp\/v2\/types\/product"}],"wp:featuredmedia":[{"embeddable":true,"href":"https:\/\/ibc.ee\/lt\/wp-json\/wp\/v2\/media\/22033"}],"wp:attachment":[{"href":"https:\/\/ibc.ee\/lt\/wp-json\/wp\/v2\/media?parent=22026"}],"wp:term":[{"taxonomy":"product_brand","embeddable":true,"href":"https:\/\/ibc.ee\/lt\/wp-json\/wp\/v2\/product_brand?post=22026"},{"taxonomy":"product_cat","embeddable":true,"href":"https:\/\/ibc.ee\/lt\/wp-json\/wp\/v2\/product_cat?post=22026"},{"taxonomy":"product_tag","embeddable":true,"href":"https:\/\/ibc.ee\/lt\/wp-json\/wp\/v2\/product_tag?post=22026"}],"curies":[{"name":"wp","href":"https:\/\/api.w.org\/{rel}","templated":true}]}}