{"id":23996,"date":"2025-06-18T09:10:28","date_gmt":"2025-06-18T07:10:28","guid":{"rendered":"https:\/\/ibc.ee\/?post_type=product&#038;p=23996"},"modified":"2025-06-26T18:40:05","modified_gmt":"2025-06-26T16:40:05","slug":"uhp-bakas-verticon-high-v-1003-1003l-copy","status":"publish","type":"product","link":"https:\/\/ibc.ee\/lt\/product\/uhp-bakas-verticon-high-v-1003-1003l-copy\/","title":{"rendered":"Talpa P-120L (120L)"},"content":{"rendered":"<p>Horizontali talpa P-120L yra patvari talpa, kurios talpa yra 120 litr\u0173, auk\u0161tis \u2013 28 cm, plotis \u2013 40 cm, o ilgis \u2013 115 cm. Tinka \u012fvairiems skys\u010diams, \u012fskaitant lietaus vanden\u012f, nuotekas, dyzelin\u0105, chemines med\u017eiagas, laikyti.  <\/p>\n<p>Vir\u0161uje yra 11 cm skersmens plastikin\u0117 sriegin\u0117 skyl\u0117, o apa\u010dioje \u2013 3&#215;4 coli\u0173. <\/p>\n<p>Tankyklos liejimo skersmuo: 3,5 mm<\/p>\n","protected":false},"excerpt":{"rendered":"<p><strong>Savyb\u0117s<\/strong><br \/>\nTalpa: 120 l<br \/>\nAuk\u0161tis: 28 cm<br \/>\nPlotis: 40 cm<br \/>\nIlgis: 115 cm<br \/>\nSkyriegio skersmuo: 11 cm<br \/>\nSienel\u0117s storis: 3,5 mm<br \/>\nJungiamasis sriegis: 3\/4 colio.<\/p>\n","protected":false},"featured_media":24005,"template":"","meta":[],"product_brand":[],"product_cat":[425],"product_tag":[],"class_list":{"0":"post-23996","1":"product","2":"type-product","3":"status-publish","4":"has-post-thumbnail","6":"product_cat-uhp-cisternos","7":"product_shipping_class-containers-lt","9":"first","10":"onbackorder","11":"taxable","12":"shipping-taxable","13":"purchasable","14":"product-type-simple"},"yoast_head":"<!-- This site is optimized with the Yoast SEO plugin v26.9 - https:\/\/yoast.com\/product\/yoast-seo-wordpress\/ -->\n<title>Talpa P-120L (120L) - IBC konteineri m&uuml;&uuml;k, vaadid, kraanid, mahutid<\/title>\n<meta name=\"description\" content=\"Horizontali talpa P-120L yra patvari talpa, kurios talpa yra 120 litr\u0173, auk\u0161tis \u2013 28 cm, plotis \u2013 40 cm, o ilgis \u2013 115 cm.\" \/>\n<meta name=\"robots\" content=\"index, follow, max-snippet:-1, max-image-preview:large, max-video-preview:-1\" \/>\n<link rel=\"canonical\" href=\"https:\/\/ibc.ee\/lt\/product\/uhp-bakas-verticon-high-v-1003-1003l-copy\/\" \/>\n<meta property=\"og:locale\" content=\"lt_LT\" \/>\n<meta property=\"og:type\" content=\"article\" \/>\n<meta property=\"og:title\" content=\"Talpa P-120L (120L) - IBC konteineri m&uuml;&uuml;k, vaadid, kraanid, mahutid\" \/>\n<meta property=\"og:description\" content=\"Horizontali talpa P-120L yra patvari talpa, kurios talpa yra 120 litr\u0173, auk\u0161tis \u2013 28 cm, plotis \u2013 40 cm, o ilgis \u2013 115 cm.\" \/>\n<meta property=\"og:url\" content=\"https:\/\/ibc.ee\/lt\/product\/uhp-bakas-verticon-high-v-1003-1003l-copy\/\" \/>\n<meta property=\"og:site_name\" content=\"IBC konteineri m&uuml;&uuml;k, vaadid, kraanid, mahutid\" \/>\n<meta property=\"article:modified_time\" content=\"2025-06-26T16:40:05+00:00\" \/>\n<meta property=\"og:image\" content=\"https:\/\/ibc.ee\/wp-content\/uploads\/2025\/06\/Mahuti-P-120L.jpg\" \/>\n\t<meta property=\"og:image:width\" content=\"1000\" \/>\n\t<meta property=\"og:image:height\" content=\"1000\" \/>\n\t<meta property=\"og:image:type\" content=\"image\/jpeg\" \/>\n<meta name=\"twitter:card\" content=\"summary_large_image\" \/>\n<meta name=\"twitter:label1\" content=\"Est. reading time\" \/>\n\t<meta name=\"twitter:data1\" content=\"1 minut\u0117\" \/>\n<script type=\"application\/ld+json\" class=\"yoast-schema-graph\">{\"@context\":\"https:\/\/schema.org\",\"@graph\":[{\"@type\":\"WebPage\",\"@id\":\"https:\/\/ibc.ee\/lt\/product\/uhp-bakas-verticon-high-v-1003-1003l-copy\/\",\"url\":\"https:\/\/ibc.ee\/lt\/product\/uhp-bakas-verticon-high-v-1003-1003l-copy\/\",\"name\":\"Talpa P-120L (120L) - IBC konteineri m&uuml;&uuml;k, vaadid, kraanid, mahutid\",\"isPartOf\":{\"@id\":\"https:\/\/ibc.ee\/lt\/#website\"},\"primaryImageOfPage\":{\"@id\":\"https:\/\/ibc.ee\/lt\/product\/uhp-bakas-verticon-high-v-1003-1003l-copy\/#primaryimage\"},\"image\":{\"@id\":\"https:\/\/ibc.ee\/lt\/product\/uhp-bakas-verticon-high-v-1003-1003l-copy\/#primaryimage\"},\"thumbnailUrl\":\"https:\/\/ibc.ee\/wp-content\/uploads\/2025\/06\/Mahuti-P-120L.jpg\",\"datePublished\":\"2025-06-18T07:10:28+00:00\",\"dateModified\":\"2025-06-26T16:40:05+00:00\",\"description\":\"Horizontali talpa P-120L yra patvari talpa, kurios talpa yra 120 litr\u0173, auk\u0161tis \u2013 28 cm, plotis \u2013 40 cm, o ilgis \u2013 115 cm.\",\"breadcrumb\":{\"@id\":\"https:\/\/ibc.ee\/lt\/product\/uhp-bakas-verticon-high-v-1003-1003l-copy\/#breadcrumb\"},\"inLanguage\":\"lt-LT\",\"potentialAction\":[{\"@type\":\"ReadAction\",\"target\":[\"https:\/\/ibc.ee\/lt\/product\/uhp-bakas-verticon-high-v-1003-1003l-copy\/\"]}]},{\"@type\":\"ImageObject\",\"inLanguage\":\"lt-LT\",\"@id\":\"https:\/\/ibc.ee\/lt\/product\/uhp-bakas-verticon-high-v-1003-1003l-copy\/#primaryimage\",\"url\":\"https:\/\/ibc.ee\/wp-content\/uploads\/2025\/06\/Mahuti-P-120L.jpg\",\"contentUrl\":\"https:\/\/ibc.ee\/wp-content\/uploads\/2025\/06\/Mahuti-P-120L.jpg\",\"width\":1000,\"height\":1000,\"caption\":\"Tank P-120L (120L)\"},{\"@type\":\"BreadcrumbList\",\"@id\":\"https:\/\/ibc.ee\/lt\/product\/uhp-bakas-verticon-high-v-1003-1003l-copy\/#breadcrumb\",\"itemListElement\":[{\"@type\":\"ListItem\",\"position\":1,\"name\":\"\u0413\u043b\u0430\u0432\u043d\u0430\u044f \u0441\u0442\u0440\u0430\u043d\u0438\u0446\u0430\",\"item\":\"https:\/\/ibc.ee\/lt\/\"},{\"@type\":\"ListItem\",\"position\":2,\"name\":\"Parduotuv\u0117\",\"item\":\"https:\/\/ibc.ee\/lt\/shop\/\"},{\"@type\":\"ListItem\",\"position\":3,\"name\":\"Talpa P-120L (120L)\"}]},{\"@type\":\"WebSite\",\"@id\":\"https:\/\/ibc.ee\/lt\/#website\",\"url\":\"https:\/\/ibc.ee\/lt\/\",\"name\":\"IBC konteineri m&uuml;&uuml;k, vaadid, kraanid, mahutid\",\"description\":\"IBC - Tank container valve, Adapters\\\\fittings, Intermediate bulk, container, Drums\/cans\",\"potentialAction\":[{\"@type\":\"SearchAction\",\"target\":{\"@type\":\"EntryPoint\",\"urlTemplate\":\"https:\/\/ibc.ee\/lt\/?s={search_term_string}\"},\"query-input\":{\"@type\":\"PropertyValueSpecification\",\"valueRequired\":true,\"valueName\":\"search_term_string\"}}],\"inLanguage\":\"lt-LT\"}]}<\/script>\n<!-- \/ Yoast SEO plugin. -->","yoast_head_json":{"title":"Talpa P-120L (120L) - IBC konteineri m&uuml;&uuml;k, vaadid, kraanid, mahutid","description":"Horizontali talpa P-120L yra patvari talpa, kurios talpa yra 120 litr\u0173, auk\u0161tis \u2013 28 cm, plotis \u2013 40 cm, o ilgis \u2013 115 cm.","robots":{"index":"index","follow":"follow","max-snippet":"max-snippet:-1","max-image-preview":"max-image-preview:large","max-video-preview":"max-video-preview:-1"},"canonical":"https:\/\/ibc.ee\/lt\/product\/uhp-bakas-verticon-high-v-1003-1003l-copy\/","og_locale":"lt_LT","og_type":"article","og_title":"Talpa P-120L (120L) - IBC konteineri m&uuml;&uuml;k, vaadid, kraanid, mahutid","og_description":"Horizontali talpa P-120L yra patvari talpa, kurios talpa yra 120 litr\u0173, auk\u0161tis \u2013 28 cm, plotis \u2013 40 cm, o ilgis \u2013 115 cm.","og_url":"https:\/\/ibc.ee\/lt\/product\/uhp-bakas-verticon-high-v-1003-1003l-copy\/","og_site_name":"IBC konteineri m&uuml;&uuml;k, vaadid, kraanid, mahutid","article_modified_time":"2025-06-26T16:40:05+00:00","og_image":[{"width":1000,"height":1000,"url":"https:\/\/ibc.ee\/wp-content\/uploads\/2025\/06\/Mahuti-P-120L.jpg","type":"image\/jpeg"}],"twitter_card":"summary_large_image","twitter_misc":{"Est. reading time":"1 minut\u0117"},"schema":{"@context":"https:\/\/schema.org","@graph":[{"@type":"WebPage","@id":"https:\/\/ibc.ee\/lt\/product\/uhp-bakas-verticon-high-v-1003-1003l-copy\/","url":"https:\/\/ibc.ee\/lt\/product\/uhp-bakas-verticon-high-v-1003-1003l-copy\/","name":"Talpa P-120L (120L) - IBC konteineri m&uuml;&uuml;k, vaadid, kraanid, mahutid","isPartOf":{"@id":"https:\/\/ibc.ee\/lt\/#website"},"primaryImageOfPage":{"@id":"https:\/\/ibc.ee\/lt\/product\/uhp-bakas-verticon-high-v-1003-1003l-copy\/#primaryimage"},"image":{"@id":"https:\/\/ibc.ee\/lt\/product\/uhp-bakas-verticon-high-v-1003-1003l-copy\/#primaryimage"},"thumbnailUrl":"https:\/\/ibc.ee\/wp-content\/uploads\/2025\/06\/Mahuti-P-120L.jpg","datePublished":"2025-06-18T07:10:28+00:00","dateModified":"2025-06-26T16:40:05+00:00","description":"Horizontali talpa P-120L yra patvari talpa, kurios talpa yra 120 litr\u0173, auk\u0161tis \u2013 28 cm, plotis \u2013 40 cm, o ilgis \u2013 115 cm.","breadcrumb":{"@id":"https:\/\/ibc.ee\/lt\/product\/uhp-bakas-verticon-high-v-1003-1003l-copy\/#breadcrumb"},"inLanguage":"lt-LT","potentialAction":[{"@type":"ReadAction","target":["https:\/\/ibc.ee\/lt\/product\/uhp-bakas-verticon-high-v-1003-1003l-copy\/"]}]},{"@type":"ImageObject","inLanguage":"lt-LT","@id":"https:\/\/ibc.ee\/lt\/product\/uhp-bakas-verticon-high-v-1003-1003l-copy\/#primaryimage","url":"https:\/\/ibc.ee\/wp-content\/uploads\/2025\/06\/Mahuti-P-120L.jpg","contentUrl":"https:\/\/ibc.ee\/wp-content\/uploads\/2025\/06\/Mahuti-P-120L.jpg","width":1000,"height":1000,"caption":"Tank P-120L (120L)"},{"@type":"BreadcrumbList","@id":"https:\/\/ibc.ee\/lt\/product\/uhp-bakas-verticon-high-v-1003-1003l-copy\/#breadcrumb","itemListElement":[{"@type":"ListItem","position":1,"name":"\u0413\u043b\u0430\u0432\u043d\u0430\u044f \u0441\u0442\u0440\u0430\u043d\u0438\u0446\u0430","item":"https:\/\/ibc.ee\/lt\/"},{"@type":"ListItem","position":2,"name":"Parduotuv\u0117","item":"https:\/\/ibc.ee\/lt\/shop\/"},{"@type":"ListItem","position":3,"name":"Talpa P-120L (120L)"}]},{"@type":"WebSite","@id":"https:\/\/ibc.ee\/lt\/#website","url":"https:\/\/ibc.ee\/lt\/","name":"IBC konteineri m&uuml;&uuml;k, vaadid, kraanid, mahutid","description":"IBC - Tank container valve, Adapters\\fittings, Intermediate bulk, container, Drums\/cans","potentialAction":[{"@type":"SearchAction","target":{"@type":"EntryPoint","urlTemplate":"https:\/\/ibc.ee\/lt\/?s={search_term_string}"},"query-input":{"@type":"PropertyValueSpecification","valueRequired":true,"valueName":"search_term_string"}}],"inLanguage":"lt-LT"}]}},"_links":{"self":[{"href":"https:\/\/ibc.ee\/lt\/wp-json\/wp\/v2\/product\/23996","targetHints":{"allow":["GET"]}}],"collection":[{"href":"https:\/\/ibc.ee\/lt\/wp-json\/wp\/v2\/product"}],"about":[{"href":"https:\/\/ibc.ee\/lt\/wp-json\/wp\/v2\/types\/product"}],"wp:featuredmedia":[{"embeddable":true,"href":"https:\/\/ibc.ee\/lt\/wp-json\/wp\/v2\/media\/24005"}],"wp:attachment":[{"href":"https:\/\/ibc.ee\/lt\/wp-json\/wp\/v2\/media?parent=23996"}],"wp:term":[{"taxonomy":"product_brand","embeddable":true,"href":"https:\/\/ibc.ee\/lt\/wp-json\/wp\/v2\/product_brand?post=23996"},{"taxonomy":"product_cat","embeddable":true,"href":"https:\/\/ibc.ee\/lt\/wp-json\/wp\/v2\/product_cat?post=23996"},{"taxonomy":"product_tag","embeddable":true,"href":"https:\/\/ibc.ee\/lt\/wp-json\/wp\/v2\/product_tag?post=23996"}],"curies":[{"name":"wp","href":"https:\/\/api.w.org\/{rel}","templated":true}]}}