{"id":24042,"date":"2025-07-02T09:45:59","date_gmt":"2025-07-02T07:46:00","guid":{"rendered":"https:\/\/ibc.ee\/?post_type=product&#038;p=24042"},"modified":"2025-07-02T13:41:46","modified_gmt":"2025-07-02T11:41:46","slug":"tuscias-cinkuoto-plieno-narvas-steelcage-ibc-1000","status":"publish","type":"product","link":"https:\/\/ibc.ee\/lt\/product\/tuscias-cinkuoto-plieno-narvas-steelcage-ibc-1000\/","title":{"rendered":"Tu\u0161\u010dias cinkuoto plieno narvas \u201eSteelCage IBC 1000\u201c"},"content":{"rendered":"<p><strong>\u0160ie 1000 litr\u0173 IBC narvai idealiai tinka:<\/strong><br \/>\n&#8211; IBC \u012fd\u0117klams<br \/>\n&#8211; Malk\u0173 lentynoms \/ r\u0105st\u0173 laikymui<br \/>\n&#8211; Padang\u0173 lentynoms \/ rat\u0173 laikymui<br \/>\n&#8211; Statybini\u0173 atliek\u0173 konteineriams<br \/>\n&#8211; \u0160ieno arba \u0161iaud\u0173 laikymui<br \/>\n&#8211; Lauko bald\u0173 r\u0117mui<br \/>\n&#8211; Vertikaliam sodo r\u0117mui<\/p>\n<p>Narvo talpa yra 1000 litr\u0173 arba kubinis metras. I\u0161oriniai matmenys yra ma\u017edaug 1200 mm auk\u0161\u010dio, 1200 mm plo\u010dio ir 1000 mm gylio. <\/p>\n","protected":false},"excerpt":{"rendered":"<p>Tu\u0161\u010dias cinkuoto plieno IBC narvas su patvariu, metaliniu kompozitiniu plieno pagrindu. Gali b\u016bti naudojamas daugeliui sand\u0117liavimo ir transportavimo sprendim\u0173 statybviet\u0117je. Puikiai tinka produkt\u0173 vientisumui ir saugumui palaikyti. Tinka pa\u017eeistiems r\u0117mams pakeisti arba moduliniams sand\u0117liavimo blokams surinkti. Suderinamas su standartiniais IBC \u012fd\u0117klais.    <\/p>\n","protected":false},"featured_media":24051,"template":"","meta":[],"product_brand":[],"product_cat":[317],"product_tag":[],"class_list":{"0":"post-24042","1":"product","2":"type-product","3":"status-publish","4":"has-post-thumbnail","6":"product_cat-tarpinis-tara-ibc-1000-litru","7":"product_shipping_class-containers-lt","9":"first","10":"instock","11":"taxable","12":"shipping-taxable","13":"purchasable","14":"product-type-simple"},"yoast_head":"<!-- This site is optimized with the Yoast SEO plugin v26.9 - https:\/\/yoast.com\/product\/yoast-seo-wordpress\/ -->\n<title>Tu\u0161\u010dias cinkuoto plieno narvas \u201eSteelCage IBC 1000\u201c - IBC konteineri m&uuml;&uuml;k, vaadid, kraanid, mahutid<\/title>\n<meta name=\"description\" content=\"Cinkuoto plieno narvas su patvariu, metaliniu kompozitiniu plieno pagrindu \u201eSteelCage IBC 1000\u201c. Suderinamas su standartiniais IBC \u012fd\u0117klais.\" \/>\n<meta name=\"robots\" content=\"index, follow, max-snippet:-1, max-image-preview:large, max-video-preview:-1\" \/>\n<link rel=\"canonical\" href=\"https:\/\/ibc.ee\/lt\/product\/tuscias-cinkuoto-plieno-narvas-steelcage-ibc-1000\/\" \/>\n<meta property=\"og:locale\" content=\"lt_LT\" \/>\n<meta property=\"og:type\" content=\"article\" \/>\n<meta property=\"og:title\" content=\"Tu\u0161\u010dias cinkuoto plieno narvas \u201eSteelCage IBC 1000\u201c - IBC konteineri m&uuml;&uuml;k, vaadid, kraanid, mahutid\" \/>\n<meta property=\"og:description\" content=\"Cinkuoto plieno narvas su patvariu, metaliniu kompozitiniu plieno pagrindu \u201eSteelCage IBC 1000\u201c. Suderinamas su standartiniais IBC \u012fd\u0117klais.\" \/>\n<meta property=\"og:url\" content=\"https:\/\/ibc.ee\/lt\/product\/tuscias-cinkuoto-plieno-narvas-steelcage-ibc-1000\/\" \/>\n<meta property=\"og:site_name\" content=\"IBC konteineri m&uuml;&uuml;k, vaadid, kraanid, mahutid\" \/>\n<meta property=\"article:modified_time\" content=\"2025-07-02T11:41:46+00:00\" \/>\n<meta property=\"og:image\" content=\"https:\/\/ibc.ee\/wp-content\/uploads\/2025\/07\/Tsingitud-terasest-puur-SteelCage-IBC-1000.jpg\" \/>\n\t<meta property=\"og:image:width\" content=\"1000\" \/>\n\t<meta property=\"og:image:height\" content=\"1000\" \/>\n\t<meta property=\"og:image:type\" content=\"image\/jpeg\" \/>\n<meta name=\"twitter:card\" content=\"summary_large_image\" \/>\n<meta name=\"twitter:label1\" content=\"Est. reading time\" \/>\n\t<meta name=\"twitter:data1\" content=\"1 minut\u0117\" \/>\n<script type=\"application\/ld+json\" class=\"yoast-schema-graph\">{\"@context\":\"https:\/\/schema.org\",\"@graph\":[{\"@type\":\"WebPage\",\"@id\":\"https:\/\/ibc.ee\/lt\/product\/tuscias-cinkuoto-plieno-narvas-steelcage-ibc-1000\/\",\"url\":\"https:\/\/ibc.ee\/lt\/product\/tuscias-cinkuoto-plieno-narvas-steelcage-ibc-1000\/\",\"name\":\"Tu\u0161\u010dias cinkuoto plieno narvas \u201eSteelCage IBC 1000\u201c - IBC konteineri m&uuml;&uuml;k, vaadid, kraanid, mahutid\",\"isPartOf\":{\"@id\":\"https:\/\/www.ibc.ee\/lt\/#website\"},\"primaryImageOfPage\":{\"@id\":\"https:\/\/ibc.ee\/lt\/product\/tuscias-cinkuoto-plieno-narvas-steelcage-ibc-1000\/#primaryimage\"},\"image\":{\"@id\":\"https:\/\/ibc.ee\/lt\/product\/tuscias-cinkuoto-plieno-narvas-steelcage-ibc-1000\/#primaryimage\"},\"thumbnailUrl\":\"https:\/\/ibc.ee\/wp-content\/uploads\/2025\/07\/Tsingitud-terasest-puur-SteelCage-IBC-1000.jpg\",\"datePublished\":\"2025-07-02T07:46:00+00:00\",\"dateModified\":\"2025-07-02T11:41:46+00:00\",\"description\":\"Cinkuoto plieno narvas su patvariu, metaliniu kompozitiniu plieno pagrindu \u201eSteelCage IBC 1000\u201c. Suderinamas su standartiniais IBC \u012fd\u0117klais.\",\"breadcrumb\":{\"@id\":\"https:\/\/ibc.ee\/lt\/product\/tuscias-cinkuoto-plieno-narvas-steelcage-ibc-1000\/#breadcrumb\"},\"inLanguage\":\"lt-LT\",\"potentialAction\":[{\"@type\":\"ReadAction\",\"target\":[\"https:\/\/ibc.ee\/lt\/product\/tuscias-cinkuoto-plieno-narvas-steelcage-ibc-1000\/\"]}]},{\"@type\":\"ImageObject\",\"inLanguage\":\"lt-LT\",\"@id\":\"https:\/\/ibc.ee\/lt\/product\/tuscias-cinkuoto-plieno-narvas-steelcage-ibc-1000\/#primaryimage\",\"url\":\"https:\/\/ibc.ee\/wp-content\/uploads\/2025\/07\/Tsingitud-terasest-puur-SteelCage-IBC-1000.jpg\",\"contentUrl\":\"https:\/\/ibc.ee\/wp-content\/uploads\/2025\/07\/Tsingitud-terasest-puur-SteelCage-IBC-1000.jpg\",\"width\":1000,\"height\":1000,\"caption\":\"Empty galvanised steel cage SteelCage IBC 1000\"},{\"@type\":\"BreadcrumbList\",\"@id\":\"https:\/\/ibc.ee\/lt\/product\/tuscias-cinkuoto-plieno-narvas-steelcage-ibc-1000\/#breadcrumb\",\"itemListElement\":[{\"@type\":\"ListItem\",\"position\":1,\"name\":\"\u0413\u043b\u0430\u0432\u043d\u0430\u044f \u0441\u0442\u0440\u0430\u043d\u0438\u0446\u0430\",\"item\":\"https:\/\/ibc.ee\/lt\/\"},{\"@type\":\"ListItem\",\"position\":2,\"name\":\"Parduotuv\u0117\",\"item\":\"https:\/\/ibc.ee\/lt\/shop\/\"},{\"@type\":\"ListItem\",\"position\":3,\"name\":\"Tu\u0161\u010dias cinkuoto plieno narvas \u201eSteelCage IBC 1000\u201c\"}]},{\"@type\":\"WebSite\",\"@id\":\"https:\/\/www.ibc.ee\/lt\/#website\",\"url\":\"https:\/\/www.ibc.ee\/lt\/\",\"name\":\"IBC konteineri m&uuml;&uuml;k, vaadid, kraanid, mahutid\",\"description\":\"IBC - Tank container valve, Adapters\\\\fittings, Intermediate bulk, container, Drums\/cans\",\"potentialAction\":[{\"@type\":\"SearchAction\",\"target\":{\"@type\":\"EntryPoint\",\"urlTemplate\":\"https:\/\/www.ibc.ee\/lt\/?s={search_term_string}\"},\"query-input\":{\"@type\":\"PropertyValueSpecification\",\"valueRequired\":true,\"valueName\":\"search_term_string\"}}],\"inLanguage\":\"lt-LT\"}]}<\/script>\n<!-- \/ Yoast SEO plugin. -->","yoast_head_json":{"title":"Tu\u0161\u010dias cinkuoto plieno narvas \u201eSteelCage IBC 1000\u201c - IBC konteineri m&uuml;&uuml;k, vaadid, kraanid, mahutid","description":"Cinkuoto plieno narvas su patvariu, metaliniu kompozitiniu plieno pagrindu \u201eSteelCage IBC 1000\u201c. Suderinamas su standartiniais IBC \u012fd\u0117klais.","robots":{"index":"index","follow":"follow","max-snippet":"max-snippet:-1","max-image-preview":"max-image-preview:large","max-video-preview":"max-video-preview:-1"},"canonical":"https:\/\/ibc.ee\/lt\/product\/tuscias-cinkuoto-plieno-narvas-steelcage-ibc-1000\/","og_locale":"lt_LT","og_type":"article","og_title":"Tu\u0161\u010dias cinkuoto plieno narvas \u201eSteelCage IBC 1000\u201c - IBC konteineri m&uuml;&uuml;k, vaadid, kraanid, mahutid","og_description":"Cinkuoto plieno narvas su patvariu, metaliniu kompozitiniu plieno pagrindu \u201eSteelCage IBC 1000\u201c. Suderinamas su standartiniais IBC \u012fd\u0117klais.","og_url":"https:\/\/ibc.ee\/lt\/product\/tuscias-cinkuoto-plieno-narvas-steelcage-ibc-1000\/","og_site_name":"IBC konteineri m&uuml;&uuml;k, vaadid, kraanid, mahutid","article_modified_time":"2025-07-02T11:41:46+00:00","og_image":[{"width":1000,"height":1000,"url":"https:\/\/ibc.ee\/wp-content\/uploads\/2025\/07\/Tsingitud-terasest-puur-SteelCage-IBC-1000.jpg","type":"image\/jpeg"}],"twitter_card":"summary_large_image","twitter_misc":{"Est. reading time":"1 minut\u0117"},"schema":{"@context":"https:\/\/schema.org","@graph":[{"@type":"WebPage","@id":"https:\/\/ibc.ee\/lt\/product\/tuscias-cinkuoto-plieno-narvas-steelcage-ibc-1000\/","url":"https:\/\/ibc.ee\/lt\/product\/tuscias-cinkuoto-plieno-narvas-steelcage-ibc-1000\/","name":"Tu\u0161\u010dias cinkuoto plieno narvas \u201eSteelCage IBC 1000\u201c - IBC konteineri m&uuml;&uuml;k, vaadid, kraanid, mahutid","isPartOf":{"@id":"https:\/\/www.ibc.ee\/lt\/#website"},"primaryImageOfPage":{"@id":"https:\/\/ibc.ee\/lt\/product\/tuscias-cinkuoto-plieno-narvas-steelcage-ibc-1000\/#primaryimage"},"image":{"@id":"https:\/\/ibc.ee\/lt\/product\/tuscias-cinkuoto-plieno-narvas-steelcage-ibc-1000\/#primaryimage"},"thumbnailUrl":"https:\/\/ibc.ee\/wp-content\/uploads\/2025\/07\/Tsingitud-terasest-puur-SteelCage-IBC-1000.jpg","datePublished":"2025-07-02T07:46:00+00:00","dateModified":"2025-07-02T11:41:46+00:00","description":"Cinkuoto plieno narvas su patvariu, metaliniu kompozitiniu plieno pagrindu \u201eSteelCage IBC 1000\u201c. Suderinamas su standartiniais IBC \u012fd\u0117klais.","breadcrumb":{"@id":"https:\/\/ibc.ee\/lt\/product\/tuscias-cinkuoto-plieno-narvas-steelcage-ibc-1000\/#breadcrumb"},"inLanguage":"lt-LT","potentialAction":[{"@type":"ReadAction","target":["https:\/\/ibc.ee\/lt\/product\/tuscias-cinkuoto-plieno-narvas-steelcage-ibc-1000\/"]}]},{"@type":"ImageObject","inLanguage":"lt-LT","@id":"https:\/\/ibc.ee\/lt\/product\/tuscias-cinkuoto-plieno-narvas-steelcage-ibc-1000\/#primaryimage","url":"https:\/\/ibc.ee\/wp-content\/uploads\/2025\/07\/Tsingitud-terasest-puur-SteelCage-IBC-1000.jpg","contentUrl":"https:\/\/ibc.ee\/wp-content\/uploads\/2025\/07\/Tsingitud-terasest-puur-SteelCage-IBC-1000.jpg","width":1000,"height":1000,"caption":"Empty galvanised steel cage SteelCage IBC 1000"},{"@type":"BreadcrumbList","@id":"https:\/\/ibc.ee\/lt\/product\/tuscias-cinkuoto-plieno-narvas-steelcage-ibc-1000\/#breadcrumb","itemListElement":[{"@type":"ListItem","position":1,"name":"\u0413\u043b\u0430\u0432\u043d\u0430\u044f \u0441\u0442\u0440\u0430\u043d\u0438\u0446\u0430","item":"https:\/\/ibc.ee\/lt\/"},{"@type":"ListItem","position":2,"name":"Parduotuv\u0117","item":"https:\/\/ibc.ee\/lt\/shop\/"},{"@type":"ListItem","position":3,"name":"Tu\u0161\u010dias cinkuoto plieno narvas \u201eSteelCage IBC 1000\u201c"}]},{"@type":"WebSite","@id":"https:\/\/www.ibc.ee\/lt\/#website","url":"https:\/\/www.ibc.ee\/lt\/","name":"IBC konteineri m&uuml;&uuml;k, vaadid, kraanid, mahutid","description":"IBC - Tank container valve, Adapters\\fittings, Intermediate bulk, container, Drums\/cans","potentialAction":[{"@type":"SearchAction","target":{"@type":"EntryPoint","urlTemplate":"https:\/\/www.ibc.ee\/lt\/?s={search_term_string}"},"query-input":{"@type":"PropertyValueSpecification","valueRequired":true,"valueName":"search_term_string"}}],"inLanguage":"lt-LT"}]}},"_links":{"self":[{"href":"https:\/\/ibc.ee\/lt\/wp-json\/wp\/v2\/product\/24042","targetHints":{"allow":["GET"]}}],"collection":[{"href":"https:\/\/ibc.ee\/lt\/wp-json\/wp\/v2\/product"}],"about":[{"href":"https:\/\/ibc.ee\/lt\/wp-json\/wp\/v2\/types\/product"}],"wp:featuredmedia":[{"embeddable":true,"href":"https:\/\/ibc.ee\/lt\/wp-json\/wp\/v2\/media\/24051"}],"wp:attachment":[{"href":"https:\/\/ibc.ee\/lt\/wp-json\/wp\/v2\/media?parent=24042"}],"wp:term":[{"taxonomy":"product_brand","embeddable":true,"href":"https:\/\/ibc.ee\/lt\/wp-json\/wp\/v2\/product_brand?post=24042"},{"taxonomy":"product_cat","embeddable":true,"href":"https:\/\/ibc.ee\/lt\/wp-json\/wp\/v2\/product_cat?post=24042"},{"taxonomy":"product_tag","embeddable":true,"href":"https:\/\/ibc.ee\/lt\/wp-json\/wp\/v2\/product_tag?post=24042"}],"curies":[{"name":"wp","href":"https:\/\/api.w.org\/{rel}","templated":true}]}}