{"id":24062,"date":"2025-07-02T12:31:07","date_gmt":"2025-07-02T10:31:08","guid":{"rendered":"https:\/\/ibc.ee\/?post_type=product&#038;p=24062"},"modified":"2025-07-02T14:19:27","modified_gmt":"2025-07-02T12:19:27","slug":"vidinis-ibc-konteineris-draininner-ibc-1000-biudzetui","status":"publish","type":"product","link":"https:\/\/ibc.ee\/lt\/product\/vidinis-ibc-konteineris-draininner-ibc-1000-biudzetui\/","title":{"rendered":"Vidinis IBC konteineris DrainInner IBC 1000 biud\u017eetui"},"content":{"rendered":"<p><strong>\u0160ie vidiniai IBC konteineriai idealiai tinka:<\/strong><br \/>\n&#8211; Lietaus vandens surinkimui (su tinkamu pagrindu)<br \/>\n&#8211; Laikinam pilk\u0173j\u0173 nuotek\u0173 surinkimui<br \/>\n&#8211; Drena\u017eui \u016bkiuose ar statybviet\u0117se<br \/>\n&#8211; \u201epasidaryk pats\u201c po\u017eeminiams rezervuarams<br \/>\n&#8211; Balastin\u0117ms talpykloms (kai jos u\u017ekasamos arba u\u017edarose patalpose)<\/p>\n","protected":false},"excerpt":{"rendered":"<p>Ie\u0161kote nebrangaus lietaus vandens surinkimo, drena\u017eo ar pilk\u0173j\u0173 nuotek\u0173 tvarkymo sprendimo? \u201eDrainInner Insert\u201c \u2013 tai j\u016bs\u0173 paprastas, paskutinis rezervuaras nereik\u0161mingiems skys\u010diams laikyti. Tai naudotas vidinis rezervuaras i\u0161 1000 litr\u0173 IBC konteineri\u0173, nebenaudojam\u0173 chemin\u0117ms med\u017eiagoms. Originalus vo\u017etuvas nebeveikia \u2013 u\u017esandarintas d\u0117l saugumo. N\u0117ra r\u0117mo, n\u0117ra sertifikat\u0173 \u2013 tik plastikinis korpusas, paruo\u0161tas atlikti savo galutin\u0119 paskirt\u012f.     <\/p>\n<p><strong>Tai tik vidinis bakas (\u012fd\u0117klas) \u2013 be r\u0117mo, be pagrindo.<\/strong><\/p>\n<p>Jo negalima naudoti atviroje \u017eem\u0117je skys\u010diams \u2013 jis n\u0117ra savaranki\u0161kas.<\/p>\n<p>Turi b\u016bti \u012frengtas plieniniame narve, medin\u0117je d\u0117\u017e\u0117je arba i\u0161 dalies \u012fkastas \u012f \u017eem\u0119, kad i\u0161laikyt\u0173 form\u0105 ir neapvirst\u0173.<\/p>\n<p>Netinka geriamajam vandeniui, maisto produktams ar sl\u0117gin\u0117ms sistemoms. Apatinis vo\u017etuvas yra sandarus \u2013 pripildyti ir i\u0161tu\u0161tinti galima tik per vir\u0161utin\u012f dangt\u012f (naudojant pomp\u0105).  <\/p>\n","protected":false},"featured_media":24080,"template":"","meta":[],"product_brand":[],"product_cat":[317],"product_tag":[],"class_list":{"0":"post-24062","1":"product","2":"type-product","3":"status-publish","4":"has-post-thumbnail","6":"product_cat-tarpinis-tara-ibc-1000-litru","7":"product_shipping_class-containers-lt","9":"first","10":"instock","11":"taxable","12":"shipping-taxable","13":"purchasable","14":"product-type-simple"},"yoast_head":"<!-- This site is optimized with the Yoast SEO plugin v26.9 - https:\/\/yoast.com\/product\/yoast-seo-wordpress\/ -->\n<title>Vidinis IBC konteineris DrainInner IBC 1000 biud\u017eetui - IBC konteineri m&uuml;&uuml;k, vaadid, kraanid, mahutid<\/title>\n<meta name=\"description\" content=\"Galima \u012fsigyti talpykl\u0105 lietaus vandeniui surinkti, drena\u017eui arba pilk\u0173j\u0173 nuotek\u0173 valymui. Tai naudota vidin\u0117 talpykla i\u0161 1000 litr\u0173 IBC konteineri\u0173, kurie nebenaudojami chemikalams.\" \/>\n<meta name=\"robots\" content=\"index, follow, max-snippet:-1, max-image-preview:large, max-video-preview:-1\" \/>\n<link rel=\"canonical\" href=\"https:\/\/ibc.ee\/lt\/product\/vidinis-ibc-konteineris-draininner-ibc-1000-biudzetui\/\" \/>\n<meta property=\"og:locale\" content=\"lt_LT\" \/>\n<meta property=\"og:type\" content=\"article\" \/>\n<meta property=\"og:title\" content=\"Vidinis IBC konteineris DrainInner IBC 1000 biud\u017eetui - IBC konteineri m&uuml;&uuml;k, vaadid, kraanid, mahutid\" \/>\n<meta property=\"og:description\" content=\"Galima \u012fsigyti talpykl\u0105 lietaus vandeniui surinkti, drena\u017eui arba pilk\u0173j\u0173 nuotek\u0173 valymui. Tai naudota vidin\u0117 talpykla i\u0161 1000 litr\u0173 IBC konteineri\u0173, kurie nebenaudojami chemikalams.\" \/>\n<meta property=\"og:url\" content=\"https:\/\/ibc.ee\/lt\/product\/vidinis-ibc-konteineris-draininner-ibc-1000-biudzetui\/\" \/>\n<meta property=\"og:site_name\" content=\"IBC konteineri m&uuml;&uuml;k, vaadid, kraanid, mahutid\" \/>\n<meta property=\"article:modified_time\" content=\"2025-07-02T12:19:27+00:00\" \/>\n<meta property=\"og:image\" content=\"https:\/\/ibc.ee\/wp-content\/uploads\/2025\/07\/Budget-IBC-inner-container-DrainInner-IBC-1000.jpg\" \/>\n\t<meta property=\"og:image:width\" content=\"1000\" \/>\n\t<meta property=\"og:image:height\" content=\"1000\" \/>\n\t<meta property=\"og:image:type\" content=\"image\/jpeg\" \/>\n<meta name=\"twitter:card\" content=\"summary_large_image\" \/>\n<meta name=\"twitter:label1\" content=\"Est. reading time\" \/>\n\t<meta name=\"twitter:data1\" content=\"1 minut\u0117\" \/>\n<script type=\"application\/ld+json\" class=\"yoast-schema-graph\">{\"@context\":\"https:\/\/schema.org\",\"@graph\":[{\"@type\":\"WebPage\",\"@id\":\"https:\/\/ibc.ee\/lt\/product\/vidinis-ibc-konteineris-draininner-ibc-1000-biudzetui\/\",\"url\":\"https:\/\/ibc.ee\/lt\/product\/vidinis-ibc-konteineris-draininner-ibc-1000-biudzetui\/\",\"name\":\"Vidinis IBC konteineris DrainInner IBC 1000 biud\u017eetui - IBC konteineri m&uuml;&uuml;k, vaadid, kraanid, mahutid\",\"isPartOf\":{\"@id\":\"https:\/\/www.ibc.ee\/lt\/#website\"},\"primaryImageOfPage\":{\"@id\":\"https:\/\/ibc.ee\/lt\/product\/vidinis-ibc-konteineris-draininner-ibc-1000-biudzetui\/#primaryimage\"},\"image\":{\"@id\":\"https:\/\/ibc.ee\/lt\/product\/vidinis-ibc-konteineris-draininner-ibc-1000-biudzetui\/#primaryimage\"},\"thumbnailUrl\":\"https:\/\/www.ibc.ee\/wp-content\/uploads\/2025\/07\/Budget-IBC-inner-container-DrainInner-IBC-1000.jpg\",\"datePublished\":\"2025-07-02T10:31:08+00:00\",\"dateModified\":\"2025-07-02T12:19:27+00:00\",\"description\":\"Galima \u012fsigyti talpykl\u0105 lietaus vandeniui surinkti, drena\u017eui arba pilk\u0173j\u0173 nuotek\u0173 valymui. Tai naudota vidin\u0117 talpykla i\u0161 1000 litr\u0173 IBC konteineri\u0173, kurie nebenaudojami chemikalams.\",\"breadcrumb\":{\"@id\":\"https:\/\/ibc.ee\/lt\/product\/vidinis-ibc-konteineris-draininner-ibc-1000-biudzetui\/#breadcrumb\"},\"inLanguage\":\"lt-LT\",\"potentialAction\":[{\"@type\":\"ReadAction\",\"target\":[\"https:\/\/ibc.ee\/lt\/product\/vidinis-ibc-konteineris-draininner-ibc-1000-biudzetui\/\"]}]},{\"@type\":\"ImageObject\",\"inLanguage\":\"lt-LT\",\"@id\":\"https:\/\/ibc.ee\/lt\/product\/vidinis-ibc-konteineris-draininner-ibc-1000-biudzetui\/#primaryimage\",\"url\":\"https:\/\/www.ibc.ee\/wp-content\/uploads\/2025\/07\/Budget-IBC-inner-container-DrainInner-IBC-1000.jpg\",\"contentUrl\":\"https:\/\/www.ibc.ee\/wp-content\/uploads\/2025\/07\/Budget-IBC-inner-container-DrainInner-IBC-1000.jpg\",\"width\":1000,\"height\":1000,\"caption\":\"Budget IBC inner container DrainInner IBC 1000\"},{\"@type\":\"BreadcrumbList\",\"@id\":\"https:\/\/ibc.ee\/lt\/product\/vidinis-ibc-konteineris-draininner-ibc-1000-biudzetui\/#breadcrumb\",\"itemListElement\":[{\"@type\":\"ListItem\",\"position\":1,\"name\":\"\u0413\u043b\u0430\u0432\u043d\u0430\u044f \u0441\u0442\u0440\u0430\u043d\u0438\u0446\u0430\",\"item\":\"https:\/\/ibc.ee\/lt\/\"},{\"@type\":\"ListItem\",\"position\":2,\"name\":\"Parduotuv\u0117\",\"item\":\"https:\/\/ibc.ee\/lt\/shop\/\"},{\"@type\":\"ListItem\",\"position\":3,\"name\":\"Vidinis IBC konteineris DrainInner IBC 1000 biud\u017eetui\"}]},{\"@type\":\"WebSite\",\"@id\":\"https:\/\/www.ibc.ee\/lt\/#website\",\"url\":\"https:\/\/www.ibc.ee\/lt\/\",\"name\":\"IBC konteineri m&uuml;&uuml;k, vaadid, kraanid, mahutid\",\"description\":\"IBC - Tank container valve, Adapters\\\\fittings, Intermediate bulk, container, Drums\/cans\",\"potentialAction\":[{\"@type\":\"SearchAction\",\"target\":{\"@type\":\"EntryPoint\",\"urlTemplate\":\"https:\/\/www.ibc.ee\/lt\/?s={search_term_string}\"},\"query-input\":{\"@type\":\"PropertyValueSpecification\",\"valueRequired\":true,\"valueName\":\"search_term_string\"}}],\"inLanguage\":\"lt-LT\"}]}<\/script>\n<!-- \/ Yoast SEO plugin. -->","yoast_head_json":{"title":"Vidinis IBC konteineris DrainInner IBC 1000 biud\u017eetui - IBC konteineri m&uuml;&uuml;k, vaadid, kraanid, mahutid","description":"Galima \u012fsigyti talpykl\u0105 lietaus vandeniui surinkti, drena\u017eui arba pilk\u0173j\u0173 nuotek\u0173 valymui. Tai naudota vidin\u0117 talpykla i\u0161 1000 litr\u0173 IBC konteineri\u0173, kurie nebenaudojami chemikalams.","robots":{"index":"index","follow":"follow","max-snippet":"max-snippet:-1","max-image-preview":"max-image-preview:large","max-video-preview":"max-video-preview:-1"},"canonical":"https:\/\/ibc.ee\/lt\/product\/vidinis-ibc-konteineris-draininner-ibc-1000-biudzetui\/","og_locale":"lt_LT","og_type":"article","og_title":"Vidinis IBC konteineris DrainInner IBC 1000 biud\u017eetui - IBC konteineri m&uuml;&uuml;k, vaadid, kraanid, mahutid","og_description":"Galima \u012fsigyti talpykl\u0105 lietaus vandeniui surinkti, drena\u017eui arba pilk\u0173j\u0173 nuotek\u0173 valymui. Tai naudota vidin\u0117 talpykla i\u0161 1000 litr\u0173 IBC konteineri\u0173, kurie nebenaudojami chemikalams.","og_url":"https:\/\/ibc.ee\/lt\/product\/vidinis-ibc-konteineris-draininner-ibc-1000-biudzetui\/","og_site_name":"IBC konteineri m&uuml;&uuml;k, vaadid, kraanid, mahutid","article_modified_time":"2025-07-02T12:19:27+00:00","og_image":[{"width":1000,"height":1000,"url":"https:\/\/ibc.ee\/wp-content\/uploads\/2025\/07\/Budget-IBC-inner-container-DrainInner-IBC-1000.jpg","type":"image\/jpeg"}],"twitter_card":"summary_large_image","twitter_misc":{"Est. reading time":"1 minut\u0117"},"schema":{"@context":"https:\/\/schema.org","@graph":[{"@type":"WebPage","@id":"https:\/\/ibc.ee\/lt\/product\/vidinis-ibc-konteineris-draininner-ibc-1000-biudzetui\/","url":"https:\/\/ibc.ee\/lt\/product\/vidinis-ibc-konteineris-draininner-ibc-1000-biudzetui\/","name":"Vidinis IBC konteineris DrainInner IBC 1000 biud\u017eetui - IBC konteineri m&uuml;&uuml;k, vaadid, kraanid, mahutid","isPartOf":{"@id":"https:\/\/www.ibc.ee\/lt\/#website"},"primaryImageOfPage":{"@id":"https:\/\/ibc.ee\/lt\/product\/vidinis-ibc-konteineris-draininner-ibc-1000-biudzetui\/#primaryimage"},"image":{"@id":"https:\/\/ibc.ee\/lt\/product\/vidinis-ibc-konteineris-draininner-ibc-1000-biudzetui\/#primaryimage"},"thumbnailUrl":"https:\/\/www.ibc.ee\/wp-content\/uploads\/2025\/07\/Budget-IBC-inner-container-DrainInner-IBC-1000.jpg","datePublished":"2025-07-02T10:31:08+00:00","dateModified":"2025-07-02T12:19:27+00:00","description":"Galima \u012fsigyti talpykl\u0105 lietaus vandeniui surinkti, drena\u017eui arba pilk\u0173j\u0173 nuotek\u0173 valymui. Tai naudota vidin\u0117 talpykla i\u0161 1000 litr\u0173 IBC konteineri\u0173, kurie nebenaudojami chemikalams.","breadcrumb":{"@id":"https:\/\/ibc.ee\/lt\/product\/vidinis-ibc-konteineris-draininner-ibc-1000-biudzetui\/#breadcrumb"},"inLanguage":"lt-LT","potentialAction":[{"@type":"ReadAction","target":["https:\/\/ibc.ee\/lt\/product\/vidinis-ibc-konteineris-draininner-ibc-1000-biudzetui\/"]}]},{"@type":"ImageObject","inLanguage":"lt-LT","@id":"https:\/\/ibc.ee\/lt\/product\/vidinis-ibc-konteineris-draininner-ibc-1000-biudzetui\/#primaryimage","url":"https:\/\/www.ibc.ee\/wp-content\/uploads\/2025\/07\/Budget-IBC-inner-container-DrainInner-IBC-1000.jpg","contentUrl":"https:\/\/www.ibc.ee\/wp-content\/uploads\/2025\/07\/Budget-IBC-inner-container-DrainInner-IBC-1000.jpg","width":1000,"height":1000,"caption":"Budget IBC inner container DrainInner IBC 1000"},{"@type":"BreadcrumbList","@id":"https:\/\/ibc.ee\/lt\/product\/vidinis-ibc-konteineris-draininner-ibc-1000-biudzetui\/#breadcrumb","itemListElement":[{"@type":"ListItem","position":1,"name":"\u0413\u043b\u0430\u0432\u043d\u0430\u044f \u0441\u0442\u0440\u0430\u043d\u0438\u0446\u0430","item":"https:\/\/ibc.ee\/lt\/"},{"@type":"ListItem","position":2,"name":"Parduotuv\u0117","item":"https:\/\/ibc.ee\/lt\/shop\/"},{"@type":"ListItem","position":3,"name":"Vidinis IBC konteineris DrainInner IBC 1000 biud\u017eetui"}]},{"@type":"WebSite","@id":"https:\/\/www.ibc.ee\/lt\/#website","url":"https:\/\/www.ibc.ee\/lt\/","name":"IBC konteineri m&uuml;&uuml;k, vaadid, kraanid, mahutid","description":"IBC - Tank container valve, Adapters\\fittings, Intermediate bulk, container, Drums\/cans","potentialAction":[{"@type":"SearchAction","target":{"@type":"EntryPoint","urlTemplate":"https:\/\/www.ibc.ee\/lt\/?s={search_term_string}"},"query-input":{"@type":"PropertyValueSpecification","valueRequired":true,"valueName":"search_term_string"}}],"inLanguage":"lt-LT"}]}},"_links":{"self":[{"href":"https:\/\/ibc.ee\/lt\/wp-json\/wp\/v2\/product\/24062","targetHints":{"allow":["GET"]}}],"collection":[{"href":"https:\/\/ibc.ee\/lt\/wp-json\/wp\/v2\/product"}],"about":[{"href":"https:\/\/ibc.ee\/lt\/wp-json\/wp\/v2\/types\/product"}],"wp:featuredmedia":[{"embeddable":true,"href":"https:\/\/ibc.ee\/lt\/wp-json\/wp\/v2\/media\/24080"}],"wp:attachment":[{"href":"https:\/\/ibc.ee\/lt\/wp-json\/wp\/v2\/media?parent=24062"}],"wp:term":[{"taxonomy":"product_brand","embeddable":true,"href":"https:\/\/ibc.ee\/lt\/wp-json\/wp\/v2\/product_brand?post=24062"},{"taxonomy":"product_cat","embeddable":true,"href":"https:\/\/ibc.ee\/lt\/wp-json\/wp\/v2\/product_cat?post=24062"},{"taxonomy":"product_tag","embeddable":true,"href":"https:\/\/ibc.ee\/lt\/wp-json\/wp\/v2\/product_tag?post=24062"}],"curies":[{"name":"wp","href":"https:\/\/api.w.org\/{rel}","templated":true}]}}