{"id":24321,"date":"2025-07-10T15:25:03","date_gmt":"2025-07-10T13:38:44","guid":{"rendered":"https:\/\/ibc.ee\/product\/hdpe-buteliukas-500-ml-su-apsauga-nuo-vaiku\/"},"modified":"2025-07-10T15:38:44","modified_gmt":"2025-07-10T13:38:44","slug":"hdpe-buteliukas-500-ml-su-apsauga-nuo-vaiku","status":"publish","type":"product","link":"https:\/\/ibc.ee\/lt\/product\/hdpe-buteliukas-500-ml-su-apsauga-nuo-vaiku\/","title":{"rendered":"HDPE buteliukas 500 ml su apsauga nuo vaik\u0173"},"content":{"rendered":"<p><strong>Tipin\u0117s naudojimo sritys:<\/strong><br \/>\n&#8211; Buitin\u0117 chemija: valikliai, plovikliai, tirpikliai<br \/>\n&#8211; Farmacija: sirupai, skysti vaistai (be recepto)<br \/>\n&#8211; Laboratorijos: m\u0117gini\u0173 laikymas, skys\u010di\u0173 dozavimas<br \/>\n&#8211; Kosmetika ir higiena: \u0161amp\u016bnai, losjonai, geliai<br \/>\n&#8211; \u017dem\u0117s \u016bkis ir sodininkyst\u0117: augal\u0173 tr\u0105\u0161os, pesticid\u0173 koncentratai<br \/>\n&#8211; \u201ePasidaryk pats\u201c projektai: da\u017eai, klijai, ra\u0161alai, priedai<\/p>\n","protected":false},"excerpt":{"rendered":"<p>500 ml HDPE buteliukas \u2013 tai patvarus, lengvas ir chemin\u0117ms med\u017eiagoms atsparus indas, skirtas saugiam \u012fvairi\u0173 skys\u010di\u0173 laikymui ir dozavimui. Pagamintas i\u0161 didelio tankio polietileno (HDPE), \u0161is butelis yra tinkamas kontaktui su maistu, chemi\u0161kai inertinis ir perdirbamas. <\/p>\n<p>Buteliukas turi vaik\u0173 saugos dangtel\u012f, kuris suteikia papildom\u0105 apsaug\u0105, ypa\u010d laikant pavojingas ar jautrias med\u017eiagas.<\/p>\n","protected":false},"featured_media":24312,"template":"","meta":[],"product_brand":[],"product_cat":[314],"product_tag":[],"class_list":{"0":"post-24321","1":"product","2":"type-product","3":"status-publish","4":"has-post-thumbnail","6":"product_cat-bugnai-ir-kuro-bakeliai","7":"product_shipping_class-omniva-lt","9":"first","10":"instock","11":"taxable","12":"shipping-taxable","13":"purchasable","14":"product-type-simple"},"yoast_head":"<!-- This site is optimized with the Yoast SEO plugin v26.9 - https:\/\/yoast.com\/product\/yoast-seo-wordpress\/ -->\n<title>HDPE buteliukas 500 ml su apsauga nuo vaik\u0173 - IBC konteineri m&uuml;&uuml;k, vaadid, kraanid, mahutid<\/title>\n<meta name=\"description\" content=\"500 ml HDPE buteliukas \u2013 tai patvarus, lengvas ir chemin\u0117ms med\u017eiagoms atsparus indas, skirtas saugiam \u012fvairi\u0173 skys\u010di\u0173 laikymui ir dozavimui.\" \/>\n<meta name=\"robots\" content=\"index, follow, max-snippet:-1, max-image-preview:large, max-video-preview:-1\" \/>\n<link rel=\"canonical\" href=\"https:\/\/ibc.ee\/lt\/product\/hdpe-buteliukas-500-ml-su-apsauga-nuo-vaiku\/\" \/>\n<meta property=\"og:locale\" content=\"lt_LT\" \/>\n<meta property=\"og:type\" content=\"article\" \/>\n<meta property=\"og:title\" content=\"HDPE buteliukas 500 ml su apsauga nuo vaik\u0173 - IBC konteineri m&uuml;&uuml;k, vaadid, kraanid, mahutid\" \/>\n<meta property=\"og:description\" content=\"500 ml HDPE buteliukas \u2013 tai patvarus, lengvas ir chemin\u0117ms med\u017eiagoms atsparus indas, skirtas saugiam \u012fvairi\u0173 skys\u010di\u0173 laikymui ir dozavimui.\" \/>\n<meta property=\"og:url\" content=\"https:\/\/ibc.ee\/lt\/product\/hdpe-buteliukas-500-ml-su-apsauga-nuo-vaiku\/\" \/>\n<meta property=\"og:site_name\" content=\"IBC konteineri m&uuml;&uuml;k, vaadid, kraanid, mahutid\" \/>\n<meta property=\"og:image\" content=\"https:\/\/ibc.ee\/wp-content\/uploads\/2025\/07\/HDPE-bottl-500ml.jpg\" \/>\n\t<meta property=\"og:image:width\" content=\"1000\" \/>\n\t<meta property=\"og:image:height\" content=\"1000\" \/>\n\t<meta property=\"og:image:type\" content=\"image\/jpeg\" \/>\n<meta name=\"twitter:card\" content=\"summary_large_image\" \/>\n<script type=\"application\/ld+json\" class=\"yoast-schema-graph\">{\"@context\":\"https:\/\/schema.org\",\"@graph\":[{\"@type\":\"WebPage\",\"@id\":\"https:\/\/ibc.ee\/lt\/product\/hdpe-buteliukas-500-ml-su-apsauga-nuo-vaiku\/\",\"url\":\"https:\/\/ibc.ee\/lt\/product\/hdpe-buteliukas-500-ml-su-apsauga-nuo-vaiku\/\",\"name\":\"HDPE buteliukas 500 ml su apsauga nuo vaik\u0173 - IBC konteineri m&uuml;&uuml;k, vaadid, kraanid, mahutid\",\"isPartOf\":{\"@id\":\"https:\/\/www.ibc.ee\/lt\/#website\"},\"primaryImageOfPage\":{\"@id\":\"https:\/\/ibc.ee\/lt\/product\/hdpe-buteliukas-500-ml-su-apsauga-nuo-vaiku\/#primaryimage\"},\"image\":{\"@id\":\"https:\/\/ibc.ee\/lt\/product\/hdpe-buteliukas-500-ml-su-apsauga-nuo-vaiku\/#primaryimage\"},\"thumbnailUrl\":\"https:\/\/ibc.ee\/wp-content\/uploads\/2025\/07\/HDPE-bottl-500ml.jpg\",\"datePublished\":\"2025-07-10T13:38:44+00:00\",\"description\":\"500 ml HDPE buteliukas \u2013 tai patvarus, lengvas ir chemin\u0117ms med\u017eiagoms atsparus indas, skirtas saugiam \u012fvairi\u0173 skys\u010di\u0173 laikymui ir dozavimui.\",\"breadcrumb\":{\"@id\":\"https:\/\/ibc.ee\/lt\/product\/hdpe-buteliukas-500-ml-su-apsauga-nuo-vaiku\/#breadcrumb\"},\"inLanguage\":\"lt-LT\",\"potentialAction\":[{\"@type\":\"ReadAction\",\"target\":[\"https:\/\/ibc.ee\/lt\/product\/hdpe-buteliukas-500-ml-su-apsauga-nuo-vaiku\/\"]}]},{\"@type\":\"ImageObject\",\"inLanguage\":\"lt-LT\",\"@id\":\"https:\/\/ibc.ee\/lt\/product\/hdpe-buteliukas-500-ml-su-apsauga-nuo-vaiku\/#primaryimage\",\"url\":\"https:\/\/ibc.ee\/wp-content\/uploads\/2025\/07\/HDPE-bottl-500ml.jpg\",\"contentUrl\":\"https:\/\/ibc.ee\/wp-content\/uploads\/2025\/07\/HDPE-bottl-500ml.jpg\",\"width\":1000,\"height\":1000,\"caption\":\"HDPE Bottle 500ml \u2013 with Child-Resistant Cap\"},{\"@type\":\"BreadcrumbList\",\"@id\":\"https:\/\/ibc.ee\/lt\/product\/hdpe-buteliukas-500-ml-su-apsauga-nuo-vaiku\/#breadcrumb\",\"itemListElement\":[{\"@type\":\"ListItem\",\"position\":1,\"name\":\"\u0413\u043b\u0430\u0432\u043d\u0430\u044f \u0441\u0442\u0440\u0430\u043d\u0438\u0446\u0430\",\"item\":\"https:\/\/ibc.ee\/lt\/\"},{\"@type\":\"ListItem\",\"position\":2,\"name\":\"Parduotuv\u0117\",\"item\":\"https:\/\/ibc.ee\/lt\/shop\/\"},{\"@type\":\"ListItem\",\"position\":3,\"name\":\"HDPE buteliukas 500 ml su apsauga nuo vaik\u0173\"}]},{\"@type\":\"WebSite\",\"@id\":\"https:\/\/www.ibc.ee\/lt\/#website\",\"url\":\"https:\/\/www.ibc.ee\/lt\/\",\"name\":\"IBC konteineri m&uuml;&uuml;k, vaadid, kraanid, mahutid\",\"description\":\"IBC - Tank container valve, Adapters\\\\fittings, Intermediate bulk, container, Drums\/cans\",\"potentialAction\":[{\"@type\":\"SearchAction\",\"target\":{\"@type\":\"EntryPoint\",\"urlTemplate\":\"https:\/\/www.ibc.ee\/lt\/?s={search_term_string}\"},\"query-input\":{\"@type\":\"PropertyValueSpecification\",\"valueRequired\":true,\"valueName\":\"search_term_string\"}}],\"inLanguage\":\"lt-LT\"}]}<\/script>\n<!-- \/ Yoast SEO plugin. -->","yoast_head_json":{"title":"HDPE buteliukas 500 ml su apsauga nuo vaik\u0173 - IBC konteineri m&uuml;&uuml;k, vaadid, kraanid, mahutid","description":"500 ml HDPE buteliukas \u2013 tai patvarus, lengvas ir chemin\u0117ms med\u017eiagoms atsparus indas, skirtas saugiam \u012fvairi\u0173 skys\u010di\u0173 laikymui ir dozavimui.","robots":{"index":"index","follow":"follow","max-snippet":"max-snippet:-1","max-image-preview":"max-image-preview:large","max-video-preview":"max-video-preview:-1"},"canonical":"https:\/\/ibc.ee\/lt\/product\/hdpe-buteliukas-500-ml-su-apsauga-nuo-vaiku\/","og_locale":"lt_LT","og_type":"article","og_title":"HDPE buteliukas 500 ml su apsauga nuo vaik\u0173 - IBC konteineri m&uuml;&uuml;k, vaadid, kraanid, mahutid","og_description":"500 ml HDPE buteliukas \u2013 tai patvarus, lengvas ir chemin\u0117ms med\u017eiagoms atsparus indas, skirtas saugiam \u012fvairi\u0173 skys\u010di\u0173 laikymui ir dozavimui.","og_url":"https:\/\/ibc.ee\/lt\/product\/hdpe-buteliukas-500-ml-su-apsauga-nuo-vaiku\/","og_site_name":"IBC konteineri m&uuml;&uuml;k, vaadid, kraanid, mahutid","og_image":[{"width":1000,"height":1000,"url":"https:\/\/ibc.ee\/wp-content\/uploads\/2025\/07\/HDPE-bottl-500ml.jpg","type":"image\/jpeg"}],"twitter_card":"summary_large_image","schema":{"@context":"https:\/\/schema.org","@graph":[{"@type":"WebPage","@id":"https:\/\/ibc.ee\/lt\/product\/hdpe-buteliukas-500-ml-su-apsauga-nuo-vaiku\/","url":"https:\/\/ibc.ee\/lt\/product\/hdpe-buteliukas-500-ml-su-apsauga-nuo-vaiku\/","name":"HDPE buteliukas 500 ml su apsauga nuo vaik\u0173 - IBC konteineri m&uuml;&uuml;k, vaadid, kraanid, mahutid","isPartOf":{"@id":"https:\/\/www.ibc.ee\/lt\/#website"},"primaryImageOfPage":{"@id":"https:\/\/ibc.ee\/lt\/product\/hdpe-buteliukas-500-ml-su-apsauga-nuo-vaiku\/#primaryimage"},"image":{"@id":"https:\/\/ibc.ee\/lt\/product\/hdpe-buteliukas-500-ml-su-apsauga-nuo-vaiku\/#primaryimage"},"thumbnailUrl":"https:\/\/ibc.ee\/wp-content\/uploads\/2025\/07\/HDPE-bottl-500ml.jpg","datePublished":"2025-07-10T13:38:44+00:00","description":"500 ml HDPE buteliukas \u2013 tai patvarus, lengvas ir chemin\u0117ms med\u017eiagoms atsparus indas, skirtas saugiam \u012fvairi\u0173 skys\u010di\u0173 laikymui ir dozavimui.","breadcrumb":{"@id":"https:\/\/ibc.ee\/lt\/product\/hdpe-buteliukas-500-ml-su-apsauga-nuo-vaiku\/#breadcrumb"},"inLanguage":"lt-LT","potentialAction":[{"@type":"ReadAction","target":["https:\/\/ibc.ee\/lt\/product\/hdpe-buteliukas-500-ml-su-apsauga-nuo-vaiku\/"]}]},{"@type":"ImageObject","inLanguage":"lt-LT","@id":"https:\/\/ibc.ee\/lt\/product\/hdpe-buteliukas-500-ml-su-apsauga-nuo-vaiku\/#primaryimage","url":"https:\/\/ibc.ee\/wp-content\/uploads\/2025\/07\/HDPE-bottl-500ml.jpg","contentUrl":"https:\/\/ibc.ee\/wp-content\/uploads\/2025\/07\/HDPE-bottl-500ml.jpg","width":1000,"height":1000,"caption":"HDPE Bottle 500ml \u2013 with Child-Resistant Cap"},{"@type":"BreadcrumbList","@id":"https:\/\/ibc.ee\/lt\/product\/hdpe-buteliukas-500-ml-su-apsauga-nuo-vaiku\/#breadcrumb","itemListElement":[{"@type":"ListItem","position":1,"name":"\u0413\u043b\u0430\u0432\u043d\u0430\u044f \u0441\u0442\u0440\u0430\u043d\u0438\u0446\u0430","item":"https:\/\/ibc.ee\/lt\/"},{"@type":"ListItem","position":2,"name":"Parduotuv\u0117","item":"https:\/\/ibc.ee\/lt\/shop\/"},{"@type":"ListItem","position":3,"name":"HDPE buteliukas 500 ml su apsauga nuo vaik\u0173"}]},{"@type":"WebSite","@id":"https:\/\/www.ibc.ee\/lt\/#website","url":"https:\/\/www.ibc.ee\/lt\/","name":"IBC konteineri m&uuml;&uuml;k, vaadid, kraanid, mahutid","description":"IBC - Tank container valve, Adapters\\fittings, Intermediate bulk, container, Drums\/cans","potentialAction":[{"@type":"SearchAction","target":{"@type":"EntryPoint","urlTemplate":"https:\/\/www.ibc.ee\/lt\/?s={search_term_string}"},"query-input":{"@type":"PropertyValueSpecification","valueRequired":true,"valueName":"search_term_string"}}],"inLanguage":"lt-LT"}]}},"_links":{"self":[{"href":"https:\/\/ibc.ee\/lt\/wp-json\/wp\/v2\/product\/24321","targetHints":{"allow":["GET"]}}],"collection":[{"href":"https:\/\/ibc.ee\/lt\/wp-json\/wp\/v2\/product"}],"about":[{"href":"https:\/\/ibc.ee\/lt\/wp-json\/wp\/v2\/types\/product"}],"wp:featuredmedia":[{"embeddable":true,"href":"https:\/\/ibc.ee\/lt\/wp-json\/wp\/v2\/media\/24312"}],"wp:attachment":[{"href":"https:\/\/ibc.ee\/lt\/wp-json\/wp\/v2\/media?parent=24321"}],"wp:term":[{"taxonomy":"product_brand","embeddable":true,"href":"https:\/\/ibc.ee\/lt\/wp-json\/wp\/v2\/product_brand?post=24321"},{"taxonomy":"product_cat","embeddable":true,"href":"https:\/\/ibc.ee\/lt\/wp-json\/wp\/v2\/product_cat?post=24321"},{"taxonomy":"product_tag","embeddable":true,"href":"https:\/\/ibc.ee\/lt\/wp-json\/wp\/v2\/product_tag?post=24321"}],"curies":[{"name":"wp","href":"https:\/\/api.w.org\/{rel}","templated":true}]}}