{"id":24434,"date":"2025-07-15T08:36:31","date_gmt":"2025-07-15T06:55:54","guid":{"rendered":"https:\/\/ibc.ee\/product\/10l-hdpe-plastikine-kanistra-su-uzsukamu-snapeliu\/"},"modified":"2025-07-15T08:55:54","modified_gmt":"2025-07-15T06:55:54","slug":"10l-hdpe-plastikine-kanistra-su-uzsukamu-snapeliu","status":"publish","type":"product","link":"https:\/\/ibc.ee\/lt\/product\/10l-hdpe-plastikine-kanistra-su-uzsukamu-snapeliu\/","title":{"rendered":"10L HDPE plastikin\u0117 kanistra su u\u017esukamu snapeliu"},"content":{"rendered":"<p><strong>Technin\u0117s specifikacijos:<\/strong><br \/>\n&#8211; T\u016bris: 10 litr\u0173<br \/>\n&#8211; Kaklelio skersmuo: 40 mm<br \/>\n&#8211; I\u0161matavimai: Auk\u0161tis 300 mm \u00d7 Plotis 150 mm \u00d7 Ilgis 280 mm<br \/>\n&#8211; Med\u017eiaga: HDPE (auk\u0161to tankio polietilenas)<br \/>\n&#8211; Spalva: Paprastai balta arba pusiau permatoma (gali skirtis)<br \/>\n&#8211; Komplektacija: U\u017esukamas pylimo snapelis \/ antgalis<\/p>\n<p><strong>Pritaikymo sritys:<\/strong><br \/>\n&#8211; Chemikalai: valikliai, neagresyv\u016bs pramoniniai skys\u010diai<br \/>\n&#8211; Automobiliai: au\u0161inimo skys\u010diai, lang\u0173 plovikliai, tepalai<br \/>\n&#8211; \u017dem\u0117s \u016bkis: skystos tr\u0105\u0161os, pesticidai, dr\u0117kinimo tirpalai<br \/>\n&#8211; Stovyklavimas ir lauko darbai: pilkasis vanduo, techninis vanduo<br \/>\n&#8211; Buitis ir DIY: da\u017eai, klijai, vanduo auk\u0161to sl\u0117gio plovykloms<br \/>\n&#8211; Statyba: priedai, sandarikliai, gruntai<\/p>\n","protected":false},"excerpt":{"rendered":"<p>\u0160i 10 litr\u0173 plastikin\u0117 kanistra sukurta patogiam ir tiksliam skys\u010di\u0173 i\u0161pylimui. Ji turi 40\u202fmm kaklel\u012f ir u\u017esukam\u0105 pylimo snapel\u012f, leid\u017eiant\u012f skys\u010dius perpilti be i\u0161siliejimo. Pagaminta i\u0161 auk\u0161to tankio polietileno (HDPE), tod\u0117l pasi\u017eymi puikiu cheminiu atsparumu ir ilgaam\u017ei\u0161kumu, tinkama naudoti tiek pramon\u0117je, tiek \u017eem\u0117s \u016bkyje ar buityje. <\/p>\n","protected":false},"featured_media":24425,"template":"","meta":[],"product_brand":[],"product_cat":[314],"product_tag":[],"class_list":{"0":"post-24434","1":"product","2":"type-product","3":"status-publish","4":"has-post-thumbnail","6":"product_cat-bugnai-ir-kuro-bakeliai","7":"product_shipping_class-omniva-lt","9":"first","10":"instock","11":"taxable","12":"shipping-taxable","13":"product-type-simple"},"yoast_head":"<!-- This site is optimized with the Yoast SEO plugin v26.9 - https:\/\/yoast.com\/product\/yoast-seo-wordpress\/ -->\n<title>10L HDPE plastikin\u0117 kanistra su u\u017esukamu snapeliu - IBC konteineri m&uuml;&uuml;k, vaadid, kraanid, mahutid<\/title>\n<meta name=\"description\" content=\"\u0160i 10 litr\u0173 plastikin\u0117 kanistra sukurta patogiam ir tiksliam skys\u010di\u0173 i\u0161pylimui.\" \/>\n<meta name=\"robots\" content=\"index, follow, max-snippet:-1, max-image-preview:large, max-video-preview:-1\" \/>\n<link rel=\"canonical\" href=\"https:\/\/ibc.ee\/lt\/product\/10l-hdpe-plastikine-kanistra-su-uzsukamu-snapeliu\/\" \/>\n<meta property=\"og:locale\" content=\"lt_LT\" \/>\n<meta property=\"og:type\" content=\"article\" \/>\n<meta property=\"og:title\" content=\"10L HDPE plastikin\u0117 kanistra su u\u017esukamu snapeliu - IBC konteineri m&uuml;&uuml;k, vaadid, kraanid, mahutid\" \/>\n<meta property=\"og:description\" content=\"\u0160i 10 litr\u0173 plastikin\u0117 kanistra sukurta patogiam ir tiksliam skys\u010di\u0173 i\u0161pylimui.\" \/>\n<meta property=\"og:url\" content=\"https:\/\/ibc.ee\/lt\/product\/10l-hdpe-plastikine-kanistra-su-uzsukamu-snapeliu\/\" \/>\n<meta property=\"og:site_name\" content=\"IBC konteineri m&uuml;&uuml;k, vaadid, kraanid, mahutid\" \/>\n<meta property=\"og:image\" content=\"https:\/\/ibc.ee\/wp-content\/uploads\/2025\/07\/10L-HDPE-plastkanister-keeratava-valamisavaga.jpg\" \/>\n\t<meta property=\"og:image:width\" content=\"1000\" \/>\n\t<meta property=\"og:image:height\" content=\"1000\" \/>\n\t<meta property=\"og:image:type\" content=\"image\/jpeg\" \/>\n<meta name=\"twitter:card\" content=\"summary_large_image\" \/>\n<meta name=\"twitter:label1\" content=\"Est. reading time\" \/>\n\t<meta name=\"twitter:data1\" content=\"1 minut\u0117\" \/>\n<script type=\"application\/ld+json\" class=\"yoast-schema-graph\">{\"@context\":\"https:\/\/schema.org\",\"@graph\":[{\"@type\":\"WebPage\",\"@id\":\"https:\/\/ibc.ee\/lt\/product\/10l-hdpe-plastikine-kanistra-su-uzsukamu-snapeliu\/\",\"url\":\"https:\/\/ibc.ee\/lt\/product\/10l-hdpe-plastikine-kanistra-su-uzsukamu-snapeliu\/\",\"name\":\"10L HDPE plastikin\u0117 kanistra su u\u017esukamu snapeliu - IBC konteineri m&uuml;&uuml;k, vaadid, kraanid, mahutid\",\"isPartOf\":{\"@id\":\"https:\/\/www.ibc.ee\/lt\/#website\"},\"primaryImageOfPage\":{\"@id\":\"https:\/\/ibc.ee\/lt\/product\/10l-hdpe-plastikine-kanistra-su-uzsukamu-snapeliu\/#primaryimage\"},\"image\":{\"@id\":\"https:\/\/ibc.ee\/lt\/product\/10l-hdpe-plastikine-kanistra-su-uzsukamu-snapeliu\/#primaryimage\"},\"thumbnailUrl\":\"https:\/\/ibc.ee\/wp-content\/uploads\/2025\/07\/10L-HDPE-plastkanister-keeratava-valamisavaga.jpg\",\"datePublished\":\"2025-07-15T06:55:54+00:00\",\"description\":\"\u0160i 10 litr\u0173 plastikin\u0117 kanistra sukurta patogiam ir tiksliam skys\u010di\u0173 i\u0161pylimui.\",\"breadcrumb\":{\"@id\":\"https:\/\/ibc.ee\/lt\/product\/10l-hdpe-plastikine-kanistra-su-uzsukamu-snapeliu\/#breadcrumb\"},\"inLanguage\":\"lt-LT\",\"potentialAction\":[{\"@type\":\"ReadAction\",\"target\":[\"https:\/\/ibc.ee\/lt\/product\/10l-hdpe-plastikine-kanistra-su-uzsukamu-snapeliu\/\"]}]},{\"@type\":\"ImageObject\",\"inLanguage\":\"lt-LT\",\"@id\":\"https:\/\/ibc.ee\/lt\/product\/10l-hdpe-plastikine-kanistra-su-uzsukamu-snapeliu\/#primaryimage\",\"url\":\"https:\/\/ibc.ee\/wp-content\/uploads\/2025\/07\/10L-HDPE-plastkanister-keeratava-valamisavaga.jpg\",\"contentUrl\":\"https:\/\/ibc.ee\/wp-content\/uploads\/2025\/07\/10L-HDPE-plastkanister-keeratava-valamisavaga.jpg\",\"width\":1000,\"height\":1000,\"caption\":\"10L HDPE Plastic Jerry Can with Screw-On Pour Spout\"},{\"@type\":\"BreadcrumbList\",\"@id\":\"https:\/\/ibc.ee\/lt\/product\/10l-hdpe-plastikine-kanistra-su-uzsukamu-snapeliu\/#breadcrumb\",\"itemListElement\":[{\"@type\":\"ListItem\",\"position\":1,\"name\":\"\u0413\u043b\u0430\u0432\u043d\u0430\u044f \u0441\u0442\u0440\u0430\u043d\u0438\u0446\u0430\",\"item\":\"https:\/\/ibc.ee\/lt\/\"},{\"@type\":\"ListItem\",\"position\":2,\"name\":\"Parduotuv\u0117\",\"item\":\"https:\/\/ibc.ee\/lt\/shop\/\"},{\"@type\":\"ListItem\",\"position\":3,\"name\":\"10L HDPE plastikin\u0117 kanistra su u\u017esukamu snapeliu\"}]},{\"@type\":\"WebSite\",\"@id\":\"https:\/\/www.ibc.ee\/lt\/#website\",\"url\":\"https:\/\/www.ibc.ee\/lt\/\",\"name\":\"IBC konteineri m&uuml;&uuml;k, vaadid, kraanid, mahutid\",\"description\":\"IBC - Tank container valve, Adapters\\\\fittings, Intermediate bulk, container, Drums\/cans\",\"potentialAction\":[{\"@type\":\"SearchAction\",\"target\":{\"@type\":\"EntryPoint\",\"urlTemplate\":\"https:\/\/www.ibc.ee\/lt\/?s={search_term_string}\"},\"query-input\":{\"@type\":\"PropertyValueSpecification\",\"valueRequired\":true,\"valueName\":\"search_term_string\"}}],\"inLanguage\":\"lt-LT\"}]}<\/script>\n<!-- \/ Yoast SEO plugin. -->","yoast_head_json":{"title":"10L HDPE plastikin\u0117 kanistra su u\u017esukamu snapeliu - IBC konteineri m&uuml;&uuml;k, vaadid, kraanid, mahutid","description":"\u0160i 10 litr\u0173 plastikin\u0117 kanistra sukurta patogiam ir tiksliam skys\u010di\u0173 i\u0161pylimui.","robots":{"index":"index","follow":"follow","max-snippet":"max-snippet:-1","max-image-preview":"max-image-preview:large","max-video-preview":"max-video-preview:-1"},"canonical":"https:\/\/ibc.ee\/lt\/product\/10l-hdpe-plastikine-kanistra-su-uzsukamu-snapeliu\/","og_locale":"lt_LT","og_type":"article","og_title":"10L HDPE plastikin\u0117 kanistra su u\u017esukamu snapeliu - IBC konteineri m&uuml;&uuml;k, vaadid, kraanid, mahutid","og_description":"\u0160i 10 litr\u0173 plastikin\u0117 kanistra sukurta patogiam ir tiksliam skys\u010di\u0173 i\u0161pylimui.","og_url":"https:\/\/ibc.ee\/lt\/product\/10l-hdpe-plastikine-kanistra-su-uzsukamu-snapeliu\/","og_site_name":"IBC konteineri m&uuml;&uuml;k, vaadid, kraanid, mahutid","og_image":[{"width":1000,"height":1000,"url":"https:\/\/ibc.ee\/wp-content\/uploads\/2025\/07\/10L-HDPE-plastkanister-keeratava-valamisavaga.jpg","type":"image\/jpeg"}],"twitter_card":"summary_large_image","twitter_misc":{"Est. reading time":"1 minut\u0117"},"schema":{"@context":"https:\/\/schema.org","@graph":[{"@type":"WebPage","@id":"https:\/\/ibc.ee\/lt\/product\/10l-hdpe-plastikine-kanistra-su-uzsukamu-snapeliu\/","url":"https:\/\/ibc.ee\/lt\/product\/10l-hdpe-plastikine-kanistra-su-uzsukamu-snapeliu\/","name":"10L HDPE plastikin\u0117 kanistra su u\u017esukamu snapeliu - IBC konteineri m&uuml;&uuml;k, vaadid, kraanid, mahutid","isPartOf":{"@id":"https:\/\/www.ibc.ee\/lt\/#website"},"primaryImageOfPage":{"@id":"https:\/\/ibc.ee\/lt\/product\/10l-hdpe-plastikine-kanistra-su-uzsukamu-snapeliu\/#primaryimage"},"image":{"@id":"https:\/\/ibc.ee\/lt\/product\/10l-hdpe-plastikine-kanistra-su-uzsukamu-snapeliu\/#primaryimage"},"thumbnailUrl":"https:\/\/ibc.ee\/wp-content\/uploads\/2025\/07\/10L-HDPE-plastkanister-keeratava-valamisavaga.jpg","datePublished":"2025-07-15T06:55:54+00:00","description":"\u0160i 10 litr\u0173 plastikin\u0117 kanistra sukurta patogiam ir tiksliam skys\u010di\u0173 i\u0161pylimui.","breadcrumb":{"@id":"https:\/\/ibc.ee\/lt\/product\/10l-hdpe-plastikine-kanistra-su-uzsukamu-snapeliu\/#breadcrumb"},"inLanguage":"lt-LT","potentialAction":[{"@type":"ReadAction","target":["https:\/\/ibc.ee\/lt\/product\/10l-hdpe-plastikine-kanistra-su-uzsukamu-snapeliu\/"]}]},{"@type":"ImageObject","inLanguage":"lt-LT","@id":"https:\/\/ibc.ee\/lt\/product\/10l-hdpe-plastikine-kanistra-su-uzsukamu-snapeliu\/#primaryimage","url":"https:\/\/ibc.ee\/wp-content\/uploads\/2025\/07\/10L-HDPE-plastkanister-keeratava-valamisavaga.jpg","contentUrl":"https:\/\/ibc.ee\/wp-content\/uploads\/2025\/07\/10L-HDPE-plastkanister-keeratava-valamisavaga.jpg","width":1000,"height":1000,"caption":"10L HDPE Plastic Jerry Can with Screw-On Pour Spout"},{"@type":"BreadcrumbList","@id":"https:\/\/ibc.ee\/lt\/product\/10l-hdpe-plastikine-kanistra-su-uzsukamu-snapeliu\/#breadcrumb","itemListElement":[{"@type":"ListItem","position":1,"name":"\u0413\u043b\u0430\u0432\u043d\u0430\u044f \u0441\u0442\u0440\u0430\u043d\u0438\u0446\u0430","item":"https:\/\/ibc.ee\/lt\/"},{"@type":"ListItem","position":2,"name":"Parduotuv\u0117","item":"https:\/\/ibc.ee\/lt\/shop\/"},{"@type":"ListItem","position":3,"name":"10L HDPE plastikin\u0117 kanistra su u\u017esukamu snapeliu"}]},{"@type":"WebSite","@id":"https:\/\/www.ibc.ee\/lt\/#website","url":"https:\/\/www.ibc.ee\/lt\/","name":"IBC konteineri m&uuml;&uuml;k, vaadid, kraanid, mahutid","description":"IBC - Tank container valve, Adapters\\fittings, Intermediate bulk, container, Drums\/cans","potentialAction":[{"@type":"SearchAction","target":{"@type":"EntryPoint","urlTemplate":"https:\/\/www.ibc.ee\/lt\/?s={search_term_string}"},"query-input":{"@type":"PropertyValueSpecification","valueRequired":true,"valueName":"search_term_string"}}],"inLanguage":"lt-LT"}]}},"_links":{"self":[{"href":"https:\/\/ibc.ee\/lt\/wp-json\/wp\/v2\/product\/24434","targetHints":{"allow":["GET"]}}],"collection":[{"href":"https:\/\/ibc.ee\/lt\/wp-json\/wp\/v2\/product"}],"about":[{"href":"https:\/\/ibc.ee\/lt\/wp-json\/wp\/v2\/types\/product"}],"wp:featuredmedia":[{"embeddable":true,"href":"https:\/\/ibc.ee\/lt\/wp-json\/wp\/v2\/media\/24425"}],"wp:attachment":[{"href":"https:\/\/ibc.ee\/lt\/wp-json\/wp\/v2\/media?parent=24434"}],"wp:term":[{"taxonomy":"product_brand","embeddable":true,"href":"https:\/\/ibc.ee\/lt\/wp-json\/wp\/v2\/product_brand?post=24434"},{"taxonomy":"product_cat","embeddable":true,"href":"https:\/\/ibc.ee\/lt\/wp-json\/wp\/v2\/product_cat?post=24434"},{"taxonomy":"product_tag","embeddable":true,"href":"https:\/\/ibc.ee\/lt\/wp-json\/wp\/v2\/product_tag?post=24434"}],"curies":[{"name":"wp","href":"https:\/\/api.w.org\/{rel}","templated":true}]}}