{"id":24471,"date":"2025-07-15T15:11:12","date_gmt":"2025-07-15T13:18:30","guid":{"rendered":"https:\/\/ibc.ee\/product\/1l-hdpe-plastikinis-butelis-platus-kaklelis-o40-mm\/"},"modified":"2025-07-15T15:18:30","modified_gmt":"2025-07-15T13:18:30","slug":"1l-hdpe-plastikinis-butelis-platus-kaklelis-o40-mm","status":"publish","type":"product","link":"https:\/\/ibc.ee\/lt\/product\/1l-hdpe-plastikinis-butelis-platus-kaklelis-o40-mm\/","title":{"rendered":"1L HDPE plastikinis butelis \u2013 platus kaklelis (\u00d840\u202fmm)"},"content":{"rendered":"<p><strong>Technin\u0117s specifikacijos:<\/strong><br \/>\n&#8211; T\u016bris: 1 litras<br \/>\n&#8211; Kaklelio skersmuo: 40 mm (su sriegiu)<br \/>\n&#8211; Butelio skersmuo: 85 mm<br \/>\n&#8211; Auk\u0161tis: 244 mm<br \/>\n&#8211; Med\u017eiaga: HDPE (didelio tankio polietilenas)<br \/>\n&#8211; Spalva: Nat\u016brali (pusiau permatoma), galima ir kit\u0173 spalv\u0173 versija<br \/>\n&#8211; Dangtelis: Suderinamas su standartiniais sriegiais, vaikams atspariais dangteliais, dozatoriais ar snapeliais (\u012f komplekt\u0105 ne\u012feina)<\/p>\n<p><strong>Pritaikymo sritys:<\/strong><br \/>\n&#8211; Chemikalai: valikliai, nuriebalintojai, dezinfekavimo skys\u010diai<br \/>\n&#8211; Automobili\u0173 prie\u017ei\u016bra: au\u0161inimo skys\u010diai, lang\u0173 plovikliai, priedai<br \/>\n&#8211; Kosmetika ir higiena: skystas muilas, \u0161amp\u016bnas, losjonai, rank\u0173 dezinfekantai<br \/>\n&#8211; \u017dem\u0117s \u016bkis: skystos tr\u0105\u0161os, lap\u0173 tr\u0105\u0161os, augal\u0173 ekstraktai<br \/>\n&#8211; Statyba ir buitis: gruntas, sandarikliai, vandens pagrindo produktai<br \/>\n&#8211; Laboratorijos ir m\u0117gini\u0173 \u0117mimas: tikslus skys\u010di\u0173 laikymas ir dozavimas<\/p>\n","protected":false},"excerpt":{"rendered":"<p>\u0160is 1 litro plastikinis butelis, pagamintas i\u0161 didelio tankio polietileno (HDPE), yra lengvas, sm\u016bgiams atsparus ir puikiai tinka skys\u010diams bei pusiau skystiems produktams laikyti ir dozuoti. D\u0117l plataus 40\u202fmm sriegio kaklelio butel\u012f lengva pripildyti, i\u0161pilti arba naudoti su pompa ar dozatoriumi. Pusiau permatoma nat\u016brali spalva leid\u017eia matyti skys\u010dio lyg\u012f. Pageidaujant galima u\u017esakyti ir kit\u0173 spalv\u0173 variantus.   <\/p>\n","protected":false},"featured_media":24463,"template":"","meta":[],"product_brand":[],"product_cat":[314],"product_tag":[],"class_list":{"0":"post-24471","1":"product","2":"type-product","3":"status-publish","4":"has-post-thumbnail","6":"product_cat-bugnai-ir-kuro-bakeliai","7":"product_shipping_class-omniva-lt","9":"first","10":"instock","11":"taxable","12":"shipping-taxable","13":"product-type-simple"},"yoast_head":"<!-- This site is optimized with the Yoast SEO plugin v26.9 - https:\/\/yoast.com\/product\/yoast-seo-wordpress\/ -->\n<title>1L HDPE plastikinis butelis \u2013 platus kaklelis (\u00d840\u202fmm) - IBC konteineri m&uuml;&uuml;k, vaadid, kraanid, mahutid<\/title>\n<meta name=\"description\" content=\"\u0160is 1 litro plastikinis butelis, pagamintas i\u0161 didelio tankio polietileno (HDPE), yra lengvas, sm\u016bgiams atsparus ir puikiai tinka skys\u010diams bei pusiau skystiems produktams laikyti ir dozuoti.\" \/>\n<meta name=\"robots\" content=\"index, follow, max-snippet:-1, max-image-preview:large, max-video-preview:-1\" \/>\n<link rel=\"canonical\" href=\"https:\/\/ibc.ee\/lt\/product\/1l-hdpe-plastikinis-butelis-platus-kaklelis-o40-mm\/\" \/>\n<meta property=\"og:locale\" content=\"lt_LT\" \/>\n<meta property=\"og:type\" content=\"article\" \/>\n<meta property=\"og:title\" content=\"1L HDPE plastikinis butelis \u2013 platus kaklelis (\u00d840\u202fmm) - IBC konteineri m&uuml;&uuml;k, vaadid, kraanid, mahutid\" \/>\n<meta property=\"og:description\" content=\"\u0160is 1 litro plastikinis butelis, pagamintas i\u0161 didelio tankio polietileno (HDPE), yra lengvas, sm\u016bgiams atsparus ir puikiai tinka skys\u010diams bei pusiau skystiems produktams laikyti ir dozuoti.\" \/>\n<meta property=\"og:url\" content=\"https:\/\/ibc.ee\/lt\/product\/1l-hdpe-plastikinis-butelis-platus-kaklelis-o40-mm\/\" \/>\n<meta property=\"og:site_name\" content=\"IBC konteineri m&uuml;&uuml;k, vaadid, kraanid, mahutid\" \/>\n<meta property=\"og:image\" content=\"https:\/\/ibc.ee\/wp-content\/uploads\/2025\/07\/1L-HDPE-plastpudel-laia-kaelaga.jpg\" \/>\n\t<meta property=\"og:image:width\" content=\"1000\" \/>\n\t<meta property=\"og:image:height\" content=\"1000\" \/>\n\t<meta property=\"og:image:type\" content=\"image\/jpeg\" \/>\n<meta name=\"twitter:card\" content=\"summary_large_image\" \/>\n<meta name=\"twitter:label1\" content=\"Est. reading time\" \/>\n\t<meta name=\"twitter:data1\" content=\"1 minut\u0117\" \/>\n<script type=\"application\/ld+json\" class=\"yoast-schema-graph\">{\"@context\":\"https:\/\/schema.org\",\"@graph\":[{\"@type\":\"WebPage\",\"@id\":\"https:\/\/ibc.ee\/lt\/product\/1l-hdpe-plastikinis-butelis-platus-kaklelis-o40-mm\/\",\"url\":\"https:\/\/ibc.ee\/lt\/product\/1l-hdpe-plastikinis-butelis-platus-kaklelis-o40-mm\/\",\"name\":\"1L HDPE plastikinis butelis \u2013 platus kaklelis (\u00d840\u202fmm) - IBC konteineri m&uuml;&uuml;k, vaadid, kraanid, mahutid\",\"isPartOf\":{\"@id\":\"https:\/\/www.ibc.ee\/lt\/#website\"},\"primaryImageOfPage\":{\"@id\":\"https:\/\/ibc.ee\/lt\/product\/1l-hdpe-plastikinis-butelis-platus-kaklelis-o40-mm\/#primaryimage\"},\"image\":{\"@id\":\"https:\/\/ibc.ee\/lt\/product\/1l-hdpe-plastikinis-butelis-platus-kaklelis-o40-mm\/#primaryimage\"},\"thumbnailUrl\":\"https:\/\/ibc.ee\/wp-content\/uploads\/2025\/07\/1L-HDPE-plastpudel-laia-kaelaga.jpg\",\"datePublished\":\"2025-07-15T13:18:30+00:00\",\"description\":\"\u0160is 1 litro plastikinis butelis, pagamintas i\u0161 didelio tankio polietileno (HDPE), yra lengvas, sm\u016bgiams atsparus ir puikiai tinka skys\u010diams bei pusiau skystiems produktams laikyti ir dozuoti.\",\"breadcrumb\":{\"@id\":\"https:\/\/ibc.ee\/lt\/product\/1l-hdpe-plastikinis-butelis-platus-kaklelis-o40-mm\/#breadcrumb\"},\"inLanguage\":\"lt-LT\",\"potentialAction\":[{\"@type\":\"ReadAction\",\"target\":[\"https:\/\/ibc.ee\/lt\/product\/1l-hdpe-plastikinis-butelis-platus-kaklelis-o40-mm\/\"]}]},{\"@type\":\"ImageObject\",\"inLanguage\":\"lt-LT\",\"@id\":\"https:\/\/ibc.ee\/lt\/product\/1l-hdpe-plastikinis-butelis-platus-kaklelis-o40-mm\/#primaryimage\",\"url\":\"https:\/\/ibc.ee\/wp-content\/uploads\/2025\/07\/1L-HDPE-plastpudel-laia-kaelaga.jpg\",\"contentUrl\":\"https:\/\/ibc.ee\/wp-content\/uploads\/2025\/07\/1L-HDPE-plastpudel-laia-kaelaga.jpg\",\"width\":1000,\"height\":1000,\"caption\":\"1L HDPE Plastic Bottle \u2013 Wide Neck (\u00d840mm)\"},{\"@type\":\"BreadcrumbList\",\"@id\":\"https:\/\/ibc.ee\/lt\/product\/1l-hdpe-plastikinis-butelis-platus-kaklelis-o40-mm\/#breadcrumb\",\"itemListElement\":[{\"@type\":\"ListItem\",\"position\":1,\"name\":\"\u0413\u043b\u0430\u0432\u043d\u0430\u044f \u0441\u0442\u0440\u0430\u043d\u0438\u0446\u0430\",\"item\":\"https:\/\/ibc.ee\/lt\/\"},{\"@type\":\"ListItem\",\"position\":2,\"name\":\"Parduotuv\u0117\",\"item\":\"https:\/\/ibc.ee\/lt\/shop\/\"},{\"@type\":\"ListItem\",\"position\":3,\"name\":\"1L HDPE plastikinis butelis \u2013 platus kaklelis (\u00d840\u202fmm)\"}]},{\"@type\":\"WebSite\",\"@id\":\"https:\/\/www.ibc.ee\/lt\/#website\",\"url\":\"https:\/\/www.ibc.ee\/lt\/\",\"name\":\"IBC konteineri m&uuml;&uuml;k, vaadid, kraanid, mahutid\",\"description\":\"IBC - Tank container valve, Adapters\\\\fittings, Intermediate bulk, container, Drums\/cans\",\"potentialAction\":[{\"@type\":\"SearchAction\",\"target\":{\"@type\":\"EntryPoint\",\"urlTemplate\":\"https:\/\/www.ibc.ee\/lt\/?s={search_term_string}\"},\"query-input\":{\"@type\":\"PropertyValueSpecification\",\"valueRequired\":true,\"valueName\":\"search_term_string\"}}],\"inLanguage\":\"lt-LT\"}]}<\/script>\n<!-- \/ Yoast SEO plugin. -->","yoast_head_json":{"title":"1L HDPE plastikinis butelis \u2013 platus kaklelis (\u00d840\u202fmm) - IBC konteineri m&uuml;&uuml;k, vaadid, kraanid, mahutid","description":"\u0160is 1 litro plastikinis butelis, pagamintas i\u0161 didelio tankio polietileno (HDPE), yra lengvas, sm\u016bgiams atsparus ir puikiai tinka skys\u010diams bei pusiau skystiems produktams laikyti ir dozuoti.","robots":{"index":"index","follow":"follow","max-snippet":"max-snippet:-1","max-image-preview":"max-image-preview:large","max-video-preview":"max-video-preview:-1"},"canonical":"https:\/\/ibc.ee\/lt\/product\/1l-hdpe-plastikinis-butelis-platus-kaklelis-o40-mm\/","og_locale":"lt_LT","og_type":"article","og_title":"1L HDPE plastikinis butelis \u2013 platus kaklelis (\u00d840\u202fmm) - IBC konteineri m&uuml;&uuml;k, vaadid, kraanid, mahutid","og_description":"\u0160is 1 litro plastikinis butelis, pagamintas i\u0161 didelio tankio polietileno (HDPE), yra lengvas, sm\u016bgiams atsparus ir puikiai tinka skys\u010diams bei pusiau skystiems produktams laikyti ir dozuoti.","og_url":"https:\/\/ibc.ee\/lt\/product\/1l-hdpe-plastikinis-butelis-platus-kaklelis-o40-mm\/","og_site_name":"IBC konteineri m&uuml;&uuml;k, vaadid, kraanid, mahutid","og_image":[{"width":1000,"height":1000,"url":"https:\/\/ibc.ee\/wp-content\/uploads\/2025\/07\/1L-HDPE-plastpudel-laia-kaelaga.jpg","type":"image\/jpeg"}],"twitter_card":"summary_large_image","twitter_misc":{"Est. reading time":"1 minut\u0117"},"schema":{"@context":"https:\/\/schema.org","@graph":[{"@type":"WebPage","@id":"https:\/\/ibc.ee\/lt\/product\/1l-hdpe-plastikinis-butelis-platus-kaklelis-o40-mm\/","url":"https:\/\/ibc.ee\/lt\/product\/1l-hdpe-plastikinis-butelis-platus-kaklelis-o40-mm\/","name":"1L HDPE plastikinis butelis \u2013 platus kaklelis (\u00d840\u202fmm) - IBC konteineri m&uuml;&uuml;k, vaadid, kraanid, mahutid","isPartOf":{"@id":"https:\/\/www.ibc.ee\/lt\/#website"},"primaryImageOfPage":{"@id":"https:\/\/ibc.ee\/lt\/product\/1l-hdpe-plastikinis-butelis-platus-kaklelis-o40-mm\/#primaryimage"},"image":{"@id":"https:\/\/ibc.ee\/lt\/product\/1l-hdpe-plastikinis-butelis-platus-kaklelis-o40-mm\/#primaryimage"},"thumbnailUrl":"https:\/\/ibc.ee\/wp-content\/uploads\/2025\/07\/1L-HDPE-plastpudel-laia-kaelaga.jpg","datePublished":"2025-07-15T13:18:30+00:00","description":"\u0160is 1 litro plastikinis butelis, pagamintas i\u0161 didelio tankio polietileno (HDPE), yra lengvas, sm\u016bgiams atsparus ir puikiai tinka skys\u010diams bei pusiau skystiems produktams laikyti ir dozuoti.","breadcrumb":{"@id":"https:\/\/ibc.ee\/lt\/product\/1l-hdpe-plastikinis-butelis-platus-kaklelis-o40-mm\/#breadcrumb"},"inLanguage":"lt-LT","potentialAction":[{"@type":"ReadAction","target":["https:\/\/ibc.ee\/lt\/product\/1l-hdpe-plastikinis-butelis-platus-kaklelis-o40-mm\/"]}]},{"@type":"ImageObject","inLanguage":"lt-LT","@id":"https:\/\/ibc.ee\/lt\/product\/1l-hdpe-plastikinis-butelis-platus-kaklelis-o40-mm\/#primaryimage","url":"https:\/\/ibc.ee\/wp-content\/uploads\/2025\/07\/1L-HDPE-plastpudel-laia-kaelaga.jpg","contentUrl":"https:\/\/ibc.ee\/wp-content\/uploads\/2025\/07\/1L-HDPE-plastpudel-laia-kaelaga.jpg","width":1000,"height":1000,"caption":"1L HDPE Plastic Bottle \u2013 Wide Neck (\u00d840mm)"},{"@type":"BreadcrumbList","@id":"https:\/\/ibc.ee\/lt\/product\/1l-hdpe-plastikinis-butelis-platus-kaklelis-o40-mm\/#breadcrumb","itemListElement":[{"@type":"ListItem","position":1,"name":"\u0413\u043b\u0430\u0432\u043d\u0430\u044f \u0441\u0442\u0440\u0430\u043d\u0438\u0446\u0430","item":"https:\/\/ibc.ee\/lt\/"},{"@type":"ListItem","position":2,"name":"Parduotuv\u0117","item":"https:\/\/ibc.ee\/lt\/shop\/"},{"@type":"ListItem","position":3,"name":"1L HDPE plastikinis butelis \u2013 platus kaklelis (\u00d840\u202fmm)"}]},{"@type":"WebSite","@id":"https:\/\/www.ibc.ee\/lt\/#website","url":"https:\/\/www.ibc.ee\/lt\/","name":"IBC konteineri m&uuml;&uuml;k, vaadid, kraanid, mahutid","description":"IBC - Tank container valve, Adapters\\fittings, Intermediate bulk, container, Drums\/cans","potentialAction":[{"@type":"SearchAction","target":{"@type":"EntryPoint","urlTemplate":"https:\/\/www.ibc.ee\/lt\/?s={search_term_string}"},"query-input":{"@type":"PropertyValueSpecification","valueRequired":true,"valueName":"search_term_string"}}],"inLanguage":"lt-LT"}]}},"_links":{"self":[{"href":"https:\/\/ibc.ee\/lt\/wp-json\/wp\/v2\/product\/24471","targetHints":{"allow":["GET"]}}],"collection":[{"href":"https:\/\/ibc.ee\/lt\/wp-json\/wp\/v2\/product"}],"about":[{"href":"https:\/\/ibc.ee\/lt\/wp-json\/wp\/v2\/types\/product"}],"wp:featuredmedia":[{"embeddable":true,"href":"https:\/\/ibc.ee\/lt\/wp-json\/wp\/v2\/media\/24463"}],"wp:attachment":[{"href":"https:\/\/ibc.ee\/lt\/wp-json\/wp\/v2\/media?parent=24471"}],"wp:term":[{"taxonomy":"product_brand","embeddable":true,"href":"https:\/\/ibc.ee\/lt\/wp-json\/wp\/v2\/product_brand?post=24471"},{"taxonomy":"product_cat","embeddable":true,"href":"https:\/\/ibc.ee\/lt\/wp-json\/wp\/v2\/product_cat?post=24471"},{"taxonomy":"product_tag","embeddable":true,"href":"https:\/\/ibc.ee\/lt\/wp-json\/wp\/v2\/product_tag?post=24471"}],"curies":[{"name":"wp","href":"https:\/\/api.w.org\/{rel}","templated":true}]}}