{"id":24506,"date":"2025-08-05T14:57:09","date_gmt":"2025-08-05T12:57:10","guid":{"rendered":"https:\/\/ibc.ee\/?post_type=product&#038;p=24506"},"modified":"2025-08-08T10:11:35","modified_gmt":"2025-08-08T08:11:35","slug":"200-l-atnaujinta-emaliuota-metaline-statine-su-nuimamu-dangciu","status":"publish","type":"product","link":"https:\/\/ibc.ee\/lt\/product\/200-l-atnaujinta-emaliuota-metaline-statine-su-nuimamu-dangciu\/","title":{"rendered":"200\u202fL atnaujinta emaliuota metalin\u0117 statin\u0117 su nuimamu dang\u010diu"},"content":{"rendered":"<p>\u0160i 200 litr\u0173 atnaujinta metalin\u0117 statin\u0117 pagaminta i\u0161 patvaraus plieno, o jos vidus padengtas emal\u0117s sluoksniu, kuris apsaugo nuo korozijos. Statin\u0117 turi visi\u0161kai nuimam\u0105 dangt\u012f su u\u017ever\u017eiamu \u017eiedu ir dvi standartines sriegines angas (2\u201d ir \u00be\u201d) su kam\u0161\u010diais. Nors statin\u0117 yra naudota, ji yra geros b\u016bkl\u0117s, \u0161vari ir tinkama \u012fvairiam techniniam bei \u016bkiniam naudojimui.  <\/p>\n<p>Puikiai tinka:<\/p>\n<ul>\n<li>Vandens laikymui sode ar \u016bkyje<\/li>\n<li>Atliek\u0173 deginimui (kaip deginimo statin\u0117)<\/li>\n<li>Lietaus vandens surinkimui<\/li>\n<li>Nekenksming\u0173 skys\u010di\u0173 laikymui<\/li>\n<li>Naudoti statybviet\u0117se kaip universali talpa<\/li>\n<\/ul>\n","protected":false},"excerpt":{"rendered":"<p>\u0160i 200 litr\u0173 atnaujinta metalin\u0117 statin\u0117 pagaminta i\u0161 patvaraus plieno, o jos vidus padengtas emal\u0117s sluoksniu, kuris apsaugo nuo korozijos. Statin\u0117 turi visi\u0161kai nuimam\u0105 dangt\u012f su u\u017ever\u017eiamu \u017eiedu ir dvi standartines sriegines angas (2\u201d ir \u00be\u201d) su kam\u0161\u010diais. Nors statin\u0117 yra naudota, ji yra geros b\u016bkl\u0117s, \u0161vari ir tinkama \u012fvairiam techniniam bei \u016bkiniam naudojimui. Puikiai [&hellip;]<\/p>\n","protected":false},"featured_media":24515,"template":"","meta":[],"product_brand":[],"product_cat":[314],"product_tag":[],"class_list":{"0":"post-24506","1":"product","2":"type-product","3":"status-publish","4":"has-post-thumbnail","6":"product_cat-bugnai-ir-kuro-bakeliai","7":"product_shipping_class-drums-and-cans-lt","9":"first","10":"instock","11":"taxable","12":"shipping-taxable","13":"purchasable","14":"product-type-simple"},"yoast_head":"<!-- This site is optimized with the Yoast SEO plugin v26.9 - https:\/\/yoast.com\/product\/yoast-seo-wordpress\/ -->\n<title>200\u202fL atnaujinta emaliuota metalin\u0117 statin\u0117 su nuimamu dang\u010diu - IBC konteineri m&uuml;&uuml;k, vaadid, kraanid, mahutid<\/title>\n<meta name=\"description\" content=\"\u0160i 200 litr\u0173 atnaujinta metalin\u0117 statin\u0117 pagaminta i\u0161 patvaraus plieno, o jos vidus padengtas emal\u0117s sluoksniu, kuris apsaugo nuo korozijos.\" \/>\n<meta name=\"robots\" content=\"index, follow, max-snippet:-1, max-image-preview:large, max-video-preview:-1\" \/>\n<link rel=\"canonical\" href=\"https:\/\/ibc.ee\/lt\/product\/200-l-atnaujinta-emaliuota-metaline-statine-su-nuimamu-dangciu\/\" \/>\n<meta property=\"og:locale\" content=\"lt_LT\" \/>\n<meta property=\"og:type\" content=\"article\" \/>\n<meta property=\"og:title\" content=\"200\u202fL atnaujinta emaliuota metalin\u0117 statin\u0117 su nuimamu dang\u010diu - IBC konteineri m&uuml;&uuml;k, vaadid, kraanid, mahutid\" \/>\n<meta property=\"og:description\" content=\"\u0160i 200 litr\u0173 atnaujinta metalin\u0117 statin\u0117 pagaminta i\u0161 patvaraus plieno, o jos vidus padengtas emal\u0117s sluoksniu, kuris apsaugo nuo korozijos.\" \/>\n<meta property=\"og:url\" content=\"https:\/\/ibc.ee\/lt\/product\/200-l-atnaujinta-emaliuota-metaline-statine-su-nuimamu-dangciu\/\" \/>\n<meta property=\"og:site_name\" content=\"IBC konteineri m&uuml;&uuml;k, vaadid, kraanid, mahutid\" \/>\n<meta property=\"article:modified_time\" content=\"2025-08-08T08:11:35+00:00\" \/>\n<meta property=\"og:image\" content=\"https:\/\/www.ibc.ee\/wp-content\/uploads\/2025\/08\/200-L-taastatud-emailitud-metalltunn-eemaldatava-kaanega.jpg\" \/>\n\t<meta property=\"og:image:width\" content=\"1000\" \/>\n\t<meta property=\"og:image:height\" content=\"1000\" \/>\n\t<meta property=\"og:image:type\" content=\"image\/jpeg\" \/>\n<meta name=\"twitter:card\" content=\"summary_large_image\" \/>\n<meta name=\"twitter:label1\" content=\"Est. reading time\" \/>\n\t<meta name=\"twitter:data1\" content=\"1 minut\u0117\" \/>\n<script type=\"application\/ld+json\" class=\"yoast-schema-graph\">{\"@context\":\"https:\/\/schema.org\",\"@graph\":[{\"@type\":\"WebPage\",\"@id\":\"https:\/\/ibc.ee\/lt\/product\/200-l-atnaujinta-emaliuota-metaline-statine-su-nuimamu-dangciu\/\",\"url\":\"https:\/\/ibc.ee\/lt\/product\/200-l-atnaujinta-emaliuota-metaline-statine-su-nuimamu-dangciu\/\",\"name\":\"200\u202fL atnaujinta emaliuota metalin\u0117 statin\u0117 su nuimamu dang\u010diu - IBC konteineri m&uuml;&uuml;k, vaadid, kraanid, mahutid\",\"isPartOf\":{\"@id\":\"https:\/\/www.ibc.ee\/lt\/#website\"},\"primaryImageOfPage\":{\"@id\":\"https:\/\/ibc.ee\/lt\/product\/200-l-atnaujinta-emaliuota-metaline-statine-su-nuimamu-dangciu\/#primaryimage\"},\"image\":{\"@id\":\"https:\/\/ibc.ee\/lt\/product\/200-l-atnaujinta-emaliuota-metaline-statine-su-nuimamu-dangciu\/#primaryimage\"},\"thumbnailUrl\":\"https:\/\/ibc.ee\/wp-content\/uploads\/2025\/08\/200-L-taastatud-emailitud-metalltunn-eemaldatava-kaanega.jpg\",\"datePublished\":\"2025-08-05T12:57:10+00:00\",\"dateModified\":\"2025-08-08T08:11:35+00:00\",\"description\":\"\u0160i 200 litr\u0173 atnaujinta metalin\u0117 statin\u0117 pagaminta i\u0161 patvaraus plieno, o jos vidus padengtas emal\u0117s sluoksniu, kuris apsaugo nuo korozijos.\",\"breadcrumb\":{\"@id\":\"https:\/\/ibc.ee\/lt\/product\/200-l-atnaujinta-emaliuota-metaline-statine-su-nuimamu-dangciu\/#breadcrumb\"},\"inLanguage\":\"lt-LT\",\"potentialAction\":[{\"@type\":\"ReadAction\",\"target\":[\"https:\/\/ibc.ee\/lt\/product\/200-l-atnaujinta-emaliuota-metaline-statine-su-nuimamu-dangciu\/\"]}]},{\"@type\":\"ImageObject\",\"inLanguage\":\"lt-LT\",\"@id\":\"https:\/\/ibc.ee\/lt\/product\/200-l-atnaujinta-emaliuota-metaline-statine-su-nuimamu-dangciu\/#primaryimage\",\"url\":\"https:\/\/ibc.ee\/wp-content\/uploads\/2025\/08\/200-L-taastatud-emailitud-metalltunn-eemaldatava-kaanega.jpg\",\"contentUrl\":\"https:\/\/ibc.ee\/wp-content\/uploads\/2025\/08\/200-L-taastatud-emailitud-metalltunn-eemaldatava-kaanega.jpg\",\"width\":1000,\"height\":1000,\"caption\":\"200-L-taastatud-emailitud-metalltunn-eemaldatava-kaanega\"},{\"@type\":\"BreadcrumbList\",\"@id\":\"https:\/\/ibc.ee\/lt\/product\/200-l-atnaujinta-emaliuota-metaline-statine-su-nuimamu-dangciu\/#breadcrumb\",\"itemListElement\":[{\"@type\":\"ListItem\",\"position\":1,\"name\":\"\u0413\u043b\u0430\u0432\u043d\u0430\u044f \u0441\u0442\u0440\u0430\u043d\u0438\u0446\u0430\",\"item\":\"https:\/\/ibc.ee\/lt\/\"},{\"@type\":\"ListItem\",\"position\":2,\"name\":\"Parduotuv\u0117\",\"item\":\"https:\/\/ibc.ee\/lt\/shop\/\"},{\"@type\":\"ListItem\",\"position\":3,\"name\":\"200\u202fL atnaujinta emaliuota metalin\u0117 statin\u0117 su nuimamu dang\u010diu\"}]},{\"@type\":\"WebSite\",\"@id\":\"https:\/\/www.ibc.ee\/lt\/#website\",\"url\":\"https:\/\/www.ibc.ee\/lt\/\",\"name\":\"IBC konteineri m&uuml;&uuml;k, vaadid, kraanid, mahutid\",\"description\":\"IBC - Tank container valve, Adapters\\\\fittings, Intermediate bulk, container, Drums\/cans\",\"potentialAction\":[{\"@type\":\"SearchAction\",\"target\":{\"@type\":\"EntryPoint\",\"urlTemplate\":\"https:\/\/www.ibc.ee\/lt\/?s={search_term_string}\"},\"query-input\":{\"@type\":\"PropertyValueSpecification\",\"valueRequired\":true,\"valueName\":\"search_term_string\"}}],\"inLanguage\":\"lt-LT\"}]}<\/script>\n<!-- \/ Yoast SEO plugin. -->","yoast_head_json":{"title":"200\u202fL atnaujinta emaliuota metalin\u0117 statin\u0117 su nuimamu dang\u010diu - IBC konteineri m&uuml;&uuml;k, vaadid, kraanid, mahutid","description":"\u0160i 200 litr\u0173 atnaujinta metalin\u0117 statin\u0117 pagaminta i\u0161 patvaraus plieno, o jos vidus padengtas emal\u0117s sluoksniu, kuris apsaugo nuo korozijos.","robots":{"index":"index","follow":"follow","max-snippet":"max-snippet:-1","max-image-preview":"max-image-preview:large","max-video-preview":"max-video-preview:-1"},"canonical":"https:\/\/ibc.ee\/lt\/product\/200-l-atnaujinta-emaliuota-metaline-statine-su-nuimamu-dangciu\/","og_locale":"lt_LT","og_type":"article","og_title":"200\u202fL atnaujinta emaliuota metalin\u0117 statin\u0117 su nuimamu dang\u010diu - IBC konteineri m&uuml;&uuml;k, vaadid, kraanid, mahutid","og_description":"\u0160i 200 litr\u0173 atnaujinta metalin\u0117 statin\u0117 pagaminta i\u0161 patvaraus plieno, o jos vidus padengtas emal\u0117s sluoksniu, kuris apsaugo nuo korozijos.","og_url":"https:\/\/ibc.ee\/lt\/product\/200-l-atnaujinta-emaliuota-metaline-statine-su-nuimamu-dangciu\/","og_site_name":"IBC konteineri m&uuml;&uuml;k, vaadid, kraanid, mahutid","article_modified_time":"2025-08-08T08:11:35+00:00","og_image":[{"width":1000,"height":1000,"url":"https:\/\/www.ibc.ee\/wp-content\/uploads\/2025\/08\/200-L-taastatud-emailitud-metalltunn-eemaldatava-kaanega.jpg","type":"image\/jpeg"}],"twitter_card":"summary_large_image","twitter_misc":{"Est. reading time":"1 minut\u0117"},"schema":{"@context":"https:\/\/schema.org","@graph":[{"@type":"WebPage","@id":"https:\/\/ibc.ee\/lt\/product\/200-l-atnaujinta-emaliuota-metaline-statine-su-nuimamu-dangciu\/","url":"https:\/\/ibc.ee\/lt\/product\/200-l-atnaujinta-emaliuota-metaline-statine-su-nuimamu-dangciu\/","name":"200\u202fL atnaujinta emaliuota metalin\u0117 statin\u0117 su nuimamu dang\u010diu - IBC konteineri m&uuml;&uuml;k, vaadid, kraanid, mahutid","isPartOf":{"@id":"https:\/\/www.ibc.ee\/lt\/#website"},"primaryImageOfPage":{"@id":"https:\/\/ibc.ee\/lt\/product\/200-l-atnaujinta-emaliuota-metaline-statine-su-nuimamu-dangciu\/#primaryimage"},"image":{"@id":"https:\/\/ibc.ee\/lt\/product\/200-l-atnaujinta-emaliuota-metaline-statine-su-nuimamu-dangciu\/#primaryimage"},"thumbnailUrl":"https:\/\/ibc.ee\/wp-content\/uploads\/2025\/08\/200-L-taastatud-emailitud-metalltunn-eemaldatava-kaanega.jpg","datePublished":"2025-08-05T12:57:10+00:00","dateModified":"2025-08-08T08:11:35+00:00","description":"\u0160i 200 litr\u0173 atnaujinta metalin\u0117 statin\u0117 pagaminta i\u0161 patvaraus plieno, o jos vidus padengtas emal\u0117s sluoksniu, kuris apsaugo nuo korozijos.","breadcrumb":{"@id":"https:\/\/ibc.ee\/lt\/product\/200-l-atnaujinta-emaliuota-metaline-statine-su-nuimamu-dangciu\/#breadcrumb"},"inLanguage":"lt-LT","potentialAction":[{"@type":"ReadAction","target":["https:\/\/ibc.ee\/lt\/product\/200-l-atnaujinta-emaliuota-metaline-statine-su-nuimamu-dangciu\/"]}]},{"@type":"ImageObject","inLanguage":"lt-LT","@id":"https:\/\/ibc.ee\/lt\/product\/200-l-atnaujinta-emaliuota-metaline-statine-su-nuimamu-dangciu\/#primaryimage","url":"https:\/\/ibc.ee\/wp-content\/uploads\/2025\/08\/200-L-taastatud-emailitud-metalltunn-eemaldatava-kaanega.jpg","contentUrl":"https:\/\/ibc.ee\/wp-content\/uploads\/2025\/08\/200-L-taastatud-emailitud-metalltunn-eemaldatava-kaanega.jpg","width":1000,"height":1000,"caption":"200-L-taastatud-emailitud-metalltunn-eemaldatava-kaanega"},{"@type":"BreadcrumbList","@id":"https:\/\/ibc.ee\/lt\/product\/200-l-atnaujinta-emaliuota-metaline-statine-su-nuimamu-dangciu\/#breadcrumb","itemListElement":[{"@type":"ListItem","position":1,"name":"\u0413\u043b\u0430\u0432\u043d\u0430\u044f \u0441\u0442\u0440\u0430\u043d\u0438\u0446\u0430","item":"https:\/\/ibc.ee\/lt\/"},{"@type":"ListItem","position":2,"name":"Parduotuv\u0117","item":"https:\/\/ibc.ee\/lt\/shop\/"},{"@type":"ListItem","position":3,"name":"200\u202fL atnaujinta emaliuota metalin\u0117 statin\u0117 su nuimamu dang\u010diu"}]},{"@type":"WebSite","@id":"https:\/\/www.ibc.ee\/lt\/#website","url":"https:\/\/www.ibc.ee\/lt\/","name":"IBC konteineri m&uuml;&uuml;k, vaadid, kraanid, mahutid","description":"IBC - Tank container valve, Adapters\\fittings, Intermediate bulk, container, Drums\/cans","potentialAction":[{"@type":"SearchAction","target":{"@type":"EntryPoint","urlTemplate":"https:\/\/www.ibc.ee\/lt\/?s={search_term_string}"},"query-input":{"@type":"PropertyValueSpecification","valueRequired":true,"valueName":"search_term_string"}}],"inLanguage":"lt-LT"}]}},"_links":{"self":[{"href":"https:\/\/ibc.ee\/lt\/wp-json\/wp\/v2\/product\/24506","targetHints":{"allow":["GET"]}}],"collection":[{"href":"https:\/\/ibc.ee\/lt\/wp-json\/wp\/v2\/product"}],"about":[{"href":"https:\/\/ibc.ee\/lt\/wp-json\/wp\/v2\/types\/product"}],"wp:featuredmedia":[{"embeddable":true,"href":"https:\/\/ibc.ee\/lt\/wp-json\/wp\/v2\/media\/24515"}],"wp:attachment":[{"href":"https:\/\/ibc.ee\/lt\/wp-json\/wp\/v2\/media?parent=24506"}],"wp:term":[{"taxonomy":"product_brand","embeddable":true,"href":"https:\/\/ibc.ee\/lt\/wp-json\/wp\/v2\/product_brand?post=24506"},{"taxonomy":"product_cat","embeddable":true,"href":"https:\/\/ibc.ee\/lt\/wp-json\/wp\/v2\/product_cat?post=24506"},{"taxonomy":"product_tag","embeddable":true,"href":"https:\/\/ibc.ee\/lt\/wp-json\/wp\/v2\/product_tag?post=24506"}],"curies":[{"name":"wp","href":"https:\/\/api.w.org\/{rel}","templated":true}]}}