{"id":24542,"date":"2025-08-06T11:38:44","date_gmt":"2025-08-06T09:38:45","guid":{"rendered":"https:\/\/ibc.ee\/?post_type=product&#038;p=24542"},"modified":"2025-08-08T10:04:23","modified_gmt":"2025-08-08T08:04:23","slug":"raincube-ibc-1000-naudotas-ir-isplautas-1000-litru-ibc-konteineris","status":"publish","type":"product","link":"https:\/\/ibc.ee\/lt\/product\/raincube-ibc-1000-naudotas-ir-isplautas-1000-litru-ibc-konteineris\/","title":{"rendered":"RainCube IBC 1000 \u2013 naudotas ir i\u0161plautas 1000 litr\u0173 IBC konteineris"},"content":{"rendered":"<p>RainCube IBC 1000 \u2013 tai kruop\u0161\u010diai i\u0161plauta ir patikrinta naudota 1000 litr\u0173 tarpin\u0117 talpa (IBC), skirta lietaus, pilkojo ar kito negeriamojo vandens saugojimui. Tai ekonomi\u0161kas ir aplinkai draugi\u0161kas sprendimas, tinkantis naudoti buityje, soduose ir lengvosios pramon\u0117s poreikiams, kai nereikalingas UN ar FDA sertifikatas. <\/p>\n<p>RainCube IBC 1000 puikiai tinka:<\/p>\n<ul>\n<li>Lietaus vandens surinkimui (sodams, laistymui, tualet\u0173 sistemoms)<\/li>\n<li>Pilkojo vandens (kriaukli\u0173, du\u0161\u0173, skalbimo ma\u0161in\u0173) laikymui<\/li>\n<li>Laikinam nuotek\u0173 saugojimui<\/li>\n<li>\u017dem\u0117s \u016bkio ir sodininkyst\u0117s reikm\u0117ms<\/li>\n<li>Techniniam naudojimui statyb\u0173 aik\u0161tel\u0117se<\/li>\n<li>Skiedini\u0173 ar valikli\u0173 paruo\u0161imui<\/li>\n<\/ul>\n","protected":false},"excerpt":{"rendered":"<p>RainCube IBC 1000 \u2013 tai kruop\u0161\u010diai i\u0161plauta ir patikrinta naudota 1000 litr\u0173 tarpin\u0117 talpa (IBC), skirta lietaus, pilkojo ar kito negeriamojo vandens saugojimui. Tai ekonomi\u0161kas ir aplinkai draugi\u0161kas sprendimas, tinkantis naudoti buityje, soduose ir lengvosios pramon\u0117s poreikiams, kai nereikalingas UN ar FDA sertifikatas. RainCube IBC 1000 puikiai tinka: Lietaus vandens surinkimui (sodams, laistymui, tualet\u0173 sistemoms) [&hellip;]<\/p>\n","protected":false},"featured_media":24551,"template":"","meta":[],"product_brand":[],"product_cat":[317],"product_tag":[],"class_list":{"0":"post-24542","1":"product","2":"type-product","3":"status-publish","4":"has-post-thumbnail","6":"product_cat-tarpinis-tara-ibc-1000-litru","7":"product_shipping_class-drums-and-cans-lt","9":"first","10":"instock","11":"taxable","12":"shipping-taxable","13":"purchasable","14":"product-type-simple"},"yoast_head":"<!-- This site is optimized with the Yoast SEO plugin v26.9 - https:\/\/yoast.com\/product\/yoast-seo-wordpress\/ -->\n<title>RainCube IBC 1000 \u2013 naudotas ir i\u0161plautas 1000 litr\u0173 IBC konteineris - IBC konteineri m&uuml;&uuml;k, vaadid, kraanid, mahutid<\/title>\n<meta name=\"description\" content=\"RainCube IBC 1000 \u2013 tai kruop\u0161\u010diai i\u0161plauta ir patikrinta naudota 1000 litr\u0173 tarpin\u0117 talpa (IBC), skirta lietaus, pilkojo ar kito negeriamojo vandens saugojimui.\" \/>\n<meta name=\"robots\" content=\"index, follow, max-snippet:-1, max-image-preview:large, max-video-preview:-1\" \/>\n<link rel=\"canonical\" href=\"https:\/\/ibc.ee\/lt\/product\/raincube-ibc-1000-naudotas-ir-isplautas-1000-litru-ibc-konteineris\/\" \/>\n<meta property=\"og:locale\" content=\"lt_LT\" \/>\n<meta property=\"og:type\" content=\"article\" \/>\n<meta property=\"og:title\" content=\"RainCube IBC 1000 \u2013 naudotas ir i\u0161plautas 1000 litr\u0173 IBC konteineris - IBC konteineri m&uuml;&uuml;k, vaadid, kraanid, mahutid\" \/>\n<meta property=\"og:description\" content=\"RainCube IBC 1000 \u2013 tai kruop\u0161\u010diai i\u0161plauta ir patikrinta naudota 1000 litr\u0173 tarpin\u0117 talpa (IBC), skirta lietaus, pilkojo ar kito negeriamojo vandens saugojimui.\" \/>\n<meta property=\"og:url\" content=\"https:\/\/ibc.ee\/lt\/product\/raincube-ibc-1000-naudotas-ir-isplautas-1000-litru-ibc-konteineris\/\" \/>\n<meta property=\"og:site_name\" content=\"IBC konteineri m&uuml;&uuml;k, vaadid, kraanid, mahutid\" \/>\n<meta property=\"article:modified_time\" content=\"2025-08-08T08:04:23+00:00\" \/>\n<meta property=\"og:image\" content=\"https:\/\/ibc.ee\/wp-content\/uploads\/2025\/08\/RainCube-IBC-1000-kasutatud-ja-pestud-1000L-IBC-konteiner.jpg\" \/>\n\t<meta property=\"og:image:width\" content=\"1000\" \/>\n\t<meta property=\"og:image:height\" content=\"1000\" \/>\n\t<meta property=\"og:image:type\" content=\"image\/jpeg\" \/>\n<meta name=\"twitter:card\" content=\"summary_large_image\" \/>\n<meta name=\"twitter:label1\" content=\"Est. reading time\" \/>\n\t<meta name=\"twitter:data1\" content=\"1 minut\u0117\" \/>\n<script type=\"application\/ld+json\" class=\"yoast-schema-graph\">{\"@context\":\"https:\/\/schema.org\",\"@graph\":[{\"@type\":\"WebPage\",\"@id\":\"https:\/\/ibc.ee\/lt\/product\/raincube-ibc-1000-naudotas-ir-isplautas-1000-litru-ibc-konteineris\/\",\"url\":\"https:\/\/ibc.ee\/lt\/product\/raincube-ibc-1000-naudotas-ir-isplautas-1000-litru-ibc-konteineris\/\",\"name\":\"RainCube IBC 1000 \u2013 naudotas ir i\u0161plautas 1000 litr\u0173 IBC konteineris - IBC konteineri m&uuml;&uuml;k, vaadid, kraanid, mahutid\",\"isPartOf\":{\"@id\":\"https:\/\/ibc.ee\/lt\/#website\"},\"primaryImageOfPage\":{\"@id\":\"https:\/\/ibc.ee\/lt\/product\/raincube-ibc-1000-naudotas-ir-isplautas-1000-litru-ibc-konteineris\/#primaryimage\"},\"image\":{\"@id\":\"https:\/\/ibc.ee\/lt\/product\/raincube-ibc-1000-naudotas-ir-isplautas-1000-litru-ibc-konteineris\/#primaryimage\"},\"thumbnailUrl\":\"https:\/\/ibc.ee\/wp-content\/uploads\/2025\/08\/RainCube-IBC-1000-kasutatud-ja-pestud-1000L-IBC-konteiner.jpg\",\"datePublished\":\"2025-08-06T09:38:45+00:00\",\"dateModified\":\"2025-08-08T08:04:23+00:00\",\"description\":\"RainCube IBC 1000 \u2013 tai kruop\u0161\u010diai i\u0161plauta ir patikrinta naudota 1000 litr\u0173 tarpin\u0117 talpa (IBC), skirta lietaus, pilkojo ar kito negeriamojo vandens saugojimui.\",\"breadcrumb\":{\"@id\":\"https:\/\/ibc.ee\/lt\/product\/raincube-ibc-1000-naudotas-ir-isplautas-1000-litru-ibc-konteineris\/#breadcrumb\"},\"inLanguage\":\"lt-LT\",\"potentialAction\":[{\"@type\":\"ReadAction\",\"target\":[\"https:\/\/ibc.ee\/lt\/product\/raincube-ibc-1000-naudotas-ir-isplautas-1000-litru-ibc-konteineris\/\"]}]},{\"@type\":\"ImageObject\",\"inLanguage\":\"lt-LT\",\"@id\":\"https:\/\/ibc.ee\/lt\/product\/raincube-ibc-1000-naudotas-ir-isplautas-1000-litru-ibc-konteineris\/#primaryimage\",\"url\":\"https:\/\/ibc.ee\/wp-content\/uploads\/2025\/08\/RainCube-IBC-1000-kasutatud-ja-pestud-1000L-IBC-konteiner.jpg\",\"contentUrl\":\"https:\/\/ibc.ee\/wp-content\/uploads\/2025\/08\/RainCube-IBC-1000-kasutatud-ja-pestud-1000L-IBC-konteiner.jpg\",\"width\":1000,\"height\":1000,\"caption\":\"RainCube IBC 1000 \u2013 used and washed 1000L IBC container\"},{\"@type\":\"BreadcrumbList\",\"@id\":\"https:\/\/ibc.ee\/lt\/product\/raincube-ibc-1000-naudotas-ir-isplautas-1000-litru-ibc-konteineris\/#breadcrumb\",\"itemListElement\":[{\"@type\":\"ListItem\",\"position\":1,\"name\":\"\u0413\u043b\u0430\u0432\u043d\u0430\u044f \u0441\u0442\u0440\u0430\u043d\u0438\u0446\u0430\",\"item\":\"https:\/\/ibc.ee\/lt\/\"},{\"@type\":\"ListItem\",\"position\":2,\"name\":\"Parduotuv\u0117\",\"item\":\"https:\/\/ibc.ee\/lt\/shop\/\"},{\"@type\":\"ListItem\",\"position\":3,\"name\":\"RainCube IBC 1000 \u2013 naudotas ir i\u0161plautas 1000 litr\u0173 IBC konteineris\"}]},{\"@type\":\"WebSite\",\"@id\":\"https:\/\/ibc.ee\/lt\/#website\",\"url\":\"https:\/\/ibc.ee\/lt\/\",\"name\":\"IBC konteineri m&uuml;&uuml;k, vaadid, kraanid, mahutid\",\"description\":\"IBC - Tank container valve, Adapters\\\\fittings, Intermediate bulk, container, Drums\/cans\",\"potentialAction\":[{\"@type\":\"SearchAction\",\"target\":{\"@type\":\"EntryPoint\",\"urlTemplate\":\"https:\/\/ibc.ee\/lt\/?s={search_term_string}\"},\"query-input\":{\"@type\":\"PropertyValueSpecification\",\"valueRequired\":true,\"valueName\":\"search_term_string\"}}],\"inLanguage\":\"lt-LT\"}]}<\/script>\n<!-- \/ Yoast SEO plugin. -->","yoast_head_json":{"title":"RainCube IBC 1000 \u2013 naudotas ir i\u0161plautas 1000 litr\u0173 IBC konteineris - IBC konteineri m&uuml;&uuml;k, vaadid, kraanid, mahutid","description":"RainCube IBC 1000 \u2013 tai kruop\u0161\u010diai i\u0161plauta ir patikrinta naudota 1000 litr\u0173 tarpin\u0117 talpa (IBC), skirta lietaus, pilkojo ar kito negeriamojo vandens saugojimui.","robots":{"index":"index","follow":"follow","max-snippet":"max-snippet:-1","max-image-preview":"max-image-preview:large","max-video-preview":"max-video-preview:-1"},"canonical":"https:\/\/ibc.ee\/lt\/product\/raincube-ibc-1000-naudotas-ir-isplautas-1000-litru-ibc-konteineris\/","og_locale":"lt_LT","og_type":"article","og_title":"RainCube IBC 1000 \u2013 naudotas ir i\u0161plautas 1000 litr\u0173 IBC konteineris - IBC konteineri m&uuml;&uuml;k, vaadid, kraanid, mahutid","og_description":"RainCube IBC 1000 \u2013 tai kruop\u0161\u010diai i\u0161plauta ir patikrinta naudota 1000 litr\u0173 tarpin\u0117 talpa (IBC), skirta lietaus, pilkojo ar kito negeriamojo vandens saugojimui.","og_url":"https:\/\/ibc.ee\/lt\/product\/raincube-ibc-1000-naudotas-ir-isplautas-1000-litru-ibc-konteineris\/","og_site_name":"IBC konteineri m&uuml;&uuml;k, vaadid, kraanid, mahutid","article_modified_time":"2025-08-08T08:04:23+00:00","og_image":[{"width":1000,"height":1000,"url":"https:\/\/ibc.ee\/wp-content\/uploads\/2025\/08\/RainCube-IBC-1000-kasutatud-ja-pestud-1000L-IBC-konteiner.jpg","type":"image\/jpeg"}],"twitter_card":"summary_large_image","twitter_misc":{"Est. reading time":"1 minut\u0117"},"schema":{"@context":"https:\/\/schema.org","@graph":[{"@type":"WebPage","@id":"https:\/\/ibc.ee\/lt\/product\/raincube-ibc-1000-naudotas-ir-isplautas-1000-litru-ibc-konteineris\/","url":"https:\/\/ibc.ee\/lt\/product\/raincube-ibc-1000-naudotas-ir-isplautas-1000-litru-ibc-konteineris\/","name":"RainCube IBC 1000 \u2013 naudotas ir i\u0161plautas 1000 litr\u0173 IBC konteineris - IBC konteineri m&uuml;&uuml;k, vaadid, kraanid, mahutid","isPartOf":{"@id":"https:\/\/ibc.ee\/lt\/#website"},"primaryImageOfPage":{"@id":"https:\/\/ibc.ee\/lt\/product\/raincube-ibc-1000-naudotas-ir-isplautas-1000-litru-ibc-konteineris\/#primaryimage"},"image":{"@id":"https:\/\/ibc.ee\/lt\/product\/raincube-ibc-1000-naudotas-ir-isplautas-1000-litru-ibc-konteineris\/#primaryimage"},"thumbnailUrl":"https:\/\/ibc.ee\/wp-content\/uploads\/2025\/08\/RainCube-IBC-1000-kasutatud-ja-pestud-1000L-IBC-konteiner.jpg","datePublished":"2025-08-06T09:38:45+00:00","dateModified":"2025-08-08T08:04:23+00:00","description":"RainCube IBC 1000 \u2013 tai kruop\u0161\u010diai i\u0161plauta ir patikrinta naudota 1000 litr\u0173 tarpin\u0117 talpa (IBC), skirta lietaus, pilkojo ar kito negeriamojo vandens saugojimui.","breadcrumb":{"@id":"https:\/\/ibc.ee\/lt\/product\/raincube-ibc-1000-naudotas-ir-isplautas-1000-litru-ibc-konteineris\/#breadcrumb"},"inLanguage":"lt-LT","potentialAction":[{"@type":"ReadAction","target":["https:\/\/ibc.ee\/lt\/product\/raincube-ibc-1000-naudotas-ir-isplautas-1000-litru-ibc-konteineris\/"]}]},{"@type":"ImageObject","inLanguage":"lt-LT","@id":"https:\/\/ibc.ee\/lt\/product\/raincube-ibc-1000-naudotas-ir-isplautas-1000-litru-ibc-konteineris\/#primaryimage","url":"https:\/\/ibc.ee\/wp-content\/uploads\/2025\/08\/RainCube-IBC-1000-kasutatud-ja-pestud-1000L-IBC-konteiner.jpg","contentUrl":"https:\/\/ibc.ee\/wp-content\/uploads\/2025\/08\/RainCube-IBC-1000-kasutatud-ja-pestud-1000L-IBC-konteiner.jpg","width":1000,"height":1000,"caption":"RainCube IBC 1000 \u2013 used and washed 1000L IBC container"},{"@type":"BreadcrumbList","@id":"https:\/\/ibc.ee\/lt\/product\/raincube-ibc-1000-naudotas-ir-isplautas-1000-litru-ibc-konteineris\/#breadcrumb","itemListElement":[{"@type":"ListItem","position":1,"name":"\u0413\u043b\u0430\u0432\u043d\u0430\u044f \u0441\u0442\u0440\u0430\u043d\u0438\u0446\u0430","item":"https:\/\/ibc.ee\/lt\/"},{"@type":"ListItem","position":2,"name":"Parduotuv\u0117","item":"https:\/\/ibc.ee\/lt\/shop\/"},{"@type":"ListItem","position":3,"name":"RainCube IBC 1000 \u2013 naudotas ir i\u0161plautas 1000 litr\u0173 IBC konteineris"}]},{"@type":"WebSite","@id":"https:\/\/ibc.ee\/lt\/#website","url":"https:\/\/ibc.ee\/lt\/","name":"IBC konteineri m&uuml;&uuml;k, vaadid, kraanid, mahutid","description":"IBC - Tank container valve, Adapters\\fittings, Intermediate bulk, container, Drums\/cans","potentialAction":[{"@type":"SearchAction","target":{"@type":"EntryPoint","urlTemplate":"https:\/\/ibc.ee\/lt\/?s={search_term_string}"},"query-input":{"@type":"PropertyValueSpecification","valueRequired":true,"valueName":"search_term_string"}}],"inLanguage":"lt-LT"}]}},"_links":{"self":[{"href":"https:\/\/ibc.ee\/lt\/wp-json\/wp\/v2\/product\/24542","targetHints":{"allow":["GET"]}}],"collection":[{"href":"https:\/\/ibc.ee\/lt\/wp-json\/wp\/v2\/product"}],"about":[{"href":"https:\/\/ibc.ee\/lt\/wp-json\/wp\/v2\/types\/product"}],"wp:featuredmedia":[{"embeddable":true,"href":"https:\/\/ibc.ee\/lt\/wp-json\/wp\/v2\/media\/24551"}],"wp:attachment":[{"href":"https:\/\/ibc.ee\/lt\/wp-json\/wp\/v2\/media?parent=24542"}],"wp:term":[{"taxonomy":"product_brand","embeddable":true,"href":"https:\/\/ibc.ee\/lt\/wp-json\/wp\/v2\/product_brand?post=24542"},{"taxonomy":"product_cat","embeddable":true,"href":"https:\/\/ibc.ee\/lt\/wp-json\/wp\/v2\/product_cat?post=24542"},{"taxonomy":"product_tag","embeddable":true,"href":"https:\/\/ibc.ee\/lt\/wp-json\/wp\/v2\/product_tag?post=24542"}],"curies":[{"name":"wp","href":"https:\/\/api.w.org\/{rel}","templated":true}]}}