{"id":16744,"date":"2018-09-18T12:10:39","date_gmt":"2018-09-18T12:10:39","guid":{"rendered":"https:\/\/ibc.ee\/sazinieties-ar-mums\/"},"modified":"2019-12-30T14:09:00","modified_gmt":"2019-12-30T12:09:00","slug":"sazinieties-ar-mums","status":"publish","type":"page","link":"https:\/\/ibc.ee\/lv\/sazinieties-ar-mums\/","title":{"rendered":"Sazinieties ar mums"},"content":{"rendered":"<p>[vc_row full_width=&#8221;stretch_row_content_no_spaces&#8221; layout=&#8221;ts-row-boxed&#8221; enable_parallax=&#8221;&#8221; el_class=&#8221;map-contact&#8221;][vc_column]\t\t<div class=\"google-map-container\" style=\"height:560px\" \n\t\t\tdata-address=\"Estonia,Harjumaa,Maardu, Lao 4\" data-zoom=\"12\" data-map_type=\"ROADMAP\" data-title=\"\">\n\t\t\t<div style=\"height:560px\"><\/div>\n\t\t<\/div>\n\t\t[\/vc_column][\/vc_row][vc_row css=&#8221;.vc_custom_1478007643581{padding-top: 26px !important;}&#8221;][vc_column][vc_column_text]<\/p>\n<h5 style=\"color: #000000; text-align: center; margin: 0;\">laipni l\u016bgti<\/h5>\n<h3 class=\"title-bottom-line\" style=\"font-weight: bold; color: #000000; text-align: center;\">sazin\u0101simies<\/h3>\n<p style=\"text-align: center;\">Nekautr\u0113jieties sazin\u0101ties ar mums izmantojot kontaktus zem\u0101k. M\u0113s atbild\u0113sim, Uzzi\u0146as un jaut\u0101jumi no pirmdienas l\u012bdz piektdienai 9:00-17:00<\/p>\n<p>[\/vc_column_text][vc_row_inner css=&#8221;.vc_custom_1478053234990{padding-top: 30px !important;}&#8221;][vc_column_inner width=&#8221;1\/3&#8243;][vc_column_text]<\/p>\n<div class=\"office-address primary-text\" style=\"text-align: center;\">BIROJA ADRESE<\/div>\n<p style=\"text-align: center;\">Eesti, M\u0101rdu 74114 Lao 4<\/p>\n<p>[\/vc_column_text][\/vc_column_inner][vc_column_inner width=&#8221;1\/3&#8243;][vc_column_text]<\/p>\n<div class=\"phone-numbers primary-text\" style=\"text-align: center;\">T\u0100LRU\u0145U NUMURUS<\/div>\n<p class=\"text-color-default\" style=\"text-align: center;\">+372 5504440<\/p>\n<p style=\"text-align: center;\">+372 5098500<\/p>\n<p style=\"text-align: center;\">+372 55513600<\/p>\n<p>[\/vc_column_text][\/vc_column_inner][vc_column_inner width=&#8221;1\/3&#8243;][vc_column_text]<\/p>\n<div class=\"email-address primary-text\" style=\"text-align: center;\">E-PASTA ADRESI<\/div>\n<p style=\"text-align: center;\">info@IBC.ee<\/p>\n<p>[\/vc_column_text][\/vc_column_inner][\/vc_row_inner]<p class=\"wpcf7-contact-form-not-found\"><strong>Error:<\/strong> Contact form not found.<\/p>[\/vc_column][\/vc_row]<\/p>\n","protected":false},"excerpt":{"rendered":"<p>[vc_row full_width=&#8221;stretch_row_content_no_spaces&#8221; layout=&#8221;ts-row-boxed&#8221; enable_parallax=&#8221;&#8221; el_class=&#8221;map-contact&#8221;][vc_column][\/vc_column][\/vc_row][vc_row css=&#8221;.vc_custom_1478007643581{padding-top: 26px !important;}&#8221;][vc_column][vc_column_text] laipni l\u016bgti sazin\u0101simies Nekautr\u0113jieties sazin\u0101ties ar mums izmantojot kontaktus zem\u0101k. M\u0113s atbild\u0113sim, Uzzi\u0146as un jaut\u0101jumi no pirmdienas l\u012bdz piektdienai 9:00-17:00 [\/vc_column_text][vc_row_inner css=&#8221;.vc_custom_1478053234990{padding-top: 30px !important;}&#8221;][vc_column_inner width=&#8221;1\/3&#8243;][vc_column_text] BIROJA ADRESE Eesti, M\u0101rdu 74114 Lao 4 [\/vc_column_text][\/vc_column_inner][vc_column_inner width=&#8221;1\/3&#8243;][vc_column_text] T\u0100LRU\u0145U NUMURUS +372 5504440 +372 5098500 +372 55513600 [\/vc_column_text][\/vc_column_inner][vc_column_inner width=&#8221;1\/3&#8243;][vc_column_text] E-PASTA ADRESI info@IBC.ee [&hellip;]<\/p>\n","protected":false},"author":1,"featured_media":0,"parent":0,"menu_order":0,"comment_status":"closed","ping_status":"closed","template":"","meta":{"footnotes":""},"class_list":["post-16744","page","type-page","status-publish","hentry"],"yoast_head":"<!-- This site is optimized with the Yoast SEO plugin v26.9 - https:\/\/yoast.com\/product\/yoast-seo-wordpress\/ -->\n<title>Sazinieties ar mums - IBC konteineri m&uuml;&uuml;k, vaadid, kraanid, mahutid<\/title>\n<meta name=\"robots\" content=\"index, follow, max-snippet:-1, max-image-preview:large, max-video-preview:-1\" \/>\n<link rel=\"canonical\" href=\"https:\/\/ibc.ee\/lv\/sazinieties-ar-mums\/\" \/>\n<meta property=\"og:locale\" content=\"lv_LV\" \/>\n<meta property=\"og:type\" content=\"article\" \/>\n<meta property=\"og:title\" content=\"Sazinieties ar mums - IBC konteineri m&uuml;&uuml;k, vaadid, kraanid, mahutid\" \/>\n<meta property=\"og:description\" content=\"[vc_row full_width=&#8221;stretch_row_content_no_spaces&#8221; layout=&#8221;ts-row-boxed&#8221; enable_parallax=&#8221;&#8221; el_class=&#8221;map-contact&#8221;][vc_column][\/vc_column][\/vc_row][vc_row css=&#8221;.vc_custom_1478007643581{padding-top: 26px !important;}&#8221;][vc_column][vc_column_text] laipni l\u016bgti sazin\u0101simies Nekautr\u0113jieties sazin\u0101ties ar mums izmantojot kontaktus zem\u0101k. M\u0113s atbild\u0113sim, Uzzi\u0146as un jaut\u0101jumi no pirmdienas l\u012bdz piektdienai 9:00-17:00 [\/vc_column_text][vc_row_inner css=&#8221;.vc_custom_1478053234990{padding-top: 30px !important;}&#8221;][vc_column_inner width=&#8221;1\/3&#8243;][vc_column_text] BIROJA ADRESE Eesti, M\u0101rdu 74114 Lao 4 [\/vc_column_text][\/vc_column_inner][vc_column_inner width=&#8221;1\/3&#8243;][vc_column_text] T\u0100LRU\u0145U NUMURUS +372 5504440 +372 5098500 +372 55513600 [\/vc_column_text][\/vc_column_inner][vc_column_inner width=&#8221;1\/3&#8243;][vc_column_text] E-PASTA ADRESI info@IBC.ee [&hellip;]\" \/>\n<meta property=\"og:url\" content=\"https:\/\/ibc.ee\/lv\/sazinieties-ar-mums\/\" \/>\n<meta property=\"og:site_name\" content=\"IBC konteineri m&uuml;&uuml;k, vaadid, kraanid, mahutid\" \/>\n<meta property=\"article:modified_time\" content=\"2019-12-30T12:09:00+00:00\" \/>\n<meta name=\"twitter:card\" content=\"summary_large_image\" \/>\n<meta name=\"twitter:label1\" content=\"Est. reading time\" \/>\n\t<meta name=\"twitter:data1\" content=\"1 minute\" \/>\n<script type=\"application\/ld+json\" class=\"yoast-schema-graph\">{\"@context\":\"https:\/\/schema.org\",\"@graph\":[{\"@type\":\"WebPage\",\"@id\":\"https:\/\/ibc.ee\/lv\/sazinieties-ar-mums\/\",\"url\":\"https:\/\/ibc.ee\/lv\/sazinieties-ar-mums\/\",\"name\":\"Sazinieties ar mums - IBC konteineri m&uuml;&uuml;k, vaadid, kraanid, mahutid\",\"isPartOf\":{\"@id\":\"https:\/\/www.ibc.ee\/lv\/#website\"},\"datePublished\":\"2018-09-18T12:10:39+00:00\",\"dateModified\":\"2019-12-30T12:09:00+00:00\",\"breadcrumb\":{\"@id\":\"https:\/\/ibc.ee\/lv\/sazinieties-ar-mums\/#breadcrumb\"},\"inLanguage\":\"lv-LV\",\"potentialAction\":[{\"@type\":\"ReadAction\",\"target\":[\"https:\/\/ibc.ee\/lv\/sazinieties-ar-mums\/\"]}]},{\"@type\":\"BreadcrumbList\",\"@id\":\"https:\/\/ibc.ee\/lv\/sazinieties-ar-mums\/#breadcrumb\",\"itemListElement\":[{\"@type\":\"ListItem\",\"position\":1,\"name\":\"\u0413\u043b\u0430\u0432\u043d\u0430\u044f \u0441\u0442\u0440\u0430\u043d\u0438\u0446\u0430\",\"item\":\"https:\/\/www.ibc.ee\/lv\/\"},{\"@type\":\"ListItem\",\"position\":2,\"name\":\"Sazinieties ar mums\"}]},{\"@type\":\"WebSite\",\"@id\":\"https:\/\/www.ibc.ee\/lv\/#website\",\"url\":\"https:\/\/www.ibc.ee\/lv\/\",\"name\":\"IBC konteineri m&uuml;&uuml;k, vaadid, kraanid, mahutid\",\"description\":\"IBC - Tank container valve, Adapters\\\\fittings, Intermediate bulk, container, Drums\/cans\",\"potentialAction\":[{\"@type\":\"SearchAction\",\"target\":{\"@type\":\"EntryPoint\",\"urlTemplate\":\"https:\/\/www.ibc.ee\/lv\/?s={search_term_string}\"},\"query-input\":{\"@type\":\"PropertyValueSpecification\",\"valueRequired\":true,\"valueName\":\"search_term_string\"}}],\"inLanguage\":\"lv-LV\"}]}<\/script>\n<!-- \/ Yoast SEO plugin. -->","yoast_head_json":{"title":"Sazinieties ar mums - IBC konteineri m&uuml;&uuml;k, vaadid, kraanid, mahutid","robots":{"index":"index","follow":"follow","max-snippet":"max-snippet:-1","max-image-preview":"max-image-preview:large","max-video-preview":"max-video-preview:-1"},"canonical":"https:\/\/ibc.ee\/lv\/sazinieties-ar-mums\/","og_locale":"lv_LV","og_type":"article","og_title":"Sazinieties ar mums - IBC konteineri m&uuml;&uuml;k, vaadid, kraanid, mahutid","og_description":"[vc_row full_width=&#8221;stretch_row_content_no_spaces&#8221; layout=&#8221;ts-row-boxed&#8221; enable_parallax=&#8221;&#8221; el_class=&#8221;map-contact&#8221;][vc_column][\/vc_column][\/vc_row][vc_row css=&#8221;.vc_custom_1478007643581{padding-top: 26px !important;}&#8221;][vc_column][vc_column_text] laipni l\u016bgti sazin\u0101simies Nekautr\u0113jieties sazin\u0101ties ar mums izmantojot kontaktus zem\u0101k. M\u0113s atbild\u0113sim, Uzzi\u0146as un jaut\u0101jumi no pirmdienas l\u012bdz piektdienai 9:00-17:00 [\/vc_column_text][vc_row_inner css=&#8221;.vc_custom_1478053234990{padding-top: 30px !important;}&#8221;][vc_column_inner width=&#8221;1\/3&#8243;][vc_column_text] BIROJA ADRESE Eesti, M\u0101rdu 74114 Lao 4 [\/vc_column_text][\/vc_column_inner][vc_column_inner width=&#8221;1\/3&#8243;][vc_column_text] T\u0100LRU\u0145U NUMURUS +372 5504440 +372 5098500 +372 55513600 [\/vc_column_text][\/vc_column_inner][vc_column_inner width=&#8221;1\/3&#8243;][vc_column_text] E-PASTA ADRESI info@IBC.ee [&hellip;]","og_url":"https:\/\/ibc.ee\/lv\/sazinieties-ar-mums\/","og_site_name":"IBC konteineri m&uuml;&uuml;k, vaadid, kraanid, mahutid","article_modified_time":"2019-12-30T12:09:00+00:00","twitter_card":"summary_large_image","twitter_misc":{"Est. reading time":"1 minute"},"schema":{"@context":"https:\/\/schema.org","@graph":[{"@type":"WebPage","@id":"https:\/\/ibc.ee\/lv\/sazinieties-ar-mums\/","url":"https:\/\/ibc.ee\/lv\/sazinieties-ar-mums\/","name":"Sazinieties ar mums - IBC konteineri m&uuml;&uuml;k, vaadid, kraanid, mahutid","isPartOf":{"@id":"https:\/\/www.ibc.ee\/lv\/#website"},"datePublished":"2018-09-18T12:10:39+00:00","dateModified":"2019-12-30T12:09:00+00:00","breadcrumb":{"@id":"https:\/\/ibc.ee\/lv\/sazinieties-ar-mums\/#breadcrumb"},"inLanguage":"lv-LV","potentialAction":[{"@type":"ReadAction","target":["https:\/\/ibc.ee\/lv\/sazinieties-ar-mums\/"]}]},{"@type":"BreadcrumbList","@id":"https:\/\/ibc.ee\/lv\/sazinieties-ar-mums\/#breadcrumb","itemListElement":[{"@type":"ListItem","position":1,"name":"\u0413\u043b\u0430\u0432\u043d\u0430\u044f \u0441\u0442\u0440\u0430\u043d\u0438\u0446\u0430","item":"https:\/\/www.ibc.ee\/lv\/"},{"@type":"ListItem","position":2,"name":"Sazinieties ar mums"}]},{"@type":"WebSite","@id":"https:\/\/www.ibc.ee\/lv\/#website","url":"https:\/\/www.ibc.ee\/lv\/","name":"IBC konteineri m&uuml;&uuml;k, vaadid, kraanid, mahutid","description":"IBC - Tank container valve, Adapters\\fittings, Intermediate bulk, container, Drums\/cans","potentialAction":[{"@type":"SearchAction","target":{"@type":"EntryPoint","urlTemplate":"https:\/\/www.ibc.ee\/lv\/?s={search_term_string}"},"query-input":{"@type":"PropertyValueSpecification","valueRequired":true,"valueName":"search_term_string"}}],"inLanguage":"lv-LV"}]}},"_links":{"self":[{"href":"https:\/\/ibc.ee\/lv\/wp-json\/wp\/v2\/pages\/16744","targetHints":{"allow":["GET"]}}],"collection":[{"href":"https:\/\/ibc.ee\/lv\/wp-json\/wp\/v2\/pages"}],"about":[{"href":"https:\/\/ibc.ee\/lv\/wp-json\/wp\/v2\/types\/page"}],"author":[{"embeddable":true,"href":"https:\/\/ibc.ee\/lv\/wp-json\/wp\/v2\/users\/1"}],"replies":[{"embeddable":true,"href":"https:\/\/ibc.ee\/lv\/wp-json\/wp\/v2\/comments?post=16744"}],"version-history":[{"count":9,"href":"https:\/\/ibc.ee\/lv\/wp-json\/wp\/v2\/pages\/16744\/revisions"}],"predecessor-version":[{"id":18966,"href":"https:\/\/ibc.ee\/lv\/wp-json\/wp\/v2\/pages\/16744\/revisions\/18966"}],"wp:attachment":[{"href":"https:\/\/ibc.ee\/lv\/wp-json\/wp\/v2\/media?parent=16744"}],"curies":[{"name":"wp","href":"https:\/\/api.w.org\/{rel}","templated":true}]}}