{"id":16573,"date":"2018-09-08T13:53:49","date_gmt":"2018-09-11T09:09:31","guid":{"rendered":"https:\/\/ibc.ee\/product\/th-metala-var-216-5l-200-aizdedzinaja\/"},"modified":"2025-06-26T14:31:22","modified_gmt":"2025-06-26T12:31:22","slug":"th-metala-var-216-5l-200-aizdedzinaja","status":"publish","type":"product","link":"https:\/\/ibc.ee\/lv\/product\/th-metala-var-216-5l-200-aizdedzinaja\/","title":{"rendered":"TH met\u0101la var 216.5L 200 aizdedzin\u0101ja"},"content":{"rendered":"<p>Met\u0101la mucas ar tilpumu 200 litri tiek izmantotas, p\u0101rvad\u0101jot, iesai\u0146ojot un uzglab\u0101jot milz\u012bgu daudzumu vielu, kas neietekm\u0113 t\u0113raudu, un vair\u0101k\u0101s nozar\u0113s:<\/p>\n<ul>\n<li>kr\u0101su un laku<\/li>\n<li>\u0137\u012bmisk\u0101s<\/li>\n<li>degvielu un sm\u0113rvielu ra\u017eo\u0161ana<\/li>\n<li>p\u0101rtikas r\u016bpniec\u012bb\u0101<\/li>\n<\/ul>\n<p>T\u0101, piem\u0113ram, \u0137\u012bmiskaj\u0101 ra\u017eo\u0161an\u0101 t\u0113rauda muc\u0101s, \u0137\u012bmiskos un naftas \u0137\u012bmijas produktus p\u0101rvad\u0101 un uzglab\u0101 \u0161\u0137idr\u0101 st\u0101vokl\u012b.<\/p>\n","protected":false},"excerpt":{"rendered":"<p>Met\u0101la mucas ar tilpumu 200 litri tiek izmantotas, p\u0101rvad\u0101jot, iesai\u0146ojot un uzglab\u0101jot milz\u012bgu daudzumu vielu, kas neietekm\u0113 t\u0113raudu, un vair\u0101k\u0101s nozar\u0113s: kr\u0101su un laku \u0137\u012bmisk\u0101s degvielu un sm\u0113rvielu ra\u017eo\u0161ana p\u0101rtikas r\u016bpniec\u012bb\u0101 T\u0101, piem\u0113ram, \u0137\u012bmiskaj\u0101 ra\u017eo\u0161an\u0101 t\u0113rauda muc\u0101s, \u0137\u012bmiskos un naftas \u0137\u012bmijas produktus p\u0101rvad\u0101 un uzglab\u0101 \u0161\u0137idr\u0101 st\u0101vokl\u012b.<\/p>\n","protected":false},"featured_media":16574,"template":"","meta":[],"product_brand":[],"product_cat":[313],"product_tag":[],"class_list":{"0":"post-16573","1":"product","2":"type-product","3":"status-publish","4":"has-post-thumbnail","6":"product_cat-bungas-un-skardenes","7":"product_shipping_class-drums-and-cans-lv","9":"first","10":"onbackorder","11":"taxable","12":"shipping-taxable","13":"purchasable","14":"product-type-simple"},"yoast_head":"<!-- This site is optimized with the Yoast SEO plugin v26.9 - https:\/\/yoast.com\/product\/yoast-seo-wordpress\/ -->\n<title>Met\u0101la mucas ar tilpumu 200 litri - IBC konteineri m&uuml;&uuml;k, vaadid, kraanid, mahutid<\/title>\n<meta name=\"description\" content=\"Met\u0101la mucas ar tilpumu 200 litri tiek izmantotas, p\u0101rvad\u0101jot, iesai\u0146ojot un uzglab\u0101jot milz\u012bgu daudzumu vielu, kas neietekm\u0113 t\u0113raudu, un vair\u0101k\u0101s nozar\u0113s.\" \/>\n<meta name=\"robots\" content=\"index, follow, max-snippet:-1, max-image-preview:large, max-video-preview:-1\" \/>\n<link rel=\"canonical\" href=\"https:\/\/ibc.ee\/lv\/product\/th-metala-var-216-5l-200-aizdedzinaja\/\" \/>\n<meta property=\"og:locale\" content=\"lv_LV\" \/>\n<meta property=\"og:type\" content=\"article\" \/>\n<meta property=\"og:title\" content=\"Met\u0101la mucas ar tilpumu 200 litri - IBC konteineri m&uuml;&uuml;k, vaadid, kraanid, mahutid\" \/>\n<meta property=\"og:description\" content=\"Met\u0101la mucas ar tilpumu 200 litri tiek izmantotas, p\u0101rvad\u0101jot, iesai\u0146ojot un uzglab\u0101jot milz\u012bgu daudzumu vielu, kas neietekm\u0113 t\u0113raudu, un vair\u0101k\u0101s nozar\u0113s.\" \/>\n<meta property=\"og:url\" content=\"https:\/\/ibc.ee\/lv\/product\/th-metala-var-216-5l-200-aizdedzinaja\/\" \/>\n<meta property=\"og:site_name\" content=\"IBC konteineri m&uuml;&uuml;k, vaadid, kraanid, mahutid\" \/>\n<meta property=\"article:modified_time\" content=\"2025-06-26T12:31:22+00:00\" \/>\n<meta property=\"og:image\" content=\"https:\/\/ibc.ee\/wp-content\/uploads\/2018\/09\/TH-metall-vaat-216.5L-200-lit.jpg\" \/>\n\t<meta property=\"og:image:width\" content=\"500\" \/>\n\t<meta property=\"og:image:height\" content=\"500\" \/>\n\t<meta property=\"og:image:type\" content=\"image\/jpeg\" \/>\n<meta name=\"twitter:card\" content=\"summary_large_image\" \/>\n<meta name=\"twitter:label1\" content=\"Est. reading time\" \/>\n\t<meta name=\"twitter:data1\" content=\"1 minute\" \/>\n<script type=\"application\/ld+json\" class=\"yoast-schema-graph\">{\"@context\":\"https:\/\/schema.org\",\"@graph\":[{\"@type\":\"WebPage\",\"@id\":\"https:\/\/ibc.ee\/lv\/product\/th-metala-var-216-5l-200-aizdedzinaja\/\",\"url\":\"https:\/\/ibc.ee\/lv\/product\/th-metala-var-216-5l-200-aizdedzinaja\/\",\"name\":\"Met\u0101la mucas ar tilpumu 200 litri - IBC konteineri m&uuml;&uuml;k, vaadid, kraanid, mahutid\",\"isPartOf\":{\"@id\":\"https:\/\/www.ibc.ee\/lv\/#website\"},\"primaryImageOfPage\":{\"@id\":\"https:\/\/ibc.ee\/lv\/product\/th-metala-var-216-5l-200-aizdedzinaja\/#primaryimage\"},\"image\":{\"@id\":\"https:\/\/ibc.ee\/lv\/product\/th-metala-var-216-5l-200-aizdedzinaja\/#primaryimage\"},\"thumbnailUrl\":\"https:\/\/ibc.ee\/wp-content\/uploads\/2018\/09\/TH-metall-vaat-216.5L-200-lit.jpg\",\"datePublished\":\"2018-09-11T09:09:31+00:00\",\"dateModified\":\"2025-06-26T12:31:22+00:00\",\"description\":\"Met\u0101la mucas ar tilpumu 200 litri tiek izmantotas, p\u0101rvad\u0101jot, iesai\u0146ojot un uzglab\u0101jot milz\u012bgu daudzumu vielu, kas neietekm\u0113 t\u0113raudu, un vair\u0101k\u0101s nozar\u0113s.\",\"breadcrumb\":{\"@id\":\"https:\/\/ibc.ee\/lv\/product\/th-metala-var-216-5l-200-aizdedzinaja\/#breadcrumb\"},\"inLanguage\":\"lv-LV\",\"potentialAction\":[{\"@type\":\"ReadAction\",\"target\":[\"https:\/\/ibc.ee\/lv\/product\/th-metala-var-216-5l-200-aizdedzinaja\/\"]}]},{\"@type\":\"ImageObject\",\"inLanguage\":\"lv-LV\",\"@id\":\"https:\/\/ibc.ee\/lv\/product\/th-metala-var-216-5l-200-aizdedzinaja\/#primaryimage\",\"url\":\"https:\/\/ibc.ee\/wp-content\/uploads\/2018\/09\/TH-metall-vaat-216.5L-200-lit.jpg\",\"contentUrl\":\"https:\/\/ibc.ee\/wp-content\/uploads\/2018\/09\/TH-metall-vaat-216.5L-200-lit.jpg\",\"width\":500,\"height\":500,\"caption\":\"TH met\u0101la var 216.5L 200 aizdedzin\u0101ja\"},{\"@type\":\"BreadcrumbList\",\"@id\":\"https:\/\/ibc.ee\/lv\/product\/th-metala-var-216-5l-200-aizdedzinaja\/#breadcrumb\",\"itemListElement\":[{\"@type\":\"ListItem\",\"position\":1,\"name\":\"\u0413\u043b\u0430\u0432\u043d\u0430\u044f \u0441\u0442\u0440\u0430\u043d\u0438\u0446\u0430\",\"item\":\"https:\/\/www.ibc.ee\/lv\/\"},{\"@type\":\"ListItem\",\"position\":2,\"name\":\"Veikals\",\"item\":\"https:\/\/www.ibc.ee\/lv\/shop\/\"},{\"@type\":\"ListItem\",\"position\":3,\"name\":\"TH met\u0101la var 216.5L 200 aizdedzin\u0101ja\"}]},{\"@type\":\"WebSite\",\"@id\":\"https:\/\/www.ibc.ee\/lv\/#website\",\"url\":\"https:\/\/www.ibc.ee\/lv\/\",\"name\":\"IBC konteineri m&uuml;&uuml;k, vaadid, kraanid, mahutid\",\"description\":\"IBC - Tank container valve, Adapters\\\\fittings, Intermediate bulk, container, Drums\/cans\",\"potentialAction\":[{\"@type\":\"SearchAction\",\"target\":{\"@type\":\"EntryPoint\",\"urlTemplate\":\"https:\/\/www.ibc.ee\/lv\/?s={search_term_string}\"},\"query-input\":{\"@type\":\"PropertyValueSpecification\",\"valueRequired\":true,\"valueName\":\"search_term_string\"}}],\"inLanguage\":\"lv-LV\"}]}<\/script>\n<!-- \/ Yoast SEO plugin. -->","yoast_head_json":{"title":"Met\u0101la mucas ar tilpumu 200 litri - IBC konteineri m&uuml;&uuml;k, vaadid, kraanid, mahutid","description":"Met\u0101la mucas ar tilpumu 200 litri tiek izmantotas, p\u0101rvad\u0101jot, iesai\u0146ojot un uzglab\u0101jot milz\u012bgu daudzumu vielu, kas neietekm\u0113 t\u0113raudu, un vair\u0101k\u0101s nozar\u0113s.","robots":{"index":"index","follow":"follow","max-snippet":"max-snippet:-1","max-image-preview":"max-image-preview:large","max-video-preview":"max-video-preview:-1"},"canonical":"https:\/\/ibc.ee\/lv\/product\/th-metala-var-216-5l-200-aizdedzinaja\/","og_locale":"lv_LV","og_type":"article","og_title":"Met\u0101la mucas ar tilpumu 200 litri - IBC konteineri m&uuml;&uuml;k, vaadid, kraanid, mahutid","og_description":"Met\u0101la mucas ar tilpumu 200 litri tiek izmantotas, p\u0101rvad\u0101jot, iesai\u0146ojot un uzglab\u0101jot milz\u012bgu daudzumu vielu, kas neietekm\u0113 t\u0113raudu, un vair\u0101k\u0101s nozar\u0113s.","og_url":"https:\/\/ibc.ee\/lv\/product\/th-metala-var-216-5l-200-aizdedzinaja\/","og_site_name":"IBC konteineri m&uuml;&uuml;k, vaadid, kraanid, mahutid","article_modified_time":"2025-06-26T12:31:22+00:00","og_image":[{"width":500,"height":500,"url":"https:\/\/ibc.ee\/wp-content\/uploads\/2018\/09\/TH-metall-vaat-216.5L-200-lit.jpg","type":"image\/jpeg"}],"twitter_card":"summary_large_image","twitter_misc":{"Est. reading time":"1 minute"},"schema":{"@context":"https:\/\/schema.org","@graph":[{"@type":"WebPage","@id":"https:\/\/ibc.ee\/lv\/product\/th-metala-var-216-5l-200-aizdedzinaja\/","url":"https:\/\/ibc.ee\/lv\/product\/th-metala-var-216-5l-200-aizdedzinaja\/","name":"Met\u0101la mucas ar tilpumu 200 litri - IBC konteineri m&uuml;&uuml;k, vaadid, kraanid, mahutid","isPartOf":{"@id":"https:\/\/www.ibc.ee\/lv\/#website"},"primaryImageOfPage":{"@id":"https:\/\/ibc.ee\/lv\/product\/th-metala-var-216-5l-200-aizdedzinaja\/#primaryimage"},"image":{"@id":"https:\/\/ibc.ee\/lv\/product\/th-metala-var-216-5l-200-aizdedzinaja\/#primaryimage"},"thumbnailUrl":"https:\/\/ibc.ee\/wp-content\/uploads\/2018\/09\/TH-metall-vaat-216.5L-200-lit.jpg","datePublished":"2018-09-11T09:09:31+00:00","dateModified":"2025-06-26T12:31:22+00:00","description":"Met\u0101la mucas ar tilpumu 200 litri tiek izmantotas, p\u0101rvad\u0101jot, iesai\u0146ojot un uzglab\u0101jot milz\u012bgu daudzumu vielu, kas neietekm\u0113 t\u0113raudu, un vair\u0101k\u0101s nozar\u0113s.","breadcrumb":{"@id":"https:\/\/ibc.ee\/lv\/product\/th-metala-var-216-5l-200-aizdedzinaja\/#breadcrumb"},"inLanguage":"lv-LV","potentialAction":[{"@type":"ReadAction","target":["https:\/\/ibc.ee\/lv\/product\/th-metala-var-216-5l-200-aizdedzinaja\/"]}]},{"@type":"ImageObject","inLanguage":"lv-LV","@id":"https:\/\/ibc.ee\/lv\/product\/th-metala-var-216-5l-200-aizdedzinaja\/#primaryimage","url":"https:\/\/ibc.ee\/wp-content\/uploads\/2018\/09\/TH-metall-vaat-216.5L-200-lit.jpg","contentUrl":"https:\/\/ibc.ee\/wp-content\/uploads\/2018\/09\/TH-metall-vaat-216.5L-200-lit.jpg","width":500,"height":500,"caption":"TH met\u0101la var 216.5L 200 aizdedzin\u0101ja"},{"@type":"BreadcrumbList","@id":"https:\/\/ibc.ee\/lv\/product\/th-metala-var-216-5l-200-aizdedzinaja\/#breadcrumb","itemListElement":[{"@type":"ListItem","position":1,"name":"\u0413\u043b\u0430\u0432\u043d\u0430\u044f \u0441\u0442\u0440\u0430\u043d\u0438\u0446\u0430","item":"https:\/\/www.ibc.ee\/lv\/"},{"@type":"ListItem","position":2,"name":"Veikals","item":"https:\/\/www.ibc.ee\/lv\/shop\/"},{"@type":"ListItem","position":3,"name":"TH met\u0101la var 216.5L 200 aizdedzin\u0101ja"}]},{"@type":"WebSite","@id":"https:\/\/www.ibc.ee\/lv\/#website","url":"https:\/\/www.ibc.ee\/lv\/","name":"IBC konteineri m&uuml;&uuml;k, vaadid, kraanid, mahutid","description":"IBC - Tank container valve, Adapters\\fittings, Intermediate bulk, container, Drums\/cans","potentialAction":[{"@type":"SearchAction","target":{"@type":"EntryPoint","urlTemplate":"https:\/\/www.ibc.ee\/lv\/?s={search_term_string}"},"query-input":{"@type":"PropertyValueSpecification","valueRequired":true,"valueName":"search_term_string"}}],"inLanguage":"lv-LV"}]}},"_links":{"self":[{"href":"https:\/\/ibc.ee\/lv\/wp-json\/wp\/v2\/product\/16573","targetHints":{"allow":["GET"]}}],"collection":[{"href":"https:\/\/ibc.ee\/lv\/wp-json\/wp\/v2\/product"}],"about":[{"href":"https:\/\/ibc.ee\/lv\/wp-json\/wp\/v2\/types\/product"}],"wp:featuredmedia":[{"embeddable":true,"href":"https:\/\/ibc.ee\/lv\/wp-json\/wp\/v2\/media\/16574"}],"wp:attachment":[{"href":"https:\/\/ibc.ee\/lv\/wp-json\/wp\/v2\/media?parent=16573"}],"wp:term":[{"taxonomy":"product_brand","embeddable":true,"href":"https:\/\/ibc.ee\/lv\/wp-json\/wp\/v2\/product_brand?post=16573"},{"taxonomy":"product_cat","embeddable":true,"href":"https:\/\/ibc.ee\/lv\/wp-json\/wp\/v2\/product_cat?post=16573"},{"taxonomy":"product_tag","embeddable":true,"href":"https:\/\/ibc.ee\/lv\/wp-json\/wp\/v2\/product_tag?post=16573"}],"curies":[{"name":"wp","href":"https:\/\/api.w.org\/{rel}","templated":true}]}}