{"id":16581,"date":"2018-08-27T11:00:15","date_gmt":"2018-09-11T09:16:09","guid":{"rendered":"https:\/\/ibc.ee\/product\/intermediate-bulk-ibc-konteiners-1000l-o\/"},"modified":"2025-07-07T14:27:30","modified_gmt":"2025-07-07T12:27:30","slug":"renewcube-unfda-sertificets-atkartoti-pildits-ibc-1000-konteiners","status":"publish","type":"product","link":"https:\/\/ibc.ee\/lv\/product\/renewcube-unfda-sertificets-atkartoti-pildits-ibc-1000-konteiners\/","title":{"rendered":"ReNewCube UN+FDA sertific\u0113ts atk\u0101rtoti pild\u012bts IBC 1000 konteiners"},"content":{"rendered":"<p><strong>Kas ir \u201crebottled\u201d IBC konteiners?<\/strong><\/p>\n<p>\u201cRebottled\u201d IBC konteiners noz\u012bm\u0113, ka tiek izmantota pavisam jauna iek\u0161\u0113j\u0101 plastmasas tvertne, kas ievietota iepriek\u0161 izmantot\u0101 met\u0101la r\u0101m\u012b. Visi \u0161\u0137idrumi non\u0101k saskar\u0113 tikai ar jaunu tvertni. Proces\u0101 tiek nomain\u012bta iek\u0161\u0113j\u0101 pudele, k\u0101 ar\u012b uzst\u0101d\u012bts jauns v\u0101ks un kr\u0101ns.   <\/p>\n<p><strong>Tipiski pielietojumi:<\/strong><br \/>\n<strong>P\u0101rtikas un dz\u0113rienu nozare<\/strong><br \/>\n&#8211; S\u012brupi, augu e\u013c\u013cas, gar\u0161as koncentr\u0101ti<br \/>\n&#8211; Eti\u0137is, \u0161\u0137idrie saldin\u0101t\u0101ji<br \/>\n&#8211; Dz\u0113rienu sast\u0101vda\u013cas (neg\u0101z\u0113ti)<\/p>\n<p><strong>Lauksaimniec\u012bba un laist\u012b\u0161ana<\/strong><br \/>\n&#8211; \u0160\u0137idrie m\u0113slojumi, augu bar\u012bbas vielas<br \/>\n&#8211; Laist\u012b\u0161anas \u016bdens (t.sk. dzeramais \u016bdens)<br \/>\n&#8211; Komposta t\u0113ja, biolo\u0123iski ekstrakti<\/p>\n<p><strong>\u0136\u012bmiskie un r\u016bpnieciskie \u0161\u0137idrumi<\/strong><br \/>\n&#8211; T\u012br\u012b\u0161anas l\u012bdzek\u013ci, nekoroz\u012bvi \u0161\u0137\u012bdin\u0101t\u0101ji<br \/>\n&#8211; \u016adens b\u0101zes kr\u0101sas un pigmenti<br \/>\n&#8211; Dro\u0161a UN klases \u0161\u0137idrumu transport\u0113\u0161ana<\/p>\n<p><strong>\u016adens uzglab\u0101\u0161ana<\/strong><br \/>\n&#8211; Dzeram\u0101 \u016bdens glab\u0101\u0161ana (nekomerci\u0101la)<br \/>\n&#8211; Lietus \u016bdens sav\u0101k\u0161ana m\u0101jas vajadz\u012bb\u0101m<br \/>\n&#8211; Av\u0101rijas dzeram\u0101 \u016bdens rezerves<\/p>\n","protected":false},"excerpt":{"rendered":"<p>Praktisks un izdev\u012bgs risin\u0101jums dro\u0161ai un sertific\u0113tai \u0161\u0137idrumu uzglab\u0101\u0161anai<br \/>Ide\u0101li piem\u0113rots lietot\u0101jiem, kuri v\u0113las sertific\u0113tu t\u012br\u012bbu un uzticam\u012bbu, vienlaikus samazinot izmaksas un ietekmi uz vidi. <\/p>\n<p>\u0160im rebottled IBC konteineram ir pavisam jauna HDPE iek\u0161\u0113j\u0101 tvertne, kas atbilst FDA pras\u012bb\u0101m p\u0101rtikas saskarei un ir piln\u012bb\u0101 UN sertific\u0113ta b\u012bstamu un neb\u012bstamu \u0161\u0137idrumu glab\u0101\u0161anai un p\u0101rvad\u0101\u0161anai.<br \/>Cinkotais t\u0113rauda r\u0101mis un paletes pamatne ir atk\u0101rtoti izmantoti no iepriek\u0161\u0113j\u0101 mode\u013ca, nodro\u0161inot ilgtsp\u0113j\u012bgu un ekonomisku alternat\u012bvu, nezaud\u0113jot dro\u0161\u012bbu vai atbilst\u012bbu pras\u012bb\u0101m. <\/p>\n","protected":false},"featured_media":24198,"template":"","meta":[],"product_brand":[],"product_cat":[315],"product_tag":[],"class_list":{"0":"post-16581","1":"product","2":"type-product","3":"status-publish","4":"has-post-thumbnail","6":"product_cat-starppaterina-konteiners-beztaras-ibc-1000-litri","7":"product_shipping_class-containers-lv","9":"first","10":"onbackorder","11":"taxable","12":"shipping-taxable","13":"purchasable","14":"product-type-simple"},"yoast_head":"<!-- This site is optimized with the Yoast SEO plugin v26.9 - https:\/\/yoast.com\/product\/yoast-seo-wordpress\/ -->\n<title>ReNewCube UN+FDA sertific\u0113ts atk\u0101rtoti pild\u012bts IBC 1000 konteiners - IBC konteineri m&uuml;&uuml;k, vaadid, kraanid, mahutid<\/title>\n<meta name=\"description\" content=\"\u201cRebottled\u201d IBC ir jauns iek\u0161pus\u0113, atk\u0101rtoti izmantots \u0101rpus\u0113 \u2013 ide\u0101la kombin\u0101cija starp funkcionalit\u0101ti, dro\u0161\u012bbu un cenu.\" \/>\n<meta name=\"robots\" content=\"index, follow, max-snippet:-1, max-image-preview:large, max-video-preview:-1\" \/>\n<link rel=\"canonical\" href=\"https:\/\/ibc.ee\/lv\/product\/renewcube-unfda-sertificets-atkartoti-pildits-ibc-1000-konteiners\/\" \/>\n<meta property=\"og:locale\" content=\"lv_LV\" \/>\n<meta property=\"og:type\" content=\"article\" \/>\n<meta property=\"og:title\" content=\"ReNewCube UN+FDA sertific\u0113ts atk\u0101rtoti pild\u012bts IBC 1000 konteiners - IBC konteineri m&uuml;&uuml;k, vaadid, kraanid, mahutid\" \/>\n<meta property=\"og:description\" content=\"\u201cRebottled\u201d IBC ir jauns iek\u0161pus\u0113, atk\u0101rtoti izmantots \u0101rpus\u0113 \u2013 ide\u0101la kombin\u0101cija starp funkcionalit\u0101ti, dro\u0161\u012bbu un cenu.\" \/>\n<meta property=\"og:url\" content=\"https:\/\/ibc.ee\/lv\/product\/renewcube-unfda-sertificets-atkartoti-pildits-ibc-1000-konteiners\/\" \/>\n<meta property=\"og:site_name\" content=\"IBC konteineri m&uuml;&uuml;k, vaadid, kraanid, mahutid\" \/>\n<meta property=\"article:modified_time\" content=\"2025-07-07T12:27:30+00:00\" \/>\n<meta property=\"og:image\" content=\"https:\/\/www.ibc.ee\/wp-content\/uploads\/2018\/08\/ReNewCube-UNFDA-certified-rebottled-IBC-1000-container.jpg\" \/>\n\t<meta property=\"og:image:width\" content=\"1000\" \/>\n\t<meta property=\"og:image:height\" content=\"1000\" \/>\n\t<meta property=\"og:image:type\" content=\"image\/jpeg\" \/>\n<meta name=\"twitter:card\" content=\"summary_large_image\" \/>\n<meta name=\"twitter:label1\" content=\"Est. reading time\" \/>\n\t<meta name=\"twitter:data1\" content=\"1 minute\" \/>\n<script type=\"application\/ld+json\" class=\"yoast-schema-graph\">{\"@context\":\"https:\/\/schema.org\",\"@graph\":[{\"@type\":\"WebPage\",\"@id\":\"https:\/\/ibc.ee\/lv\/product\/renewcube-unfda-sertificets-atkartoti-pildits-ibc-1000-konteiners\/\",\"url\":\"https:\/\/ibc.ee\/lv\/product\/renewcube-unfda-sertificets-atkartoti-pildits-ibc-1000-konteiners\/\",\"name\":\"ReNewCube UN+FDA sertific\u0113ts atk\u0101rtoti pild\u012bts IBC 1000 konteiners - IBC konteineri m&uuml;&uuml;k, vaadid, kraanid, mahutid\",\"isPartOf\":{\"@id\":\"https:\/\/www.ibc.ee\/lv\/#website\"},\"primaryImageOfPage\":{\"@id\":\"https:\/\/ibc.ee\/lv\/product\/renewcube-unfda-sertificets-atkartoti-pildits-ibc-1000-konteiners\/#primaryimage\"},\"image\":{\"@id\":\"https:\/\/ibc.ee\/lv\/product\/renewcube-unfda-sertificets-atkartoti-pildits-ibc-1000-konteiners\/#primaryimage\"},\"thumbnailUrl\":\"https:\/\/ibc.ee\/wp-content\/uploads\/2018\/08\/ReNewCube-UNFDA-certified-rebottled-IBC-1000-container.jpg\",\"datePublished\":\"2018-09-11T09:16:09+00:00\",\"dateModified\":\"2025-07-07T12:27:30+00:00\",\"description\":\"\u201cRebottled\u201d IBC ir jauns iek\u0161pus\u0113, atk\u0101rtoti izmantots \u0101rpus\u0113 \u2013 ide\u0101la kombin\u0101cija starp funkcionalit\u0101ti, dro\u0161\u012bbu un cenu.\",\"breadcrumb\":{\"@id\":\"https:\/\/ibc.ee\/lv\/product\/renewcube-unfda-sertificets-atkartoti-pildits-ibc-1000-konteiners\/#breadcrumb\"},\"inLanguage\":\"lv-LV\",\"potentialAction\":[{\"@type\":\"ReadAction\",\"target\":[\"https:\/\/ibc.ee\/lv\/product\/renewcube-unfda-sertificets-atkartoti-pildits-ibc-1000-konteiners\/\"]}]},{\"@type\":\"ImageObject\",\"inLanguage\":\"lv-LV\",\"@id\":\"https:\/\/ibc.ee\/lv\/product\/renewcube-unfda-sertificets-atkartoti-pildits-ibc-1000-konteiners\/#primaryimage\",\"url\":\"https:\/\/ibc.ee\/wp-content\/uploads\/2018\/08\/ReNewCube-UNFDA-certified-rebottled-IBC-1000-container.jpg\",\"contentUrl\":\"https:\/\/ibc.ee\/wp-content\/uploads\/2018\/08\/ReNewCube-UNFDA-certified-rebottled-IBC-1000-container.jpg\",\"width\":1000,\"height\":1000,\"caption\":\"ReNewCube UN+FDA certified rebottled IBC 1000 container\"},{\"@type\":\"BreadcrumbList\",\"@id\":\"https:\/\/ibc.ee\/lv\/product\/renewcube-unfda-sertificets-atkartoti-pildits-ibc-1000-konteiners\/#breadcrumb\",\"itemListElement\":[{\"@type\":\"ListItem\",\"position\":1,\"name\":\"\u0413\u043b\u0430\u0432\u043d\u0430\u044f \u0441\u0442\u0440\u0430\u043d\u0438\u0446\u0430\",\"item\":\"https:\/\/www.ibc.ee\/lv\/\"},{\"@type\":\"ListItem\",\"position\":2,\"name\":\"Veikals\",\"item\":\"https:\/\/www.ibc.ee\/lv\/shop\/\"},{\"@type\":\"ListItem\",\"position\":3,\"name\":\"ReNewCube UN+FDA sertific\u0113ts atk\u0101rtoti pild\u012bts IBC 1000 konteiners\"}]},{\"@type\":\"WebSite\",\"@id\":\"https:\/\/www.ibc.ee\/lv\/#website\",\"url\":\"https:\/\/www.ibc.ee\/lv\/\",\"name\":\"IBC konteineri m&uuml;&uuml;k, vaadid, kraanid, mahutid\",\"description\":\"IBC - Tank container valve, Adapters\\\\fittings, Intermediate bulk, container, Drums\/cans\",\"potentialAction\":[{\"@type\":\"SearchAction\",\"target\":{\"@type\":\"EntryPoint\",\"urlTemplate\":\"https:\/\/www.ibc.ee\/lv\/?s={search_term_string}\"},\"query-input\":{\"@type\":\"PropertyValueSpecification\",\"valueRequired\":true,\"valueName\":\"search_term_string\"}}],\"inLanguage\":\"lv-LV\"}]}<\/script>\n<!-- \/ Yoast SEO plugin. -->","yoast_head_json":{"title":"ReNewCube UN+FDA sertific\u0113ts atk\u0101rtoti pild\u012bts IBC 1000 konteiners - IBC konteineri m&uuml;&uuml;k, vaadid, kraanid, mahutid","description":"\u201cRebottled\u201d IBC ir jauns iek\u0161pus\u0113, atk\u0101rtoti izmantots \u0101rpus\u0113 \u2013 ide\u0101la kombin\u0101cija starp funkcionalit\u0101ti, dro\u0161\u012bbu un cenu.","robots":{"index":"index","follow":"follow","max-snippet":"max-snippet:-1","max-image-preview":"max-image-preview:large","max-video-preview":"max-video-preview:-1"},"canonical":"https:\/\/ibc.ee\/lv\/product\/renewcube-unfda-sertificets-atkartoti-pildits-ibc-1000-konteiners\/","og_locale":"lv_LV","og_type":"article","og_title":"ReNewCube UN+FDA sertific\u0113ts atk\u0101rtoti pild\u012bts IBC 1000 konteiners - IBC konteineri m&uuml;&uuml;k, vaadid, kraanid, mahutid","og_description":"\u201cRebottled\u201d IBC ir jauns iek\u0161pus\u0113, atk\u0101rtoti izmantots \u0101rpus\u0113 \u2013 ide\u0101la kombin\u0101cija starp funkcionalit\u0101ti, dro\u0161\u012bbu un cenu.","og_url":"https:\/\/ibc.ee\/lv\/product\/renewcube-unfda-sertificets-atkartoti-pildits-ibc-1000-konteiners\/","og_site_name":"IBC konteineri m&uuml;&uuml;k, vaadid, kraanid, mahutid","article_modified_time":"2025-07-07T12:27:30+00:00","og_image":[{"width":1000,"height":1000,"url":"https:\/\/www.ibc.ee\/wp-content\/uploads\/2018\/08\/ReNewCube-UNFDA-certified-rebottled-IBC-1000-container.jpg","type":"image\/jpeg"}],"twitter_card":"summary_large_image","twitter_misc":{"Est. reading time":"1 minute"},"schema":{"@context":"https:\/\/schema.org","@graph":[{"@type":"WebPage","@id":"https:\/\/ibc.ee\/lv\/product\/renewcube-unfda-sertificets-atkartoti-pildits-ibc-1000-konteiners\/","url":"https:\/\/ibc.ee\/lv\/product\/renewcube-unfda-sertificets-atkartoti-pildits-ibc-1000-konteiners\/","name":"ReNewCube UN+FDA sertific\u0113ts atk\u0101rtoti pild\u012bts IBC 1000 konteiners - IBC konteineri m&uuml;&uuml;k, vaadid, kraanid, mahutid","isPartOf":{"@id":"https:\/\/www.ibc.ee\/lv\/#website"},"primaryImageOfPage":{"@id":"https:\/\/ibc.ee\/lv\/product\/renewcube-unfda-sertificets-atkartoti-pildits-ibc-1000-konteiners\/#primaryimage"},"image":{"@id":"https:\/\/ibc.ee\/lv\/product\/renewcube-unfda-sertificets-atkartoti-pildits-ibc-1000-konteiners\/#primaryimage"},"thumbnailUrl":"https:\/\/ibc.ee\/wp-content\/uploads\/2018\/08\/ReNewCube-UNFDA-certified-rebottled-IBC-1000-container.jpg","datePublished":"2018-09-11T09:16:09+00:00","dateModified":"2025-07-07T12:27:30+00:00","description":"\u201cRebottled\u201d IBC ir jauns iek\u0161pus\u0113, atk\u0101rtoti izmantots \u0101rpus\u0113 \u2013 ide\u0101la kombin\u0101cija starp funkcionalit\u0101ti, dro\u0161\u012bbu un cenu.","breadcrumb":{"@id":"https:\/\/ibc.ee\/lv\/product\/renewcube-unfda-sertificets-atkartoti-pildits-ibc-1000-konteiners\/#breadcrumb"},"inLanguage":"lv-LV","potentialAction":[{"@type":"ReadAction","target":["https:\/\/ibc.ee\/lv\/product\/renewcube-unfda-sertificets-atkartoti-pildits-ibc-1000-konteiners\/"]}]},{"@type":"ImageObject","inLanguage":"lv-LV","@id":"https:\/\/ibc.ee\/lv\/product\/renewcube-unfda-sertificets-atkartoti-pildits-ibc-1000-konteiners\/#primaryimage","url":"https:\/\/ibc.ee\/wp-content\/uploads\/2018\/08\/ReNewCube-UNFDA-certified-rebottled-IBC-1000-container.jpg","contentUrl":"https:\/\/ibc.ee\/wp-content\/uploads\/2018\/08\/ReNewCube-UNFDA-certified-rebottled-IBC-1000-container.jpg","width":1000,"height":1000,"caption":"ReNewCube UN+FDA certified rebottled IBC 1000 container"},{"@type":"BreadcrumbList","@id":"https:\/\/ibc.ee\/lv\/product\/renewcube-unfda-sertificets-atkartoti-pildits-ibc-1000-konteiners\/#breadcrumb","itemListElement":[{"@type":"ListItem","position":1,"name":"\u0413\u043b\u0430\u0432\u043d\u0430\u044f \u0441\u0442\u0440\u0430\u043d\u0438\u0446\u0430","item":"https:\/\/www.ibc.ee\/lv\/"},{"@type":"ListItem","position":2,"name":"Veikals","item":"https:\/\/www.ibc.ee\/lv\/shop\/"},{"@type":"ListItem","position":3,"name":"ReNewCube UN+FDA sertific\u0113ts atk\u0101rtoti pild\u012bts IBC 1000 konteiners"}]},{"@type":"WebSite","@id":"https:\/\/www.ibc.ee\/lv\/#website","url":"https:\/\/www.ibc.ee\/lv\/","name":"IBC konteineri m&uuml;&uuml;k, vaadid, kraanid, mahutid","description":"IBC - Tank container valve, Adapters\\fittings, Intermediate bulk, container, Drums\/cans","potentialAction":[{"@type":"SearchAction","target":{"@type":"EntryPoint","urlTemplate":"https:\/\/www.ibc.ee\/lv\/?s={search_term_string}"},"query-input":{"@type":"PropertyValueSpecification","valueRequired":true,"valueName":"search_term_string"}}],"inLanguage":"lv-LV"}]}},"_links":{"self":[{"href":"https:\/\/ibc.ee\/lv\/wp-json\/wp\/v2\/product\/16581","targetHints":{"allow":["GET"]}}],"collection":[{"href":"https:\/\/ibc.ee\/lv\/wp-json\/wp\/v2\/product"}],"about":[{"href":"https:\/\/ibc.ee\/lv\/wp-json\/wp\/v2\/types\/product"}],"wp:featuredmedia":[{"embeddable":true,"href":"https:\/\/ibc.ee\/lv\/wp-json\/wp\/v2\/media\/24198"}],"wp:attachment":[{"href":"https:\/\/ibc.ee\/lv\/wp-json\/wp\/v2\/media?parent=16581"}],"wp:term":[{"taxonomy":"product_brand","embeddable":true,"href":"https:\/\/ibc.ee\/lv\/wp-json\/wp\/v2\/product_brand?post=16581"},{"taxonomy":"product_cat","embeddable":true,"href":"https:\/\/ibc.ee\/lv\/wp-json\/wp\/v2\/product_cat?post=16581"},{"taxonomy":"product_tag","embeddable":true,"href":"https:\/\/ibc.ee\/lv\/wp-json\/wp\/v2\/product_tag?post=16581"}],"curies":[{"name":"wp","href":"https:\/\/api.w.org\/{rel}","templated":true}]}}