{"id":16584,"date":"2018-08-25T12:56:37","date_gmt":"2018-09-11T09:16:29","guid":{"rendered":"https:\/\/ibc.ee\/product\/intermediate-bulk-konteineru-ibc-1000l-%d1%81\/"},"modified":"2025-07-03T16:47:30","modified_gmt":"2025-07-03T14:47:30","slug":"newcube-ibc-1000-black-jauns-ar-un-sertifikatu","status":"publish","type":"product","link":"https:\/\/ibc.ee\/lv\/product\/newcube-ibc-1000-black-jauns-ar-un-sertifikatu\/","title":{"rendered":"NewCube IBC 1000 Black Jauns ar UN sertifik\u0101tu"},"content":{"rendered":"<p><strong>K\u0101p\u0113c izv\u0113l\u0113ties melnu IBC tvertni, nevis standarta IBC?<\/strong><br \/>\nAt\u0161\u0137ir\u012bb\u0101 no standarta caursp\u012bd\u012bgajiem IBC konteineriem, \u0161is jaunais melnais IBC konteiners ir izgatavots no UV starojumu iztur\u012bgiem materi\u0101liem, kas blo\u0137\u0113 saules gaismu un samazina karstuma iedarb\u012bbu. Tas pal\u012bdz nov\u0113rst a\u013c\u0123u aug\u0161anu un pagarina uzglab\u0101to \u0161\u0137idrumu glab\u0101\u0161anas laiku \u2014 ide\u0101li piem\u0113rots lieto\u0161anai \u0101rpus telp\u0101m vai jebkuram citam pielietojumam, kur \u0161\u0137idruma stabilit\u0101te ir kritiski svar\u012bga. <\/p>\n<p><strong>Rad\u012bta pras\u012bgai videi<\/strong><br \/>\n\u0160\u012b tvertne ir izgatavota no jaunas HDPE plastmasas un aizsarg\u0101ta ar iztur\u012bgu cinkota t\u0113rauda korpusu, un t\u0101 ir gatava intens\u012bvai lieto\u0161anai da\u017e\u0101d\u0101s nozar\u0113s \u2014 s\u0101kot no b\u016bvlaukumiem un ferm\u0101m l\u012bdz r\u016bpn\u012bc\u0101m un transporta lo\u0123istikai.<\/p>\n<p><strong>Svar\u012bga piez\u012bme<\/strong><br \/>\n\u0160is konteiners ir jauns un nelietots, ta\u010du tas nav sertific\u0113ts k\u0101 p\u0101rtikas kvalit\u0101tes (FDA) konteiners un t\u0101p\u0113c nav piem\u0113rots dzeramajam \u016bdenim vai ar p\u0101rtiku saist\u012btiem produktiem.<br \/>\nPat\u0113ri\u0146a vai dzeram\u0101 \u016bdens lieto\u0161anai, l\u016bdzu, izv\u0113lieties p\u0101rtikas kvalit\u0101tes IBC konteineru ar atbilsto\u0161u sertifik\u0101tu.<\/p>\n<p><strong>Jaunu, UN sertific\u0113tu melnu IBC konteineru bie\u017e\u0101kie pielietojumi:<\/strong><\/p>\n<p>\u2013 Tehniskie \u0161\u0137idrumi un r\u016bpnieciskie \u0161\u0137idrumi<br \/>\nIde\u0101li piem\u0113rots b\u012bstamu un neb\u012bstamu \u0161\u0137idrumu, piem\u0113ram, d\u012bze\u013cdegvielas, svaigu e\u013c\u013cu, hidraulisko \u0161\u0137idrumu, \u0161\u0137\u012bdin\u0101t\u0101ju, antifr\u012bza un citu tehnisko \u0161\u0137idrumu, uzglab\u0101\u0161anai. UN sertifik\u0101cija nodro\u0161ina regul\u0113to vielu dro\u0161u apstr\u0101di, transport\u0113\u0161anu un ilgtermi\u0146a uzglab\u0101\u0161anu. <\/p>\n<p>\u2013 Lauksaimniec\u012bba un ap\u016bde\u0146o\u0161ana<br \/>\nPiem\u0113rots ap\u016bde\u0146o\u0161anas \u016bdenim, m\u0113slo\u0161anas l\u012bdzek\u013cu \u0161\u0137\u012bdumiem, \u0161\u0137idraj\u0101m bar\u012bbas viel\u0101m, pestic\u012bdiem, herbic\u012bdiem un atka\u013c\u0137o\u0161anas l\u012bdzek\u013ciem.<br \/>\nMeln\u0101, UV starojumu iztur\u012bga tvertne pal\u012bdz nov\u0113rst a\u013c\u0123u aug\u0161anu, padarot to ide\u0101li piem\u0113rotu \u016bdens uzglab\u0101\u0161anai \u0101rpus telp\u0101m lauksaimniec\u012bbas vid\u0113.<\/p>\n<p>\u2013 \u0136\u012bmisk\u0101 r\u016bpniec\u012bba<br \/>\nLieliski piem\u0113rots sk\u0101bju, s\u0101rmu, t\u012br\u012b\u0161anas l\u012bdzek\u013cu, procesu \u0137imik\u0101liju un ra\u017eo\u0161anas atlikumu uzglab\u0101\u0161anai vai transport\u0113\u0161anai. Iztur\u012bg\u0101 konstrukcija un UN apstiprin\u0101jums nodro\u0161ina \u0137\u012bmisko sader\u012bbu un dro\u0161\u012bbu pras\u012bgos r\u016bpnieciskos pielietojumos. <\/p>\n<p>\u2013 B\u016bvniec\u012bba un ra\u017eo\u0161ana<br \/>\nLieliski piem\u0113rots betona mazg\u0101\u0161anas \u016bdenim, javai, l\u012bm\u0113m, bitumenam, kr\u0101sas atlikumiem un b\u016bvlaukumu \u0161\u0137idrumiem.<br \/>\nT\u0101 iztur\u012bg\u0101 jaun\u0101 HDPE tvertne un t\u0113rauda r\u0101mis nodro\u0161ina uzticam\u012bbu mobilai vai stacion\u0101rai lieto\u0161anai b\u016bvlaukumos un ra\u017eo\u0161anas objektos.<\/p>\n","protected":false},"excerpt":{"rendered":"<p>\u0160is 1000 litru jaunais IBC konteiners ar UN sertifik\u0101tu. Tam ir jauna iek\u0161\u0113j\u0101 pudele, jauns cinkota t\u0113rauda r\u0101mis un jauns v\u0101ks un v\u0101rsts. Ide\u0101li piem\u0113rots b\u012bstamu \u0161\u0137idrumu, tehnisko \u0137imik\u0101liju, lauksaimniec\u012bbas un r\u016bpniec\u012bbas uzglab\u0101\u0161anai. Maisa necaurredzam\u012bba piln\u012bb\u0101 blo\u0137\u0113 UV starus un gaismu. T\u0101d\u0113j\u0101di tas saglab\u0101 \u0161aj\u0101 IBC eso\u0161\u0101 \u016bdens kvalit\u0101ti.    <\/p>\n","protected":false},"featured_media":24116,"template":"","meta":[],"product_brand":[],"product_cat":[315],"product_tag":[],"class_list":{"0":"post-16584","1":"product","2":"type-product","3":"status-publish","4":"has-post-thumbnail","6":"product_cat-starppaterina-konteiners-beztaras-ibc-1000-litri","7":"product_shipping_class-containers-lv","9":"first","10":"instock","11":"taxable","12":"shipping-taxable","13":"purchasable","14":"product-type-simple"},"yoast_head":"<!-- This site is optimized with the Yoast SEO plugin v26.9 - https:\/\/yoast.com\/product\/yoast-seo-wordpress\/ -->\n<title>NewCube IBC 1000 Black Jauns ar UN sertifik\u0101tu - IBC konteineri m&uuml;&uuml;k, vaadid, kraanid, mahutid<\/title>\n<meta name=\"description\" content=\"\u0160is 1000 litru jaunais IBC konteiners ar UN sertifik\u0101tu. Tam ir jauna iek\u0161\u0113j\u0101 pudele, jauns cinkota t\u0113rauda r\u0101mis un jauns v\u0101ks un v\u0101rsts. Ide\u0101li piem\u0113rots b\u012bstamiem \u0161\u0137idrumiem, tehnisk\u0101m \u0137imik\u0101lij\u0101m u.c.\" \/>\n<meta name=\"robots\" content=\"index, follow, max-snippet:-1, max-image-preview:large, max-video-preview:-1\" \/>\n<link rel=\"canonical\" href=\"https:\/\/ibc.ee\/lv\/product\/newcube-ibc-1000-black-jauns-ar-un-sertifikatu\/\" \/>\n<meta property=\"og:locale\" content=\"lv_LV\" \/>\n<meta property=\"og:type\" content=\"article\" \/>\n<meta property=\"og:title\" content=\"NewCube IBC 1000 Black Jauns ar UN sertifik\u0101tu - IBC konteineri m&uuml;&uuml;k, vaadid, kraanid, mahutid\" \/>\n<meta property=\"og:description\" content=\"\u0160is 1000 litru jaunais IBC konteiners ar UN sertifik\u0101tu. Tam ir jauna iek\u0161\u0113j\u0101 pudele, jauns cinkota t\u0113rauda r\u0101mis un jauns v\u0101ks un v\u0101rsts. Ide\u0101li piem\u0113rots b\u012bstamiem \u0161\u0137idrumiem, tehnisk\u0101m \u0137imik\u0101lij\u0101m u.c.\" \/>\n<meta property=\"og:url\" content=\"https:\/\/ibc.ee\/lv\/product\/newcube-ibc-1000-black-jauns-ar-un-sertifikatu\/\" \/>\n<meta property=\"og:site_name\" content=\"IBC konteineri m&uuml;&uuml;k, vaadid, kraanid, mahutid\" \/>\n<meta property=\"article:modified_time\" content=\"2025-07-03T14:47:30+00:00\" \/>\n<meta property=\"og:image\" content=\"https:\/\/ibc.ee\/wp-content\/uploads\/2018\/08\/NewCube-IBC-1000-Black-New-with-UN-Certificate.jpg\" \/>\n\t<meta property=\"og:image:width\" content=\"1000\" \/>\n\t<meta property=\"og:image:height\" content=\"1000\" \/>\n\t<meta property=\"og:image:type\" content=\"image\/jpeg\" \/>\n<meta name=\"twitter:card\" content=\"summary_large_image\" \/>\n<meta name=\"twitter:label1\" content=\"Est. reading time\" \/>\n\t<meta name=\"twitter:data1\" content=\"2 minutes\" \/>\n<script type=\"application\/ld+json\" class=\"yoast-schema-graph\">{\"@context\":\"https:\/\/schema.org\",\"@graph\":[{\"@type\":\"WebPage\",\"@id\":\"https:\/\/ibc.ee\/lv\/product\/newcube-ibc-1000-black-jauns-ar-un-sertifikatu\/\",\"url\":\"https:\/\/ibc.ee\/lv\/product\/newcube-ibc-1000-black-jauns-ar-un-sertifikatu\/\",\"name\":\"NewCube IBC 1000 Black Jauns ar UN sertifik\u0101tu - IBC konteineri m&uuml;&uuml;k, vaadid, kraanid, mahutid\",\"isPartOf\":{\"@id\":\"https:\/\/ibc.ee\/lv\/#website\"},\"primaryImageOfPage\":{\"@id\":\"https:\/\/ibc.ee\/lv\/product\/newcube-ibc-1000-black-jauns-ar-un-sertifikatu\/#primaryimage\"},\"image\":{\"@id\":\"https:\/\/ibc.ee\/lv\/product\/newcube-ibc-1000-black-jauns-ar-un-sertifikatu\/#primaryimage\"},\"thumbnailUrl\":\"https:\/\/ibc.ee\/wp-content\/uploads\/2018\/08\/NewCube-IBC-1000-Black-New-with-UN-Certificate.jpg\",\"datePublished\":\"2018-09-11T09:16:29+00:00\",\"dateModified\":\"2025-07-03T14:47:30+00:00\",\"description\":\"\u0160is 1000 litru jaunais IBC konteiners ar UN sertifik\u0101tu. Tam ir jauna iek\u0161\u0113j\u0101 pudele, jauns cinkota t\u0113rauda r\u0101mis un jauns v\u0101ks un v\u0101rsts. Ide\u0101li piem\u0113rots b\u012bstamiem \u0161\u0137idrumiem, tehnisk\u0101m \u0137imik\u0101lij\u0101m u.c.\",\"breadcrumb\":{\"@id\":\"https:\/\/ibc.ee\/lv\/product\/newcube-ibc-1000-black-jauns-ar-un-sertifikatu\/#breadcrumb\"},\"inLanguage\":\"lv-LV\",\"potentialAction\":[{\"@type\":\"ReadAction\",\"target\":[\"https:\/\/ibc.ee\/lv\/product\/newcube-ibc-1000-black-jauns-ar-un-sertifikatu\/\"]}]},{\"@type\":\"ImageObject\",\"inLanguage\":\"lv-LV\",\"@id\":\"https:\/\/ibc.ee\/lv\/product\/newcube-ibc-1000-black-jauns-ar-un-sertifikatu\/#primaryimage\",\"url\":\"https:\/\/ibc.ee\/wp-content\/uploads\/2018\/08\/NewCube-IBC-1000-Black-New-with-UN-Certificate.jpg\",\"contentUrl\":\"https:\/\/ibc.ee\/wp-content\/uploads\/2018\/08\/NewCube-IBC-1000-Black-New-with-UN-Certificate.jpg\",\"width\":1000,\"height\":1000,\"caption\":\"NewCube IBC 1000 Black New with UN Certificate\"},{\"@type\":\"BreadcrumbList\",\"@id\":\"https:\/\/ibc.ee\/lv\/product\/newcube-ibc-1000-black-jauns-ar-un-sertifikatu\/#breadcrumb\",\"itemListElement\":[{\"@type\":\"ListItem\",\"position\":1,\"name\":\"\u0413\u043b\u0430\u0432\u043d\u0430\u044f \u0441\u0442\u0440\u0430\u043d\u0438\u0446\u0430\",\"item\":\"https:\/\/ibc.ee\/lv\/\"},{\"@type\":\"ListItem\",\"position\":2,\"name\":\"Veikals\",\"item\":\"https:\/\/ibc.ee\/lv\/shop\/\"},{\"@type\":\"ListItem\",\"position\":3,\"name\":\"NewCube IBC 1000 Black Jauns ar UN sertifik\u0101tu\"}]},{\"@type\":\"WebSite\",\"@id\":\"https:\/\/ibc.ee\/lv\/#website\",\"url\":\"https:\/\/ibc.ee\/lv\/\",\"name\":\"IBC konteineri m&uuml;&uuml;k, vaadid, kraanid, mahutid\",\"description\":\"IBC - Tank container valve, Adapters\\\\fittings, Intermediate bulk, container, Drums\/cans\",\"potentialAction\":[{\"@type\":\"SearchAction\",\"target\":{\"@type\":\"EntryPoint\",\"urlTemplate\":\"https:\/\/ibc.ee\/lv\/?s={search_term_string}\"},\"query-input\":{\"@type\":\"PropertyValueSpecification\",\"valueRequired\":true,\"valueName\":\"search_term_string\"}}],\"inLanguage\":\"lv-LV\"}]}<\/script>\n<!-- \/ Yoast SEO plugin. -->","yoast_head_json":{"title":"NewCube IBC 1000 Black Jauns ar UN sertifik\u0101tu - IBC konteineri m&uuml;&uuml;k, vaadid, kraanid, mahutid","description":"\u0160is 1000 litru jaunais IBC konteiners ar UN sertifik\u0101tu. Tam ir jauna iek\u0161\u0113j\u0101 pudele, jauns cinkota t\u0113rauda r\u0101mis un jauns v\u0101ks un v\u0101rsts. Ide\u0101li piem\u0113rots b\u012bstamiem \u0161\u0137idrumiem, tehnisk\u0101m \u0137imik\u0101lij\u0101m u.c.","robots":{"index":"index","follow":"follow","max-snippet":"max-snippet:-1","max-image-preview":"max-image-preview:large","max-video-preview":"max-video-preview:-1"},"canonical":"https:\/\/ibc.ee\/lv\/product\/newcube-ibc-1000-black-jauns-ar-un-sertifikatu\/","og_locale":"lv_LV","og_type":"article","og_title":"NewCube IBC 1000 Black Jauns ar UN sertifik\u0101tu - IBC konteineri m&uuml;&uuml;k, vaadid, kraanid, mahutid","og_description":"\u0160is 1000 litru jaunais IBC konteiners ar UN sertifik\u0101tu. Tam ir jauna iek\u0161\u0113j\u0101 pudele, jauns cinkota t\u0113rauda r\u0101mis un jauns v\u0101ks un v\u0101rsts. Ide\u0101li piem\u0113rots b\u012bstamiem \u0161\u0137idrumiem, tehnisk\u0101m \u0137imik\u0101lij\u0101m u.c.","og_url":"https:\/\/ibc.ee\/lv\/product\/newcube-ibc-1000-black-jauns-ar-un-sertifikatu\/","og_site_name":"IBC konteineri m&uuml;&uuml;k, vaadid, kraanid, mahutid","article_modified_time":"2025-07-03T14:47:30+00:00","og_image":[{"width":1000,"height":1000,"url":"https:\/\/ibc.ee\/wp-content\/uploads\/2018\/08\/NewCube-IBC-1000-Black-New-with-UN-Certificate.jpg","type":"image\/jpeg"}],"twitter_card":"summary_large_image","twitter_misc":{"Est. reading time":"2 minutes"},"schema":{"@context":"https:\/\/schema.org","@graph":[{"@type":"WebPage","@id":"https:\/\/ibc.ee\/lv\/product\/newcube-ibc-1000-black-jauns-ar-un-sertifikatu\/","url":"https:\/\/ibc.ee\/lv\/product\/newcube-ibc-1000-black-jauns-ar-un-sertifikatu\/","name":"NewCube IBC 1000 Black Jauns ar UN sertifik\u0101tu - IBC konteineri m&uuml;&uuml;k, vaadid, kraanid, mahutid","isPartOf":{"@id":"https:\/\/ibc.ee\/lv\/#website"},"primaryImageOfPage":{"@id":"https:\/\/ibc.ee\/lv\/product\/newcube-ibc-1000-black-jauns-ar-un-sertifikatu\/#primaryimage"},"image":{"@id":"https:\/\/ibc.ee\/lv\/product\/newcube-ibc-1000-black-jauns-ar-un-sertifikatu\/#primaryimage"},"thumbnailUrl":"https:\/\/ibc.ee\/wp-content\/uploads\/2018\/08\/NewCube-IBC-1000-Black-New-with-UN-Certificate.jpg","datePublished":"2018-09-11T09:16:29+00:00","dateModified":"2025-07-03T14:47:30+00:00","description":"\u0160is 1000 litru jaunais IBC konteiners ar UN sertifik\u0101tu. Tam ir jauna iek\u0161\u0113j\u0101 pudele, jauns cinkota t\u0113rauda r\u0101mis un jauns v\u0101ks un v\u0101rsts. Ide\u0101li piem\u0113rots b\u012bstamiem \u0161\u0137idrumiem, tehnisk\u0101m \u0137imik\u0101lij\u0101m u.c.","breadcrumb":{"@id":"https:\/\/ibc.ee\/lv\/product\/newcube-ibc-1000-black-jauns-ar-un-sertifikatu\/#breadcrumb"},"inLanguage":"lv-LV","potentialAction":[{"@type":"ReadAction","target":["https:\/\/ibc.ee\/lv\/product\/newcube-ibc-1000-black-jauns-ar-un-sertifikatu\/"]}]},{"@type":"ImageObject","inLanguage":"lv-LV","@id":"https:\/\/ibc.ee\/lv\/product\/newcube-ibc-1000-black-jauns-ar-un-sertifikatu\/#primaryimage","url":"https:\/\/ibc.ee\/wp-content\/uploads\/2018\/08\/NewCube-IBC-1000-Black-New-with-UN-Certificate.jpg","contentUrl":"https:\/\/ibc.ee\/wp-content\/uploads\/2018\/08\/NewCube-IBC-1000-Black-New-with-UN-Certificate.jpg","width":1000,"height":1000,"caption":"NewCube IBC 1000 Black New with UN Certificate"},{"@type":"BreadcrumbList","@id":"https:\/\/ibc.ee\/lv\/product\/newcube-ibc-1000-black-jauns-ar-un-sertifikatu\/#breadcrumb","itemListElement":[{"@type":"ListItem","position":1,"name":"\u0413\u043b\u0430\u0432\u043d\u0430\u044f \u0441\u0442\u0440\u0430\u043d\u0438\u0446\u0430","item":"https:\/\/ibc.ee\/lv\/"},{"@type":"ListItem","position":2,"name":"Veikals","item":"https:\/\/ibc.ee\/lv\/shop\/"},{"@type":"ListItem","position":3,"name":"NewCube IBC 1000 Black Jauns ar UN sertifik\u0101tu"}]},{"@type":"WebSite","@id":"https:\/\/ibc.ee\/lv\/#website","url":"https:\/\/ibc.ee\/lv\/","name":"IBC konteineri m&uuml;&uuml;k, vaadid, kraanid, mahutid","description":"IBC - Tank container valve, Adapters\\fittings, Intermediate bulk, container, Drums\/cans","potentialAction":[{"@type":"SearchAction","target":{"@type":"EntryPoint","urlTemplate":"https:\/\/ibc.ee\/lv\/?s={search_term_string}"},"query-input":{"@type":"PropertyValueSpecification","valueRequired":true,"valueName":"search_term_string"}}],"inLanguage":"lv-LV"}]}},"_links":{"self":[{"href":"https:\/\/ibc.ee\/lv\/wp-json\/wp\/v2\/product\/16584","targetHints":{"allow":["GET"]}}],"collection":[{"href":"https:\/\/ibc.ee\/lv\/wp-json\/wp\/v2\/product"}],"about":[{"href":"https:\/\/ibc.ee\/lv\/wp-json\/wp\/v2\/types\/product"}],"wp:featuredmedia":[{"embeddable":true,"href":"https:\/\/ibc.ee\/lv\/wp-json\/wp\/v2\/media\/24116"}],"wp:attachment":[{"href":"https:\/\/ibc.ee\/lv\/wp-json\/wp\/v2\/media?parent=16584"}],"wp:term":[{"taxonomy":"product_brand","embeddable":true,"href":"https:\/\/ibc.ee\/lv\/wp-json\/wp\/v2\/product_brand?post=16584"},{"taxonomy":"product_cat","embeddable":true,"href":"https:\/\/ibc.ee\/lv\/wp-json\/wp\/v2\/product_cat?post=16584"},{"taxonomy":"product_tag","embeddable":true,"href":"https:\/\/ibc.ee\/lv\/wp-json\/wp\/v2\/product_tag?post=16584"}],"curies":[{"name":"wp","href":"https:\/\/api.w.org\/{rel}","templated":true}]}}