{"id":16587,"date":"2018-08-26T08:32:35","date_gmt":"2018-09-11T09:16:34","guid":{"rendered":"https:\/\/ibc.ee\/product\/intermediate-bulk-ibc-konteiners-1000l-n\/"},"modified":"2025-07-08T12:00:53","modified_gmt":"2025-07-08T10:00:53","slug":"newcube-un-ibc-1000-jauns-konteiners-ar-un-sertifikatu","status":"publish","type":"product","link":"https:\/\/ibc.ee\/lv\/product\/newcube-un-ibc-1000-jauns-konteiners-ar-un-sertifikatu\/","title":{"rendered":"NewCube UN IBC 1000 \u2013 Jauns konteiners ar UN sertifik\u0101tu"},"content":{"rendered":"<p><strong>Jauns IBC 1000 litru konteiners \u2013 sertific\u0113ts ANO b\u012bstamiem un r\u016bpnieciskiem \u0161\u0137idrumiem<\/strong><\/p>\n<p><em>Izcila izv\u0113le profesion\u0101\u013ciem, kuriem nepiecie\u0161ams dro\u0161s un sertific\u0113ts risin\u0101jums \u0137\u012bmisko vielu, tehnisko \u0161\u0137idrumu vai regul\u0113tu vielu transport\u0113\u0161anai un uzglab\u0101\u0161anai.<\/em><\/p>\n<p><strong>Tipiski pielietojumi<\/strong><br \/>\n<strong>\u0136\u012bmisk\u0101 r\u016bpniec\u012bba un ra\u017eo\u0161ana<\/strong><br \/>\n&#8211; \u0160\u0137\u012bdin\u0101t\u0101ji, mazg\u0101\u0161anas l\u012bdzek\u013ci, sk\u0101bes, s\u0101rmi<br \/>\n&#8211; Sm\u0113rvielas, p\u0101rkl\u0101jumi, tintes, kr\u0101svielas<br \/>\n&#8211; Notek\u016bde\u0146i, skalo\u0161anas l\u012bdzek\u013ci, neitralizatori<\/p>\n<p><strong>B\u016bvniec\u012bba un ra\u017eo\u0161ana<\/strong><br \/>\n&#8211; Betona piedevas, veid\u0146u atdal\u012b\u0161anas e\u013c\u013cas<br \/>\n&#8211; Bitumena un hidroizol\u0101cijas sast\u0101vi<br \/>\n&#8211; Mazg\u0101\u0161anas \u016bdens un atlikumu sav\u0101k\u0161ana<\/p>\n<p><strong>Lauksaimniec\u012bba un d\u0101rzkop\u012bba<\/strong><br \/>\n&#8211; \u0160\u0137idrie m\u0113slojumi, augu aizsardz\u012bbas l\u012bdzek\u013ci<br \/>\n&#8211; Ka\u013c\u0137akmens no\u0146em\u0161anas \u0161\u0137idrumi, pestic\u012bdu mais\u012bjumi<br \/>\n&#8211; Laist\u012b\u0161anas \u0161\u0137\u012bdumi, komposta t\u0113ja<\/p>\n<p><strong>Autonozares un tehniskie \u0161\u0137idrumi<\/strong><br \/>\n&#8211; Dzes\u0113\u0161anas \u0161\u0137idrumi, antifr\u012bzi, brem\u017eu \u0161\u0137idrumi<br \/>\n&#8211; D\u012bze\u013cdegvielas un degvielas piedevas<br \/>\n&#8211; Izlietoto e\u013c\u013cu un tehnisko \u0161\u0137idrumu sav\u0101k\u0161ana<\/p>\n","protected":false},"excerpt":{"rendered":"<p>\u0160is piln\u012bgi jaunais 1000 litru IBC konteiners (Intermediate Bulk Container) ir piln\u012bb\u0101 UN sertific\u0113ts b\u012bstamu un neb\u012bstamu \u0161\u0137idrumu transport\u0113\u0161anai un uzglab\u0101\u0161anai. Tas ir ide\u0101li piem\u0113rots profesion\u0101lai un r\u016bpnieciskai lieto\u0161anai.<\/p>\n<p>Konteiners sast\u0101v no augstas kvalit\u0101tes HDPE (augsta bl\u012bvuma polietil\u0113na) iek\u0161\u0113j\u0101s tvertnes, cinkota t\u0113rauda r\u0101mja un paletes pamatnes, kas ir piem\u0113rota iekr\u0101v\u0113jiem un pale\u0161u rati\u0146iem.<br \/>Tas atbilst starptautiskajiem dro\u0161\u012bbas standartiem un nodro\u0161ina iztur\u012bbu, \u0137\u012bmisko notur\u012bbu un atbilst\u012bbu regul\u0101m. <\/p>\n","protected":false},"featured_media":24224,"template":"","meta":[],"product_brand":[],"product_cat":[315],"product_tag":[],"class_list":{"0":"post-16587","1":"product","2":"type-product","3":"status-publish","4":"has-post-thumbnail","6":"product_cat-starppaterina-konteiners-beztaras-ibc-1000-litri","7":"product_shipping_class-containers-lv","9":"first","10":"onbackorder","11":"taxable","12":"shipping-taxable","13":"purchasable","14":"product-type-simple"},"yoast_head":"<!-- This site is optimized with the Yoast SEO plugin v26.9 - https:\/\/yoast.com\/product\/yoast-seo-wordpress\/ -->\n<title>NewCube UN IBC 1000 \u2013 Jauns konteiners ar UN sertifik\u0101tu - IBC konteineri m&uuml;&uuml;k, vaadid, kraanid, mahutid<\/title>\n<meta name=\"description\" content=\"\u0160is piln\u012bgi jaunais 1000 litru IBC konteiners ir piln\u012bb\u0101 UN sertific\u0113ts b\u012bstamu un neb\u012bstamu \u0161\u0137idrumu transport\u0113\u0161anai un uzglab\u0101\u0161anai.\" \/>\n<meta name=\"robots\" content=\"index, follow, max-snippet:-1, max-image-preview:large, max-video-preview:-1\" \/>\n<link rel=\"canonical\" href=\"https:\/\/ibc.ee\/lv\/product\/newcube-un-ibc-1000-jauns-konteiners-ar-un-sertifikatu\/\" \/>\n<meta property=\"og:locale\" content=\"lv_LV\" \/>\n<meta property=\"og:type\" content=\"article\" \/>\n<meta property=\"og:title\" content=\"NewCube UN IBC 1000 \u2013 Jauns konteiners ar UN sertifik\u0101tu - IBC konteineri m&uuml;&uuml;k, vaadid, kraanid, mahutid\" \/>\n<meta property=\"og:description\" content=\"\u0160is piln\u012bgi jaunais 1000 litru IBC konteiners ir piln\u012bb\u0101 UN sertific\u0113ts b\u012bstamu un neb\u012bstamu \u0161\u0137idrumu transport\u0113\u0161anai un uzglab\u0101\u0161anai.\" \/>\n<meta property=\"og:url\" content=\"https:\/\/ibc.ee\/lv\/product\/newcube-un-ibc-1000-jauns-konteiners-ar-un-sertifikatu\/\" \/>\n<meta property=\"og:site_name\" content=\"IBC konteineri m&uuml;&uuml;k, vaadid, kraanid, mahutid\" \/>\n<meta property=\"article:modified_time\" content=\"2025-07-08T10:00:53+00:00\" \/>\n<meta property=\"og:image\" content=\"https:\/\/ibc.ee\/wp-content\/uploads\/2018\/08\/NewCube-UN-IBC-1000-new-container-UN-approved.jpg\" \/>\n\t<meta property=\"og:image:width\" content=\"1000\" \/>\n\t<meta property=\"og:image:height\" content=\"1000\" \/>\n\t<meta property=\"og:image:type\" content=\"image\/jpeg\" \/>\n<meta name=\"twitter:card\" content=\"summary_large_image\" \/>\n<meta name=\"twitter:label1\" content=\"Est. reading time\" \/>\n\t<meta name=\"twitter:data1\" content=\"1 minute\" \/>\n<script type=\"application\/ld+json\" class=\"yoast-schema-graph\">{\"@context\":\"https:\/\/schema.org\",\"@graph\":[{\"@type\":\"WebPage\",\"@id\":\"https:\/\/ibc.ee\/lv\/product\/newcube-un-ibc-1000-jauns-konteiners-ar-un-sertifikatu\/\",\"url\":\"https:\/\/ibc.ee\/lv\/product\/newcube-un-ibc-1000-jauns-konteiners-ar-un-sertifikatu\/\",\"name\":\"NewCube UN IBC 1000 \u2013 Jauns konteiners ar UN sertifik\u0101tu - IBC konteineri m&uuml;&uuml;k, vaadid, kraanid, mahutid\",\"isPartOf\":{\"@id\":\"https:\/\/www.ibc.ee\/lv\/#website\"},\"primaryImageOfPage\":{\"@id\":\"https:\/\/ibc.ee\/lv\/product\/newcube-un-ibc-1000-jauns-konteiners-ar-un-sertifikatu\/#primaryimage\"},\"image\":{\"@id\":\"https:\/\/ibc.ee\/lv\/product\/newcube-un-ibc-1000-jauns-konteiners-ar-un-sertifikatu\/#primaryimage\"},\"thumbnailUrl\":\"https:\/\/ibc.ee\/wp-content\/uploads\/2018\/08\/NewCube-UN-IBC-1000-new-container-UN-approved.jpg\",\"datePublished\":\"2018-09-11T09:16:34+00:00\",\"dateModified\":\"2025-07-08T10:00:53+00:00\",\"description\":\"\u0160is piln\u012bgi jaunais 1000 litru IBC konteiners ir piln\u012bb\u0101 UN sertific\u0113ts b\u012bstamu un neb\u012bstamu \u0161\u0137idrumu transport\u0113\u0161anai un uzglab\u0101\u0161anai.\",\"breadcrumb\":{\"@id\":\"https:\/\/ibc.ee\/lv\/product\/newcube-un-ibc-1000-jauns-konteiners-ar-un-sertifikatu\/#breadcrumb\"},\"inLanguage\":\"lv-LV\",\"potentialAction\":[{\"@type\":\"ReadAction\",\"target\":[\"https:\/\/ibc.ee\/lv\/product\/newcube-un-ibc-1000-jauns-konteiners-ar-un-sertifikatu\/\"]}]},{\"@type\":\"ImageObject\",\"inLanguage\":\"lv-LV\",\"@id\":\"https:\/\/ibc.ee\/lv\/product\/newcube-un-ibc-1000-jauns-konteiners-ar-un-sertifikatu\/#primaryimage\",\"url\":\"https:\/\/ibc.ee\/wp-content\/uploads\/2018\/08\/NewCube-UN-IBC-1000-new-container-UN-approved.jpg\",\"contentUrl\":\"https:\/\/ibc.ee\/wp-content\/uploads\/2018\/08\/NewCube-UN-IBC-1000-new-container-UN-approved.jpg\",\"width\":1000,\"height\":1000,\"caption\":\"NewCube UN IBC 1000 new container with UN certificate\"},{\"@type\":\"BreadcrumbList\",\"@id\":\"https:\/\/ibc.ee\/lv\/product\/newcube-un-ibc-1000-jauns-konteiners-ar-un-sertifikatu\/#breadcrumb\",\"itemListElement\":[{\"@type\":\"ListItem\",\"position\":1,\"name\":\"\u0413\u043b\u0430\u0432\u043d\u0430\u044f \u0441\u0442\u0440\u0430\u043d\u0438\u0446\u0430\",\"item\":\"https:\/\/www.ibc.ee\/lv\/\"},{\"@type\":\"ListItem\",\"position\":2,\"name\":\"Veikals\",\"item\":\"https:\/\/www.ibc.ee\/lv\/shop\/\"},{\"@type\":\"ListItem\",\"position\":3,\"name\":\"NewCube UN IBC 1000 \u2013 Jauns konteiners ar UN sertifik\u0101tu\"}]},{\"@type\":\"WebSite\",\"@id\":\"https:\/\/www.ibc.ee\/lv\/#website\",\"url\":\"https:\/\/www.ibc.ee\/lv\/\",\"name\":\"IBC konteineri m&uuml;&uuml;k, vaadid, kraanid, mahutid\",\"description\":\"IBC - Tank container valve, Adapters\\\\fittings, Intermediate bulk, container, Drums\/cans\",\"potentialAction\":[{\"@type\":\"SearchAction\",\"target\":{\"@type\":\"EntryPoint\",\"urlTemplate\":\"https:\/\/www.ibc.ee\/lv\/?s={search_term_string}\"},\"query-input\":{\"@type\":\"PropertyValueSpecification\",\"valueRequired\":true,\"valueName\":\"search_term_string\"}}],\"inLanguage\":\"lv-LV\"}]}<\/script>\n<!-- \/ Yoast SEO plugin. -->","yoast_head_json":{"title":"NewCube UN IBC 1000 \u2013 Jauns konteiners ar UN sertifik\u0101tu - IBC konteineri m&uuml;&uuml;k, vaadid, kraanid, mahutid","description":"\u0160is piln\u012bgi jaunais 1000 litru IBC konteiners ir piln\u012bb\u0101 UN sertific\u0113ts b\u012bstamu un neb\u012bstamu \u0161\u0137idrumu transport\u0113\u0161anai un uzglab\u0101\u0161anai.","robots":{"index":"index","follow":"follow","max-snippet":"max-snippet:-1","max-image-preview":"max-image-preview:large","max-video-preview":"max-video-preview:-1"},"canonical":"https:\/\/ibc.ee\/lv\/product\/newcube-un-ibc-1000-jauns-konteiners-ar-un-sertifikatu\/","og_locale":"lv_LV","og_type":"article","og_title":"NewCube UN IBC 1000 \u2013 Jauns konteiners ar UN sertifik\u0101tu - IBC konteineri m&uuml;&uuml;k, vaadid, kraanid, mahutid","og_description":"\u0160is piln\u012bgi jaunais 1000 litru IBC konteiners ir piln\u012bb\u0101 UN sertific\u0113ts b\u012bstamu un neb\u012bstamu \u0161\u0137idrumu transport\u0113\u0161anai un uzglab\u0101\u0161anai.","og_url":"https:\/\/ibc.ee\/lv\/product\/newcube-un-ibc-1000-jauns-konteiners-ar-un-sertifikatu\/","og_site_name":"IBC konteineri m&uuml;&uuml;k, vaadid, kraanid, mahutid","article_modified_time":"2025-07-08T10:00:53+00:00","og_image":[{"width":1000,"height":1000,"url":"https:\/\/ibc.ee\/wp-content\/uploads\/2018\/08\/NewCube-UN-IBC-1000-new-container-UN-approved.jpg","type":"image\/jpeg"}],"twitter_card":"summary_large_image","twitter_misc":{"Est. reading time":"1 minute"},"schema":{"@context":"https:\/\/schema.org","@graph":[{"@type":"WebPage","@id":"https:\/\/ibc.ee\/lv\/product\/newcube-un-ibc-1000-jauns-konteiners-ar-un-sertifikatu\/","url":"https:\/\/ibc.ee\/lv\/product\/newcube-un-ibc-1000-jauns-konteiners-ar-un-sertifikatu\/","name":"NewCube UN IBC 1000 \u2013 Jauns konteiners ar UN sertifik\u0101tu - IBC konteineri m&uuml;&uuml;k, vaadid, kraanid, mahutid","isPartOf":{"@id":"https:\/\/www.ibc.ee\/lv\/#website"},"primaryImageOfPage":{"@id":"https:\/\/ibc.ee\/lv\/product\/newcube-un-ibc-1000-jauns-konteiners-ar-un-sertifikatu\/#primaryimage"},"image":{"@id":"https:\/\/ibc.ee\/lv\/product\/newcube-un-ibc-1000-jauns-konteiners-ar-un-sertifikatu\/#primaryimage"},"thumbnailUrl":"https:\/\/ibc.ee\/wp-content\/uploads\/2018\/08\/NewCube-UN-IBC-1000-new-container-UN-approved.jpg","datePublished":"2018-09-11T09:16:34+00:00","dateModified":"2025-07-08T10:00:53+00:00","description":"\u0160is piln\u012bgi jaunais 1000 litru IBC konteiners ir piln\u012bb\u0101 UN sertific\u0113ts b\u012bstamu un neb\u012bstamu \u0161\u0137idrumu transport\u0113\u0161anai un uzglab\u0101\u0161anai.","breadcrumb":{"@id":"https:\/\/ibc.ee\/lv\/product\/newcube-un-ibc-1000-jauns-konteiners-ar-un-sertifikatu\/#breadcrumb"},"inLanguage":"lv-LV","potentialAction":[{"@type":"ReadAction","target":["https:\/\/ibc.ee\/lv\/product\/newcube-un-ibc-1000-jauns-konteiners-ar-un-sertifikatu\/"]}]},{"@type":"ImageObject","inLanguage":"lv-LV","@id":"https:\/\/ibc.ee\/lv\/product\/newcube-un-ibc-1000-jauns-konteiners-ar-un-sertifikatu\/#primaryimage","url":"https:\/\/ibc.ee\/wp-content\/uploads\/2018\/08\/NewCube-UN-IBC-1000-new-container-UN-approved.jpg","contentUrl":"https:\/\/ibc.ee\/wp-content\/uploads\/2018\/08\/NewCube-UN-IBC-1000-new-container-UN-approved.jpg","width":1000,"height":1000,"caption":"NewCube UN IBC 1000 new container with UN certificate"},{"@type":"BreadcrumbList","@id":"https:\/\/ibc.ee\/lv\/product\/newcube-un-ibc-1000-jauns-konteiners-ar-un-sertifikatu\/#breadcrumb","itemListElement":[{"@type":"ListItem","position":1,"name":"\u0413\u043b\u0430\u0432\u043d\u0430\u044f \u0441\u0442\u0440\u0430\u043d\u0438\u0446\u0430","item":"https:\/\/www.ibc.ee\/lv\/"},{"@type":"ListItem","position":2,"name":"Veikals","item":"https:\/\/www.ibc.ee\/lv\/shop\/"},{"@type":"ListItem","position":3,"name":"NewCube UN IBC 1000 \u2013 Jauns konteiners ar UN sertifik\u0101tu"}]},{"@type":"WebSite","@id":"https:\/\/www.ibc.ee\/lv\/#website","url":"https:\/\/www.ibc.ee\/lv\/","name":"IBC konteineri m&uuml;&uuml;k, vaadid, kraanid, mahutid","description":"IBC - Tank container valve, Adapters\\fittings, Intermediate bulk, container, Drums\/cans","potentialAction":[{"@type":"SearchAction","target":{"@type":"EntryPoint","urlTemplate":"https:\/\/www.ibc.ee\/lv\/?s={search_term_string}"},"query-input":{"@type":"PropertyValueSpecification","valueRequired":true,"valueName":"search_term_string"}}],"inLanguage":"lv-LV"}]}},"_links":{"self":[{"href":"https:\/\/ibc.ee\/lv\/wp-json\/wp\/v2\/product\/16587","targetHints":{"allow":["GET"]}}],"collection":[{"href":"https:\/\/ibc.ee\/lv\/wp-json\/wp\/v2\/product"}],"about":[{"href":"https:\/\/ibc.ee\/lv\/wp-json\/wp\/v2\/types\/product"}],"wp:featuredmedia":[{"embeddable":true,"href":"https:\/\/ibc.ee\/lv\/wp-json\/wp\/v2\/media\/24224"}],"wp:attachment":[{"href":"https:\/\/ibc.ee\/lv\/wp-json\/wp\/v2\/media?parent=16587"}],"wp:term":[{"taxonomy":"product_brand","embeddable":true,"href":"https:\/\/ibc.ee\/lv\/wp-json\/wp\/v2\/product_brand?post=16587"},{"taxonomy":"product_cat","embeddable":true,"href":"https:\/\/ibc.ee\/lv\/wp-json\/wp\/v2\/product_cat?post=16587"},{"taxonomy":"product_tag","embeddable":true,"href":"https:\/\/ibc.ee\/lv\/wp-json\/wp\/v2\/product_tag?post=16587"}],"curies":[{"name":"wp","href":"https:\/\/api.w.org\/{rel}","templated":true}]}}