{"id":16641,"date":"2018-06-04T17:34:07","date_gmt":"2018-09-18T11:47:53","guid":{"rendered":"https:\/\/ibc.ee\/product\/intermediate-bulk-trauka-f\/"},"modified":"2025-07-10T10:33:28","modified_gmt":"2025-07-10T08:33:28","slug":"renewcube-ibc-1000-parpildits-ibc","status":"publish","type":"product","link":"https:\/\/ibc.ee\/lv\/product\/renewcube-ibc-1000-parpildits-ibc\/","title":{"rendered":"ReNewCube IBC 1000 \u2013 P\u0101rpild\u012bts IBC"},"content":{"rendered":"<p>Konteiners plastmasas, met\u0101la vai koka palikt\u0146iem. Vis\u0101m tvertn\u0113m ar darba kr\u0101nu apak\u0161\u0101 ir m\u0113r\u012b\u0161anas skala un plats v\u0101ks aug\u0161pus\u0113. Tvertnei ir met\u0101la karkass.<\/p>\n<p>Ar\u012b m\u0113s varam pied\u0101v\u0101t adapteri un da\u017e\u0101du celt\u0146u (lodveida kr\u0101nu, celt\u0146a tauri\u0146\u0161, celtnis ar ventili) IBC konteineri.<\/p>\n<p><strong>Tehnisk\u0101 specifik\u0101cija:<\/strong><br \/>\n&#8211; Apak\u0161\u0113jais izpl\u016bdes v\u0101rsts: 50 mm (2&#8243;) integr\u0113ts tauri\u0146v\u0101rsts, S60x6 \u0101r\u0113jais v\u012btne \u2013 sader\u012bgs ar liel\u0101ko da\u013cu standarta savienojumu<br \/>\n&#8211; Aug\u0161\u0113j\u0101 uzpilde: 150 mm (6&#8243;) v\u0101ks bez ventil\u0101cijas \u2013 \u0113rti uzpild\u012bt un p\u0101rbaud\u012bt<\/p>\n<p><strong>Iesp\u0113jamie lietojumi:<\/strong><br \/>\n&#8211; M\u0113slojuma un lauksaimniec\u012bbas \u0161\u0137\u012bdumu uzglab\u0101\u0161ana<br \/>\n&#8211; T\u012br\u012b\u0161anas l\u012bdzek\u013ci un tehniskie \u0161\u0137idrumi<br \/>\n&#8211; Lietus\u016bdens sav\u0101k\u0161ana (nav paredz\u0113ts dzer\u0161anai)<br \/>\n&#8211; R\u016bpniecisk\u0101 skalo\u0161anas \u016bdens vai pel\u0113k\u0101 \u016bdens uzglab\u0101\u0161ana<\/p>\n","protected":false},"excerpt":{"rendered":"<p><strong>ReNewCube IBC 1000 \u2013 Atjaunots IBC konteiners ar jaunu iek\u0161\u0113jo tvertni un lietotu r\u0101mi<\/strong><\/p>\n<p>ReNewCube IBC 1000 ir augstas kvalit\u0101tes atjaunots (rebottled) 1000 litru starpposma \u0161\u0137idrumu konteiners, kur\u0101 apvienota piln\u012bgi jauna HDPE iek\u0161\u0113j\u0101 tvertne ar r\u016bp\u012bgi p\u0101rbaud\u012btu lietotu cinkotu t\u0113rauda r\u0101mi. T\u0101 ir videi draudz\u012bga un izdev\u012bga izv\u0113le, ja nepiecie\u0161ams uzglab\u0101t \u0161\u0137idrumus bez UN vai FDA sertifik\u0101cijas. <\/p>\n<p>\u0160im konteineram nav UN vai FDA sertifik\u0101cijas. Tas paredz\u0113ts tehniskai, lauksaimniec\u012bbas vai nep\u0101rtikas lieto\u0161anai, un nav piem\u0113rots b\u012bstam\u0101m viel\u0101m vai p\u0101rtikas uzglab\u0101\u0161anai. <\/p>\n","protected":false},"featured_media":24282,"template":"","meta":[],"product_brand":[],"product_cat":[315],"product_tag":[],"class_list":{"0":"post-16641","1":"product","2":"type-product","3":"status-publish","4":"has-post-thumbnail","6":"product_cat-starppaterina-konteiners-beztaras-ibc-1000-litri","7":"product_shipping_class-containers-lv","9":"first","10":"onbackorder","11":"taxable","12":"shipping-taxable","13":"product-type-simple"},"yoast_head":"<!-- This site is optimized with the Yoast SEO plugin v26.9 - https:\/\/yoast.com\/product\/yoast-seo-wordpress\/ -->\n<title>ReNewCube IBC 1000 \u2013 P\u0101rpild\u012bts IBC - IBC konteineri m&uuml;&uuml;k, vaadid, kraanid, mahutid<\/title>\n<meta name=\"description\" content=\"ReNewCube IBC 1000 ir augstas kvalit\u0101tes atjaunots (rebottled) 1000 litru starpposma \u0161\u0137idrumu konteiners, kur\u0101 apvienota piln\u012bgi jauna HDPE iek\u0161\u0113j\u0101 tvertne ar r\u016bp\u012bgi p\u0101rbaud\u012btu lietotu cinkotu t\u0113rauda r\u0101mi.\" \/>\n<meta name=\"robots\" content=\"index, follow, max-snippet:-1, max-image-preview:large, max-video-preview:-1\" \/>\n<link rel=\"canonical\" href=\"https:\/\/ibc.ee\/lv\/product\/renewcube-ibc-1000-parpildits-ibc\/\" \/>\n<meta property=\"og:locale\" content=\"lv_LV\" \/>\n<meta property=\"og:type\" content=\"article\" \/>\n<meta property=\"og:title\" content=\"ReNewCube IBC 1000 \u2013 P\u0101rpild\u012bts IBC - IBC konteineri m&uuml;&uuml;k, vaadid, kraanid, mahutid\" \/>\n<meta property=\"og:description\" content=\"ReNewCube IBC 1000 ir augstas kvalit\u0101tes atjaunots (rebottled) 1000 litru starpposma \u0161\u0137idrumu konteiners, kur\u0101 apvienota piln\u012bgi jauna HDPE iek\u0161\u0113j\u0101 tvertne ar r\u016bp\u012bgi p\u0101rbaud\u012btu lietotu cinkotu t\u0113rauda r\u0101mi.\" \/>\n<meta property=\"og:url\" content=\"https:\/\/ibc.ee\/lv\/product\/renewcube-ibc-1000-parpildits-ibc\/\" \/>\n<meta property=\"og:site_name\" content=\"IBC konteineri m&uuml;&uuml;k, vaadid, kraanid, mahutid\" \/>\n<meta property=\"article:modified_time\" content=\"2025-07-10T08:33:28+00:00\" \/>\n<meta property=\"og:image\" content=\"https:\/\/ibc.ee\/wp-content\/uploads\/2018\/06\/ReNewCube-IBC-1000-Rebottled-IBC.jpg\" \/>\n\t<meta property=\"og:image:width\" content=\"1000\" \/>\n\t<meta property=\"og:image:height\" content=\"1000\" \/>\n\t<meta property=\"og:image:type\" content=\"image\/jpeg\" \/>\n<meta name=\"twitter:card\" content=\"summary_large_image\" \/>\n<meta name=\"twitter:label1\" content=\"Est. reading time\" \/>\n\t<meta name=\"twitter:data1\" content=\"1 minute\" \/>\n<script type=\"application\/ld+json\" class=\"yoast-schema-graph\">{\"@context\":\"https:\/\/schema.org\",\"@graph\":[{\"@type\":\"WebPage\",\"@id\":\"https:\/\/ibc.ee\/lv\/product\/renewcube-ibc-1000-parpildits-ibc\/\",\"url\":\"https:\/\/ibc.ee\/lv\/product\/renewcube-ibc-1000-parpildits-ibc\/\",\"name\":\"ReNewCube IBC 1000 \u2013 P\u0101rpild\u012bts IBC - IBC konteineri m&uuml;&uuml;k, vaadid, kraanid, mahutid\",\"isPartOf\":{\"@id\":\"https:\/\/www.ibc.ee\/lv\/#website\"},\"primaryImageOfPage\":{\"@id\":\"https:\/\/ibc.ee\/lv\/product\/renewcube-ibc-1000-parpildits-ibc\/#primaryimage\"},\"image\":{\"@id\":\"https:\/\/ibc.ee\/lv\/product\/renewcube-ibc-1000-parpildits-ibc\/#primaryimage\"},\"thumbnailUrl\":\"https:\/\/ibc.ee\/wp-content\/uploads\/2018\/06\/ReNewCube-IBC-1000-Rebottled-IBC.jpg\",\"datePublished\":\"2018-09-18T11:47:53+00:00\",\"dateModified\":\"2025-07-10T08:33:28+00:00\",\"description\":\"ReNewCube IBC 1000 ir augstas kvalit\u0101tes atjaunots (rebottled) 1000 litru starpposma \u0161\u0137idrumu konteiners, kur\u0101 apvienota piln\u012bgi jauna HDPE iek\u0161\u0113j\u0101 tvertne ar r\u016bp\u012bgi p\u0101rbaud\u012btu lietotu cinkotu t\u0113rauda r\u0101mi.\",\"breadcrumb\":{\"@id\":\"https:\/\/ibc.ee\/lv\/product\/renewcube-ibc-1000-parpildits-ibc\/#breadcrumb\"},\"inLanguage\":\"lv-LV\",\"potentialAction\":[{\"@type\":\"ReadAction\",\"target\":[\"https:\/\/ibc.ee\/lv\/product\/renewcube-ibc-1000-parpildits-ibc\/\"]}]},{\"@type\":\"ImageObject\",\"inLanguage\":\"lv-LV\",\"@id\":\"https:\/\/ibc.ee\/lv\/product\/renewcube-ibc-1000-parpildits-ibc\/#primaryimage\",\"url\":\"https:\/\/ibc.ee\/wp-content\/uploads\/2018\/06\/ReNewCube-IBC-1000-Rebottled-IBC.jpg\",\"contentUrl\":\"https:\/\/ibc.ee\/wp-content\/uploads\/2018\/06\/ReNewCube-IBC-1000-Rebottled-IBC.jpg\",\"width\":1000,\"height\":1000,\"caption\":\"ReNewCube IBC 1000 \u2013 Rebottled IBC\"},{\"@type\":\"BreadcrumbList\",\"@id\":\"https:\/\/ibc.ee\/lv\/product\/renewcube-ibc-1000-parpildits-ibc\/#breadcrumb\",\"itemListElement\":[{\"@type\":\"ListItem\",\"position\":1,\"name\":\"\u0413\u043b\u0430\u0432\u043d\u0430\u044f \u0441\u0442\u0440\u0430\u043d\u0438\u0446\u0430\",\"item\":\"https:\/\/www.ibc.ee\/lv\/\"},{\"@type\":\"ListItem\",\"position\":2,\"name\":\"Veikals\",\"item\":\"https:\/\/www.ibc.ee\/lv\/shop\/\"},{\"@type\":\"ListItem\",\"position\":3,\"name\":\"ReNewCube IBC 1000 \u2013 P\u0101rpild\u012bts IBC\"}]},{\"@type\":\"WebSite\",\"@id\":\"https:\/\/www.ibc.ee\/lv\/#website\",\"url\":\"https:\/\/www.ibc.ee\/lv\/\",\"name\":\"IBC konteineri m&uuml;&uuml;k, vaadid, kraanid, mahutid\",\"description\":\"IBC - Tank container valve, Adapters\\\\fittings, Intermediate bulk, container, Drums\/cans\",\"potentialAction\":[{\"@type\":\"SearchAction\",\"target\":{\"@type\":\"EntryPoint\",\"urlTemplate\":\"https:\/\/www.ibc.ee\/lv\/?s={search_term_string}\"},\"query-input\":{\"@type\":\"PropertyValueSpecification\",\"valueRequired\":true,\"valueName\":\"search_term_string\"}}],\"inLanguage\":\"lv-LV\"}]}<\/script>\n<!-- \/ Yoast SEO plugin. -->","yoast_head_json":{"title":"ReNewCube IBC 1000 \u2013 P\u0101rpild\u012bts IBC - IBC konteineri m&uuml;&uuml;k, vaadid, kraanid, mahutid","description":"ReNewCube IBC 1000 ir augstas kvalit\u0101tes atjaunots (rebottled) 1000 litru starpposma \u0161\u0137idrumu konteiners, kur\u0101 apvienota piln\u012bgi jauna HDPE iek\u0161\u0113j\u0101 tvertne ar r\u016bp\u012bgi p\u0101rbaud\u012btu lietotu cinkotu t\u0113rauda r\u0101mi.","robots":{"index":"index","follow":"follow","max-snippet":"max-snippet:-1","max-image-preview":"max-image-preview:large","max-video-preview":"max-video-preview:-1"},"canonical":"https:\/\/ibc.ee\/lv\/product\/renewcube-ibc-1000-parpildits-ibc\/","og_locale":"lv_LV","og_type":"article","og_title":"ReNewCube IBC 1000 \u2013 P\u0101rpild\u012bts IBC - IBC konteineri m&uuml;&uuml;k, vaadid, kraanid, mahutid","og_description":"ReNewCube IBC 1000 ir augstas kvalit\u0101tes atjaunots (rebottled) 1000 litru starpposma \u0161\u0137idrumu konteiners, kur\u0101 apvienota piln\u012bgi jauna HDPE iek\u0161\u0113j\u0101 tvertne ar r\u016bp\u012bgi p\u0101rbaud\u012btu lietotu cinkotu t\u0113rauda r\u0101mi.","og_url":"https:\/\/ibc.ee\/lv\/product\/renewcube-ibc-1000-parpildits-ibc\/","og_site_name":"IBC konteineri m&uuml;&uuml;k, vaadid, kraanid, mahutid","article_modified_time":"2025-07-10T08:33:28+00:00","og_image":[{"width":1000,"height":1000,"url":"https:\/\/ibc.ee\/wp-content\/uploads\/2018\/06\/ReNewCube-IBC-1000-Rebottled-IBC.jpg","type":"image\/jpeg"}],"twitter_card":"summary_large_image","twitter_misc":{"Est. reading time":"1 minute"},"schema":{"@context":"https:\/\/schema.org","@graph":[{"@type":"WebPage","@id":"https:\/\/ibc.ee\/lv\/product\/renewcube-ibc-1000-parpildits-ibc\/","url":"https:\/\/ibc.ee\/lv\/product\/renewcube-ibc-1000-parpildits-ibc\/","name":"ReNewCube IBC 1000 \u2013 P\u0101rpild\u012bts IBC - IBC konteineri m&uuml;&uuml;k, vaadid, kraanid, mahutid","isPartOf":{"@id":"https:\/\/www.ibc.ee\/lv\/#website"},"primaryImageOfPage":{"@id":"https:\/\/ibc.ee\/lv\/product\/renewcube-ibc-1000-parpildits-ibc\/#primaryimage"},"image":{"@id":"https:\/\/ibc.ee\/lv\/product\/renewcube-ibc-1000-parpildits-ibc\/#primaryimage"},"thumbnailUrl":"https:\/\/ibc.ee\/wp-content\/uploads\/2018\/06\/ReNewCube-IBC-1000-Rebottled-IBC.jpg","datePublished":"2018-09-18T11:47:53+00:00","dateModified":"2025-07-10T08:33:28+00:00","description":"ReNewCube IBC 1000 ir augstas kvalit\u0101tes atjaunots (rebottled) 1000 litru starpposma \u0161\u0137idrumu konteiners, kur\u0101 apvienota piln\u012bgi jauna HDPE iek\u0161\u0113j\u0101 tvertne ar r\u016bp\u012bgi p\u0101rbaud\u012btu lietotu cinkotu t\u0113rauda r\u0101mi.","breadcrumb":{"@id":"https:\/\/ibc.ee\/lv\/product\/renewcube-ibc-1000-parpildits-ibc\/#breadcrumb"},"inLanguage":"lv-LV","potentialAction":[{"@type":"ReadAction","target":["https:\/\/ibc.ee\/lv\/product\/renewcube-ibc-1000-parpildits-ibc\/"]}]},{"@type":"ImageObject","inLanguage":"lv-LV","@id":"https:\/\/ibc.ee\/lv\/product\/renewcube-ibc-1000-parpildits-ibc\/#primaryimage","url":"https:\/\/ibc.ee\/wp-content\/uploads\/2018\/06\/ReNewCube-IBC-1000-Rebottled-IBC.jpg","contentUrl":"https:\/\/ibc.ee\/wp-content\/uploads\/2018\/06\/ReNewCube-IBC-1000-Rebottled-IBC.jpg","width":1000,"height":1000,"caption":"ReNewCube IBC 1000 \u2013 Rebottled IBC"},{"@type":"BreadcrumbList","@id":"https:\/\/ibc.ee\/lv\/product\/renewcube-ibc-1000-parpildits-ibc\/#breadcrumb","itemListElement":[{"@type":"ListItem","position":1,"name":"\u0413\u043b\u0430\u0432\u043d\u0430\u044f \u0441\u0442\u0440\u0430\u043d\u0438\u0446\u0430","item":"https:\/\/www.ibc.ee\/lv\/"},{"@type":"ListItem","position":2,"name":"Veikals","item":"https:\/\/www.ibc.ee\/lv\/shop\/"},{"@type":"ListItem","position":3,"name":"ReNewCube IBC 1000 \u2013 P\u0101rpild\u012bts IBC"}]},{"@type":"WebSite","@id":"https:\/\/www.ibc.ee\/lv\/#website","url":"https:\/\/www.ibc.ee\/lv\/","name":"IBC konteineri m&uuml;&uuml;k, vaadid, kraanid, mahutid","description":"IBC - Tank container valve, Adapters\\fittings, Intermediate bulk, container, Drums\/cans","potentialAction":[{"@type":"SearchAction","target":{"@type":"EntryPoint","urlTemplate":"https:\/\/www.ibc.ee\/lv\/?s={search_term_string}"},"query-input":{"@type":"PropertyValueSpecification","valueRequired":true,"valueName":"search_term_string"}}],"inLanguage":"lv-LV"}]}},"_links":{"self":[{"href":"https:\/\/ibc.ee\/lv\/wp-json\/wp\/v2\/product\/16641","targetHints":{"allow":["GET"]}}],"collection":[{"href":"https:\/\/ibc.ee\/lv\/wp-json\/wp\/v2\/product"}],"about":[{"href":"https:\/\/ibc.ee\/lv\/wp-json\/wp\/v2\/types\/product"}],"wp:featuredmedia":[{"embeddable":true,"href":"https:\/\/ibc.ee\/lv\/wp-json\/wp\/v2\/media\/24282"}],"wp:attachment":[{"href":"https:\/\/ibc.ee\/lv\/wp-json\/wp\/v2\/media?parent=16641"}],"wp:term":[{"taxonomy":"product_brand","embeddable":true,"href":"https:\/\/ibc.ee\/lv\/wp-json\/wp\/v2\/product_brand?post=16641"},{"taxonomy":"product_cat","embeddable":true,"href":"https:\/\/ibc.ee\/lv\/wp-json\/wp\/v2\/product_cat?post=16641"},{"taxonomy":"product_tag","embeddable":true,"href":"https:\/\/ibc.ee\/lv\/wp-json\/wp\/v2\/product_tag?post=16641"}],"curies":[{"name":"wp","href":"https:\/\/api.w.org\/{rel}","templated":true}]}}