{"id":16647,"date":"2018-06-04T17:23:49","date_gmt":"2018-09-18T11:48:02","guid":{"rendered":"https:\/\/ibc.ee\/product\/intermediate-bulk-trauka-d\/"},"modified":"2025-07-09T11:33:33","modified_gmt":"2025-07-09T09:33:33","slug":"techcube-ibc-1000-blue-mazgats-1000l-konteiners","status":"publish","type":"product","link":"https:\/\/ibc.ee\/lv\/product\/techcube-ibc-1000-blue-mazgats-1000l-konteiners\/","title":{"rendered":"TechCube IBC 1000 Blue \u2013 Mazg\u0101ts 1000L konteiners"},"content":{"rendered":"<p><strong>Tipiski pielietojumi<\/strong><br \/>\n&#8211; Lietus \u016bdens sav\u0101k\u0161ana<br \/>\n&#8211; Ap\u016bde\u0146o\u0161anas un lauksaimniec\u012bbas \u016bdens<br \/>\n&#8211; Iek\u0101rtu skalo\u0161anas \u016bdens<br \/>\n&#8211; Pel\u0113k\u0101 \u016bdens un nedzeram\u0101 \u016bdens uzglab\u0101\u0161ana<br \/>\n&#8211; \u016adens konteineri b\u016bvobjektiem<br \/>\n&#8211; \u016adens uzglab\u0101\u0161ana ugunsdz\u0113s\u012bbas m\u0101c\u012bb\u0101m<br \/>\n&#8211; Mazb\u012bstamo \u0161\u0137idrumu skalo\u0161ana vai sav\u0101k\u0161ana<br \/>\n&#8211; \u0160\u0137idro atkritumu uzglab\u0101\u0161ana<br \/>\n&#8211; Pa\u0161tais\u012btas \u016bdens sist\u0113mas<\/p>\n","protected":false},"excerpt":{"rendered":"<p><strong>UV aizsardz\u012bba. T\u012br\u012bts. Paredz\u0113ts tehniskiem un visp\u0101r\u0113jiem lietojumiem.  <\/strong><\/p>\n<p>TechCube IBC 1000 Blue ir profesion\u0101li izmazg\u0101ts, atk\u0101rtoti izmantojams 1000 litru IBC konteiners, kas paredz\u0113ts nekritisku \u0161\u0137idrumu uzglab\u0101\u0161anai. Lai gan tam nav p\u0101rtikas vai UN sertifik\u0101cijas, tas ir lieliska izv\u0113le tehniskai izmanto\u0161anai, lieto\u0161anai \u0101rpus telp\u0101m vai r\u016bpnieciskiem nol\u016bkiem. <\/p>\n<p>Zil\u0101 iek\u0161\u0113j\u0101 pudele nodro\u0161ina uzlabotu UV aizsardz\u012bbu, samazinot a\u013c\u0123u aug\u0161anu un pagarina \u0161\u0137idrumu uzglab\u0101\u0161anas laiku \u2013 b\u016btiska priek\u0161roc\u012bba sal\u012bdzin\u0101jum\u0101 ar caursp\u012bd\u012bgajiem konteineriem \u0101r\u0113j\u0101 vid\u0113.<\/p>\n","protected":false},"featured_media":24255,"template":"","meta":[],"product_brand":[],"product_cat":[315],"product_tag":[],"class_list":{"0":"post-16647","1":"product","2":"type-product","3":"status-publish","4":"has-post-thumbnail","6":"product_cat-starppaterina-konteiners-beztaras-ibc-1000-litri","7":"product_shipping_class-containers-lv","9":"first","10":"onbackorder","11":"taxable","12":"shipping-taxable","13":"product-type-simple"},"yoast_head":"<!-- This site is optimized with the Yoast SEO plugin v26.9 - https:\/\/yoast.com\/product\/yoast-seo-wordpress\/ -->\n<title>TechCube IBC 1000 Blue \u2013 Mazg\u0101ts 1000L konteiners<\/title>\n<meta name=\"description\" content=\"TechCube IBC 1000 Blue ir profesion\u0101li izmazg\u0101ts, atk\u0101rtoti izmantojams 1000 litru IBC konteiners, kas paredz\u0113ts nekritisku \u0161\u0137idrumu uzglab\u0101\u0161anai.\" \/>\n<meta name=\"robots\" content=\"index, follow, max-snippet:-1, max-image-preview:large, max-video-preview:-1\" \/>\n<link rel=\"canonical\" href=\"https:\/\/ibc.ee\/lv\/product\/techcube-ibc-1000-blue-mazgats-1000l-konteiners\/\" \/>\n<meta property=\"og:locale\" content=\"lv_LV\" \/>\n<meta property=\"og:type\" content=\"article\" \/>\n<meta property=\"og:title\" content=\"TechCube IBC 1000 Blue \u2013 Mazg\u0101ts 1000L konteiners\" \/>\n<meta property=\"og:description\" content=\"TechCube IBC 1000 Blue ir profesion\u0101li izmazg\u0101ts, atk\u0101rtoti izmantojams 1000 litru IBC konteiners, kas paredz\u0113ts nekritisku \u0161\u0137idrumu uzglab\u0101\u0161anai.\" \/>\n<meta property=\"og:url\" content=\"https:\/\/ibc.ee\/lv\/product\/techcube-ibc-1000-blue-mazgats-1000l-konteiners\/\" \/>\n<meta property=\"og:site_name\" content=\"IBC konteineri m&uuml;&uuml;k, vaadid, kraanid, mahutid\" \/>\n<meta property=\"article:modified_time\" content=\"2025-07-09T09:33:33+00:00\" \/>\n<meta property=\"og:image\" content=\"https:\/\/ibc.ee\/wp-content\/uploads\/2018\/06\/TechCube-IBC-1000-Blue-Reconditioned-1000L-Tank.jpg\" \/>\n\t<meta property=\"og:image:width\" content=\"800\" \/>\n\t<meta property=\"og:image:height\" content=\"800\" \/>\n\t<meta property=\"og:image:type\" content=\"image\/jpeg\" \/>\n<meta name=\"twitter:card\" content=\"summary_large_image\" \/>\n<meta name=\"twitter:label1\" content=\"Est. reading time\" \/>\n\t<meta name=\"twitter:data1\" content=\"1 minute\" \/>\n<script type=\"application\/ld+json\" class=\"yoast-schema-graph\">{\"@context\":\"https:\/\/schema.org\",\"@graph\":[{\"@type\":\"WebPage\",\"@id\":\"https:\/\/ibc.ee\/lv\/product\/techcube-ibc-1000-blue-mazgats-1000l-konteiners\/\",\"url\":\"https:\/\/ibc.ee\/lv\/product\/techcube-ibc-1000-blue-mazgats-1000l-konteiners\/\",\"name\":\"TechCube IBC 1000 Blue \u2013 Mazg\u0101ts 1000L konteiners\",\"isPartOf\":{\"@id\":\"https:\/\/www.ibc.ee\/lv\/#website\"},\"primaryImageOfPage\":{\"@id\":\"https:\/\/ibc.ee\/lv\/product\/techcube-ibc-1000-blue-mazgats-1000l-konteiners\/#primaryimage\"},\"image\":{\"@id\":\"https:\/\/ibc.ee\/lv\/product\/techcube-ibc-1000-blue-mazgats-1000l-konteiners\/#primaryimage\"},\"thumbnailUrl\":\"https:\/\/ibc.ee\/wp-content\/uploads\/2018\/06\/TechCube-IBC-1000-Blue-Reconditioned-1000L-Tank.jpg\",\"datePublished\":\"2018-09-18T11:48:02+00:00\",\"dateModified\":\"2025-07-09T09:33:33+00:00\",\"description\":\"TechCube IBC 1000 Blue ir profesion\u0101li izmazg\u0101ts, atk\u0101rtoti izmantojams 1000 litru IBC konteiners, kas paredz\u0113ts nekritisku \u0161\u0137idrumu uzglab\u0101\u0161anai.\",\"breadcrumb\":{\"@id\":\"https:\/\/ibc.ee\/lv\/product\/techcube-ibc-1000-blue-mazgats-1000l-konteiners\/#breadcrumb\"},\"inLanguage\":\"lv-LV\",\"potentialAction\":[{\"@type\":\"ReadAction\",\"target\":[\"https:\/\/ibc.ee\/lv\/product\/techcube-ibc-1000-blue-mazgats-1000l-konteiners\/\"]}]},{\"@type\":\"ImageObject\",\"inLanguage\":\"lv-LV\",\"@id\":\"https:\/\/ibc.ee\/lv\/product\/techcube-ibc-1000-blue-mazgats-1000l-konteiners\/#primaryimage\",\"url\":\"https:\/\/ibc.ee\/wp-content\/uploads\/2018\/06\/TechCube-IBC-1000-Blue-Reconditioned-1000L-Tank.jpg\",\"contentUrl\":\"https:\/\/ibc.ee\/wp-content\/uploads\/2018\/06\/TechCube-IBC-1000-Blue-Reconditioned-1000L-Tank.jpg\",\"width\":800,\"height\":800,\"caption\":\"TechCube IBC 1000 Blue \u2013 Reconditioned 1000L Tank\"},{\"@type\":\"BreadcrumbList\",\"@id\":\"https:\/\/ibc.ee\/lv\/product\/techcube-ibc-1000-blue-mazgats-1000l-konteiners\/#breadcrumb\",\"itemListElement\":[{\"@type\":\"ListItem\",\"position\":1,\"name\":\"\u0413\u043b\u0430\u0432\u043d\u0430\u044f \u0441\u0442\u0440\u0430\u043d\u0438\u0446\u0430\",\"item\":\"https:\/\/www.ibc.ee\/lv\/\"},{\"@type\":\"ListItem\",\"position\":2,\"name\":\"Veikals\",\"item\":\"https:\/\/www.ibc.ee\/lv\/shop\/\"},{\"@type\":\"ListItem\",\"position\":3,\"name\":\"TechCube IBC 1000 Blue \u2013 Mazg\u0101ts 1000L konteiners\"}]},{\"@type\":\"WebSite\",\"@id\":\"https:\/\/www.ibc.ee\/lv\/#website\",\"url\":\"https:\/\/www.ibc.ee\/lv\/\",\"name\":\"IBC konteineri m&uuml;&uuml;k, vaadid, kraanid, mahutid\",\"description\":\"IBC - Tank container valve, Adapters\\\\fittings, Intermediate bulk, container, Drums\/cans\",\"potentialAction\":[{\"@type\":\"SearchAction\",\"target\":{\"@type\":\"EntryPoint\",\"urlTemplate\":\"https:\/\/www.ibc.ee\/lv\/?s={search_term_string}\"},\"query-input\":{\"@type\":\"PropertyValueSpecification\",\"valueRequired\":true,\"valueName\":\"search_term_string\"}}],\"inLanguage\":\"lv-LV\"}]}<\/script>\n<!-- \/ Yoast SEO plugin. -->","yoast_head_json":{"title":"TechCube IBC 1000 Blue \u2013 Mazg\u0101ts 1000L konteiners","description":"TechCube IBC 1000 Blue ir profesion\u0101li izmazg\u0101ts, atk\u0101rtoti izmantojams 1000 litru IBC konteiners, kas paredz\u0113ts nekritisku \u0161\u0137idrumu uzglab\u0101\u0161anai.","robots":{"index":"index","follow":"follow","max-snippet":"max-snippet:-1","max-image-preview":"max-image-preview:large","max-video-preview":"max-video-preview:-1"},"canonical":"https:\/\/ibc.ee\/lv\/product\/techcube-ibc-1000-blue-mazgats-1000l-konteiners\/","og_locale":"lv_LV","og_type":"article","og_title":"TechCube IBC 1000 Blue \u2013 Mazg\u0101ts 1000L konteiners","og_description":"TechCube IBC 1000 Blue ir profesion\u0101li izmazg\u0101ts, atk\u0101rtoti izmantojams 1000 litru IBC konteiners, kas paredz\u0113ts nekritisku \u0161\u0137idrumu uzglab\u0101\u0161anai.","og_url":"https:\/\/ibc.ee\/lv\/product\/techcube-ibc-1000-blue-mazgats-1000l-konteiners\/","og_site_name":"IBC konteineri m&uuml;&uuml;k, vaadid, kraanid, mahutid","article_modified_time":"2025-07-09T09:33:33+00:00","og_image":[{"width":800,"height":800,"url":"https:\/\/ibc.ee\/wp-content\/uploads\/2018\/06\/TechCube-IBC-1000-Blue-Reconditioned-1000L-Tank.jpg","type":"image\/jpeg"}],"twitter_card":"summary_large_image","twitter_misc":{"Est. reading time":"1 minute"},"schema":{"@context":"https:\/\/schema.org","@graph":[{"@type":"WebPage","@id":"https:\/\/ibc.ee\/lv\/product\/techcube-ibc-1000-blue-mazgats-1000l-konteiners\/","url":"https:\/\/ibc.ee\/lv\/product\/techcube-ibc-1000-blue-mazgats-1000l-konteiners\/","name":"TechCube IBC 1000 Blue \u2013 Mazg\u0101ts 1000L konteiners","isPartOf":{"@id":"https:\/\/www.ibc.ee\/lv\/#website"},"primaryImageOfPage":{"@id":"https:\/\/ibc.ee\/lv\/product\/techcube-ibc-1000-blue-mazgats-1000l-konteiners\/#primaryimage"},"image":{"@id":"https:\/\/ibc.ee\/lv\/product\/techcube-ibc-1000-blue-mazgats-1000l-konteiners\/#primaryimage"},"thumbnailUrl":"https:\/\/ibc.ee\/wp-content\/uploads\/2018\/06\/TechCube-IBC-1000-Blue-Reconditioned-1000L-Tank.jpg","datePublished":"2018-09-18T11:48:02+00:00","dateModified":"2025-07-09T09:33:33+00:00","description":"TechCube IBC 1000 Blue ir profesion\u0101li izmazg\u0101ts, atk\u0101rtoti izmantojams 1000 litru IBC konteiners, kas paredz\u0113ts nekritisku \u0161\u0137idrumu uzglab\u0101\u0161anai.","breadcrumb":{"@id":"https:\/\/ibc.ee\/lv\/product\/techcube-ibc-1000-blue-mazgats-1000l-konteiners\/#breadcrumb"},"inLanguage":"lv-LV","potentialAction":[{"@type":"ReadAction","target":["https:\/\/ibc.ee\/lv\/product\/techcube-ibc-1000-blue-mazgats-1000l-konteiners\/"]}]},{"@type":"ImageObject","inLanguage":"lv-LV","@id":"https:\/\/ibc.ee\/lv\/product\/techcube-ibc-1000-blue-mazgats-1000l-konteiners\/#primaryimage","url":"https:\/\/ibc.ee\/wp-content\/uploads\/2018\/06\/TechCube-IBC-1000-Blue-Reconditioned-1000L-Tank.jpg","contentUrl":"https:\/\/ibc.ee\/wp-content\/uploads\/2018\/06\/TechCube-IBC-1000-Blue-Reconditioned-1000L-Tank.jpg","width":800,"height":800,"caption":"TechCube IBC 1000 Blue \u2013 Reconditioned 1000L Tank"},{"@type":"BreadcrumbList","@id":"https:\/\/ibc.ee\/lv\/product\/techcube-ibc-1000-blue-mazgats-1000l-konteiners\/#breadcrumb","itemListElement":[{"@type":"ListItem","position":1,"name":"\u0413\u043b\u0430\u0432\u043d\u0430\u044f \u0441\u0442\u0440\u0430\u043d\u0438\u0446\u0430","item":"https:\/\/www.ibc.ee\/lv\/"},{"@type":"ListItem","position":2,"name":"Veikals","item":"https:\/\/www.ibc.ee\/lv\/shop\/"},{"@type":"ListItem","position":3,"name":"TechCube IBC 1000 Blue \u2013 Mazg\u0101ts 1000L konteiners"}]},{"@type":"WebSite","@id":"https:\/\/www.ibc.ee\/lv\/#website","url":"https:\/\/www.ibc.ee\/lv\/","name":"IBC konteineri m&uuml;&uuml;k, vaadid, kraanid, mahutid","description":"IBC - Tank container valve, Adapters\\fittings, Intermediate bulk, container, Drums\/cans","potentialAction":[{"@type":"SearchAction","target":{"@type":"EntryPoint","urlTemplate":"https:\/\/www.ibc.ee\/lv\/?s={search_term_string}"},"query-input":{"@type":"PropertyValueSpecification","valueRequired":true,"valueName":"search_term_string"}}],"inLanguage":"lv-LV"}]}},"_links":{"self":[{"href":"https:\/\/ibc.ee\/lv\/wp-json\/wp\/v2\/product\/16647","targetHints":{"allow":["GET"]}}],"collection":[{"href":"https:\/\/ibc.ee\/lv\/wp-json\/wp\/v2\/product"}],"about":[{"href":"https:\/\/ibc.ee\/lv\/wp-json\/wp\/v2\/types\/product"}],"wp:featuredmedia":[{"embeddable":true,"href":"https:\/\/ibc.ee\/lv\/wp-json\/wp\/v2\/media\/24255"}],"wp:attachment":[{"href":"https:\/\/ibc.ee\/lv\/wp-json\/wp\/v2\/media?parent=16647"}],"wp:term":[{"taxonomy":"product_brand","embeddable":true,"href":"https:\/\/ibc.ee\/lv\/wp-json\/wp\/v2\/product_brand?post=16647"},{"taxonomy":"product_cat","embeddable":true,"href":"https:\/\/ibc.ee\/lv\/wp-json\/wp\/v2\/product_cat?post=16647"},{"taxonomy":"product_tag","embeddable":true,"href":"https:\/\/ibc.ee\/lv\/wp-json\/wp\/v2\/product_tag?post=16647"}],"curies":[{"name":"wp","href":"https:\/\/api.w.org\/{rel}","templated":true}]}}