{"id":16653,"date":"2018-06-04T17:21:35","date_gmt":"2018-09-18T11:48:10","guid":{"rendered":"https:\/\/ibc.ee\/product\/intermediate-bulk-konteiners-b\/"},"modified":"2025-07-03T11:49:36","modified_gmt":"2025-07-03T09:49:36","slug":"techcube-ibc-1000-melns-atjaunots-ar-un-sertifikatu","status":"publish","type":"product","link":"https:\/\/ibc.ee\/lv\/product\/techcube-ibc-1000-melns-atjaunots-ar-un-sertifikatu\/","title":{"rendered":"TechCube IBC 1000 melns, atjaunots, ar UN sertifik\u0101tu"},"content":{"rendered":"<p>Vid\u0113ja tilpuma beramkravu konteiners IBC 1000l B uz plastmasas, met\u0101la vai koka palet\u0113m. Visas rezervu\u0101ri ar darba celt\u0146a zem\u0101k, m\u0113r\u012b\u0161anas skalas un nav pla\u0161a v\u0101ku no aug\u0161as. Aug\u0161\u0113jais v\u0101ci\u0146\u0161 150 mm. Apak\u0161\u0113jais ar 2 collu kr\u0101nu (60&#215;6) <\/p>\n<p><strong>K\u0101p\u0113c izv\u0113l\u0113ties melnu IBC tvertni, nevis standarta IBC?<\/strong><br \/>\nAt\u0161\u0137ir\u012bb\u0101 no standarta caursp\u012bd\u012bgajiem IBC konteineriem, melnais IBC konteiners blo\u0137\u0113 UV starus, nov\u0113r\u0161ot gaismas iedarb\u012bbu, kas var izrais\u012bt a\u013c\u0123u aug\u0161anu. \u0160\u012b funkcija ilg\u0101k saglab\u0101 uzglab\u0101tos \u0161\u0137idrumus svaigus, padarot melnos IBC konteinerus ide\u0101li piem\u0113rotus lietojumiem, kur \u0161\u0137idruma integrit\u0101te ir kritiski svar\u012bga. <\/p>\n<p><strong>UN apstiprin\u0101ta \u0161\u0137idrumu uzglab\u0101\u0161anai<\/strong><br \/>\n\u0160\u012b meln\u0101 IBC tvertne atbilst UN sertifik\u0101cijas standartiem, nodro\u0161inot atbilst\u012bbu b\u012bstamo un neb\u012bstamo \u0161\u0137idrumu uzglab\u0101\u0161anas pras\u012bb\u0101m. \u0160\u012b tvertne nodro\u0161ina dro\u0161u un apstiprin\u0101tu uzglab\u0101\u0161anas iesp\u0113ju neatkar\u012bgi no t\u0101, vai to izmanto r\u016bpniecisk\u0101m \u0137imik\u0101lij\u0101m, lauksaimniec\u012bbas \u0161\u0137\u012bdumiem vai visp\u0101r\u0113jai \u0161\u0137idrumu p\u0101rvad\u0101\u0161anai. <\/p>\n<p><strong>Svar\u012bgi apsv\u0113rumi<\/strong><br \/>\nLai gan m\u016bsu p\u0101rdo\u0161an\u0101 eso\u0161ie melnie IBC konteineri ir profesion\u0101li izt\u012br\u012bti un atjaunoti, tajos var b\u016bt nelielas iepriek\u0161 uzglab\u0101tu \u0161\u0137idrumu p\u0113das. \u0160\u012b iemesla d\u0113\u013c \u0161ie IBC nav piem\u0113roti dzeramajam \u016bdenim vai p\u0101rtikas produktiem. Ja jums ir nepiecie\u0161ams konteiners pat\u0113ri\u0146a pre\u010du uzglab\u0101\u0161anai, iesak\u0101m izv\u0113l\u0113ties jaunu vai p\u0101rpild\u012btu IBC tvertni.  <\/p>\n","protected":false},"excerpt":{"rendered":"<p>Atg\u016bts un mazg\u0101ts IBC konteiners ar der\u012bgu UN sertifik\u0101tu. Ide\u0101li piem\u0113rots b\u012bstamiem \u0161\u0137idrumiem, tehnisk\u0101m \u0137imik\u0101lij\u0101m, lauksaimniec\u012bbas un r\u016bpniec\u012bbas uzglab\u0101\u0161anai. Ide\u0101li piem\u0113rots ar\u012b ap\u016bde\u0146o\u0161anas \u016bdenim. Meln\u0101, UV starojuma iztur\u012bga tvertne apvienojum\u0101 ar UN sertific\u0113tu konstrukciju pal\u012bdz nov\u0113rst a\u013c\u0123u aug\u0161anu un ilg\u0101k saglab\u0101 \u016bdeni dzidru.   <\/p>\n<p><strong>Bie\u017ei sastopamie pielietojumi ietver:<\/strong><\/p>\n<p>&#8211; Tehniskie \u0161\u0137idrumi un r\u016bpnieciskie \u0161\u0137idrumi: piem\u0113roti b\u012bstamu un neb\u012bstamu \u0161\u0137idrumu, d\u012bze\u013cdegvielas, e\u013c\u013cu, izlietot\u0101s e\u013c\u013cas (atkritumu e\u013c\u013cas), \u0161\u0137\u012bdin\u0101t\u0101ju, antifr\u012bza, hidraulisko \u0161\u0137idrumu uzglab\u0101\u0161anai.<br \/>\n&#8211; Lauksaimniec\u012bba un ap\u016bde\u0146o\u0161ana: ap\u016bde\u0146o\u0161anas \u016bdens, m\u0113slo\u0161anas l\u012bdzek\u013cu \u0161\u0137\u012bdumi, \u0161\u0137idr\u0101s bar\u012bbas vielas, pestic\u012bdi, herbic\u012bdi, atka\u013c\u0137o\u0161anas \u0161\u0137idrumi, ap\u016bde\u0146o\u0161anas \u0137imik\u0101lijas vai komposta t\u0113jas.<br \/>\n&#8211; \u0136\u012bmisk\u0101 r\u016bpniec\u012bba: t\u012br\u012b\u0161anas l\u012bdzek\u013ci, sk\u0101bes, s\u0101rmi, ra\u017eo\u0161anas procesa atlikumi, pagaidu atkritumu \u0161\u0137idrumi (pirms utiliz\u0101cijas).<br \/>\n&#8211; B\u016bvniec\u012bba un ra\u017eo\u0161ana: betona mazg\u0101\u0161anas \u016bdens, herm\u0113ti\u0137i, l\u012bmes, kr\u0101sas atkritumi, javas \u016bdens, bitumena mais\u012bjumi, objektu t\u012br\u012b\u0161anas vai skalo\u0161anas tvertnes.<\/p>\n","protected":false},"featured_media":24099,"template":"","meta":[],"product_brand":[],"product_cat":[315],"product_tag":[],"class_list":{"0":"post-16653","1":"product","2":"type-product","3":"status-publish","4":"has-post-thumbnail","6":"product_cat-starppaterina-konteiners-beztaras-ibc-1000-litri","7":"product_shipping_class-containers-lv","9":"first","10":"instock","11":"taxable","12":"shipping-taxable","13":"purchasable","14":"product-type-simple"},"yoast_head":"<!-- This site is optimized with the Yoast SEO plugin v26.9 - https:\/\/yoast.com\/product\/yoast-seo-wordpress\/ -->\n<title>TechCube IBC 1000 melns, atjaunots, ar UN sertifik\u0101tu - IBC konteineri m&uuml;&uuml;k, vaadid, kraanid, mahutid<\/title>\n<meta name=\"description\" content=\"Atg\u016bts un mazg\u0101ts IBC konteiners ar der\u012bgu UN sertifik\u0101tu. Ide\u0101li piem\u0113rots b\u012bstamiem \u0161\u0137idrumiem, tehnisk\u0101m \u0137imik\u0101lij\u0101m, lauksaimniec\u012bbas un r\u016bpniec\u012bbas uzglab\u0101\u0161anai un nedzeram\u0101m sist\u0113m\u0101m.\" \/>\n<meta name=\"robots\" content=\"index, follow, max-snippet:-1, max-image-preview:large, max-video-preview:-1\" \/>\n<link rel=\"canonical\" href=\"https:\/\/ibc.ee\/lv\/product\/techcube-ibc-1000-melns-atjaunots-ar-un-sertifikatu\/\" \/>\n<meta property=\"og:locale\" content=\"lv_LV\" \/>\n<meta property=\"og:type\" content=\"article\" \/>\n<meta property=\"og:title\" content=\"TechCube IBC 1000 melns, atjaunots, ar UN sertifik\u0101tu - IBC konteineri m&uuml;&uuml;k, vaadid, kraanid, mahutid\" \/>\n<meta property=\"og:description\" content=\"Atg\u016bts un mazg\u0101ts IBC konteiners ar der\u012bgu UN sertifik\u0101tu. Ide\u0101li piem\u0113rots b\u012bstamiem \u0161\u0137idrumiem, tehnisk\u0101m \u0137imik\u0101lij\u0101m, lauksaimniec\u012bbas un r\u016bpniec\u012bbas uzglab\u0101\u0161anai un nedzeram\u0101m sist\u0113m\u0101m.\" \/>\n<meta property=\"og:url\" content=\"https:\/\/ibc.ee\/lv\/product\/techcube-ibc-1000-melns-atjaunots-ar-un-sertifikatu\/\" \/>\n<meta property=\"og:site_name\" content=\"IBC konteineri m&uuml;&uuml;k, vaadid, kraanid, mahutid\" \/>\n<meta property=\"article:modified_time\" content=\"2025-07-03T09:49:36+00:00\" \/>\n<meta property=\"og:image\" content=\"https:\/\/ibc.ee\/wp-content\/uploads\/2018\/06\/Black-1000L-Reconditioned-IBC-with-UN-Certificate.jpg\" \/>\n\t<meta property=\"og:image:width\" content=\"1000\" \/>\n\t<meta property=\"og:image:height\" content=\"1000\" \/>\n\t<meta property=\"og:image:type\" content=\"image\/jpeg\" \/>\n<meta name=\"twitter:card\" content=\"summary_large_image\" \/>\n<meta name=\"twitter:label1\" content=\"Est. reading time\" \/>\n\t<meta name=\"twitter:data1\" content=\"1 minute\" \/>\n<script type=\"application\/ld+json\" class=\"yoast-schema-graph\">{\"@context\":\"https:\/\/schema.org\",\"@graph\":[{\"@type\":\"WebPage\",\"@id\":\"https:\/\/ibc.ee\/lv\/product\/techcube-ibc-1000-melns-atjaunots-ar-un-sertifikatu\/\",\"url\":\"https:\/\/ibc.ee\/lv\/product\/techcube-ibc-1000-melns-atjaunots-ar-un-sertifikatu\/\",\"name\":\"TechCube IBC 1000 melns, atjaunots, ar UN sertifik\u0101tu - IBC konteineri m&uuml;&uuml;k, vaadid, kraanid, mahutid\",\"isPartOf\":{\"@id\":\"https:\/\/www.ibc.ee\/lv\/#website\"},\"primaryImageOfPage\":{\"@id\":\"https:\/\/ibc.ee\/lv\/product\/techcube-ibc-1000-melns-atjaunots-ar-un-sertifikatu\/#primaryimage\"},\"image\":{\"@id\":\"https:\/\/ibc.ee\/lv\/product\/techcube-ibc-1000-melns-atjaunots-ar-un-sertifikatu\/#primaryimage\"},\"thumbnailUrl\":\"https:\/\/ibc.ee\/wp-content\/uploads\/2018\/06\/Black-1000L-Reconditioned-IBC-with-UN-Certificate.jpg\",\"datePublished\":\"2018-09-18T11:48:10+00:00\",\"dateModified\":\"2025-07-03T09:49:36+00:00\",\"description\":\"Atg\u016bts un mazg\u0101ts IBC konteiners ar der\u012bgu UN sertifik\u0101tu. Ide\u0101li piem\u0113rots b\u012bstamiem \u0161\u0137idrumiem, tehnisk\u0101m \u0137imik\u0101lij\u0101m, lauksaimniec\u012bbas un r\u016bpniec\u012bbas uzglab\u0101\u0161anai un nedzeram\u0101m sist\u0113m\u0101m.\",\"breadcrumb\":{\"@id\":\"https:\/\/ibc.ee\/lv\/product\/techcube-ibc-1000-melns-atjaunots-ar-un-sertifikatu\/#breadcrumb\"},\"inLanguage\":\"lv-LV\",\"potentialAction\":[{\"@type\":\"ReadAction\",\"target\":[\"https:\/\/ibc.ee\/lv\/product\/techcube-ibc-1000-melns-atjaunots-ar-un-sertifikatu\/\"]}]},{\"@type\":\"ImageObject\",\"inLanguage\":\"lv-LV\",\"@id\":\"https:\/\/ibc.ee\/lv\/product\/techcube-ibc-1000-melns-atjaunots-ar-un-sertifikatu\/#primaryimage\",\"url\":\"https:\/\/ibc.ee\/wp-content\/uploads\/2018\/06\/Black-1000L-Reconditioned-IBC-with-UN-Certificate.jpg\",\"contentUrl\":\"https:\/\/ibc.ee\/wp-content\/uploads\/2018\/06\/Black-1000L-Reconditioned-IBC-with-UN-Certificate.jpg\",\"width\":1000,\"height\":1000,\"caption\":\"Black 1000L Reconditioned IBC with UN Certificate\"},{\"@type\":\"BreadcrumbList\",\"@id\":\"https:\/\/ibc.ee\/lv\/product\/techcube-ibc-1000-melns-atjaunots-ar-un-sertifikatu\/#breadcrumb\",\"itemListElement\":[{\"@type\":\"ListItem\",\"position\":1,\"name\":\"\u0413\u043b\u0430\u0432\u043d\u0430\u044f \u0441\u0442\u0440\u0430\u043d\u0438\u0446\u0430\",\"item\":\"https:\/\/www.ibc.ee\/lv\/\"},{\"@type\":\"ListItem\",\"position\":2,\"name\":\"Veikals\",\"item\":\"https:\/\/www.ibc.ee\/lv\/shop\/\"},{\"@type\":\"ListItem\",\"position\":3,\"name\":\"TechCube IBC 1000 melns, atjaunots, ar UN sertifik\u0101tu\"}]},{\"@type\":\"WebSite\",\"@id\":\"https:\/\/www.ibc.ee\/lv\/#website\",\"url\":\"https:\/\/www.ibc.ee\/lv\/\",\"name\":\"IBC konteineri m&uuml;&uuml;k, vaadid, kraanid, mahutid\",\"description\":\"IBC - Tank container valve, Adapters\\\\fittings, Intermediate bulk, container, Drums\/cans\",\"potentialAction\":[{\"@type\":\"SearchAction\",\"target\":{\"@type\":\"EntryPoint\",\"urlTemplate\":\"https:\/\/www.ibc.ee\/lv\/?s={search_term_string}\"},\"query-input\":{\"@type\":\"PropertyValueSpecification\",\"valueRequired\":true,\"valueName\":\"search_term_string\"}}],\"inLanguage\":\"lv-LV\"}]}<\/script>\n<!-- \/ Yoast SEO plugin. -->","yoast_head_json":{"title":"TechCube IBC 1000 melns, atjaunots, ar UN sertifik\u0101tu - IBC konteineri m&uuml;&uuml;k, vaadid, kraanid, mahutid","description":"Atg\u016bts un mazg\u0101ts IBC konteiners ar der\u012bgu UN sertifik\u0101tu. Ide\u0101li piem\u0113rots b\u012bstamiem \u0161\u0137idrumiem, tehnisk\u0101m \u0137imik\u0101lij\u0101m, lauksaimniec\u012bbas un r\u016bpniec\u012bbas uzglab\u0101\u0161anai un nedzeram\u0101m sist\u0113m\u0101m.","robots":{"index":"index","follow":"follow","max-snippet":"max-snippet:-1","max-image-preview":"max-image-preview:large","max-video-preview":"max-video-preview:-1"},"canonical":"https:\/\/ibc.ee\/lv\/product\/techcube-ibc-1000-melns-atjaunots-ar-un-sertifikatu\/","og_locale":"lv_LV","og_type":"article","og_title":"TechCube IBC 1000 melns, atjaunots, ar UN sertifik\u0101tu - IBC konteineri m&uuml;&uuml;k, vaadid, kraanid, mahutid","og_description":"Atg\u016bts un mazg\u0101ts IBC konteiners ar der\u012bgu UN sertifik\u0101tu. Ide\u0101li piem\u0113rots b\u012bstamiem \u0161\u0137idrumiem, tehnisk\u0101m \u0137imik\u0101lij\u0101m, lauksaimniec\u012bbas un r\u016bpniec\u012bbas uzglab\u0101\u0161anai un nedzeram\u0101m sist\u0113m\u0101m.","og_url":"https:\/\/ibc.ee\/lv\/product\/techcube-ibc-1000-melns-atjaunots-ar-un-sertifikatu\/","og_site_name":"IBC konteineri m&uuml;&uuml;k, vaadid, kraanid, mahutid","article_modified_time":"2025-07-03T09:49:36+00:00","og_image":[{"width":1000,"height":1000,"url":"https:\/\/ibc.ee\/wp-content\/uploads\/2018\/06\/Black-1000L-Reconditioned-IBC-with-UN-Certificate.jpg","type":"image\/jpeg"}],"twitter_card":"summary_large_image","twitter_misc":{"Est. reading time":"1 minute"},"schema":{"@context":"https:\/\/schema.org","@graph":[{"@type":"WebPage","@id":"https:\/\/ibc.ee\/lv\/product\/techcube-ibc-1000-melns-atjaunots-ar-un-sertifikatu\/","url":"https:\/\/ibc.ee\/lv\/product\/techcube-ibc-1000-melns-atjaunots-ar-un-sertifikatu\/","name":"TechCube IBC 1000 melns, atjaunots, ar UN sertifik\u0101tu - IBC konteineri m&uuml;&uuml;k, vaadid, kraanid, mahutid","isPartOf":{"@id":"https:\/\/www.ibc.ee\/lv\/#website"},"primaryImageOfPage":{"@id":"https:\/\/ibc.ee\/lv\/product\/techcube-ibc-1000-melns-atjaunots-ar-un-sertifikatu\/#primaryimage"},"image":{"@id":"https:\/\/ibc.ee\/lv\/product\/techcube-ibc-1000-melns-atjaunots-ar-un-sertifikatu\/#primaryimage"},"thumbnailUrl":"https:\/\/ibc.ee\/wp-content\/uploads\/2018\/06\/Black-1000L-Reconditioned-IBC-with-UN-Certificate.jpg","datePublished":"2018-09-18T11:48:10+00:00","dateModified":"2025-07-03T09:49:36+00:00","description":"Atg\u016bts un mazg\u0101ts IBC konteiners ar der\u012bgu UN sertifik\u0101tu. Ide\u0101li piem\u0113rots b\u012bstamiem \u0161\u0137idrumiem, tehnisk\u0101m \u0137imik\u0101lij\u0101m, lauksaimniec\u012bbas un r\u016bpniec\u012bbas uzglab\u0101\u0161anai un nedzeram\u0101m sist\u0113m\u0101m.","breadcrumb":{"@id":"https:\/\/ibc.ee\/lv\/product\/techcube-ibc-1000-melns-atjaunots-ar-un-sertifikatu\/#breadcrumb"},"inLanguage":"lv-LV","potentialAction":[{"@type":"ReadAction","target":["https:\/\/ibc.ee\/lv\/product\/techcube-ibc-1000-melns-atjaunots-ar-un-sertifikatu\/"]}]},{"@type":"ImageObject","inLanguage":"lv-LV","@id":"https:\/\/ibc.ee\/lv\/product\/techcube-ibc-1000-melns-atjaunots-ar-un-sertifikatu\/#primaryimage","url":"https:\/\/ibc.ee\/wp-content\/uploads\/2018\/06\/Black-1000L-Reconditioned-IBC-with-UN-Certificate.jpg","contentUrl":"https:\/\/ibc.ee\/wp-content\/uploads\/2018\/06\/Black-1000L-Reconditioned-IBC-with-UN-Certificate.jpg","width":1000,"height":1000,"caption":"Black 1000L Reconditioned IBC with UN Certificate"},{"@type":"BreadcrumbList","@id":"https:\/\/ibc.ee\/lv\/product\/techcube-ibc-1000-melns-atjaunots-ar-un-sertifikatu\/#breadcrumb","itemListElement":[{"@type":"ListItem","position":1,"name":"\u0413\u043b\u0430\u0432\u043d\u0430\u044f \u0441\u0442\u0440\u0430\u043d\u0438\u0446\u0430","item":"https:\/\/www.ibc.ee\/lv\/"},{"@type":"ListItem","position":2,"name":"Veikals","item":"https:\/\/www.ibc.ee\/lv\/shop\/"},{"@type":"ListItem","position":3,"name":"TechCube IBC 1000 melns, atjaunots, ar UN sertifik\u0101tu"}]},{"@type":"WebSite","@id":"https:\/\/www.ibc.ee\/lv\/#website","url":"https:\/\/www.ibc.ee\/lv\/","name":"IBC konteineri m&uuml;&uuml;k, vaadid, kraanid, mahutid","description":"IBC - Tank container valve, Adapters\\fittings, Intermediate bulk, container, Drums\/cans","potentialAction":[{"@type":"SearchAction","target":{"@type":"EntryPoint","urlTemplate":"https:\/\/www.ibc.ee\/lv\/?s={search_term_string}"},"query-input":{"@type":"PropertyValueSpecification","valueRequired":true,"valueName":"search_term_string"}}],"inLanguage":"lv-LV"}]}},"_links":{"self":[{"href":"https:\/\/ibc.ee\/lv\/wp-json\/wp\/v2\/product\/16653","targetHints":{"allow":["GET"]}}],"collection":[{"href":"https:\/\/ibc.ee\/lv\/wp-json\/wp\/v2\/product"}],"about":[{"href":"https:\/\/ibc.ee\/lv\/wp-json\/wp\/v2\/types\/product"}],"wp:featuredmedia":[{"embeddable":true,"href":"https:\/\/ibc.ee\/lv\/wp-json\/wp\/v2\/media\/24099"}],"wp:attachment":[{"href":"https:\/\/ibc.ee\/lv\/wp-json\/wp\/v2\/media?parent=16653"}],"wp:term":[{"taxonomy":"product_brand","embeddable":true,"href":"https:\/\/ibc.ee\/lv\/wp-json\/wp\/v2\/product_brand?post=16653"},{"taxonomy":"product_cat","embeddable":true,"href":"https:\/\/ibc.ee\/lv\/wp-json\/wp\/v2\/product_cat?post=16653"},{"taxonomy":"product_tag","embeddable":true,"href":"https:\/\/ibc.ee\/lv\/wp-json\/wp\/v2\/product_tag?post=16653"}],"curies":[{"name":"wp","href":"https:\/\/api.w.org\/{rel}","templated":true}]}}