{"id":16676,"date":"2018-06-03T19:40:00","date_gmt":"2018-09-18T11:54:15","guid":{"rendered":"https:\/\/ibc.ee\/product\/ibc-udens-tvertne-droselvarstu-dalas-female-62mm\/"},"modified":"2020-01-14T08:09:20","modified_gmt":"2020-01-14T06:09:20","slug":"ibc-udens-tvertne-droselvarstu-dalas-female-62mm","status":"publish","type":"product","link":"https:\/\/ibc.ee\/lv\/product\/ibc-udens-tvertne-droselvarstu-dalas-female-62mm\/","title":{"rendered":"IBC \u016bdens tvertne drose\u013cv\u0101rstu da\u013cas Female 62mm"},"content":{"rendered":"<p>IBC \u016bdens tvertne drose\u013cv\u0101rstu da\u013cas Female 62mm, 55mm rupjiem vju \u012bpa\u0161u dren\u0101\u017eas caurule \u0161\u0137idruma izpl\u016bdes cauru\u013cu l\u012bkumu, lai ietilptu.<\/p>\n","protected":false},"excerpt":{"rendered":"<p>IBC \u016bdens tvertne drose\u013cv\u0101rstu da\u013cas Female 62mm, 55mm rupjiem vju \u012bpa\u0161u dren\u0101\u017eas caurule \u0161\u0137idruma izpl\u016bdes cauru\u013cu l\u012bkumu, lai ietilptu.<\/p>\n","protected":false},"featured_media":16681,"template":"","meta":[],"product_brand":[],"product_cat":[323],"product_tag":[],"class_list":{"0":"post-16676","1":"product","2":"type-product","3":"status-publish","4":"has-post-thumbnail","6":"product_cat-adapteri-un-veidgabali-ibc-konteiners","7":"product_shipping_class-omniva-lv","9":"first","10":"instock","11":"taxable","12":"shipping-taxable","13":"purchasable","14":"product-type-simple"},"yoast_head":"<!-- This site is optimized with the Yoast SEO plugin v26.9 - https:\/\/yoast.com\/product\/yoast-seo-wordpress\/ -->\n<title>IBC \u016bdens tvertne drose\u013cv\u0101rstu da\u013cas Female 62mm - IBC konteineri m&uuml;&uuml;k, vaadid, kraanid, mahutid<\/title>\n<meta name=\"description\" content=\"IBC \u016bdens tvertne drose\u013cv\u0101rstu da\u013cas Female 62mm, 55mm rupjiem vju \u012bpa\u0161u dren\u0101\u017eas caurule \u0161\u0137idruma izpl\u016bdes cauru\u013cu l\u012bkumu, lai ietilptu.\" \/>\n<meta name=\"robots\" content=\"index, follow, max-snippet:-1, max-image-preview:large, max-video-preview:-1\" \/>\n<link rel=\"canonical\" href=\"https:\/\/ibc.ee\/lv\/product\/ibc-udens-tvertne-droselvarstu-dalas-female-62mm\/\" \/>\n<meta property=\"og:locale\" content=\"lv_LV\" \/>\n<meta property=\"og:type\" content=\"article\" \/>\n<meta property=\"og:title\" content=\"IBC \u016bdens tvertne drose\u013cv\u0101rstu da\u013cas Female 62mm - IBC konteineri m&uuml;&uuml;k, vaadid, kraanid, mahutid\" \/>\n<meta property=\"og:description\" content=\"IBC \u016bdens tvertne drose\u013cv\u0101rstu da\u013cas Female 62mm, 55mm rupjiem vju \u012bpa\u0161u dren\u0101\u017eas caurule \u0161\u0137idruma izpl\u016bdes cauru\u013cu l\u012bkumu, lai ietilptu.\" \/>\n<meta property=\"og:url\" content=\"https:\/\/ibc.ee\/lv\/product\/ibc-udens-tvertne-droselvarstu-dalas-female-62mm\/\" \/>\n<meta property=\"og:site_name\" content=\"IBC konteineri m&uuml;&uuml;k, vaadid, kraanid, mahutid\" \/>\n<meta property=\"article:modified_time\" content=\"2020-01-14T06:09:20+00:00\" \/>\n<meta property=\"og:image\" content=\"https:\/\/ibc.ee\/wp-content\/uploads\/2018\/06\/P5219514.jpg\" \/>\n\t<meta property=\"og:image:width\" content=\"2736\" \/>\n\t<meta property=\"og:image:height\" content=\"2736\" \/>\n\t<meta property=\"og:image:type\" content=\"image\/jpeg\" \/>\n<meta name=\"twitter:card\" content=\"summary_large_image\" \/>\n<script type=\"application\/ld+json\" class=\"yoast-schema-graph\">{\"@context\":\"https:\/\/schema.org\",\"@graph\":[{\"@type\":\"WebPage\",\"@id\":\"https:\/\/ibc.ee\/lv\/product\/ibc-udens-tvertne-droselvarstu-dalas-female-62mm\/\",\"url\":\"https:\/\/ibc.ee\/lv\/product\/ibc-udens-tvertne-droselvarstu-dalas-female-62mm\/\",\"name\":\"IBC \u016bdens tvertne drose\u013cv\u0101rstu da\u013cas Female 62mm - IBC konteineri m&uuml;&uuml;k, vaadid, kraanid, mahutid\",\"isPartOf\":{\"@id\":\"https:\/\/www.ibc.ee\/lv\/#website\"},\"primaryImageOfPage\":{\"@id\":\"https:\/\/ibc.ee\/lv\/product\/ibc-udens-tvertne-droselvarstu-dalas-female-62mm\/#primaryimage\"},\"image\":{\"@id\":\"https:\/\/ibc.ee\/lv\/product\/ibc-udens-tvertne-droselvarstu-dalas-female-62mm\/#primaryimage\"},\"thumbnailUrl\":\"https:\/\/ibc.ee\/wp-content\/uploads\/2018\/06\/P5219514.jpg\",\"datePublished\":\"2018-09-18T11:54:15+00:00\",\"dateModified\":\"2020-01-14T06:09:20+00:00\",\"description\":\"IBC \u016bdens tvertne drose\u013cv\u0101rstu da\u013cas Female 62mm, 55mm rupjiem vju \u012bpa\u0161u dren\u0101\u017eas caurule \u0161\u0137idruma izpl\u016bdes cauru\u013cu l\u012bkumu, lai ietilptu.\",\"breadcrumb\":{\"@id\":\"https:\/\/ibc.ee\/lv\/product\/ibc-udens-tvertne-droselvarstu-dalas-female-62mm\/#breadcrumb\"},\"inLanguage\":\"lv-LV\",\"potentialAction\":[{\"@type\":\"ReadAction\",\"target\":[\"https:\/\/ibc.ee\/lv\/product\/ibc-udens-tvertne-droselvarstu-dalas-female-62mm\/\"]}]},{\"@type\":\"ImageObject\",\"inLanguage\":\"lv-LV\",\"@id\":\"https:\/\/ibc.ee\/lv\/product\/ibc-udens-tvertne-droselvarstu-dalas-female-62mm\/#primaryimage\",\"url\":\"https:\/\/ibc.ee\/wp-content\/uploads\/2018\/06\/P5219514.jpg\",\"contentUrl\":\"https:\/\/ibc.ee\/wp-content\/uploads\/2018\/06\/P5219514.jpg\",\"width\":2736,\"height\":2736,\"caption\":\"IBC \u016bdens tvertne drose\u013cv\u0101rstu da\u013cas Female 62mm\"},{\"@type\":\"BreadcrumbList\",\"@id\":\"https:\/\/ibc.ee\/lv\/product\/ibc-udens-tvertne-droselvarstu-dalas-female-62mm\/#breadcrumb\",\"itemListElement\":[{\"@type\":\"ListItem\",\"position\":1,\"name\":\"\u0413\u043b\u0430\u0432\u043d\u0430\u044f \u0441\u0442\u0440\u0430\u043d\u0438\u0446\u0430\",\"item\":\"https:\/\/www.ibc.ee\/lv\/\"},{\"@type\":\"ListItem\",\"position\":2,\"name\":\"Veikals\",\"item\":\"https:\/\/www.ibc.ee\/lv\/shop\/\"},{\"@type\":\"ListItem\",\"position\":3,\"name\":\"IBC \u016bdens tvertne drose\u013cv\u0101rstu da\u013cas Female 62mm\"}]},{\"@type\":\"WebSite\",\"@id\":\"https:\/\/www.ibc.ee\/lv\/#website\",\"url\":\"https:\/\/www.ibc.ee\/lv\/\",\"name\":\"IBC konteineri m&uuml;&uuml;k, vaadid, kraanid, mahutid\",\"description\":\"IBC - Tank container valve, Adapters\\\\fittings, Intermediate bulk, container, Drums\/cans\",\"potentialAction\":[{\"@type\":\"SearchAction\",\"target\":{\"@type\":\"EntryPoint\",\"urlTemplate\":\"https:\/\/www.ibc.ee\/lv\/?s={search_term_string}\"},\"query-input\":{\"@type\":\"PropertyValueSpecification\",\"valueRequired\":true,\"valueName\":\"search_term_string\"}}],\"inLanguage\":\"lv-LV\"}]}<\/script>\n<!-- \/ Yoast SEO plugin. -->","yoast_head_json":{"title":"IBC \u016bdens tvertne drose\u013cv\u0101rstu da\u013cas Female 62mm - IBC konteineri m&uuml;&uuml;k, vaadid, kraanid, mahutid","description":"IBC \u016bdens tvertne drose\u013cv\u0101rstu da\u013cas Female 62mm, 55mm rupjiem vju \u012bpa\u0161u dren\u0101\u017eas caurule \u0161\u0137idruma izpl\u016bdes cauru\u013cu l\u012bkumu, lai ietilptu.","robots":{"index":"index","follow":"follow","max-snippet":"max-snippet:-1","max-image-preview":"max-image-preview:large","max-video-preview":"max-video-preview:-1"},"canonical":"https:\/\/ibc.ee\/lv\/product\/ibc-udens-tvertne-droselvarstu-dalas-female-62mm\/","og_locale":"lv_LV","og_type":"article","og_title":"IBC \u016bdens tvertne drose\u013cv\u0101rstu da\u013cas Female 62mm - IBC konteineri m&uuml;&uuml;k, vaadid, kraanid, mahutid","og_description":"IBC \u016bdens tvertne drose\u013cv\u0101rstu da\u013cas Female 62mm, 55mm rupjiem vju \u012bpa\u0161u dren\u0101\u017eas caurule \u0161\u0137idruma izpl\u016bdes cauru\u013cu l\u012bkumu, lai ietilptu.","og_url":"https:\/\/ibc.ee\/lv\/product\/ibc-udens-tvertne-droselvarstu-dalas-female-62mm\/","og_site_name":"IBC konteineri m&uuml;&uuml;k, vaadid, kraanid, mahutid","article_modified_time":"2020-01-14T06:09:20+00:00","og_image":[{"width":2736,"height":2736,"url":"https:\/\/ibc.ee\/wp-content\/uploads\/2018\/06\/P5219514.jpg","type":"image\/jpeg"}],"twitter_card":"summary_large_image","schema":{"@context":"https:\/\/schema.org","@graph":[{"@type":"WebPage","@id":"https:\/\/ibc.ee\/lv\/product\/ibc-udens-tvertne-droselvarstu-dalas-female-62mm\/","url":"https:\/\/ibc.ee\/lv\/product\/ibc-udens-tvertne-droselvarstu-dalas-female-62mm\/","name":"IBC \u016bdens tvertne drose\u013cv\u0101rstu da\u013cas Female 62mm - IBC konteineri m&uuml;&uuml;k, vaadid, kraanid, mahutid","isPartOf":{"@id":"https:\/\/www.ibc.ee\/lv\/#website"},"primaryImageOfPage":{"@id":"https:\/\/ibc.ee\/lv\/product\/ibc-udens-tvertne-droselvarstu-dalas-female-62mm\/#primaryimage"},"image":{"@id":"https:\/\/ibc.ee\/lv\/product\/ibc-udens-tvertne-droselvarstu-dalas-female-62mm\/#primaryimage"},"thumbnailUrl":"https:\/\/ibc.ee\/wp-content\/uploads\/2018\/06\/P5219514.jpg","datePublished":"2018-09-18T11:54:15+00:00","dateModified":"2020-01-14T06:09:20+00:00","description":"IBC \u016bdens tvertne drose\u013cv\u0101rstu da\u013cas Female 62mm, 55mm rupjiem vju \u012bpa\u0161u dren\u0101\u017eas caurule \u0161\u0137idruma izpl\u016bdes cauru\u013cu l\u012bkumu, lai ietilptu.","breadcrumb":{"@id":"https:\/\/ibc.ee\/lv\/product\/ibc-udens-tvertne-droselvarstu-dalas-female-62mm\/#breadcrumb"},"inLanguage":"lv-LV","potentialAction":[{"@type":"ReadAction","target":["https:\/\/ibc.ee\/lv\/product\/ibc-udens-tvertne-droselvarstu-dalas-female-62mm\/"]}]},{"@type":"ImageObject","inLanguage":"lv-LV","@id":"https:\/\/ibc.ee\/lv\/product\/ibc-udens-tvertne-droselvarstu-dalas-female-62mm\/#primaryimage","url":"https:\/\/ibc.ee\/wp-content\/uploads\/2018\/06\/P5219514.jpg","contentUrl":"https:\/\/ibc.ee\/wp-content\/uploads\/2018\/06\/P5219514.jpg","width":2736,"height":2736,"caption":"IBC \u016bdens tvertne drose\u013cv\u0101rstu da\u013cas Female 62mm"},{"@type":"BreadcrumbList","@id":"https:\/\/ibc.ee\/lv\/product\/ibc-udens-tvertne-droselvarstu-dalas-female-62mm\/#breadcrumb","itemListElement":[{"@type":"ListItem","position":1,"name":"\u0413\u043b\u0430\u0432\u043d\u0430\u044f \u0441\u0442\u0440\u0430\u043d\u0438\u0446\u0430","item":"https:\/\/www.ibc.ee\/lv\/"},{"@type":"ListItem","position":2,"name":"Veikals","item":"https:\/\/www.ibc.ee\/lv\/shop\/"},{"@type":"ListItem","position":3,"name":"IBC \u016bdens tvertne drose\u013cv\u0101rstu da\u013cas Female 62mm"}]},{"@type":"WebSite","@id":"https:\/\/www.ibc.ee\/lv\/#website","url":"https:\/\/www.ibc.ee\/lv\/","name":"IBC konteineri m&uuml;&uuml;k, vaadid, kraanid, mahutid","description":"IBC - Tank container valve, Adapters\\fittings, Intermediate bulk, container, Drums\/cans","potentialAction":[{"@type":"SearchAction","target":{"@type":"EntryPoint","urlTemplate":"https:\/\/www.ibc.ee\/lv\/?s={search_term_string}"},"query-input":{"@type":"PropertyValueSpecification","valueRequired":true,"valueName":"search_term_string"}}],"inLanguage":"lv-LV"}]}},"_links":{"self":[{"href":"https:\/\/ibc.ee\/lv\/wp-json\/wp\/v2\/product\/16676","targetHints":{"allow":["GET"]}}],"collection":[{"href":"https:\/\/ibc.ee\/lv\/wp-json\/wp\/v2\/product"}],"about":[{"href":"https:\/\/ibc.ee\/lv\/wp-json\/wp\/v2\/types\/product"}],"wp:featuredmedia":[{"embeddable":true,"href":"https:\/\/ibc.ee\/lv\/wp-json\/wp\/v2\/media\/16681"}],"wp:attachment":[{"href":"https:\/\/ibc.ee\/lv\/wp-json\/wp\/v2\/media?parent=16676"}],"wp:term":[{"taxonomy":"product_brand","embeddable":true,"href":"https:\/\/ibc.ee\/lv\/wp-json\/wp\/v2\/product_brand?post=16676"},{"taxonomy":"product_cat","embeddable":true,"href":"https:\/\/ibc.ee\/lv\/wp-json\/wp\/v2\/product_cat?post=16676"},{"taxonomy":"product_tag","embeddable":true,"href":"https:\/\/ibc.ee\/lv\/wp-json\/wp\/v2\/product_tag?post=16676"}],"curies":[{"name":"wp","href":"https:\/\/api.w.org\/{rel}","templated":true}]}}