{"id":16694,"date":"2018-06-03T19:22:31","date_gmt":"2018-09-18T11:54:30","guid":{"rendered":"https:\/\/ibc.ee\/product\/ibc-tvertne-konteineru-100mm-dn80-butterfly-valve\/"},"modified":"2020-01-14T08:51:44","modified_gmt":"2020-01-14T06:51:44","slug":"varsts-prieks-1000-litru-ibc-tvertnes-100mm-dn80-ar-vitni-s100x8","status":"publish","type":"product","link":"https:\/\/ibc.ee\/lv\/product\/varsts-prieks-1000-litru-ibc-tvertnes-100mm-dn80-ar-vitni-s100x8\/","title":{"rendered":"V\u0101rsts priek\u0161 1000 litru IBC tvertnes, 100mm (DN80) ar v\u012btni S100x8"},"content":{"rendered":"<p>Drose\u013cv\u0101rsts priek\u0161 1000 litru IBC tvertnes, 100mm (DN80) ar v\u012btni S100x8. Noder\u0113s, lai samain\u012btu veco v\u0101rstu, kur\u0161 pil vai vairs nedarbojas. V\u0101rsta \u0101rpuse ir ar v\u012btni 100mm (3 collas), \u0161o pusi var v\u0113l savienot ar da\u017e\u0101d\u0101m p\u0101rej\u0101m un savienojumiem, kuri ir liel\u0101 kl\u0101st\u0101 m\u016bsu online katalog\u0101 vai pie m\u016bsu p\u0101rst\u0101vjiem. <\/p>\n<p>Tehniskais raksturojums raksturojums:<\/p>\n<p>Materi\u0101ls: HDPE.<\/p>\n<p>Lieto\u0161anas temperat\u016bra -20 \u2103 ~ +70 \u2103<\/p>\n<p>Darba spiediens <0,15 mpa<\/p>\n<p>Darbo\u0161an\u0101s cikls &#8211; l\u012bdz 2000 reiz\u0113m<\/p>\n","protected":false},"excerpt":{"rendered":"<p>Drose\u013cv\u0101rsts priek\u0161 1000 litru IBC tvertnes, 100mm (DN80) ar v\u012btni S100x8. Noder\u0113s, lai samain\u012btu veco v\u0101rstu, kur\u0161 pil vai vairs nedarbojas. V\u0101rsta \u0101rpuse ir ar v\u012btni 100mm (3 collas), \u0161o pusi var v\u0113l savienot ar da\u017e\u0101d\u0101m p\u0101rej\u0101m un savienojumiem, kuri ir liel\u0101 kl\u0101st\u0101 m\u016bsu online katalog\u0101 vai pie m\u016bsu p\u0101rst\u0101vjiem. Tehniskais raksturojums raksturojums: Materi\u0101ls: HDPE. [&hellip;]<\/p>\n","protected":false},"featured_media":16701,"template":"","meta":[],"product_brand":[],"product_cat":[321],"product_tag":[],"class_list":{"0":"post-16694","1":"product","2":"type-product","3":"status-publish","4":"has-post-thumbnail","6":"product_cat-tvertnes-konteineru-varstu-ibc-konteiners","7":"product_shipping_class-omniva-lv","9":"first","10":"instock","11":"taxable","12":"shipping-taxable","13":"purchasable","14":"product-type-simple"},"yoast_head":"<!-- This site is optimized with the Yoast SEO plugin v26.9 - https:\/\/yoast.com\/product\/yoast-seo-wordpress\/ -->\n<title>V\u0101rsts priek\u0161 1000 litru IBC tvertnes, 100mm (DN80) ar v\u012btni S100x8<\/title>\n<meta name=\"description\" content=\"Drose\u013cv\u0101rsts priek\u0161 1000 litru IBC tvertnes, 100mm (DN80) ar v\u012btni S100x8. Noder\u0113s, lai samain\u012btu veco v\u0101rstu, kur\u0161 pil vai vairs nedarbojas.\" \/>\n<meta name=\"robots\" content=\"index, follow, max-snippet:-1, max-image-preview:large, max-video-preview:-1\" \/>\n<link rel=\"canonical\" href=\"https:\/\/ibc.ee\/lv\/product\/varsts-prieks-1000-litru-ibc-tvertnes-100mm-dn80-ar-vitni-s100x8\/\" \/>\n<meta property=\"og:locale\" content=\"lv_LV\" \/>\n<meta property=\"og:type\" content=\"article\" \/>\n<meta property=\"og:title\" content=\"V\u0101rsts priek\u0161 1000 litru IBC tvertnes, 100mm (DN80) ar v\u012btni S100x8\" \/>\n<meta property=\"og:description\" content=\"Drose\u013cv\u0101rsts priek\u0161 1000 litru IBC tvertnes, 100mm (DN80) ar v\u012btni S100x8. Noder\u0113s, lai samain\u012btu veco v\u0101rstu, kur\u0161 pil vai vairs nedarbojas.\" \/>\n<meta property=\"og:url\" content=\"https:\/\/ibc.ee\/lv\/product\/varsts-prieks-1000-litru-ibc-tvertnes-100mm-dn80-ar-vitni-s100x8\/\" \/>\n<meta property=\"og:site_name\" content=\"IBC konteineri m&uuml;&uuml;k, vaadid, kraanid, mahutid\" \/>\n<meta property=\"article:modified_time\" content=\"2020-01-14T06:51:44+00:00\" \/>\n<meta property=\"og:image\" content=\"https:\/\/ibc.ee\/wp-content\/uploads\/2018\/06\/P5219489.jpg\" \/>\n\t<meta property=\"og:image:width\" content=\"2736\" \/>\n\t<meta property=\"og:image:height\" content=\"2736\" \/>\n\t<meta property=\"og:image:type\" content=\"image\/jpeg\" \/>\n<meta name=\"twitter:card\" content=\"summary_large_image\" \/>\n<script type=\"application\/ld+json\" class=\"yoast-schema-graph\">{\"@context\":\"https:\/\/schema.org\",\"@graph\":[{\"@type\":\"WebPage\",\"@id\":\"https:\/\/ibc.ee\/lv\/product\/varsts-prieks-1000-litru-ibc-tvertnes-100mm-dn80-ar-vitni-s100x8\/\",\"url\":\"https:\/\/ibc.ee\/lv\/product\/varsts-prieks-1000-litru-ibc-tvertnes-100mm-dn80-ar-vitni-s100x8\/\",\"name\":\"V\u0101rsts priek\u0161 1000 litru IBC tvertnes, 100mm (DN80) ar v\u012btni S100x8\",\"isPartOf\":{\"@id\":\"https:\/\/www.ibc.ee\/lv\/#website\"},\"primaryImageOfPage\":{\"@id\":\"https:\/\/ibc.ee\/lv\/product\/varsts-prieks-1000-litru-ibc-tvertnes-100mm-dn80-ar-vitni-s100x8\/#primaryimage\"},\"image\":{\"@id\":\"https:\/\/ibc.ee\/lv\/product\/varsts-prieks-1000-litru-ibc-tvertnes-100mm-dn80-ar-vitni-s100x8\/#primaryimage\"},\"thumbnailUrl\":\"https:\/\/ibc.ee\/wp-content\/uploads\/2018\/06\/P5219489.jpg\",\"datePublished\":\"2018-09-18T11:54:30+00:00\",\"dateModified\":\"2020-01-14T06:51:44+00:00\",\"description\":\"Drose\u013cv\u0101rsts priek\u0161 1000 litru IBC tvertnes, 100mm (DN80) ar v\u012btni S100x8. Noder\u0113s, lai samain\u012btu veco v\u0101rstu, kur\u0161 pil vai vairs nedarbojas.\",\"breadcrumb\":{\"@id\":\"https:\/\/ibc.ee\/lv\/product\/varsts-prieks-1000-litru-ibc-tvertnes-100mm-dn80-ar-vitni-s100x8\/#breadcrumb\"},\"inLanguage\":\"lv-LV\",\"potentialAction\":[{\"@type\":\"ReadAction\",\"target\":[\"https:\/\/ibc.ee\/lv\/product\/varsts-prieks-1000-litru-ibc-tvertnes-100mm-dn80-ar-vitni-s100x8\/\"]}]},{\"@type\":\"ImageObject\",\"inLanguage\":\"lv-LV\",\"@id\":\"https:\/\/ibc.ee\/lv\/product\/varsts-prieks-1000-litru-ibc-tvertnes-100mm-dn80-ar-vitni-s100x8\/#primaryimage\",\"url\":\"https:\/\/ibc.ee\/wp-content\/uploads\/2018\/06\/P5219489.jpg\",\"contentUrl\":\"https:\/\/ibc.ee\/wp-content\/uploads\/2018\/06\/P5219489.jpg\",\"width\":2736,\"height\":2736,\"caption\":\"V\u0101rsts priek\u0161 1000 litru IBC tvertnes, 100mm (DN80) ar v\u012btni S100x8\"},{\"@type\":\"BreadcrumbList\",\"@id\":\"https:\/\/ibc.ee\/lv\/product\/varsts-prieks-1000-litru-ibc-tvertnes-100mm-dn80-ar-vitni-s100x8\/#breadcrumb\",\"itemListElement\":[{\"@type\":\"ListItem\",\"position\":1,\"name\":\"\u0413\u043b\u0430\u0432\u043d\u0430\u044f \u0441\u0442\u0440\u0430\u043d\u0438\u0446\u0430\",\"item\":\"https:\/\/www.ibc.ee\/lv\/\"},{\"@type\":\"ListItem\",\"position\":2,\"name\":\"Veikals\",\"item\":\"https:\/\/www.ibc.ee\/lv\/shop\/\"},{\"@type\":\"ListItem\",\"position\":3,\"name\":\"V\u0101rsts priek\u0161 1000 litru IBC tvertnes, 100mm (DN80) ar v\u012btni S100x8\"}]},{\"@type\":\"WebSite\",\"@id\":\"https:\/\/www.ibc.ee\/lv\/#website\",\"url\":\"https:\/\/www.ibc.ee\/lv\/\",\"name\":\"IBC konteineri m&uuml;&uuml;k, vaadid, kraanid, mahutid\",\"description\":\"IBC - Tank container valve, Adapters\\\\fittings, Intermediate bulk, container, Drums\/cans\",\"potentialAction\":[{\"@type\":\"SearchAction\",\"target\":{\"@type\":\"EntryPoint\",\"urlTemplate\":\"https:\/\/www.ibc.ee\/lv\/?s={search_term_string}\"},\"query-input\":{\"@type\":\"PropertyValueSpecification\",\"valueRequired\":true,\"valueName\":\"search_term_string\"}}],\"inLanguage\":\"lv-LV\"}]}<\/script>\n<!-- \/ Yoast SEO plugin. -->","yoast_head_json":{"title":"V\u0101rsts priek\u0161 1000 litru IBC tvertnes, 100mm (DN80) ar v\u012btni S100x8","description":"Drose\u013cv\u0101rsts priek\u0161 1000 litru IBC tvertnes, 100mm (DN80) ar v\u012btni S100x8. Noder\u0113s, lai samain\u012btu veco v\u0101rstu, kur\u0161 pil vai vairs nedarbojas.","robots":{"index":"index","follow":"follow","max-snippet":"max-snippet:-1","max-image-preview":"max-image-preview:large","max-video-preview":"max-video-preview:-1"},"canonical":"https:\/\/ibc.ee\/lv\/product\/varsts-prieks-1000-litru-ibc-tvertnes-100mm-dn80-ar-vitni-s100x8\/","og_locale":"lv_LV","og_type":"article","og_title":"V\u0101rsts priek\u0161 1000 litru IBC tvertnes, 100mm (DN80) ar v\u012btni S100x8","og_description":"Drose\u013cv\u0101rsts priek\u0161 1000 litru IBC tvertnes, 100mm (DN80) ar v\u012btni S100x8. Noder\u0113s, lai samain\u012btu veco v\u0101rstu, kur\u0161 pil vai vairs nedarbojas.","og_url":"https:\/\/ibc.ee\/lv\/product\/varsts-prieks-1000-litru-ibc-tvertnes-100mm-dn80-ar-vitni-s100x8\/","og_site_name":"IBC konteineri m&uuml;&uuml;k, vaadid, kraanid, mahutid","article_modified_time":"2020-01-14T06:51:44+00:00","og_image":[{"width":2736,"height":2736,"url":"https:\/\/ibc.ee\/wp-content\/uploads\/2018\/06\/P5219489.jpg","type":"image\/jpeg"}],"twitter_card":"summary_large_image","schema":{"@context":"https:\/\/schema.org","@graph":[{"@type":"WebPage","@id":"https:\/\/ibc.ee\/lv\/product\/varsts-prieks-1000-litru-ibc-tvertnes-100mm-dn80-ar-vitni-s100x8\/","url":"https:\/\/ibc.ee\/lv\/product\/varsts-prieks-1000-litru-ibc-tvertnes-100mm-dn80-ar-vitni-s100x8\/","name":"V\u0101rsts priek\u0161 1000 litru IBC tvertnes, 100mm (DN80) ar v\u012btni S100x8","isPartOf":{"@id":"https:\/\/www.ibc.ee\/lv\/#website"},"primaryImageOfPage":{"@id":"https:\/\/ibc.ee\/lv\/product\/varsts-prieks-1000-litru-ibc-tvertnes-100mm-dn80-ar-vitni-s100x8\/#primaryimage"},"image":{"@id":"https:\/\/ibc.ee\/lv\/product\/varsts-prieks-1000-litru-ibc-tvertnes-100mm-dn80-ar-vitni-s100x8\/#primaryimage"},"thumbnailUrl":"https:\/\/ibc.ee\/wp-content\/uploads\/2018\/06\/P5219489.jpg","datePublished":"2018-09-18T11:54:30+00:00","dateModified":"2020-01-14T06:51:44+00:00","description":"Drose\u013cv\u0101rsts priek\u0161 1000 litru IBC tvertnes, 100mm (DN80) ar v\u012btni S100x8. Noder\u0113s, lai samain\u012btu veco v\u0101rstu, kur\u0161 pil vai vairs nedarbojas.","breadcrumb":{"@id":"https:\/\/ibc.ee\/lv\/product\/varsts-prieks-1000-litru-ibc-tvertnes-100mm-dn80-ar-vitni-s100x8\/#breadcrumb"},"inLanguage":"lv-LV","potentialAction":[{"@type":"ReadAction","target":["https:\/\/ibc.ee\/lv\/product\/varsts-prieks-1000-litru-ibc-tvertnes-100mm-dn80-ar-vitni-s100x8\/"]}]},{"@type":"ImageObject","inLanguage":"lv-LV","@id":"https:\/\/ibc.ee\/lv\/product\/varsts-prieks-1000-litru-ibc-tvertnes-100mm-dn80-ar-vitni-s100x8\/#primaryimage","url":"https:\/\/ibc.ee\/wp-content\/uploads\/2018\/06\/P5219489.jpg","contentUrl":"https:\/\/ibc.ee\/wp-content\/uploads\/2018\/06\/P5219489.jpg","width":2736,"height":2736,"caption":"V\u0101rsts priek\u0161 1000 litru IBC tvertnes, 100mm (DN80) ar v\u012btni S100x8"},{"@type":"BreadcrumbList","@id":"https:\/\/ibc.ee\/lv\/product\/varsts-prieks-1000-litru-ibc-tvertnes-100mm-dn80-ar-vitni-s100x8\/#breadcrumb","itemListElement":[{"@type":"ListItem","position":1,"name":"\u0413\u043b\u0430\u0432\u043d\u0430\u044f \u0441\u0442\u0440\u0430\u043d\u0438\u0446\u0430","item":"https:\/\/www.ibc.ee\/lv\/"},{"@type":"ListItem","position":2,"name":"Veikals","item":"https:\/\/www.ibc.ee\/lv\/shop\/"},{"@type":"ListItem","position":3,"name":"V\u0101rsts priek\u0161 1000 litru IBC tvertnes, 100mm (DN80) ar v\u012btni S100x8"}]},{"@type":"WebSite","@id":"https:\/\/www.ibc.ee\/lv\/#website","url":"https:\/\/www.ibc.ee\/lv\/","name":"IBC konteineri m&uuml;&uuml;k, vaadid, kraanid, mahutid","description":"IBC - Tank container valve, Adapters\\fittings, Intermediate bulk, container, Drums\/cans","potentialAction":[{"@type":"SearchAction","target":{"@type":"EntryPoint","urlTemplate":"https:\/\/www.ibc.ee\/lv\/?s={search_term_string}"},"query-input":{"@type":"PropertyValueSpecification","valueRequired":true,"valueName":"search_term_string"}}],"inLanguage":"lv-LV"}]}},"_links":{"self":[{"href":"https:\/\/ibc.ee\/lv\/wp-json\/wp\/v2\/product\/16694","targetHints":{"allow":["GET"]}}],"collection":[{"href":"https:\/\/ibc.ee\/lv\/wp-json\/wp\/v2\/product"}],"about":[{"href":"https:\/\/ibc.ee\/lv\/wp-json\/wp\/v2\/types\/product"}],"wp:featuredmedia":[{"embeddable":true,"href":"https:\/\/ibc.ee\/lv\/wp-json\/wp\/v2\/media\/16701"}],"wp:attachment":[{"href":"https:\/\/ibc.ee\/lv\/wp-json\/wp\/v2\/media?parent=16694"}],"wp:term":[{"taxonomy":"product_brand","embeddable":true,"href":"https:\/\/ibc.ee\/lv\/wp-json\/wp\/v2\/product_brand?post=16694"},{"taxonomy":"product_cat","embeddable":true,"href":"https:\/\/ibc.ee\/lv\/wp-json\/wp\/v2\/product_cat?post=16694"},{"taxonomy":"product_tag","embeddable":true,"href":"https:\/\/ibc.ee\/lv\/wp-json\/wp\/v2\/product_tag?post=16694"}],"curies":[{"name":"wp","href":"https:\/\/api.w.org\/{rel}","templated":true}]}}