{"id":16712,"date":"2018-06-03T19:16:50","date_gmt":"2018-09-18T11:54:45","guid":{"rendered":"https:\/\/ibc.ee\/product\/ibc-tvertne-konteiners-1000-litri-62mm-dn40-butterfly-valve\/"},"modified":"2020-01-14T09:20:33","modified_gmt":"2020-01-14T07:20:33","slug":"varsts-prieks-1000-litru-ibc-tvertnes-62mm-dn40","status":"publish","type":"product","link":"https:\/\/ibc.ee\/lv\/product\/varsts-prieks-1000-litru-ibc-tvertnes-62mm-dn40\/","title":{"rendered":"V\u0101rsts priek\u0161 1000 litru IBC tvertnes, 62mm (DN40)"},"content":{"rendered":"<p>Drose\u013cv\u0101rsts priek\u0161 1000 litru IBC tvertnes, 62mm (DN40) \u0160is jaunais IBC tvertnes v\u0101rsts noder\u0113s, lai nomain\u012btu veco, kur\u0161 ir saboj\u0101jies vai pil. 62mm &#8211; standarta v\u012btnes izm\u0113rs, lai var\u0113tu savienot ar videj\u0101s kravnes\u012bbas tvertni (IBC) S60x6.<\/p>\n<p>Produkta tehniskais raksturojums:<\/p>\n<p>Materi\u0101ls: HDPE. <\/p>\n<p>Lieto\u0161anas temperat\u016bra -20 \u2103 ~ +70 \u2103 <\/p>\n<p>Darba spiediens <0,15 mpa <\/p>\n<p>Darbo\u0161an\u0101s cikls &#8211; l\u012bdz 2000 reiz\u0113m<\/p>\n","protected":false},"excerpt":{"rendered":"<p>Drose\u013cv\u0101rsts priek\u0161 1000 litru IBC tvertnes, 62mm (DN40) \u0160is jaunais IBC tvertnes v\u0101rsts noder\u0113s, lai nomain\u012btu veco, kur\u0161 ir saboj\u0101jies vai pil. 62mm &#8211; standarta v\u012btnes izm\u0113rs, lai var\u0113tu savienot ar videj\u0101s kravnes\u012bbas tvertni (IBC) S60x6. Produkta tehniskais raksturojums: Materi\u0101ls: HDPE. Lieto\u0161anas temperat\u016bra -20 \u2103 ~ +70 \u2103 Darba spiediens<\/p>\n","protected":false},"featured_media":16614,"template":"","meta":[],"product_brand":[],"product_cat":[321],"product_tag":[],"class_list":{"0":"post-16712","1":"product","2":"type-product","3":"status-publish","4":"has-post-thumbnail","6":"product_cat-tvertnes-konteineru-varstu-ibc-konteiners","7":"product_shipping_class-omniva-lv","9":"first","10":"instock","11":"taxable","12":"shipping-taxable","13":"purchasable","14":"product-type-simple"},"yoast_head":"<!-- This site is optimized with the Yoast SEO plugin v26.9 - https:\/\/yoast.com\/product\/yoast-seo-wordpress\/ -->\n<title>V\u0101rsts priek\u0161 1000 litru IBC tvertnes, 62mm (DN40) - IBC konteineri m&uuml;&uuml;k, vaadid, kraanid, mahutid<\/title>\n<meta name=\"description\" content=\"Drose\u013cv\u0101rsts priek\u0161 1000 litru IBC tvertnes, 62mm (DN40) \u0160is jaunais IBC tvertnes v\u0101rsts noder\u0113s, lai nomain\u012btu veco, kur\u0161 ir saboj\u0101jies vai pil.\" \/>\n<meta name=\"robots\" content=\"index, follow, max-snippet:-1, max-image-preview:large, max-video-preview:-1\" \/>\n<link rel=\"canonical\" href=\"https:\/\/ibc.ee\/lv\/product\/varsts-prieks-1000-litru-ibc-tvertnes-62mm-dn40\/\" \/>\n<meta property=\"og:locale\" content=\"lv_LV\" \/>\n<meta property=\"og:type\" content=\"article\" \/>\n<meta property=\"og:title\" content=\"V\u0101rsts priek\u0161 1000 litru IBC tvertnes, 62mm (DN40) - IBC konteineri m&uuml;&uuml;k, vaadid, kraanid, mahutid\" \/>\n<meta property=\"og:description\" content=\"Drose\u013cv\u0101rsts priek\u0161 1000 litru IBC tvertnes, 62mm (DN40) \u0160is jaunais IBC tvertnes v\u0101rsts noder\u0113s, lai nomain\u012btu veco, kur\u0161 ir saboj\u0101jies vai pil.\" \/>\n<meta property=\"og:url\" content=\"https:\/\/ibc.ee\/lv\/product\/varsts-prieks-1000-litru-ibc-tvertnes-62mm-dn40\/\" \/>\n<meta property=\"og:site_name\" content=\"IBC konteineri m&uuml;&uuml;k, vaadid, kraanid, mahutid\" \/>\n<meta property=\"article:modified_time\" content=\"2020-01-14T07:20:33+00:00\" \/>\n<meta property=\"og:image\" content=\"https:\/\/ibc.ee\/wp-content\/uploads\/2018\/06\/P5219500.jpg\" \/>\n\t<meta property=\"og:image:width\" content=\"2736\" \/>\n\t<meta property=\"og:image:height\" content=\"2736\" \/>\n\t<meta property=\"og:image:type\" content=\"image\/jpeg\" \/>\n<meta name=\"twitter:card\" content=\"summary_large_image\" \/>\n<script type=\"application\/ld+json\" class=\"yoast-schema-graph\">{\"@context\":\"https:\/\/schema.org\",\"@graph\":[{\"@type\":\"WebPage\",\"@id\":\"https:\/\/ibc.ee\/lv\/product\/varsts-prieks-1000-litru-ibc-tvertnes-62mm-dn40\/\",\"url\":\"https:\/\/ibc.ee\/lv\/product\/varsts-prieks-1000-litru-ibc-tvertnes-62mm-dn40\/\",\"name\":\"V\u0101rsts priek\u0161 1000 litru IBC tvertnes, 62mm (DN40) - IBC konteineri m&uuml;&uuml;k, vaadid, kraanid, mahutid\",\"isPartOf\":{\"@id\":\"https:\/\/www.ibc.ee\/lv\/#website\"},\"primaryImageOfPage\":{\"@id\":\"https:\/\/ibc.ee\/lv\/product\/varsts-prieks-1000-litru-ibc-tvertnes-62mm-dn40\/#primaryimage\"},\"image\":{\"@id\":\"https:\/\/ibc.ee\/lv\/product\/varsts-prieks-1000-litru-ibc-tvertnes-62mm-dn40\/#primaryimage\"},\"thumbnailUrl\":\"https:\/\/ibc.ee\/wp-content\/uploads\/2018\/06\/P5219500.jpg\",\"datePublished\":\"2018-09-18T11:54:45+00:00\",\"dateModified\":\"2020-01-14T07:20:33+00:00\",\"description\":\"Drose\u013cv\u0101rsts priek\u0161 1000 litru IBC tvertnes, 62mm (DN40) \u0160is jaunais IBC tvertnes v\u0101rsts noder\u0113s, lai nomain\u012btu veco, kur\u0161 ir saboj\u0101jies vai pil.\",\"breadcrumb\":{\"@id\":\"https:\/\/ibc.ee\/lv\/product\/varsts-prieks-1000-litru-ibc-tvertnes-62mm-dn40\/#breadcrumb\"},\"inLanguage\":\"lv-LV\",\"potentialAction\":[{\"@type\":\"ReadAction\",\"target\":[\"https:\/\/ibc.ee\/lv\/product\/varsts-prieks-1000-litru-ibc-tvertnes-62mm-dn40\/\"]}]},{\"@type\":\"ImageObject\",\"inLanguage\":\"lv-LV\",\"@id\":\"https:\/\/ibc.ee\/lv\/product\/varsts-prieks-1000-litru-ibc-tvertnes-62mm-dn40\/#primaryimage\",\"url\":\"https:\/\/ibc.ee\/wp-content\/uploads\/2018\/06\/P5219500.jpg\",\"contentUrl\":\"https:\/\/ibc.ee\/wp-content\/uploads\/2018\/06\/P5219500.jpg\",\"width\":2736,\"height\":2736,\"caption\":\"V\u0101rsts priek\u0161 1000 litru IBC tvertnes, 62mm (DN40)\"},{\"@type\":\"BreadcrumbList\",\"@id\":\"https:\/\/ibc.ee\/lv\/product\/varsts-prieks-1000-litru-ibc-tvertnes-62mm-dn40\/#breadcrumb\",\"itemListElement\":[{\"@type\":\"ListItem\",\"position\":1,\"name\":\"\u0413\u043b\u0430\u0432\u043d\u0430\u044f \u0441\u0442\u0440\u0430\u043d\u0438\u0446\u0430\",\"item\":\"https:\/\/www.ibc.ee\/lv\/\"},{\"@type\":\"ListItem\",\"position\":2,\"name\":\"Veikals\",\"item\":\"https:\/\/www.ibc.ee\/lv\/shop\/\"},{\"@type\":\"ListItem\",\"position\":3,\"name\":\"V\u0101rsts priek\u0161 1000 litru IBC tvertnes, 62mm (DN40)\"}]},{\"@type\":\"WebSite\",\"@id\":\"https:\/\/www.ibc.ee\/lv\/#website\",\"url\":\"https:\/\/www.ibc.ee\/lv\/\",\"name\":\"IBC konteineri m&uuml;&uuml;k, vaadid, kraanid, mahutid\",\"description\":\"IBC - Tank container valve, Adapters\\\\fittings, Intermediate bulk, container, Drums\/cans\",\"potentialAction\":[{\"@type\":\"SearchAction\",\"target\":{\"@type\":\"EntryPoint\",\"urlTemplate\":\"https:\/\/www.ibc.ee\/lv\/?s={search_term_string}\"},\"query-input\":{\"@type\":\"PropertyValueSpecification\",\"valueRequired\":true,\"valueName\":\"search_term_string\"}}],\"inLanguage\":\"lv-LV\"}]}<\/script>\n<!-- \/ Yoast SEO plugin. -->","yoast_head_json":{"title":"V\u0101rsts priek\u0161 1000 litru IBC tvertnes, 62mm (DN40) - IBC konteineri m&uuml;&uuml;k, vaadid, kraanid, mahutid","description":"Drose\u013cv\u0101rsts priek\u0161 1000 litru IBC tvertnes, 62mm (DN40) \u0160is jaunais IBC tvertnes v\u0101rsts noder\u0113s, lai nomain\u012btu veco, kur\u0161 ir saboj\u0101jies vai pil.","robots":{"index":"index","follow":"follow","max-snippet":"max-snippet:-1","max-image-preview":"max-image-preview:large","max-video-preview":"max-video-preview:-1"},"canonical":"https:\/\/ibc.ee\/lv\/product\/varsts-prieks-1000-litru-ibc-tvertnes-62mm-dn40\/","og_locale":"lv_LV","og_type":"article","og_title":"V\u0101rsts priek\u0161 1000 litru IBC tvertnes, 62mm (DN40) - IBC konteineri m&uuml;&uuml;k, vaadid, kraanid, mahutid","og_description":"Drose\u013cv\u0101rsts priek\u0161 1000 litru IBC tvertnes, 62mm (DN40) \u0160is jaunais IBC tvertnes v\u0101rsts noder\u0113s, lai nomain\u012btu veco, kur\u0161 ir saboj\u0101jies vai pil.","og_url":"https:\/\/ibc.ee\/lv\/product\/varsts-prieks-1000-litru-ibc-tvertnes-62mm-dn40\/","og_site_name":"IBC konteineri m&uuml;&uuml;k, vaadid, kraanid, mahutid","article_modified_time":"2020-01-14T07:20:33+00:00","og_image":[{"width":2736,"height":2736,"url":"https:\/\/ibc.ee\/wp-content\/uploads\/2018\/06\/P5219500.jpg","type":"image\/jpeg"}],"twitter_card":"summary_large_image","schema":{"@context":"https:\/\/schema.org","@graph":[{"@type":"WebPage","@id":"https:\/\/ibc.ee\/lv\/product\/varsts-prieks-1000-litru-ibc-tvertnes-62mm-dn40\/","url":"https:\/\/ibc.ee\/lv\/product\/varsts-prieks-1000-litru-ibc-tvertnes-62mm-dn40\/","name":"V\u0101rsts priek\u0161 1000 litru IBC tvertnes, 62mm (DN40) - IBC konteineri m&uuml;&uuml;k, vaadid, kraanid, mahutid","isPartOf":{"@id":"https:\/\/www.ibc.ee\/lv\/#website"},"primaryImageOfPage":{"@id":"https:\/\/ibc.ee\/lv\/product\/varsts-prieks-1000-litru-ibc-tvertnes-62mm-dn40\/#primaryimage"},"image":{"@id":"https:\/\/ibc.ee\/lv\/product\/varsts-prieks-1000-litru-ibc-tvertnes-62mm-dn40\/#primaryimage"},"thumbnailUrl":"https:\/\/ibc.ee\/wp-content\/uploads\/2018\/06\/P5219500.jpg","datePublished":"2018-09-18T11:54:45+00:00","dateModified":"2020-01-14T07:20:33+00:00","description":"Drose\u013cv\u0101rsts priek\u0161 1000 litru IBC tvertnes, 62mm (DN40) \u0160is jaunais IBC tvertnes v\u0101rsts noder\u0113s, lai nomain\u012btu veco, kur\u0161 ir saboj\u0101jies vai pil.","breadcrumb":{"@id":"https:\/\/ibc.ee\/lv\/product\/varsts-prieks-1000-litru-ibc-tvertnes-62mm-dn40\/#breadcrumb"},"inLanguage":"lv-LV","potentialAction":[{"@type":"ReadAction","target":["https:\/\/ibc.ee\/lv\/product\/varsts-prieks-1000-litru-ibc-tvertnes-62mm-dn40\/"]}]},{"@type":"ImageObject","inLanguage":"lv-LV","@id":"https:\/\/ibc.ee\/lv\/product\/varsts-prieks-1000-litru-ibc-tvertnes-62mm-dn40\/#primaryimage","url":"https:\/\/ibc.ee\/wp-content\/uploads\/2018\/06\/P5219500.jpg","contentUrl":"https:\/\/ibc.ee\/wp-content\/uploads\/2018\/06\/P5219500.jpg","width":2736,"height":2736,"caption":"V\u0101rsts priek\u0161 1000 litru IBC tvertnes, 62mm (DN40)"},{"@type":"BreadcrumbList","@id":"https:\/\/ibc.ee\/lv\/product\/varsts-prieks-1000-litru-ibc-tvertnes-62mm-dn40\/#breadcrumb","itemListElement":[{"@type":"ListItem","position":1,"name":"\u0413\u043b\u0430\u0432\u043d\u0430\u044f \u0441\u0442\u0440\u0430\u043d\u0438\u0446\u0430","item":"https:\/\/www.ibc.ee\/lv\/"},{"@type":"ListItem","position":2,"name":"Veikals","item":"https:\/\/www.ibc.ee\/lv\/shop\/"},{"@type":"ListItem","position":3,"name":"V\u0101rsts priek\u0161 1000 litru IBC tvertnes, 62mm (DN40)"}]},{"@type":"WebSite","@id":"https:\/\/www.ibc.ee\/lv\/#website","url":"https:\/\/www.ibc.ee\/lv\/","name":"IBC konteineri m&uuml;&uuml;k, vaadid, kraanid, mahutid","description":"IBC - Tank container valve, Adapters\\fittings, Intermediate bulk, container, Drums\/cans","potentialAction":[{"@type":"SearchAction","target":{"@type":"EntryPoint","urlTemplate":"https:\/\/www.ibc.ee\/lv\/?s={search_term_string}"},"query-input":{"@type":"PropertyValueSpecification","valueRequired":true,"valueName":"search_term_string"}}],"inLanguage":"lv-LV"}]}},"_links":{"self":[{"href":"https:\/\/ibc.ee\/lv\/wp-json\/wp\/v2\/product\/16712","targetHints":{"allow":["GET"]}}],"collection":[{"href":"https:\/\/ibc.ee\/lv\/wp-json\/wp\/v2\/product"}],"about":[{"href":"https:\/\/ibc.ee\/lv\/wp-json\/wp\/v2\/types\/product"}],"wp:featuredmedia":[{"embeddable":true,"href":"https:\/\/ibc.ee\/lv\/wp-json\/wp\/v2\/media\/16614"}],"wp:attachment":[{"href":"https:\/\/ibc.ee\/lv\/wp-json\/wp\/v2\/media?parent=16712"}],"wp:term":[{"taxonomy":"product_brand","embeddable":true,"href":"https:\/\/ibc.ee\/lv\/wp-json\/wp\/v2\/product_brand?post=16712"},{"taxonomy":"product_cat","embeddable":true,"href":"https:\/\/ibc.ee\/lv\/wp-json\/wp\/v2\/product_cat?post=16712"},{"taxonomy":"product_tag","embeddable":true,"href":"https:\/\/ibc.ee\/lv\/wp-json\/wp\/v2\/product_tag?post=16712"}],"curies":[{"name":"wp","href":"https:\/\/api.w.org\/{rel}","templated":true}]}}