{"id":16932,"date":"2018-04-28T09:58:57","date_gmt":"2018-10-01T16:58:52","guid":{"rendered":"https:\/\/ibc.ee\/product\/s60x6-sieviesu-%c2%be-varstu-mm\/"},"modified":"2020-01-15T08:16:04","modified_gmt":"2020-01-15T06:16:04","slug":"pareja-adapteris-prieks-udens-tvertnes-ar-varstu-1-colla-uz-vitni-s60x6","status":"publish","type":"product","link":"https:\/\/ibc.ee\/lv\/product\/pareja-adapteris-prieks-udens-tvertnes-ar-varstu-1-colla-uz-vitni-s60x6\/","title":{"rendered":"P\u0101reja (adapteris) priek\u0161 \u016bdens tvertnes ar v\u0101rstu 1 colla uz v\u012btni S60X6"},"content":{"rendered":"<p>\u0160\u012bs p\u0101rejais melnaj\u0101 pus\u0113 ir iek\u0161\u0113j\u0101 v\u012btne S60X6, or\u0101 pus\u0113 \u0101r\u0113j\u0101 v\u012btne viennas colla ar kr\u0101nu MM. Ar \u0161o p\u0101r\u0113ju var savienot 1000l vai 500l IBC tvertni ar v\u012btni S60X6.<\/p>\n","protected":false},"excerpt":{"rendered":"<p>\u0160\u012bs p\u0101rejais melnaj\u0101 pus\u0113 ir iek\u0161\u0113j\u0101 v\u012btne S60X6, or\u0101 pus\u0113 \u0101r\u0113j\u0101 v\u012btne viennas colla ar kr\u0101nu MM. Ar \u0161o p\u0101r\u0113ju var savienot 1000l vai 500l IBC tvertni ar v\u012btni S60X6.<\/p>\n","protected":false},"featured_media":16933,"template":"","meta":[],"product_brand":[],"product_cat":[323],"product_tag":[],"class_list":{"0":"post-16932","1":"product","2":"type-product","3":"status-publish","4":"has-post-thumbnail","6":"product_cat-adapteri-un-veidgabali-ibc-konteiners","7":"product_shipping_class-omniva-lv","9":"first","10":"instock","11":"taxable","12":"shipping-taxable","13":"purchasable","14":"product-type-simple"},"yoast_head":"<!-- This site is optimized with the Yoast SEO plugin v26.9 - https:\/\/yoast.com\/product\/yoast-seo-wordpress\/ -->\n<title>P\u0101reja (adapteris) priek\u0161 \u016bdens tvertnes ar v\u0101rstu 1 colla uz v\u012btni S60X6 - IBC konteineri m&uuml;&uuml;k, vaadid, kraanid, mahutid<\/title>\n<meta name=\"description\" content=\"P\u0101reja (adapteris) priek\u0161 \u016bdens tvertnes ar v\u0101rstu 1 colla uz v\u012btni S60X6\" \/>\n<meta name=\"robots\" content=\"index, follow, max-snippet:-1, max-image-preview:large, max-video-preview:-1\" \/>\n<link rel=\"canonical\" href=\"https:\/\/ibc.ee\/lv\/product\/pareja-adapteris-prieks-udens-tvertnes-ar-varstu-1-colla-uz-vitni-s60x6\/\" \/>\n<meta property=\"og:locale\" content=\"lv_LV\" \/>\n<meta property=\"og:type\" content=\"article\" \/>\n<meta property=\"og:title\" content=\"P\u0101reja (adapteris) priek\u0161 \u016bdens tvertnes ar v\u0101rstu 1 colla uz v\u012btni S60X6 - IBC konteineri m&uuml;&uuml;k, vaadid, kraanid, mahutid\" \/>\n<meta property=\"og:description\" content=\"P\u0101reja (adapteris) priek\u0161 \u016bdens tvertnes ar v\u0101rstu 1 colla uz v\u012btni S60X6\" \/>\n<meta property=\"og:url\" content=\"https:\/\/ibc.ee\/lv\/product\/pareja-adapteris-prieks-udens-tvertnes-ar-varstu-1-colla-uz-vitni-s60x6\/\" \/>\n<meta property=\"og:site_name\" content=\"IBC konteineri m&uuml;&uuml;k, vaadid, kraanid, mahutid\" \/>\n<meta property=\"article:modified_time\" content=\"2020-01-15T06:16:04+00:00\" \/>\n<meta property=\"og:image\" content=\"https:\/\/ibc.ee\/wp-content\/uploads\/2018\/04\/PhWr5Sx.png\" \/>\n\t<meta property=\"og:image:width\" content=\"724\" \/>\n\t<meta property=\"og:image:height\" content=\"724\" \/>\n\t<meta property=\"og:image:type\" content=\"image\/png\" \/>\n<meta name=\"twitter:card\" content=\"summary_large_image\" \/>\n<script type=\"application\/ld+json\" class=\"yoast-schema-graph\">{\"@context\":\"https:\/\/schema.org\",\"@graph\":[{\"@type\":\"WebPage\",\"@id\":\"https:\/\/ibc.ee\/lv\/product\/pareja-adapteris-prieks-udens-tvertnes-ar-varstu-1-colla-uz-vitni-s60x6\/\",\"url\":\"https:\/\/ibc.ee\/lv\/product\/pareja-adapteris-prieks-udens-tvertnes-ar-varstu-1-colla-uz-vitni-s60x6\/\",\"name\":\"P\u0101reja (adapteris) priek\u0161 \u016bdens tvertnes ar v\u0101rstu 1 colla uz v\u012btni S60X6 - IBC konteineri m&uuml;&uuml;k, vaadid, kraanid, mahutid\",\"isPartOf\":{\"@id\":\"https:\/\/ibc.ee\/lv\/#website\"},\"primaryImageOfPage\":{\"@id\":\"https:\/\/ibc.ee\/lv\/product\/pareja-adapteris-prieks-udens-tvertnes-ar-varstu-1-colla-uz-vitni-s60x6\/#primaryimage\"},\"image\":{\"@id\":\"https:\/\/ibc.ee\/lv\/product\/pareja-adapteris-prieks-udens-tvertnes-ar-varstu-1-colla-uz-vitni-s60x6\/#primaryimage\"},\"thumbnailUrl\":\"https:\/\/ibc.ee\/wp-content\/uploads\/2018\/04\/PhWr5Sx.png\",\"datePublished\":\"2018-10-01T16:58:52+00:00\",\"dateModified\":\"2020-01-15T06:16:04+00:00\",\"description\":\"P\u0101reja (adapteris) priek\u0161 \u016bdens tvertnes ar v\u0101rstu 1 colla uz v\u012btni S60X6\",\"breadcrumb\":{\"@id\":\"https:\/\/ibc.ee\/lv\/product\/pareja-adapteris-prieks-udens-tvertnes-ar-varstu-1-colla-uz-vitni-s60x6\/#breadcrumb\"},\"inLanguage\":\"lv-LV\",\"potentialAction\":[{\"@type\":\"ReadAction\",\"target\":[\"https:\/\/ibc.ee\/lv\/product\/pareja-adapteris-prieks-udens-tvertnes-ar-varstu-1-colla-uz-vitni-s60x6\/\"]}]},{\"@type\":\"ImageObject\",\"inLanguage\":\"lv-LV\",\"@id\":\"https:\/\/ibc.ee\/lv\/product\/pareja-adapteris-prieks-udens-tvertnes-ar-varstu-1-colla-uz-vitni-s60x6\/#primaryimage\",\"url\":\"https:\/\/ibc.ee\/wp-content\/uploads\/2018\/04\/PhWr5Sx.png\",\"contentUrl\":\"https:\/\/ibc.ee\/wp-content\/uploads\/2018\/04\/PhWr5Sx.png\",\"width\":724,\"height\":724,\"caption\":\"P\u0101reja (adapteris) priek\u0161 \u016bdens tvertnes ar v\u0101rstu 1 colla uz v\u012btni S60X6\"},{\"@type\":\"BreadcrumbList\",\"@id\":\"https:\/\/ibc.ee\/lv\/product\/pareja-adapteris-prieks-udens-tvertnes-ar-varstu-1-colla-uz-vitni-s60x6\/#breadcrumb\",\"itemListElement\":[{\"@type\":\"ListItem\",\"position\":1,\"name\":\"\u0413\u043b\u0430\u0432\u043d\u0430\u044f \u0441\u0442\u0440\u0430\u043d\u0438\u0446\u0430\",\"item\":\"https:\/\/ibc.ee\/lv\/\"},{\"@type\":\"ListItem\",\"position\":2,\"name\":\"Veikals\",\"item\":\"https:\/\/ibc.ee\/lv\/shop\/\"},{\"@type\":\"ListItem\",\"position\":3,\"name\":\"P\u0101reja (adapteris) priek\u0161 \u016bdens tvertnes ar v\u0101rstu 1 colla uz v\u012btni S60X6\"}]},{\"@type\":\"WebSite\",\"@id\":\"https:\/\/ibc.ee\/lv\/#website\",\"url\":\"https:\/\/ibc.ee\/lv\/\",\"name\":\"IBC konteineri m&uuml;&uuml;k, vaadid, kraanid, mahutid\",\"description\":\"IBC - Tank container valve, Adapters\\\\fittings, Intermediate bulk, container, Drums\/cans\",\"potentialAction\":[{\"@type\":\"SearchAction\",\"target\":{\"@type\":\"EntryPoint\",\"urlTemplate\":\"https:\/\/ibc.ee\/lv\/?s={search_term_string}\"},\"query-input\":{\"@type\":\"PropertyValueSpecification\",\"valueRequired\":true,\"valueName\":\"search_term_string\"}}],\"inLanguage\":\"lv-LV\"}]}<\/script>\n<!-- \/ Yoast SEO plugin. -->","yoast_head_json":{"title":"P\u0101reja (adapteris) priek\u0161 \u016bdens tvertnes ar v\u0101rstu 1 colla uz v\u012btni S60X6 - IBC konteineri m&uuml;&uuml;k, vaadid, kraanid, mahutid","description":"P\u0101reja (adapteris) priek\u0161 \u016bdens tvertnes ar v\u0101rstu 1 colla uz v\u012btni S60X6","robots":{"index":"index","follow":"follow","max-snippet":"max-snippet:-1","max-image-preview":"max-image-preview:large","max-video-preview":"max-video-preview:-1"},"canonical":"https:\/\/ibc.ee\/lv\/product\/pareja-adapteris-prieks-udens-tvertnes-ar-varstu-1-colla-uz-vitni-s60x6\/","og_locale":"lv_LV","og_type":"article","og_title":"P\u0101reja (adapteris) priek\u0161 \u016bdens tvertnes ar v\u0101rstu 1 colla uz v\u012btni S60X6 - IBC konteineri m&uuml;&uuml;k, vaadid, kraanid, mahutid","og_description":"P\u0101reja (adapteris) priek\u0161 \u016bdens tvertnes ar v\u0101rstu 1 colla uz v\u012btni S60X6","og_url":"https:\/\/ibc.ee\/lv\/product\/pareja-adapteris-prieks-udens-tvertnes-ar-varstu-1-colla-uz-vitni-s60x6\/","og_site_name":"IBC konteineri m&uuml;&uuml;k, vaadid, kraanid, mahutid","article_modified_time":"2020-01-15T06:16:04+00:00","og_image":[{"width":724,"height":724,"url":"https:\/\/ibc.ee\/wp-content\/uploads\/2018\/04\/PhWr5Sx.png","type":"image\/png"}],"twitter_card":"summary_large_image","schema":{"@context":"https:\/\/schema.org","@graph":[{"@type":"WebPage","@id":"https:\/\/ibc.ee\/lv\/product\/pareja-adapteris-prieks-udens-tvertnes-ar-varstu-1-colla-uz-vitni-s60x6\/","url":"https:\/\/ibc.ee\/lv\/product\/pareja-adapteris-prieks-udens-tvertnes-ar-varstu-1-colla-uz-vitni-s60x6\/","name":"P\u0101reja (adapteris) priek\u0161 \u016bdens tvertnes ar v\u0101rstu 1 colla uz v\u012btni S60X6 - IBC konteineri m&uuml;&uuml;k, vaadid, kraanid, mahutid","isPartOf":{"@id":"https:\/\/ibc.ee\/lv\/#website"},"primaryImageOfPage":{"@id":"https:\/\/ibc.ee\/lv\/product\/pareja-adapteris-prieks-udens-tvertnes-ar-varstu-1-colla-uz-vitni-s60x6\/#primaryimage"},"image":{"@id":"https:\/\/ibc.ee\/lv\/product\/pareja-adapteris-prieks-udens-tvertnes-ar-varstu-1-colla-uz-vitni-s60x6\/#primaryimage"},"thumbnailUrl":"https:\/\/ibc.ee\/wp-content\/uploads\/2018\/04\/PhWr5Sx.png","datePublished":"2018-10-01T16:58:52+00:00","dateModified":"2020-01-15T06:16:04+00:00","description":"P\u0101reja (adapteris) priek\u0161 \u016bdens tvertnes ar v\u0101rstu 1 colla uz v\u012btni S60X6","breadcrumb":{"@id":"https:\/\/ibc.ee\/lv\/product\/pareja-adapteris-prieks-udens-tvertnes-ar-varstu-1-colla-uz-vitni-s60x6\/#breadcrumb"},"inLanguage":"lv-LV","potentialAction":[{"@type":"ReadAction","target":["https:\/\/ibc.ee\/lv\/product\/pareja-adapteris-prieks-udens-tvertnes-ar-varstu-1-colla-uz-vitni-s60x6\/"]}]},{"@type":"ImageObject","inLanguage":"lv-LV","@id":"https:\/\/ibc.ee\/lv\/product\/pareja-adapteris-prieks-udens-tvertnes-ar-varstu-1-colla-uz-vitni-s60x6\/#primaryimage","url":"https:\/\/ibc.ee\/wp-content\/uploads\/2018\/04\/PhWr5Sx.png","contentUrl":"https:\/\/ibc.ee\/wp-content\/uploads\/2018\/04\/PhWr5Sx.png","width":724,"height":724,"caption":"P\u0101reja (adapteris) priek\u0161 \u016bdens tvertnes ar v\u0101rstu 1 colla uz v\u012btni S60X6"},{"@type":"BreadcrumbList","@id":"https:\/\/ibc.ee\/lv\/product\/pareja-adapteris-prieks-udens-tvertnes-ar-varstu-1-colla-uz-vitni-s60x6\/#breadcrumb","itemListElement":[{"@type":"ListItem","position":1,"name":"\u0413\u043b\u0430\u0432\u043d\u0430\u044f \u0441\u0442\u0440\u0430\u043d\u0438\u0446\u0430","item":"https:\/\/ibc.ee\/lv\/"},{"@type":"ListItem","position":2,"name":"Veikals","item":"https:\/\/ibc.ee\/lv\/shop\/"},{"@type":"ListItem","position":3,"name":"P\u0101reja (adapteris) priek\u0161 \u016bdens tvertnes ar v\u0101rstu 1 colla uz v\u012btni S60X6"}]},{"@type":"WebSite","@id":"https:\/\/ibc.ee\/lv\/#website","url":"https:\/\/ibc.ee\/lv\/","name":"IBC konteineri m&uuml;&uuml;k, vaadid, kraanid, mahutid","description":"IBC - Tank container valve, Adapters\\fittings, Intermediate bulk, container, Drums\/cans","potentialAction":[{"@type":"SearchAction","target":{"@type":"EntryPoint","urlTemplate":"https:\/\/ibc.ee\/lv\/?s={search_term_string}"},"query-input":{"@type":"PropertyValueSpecification","valueRequired":true,"valueName":"search_term_string"}}],"inLanguage":"lv-LV"}]}},"_links":{"self":[{"href":"https:\/\/ibc.ee\/lv\/wp-json\/wp\/v2\/product\/16932","targetHints":{"allow":["GET"]}}],"collection":[{"href":"https:\/\/ibc.ee\/lv\/wp-json\/wp\/v2\/product"}],"about":[{"href":"https:\/\/ibc.ee\/lv\/wp-json\/wp\/v2\/types\/product"}],"wp:featuredmedia":[{"embeddable":true,"href":"https:\/\/ibc.ee\/lv\/wp-json\/wp\/v2\/media\/16933"}],"wp:attachment":[{"href":"https:\/\/ibc.ee\/lv\/wp-json\/wp\/v2\/media?parent=16932"}],"wp:term":[{"taxonomy":"product_brand","embeddable":true,"href":"https:\/\/ibc.ee\/lv\/wp-json\/wp\/v2\/product_brand?post=16932"},{"taxonomy":"product_cat","embeddable":true,"href":"https:\/\/ibc.ee\/lv\/wp-json\/wp\/v2\/product_cat?post=16932"},{"taxonomy":"product_tag","embeddable":true,"href":"https:\/\/ibc.ee\/lv\/wp-json\/wp\/v2\/product_tag?post=16932"}],"curies":[{"name":"wp","href":"https:\/\/api.w.org\/{rel}","templated":true}]}}