{"id":16973,"date":"2018-04-28T09:59:21","date_gmt":"2018-10-02T08:18:43","guid":{"rendered":"https:\/\/ibc.ee\/product\/s60x6-sieviesu-1-pipe-pieskarieties-darzs\/"},"modified":"2020-01-14T23:57:57","modified_gmt":"2020-01-14T21:57:57","slug":"s60x6-sieviesu-1-pipe-tap-darza-sarkans-4-krani","status":"publish","type":"product","link":"https:\/\/ibc.ee\/lv\/product\/s60x6-sieviesu-1-pipe-tap-darza-sarkans-4-krani\/","title":{"rendered":"S60X6 sievie\u0161u 1&#8243; Pipe Tap d\u0101rza sarkans (4 kr\u0101ni)"},"content":{"rendered":"<p>\u0160is IBC cisternas adapteris ir paredz\u0113ts IBC cisternas v\u0101ci\u0146a S60X6 kursa v\u012btnei ar v\u012bri\u0161\u0137\u0101s \u0161\u013c\u016btenes savienot\u0101ju, kas \u013cauj savienot \u016bdens tvertni ar d\u0101rza \u0161\u013c\u016bteni, izmantojot standarta Hozelock tipa sievie\u0161u \u0161\u013c\u016btenes savienot\u0101jus (4 kr\u0101ni).<\/p>\n","protected":false},"excerpt":{"rendered":"<p>\u0160is IBC cisternas adapteris ir paredz\u0113ts IBC cisternas v\u0101ci\u0146a S60X6 kursa v\u012btnei ar v\u012bri\u0161\u0137\u0101s \u0161\u013c\u016btenes savienot\u0101ju, kas \u013cauj savienot \u016bdens tvertni ar d\u0101rza \u0161\u013c\u016bteni, izmantojot standarta Hozelock tipa sievie\u0161u \u0161\u013c\u016btenes savienot\u0101jus (4 kr\u0101ni).<\/p>\n","protected":false},"featured_media":17452,"template":"","meta":[],"product_brand":[],"product_cat":[323],"product_tag":[],"class_list":{"0":"post-16973","1":"product","2":"type-product","3":"status-publish","4":"has-post-thumbnail","6":"product_cat-adapteri-un-veidgabali-ibc-konteiners","7":"product_shipping_class-omniva-lv","9":"first","10":"onbackorder","11":"taxable","12":"shipping-taxable","13":"purchasable","14":"product-type-simple"},"yoast_head":"<!-- This site is optimized with the Yoast SEO plugin v26.9 - https:\/\/yoast.com\/product\/yoast-seo-wordpress\/ -->\n<title>S60X6 sievie\u0161u 1&quot; Pipe Tap d\u0101rza sarkans (4 kr\u0101ni) - IBC konteineri m&uuml;&uuml;k, vaadid, kraanid, mahutid<\/title>\n<meta name=\"description\" content=\"S60X6 sievie\u0161u 1&quot; Pipe Tap d\u0101rza sarkans (4 kr\u0101ni)\" \/>\n<meta name=\"robots\" content=\"index, follow, max-snippet:-1, max-image-preview:large, max-video-preview:-1\" \/>\n<link rel=\"canonical\" href=\"https:\/\/ibc.ee\/lv\/product\/s60x6-sieviesu-1-pipe-tap-darza-sarkans-4-krani\/\" \/>\n<meta property=\"og:locale\" content=\"lv_LV\" \/>\n<meta property=\"og:type\" content=\"article\" \/>\n<meta property=\"og:title\" content=\"S60X6 sievie\u0161u 1&quot; Pipe Tap d\u0101rza sarkans (4 kr\u0101ni) - IBC konteineri m&uuml;&uuml;k, vaadid, kraanid, mahutid\" \/>\n<meta property=\"og:description\" content=\"S60X6 sievie\u0161u 1&quot; Pipe Tap d\u0101rza sarkans (4 kr\u0101ni)\" \/>\n<meta property=\"og:url\" content=\"https:\/\/ibc.ee\/lv\/product\/s60x6-sieviesu-1-pipe-tap-darza-sarkans-4-krani\/\" \/>\n<meta property=\"og:site_name\" content=\"IBC konteineri m&uuml;&uuml;k, vaadid, kraanid, mahutid\" \/>\n<meta property=\"article:modified_time\" content=\"2020-01-14T21:57:57+00:00\" \/>\n<meta property=\"og:image\" content=\"https:\/\/ibc.ee\/wp-content\/uploads\/2018\/04\/h9YNNda.png\" \/>\n\t<meta property=\"og:image:width\" content=\"936\" \/>\n\t<meta property=\"og:image:height\" content=\"936\" \/>\n\t<meta property=\"og:image:type\" content=\"image\/png\" \/>\n<meta name=\"twitter:card\" content=\"summary_large_image\" \/>\n<script type=\"application\/ld+json\" class=\"yoast-schema-graph\">{\"@context\":\"https:\/\/schema.org\",\"@graph\":[{\"@type\":\"WebPage\",\"@id\":\"https:\/\/ibc.ee\/lv\/product\/s60x6-sieviesu-1-pipe-tap-darza-sarkans-4-krani\/\",\"url\":\"https:\/\/ibc.ee\/lv\/product\/s60x6-sieviesu-1-pipe-tap-darza-sarkans-4-krani\/\",\"name\":\"S60X6 sievie\u0161u 1\\\" Pipe Tap d\u0101rza sarkans (4 kr\u0101ni) - IBC konteineri m&uuml;&uuml;k, vaadid, kraanid, mahutid\",\"isPartOf\":{\"@id\":\"https:\/\/ibc.ee\/lv\/#website\"},\"primaryImageOfPage\":{\"@id\":\"https:\/\/ibc.ee\/lv\/product\/s60x6-sieviesu-1-pipe-tap-darza-sarkans-4-krani\/#primaryimage\"},\"image\":{\"@id\":\"https:\/\/ibc.ee\/lv\/product\/s60x6-sieviesu-1-pipe-tap-darza-sarkans-4-krani\/#primaryimage\"},\"thumbnailUrl\":\"https:\/\/ibc.ee\/wp-content\/uploads\/2018\/04\/h9YNNda.png\",\"datePublished\":\"2018-10-02T08:18:43+00:00\",\"dateModified\":\"2020-01-14T21:57:57+00:00\",\"description\":\"S60X6 sievie\u0161u 1\\\" Pipe Tap d\u0101rza sarkans (4 kr\u0101ni)\",\"breadcrumb\":{\"@id\":\"https:\/\/ibc.ee\/lv\/product\/s60x6-sieviesu-1-pipe-tap-darza-sarkans-4-krani\/#breadcrumb\"},\"inLanguage\":\"lv-LV\",\"potentialAction\":[{\"@type\":\"ReadAction\",\"target\":[\"https:\/\/ibc.ee\/lv\/product\/s60x6-sieviesu-1-pipe-tap-darza-sarkans-4-krani\/\"]}]},{\"@type\":\"ImageObject\",\"inLanguage\":\"lv-LV\",\"@id\":\"https:\/\/ibc.ee\/lv\/product\/s60x6-sieviesu-1-pipe-tap-darza-sarkans-4-krani\/#primaryimage\",\"url\":\"https:\/\/ibc.ee\/wp-content\/uploads\/2018\/04\/h9YNNda.png\",\"contentUrl\":\"https:\/\/ibc.ee\/wp-content\/uploads\/2018\/04\/h9YNNda.png\",\"width\":936,\"height\":936,\"caption\":\"S60X6 sievie\u0161u 1\\\" Pipe Tap d\u0101rza sarkans (4 kr\u0101ni)\"},{\"@type\":\"BreadcrumbList\",\"@id\":\"https:\/\/ibc.ee\/lv\/product\/s60x6-sieviesu-1-pipe-tap-darza-sarkans-4-krani\/#breadcrumb\",\"itemListElement\":[{\"@type\":\"ListItem\",\"position\":1,\"name\":\"\u0413\u043b\u0430\u0432\u043d\u0430\u044f \u0441\u0442\u0440\u0430\u043d\u0438\u0446\u0430\",\"item\":\"https:\/\/ibc.ee\/lv\/\"},{\"@type\":\"ListItem\",\"position\":2,\"name\":\"Veikals\",\"item\":\"https:\/\/ibc.ee\/lv\/shop\/\"},{\"@type\":\"ListItem\",\"position\":3,\"name\":\"S60X6 sievie\u0161u 1&#8243; Pipe Tap d\u0101rza sarkans (4 kr\u0101ni)\"}]},{\"@type\":\"WebSite\",\"@id\":\"https:\/\/ibc.ee\/lv\/#website\",\"url\":\"https:\/\/ibc.ee\/lv\/\",\"name\":\"IBC konteineri m&uuml;&uuml;k, vaadid, kraanid, mahutid\",\"description\":\"IBC - Tank container valve, Adapters\\\\fittings, Intermediate bulk, container, Drums\/cans\",\"potentialAction\":[{\"@type\":\"SearchAction\",\"target\":{\"@type\":\"EntryPoint\",\"urlTemplate\":\"https:\/\/ibc.ee\/lv\/?s={search_term_string}\"},\"query-input\":{\"@type\":\"PropertyValueSpecification\",\"valueRequired\":true,\"valueName\":\"search_term_string\"}}],\"inLanguage\":\"lv-LV\"}]}<\/script>\n<!-- \/ Yoast SEO plugin. -->","yoast_head_json":{"title":"S60X6 sievie\u0161u 1\" Pipe Tap d\u0101rza sarkans (4 kr\u0101ni) - IBC konteineri m&uuml;&uuml;k, vaadid, kraanid, mahutid","description":"S60X6 sievie\u0161u 1\" Pipe Tap d\u0101rza sarkans (4 kr\u0101ni)","robots":{"index":"index","follow":"follow","max-snippet":"max-snippet:-1","max-image-preview":"max-image-preview:large","max-video-preview":"max-video-preview:-1"},"canonical":"https:\/\/ibc.ee\/lv\/product\/s60x6-sieviesu-1-pipe-tap-darza-sarkans-4-krani\/","og_locale":"lv_LV","og_type":"article","og_title":"S60X6 sievie\u0161u 1\" Pipe Tap d\u0101rza sarkans (4 kr\u0101ni) - IBC konteineri m&uuml;&uuml;k, vaadid, kraanid, mahutid","og_description":"S60X6 sievie\u0161u 1\" Pipe Tap d\u0101rza sarkans (4 kr\u0101ni)","og_url":"https:\/\/ibc.ee\/lv\/product\/s60x6-sieviesu-1-pipe-tap-darza-sarkans-4-krani\/","og_site_name":"IBC konteineri m&uuml;&uuml;k, vaadid, kraanid, mahutid","article_modified_time":"2020-01-14T21:57:57+00:00","og_image":[{"width":936,"height":936,"url":"https:\/\/ibc.ee\/wp-content\/uploads\/2018\/04\/h9YNNda.png","type":"image\/png"}],"twitter_card":"summary_large_image","schema":{"@context":"https:\/\/schema.org","@graph":[{"@type":"WebPage","@id":"https:\/\/ibc.ee\/lv\/product\/s60x6-sieviesu-1-pipe-tap-darza-sarkans-4-krani\/","url":"https:\/\/ibc.ee\/lv\/product\/s60x6-sieviesu-1-pipe-tap-darza-sarkans-4-krani\/","name":"S60X6 sievie\u0161u 1\" Pipe Tap d\u0101rza sarkans (4 kr\u0101ni) - IBC konteineri m&uuml;&uuml;k, vaadid, kraanid, mahutid","isPartOf":{"@id":"https:\/\/ibc.ee\/lv\/#website"},"primaryImageOfPage":{"@id":"https:\/\/ibc.ee\/lv\/product\/s60x6-sieviesu-1-pipe-tap-darza-sarkans-4-krani\/#primaryimage"},"image":{"@id":"https:\/\/ibc.ee\/lv\/product\/s60x6-sieviesu-1-pipe-tap-darza-sarkans-4-krani\/#primaryimage"},"thumbnailUrl":"https:\/\/ibc.ee\/wp-content\/uploads\/2018\/04\/h9YNNda.png","datePublished":"2018-10-02T08:18:43+00:00","dateModified":"2020-01-14T21:57:57+00:00","description":"S60X6 sievie\u0161u 1\" Pipe Tap d\u0101rza sarkans (4 kr\u0101ni)","breadcrumb":{"@id":"https:\/\/ibc.ee\/lv\/product\/s60x6-sieviesu-1-pipe-tap-darza-sarkans-4-krani\/#breadcrumb"},"inLanguage":"lv-LV","potentialAction":[{"@type":"ReadAction","target":["https:\/\/ibc.ee\/lv\/product\/s60x6-sieviesu-1-pipe-tap-darza-sarkans-4-krani\/"]}]},{"@type":"ImageObject","inLanguage":"lv-LV","@id":"https:\/\/ibc.ee\/lv\/product\/s60x6-sieviesu-1-pipe-tap-darza-sarkans-4-krani\/#primaryimage","url":"https:\/\/ibc.ee\/wp-content\/uploads\/2018\/04\/h9YNNda.png","contentUrl":"https:\/\/ibc.ee\/wp-content\/uploads\/2018\/04\/h9YNNda.png","width":936,"height":936,"caption":"S60X6 sievie\u0161u 1\" Pipe Tap d\u0101rza sarkans (4 kr\u0101ni)"},{"@type":"BreadcrumbList","@id":"https:\/\/ibc.ee\/lv\/product\/s60x6-sieviesu-1-pipe-tap-darza-sarkans-4-krani\/#breadcrumb","itemListElement":[{"@type":"ListItem","position":1,"name":"\u0413\u043b\u0430\u0432\u043d\u0430\u044f \u0441\u0442\u0440\u0430\u043d\u0438\u0446\u0430","item":"https:\/\/ibc.ee\/lv\/"},{"@type":"ListItem","position":2,"name":"Veikals","item":"https:\/\/ibc.ee\/lv\/shop\/"},{"@type":"ListItem","position":3,"name":"S60X6 sievie\u0161u 1&#8243; Pipe Tap d\u0101rza sarkans (4 kr\u0101ni)"}]},{"@type":"WebSite","@id":"https:\/\/ibc.ee\/lv\/#website","url":"https:\/\/ibc.ee\/lv\/","name":"IBC konteineri m&uuml;&uuml;k, vaadid, kraanid, mahutid","description":"IBC - Tank container valve, Adapters\\fittings, Intermediate bulk, container, Drums\/cans","potentialAction":[{"@type":"SearchAction","target":{"@type":"EntryPoint","urlTemplate":"https:\/\/ibc.ee\/lv\/?s={search_term_string}"},"query-input":{"@type":"PropertyValueSpecification","valueRequired":true,"valueName":"search_term_string"}}],"inLanguage":"lv-LV"}]}},"_links":{"self":[{"href":"https:\/\/ibc.ee\/lv\/wp-json\/wp\/v2\/product\/16973","targetHints":{"allow":["GET"]}}],"collection":[{"href":"https:\/\/ibc.ee\/lv\/wp-json\/wp\/v2\/product"}],"about":[{"href":"https:\/\/ibc.ee\/lv\/wp-json\/wp\/v2\/types\/product"}],"wp:featuredmedia":[{"embeddable":true,"href":"https:\/\/ibc.ee\/lv\/wp-json\/wp\/v2\/media\/17452"}],"wp:attachment":[{"href":"https:\/\/ibc.ee\/lv\/wp-json\/wp\/v2\/media?parent=16973"}],"wp:term":[{"taxonomy":"product_brand","embeddable":true,"href":"https:\/\/ibc.ee\/lv\/wp-json\/wp\/v2\/product_brand?post=16973"},{"taxonomy":"product_cat","embeddable":true,"href":"https:\/\/ibc.ee\/lv\/wp-json\/wp\/v2\/product_cat?post=16973"},{"taxonomy":"product_tag","embeddable":true,"href":"https:\/\/ibc.ee\/lv\/wp-json\/wp\/v2\/product_tag?post=16973"}],"curies":[{"name":"wp","href":"https:\/\/api.w.org\/{rel}","templated":true}]}}