{"id":17076,"date":"2018-04-28T09:58:39","date_gmt":"2018-10-02T09:58:28","guid":{"rendered":"https:\/\/ibc.ee\/product\/adapteris-3-dn100-110mm-rupji-diegi-dn50-2\/"},"modified":"2020-01-15T09:55:05","modified_gmt":"2020-01-15T07:55:05","slug":"adapteris-3-dn100-110mm-rupjais-diegs-pret-2-dn50","status":"publish","type":"product","link":"https:\/\/ibc.ee\/lv\/product\/adapteris-3-dn100-110mm-rupjais-diegs-pret-2-dn50\/","title":{"rendered":"P\u0101reja (adapteris) priek\u0161 tvertnes ar v\u012btni S100X8 uz \u0101r\u0113jo ar v\u012btni S60X6"},"content":{"rendered":"<p>3 collu p\u0101reja (adapteris) ar iek\u0161\u0113jo v\u012btni C100X8 (100mm). \u0160\u012b p\u0101reja ir dom\u0101ta, lai no 3 collu IBC v\u0101rsta p\u0101rietu uz 2 collu v\u0101rsta. Tas noder\u0113s, lai piesl\u0113gtu d\u0101rzu, lauku ap\u016bde\u0146o\u0161anas sist\u0113mas (irig\u0101cijas metode)<\/p>\n","protected":false},"excerpt":{"rendered":"<p>3 collu p\u0101reja (adapteris) ar iek\u0161\u0113jo v\u012btni C100X8 (100mm). \u0160\u012b p\u0101reja ir dom\u0101ta, lai no 3 collu IBC v\u0101rsta p\u0101rietu uz 2 collu v\u0101rsta. Tas noder\u0113s, lai piesl\u0113gtu d\u0101rzu, lauku ap\u016bde\u0146o\u0161anas sist\u0113mas (irig\u0101cijas metode)<\/p>\n","protected":false},"featured_media":17081,"template":"","meta":[],"product_brand":[],"product_cat":[323],"product_tag":[],"class_list":{"0":"post-17076","1":"product","2":"type-product","3":"status-publish","4":"has-post-thumbnail","6":"product_cat-adapteri-un-veidgabali-ibc-konteiners","7":"product_shipping_class-omniva-lv","9":"first","10":"instock","11":"taxable","12":"shipping-taxable","13":"purchasable","14":"product-type-simple"},"yoast_head":"<!-- This site is optimized with the Yoast SEO plugin v26.9 - https:\/\/yoast.com\/product\/yoast-seo-wordpress\/ -->\n<title>P\u0101reja (adapteris) priek\u0161 tvertnes ar v\u012btni S100X8 uz \u0101r\u0113jo ar v\u012btni S60X6<\/title>\n<meta name=\"description\" content=\"P\u0101reja (adapteris) priek\u0161 tvertnes ar v\u012btni S100X8 uz \u0101r\u0113jo ar v\u012btni S60X6\" \/>\n<meta name=\"robots\" content=\"index, follow, max-snippet:-1, max-image-preview:large, max-video-preview:-1\" \/>\n<link rel=\"canonical\" href=\"https:\/\/ibc.ee\/lv\/product\/adapteris-3-dn100-110mm-rupjais-diegs-pret-2-dn50\/\" \/>\n<meta property=\"og:locale\" content=\"lv_LV\" \/>\n<meta property=\"og:type\" content=\"article\" \/>\n<meta property=\"og:title\" content=\"P\u0101reja (adapteris) priek\u0161 tvertnes ar v\u012btni S100X8 uz \u0101r\u0113jo ar v\u012btni S60X6\" \/>\n<meta property=\"og:description\" content=\"P\u0101reja (adapteris) priek\u0161 tvertnes ar v\u012btni S100X8 uz \u0101r\u0113jo ar v\u012btni S60X6\" \/>\n<meta property=\"og:url\" content=\"https:\/\/ibc.ee\/lv\/product\/adapteris-3-dn100-110mm-rupjais-diegs-pret-2-dn50\/\" \/>\n<meta property=\"og:site_name\" content=\"IBC konteineri m&uuml;&uuml;k, vaadid, kraanid, mahutid\" \/>\n<meta property=\"article:modified_time\" content=\"2020-01-15T07:55:05+00:00\" \/>\n<meta property=\"og:image\" content=\"https:\/\/ibc.ee\/wp-content\/uploads\/2018\/04\/LGPLu4K-1.png\" \/>\n\t<meta property=\"og:image:width\" content=\"676\" \/>\n\t<meta property=\"og:image:height\" content=\"676\" \/>\n\t<meta property=\"og:image:type\" content=\"image\/png\" \/>\n<meta name=\"twitter:card\" content=\"summary_large_image\" \/>\n<script type=\"application\/ld+json\" class=\"yoast-schema-graph\">{\"@context\":\"https:\/\/schema.org\",\"@graph\":[{\"@type\":\"WebPage\",\"@id\":\"https:\/\/ibc.ee\/lv\/product\/adapteris-3-dn100-110mm-rupjais-diegs-pret-2-dn50\/\",\"url\":\"https:\/\/ibc.ee\/lv\/product\/adapteris-3-dn100-110mm-rupjais-diegs-pret-2-dn50\/\",\"name\":\"P\u0101reja (adapteris) priek\u0161 tvertnes ar v\u012btni S100X8 uz \u0101r\u0113jo ar v\u012btni S60X6\",\"isPartOf\":{\"@id\":\"https:\/\/www.ibc.ee\/lv\/#website\"},\"primaryImageOfPage\":{\"@id\":\"https:\/\/ibc.ee\/lv\/product\/adapteris-3-dn100-110mm-rupjais-diegs-pret-2-dn50\/#primaryimage\"},\"image\":{\"@id\":\"https:\/\/ibc.ee\/lv\/product\/adapteris-3-dn100-110mm-rupjais-diegs-pret-2-dn50\/#primaryimage\"},\"thumbnailUrl\":\"https:\/\/ibc.ee\/wp-content\/uploads\/2018\/04\/LGPLu4K-1.png\",\"datePublished\":\"2018-10-02T09:58:28+00:00\",\"dateModified\":\"2020-01-15T07:55:05+00:00\",\"description\":\"P\u0101reja (adapteris) priek\u0161 tvertnes ar v\u012btni S100X8 uz \u0101r\u0113jo ar v\u012btni S60X6\",\"breadcrumb\":{\"@id\":\"https:\/\/ibc.ee\/lv\/product\/adapteris-3-dn100-110mm-rupjais-diegs-pret-2-dn50\/#breadcrumb\"},\"inLanguage\":\"lv-LV\",\"potentialAction\":[{\"@type\":\"ReadAction\",\"target\":[\"https:\/\/ibc.ee\/lv\/product\/adapteris-3-dn100-110mm-rupjais-diegs-pret-2-dn50\/\"]}]},{\"@type\":\"ImageObject\",\"inLanguage\":\"lv-LV\",\"@id\":\"https:\/\/ibc.ee\/lv\/product\/adapteris-3-dn100-110mm-rupjais-diegs-pret-2-dn50\/#primaryimage\",\"url\":\"https:\/\/ibc.ee\/wp-content\/uploads\/2018\/04\/LGPLu4K-1.png\",\"contentUrl\":\"https:\/\/ibc.ee\/wp-content\/uploads\/2018\/04\/LGPLu4K-1.png\",\"width\":676,\"height\":676,\"caption\":\"P\u0101reja (adapteris) priek\u0161 tvertnes ar v\u012btni S100X8 uz \u0101r\u0113jo ar v\u012btni S60X6\"},{\"@type\":\"BreadcrumbList\",\"@id\":\"https:\/\/ibc.ee\/lv\/product\/adapteris-3-dn100-110mm-rupjais-diegs-pret-2-dn50\/#breadcrumb\",\"itemListElement\":[{\"@type\":\"ListItem\",\"position\":1,\"name\":\"\u0413\u043b\u0430\u0432\u043d\u0430\u044f \u0441\u0442\u0440\u0430\u043d\u0438\u0446\u0430\",\"item\":\"https:\/\/www.ibc.ee\/lv\/\"},{\"@type\":\"ListItem\",\"position\":2,\"name\":\"Veikals\",\"item\":\"https:\/\/www.ibc.ee\/lv\/shop\/\"},{\"@type\":\"ListItem\",\"position\":3,\"name\":\"P\u0101reja (adapteris) priek\u0161 tvertnes ar v\u012btni S100X8 uz \u0101r\u0113jo ar v\u012btni S60X6\"}]},{\"@type\":\"WebSite\",\"@id\":\"https:\/\/www.ibc.ee\/lv\/#website\",\"url\":\"https:\/\/www.ibc.ee\/lv\/\",\"name\":\"IBC konteineri m&uuml;&uuml;k, vaadid, kraanid, mahutid\",\"description\":\"IBC - Tank container valve, Adapters\\\\fittings, Intermediate bulk, container, Drums\/cans\",\"potentialAction\":[{\"@type\":\"SearchAction\",\"target\":{\"@type\":\"EntryPoint\",\"urlTemplate\":\"https:\/\/www.ibc.ee\/lv\/?s={search_term_string}\"},\"query-input\":{\"@type\":\"PropertyValueSpecification\",\"valueRequired\":true,\"valueName\":\"search_term_string\"}}],\"inLanguage\":\"lv-LV\"}]}<\/script>\n<!-- \/ Yoast SEO plugin. -->","yoast_head_json":{"title":"P\u0101reja (adapteris) priek\u0161 tvertnes ar v\u012btni S100X8 uz \u0101r\u0113jo ar v\u012btni S60X6","description":"P\u0101reja (adapteris) priek\u0161 tvertnes ar v\u012btni S100X8 uz \u0101r\u0113jo ar v\u012btni S60X6","robots":{"index":"index","follow":"follow","max-snippet":"max-snippet:-1","max-image-preview":"max-image-preview:large","max-video-preview":"max-video-preview:-1"},"canonical":"https:\/\/ibc.ee\/lv\/product\/adapteris-3-dn100-110mm-rupjais-diegs-pret-2-dn50\/","og_locale":"lv_LV","og_type":"article","og_title":"P\u0101reja (adapteris) priek\u0161 tvertnes ar v\u012btni S100X8 uz \u0101r\u0113jo ar v\u012btni S60X6","og_description":"P\u0101reja (adapteris) priek\u0161 tvertnes ar v\u012btni S100X8 uz \u0101r\u0113jo ar v\u012btni S60X6","og_url":"https:\/\/ibc.ee\/lv\/product\/adapteris-3-dn100-110mm-rupjais-diegs-pret-2-dn50\/","og_site_name":"IBC konteineri m&uuml;&uuml;k, vaadid, kraanid, mahutid","article_modified_time":"2020-01-15T07:55:05+00:00","og_image":[{"width":676,"height":676,"url":"https:\/\/ibc.ee\/wp-content\/uploads\/2018\/04\/LGPLu4K-1.png","type":"image\/png"}],"twitter_card":"summary_large_image","schema":{"@context":"https:\/\/schema.org","@graph":[{"@type":"WebPage","@id":"https:\/\/ibc.ee\/lv\/product\/adapteris-3-dn100-110mm-rupjais-diegs-pret-2-dn50\/","url":"https:\/\/ibc.ee\/lv\/product\/adapteris-3-dn100-110mm-rupjais-diegs-pret-2-dn50\/","name":"P\u0101reja (adapteris) priek\u0161 tvertnes ar v\u012btni S100X8 uz \u0101r\u0113jo ar v\u012btni S60X6","isPartOf":{"@id":"https:\/\/www.ibc.ee\/lv\/#website"},"primaryImageOfPage":{"@id":"https:\/\/ibc.ee\/lv\/product\/adapteris-3-dn100-110mm-rupjais-diegs-pret-2-dn50\/#primaryimage"},"image":{"@id":"https:\/\/ibc.ee\/lv\/product\/adapteris-3-dn100-110mm-rupjais-diegs-pret-2-dn50\/#primaryimage"},"thumbnailUrl":"https:\/\/ibc.ee\/wp-content\/uploads\/2018\/04\/LGPLu4K-1.png","datePublished":"2018-10-02T09:58:28+00:00","dateModified":"2020-01-15T07:55:05+00:00","description":"P\u0101reja (adapteris) priek\u0161 tvertnes ar v\u012btni S100X8 uz \u0101r\u0113jo ar v\u012btni S60X6","breadcrumb":{"@id":"https:\/\/ibc.ee\/lv\/product\/adapteris-3-dn100-110mm-rupjais-diegs-pret-2-dn50\/#breadcrumb"},"inLanguage":"lv-LV","potentialAction":[{"@type":"ReadAction","target":["https:\/\/ibc.ee\/lv\/product\/adapteris-3-dn100-110mm-rupjais-diegs-pret-2-dn50\/"]}]},{"@type":"ImageObject","inLanguage":"lv-LV","@id":"https:\/\/ibc.ee\/lv\/product\/adapteris-3-dn100-110mm-rupjais-diegs-pret-2-dn50\/#primaryimage","url":"https:\/\/ibc.ee\/wp-content\/uploads\/2018\/04\/LGPLu4K-1.png","contentUrl":"https:\/\/ibc.ee\/wp-content\/uploads\/2018\/04\/LGPLu4K-1.png","width":676,"height":676,"caption":"P\u0101reja (adapteris) priek\u0161 tvertnes ar v\u012btni S100X8 uz \u0101r\u0113jo ar v\u012btni S60X6"},{"@type":"BreadcrumbList","@id":"https:\/\/ibc.ee\/lv\/product\/adapteris-3-dn100-110mm-rupjais-diegs-pret-2-dn50\/#breadcrumb","itemListElement":[{"@type":"ListItem","position":1,"name":"\u0413\u043b\u0430\u0432\u043d\u0430\u044f \u0441\u0442\u0440\u0430\u043d\u0438\u0446\u0430","item":"https:\/\/www.ibc.ee\/lv\/"},{"@type":"ListItem","position":2,"name":"Veikals","item":"https:\/\/www.ibc.ee\/lv\/shop\/"},{"@type":"ListItem","position":3,"name":"P\u0101reja (adapteris) priek\u0161 tvertnes ar v\u012btni S100X8 uz \u0101r\u0113jo ar v\u012btni S60X6"}]},{"@type":"WebSite","@id":"https:\/\/www.ibc.ee\/lv\/#website","url":"https:\/\/www.ibc.ee\/lv\/","name":"IBC konteineri m&uuml;&uuml;k, vaadid, kraanid, mahutid","description":"IBC - Tank container valve, Adapters\\fittings, Intermediate bulk, container, Drums\/cans","potentialAction":[{"@type":"SearchAction","target":{"@type":"EntryPoint","urlTemplate":"https:\/\/www.ibc.ee\/lv\/?s={search_term_string}"},"query-input":{"@type":"PropertyValueSpecification","valueRequired":true,"valueName":"search_term_string"}}],"inLanguage":"lv-LV"}]}},"_links":{"self":[{"href":"https:\/\/ibc.ee\/lv\/wp-json\/wp\/v2\/product\/17076","targetHints":{"allow":["GET"]}}],"collection":[{"href":"https:\/\/ibc.ee\/lv\/wp-json\/wp\/v2\/product"}],"about":[{"href":"https:\/\/ibc.ee\/lv\/wp-json\/wp\/v2\/types\/product"}],"wp:featuredmedia":[{"embeddable":true,"href":"https:\/\/ibc.ee\/lv\/wp-json\/wp\/v2\/media\/17081"}],"wp:attachment":[{"href":"https:\/\/ibc.ee\/lv\/wp-json\/wp\/v2\/media?parent=17076"}],"wp:term":[{"taxonomy":"product_brand","embeddable":true,"href":"https:\/\/ibc.ee\/lv\/wp-json\/wp\/v2\/product_brand?post=17076"},{"taxonomy":"product_cat","embeddable":true,"href":"https:\/\/ibc.ee\/lv\/wp-json\/wp\/v2\/product_cat?post=17076"},{"taxonomy":"product_tag","embeddable":true,"href":"https:\/\/ibc.ee\/lv\/wp-json\/wp\/v2\/product_tag?post=17076"}],"curies":[{"name":"wp","href":"https:\/\/api.w.org\/{rel}","templated":true}]}}