{"id":17090,"date":"2018-04-28T09:58:37","date_gmt":"2018-10-02T09:58:39","guid":{"rendered":"https:\/\/ibc.ee\/product\/s60x6-vaks-melns-sarkans-3-komponentu\/"},"modified":"2020-01-15T10:12:11","modified_gmt":"2020-01-15T08:12:11","slug":"s60x6-lid-black-red-3-component-2","status":"publish","type":"product","link":"https:\/\/ibc.ee\/lv\/product\/s60x6-lid-black-red-3-component-2\/","title":{"rendered":"S60X6 LID melns \/ sarkans tr\u012bskomponentu"},"content":{"rendered":"<p>IBC lodv\u0101rstu KLP S60X6 V\u0100KU melns\/sarkans 3 komponentu 2&#8243; (51mm)<\/p>\n","protected":false},"excerpt":{"rendered":"<p>IBC lodv\u0101rstu KLP S60X6 V\u0100KU melns\/sarkans 3 komponentu 2&#8243; (51mm)<\/p>\n","protected":false},"featured_media":17093,"template":"","meta":[],"product_brand":[],"product_cat":[323],"product_tag":[],"class_list":{"0":"post-17090","1":"product","2":"type-product","3":"status-publish","4":"has-post-thumbnail","6":"product_cat-adapteri-un-veidgabali-ibc-konteiners","7":"product_shipping_class-omniva-lv","9":"first","10":"instock","11":"taxable","12":"shipping-taxable","13":"purchasable","14":"product-type-simple"},"yoast_head":"<!-- This site is optimized with the Yoast SEO plugin v26.9 - https:\/\/yoast.com\/product\/yoast-seo-wordpress\/ -->\n<title>S60X6 LID melns \/ sarkans tr\u012bskomponentu - IBC konteineri m&uuml;&uuml;k, vaadid, kraanid, mahutid<\/title>\n<meta name=\"description\" content=\"S60X6 LID melns \/ sarkans tr\u012bskomponentu\" \/>\n<meta name=\"robots\" content=\"index, follow, max-snippet:-1, max-image-preview:large, max-video-preview:-1\" \/>\n<link rel=\"canonical\" href=\"https:\/\/ibc.ee\/lv\/product\/s60x6-lid-black-red-3-component-2\/\" \/>\n<meta property=\"og:locale\" content=\"lv_LV\" \/>\n<meta property=\"og:type\" content=\"article\" \/>\n<meta property=\"og:title\" content=\"S60X6 LID melns \/ sarkans tr\u012bskomponentu - IBC konteineri m&uuml;&uuml;k, vaadid, kraanid, mahutid\" \/>\n<meta property=\"og:description\" content=\"S60X6 LID melns \/ sarkans tr\u012bskomponentu\" \/>\n<meta property=\"og:url\" content=\"https:\/\/ibc.ee\/lv\/product\/s60x6-lid-black-red-3-component-2\/\" \/>\n<meta property=\"og:site_name\" content=\"IBC konteineri m&uuml;&uuml;k, vaadid, kraanid, mahutid\" \/>\n<meta property=\"article:modified_time\" content=\"2020-01-15T08:12:11+00:00\" \/>\n<meta property=\"og:image\" content=\"https:\/\/ibc.ee\/wp-content\/uploads\/2018\/04\/tiLO6qi-1.png\" \/>\n\t<meta property=\"og:image:width\" content=\"556\" \/>\n\t<meta property=\"og:image:height\" content=\"556\" \/>\n\t<meta property=\"og:image:type\" content=\"image\/png\" \/>\n<meta name=\"twitter:card\" content=\"summary_large_image\" \/>\n<script type=\"application\/ld+json\" class=\"yoast-schema-graph\">{\"@context\":\"https:\/\/schema.org\",\"@graph\":[{\"@type\":\"WebPage\",\"@id\":\"https:\/\/ibc.ee\/lv\/product\/s60x6-lid-black-red-3-component-2\/\",\"url\":\"https:\/\/ibc.ee\/lv\/product\/s60x6-lid-black-red-3-component-2\/\",\"name\":\"S60X6 LID melns \/ sarkans tr\u012bskomponentu - IBC konteineri m&uuml;&uuml;k, vaadid, kraanid, mahutid\",\"isPartOf\":{\"@id\":\"https:\/\/www.ibc.ee\/lv\/#website\"},\"primaryImageOfPage\":{\"@id\":\"https:\/\/ibc.ee\/lv\/product\/s60x6-lid-black-red-3-component-2\/#primaryimage\"},\"image\":{\"@id\":\"https:\/\/ibc.ee\/lv\/product\/s60x6-lid-black-red-3-component-2\/#primaryimage\"},\"thumbnailUrl\":\"https:\/\/ibc.ee\/wp-content\/uploads\/2018\/04\/tiLO6qi-1.png\",\"datePublished\":\"2018-10-02T09:58:39+00:00\",\"dateModified\":\"2020-01-15T08:12:11+00:00\",\"description\":\"S60X6 LID melns \/ sarkans tr\u012bskomponentu\",\"breadcrumb\":{\"@id\":\"https:\/\/ibc.ee\/lv\/product\/s60x6-lid-black-red-3-component-2\/#breadcrumb\"},\"inLanguage\":\"lv-LV\",\"potentialAction\":[{\"@type\":\"ReadAction\",\"target\":[\"https:\/\/ibc.ee\/lv\/product\/s60x6-lid-black-red-3-component-2\/\"]}]},{\"@type\":\"ImageObject\",\"inLanguage\":\"lv-LV\",\"@id\":\"https:\/\/ibc.ee\/lv\/product\/s60x6-lid-black-red-3-component-2\/#primaryimage\",\"url\":\"https:\/\/ibc.ee\/wp-content\/uploads\/2018\/04\/tiLO6qi-1.png\",\"contentUrl\":\"https:\/\/ibc.ee\/wp-content\/uploads\/2018\/04\/tiLO6qi-1.png\",\"width\":556,\"height\":556,\"caption\":\"S60X6 LID melns \/ sarkans tr\u012bskomponentu\"},{\"@type\":\"BreadcrumbList\",\"@id\":\"https:\/\/ibc.ee\/lv\/product\/s60x6-lid-black-red-3-component-2\/#breadcrumb\",\"itemListElement\":[{\"@type\":\"ListItem\",\"position\":1,\"name\":\"\u0413\u043b\u0430\u0432\u043d\u0430\u044f \u0441\u0442\u0440\u0430\u043d\u0438\u0446\u0430\",\"item\":\"https:\/\/www.ibc.ee\/lv\/\"},{\"@type\":\"ListItem\",\"position\":2,\"name\":\"Veikals\",\"item\":\"https:\/\/www.ibc.ee\/lv\/shop\/\"},{\"@type\":\"ListItem\",\"position\":3,\"name\":\"S60X6 LID melns \/ sarkans tr\u012bskomponentu\"}]},{\"@type\":\"WebSite\",\"@id\":\"https:\/\/www.ibc.ee\/lv\/#website\",\"url\":\"https:\/\/www.ibc.ee\/lv\/\",\"name\":\"IBC konteineri m&uuml;&uuml;k, vaadid, kraanid, mahutid\",\"description\":\"IBC - Tank container valve, Adapters\\\\fittings, Intermediate bulk, container, Drums\/cans\",\"potentialAction\":[{\"@type\":\"SearchAction\",\"target\":{\"@type\":\"EntryPoint\",\"urlTemplate\":\"https:\/\/www.ibc.ee\/lv\/?s={search_term_string}\"},\"query-input\":{\"@type\":\"PropertyValueSpecification\",\"valueRequired\":true,\"valueName\":\"search_term_string\"}}],\"inLanguage\":\"lv-LV\"}]}<\/script>\n<!-- \/ Yoast SEO plugin. -->","yoast_head_json":{"title":"S60X6 LID melns \/ sarkans tr\u012bskomponentu - IBC konteineri m&uuml;&uuml;k, vaadid, kraanid, mahutid","description":"S60X6 LID melns \/ sarkans tr\u012bskomponentu","robots":{"index":"index","follow":"follow","max-snippet":"max-snippet:-1","max-image-preview":"max-image-preview:large","max-video-preview":"max-video-preview:-1"},"canonical":"https:\/\/ibc.ee\/lv\/product\/s60x6-lid-black-red-3-component-2\/","og_locale":"lv_LV","og_type":"article","og_title":"S60X6 LID melns \/ sarkans tr\u012bskomponentu - IBC konteineri m&uuml;&uuml;k, vaadid, kraanid, mahutid","og_description":"S60X6 LID melns \/ sarkans tr\u012bskomponentu","og_url":"https:\/\/ibc.ee\/lv\/product\/s60x6-lid-black-red-3-component-2\/","og_site_name":"IBC konteineri m&uuml;&uuml;k, vaadid, kraanid, mahutid","article_modified_time":"2020-01-15T08:12:11+00:00","og_image":[{"width":556,"height":556,"url":"https:\/\/ibc.ee\/wp-content\/uploads\/2018\/04\/tiLO6qi-1.png","type":"image\/png"}],"twitter_card":"summary_large_image","schema":{"@context":"https:\/\/schema.org","@graph":[{"@type":"WebPage","@id":"https:\/\/ibc.ee\/lv\/product\/s60x6-lid-black-red-3-component-2\/","url":"https:\/\/ibc.ee\/lv\/product\/s60x6-lid-black-red-3-component-2\/","name":"S60X6 LID melns \/ sarkans tr\u012bskomponentu - IBC konteineri m&uuml;&uuml;k, vaadid, kraanid, mahutid","isPartOf":{"@id":"https:\/\/www.ibc.ee\/lv\/#website"},"primaryImageOfPage":{"@id":"https:\/\/ibc.ee\/lv\/product\/s60x6-lid-black-red-3-component-2\/#primaryimage"},"image":{"@id":"https:\/\/ibc.ee\/lv\/product\/s60x6-lid-black-red-3-component-2\/#primaryimage"},"thumbnailUrl":"https:\/\/ibc.ee\/wp-content\/uploads\/2018\/04\/tiLO6qi-1.png","datePublished":"2018-10-02T09:58:39+00:00","dateModified":"2020-01-15T08:12:11+00:00","description":"S60X6 LID melns \/ sarkans tr\u012bskomponentu","breadcrumb":{"@id":"https:\/\/ibc.ee\/lv\/product\/s60x6-lid-black-red-3-component-2\/#breadcrumb"},"inLanguage":"lv-LV","potentialAction":[{"@type":"ReadAction","target":["https:\/\/ibc.ee\/lv\/product\/s60x6-lid-black-red-3-component-2\/"]}]},{"@type":"ImageObject","inLanguage":"lv-LV","@id":"https:\/\/ibc.ee\/lv\/product\/s60x6-lid-black-red-3-component-2\/#primaryimage","url":"https:\/\/ibc.ee\/wp-content\/uploads\/2018\/04\/tiLO6qi-1.png","contentUrl":"https:\/\/ibc.ee\/wp-content\/uploads\/2018\/04\/tiLO6qi-1.png","width":556,"height":556,"caption":"S60X6 LID melns \/ sarkans tr\u012bskomponentu"},{"@type":"BreadcrumbList","@id":"https:\/\/ibc.ee\/lv\/product\/s60x6-lid-black-red-3-component-2\/#breadcrumb","itemListElement":[{"@type":"ListItem","position":1,"name":"\u0413\u043b\u0430\u0432\u043d\u0430\u044f \u0441\u0442\u0440\u0430\u043d\u0438\u0446\u0430","item":"https:\/\/www.ibc.ee\/lv\/"},{"@type":"ListItem","position":2,"name":"Veikals","item":"https:\/\/www.ibc.ee\/lv\/shop\/"},{"@type":"ListItem","position":3,"name":"S60X6 LID melns \/ sarkans tr\u012bskomponentu"}]},{"@type":"WebSite","@id":"https:\/\/www.ibc.ee\/lv\/#website","url":"https:\/\/www.ibc.ee\/lv\/","name":"IBC konteineri m&uuml;&uuml;k, vaadid, kraanid, mahutid","description":"IBC - Tank container valve, Adapters\\fittings, Intermediate bulk, container, Drums\/cans","potentialAction":[{"@type":"SearchAction","target":{"@type":"EntryPoint","urlTemplate":"https:\/\/www.ibc.ee\/lv\/?s={search_term_string}"},"query-input":{"@type":"PropertyValueSpecification","valueRequired":true,"valueName":"search_term_string"}}],"inLanguage":"lv-LV"}]}},"_links":{"self":[{"href":"https:\/\/ibc.ee\/lv\/wp-json\/wp\/v2\/product\/17090","targetHints":{"allow":["GET"]}}],"collection":[{"href":"https:\/\/ibc.ee\/lv\/wp-json\/wp\/v2\/product"}],"about":[{"href":"https:\/\/ibc.ee\/lv\/wp-json\/wp\/v2\/types\/product"}],"wp:featuredmedia":[{"embeddable":true,"href":"https:\/\/ibc.ee\/lv\/wp-json\/wp\/v2\/media\/17093"}],"wp:attachment":[{"href":"https:\/\/ibc.ee\/lv\/wp-json\/wp\/v2\/media?parent=17090"}],"wp:term":[{"taxonomy":"product_brand","embeddable":true,"href":"https:\/\/ibc.ee\/lv\/wp-json\/wp\/v2\/product_brand?post=17090"},{"taxonomy":"product_cat","embeddable":true,"href":"https:\/\/ibc.ee\/lv\/wp-json\/wp\/v2\/product_cat?post=17090"},{"taxonomy":"product_tag","embeddable":true,"href":"https:\/\/ibc.ee\/lv\/wp-json\/wp\/v2\/product_tag?post=17090"}],"curies":[{"name":"wp","href":"https:\/\/api.w.org\/{rel}","templated":true}]}}