{"id":17210,"date":"2019-04-15T14:04:02","date_gmt":"2019-04-15T12:55:43","guid":{"rendered":"https:\/\/ibc.ee\/product\/starpprodukta-taras-tvertne-ibc-640l-500l-b\/"},"modified":"2025-07-10T13:28:28","modified_gmt":"2025-07-10T11:28:28","slug":"techcube-ibc-640-mazgats-un-atjaunots-640l-ibc-konteiners","status":"publish","type":"product","link":"https:\/\/ibc.ee\/lv\/product\/techcube-ibc-640-mazgats-un-atjaunots-640l-ibc-konteiners\/","title":{"rendered":"TechCube IBC 640 \u2013 Mazg\u0101ts un atjaunots 640L IBC konteiners"},"content":{"rendered":"<p><strong>Tipiski pielietojumi:<\/strong><br \/>\n&#8211; Tehniskie \u0161\u0137idrumi: t\u012br\u012b\u0161anas l\u012bdzek\u013ci, ne-kod\u012bgas vielas, r\u016bpniec\u012bbas skalo\u0161anas \u016bde\u0146i<br \/>\n&#8211; Lauksaimniec\u012bba: laist\u012b\u0161anas \u016bdens, komposta t\u0113ja, \u0161\u0137idrie m\u0113slojumi (ne dzer\u0161anai)<br \/>\n&#8211; B\u016bvniec\u012bba: notek\u016bde\u0146u sav\u0101k\u0161ana, betona skalo\u0161anas \u016bdens, instrumentu mazg\u0101\u0161ana<br \/>\n&#8211; M\u0101jas\/d\u0101rza lieto\u0161ana: lietus \u016bdens sav\u0101k\u0161ana, pel\u0113k\u0101 \u016bdens uzglab\u0101\u0161ana, \u0101r\u0113j\u0101s mazg\u0101\u0161anas stacijas<br \/>\n&#8211; Pa\u0161darin\u0101ti risin\u0101jumi: mobil\u0101s \u016bdens sist\u0113mas, \u016bdens rezerves glab\u0101\u0161ana<\/p>\n<p><strong>Par sertifik\u0101ciju:<\/strong><br \/>\n\u0160im konteineram nav UN vai FDA sertifik\u0101ta. Nav piem\u0113rots dzeramajam \u016bdenim, p\u0101rtikas produktiem vai b\u012bstam\u0101m viel\u0101m. <\/p>\n","protected":false},"excerpt":{"rendered":"<p>TechCube IBC 640 ir kompakts, atjaunots starpposma \u0161\u0137idruma konteiners ar kop\u0113jo tilpumu 640 litri. Lieliski piem\u0113rots lietot\u0101jiem, kuri mekl\u0113 izdev\u012bgu risin\u0101jumu \u0161\u0137idrumu uzglab\u0101\u0161anai, kad nav nepiecie\u0161amas ofici\u0101las sertifik\u0101cijas. \u0160is konteiners ir r\u016bp\u012bgi izmazg\u0101ts un p\u0101rbaud\u012bts attiec\u012bb\u0101 uz nopl\u016bd\u0113m, ta\u010du tam nav UN vai FDA sertifik\u0101tu, t\u0101p\u0113c tas ir vispiem\u0113rot\u0101kais tehniskai, lauksaimniec\u012bbas vai sadz\u012bves lieto\u0161anai.  <\/p>\n","protected":false},"featured_media":24295,"template":"","meta":[],"product_brand":[],"product_cat":[329],"product_tag":[],"class_list":{"0":"post-17210","1":"product","2":"type-product","3":"status-publish","4":"has-post-thumbnail","6":"product_cat-starppaterina-konteiners-beztaras-ibc-640-650-litri","7":"product_shipping_class-containers-lv","9":"first","10":"instock","11":"taxable","12":"shipping-taxable","13":"purchasable","14":"product-type-simple"},"yoast_head":"<!-- This site is optimized with the Yoast SEO plugin v26.9 - https:\/\/yoast.com\/product\/yoast-seo-wordpress\/ -->\n<title>TechCube IBC 640 \u2013 Mazg\u0101ts un atjaunots 640L IBC konteiners - IBC konteineri m&uuml;&uuml;k, vaadid, kraanid, mahutid<\/title>\n<meta name=\"description\" content=\"TechCube IBC 640 ir kompakts, atjaunots starpposma \u0161\u0137idruma konteiners ar kop\u0113jo tilpumu 640 litri.\" \/>\n<meta name=\"robots\" content=\"index, follow, max-snippet:-1, max-image-preview:large, max-video-preview:-1\" \/>\n<link rel=\"canonical\" href=\"https:\/\/ibc.ee\/lv\/product\/techcube-ibc-640-mazgats-un-atjaunots-640l-ibc-konteiners\/\" \/>\n<meta property=\"og:locale\" content=\"lv_LV\" \/>\n<meta property=\"og:type\" content=\"article\" \/>\n<meta property=\"og:title\" content=\"TechCube IBC 640 \u2013 Mazg\u0101ts un atjaunots 640L IBC konteiners - IBC konteineri m&uuml;&uuml;k, vaadid, kraanid, mahutid\" \/>\n<meta property=\"og:description\" content=\"TechCube IBC 640 ir kompakts, atjaunots starpposma \u0161\u0137idruma konteiners ar kop\u0113jo tilpumu 640 litri.\" \/>\n<meta property=\"og:url\" content=\"https:\/\/ibc.ee\/lv\/product\/techcube-ibc-640-mazgats-un-atjaunots-640l-ibc-konteiners\/\" \/>\n<meta property=\"og:site_name\" content=\"IBC konteineri m&uuml;&uuml;k, vaadid, kraanid, mahutid\" \/>\n<meta property=\"article:modified_time\" content=\"2025-07-10T11:28:28+00:00\" \/>\n<meta property=\"og:image\" content=\"https:\/\/ibc.ee\/wp-content\/uploads\/2019\/04\/Used-1000l-IBC-container.jpg\" \/>\n\t<meta property=\"og:image:width\" content=\"1000\" \/>\n\t<meta property=\"og:image:height\" content=\"1000\" \/>\n\t<meta property=\"og:image:type\" content=\"image\/jpeg\" \/>\n<meta name=\"twitter:card\" content=\"summary_large_image\" \/>\n<meta name=\"twitter:label1\" content=\"Est. reading time\" \/>\n\t<meta name=\"twitter:data1\" content=\"1 minute\" \/>\n<script type=\"application\/ld+json\" class=\"yoast-schema-graph\">{\"@context\":\"https:\/\/schema.org\",\"@graph\":[{\"@type\":\"WebPage\",\"@id\":\"https:\/\/ibc.ee\/lv\/product\/techcube-ibc-640-mazgats-un-atjaunots-640l-ibc-konteiners\/\",\"url\":\"https:\/\/ibc.ee\/lv\/product\/techcube-ibc-640-mazgats-un-atjaunots-640l-ibc-konteiners\/\",\"name\":\"TechCube IBC 640 \u2013 Mazg\u0101ts un atjaunots 640L IBC konteiners - IBC konteineri m&uuml;&uuml;k, vaadid, kraanid, mahutid\",\"isPartOf\":{\"@id\":\"https:\/\/ibc.ee\/lv\/#website\"},\"primaryImageOfPage\":{\"@id\":\"https:\/\/ibc.ee\/lv\/product\/techcube-ibc-640-mazgats-un-atjaunots-640l-ibc-konteiners\/#primaryimage\"},\"image\":{\"@id\":\"https:\/\/ibc.ee\/lv\/product\/techcube-ibc-640-mazgats-un-atjaunots-640l-ibc-konteiners\/#primaryimage\"},\"thumbnailUrl\":\"https:\/\/ibc.ee\/wp-content\/uploads\/2019\/04\/Used-1000l-IBC-container.jpg\",\"datePublished\":\"2019-04-15T12:55:43+00:00\",\"dateModified\":\"2025-07-10T11:28:28+00:00\",\"description\":\"TechCube IBC 640 ir kompakts, atjaunots starpposma \u0161\u0137idruma konteiners ar kop\u0113jo tilpumu 640 litri.\",\"breadcrumb\":{\"@id\":\"https:\/\/ibc.ee\/lv\/product\/techcube-ibc-640-mazgats-un-atjaunots-640l-ibc-konteiners\/#breadcrumb\"},\"inLanguage\":\"lv-LV\",\"potentialAction\":[{\"@type\":\"ReadAction\",\"target\":[\"https:\/\/ibc.ee\/lv\/product\/techcube-ibc-640-mazgats-un-atjaunots-640l-ibc-konteiners\/\"]}]},{\"@type\":\"ImageObject\",\"inLanguage\":\"lv-LV\",\"@id\":\"https:\/\/ibc.ee\/lv\/product\/techcube-ibc-640-mazgats-un-atjaunots-640l-ibc-konteiners\/#primaryimage\",\"url\":\"https:\/\/ibc.ee\/wp-content\/uploads\/2019\/04\/Used-1000l-IBC-container.jpg\",\"contentUrl\":\"https:\/\/ibc.ee\/wp-content\/uploads\/2019\/04\/Used-1000l-IBC-container.jpg\",\"width\":1000,\"height\":1000,\"caption\":\"TechCube IBC 640 \u2013 Reconditioned 640L IBC Container\"},{\"@type\":\"BreadcrumbList\",\"@id\":\"https:\/\/ibc.ee\/lv\/product\/techcube-ibc-640-mazgats-un-atjaunots-640l-ibc-konteiners\/#breadcrumb\",\"itemListElement\":[{\"@type\":\"ListItem\",\"position\":1,\"name\":\"\u0413\u043b\u0430\u0432\u043d\u0430\u044f \u0441\u0442\u0440\u0430\u043d\u0438\u0446\u0430\",\"item\":\"https:\/\/ibc.ee\/lv\/\"},{\"@type\":\"ListItem\",\"position\":2,\"name\":\"Veikals\",\"item\":\"https:\/\/ibc.ee\/lv\/shop\/\"},{\"@type\":\"ListItem\",\"position\":3,\"name\":\"TechCube IBC 640 \u2013 Mazg\u0101ts un atjaunots 640L IBC konteiners\"}]},{\"@type\":\"WebSite\",\"@id\":\"https:\/\/ibc.ee\/lv\/#website\",\"url\":\"https:\/\/ibc.ee\/lv\/\",\"name\":\"IBC konteineri m&uuml;&uuml;k, vaadid, kraanid, mahutid\",\"description\":\"IBC - Tank container valve, Adapters\\\\fittings, Intermediate bulk, container, Drums\/cans\",\"potentialAction\":[{\"@type\":\"SearchAction\",\"target\":{\"@type\":\"EntryPoint\",\"urlTemplate\":\"https:\/\/ibc.ee\/lv\/?s={search_term_string}\"},\"query-input\":{\"@type\":\"PropertyValueSpecification\",\"valueRequired\":true,\"valueName\":\"search_term_string\"}}],\"inLanguage\":\"lv-LV\"}]}<\/script>\n<!-- \/ Yoast SEO plugin. -->","yoast_head_json":{"title":"TechCube IBC 640 \u2013 Mazg\u0101ts un atjaunots 640L IBC konteiners - IBC konteineri m&uuml;&uuml;k, vaadid, kraanid, mahutid","description":"TechCube IBC 640 ir kompakts, atjaunots starpposma \u0161\u0137idruma konteiners ar kop\u0113jo tilpumu 640 litri.","robots":{"index":"index","follow":"follow","max-snippet":"max-snippet:-1","max-image-preview":"max-image-preview:large","max-video-preview":"max-video-preview:-1"},"canonical":"https:\/\/ibc.ee\/lv\/product\/techcube-ibc-640-mazgats-un-atjaunots-640l-ibc-konteiners\/","og_locale":"lv_LV","og_type":"article","og_title":"TechCube IBC 640 \u2013 Mazg\u0101ts un atjaunots 640L IBC konteiners - IBC konteineri m&uuml;&uuml;k, vaadid, kraanid, mahutid","og_description":"TechCube IBC 640 ir kompakts, atjaunots starpposma \u0161\u0137idruma konteiners ar kop\u0113jo tilpumu 640 litri.","og_url":"https:\/\/ibc.ee\/lv\/product\/techcube-ibc-640-mazgats-un-atjaunots-640l-ibc-konteiners\/","og_site_name":"IBC konteineri m&uuml;&uuml;k, vaadid, kraanid, mahutid","article_modified_time":"2025-07-10T11:28:28+00:00","og_image":[{"width":1000,"height":1000,"url":"https:\/\/ibc.ee\/wp-content\/uploads\/2019\/04\/Used-1000l-IBC-container.jpg","type":"image\/jpeg"}],"twitter_card":"summary_large_image","twitter_misc":{"Est. reading time":"1 minute"},"schema":{"@context":"https:\/\/schema.org","@graph":[{"@type":"WebPage","@id":"https:\/\/ibc.ee\/lv\/product\/techcube-ibc-640-mazgats-un-atjaunots-640l-ibc-konteiners\/","url":"https:\/\/ibc.ee\/lv\/product\/techcube-ibc-640-mazgats-un-atjaunots-640l-ibc-konteiners\/","name":"TechCube IBC 640 \u2013 Mazg\u0101ts un atjaunots 640L IBC konteiners - IBC konteineri m&uuml;&uuml;k, vaadid, kraanid, mahutid","isPartOf":{"@id":"https:\/\/ibc.ee\/lv\/#website"},"primaryImageOfPage":{"@id":"https:\/\/ibc.ee\/lv\/product\/techcube-ibc-640-mazgats-un-atjaunots-640l-ibc-konteiners\/#primaryimage"},"image":{"@id":"https:\/\/ibc.ee\/lv\/product\/techcube-ibc-640-mazgats-un-atjaunots-640l-ibc-konteiners\/#primaryimage"},"thumbnailUrl":"https:\/\/ibc.ee\/wp-content\/uploads\/2019\/04\/Used-1000l-IBC-container.jpg","datePublished":"2019-04-15T12:55:43+00:00","dateModified":"2025-07-10T11:28:28+00:00","description":"TechCube IBC 640 ir kompakts, atjaunots starpposma \u0161\u0137idruma konteiners ar kop\u0113jo tilpumu 640 litri.","breadcrumb":{"@id":"https:\/\/ibc.ee\/lv\/product\/techcube-ibc-640-mazgats-un-atjaunots-640l-ibc-konteiners\/#breadcrumb"},"inLanguage":"lv-LV","potentialAction":[{"@type":"ReadAction","target":["https:\/\/ibc.ee\/lv\/product\/techcube-ibc-640-mazgats-un-atjaunots-640l-ibc-konteiners\/"]}]},{"@type":"ImageObject","inLanguage":"lv-LV","@id":"https:\/\/ibc.ee\/lv\/product\/techcube-ibc-640-mazgats-un-atjaunots-640l-ibc-konteiners\/#primaryimage","url":"https:\/\/ibc.ee\/wp-content\/uploads\/2019\/04\/Used-1000l-IBC-container.jpg","contentUrl":"https:\/\/ibc.ee\/wp-content\/uploads\/2019\/04\/Used-1000l-IBC-container.jpg","width":1000,"height":1000,"caption":"TechCube IBC 640 \u2013 Reconditioned 640L IBC Container"},{"@type":"BreadcrumbList","@id":"https:\/\/ibc.ee\/lv\/product\/techcube-ibc-640-mazgats-un-atjaunots-640l-ibc-konteiners\/#breadcrumb","itemListElement":[{"@type":"ListItem","position":1,"name":"\u0413\u043b\u0430\u0432\u043d\u0430\u044f \u0441\u0442\u0440\u0430\u043d\u0438\u0446\u0430","item":"https:\/\/ibc.ee\/lv\/"},{"@type":"ListItem","position":2,"name":"Veikals","item":"https:\/\/ibc.ee\/lv\/shop\/"},{"@type":"ListItem","position":3,"name":"TechCube IBC 640 \u2013 Mazg\u0101ts un atjaunots 640L IBC konteiners"}]},{"@type":"WebSite","@id":"https:\/\/ibc.ee\/lv\/#website","url":"https:\/\/ibc.ee\/lv\/","name":"IBC konteineri m&uuml;&uuml;k, vaadid, kraanid, mahutid","description":"IBC - Tank container valve, Adapters\\fittings, Intermediate bulk, container, Drums\/cans","potentialAction":[{"@type":"SearchAction","target":{"@type":"EntryPoint","urlTemplate":"https:\/\/ibc.ee\/lv\/?s={search_term_string}"},"query-input":{"@type":"PropertyValueSpecification","valueRequired":true,"valueName":"search_term_string"}}],"inLanguage":"lv-LV"}]}},"_links":{"self":[{"href":"https:\/\/ibc.ee\/lv\/wp-json\/wp\/v2\/product\/17210","targetHints":{"allow":["GET"]}}],"collection":[{"href":"https:\/\/ibc.ee\/lv\/wp-json\/wp\/v2\/product"}],"about":[{"href":"https:\/\/ibc.ee\/lv\/wp-json\/wp\/v2\/types\/product"}],"wp:featuredmedia":[{"embeddable":true,"href":"https:\/\/ibc.ee\/lv\/wp-json\/wp\/v2\/media\/24295"}],"wp:attachment":[{"href":"https:\/\/ibc.ee\/lv\/wp-json\/wp\/v2\/media?parent=17210"}],"wp:term":[{"taxonomy":"product_brand","embeddable":true,"href":"https:\/\/ibc.ee\/lv\/wp-json\/wp\/v2\/product_brand?post=17210"},{"taxonomy":"product_cat","embeddable":true,"href":"https:\/\/ibc.ee\/lv\/wp-json\/wp\/v2\/product_cat?post=17210"},{"taxonomy":"product_tag","embeddable":true,"href":"https:\/\/ibc.ee\/lv\/wp-json\/wp\/v2\/product_tag?post=17210"}],"curies":[{"name":"wp","href":"https:\/\/api.w.org\/{rel}","templated":true}]}}