{"id":17467,"date":"2018-04-28T09:59:16","date_gmt":"2019-04-25T07:35:37","guid":{"rendered":"https:\/\/ibc.ee\/product\/%c2%be-bsp-male-x-s60x6-female-buttress-and-plastic-hose-pipe-tool-2-way-connector-2-way-tap-garden\/"},"modified":"2020-01-15T00:21:57","modified_gmt":"2020-01-14T22:21:57","slug":"3-4-bsp-viriesu-x-s60x6-sieviesu-balsts-un-plastmasas-slutenes-caurulu-riks-2-virzienu-savienotajs-2-virzienu-krana-darzs","status":"publish","type":"product","link":"https:\/\/ibc.ee\/lv\/product\/3-4-bsp-viriesu-x-s60x6-sieviesu-balsts-un-plastmasas-slutenes-caurulu-riks-2-virzienu-savienotajs-2-virzienu-krana-darzs\/","title":{"rendered":"3\/4 &#8220;BSP v\u012brie\u0161u x S60X6 sievie\u0161u balsts un plastmasas \u0161\u013c\u016btenes cauru\u013cu r\u012bks 2 virzienu savienot\u0101js 2 virzienu kr\u0101na d\u0101rzs"},"content":{"rendered":"<p>3\/4 &#8220;BSP v\u012brie\u0161u x S60X6 sievie\u0161u balsts un plastmasas \u0161\u013c\u016btenes cauru\u013cu r\u012bks 2 virzienu savienot\u0101js 2 virzienu kr\u0101na d\u0101rzs<\/p>\n","protected":false},"excerpt":{"rendered":"<p>3\/4 &#8220;BSP v\u012brie\u0161u x S60X6 sievie\u0161u balsts un plastmasas \u0161\u013c\u016btenes cauru\u013cu r\u012bks 2 virzienu savienot\u0101js 2 virzienu kr\u0101na d\u0101rzs<\/p>\n","protected":false},"featured_media":17240,"template":"","meta":[],"product_brand":[],"product_cat":[323],"product_tag":[],"class_list":{"0":"post-17467","1":"product","2":"type-product","3":"status-publish","4":"has-post-thumbnail","6":"product_cat-adapteri-un-veidgabali-ibc-konteiners","7":"product_shipping_class-omniva-lv","9":"first","10":"onbackorder","11":"taxable","12":"shipping-taxable","13":"purchasable","14":"product-type-simple"},"yoast_head":"<!-- This site is optimized with the Yoast SEO plugin v26.9 - https:\/\/yoast.com\/product\/yoast-seo-wordpress\/ -->\n<title>3\/4 &quot;BSP v\u012brie\u0161u x S60X6 sievie\u0161u balsts un plastmasas \u0161\u013c\u016btenes cauru\u013cu r\u012bks 2 virzienu<\/title>\n<meta name=\"description\" content=\"3\/4 &quot;BSP v\u012brie\u0161u x S60X6 sievie\u0161u balsts un plastmasas \u0161\u013c\u016btenes cauru\u013cu r\u012bks 2 virzienu savienot\u0101js 2 virzienu kr\u0101na d\u0101rzs\" \/>\n<meta name=\"robots\" content=\"index, follow, max-snippet:-1, max-image-preview:large, max-video-preview:-1\" \/>\n<link rel=\"canonical\" href=\"https:\/\/ibc.ee\/lv\/product\/3-4-bsp-viriesu-x-s60x6-sieviesu-balsts-un-plastmasas-slutenes-caurulu-riks-2-virzienu-savienotajs-2-virzienu-krana-darzs\/\" \/>\n<meta property=\"og:locale\" content=\"lv_LV\" \/>\n<meta property=\"og:type\" content=\"article\" \/>\n<meta property=\"og:title\" content=\"3\/4 &quot;BSP v\u012brie\u0161u x S60X6 sievie\u0161u balsts un plastmasas \u0161\u013c\u016btenes cauru\u013cu r\u012bks 2 virzienu\" \/>\n<meta property=\"og:description\" content=\"3\/4 &quot;BSP v\u012brie\u0161u x S60X6 sievie\u0161u balsts un plastmasas \u0161\u013c\u016btenes cauru\u013cu r\u012bks 2 virzienu savienot\u0101js 2 virzienu kr\u0101na d\u0101rzs\" \/>\n<meta property=\"og:url\" content=\"https:\/\/ibc.ee\/lv\/product\/3-4-bsp-viriesu-x-s60x6-sieviesu-balsts-un-plastmasas-slutenes-caurulu-riks-2-virzienu-savienotajs-2-virzienu-krana-darzs\/\" \/>\n<meta property=\"og:site_name\" content=\"IBC konteineri m&uuml;&uuml;k, vaadid, kraanid, mahutid\" \/>\n<meta property=\"article:modified_time\" content=\"2020-01-14T22:21:57+00:00\" \/>\n<meta property=\"og:image\" content=\"https:\/\/ibc.ee\/wp-content\/uploads\/2018\/04\/x3EmIAR.png\" \/>\n\t<meta property=\"og:image:width\" content=\"770\" \/>\n\t<meta property=\"og:image:height\" content=\"770\" \/>\n\t<meta property=\"og:image:type\" content=\"image\/png\" \/>\n<meta name=\"twitter:card\" content=\"summary_large_image\" \/>\n<script type=\"application\/ld+json\" class=\"yoast-schema-graph\">{\"@context\":\"https:\/\/schema.org\",\"@graph\":[{\"@type\":\"WebPage\",\"@id\":\"https:\/\/ibc.ee\/lv\/product\/3-4-bsp-viriesu-x-s60x6-sieviesu-balsts-un-plastmasas-slutenes-caurulu-riks-2-virzienu-savienotajs-2-virzienu-krana-darzs\/\",\"url\":\"https:\/\/ibc.ee\/lv\/product\/3-4-bsp-viriesu-x-s60x6-sieviesu-balsts-un-plastmasas-slutenes-caurulu-riks-2-virzienu-savienotajs-2-virzienu-krana-darzs\/\",\"name\":\"3\/4 \\\"BSP v\u012brie\u0161u x S60X6 sievie\u0161u balsts un plastmasas \u0161\u013c\u016btenes cauru\u013cu r\u012bks 2 virzienu\",\"isPartOf\":{\"@id\":\"https:\/\/www.ibc.ee\/lv\/#website\"},\"primaryImageOfPage\":{\"@id\":\"https:\/\/ibc.ee\/lv\/product\/3-4-bsp-viriesu-x-s60x6-sieviesu-balsts-un-plastmasas-slutenes-caurulu-riks-2-virzienu-savienotajs-2-virzienu-krana-darzs\/#primaryimage\"},\"image\":{\"@id\":\"https:\/\/ibc.ee\/lv\/product\/3-4-bsp-viriesu-x-s60x6-sieviesu-balsts-un-plastmasas-slutenes-caurulu-riks-2-virzienu-savienotajs-2-virzienu-krana-darzs\/#primaryimage\"},\"thumbnailUrl\":\"https:\/\/ibc.ee\/wp-content\/uploads\/2018\/04\/x3EmIAR.png\",\"datePublished\":\"2019-04-25T07:35:37+00:00\",\"dateModified\":\"2020-01-14T22:21:57+00:00\",\"description\":\"3\/4 \\\"BSP v\u012brie\u0161u x S60X6 sievie\u0161u balsts un plastmasas \u0161\u013c\u016btenes cauru\u013cu r\u012bks 2 virzienu savienot\u0101js 2 virzienu kr\u0101na d\u0101rzs\",\"breadcrumb\":{\"@id\":\"https:\/\/ibc.ee\/lv\/product\/3-4-bsp-viriesu-x-s60x6-sieviesu-balsts-un-plastmasas-slutenes-caurulu-riks-2-virzienu-savienotajs-2-virzienu-krana-darzs\/#breadcrumb\"},\"inLanguage\":\"lv-LV\",\"potentialAction\":[{\"@type\":\"ReadAction\",\"target\":[\"https:\/\/ibc.ee\/lv\/product\/3-4-bsp-viriesu-x-s60x6-sieviesu-balsts-un-plastmasas-slutenes-caurulu-riks-2-virzienu-savienotajs-2-virzienu-krana-darzs\/\"]}]},{\"@type\":\"ImageObject\",\"inLanguage\":\"lv-LV\",\"@id\":\"https:\/\/ibc.ee\/lv\/product\/3-4-bsp-viriesu-x-s60x6-sieviesu-balsts-un-plastmasas-slutenes-caurulu-riks-2-virzienu-savienotajs-2-virzienu-krana-darzs\/#primaryimage\",\"url\":\"https:\/\/ibc.ee\/wp-content\/uploads\/2018\/04\/x3EmIAR.png\",\"contentUrl\":\"https:\/\/ibc.ee\/wp-content\/uploads\/2018\/04\/x3EmIAR.png\",\"width\":770,\"height\":770,\"caption\":\"3\/4 \\\"BSP v\u012brie\u0161u x S60X6 sievie\u0161u balsts un plastmasas \u0161\u013c\u016btenes cauru\u013cu r\u012bks 2 virzienu savienot\u0101js 2 virzienu kr\u0101na d\u0101rzs\"},{\"@type\":\"BreadcrumbList\",\"@id\":\"https:\/\/ibc.ee\/lv\/product\/3-4-bsp-viriesu-x-s60x6-sieviesu-balsts-un-plastmasas-slutenes-caurulu-riks-2-virzienu-savienotajs-2-virzienu-krana-darzs\/#breadcrumb\",\"itemListElement\":[{\"@type\":\"ListItem\",\"position\":1,\"name\":\"\u0413\u043b\u0430\u0432\u043d\u0430\u044f \u0441\u0442\u0440\u0430\u043d\u0438\u0446\u0430\",\"item\":\"https:\/\/www.ibc.ee\/lv\/\"},{\"@type\":\"ListItem\",\"position\":2,\"name\":\"Veikals\",\"item\":\"https:\/\/www.ibc.ee\/lv\/shop\/\"},{\"@type\":\"ListItem\",\"position\":3,\"name\":\"3\/4 &#8220;BSP v\u012brie\u0161u x S60X6 sievie\u0161u balsts un plastmasas \u0161\u013c\u016btenes cauru\u013cu r\u012bks 2 virzienu savienot\u0101js 2 virzienu kr\u0101na d\u0101rzs\"}]},{\"@type\":\"WebSite\",\"@id\":\"https:\/\/www.ibc.ee\/lv\/#website\",\"url\":\"https:\/\/www.ibc.ee\/lv\/\",\"name\":\"IBC konteineri m&uuml;&uuml;k, vaadid, kraanid, mahutid\",\"description\":\"IBC - Tank container valve, Adapters\\\\fittings, Intermediate bulk, container, Drums\/cans\",\"potentialAction\":[{\"@type\":\"SearchAction\",\"target\":{\"@type\":\"EntryPoint\",\"urlTemplate\":\"https:\/\/www.ibc.ee\/lv\/?s={search_term_string}\"},\"query-input\":{\"@type\":\"PropertyValueSpecification\",\"valueRequired\":true,\"valueName\":\"search_term_string\"}}],\"inLanguage\":\"lv-LV\"}]}<\/script>\n<!-- \/ Yoast SEO plugin. -->","yoast_head_json":{"title":"3\/4 \"BSP v\u012brie\u0161u x S60X6 sievie\u0161u balsts un plastmasas \u0161\u013c\u016btenes cauru\u013cu r\u012bks 2 virzienu","description":"3\/4 \"BSP v\u012brie\u0161u x S60X6 sievie\u0161u balsts un plastmasas \u0161\u013c\u016btenes cauru\u013cu r\u012bks 2 virzienu savienot\u0101js 2 virzienu kr\u0101na d\u0101rzs","robots":{"index":"index","follow":"follow","max-snippet":"max-snippet:-1","max-image-preview":"max-image-preview:large","max-video-preview":"max-video-preview:-1"},"canonical":"https:\/\/ibc.ee\/lv\/product\/3-4-bsp-viriesu-x-s60x6-sieviesu-balsts-un-plastmasas-slutenes-caurulu-riks-2-virzienu-savienotajs-2-virzienu-krana-darzs\/","og_locale":"lv_LV","og_type":"article","og_title":"3\/4 \"BSP v\u012brie\u0161u x S60X6 sievie\u0161u balsts un plastmasas \u0161\u013c\u016btenes cauru\u013cu r\u012bks 2 virzienu","og_description":"3\/4 \"BSP v\u012brie\u0161u x S60X6 sievie\u0161u balsts un plastmasas \u0161\u013c\u016btenes cauru\u013cu r\u012bks 2 virzienu savienot\u0101js 2 virzienu kr\u0101na d\u0101rzs","og_url":"https:\/\/ibc.ee\/lv\/product\/3-4-bsp-viriesu-x-s60x6-sieviesu-balsts-un-plastmasas-slutenes-caurulu-riks-2-virzienu-savienotajs-2-virzienu-krana-darzs\/","og_site_name":"IBC konteineri m&uuml;&uuml;k, vaadid, kraanid, mahutid","article_modified_time":"2020-01-14T22:21:57+00:00","og_image":[{"width":770,"height":770,"url":"https:\/\/ibc.ee\/wp-content\/uploads\/2018\/04\/x3EmIAR.png","type":"image\/png"}],"twitter_card":"summary_large_image","schema":{"@context":"https:\/\/schema.org","@graph":[{"@type":"WebPage","@id":"https:\/\/ibc.ee\/lv\/product\/3-4-bsp-viriesu-x-s60x6-sieviesu-balsts-un-plastmasas-slutenes-caurulu-riks-2-virzienu-savienotajs-2-virzienu-krana-darzs\/","url":"https:\/\/ibc.ee\/lv\/product\/3-4-bsp-viriesu-x-s60x6-sieviesu-balsts-un-plastmasas-slutenes-caurulu-riks-2-virzienu-savienotajs-2-virzienu-krana-darzs\/","name":"3\/4 \"BSP v\u012brie\u0161u x S60X6 sievie\u0161u balsts un plastmasas \u0161\u013c\u016btenes cauru\u013cu r\u012bks 2 virzienu","isPartOf":{"@id":"https:\/\/www.ibc.ee\/lv\/#website"},"primaryImageOfPage":{"@id":"https:\/\/ibc.ee\/lv\/product\/3-4-bsp-viriesu-x-s60x6-sieviesu-balsts-un-plastmasas-slutenes-caurulu-riks-2-virzienu-savienotajs-2-virzienu-krana-darzs\/#primaryimage"},"image":{"@id":"https:\/\/ibc.ee\/lv\/product\/3-4-bsp-viriesu-x-s60x6-sieviesu-balsts-un-plastmasas-slutenes-caurulu-riks-2-virzienu-savienotajs-2-virzienu-krana-darzs\/#primaryimage"},"thumbnailUrl":"https:\/\/ibc.ee\/wp-content\/uploads\/2018\/04\/x3EmIAR.png","datePublished":"2019-04-25T07:35:37+00:00","dateModified":"2020-01-14T22:21:57+00:00","description":"3\/4 \"BSP v\u012brie\u0161u x S60X6 sievie\u0161u balsts un plastmasas \u0161\u013c\u016btenes cauru\u013cu r\u012bks 2 virzienu savienot\u0101js 2 virzienu kr\u0101na d\u0101rzs","breadcrumb":{"@id":"https:\/\/ibc.ee\/lv\/product\/3-4-bsp-viriesu-x-s60x6-sieviesu-balsts-un-plastmasas-slutenes-caurulu-riks-2-virzienu-savienotajs-2-virzienu-krana-darzs\/#breadcrumb"},"inLanguage":"lv-LV","potentialAction":[{"@type":"ReadAction","target":["https:\/\/ibc.ee\/lv\/product\/3-4-bsp-viriesu-x-s60x6-sieviesu-balsts-un-plastmasas-slutenes-caurulu-riks-2-virzienu-savienotajs-2-virzienu-krana-darzs\/"]}]},{"@type":"ImageObject","inLanguage":"lv-LV","@id":"https:\/\/ibc.ee\/lv\/product\/3-4-bsp-viriesu-x-s60x6-sieviesu-balsts-un-plastmasas-slutenes-caurulu-riks-2-virzienu-savienotajs-2-virzienu-krana-darzs\/#primaryimage","url":"https:\/\/ibc.ee\/wp-content\/uploads\/2018\/04\/x3EmIAR.png","contentUrl":"https:\/\/ibc.ee\/wp-content\/uploads\/2018\/04\/x3EmIAR.png","width":770,"height":770,"caption":"3\/4 \"BSP v\u012brie\u0161u x S60X6 sievie\u0161u balsts un plastmasas \u0161\u013c\u016btenes cauru\u013cu r\u012bks 2 virzienu savienot\u0101js 2 virzienu kr\u0101na d\u0101rzs"},{"@type":"BreadcrumbList","@id":"https:\/\/ibc.ee\/lv\/product\/3-4-bsp-viriesu-x-s60x6-sieviesu-balsts-un-plastmasas-slutenes-caurulu-riks-2-virzienu-savienotajs-2-virzienu-krana-darzs\/#breadcrumb","itemListElement":[{"@type":"ListItem","position":1,"name":"\u0413\u043b\u0430\u0432\u043d\u0430\u044f \u0441\u0442\u0440\u0430\u043d\u0438\u0446\u0430","item":"https:\/\/www.ibc.ee\/lv\/"},{"@type":"ListItem","position":2,"name":"Veikals","item":"https:\/\/www.ibc.ee\/lv\/shop\/"},{"@type":"ListItem","position":3,"name":"3\/4 &#8220;BSP v\u012brie\u0161u x S60X6 sievie\u0161u balsts un plastmasas \u0161\u013c\u016btenes cauru\u013cu r\u012bks 2 virzienu savienot\u0101js 2 virzienu kr\u0101na d\u0101rzs"}]},{"@type":"WebSite","@id":"https:\/\/www.ibc.ee\/lv\/#website","url":"https:\/\/www.ibc.ee\/lv\/","name":"IBC konteineri m&uuml;&uuml;k, vaadid, kraanid, mahutid","description":"IBC - Tank container valve, Adapters\\fittings, Intermediate bulk, container, Drums\/cans","potentialAction":[{"@type":"SearchAction","target":{"@type":"EntryPoint","urlTemplate":"https:\/\/www.ibc.ee\/lv\/?s={search_term_string}"},"query-input":{"@type":"PropertyValueSpecification","valueRequired":true,"valueName":"search_term_string"}}],"inLanguage":"lv-LV"}]}},"_links":{"self":[{"href":"https:\/\/ibc.ee\/lv\/wp-json\/wp\/v2\/product\/17467","targetHints":{"allow":["GET"]}}],"collection":[{"href":"https:\/\/ibc.ee\/lv\/wp-json\/wp\/v2\/product"}],"about":[{"href":"https:\/\/ibc.ee\/lv\/wp-json\/wp\/v2\/types\/product"}],"wp:featuredmedia":[{"embeddable":true,"href":"https:\/\/ibc.ee\/lv\/wp-json\/wp\/v2\/media\/17240"}],"wp:attachment":[{"href":"https:\/\/ibc.ee\/lv\/wp-json\/wp\/v2\/media?parent=17467"}],"wp:term":[{"taxonomy":"product_brand","embeddable":true,"href":"https:\/\/ibc.ee\/lv\/wp-json\/wp\/v2\/product_brand?post=17467"},{"taxonomy":"product_cat","embeddable":true,"href":"https:\/\/ibc.ee\/lv\/wp-json\/wp\/v2\/product_cat?post=17467"},{"taxonomy":"product_tag","embeddable":true,"href":"https:\/\/ibc.ee\/lv\/wp-json\/wp\/v2\/product_tag?post=17467"}],"curies":[{"name":"wp","href":"https:\/\/api.w.org\/{rel}","templated":true}]}}