{"id":17510,"date":"2019-04-29T16:25:14","date_gmt":"2019-04-29T14:25:14","guid":{"rendered":"https:\/\/ibc.ee\/product\/s60x6-female-1%e2%81%842-valve-mm\/"},"modified":"2020-01-11T18:41:42","modified_gmt":"2020-01-11T16:41:42","slug":"pareja-adapteris-prieks-udens-tvertnes-ar-vitni-s60xx6-lai-parietu-uz-arejo-vitno-ar-izmeru-0-5-collas","status":"publish","type":"product","link":"https:\/\/ibc.ee\/lv\/product\/pareja-adapteris-prieks-udens-tvertnes-ar-vitni-s60xx6-lai-parietu-uz-arejo-vitno-ar-izmeru-0-5-collas\/","title":{"rendered":"P\u0101reja (adapteris) priek\u0161 \u016bdens tvertnes ar v\u012btni S60xX6, lai p\u0101rietu uz \u0101r\u0113jo v\u012btno ar izm\u0113ru 0.5 collas"},"content":{"rendered":"<p>\u0160ai p\u0101r\u0113jai vien\u0101 pus\u0113 ir iek\u0161\u0113j\u0101 v\u012btne S60X6, otr\u0101 pus\u0113 1\/2 collas v\u0101rsts ar sl\u0113dzi. Var savienot ar 1000l vai 500l tvertni ar v\u012btni S60X6. V\u0101rsta iek\u0161\u0113j\u0101 v\u012btne 1\/2 collas<\/p>\n","protected":false},"excerpt":{"rendered":"<p>\u0160ai p\u0101r\u0113jai vien\u0101 pus\u0113 ir iek\u0161\u0113j\u0101 v\u012btne S60X6, otr\u0101 pus\u0113 1\/2 collas v\u0101rsts ar sl\u0113dzi. Var savienot ar 1000l vai 500l tvertni ar v\u012btni S60X6. V\u0101rsta iek\u0161\u0113j\u0101 v\u012btne 1\/2 collas<\/p>\n","protected":false},"featured_media":17505,"template":"","meta":[],"product_brand":[],"product_cat":[323,321],"product_tag":[],"class_list":{"0":"post-17510","1":"product","2":"type-product","3":"status-publish","4":"has-post-thumbnail","6":"product_cat-adapteri-un-veidgabali-ibc-konteiners","7":"product_cat-tvertnes-konteineru-varstu-ibc-konteiners","8":"product_shipping_class-omniva-lv","10":"first","11":"instock","12":"taxable","13":"shipping-taxable","14":"purchasable","15":"product-type-simple"},"yoast_head":"<!-- This site is optimized with the Yoast SEO plugin v26.9 - https:\/\/yoast.com\/product\/yoast-seo-wordpress\/ -->\n<title>P\u0101reja (adapteris) priek\u0161 \u016bdens tvertnes ar v\u012btni S60xX6, lai p\u0101rietu uz \u0101r\u0113jo v\u012btno ar izm\u0113ru 0.5 collas - IBC konteineri m&uuml;&uuml;k, vaadid, kraanid, mahutid<\/title>\n<meta name=\"description\" content=\"P\u0101reja (adapteris) priek\u0161 \u016bdens tvertnes ar v\u012btni S60xX6, lai p\u0101rietu uz \u0101r\u0113jo v\u012btno ar izm\u0113ru 0.5 collas. Var savienot ar 1000l vai 500l tvertni ar v\u012btni S60X6. V\u0101rsta iek\u0161\u0113j\u0101 v\u012btne 1\/2 collas\" \/>\n<meta name=\"robots\" content=\"index, follow, max-snippet:-1, max-image-preview:large, max-video-preview:-1\" \/>\n<link rel=\"canonical\" href=\"https:\/\/ibc.ee\/lv\/product\/pareja-adapteris-prieks-udens-tvertnes-ar-vitni-s60xx6-lai-parietu-uz-arejo-vitno-ar-izmeru-0-5-collas\/\" \/>\n<meta property=\"og:locale\" content=\"lv_LV\" \/>\n<meta property=\"og:type\" content=\"article\" \/>\n<meta property=\"og:title\" content=\"P\u0101reja (adapteris) priek\u0161 \u016bdens tvertnes ar v\u012btni S60xX6, lai p\u0101rietu uz \u0101r\u0113jo v\u012btno ar izm\u0113ru 0.5 collas - IBC konteineri m&uuml;&uuml;k, vaadid, kraanid, mahutid\" \/>\n<meta property=\"og:description\" content=\"P\u0101reja (adapteris) priek\u0161 \u016bdens tvertnes ar v\u012btni S60xX6, lai p\u0101rietu uz \u0101r\u0113jo v\u012btno ar izm\u0113ru 0.5 collas. Var savienot ar 1000l vai 500l tvertni ar v\u012btni S60X6. V\u0101rsta iek\u0161\u0113j\u0101 v\u012btne 1\/2 collas\" \/>\n<meta property=\"og:url\" content=\"https:\/\/ibc.ee\/lv\/product\/pareja-adapteris-prieks-udens-tvertnes-ar-vitni-s60xx6-lai-parietu-uz-arejo-vitno-ar-izmeru-0-5-collas\/\" \/>\n<meta property=\"og:site_name\" content=\"IBC konteineri m&uuml;&uuml;k, vaadid, kraanid, mahutid\" \/>\n<meta property=\"article:modified_time\" content=\"2020-01-11T16:41:42+00:00\" \/>\n<meta property=\"og:image\" content=\"https:\/\/www.ibc.ee\/wp-content\/uploads\/2019\/04\/P10197962.jpg\" \/>\n\t<meta property=\"og:image:width\" content=\"1000\" \/>\n\t<meta property=\"og:image:height\" content=\"750\" \/>\n\t<meta property=\"og:image:type\" content=\"image\/jpeg\" \/>\n<meta name=\"twitter:card\" content=\"summary_large_image\" \/>\n<script type=\"application\/ld+json\" class=\"yoast-schema-graph\">{\"@context\":\"https:\/\/schema.org\",\"@graph\":[{\"@type\":\"WebPage\",\"@id\":\"https:\/\/ibc.ee\/lv\/product\/pareja-adapteris-prieks-udens-tvertnes-ar-vitni-s60xx6-lai-parietu-uz-arejo-vitno-ar-izmeru-0-5-collas\/\",\"url\":\"https:\/\/ibc.ee\/lv\/product\/pareja-adapteris-prieks-udens-tvertnes-ar-vitni-s60xx6-lai-parietu-uz-arejo-vitno-ar-izmeru-0-5-collas\/\",\"name\":\"P\u0101reja (adapteris) priek\u0161 \u016bdens tvertnes ar v\u012btni S60xX6, lai p\u0101rietu uz \u0101r\u0113jo v\u012btno ar izm\u0113ru 0.5 collas - IBC konteineri m&uuml;&uuml;k, vaadid, kraanid, mahutid\",\"isPartOf\":{\"@id\":\"https:\/\/www.ibc.ee\/lv\/#website\"},\"primaryImageOfPage\":{\"@id\":\"https:\/\/ibc.ee\/lv\/product\/pareja-adapteris-prieks-udens-tvertnes-ar-vitni-s60xx6-lai-parietu-uz-arejo-vitno-ar-izmeru-0-5-collas\/#primaryimage\"},\"image\":{\"@id\":\"https:\/\/ibc.ee\/lv\/product\/pareja-adapteris-prieks-udens-tvertnes-ar-vitni-s60xx6-lai-parietu-uz-arejo-vitno-ar-izmeru-0-5-collas\/#primaryimage\"},\"thumbnailUrl\":\"https:\/\/ibc.ee\/wp-content\/uploads\/2019\/04\/P10197962.jpg\",\"datePublished\":\"2019-04-29T14:25:14+00:00\",\"dateModified\":\"2020-01-11T16:41:42+00:00\",\"description\":\"P\u0101reja (adapteris) priek\u0161 \u016bdens tvertnes ar v\u012btni S60xX6, lai p\u0101rietu uz \u0101r\u0113jo v\u012btno ar izm\u0113ru 0.5 collas. Var savienot ar 1000l vai 500l tvertni ar v\u012btni S60X6. V\u0101rsta iek\u0161\u0113j\u0101 v\u012btne 1\/2 collas\",\"breadcrumb\":{\"@id\":\"https:\/\/ibc.ee\/lv\/product\/pareja-adapteris-prieks-udens-tvertnes-ar-vitni-s60xx6-lai-parietu-uz-arejo-vitno-ar-izmeru-0-5-collas\/#breadcrumb\"},\"inLanguage\":\"lv-LV\",\"potentialAction\":[{\"@type\":\"ReadAction\",\"target\":[\"https:\/\/ibc.ee\/lv\/product\/pareja-adapteris-prieks-udens-tvertnes-ar-vitni-s60xx6-lai-parietu-uz-arejo-vitno-ar-izmeru-0-5-collas\/\"]}]},{\"@type\":\"ImageObject\",\"inLanguage\":\"lv-LV\",\"@id\":\"https:\/\/ibc.ee\/lv\/product\/pareja-adapteris-prieks-udens-tvertnes-ar-vitni-s60xx6-lai-parietu-uz-arejo-vitno-ar-izmeru-0-5-collas\/#primaryimage\",\"url\":\"https:\/\/ibc.ee\/wp-content\/uploads\/2019\/04\/P10197962.jpg\",\"contentUrl\":\"https:\/\/ibc.ee\/wp-content\/uploads\/2019\/04\/P10197962.jpg\",\"width\":1000,\"height\":750,\"caption\":\"P\u0101reja (adapteris) priek\u0161 \u016bdens tvertnes ar v\u012btni S60xX6, lai p\u0101rietu uz \u0101r\u0113jo v\u012btno ar izm\u0113ru 0.5 collas\"},{\"@type\":\"BreadcrumbList\",\"@id\":\"https:\/\/ibc.ee\/lv\/product\/pareja-adapteris-prieks-udens-tvertnes-ar-vitni-s60xx6-lai-parietu-uz-arejo-vitno-ar-izmeru-0-5-collas\/#breadcrumb\",\"itemListElement\":[{\"@type\":\"ListItem\",\"position\":1,\"name\":\"\u0413\u043b\u0430\u0432\u043d\u0430\u044f \u0441\u0442\u0440\u0430\u043d\u0438\u0446\u0430\",\"item\":\"https:\/\/www.ibc.ee\/lv\/\"},{\"@type\":\"ListItem\",\"position\":2,\"name\":\"Veikals\",\"item\":\"https:\/\/www.ibc.ee\/lv\/shop\/\"},{\"@type\":\"ListItem\",\"position\":3,\"name\":\"P\u0101reja (adapteris) priek\u0161 \u016bdens tvertnes ar v\u012btni S60xX6, lai p\u0101rietu uz \u0101r\u0113jo v\u012btno ar izm\u0113ru 0.5 collas\"}]},{\"@type\":\"WebSite\",\"@id\":\"https:\/\/www.ibc.ee\/lv\/#website\",\"url\":\"https:\/\/www.ibc.ee\/lv\/\",\"name\":\"IBC konteineri m&uuml;&uuml;k, vaadid, kraanid, mahutid\",\"description\":\"IBC - Tank container valve, Adapters\\\\fittings, Intermediate bulk, container, Drums\/cans\",\"potentialAction\":[{\"@type\":\"SearchAction\",\"target\":{\"@type\":\"EntryPoint\",\"urlTemplate\":\"https:\/\/www.ibc.ee\/lv\/?s={search_term_string}\"},\"query-input\":{\"@type\":\"PropertyValueSpecification\",\"valueRequired\":true,\"valueName\":\"search_term_string\"}}],\"inLanguage\":\"lv-LV\"}]}<\/script>\n<!-- \/ Yoast SEO plugin. -->","yoast_head_json":{"title":"P\u0101reja (adapteris) priek\u0161 \u016bdens tvertnes ar v\u012btni S60xX6, lai p\u0101rietu uz \u0101r\u0113jo v\u012btno ar izm\u0113ru 0.5 collas - IBC konteineri m&uuml;&uuml;k, vaadid, kraanid, mahutid","description":"P\u0101reja (adapteris) priek\u0161 \u016bdens tvertnes ar v\u012btni S60xX6, lai p\u0101rietu uz \u0101r\u0113jo v\u012btno ar izm\u0113ru 0.5 collas. Var savienot ar 1000l vai 500l tvertni ar v\u012btni S60X6. V\u0101rsta iek\u0161\u0113j\u0101 v\u012btne 1\/2 collas","robots":{"index":"index","follow":"follow","max-snippet":"max-snippet:-1","max-image-preview":"max-image-preview:large","max-video-preview":"max-video-preview:-1"},"canonical":"https:\/\/ibc.ee\/lv\/product\/pareja-adapteris-prieks-udens-tvertnes-ar-vitni-s60xx6-lai-parietu-uz-arejo-vitno-ar-izmeru-0-5-collas\/","og_locale":"lv_LV","og_type":"article","og_title":"P\u0101reja (adapteris) priek\u0161 \u016bdens tvertnes ar v\u012btni S60xX6, lai p\u0101rietu uz \u0101r\u0113jo v\u012btno ar izm\u0113ru 0.5 collas - IBC konteineri m&uuml;&uuml;k, vaadid, kraanid, mahutid","og_description":"P\u0101reja (adapteris) priek\u0161 \u016bdens tvertnes ar v\u012btni S60xX6, lai p\u0101rietu uz \u0101r\u0113jo v\u012btno ar izm\u0113ru 0.5 collas. Var savienot ar 1000l vai 500l tvertni ar v\u012btni S60X6. V\u0101rsta iek\u0161\u0113j\u0101 v\u012btne 1\/2 collas","og_url":"https:\/\/ibc.ee\/lv\/product\/pareja-adapteris-prieks-udens-tvertnes-ar-vitni-s60xx6-lai-parietu-uz-arejo-vitno-ar-izmeru-0-5-collas\/","og_site_name":"IBC konteineri m&uuml;&uuml;k, vaadid, kraanid, mahutid","article_modified_time":"2020-01-11T16:41:42+00:00","og_image":[{"width":1000,"height":750,"url":"https:\/\/www.ibc.ee\/wp-content\/uploads\/2019\/04\/P10197962.jpg","type":"image\/jpeg"}],"twitter_card":"summary_large_image","schema":{"@context":"https:\/\/schema.org","@graph":[{"@type":"WebPage","@id":"https:\/\/ibc.ee\/lv\/product\/pareja-adapteris-prieks-udens-tvertnes-ar-vitni-s60xx6-lai-parietu-uz-arejo-vitno-ar-izmeru-0-5-collas\/","url":"https:\/\/ibc.ee\/lv\/product\/pareja-adapteris-prieks-udens-tvertnes-ar-vitni-s60xx6-lai-parietu-uz-arejo-vitno-ar-izmeru-0-5-collas\/","name":"P\u0101reja (adapteris) priek\u0161 \u016bdens tvertnes ar v\u012btni S60xX6, lai p\u0101rietu uz \u0101r\u0113jo v\u012btno ar izm\u0113ru 0.5 collas - IBC konteineri m&uuml;&uuml;k, vaadid, kraanid, mahutid","isPartOf":{"@id":"https:\/\/www.ibc.ee\/lv\/#website"},"primaryImageOfPage":{"@id":"https:\/\/ibc.ee\/lv\/product\/pareja-adapteris-prieks-udens-tvertnes-ar-vitni-s60xx6-lai-parietu-uz-arejo-vitno-ar-izmeru-0-5-collas\/#primaryimage"},"image":{"@id":"https:\/\/ibc.ee\/lv\/product\/pareja-adapteris-prieks-udens-tvertnes-ar-vitni-s60xx6-lai-parietu-uz-arejo-vitno-ar-izmeru-0-5-collas\/#primaryimage"},"thumbnailUrl":"https:\/\/ibc.ee\/wp-content\/uploads\/2019\/04\/P10197962.jpg","datePublished":"2019-04-29T14:25:14+00:00","dateModified":"2020-01-11T16:41:42+00:00","description":"P\u0101reja (adapteris) priek\u0161 \u016bdens tvertnes ar v\u012btni S60xX6, lai p\u0101rietu uz \u0101r\u0113jo v\u012btno ar izm\u0113ru 0.5 collas. Var savienot ar 1000l vai 500l tvertni ar v\u012btni S60X6. V\u0101rsta iek\u0161\u0113j\u0101 v\u012btne 1\/2 collas","breadcrumb":{"@id":"https:\/\/ibc.ee\/lv\/product\/pareja-adapteris-prieks-udens-tvertnes-ar-vitni-s60xx6-lai-parietu-uz-arejo-vitno-ar-izmeru-0-5-collas\/#breadcrumb"},"inLanguage":"lv-LV","potentialAction":[{"@type":"ReadAction","target":["https:\/\/ibc.ee\/lv\/product\/pareja-adapteris-prieks-udens-tvertnes-ar-vitni-s60xx6-lai-parietu-uz-arejo-vitno-ar-izmeru-0-5-collas\/"]}]},{"@type":"ImageObject","inLanguage":"lv-LV","@id":"https:\/\/ibc.ee\/lv\/product\/pareja-adapteris-prieks-udens-tvertnes-ar-vitni-s60xx6-lai-parietu-uz-arejo-vitno-ar-izmeru-0-5-collas\/#primaryimage","url":"https:\/\/ibc.ee\/wp-content\/uploads\/2019\/04\/P10197962.jpg","contentUrl":"https:\/\/ibc.ee\/wp-content\/uploads\/2019\/04\/P10197962.jpg","width":1000,"height":750,"caption":"P\u0101reja (adapteris) priek\u0161 \u016bdens tvertnes ar v\u012btni S60xX6, lai p\u0101rietu uz \u0101r\u0113jo v\u012btno ar izm\u0113ru 0.5 collas"},{"@type":"BreadcrumbList","@id":"https:\/\/ibc.ee\/lv\/product\/pareja-adapteris-prieks-udens-tvertnes-ar-vitni-s60xx6-lai-parietu-uz-arejo-vitno-ar-izmeru-0-5-collas\/#breadcrumb","itemListElement":[{"@type":"ListItem","position":1,"name":"\u0413\u043b\u0430\u0432\u043d\u0430\u044f \u0441\u0442\u0440\u0430\u043d\u0438\u0446\u0430","item":"https:\/\/www.ibc.ee\/lv\/"},{"@type":"ListItem","position":2,"name":"Veikals","item":"https:\/\/www.ibc.ee\/lv\/shop\/"},{"@type":"ListItem","position":3,"name":"P\u0101reja (adapteris) priek\u0161 \u016bdens tvertnes ar v\u012btni S60xX6, lai p\u0101rietu uz \u0101r\u0113jo v\u012btno ar izm\u0113ru 0.5 collas"}]},{"@type":"WebSite","@id":"https:\/\/www.ibc.ee\/lv\/#website","url":"https:\/\/www.ibc.ee\/lv\/","name":"IBC konteineri m&uuml;&uuml;k, vaadid, kraanid, mahutid","description":"IBC - Tank container valve, Adapters\\fittings, Intermediate bulk, container, Drums\/cans","potentialAction":[{"@type":"SearchAction","target":{"@type":"EntryPoint","urlTemplate":"https:\/\/www.ibc.ee\/lv\/?s={search_term_string}"},"query-input":{"@type":"PropertyValueSpecification","valueRequired":true,"valueName":"search_term_string"}}],"inLanguage":"lv-LV"}]}},"_links":{"self":[{"href":"https:\/\/ibc.ee\/lv\/wp-json\/wp\/v2\/product\/17510","targetHints":{"allow":["GET"]}}],"collection":[{"href":"https:\/\/ibc.ee\/lv\/wp-json\/wp\/v2\/product"}],"about":[{"href":"https:\/\/ibc.ee\/lv\/wp-json\/wp\/v2\/types\/product"}],"wp:featuredmedia":[{"embeddable":true,"href":"https:\/\/ibc.ee\/lv\/wp-json\/wp\/v2\/media\/17505"}],"wp:attachment":[{"href":"https:\/\/ibc.ee\/lv\/wp-json\/wp\/v2\/media?parent=17510"}],"wp:term":[{"taxonomy":"product_brand","embeddable":true,"href":"https:\/\/ibc.ee\/lv\/wp-json\/wp\/v2\/product_brand?post=17510"},{"taxonomy":"product_cat","embeddable":true,"href":"https:\/\/ibc.ee\/lv\/wp-json\/wp\/v2\/product_cat?post=17510"},{"taxonomy":"product_tag","embeddable":true,"href":"https:\/\/ibc.ee\/lv\/wp-json\/wp\/v2\/product_tag?post=17510"}],"curies":[{"name":"wp","href":"https:\/\/api.w.org\/{rel}","templated":true}]}}