{"id":17517,"date":"2019-04-29T17:34:21","date_gmt":"2019-04-29T15:34:21","guid":{"rendered":"https:\/\/ibc.ee\/product\/adapter-s60x6-female-2-valve-mf-dn50-pn40-nikkel-thread-bsp-npt-2-male\/"},"modified":"2020-01-11T18:22:06","modified_gmt":"2020-01-11T16:22:06","slug":"adapteris-s60x6-ieksejais-2-varsts-mf-dn50-pn40-nikkel-thread-bsp-npt-2-ieliktnis","status":"publish","type":"product","link":"https:\/\/ibc.ee\/lv\/product\/adapteris-s60x6-ieksejais-2-varsts-mf-dn50-pn40-nikkel-thread-bsp-npt-2-ieliktnis\/","title":{"rendered":"Adapteris S60X6, iek\u0161\u0113jais 2&#8243; v\u0101rsts MF DN50 PN40 Nikkel Thread BSP \/ NPT 2&#8243;, ieliktnis"},"content":{"rendered":"<p>Adapteris S60X6, iek\u0161\u0113jais 2&#8243; v\u0101rsts MF DN50 PN40 Nikkel Thread BSP \/ NPT 2&#8243;, ieliktnis<\/p>\n","protected":false},"excerpt":{"rendered":"<p>Adapteris S60X6, iek\u0161\u0113jais 2&#8243; v\u0101rsts MF DN50 PN40 Nikkel Thread BSP \/ NPT 2&#8243;, ieliktnis<\/p>\n","protected":false},"featured_media":17523,"template":"","meta":[],"product_brand":[],"product_cat":[323,321],"product_tag":[],"class_list":{"0":"post-17517","1":"product","2":"type-product","3":"status-publish","4":"has-post-thumbnail","6":"product_cat-adapteri-un-veidgabali-ibc-konteiners","7":"product_cat-tvertnes-konteineru-varstu-ibc-konteiners","8":"product_shipping_class-omniva-lv","10":"first","11":"onbackorder","12":"taxable","13":"shipping-taxable","14":"purchasable","15":"product-type-simple"},"yoast_head":"<!-- This site is optimized with the Yoast SEO plugin v26.9 - https:\/\/yoast.com\/product\/yoast-seo-wordpress\/ -->\n<title>Adapteris S60X6, iek\u0161\u0113jais 2&quot; v\u0101rsts MF DN50 PN40 Nikkel Thread BSP \/ NPT 2&quot;, ieliktnis<\/title>\n<meta name=\"description\" content=\"Adapteris S60X6, iek\u0161\u0113jais 2&quot; v\u0101rsts MF DN50 PN40 Nikkel Thread BSP \/ NPT 2&quot;, ieliktnis\" \/>\n<meta name=\"robots\" content=\"index, follow, max-snippet:-1, max-image-preview:large, max-video-preview:-1\" \/>\n<link rel=\"canonical\" href=\"https:\/\/ibc.ee\/lv\/product\/adapteris-s60x6-ieksejais-2-varsts-mf-dn50-pn40-nikkel-thread-bsp-npt-2-ieliktnis\/\" \/>\n<meta property=\"og:locale\" content=\"lv_LV\" \/>\n<meta property=\"og:type\" content=\"article\" \/>\n<meta property=\"og:title\" content=\"Adapteris S60X6, iek\u0161\u0113jais 2&quot; v\u0101rsts MF DN50 PN40 Nikkel Thread BSP \/ NPT 2&quot;, ieliktnis\" \/>\n<meta property=\"og:description\" content=\"Adapteris S60X6, iek\u0161\u0113jais 2&quot; v\u0101rsts MF DN50 PN40 Nikkel Thread BSP \/ NPT 2&quot;, ieliktnis\" \/>\n<meta property=\"og:url\" content=\"https:\/\/ibc.ee\/lv\/product\/adapteris-s60x6-ieksejais-2-varsts-mf-dn50-pn40-nikkel-thread-bsp-npt-2-ieliktnis\/\" \/>\n<meta property=\"og:site_name\" content=\"IBC konteineri m&uuml;&uuml;k, vaadid, kraanid, mahutid\" \/>\n<meta property=\"article:modified_time\" content=\"2020-01-11T16:22:06+00:00\" \/>\n<meta property=\"og:image\" content=\"https:\/\/ibc.ee\/wp-content\/uploads\/2019\/04\/P1019801.jpg\" \/>\n\t<meta property=\"og:image:width\" content=\"1000\" \/>\n\t<meta property=\"og:image:height\" content=\"750\" \/>\n\t<meta property=\"og:image:type\" content=\"image\/jpeg\" \/>\n<meta name=\"twitter:card\" content=\"summary_large_image\" \/>\n<script type=\"application\/ld+json\" class=\"yoast-schema-graph\">{\"@context\":\"https:\/\/schema.org\",\"@graph\":[{\"@type\":\"WebPage\",\"@id\":\"https:\/\/ibc.ee\/lv\/product\/adapteris-s60x6-ieksejais-2-varsts-mf-dn50-pn40-nikkel-thread-bsp-npt-2-ieliktnis\/\",\"url\":\"https:\/\/ibc.ee\/lv\/product\/adapteris-s60x6-ieksejais-2-varsts-mf-dn50-pn40-nikkel-thread-bsp-npt-2-ieliktnis\/\",\"name\":\"Adapteris S60X6, iek\u0161\u0113jais 2\\\" v\u0101rsts MF DN50 PN40 Nikkel Thread BSP \/ NPT 2\\\", ieliktnis\",\"isPartOf\":{\"@id\":\"https:\/\/ibc.ee\/lv\/#website\"},\"primaryImageOfPage\":{\"@id\":\"https:\/\/ibc.ee\/lv\/product\/adapteris-s60x6-ieksejais-2-varsts-mf-dn50-pn40-nikkel-thread-bsp-npt-2-ieliktnis\/#primaryimage\"},\"image\":{\"@id\":\"https:\/\/ibc.ee\/lv\/product\/adapteris-s60x6-ieksejais-2-varsts-mf-dn50-pn40-nikkel-thread-bsp-npt-2-ieliktnis\/#primaryimage\"},\"thumbnailUrl\":\"https:\/\/ibc.ee\/wp-content\/uploads\/2019\/04\/P1019801.jpg\",\"datePublished\":\"2019-04-29T15:34:21+00:00\",\"dateModified\":\"2020-01-11T16:22:06+00:00\",\"description\":\"Adapteris S60X6, iek\u0161\u0113jais 2\\\" v\u0101rsts MF DN50 PN40 Nikkel Thread BSP \/ NPT 2\\\", ieliktnis\",\"breadcrumb\":{\"@id\":\"https:\/\/ibc.ee\/lv\/product\/adapteris-s60x6-ieksejais-2-varsts-mf-dn50-pn40-nikkel-thread-bsp-npt-2-ieliktnis\/#breadcrumb\"},\"inLanguage\":\"lv-LV\",\"potentialAction\":[{\"@type\":\"ReadAction\",\"target\":[\"https:\/\/ibc.ee\/lv\/product\/adapteris-s60x6-ieksejais-2-varsts-mf-dn50-pn40-nikkel-thread-bsp-npt-2-ieliktnis\/\"]}]},{\"@type\":\"ImageObject\",\"inLanguage\":\"lv-LV\",\"@id\":\"https:\/\/ibc.ee\/lv\/product\/adapteris-s60x6-ieksejais-2-varsts-mf-dn50-pn40-nikkel-thread-bsp-npt-2-ieliktnis\/#primaryimage\",\"url\":\"https:\/\/ibc.ee\/wp-content\/uploads\/2019\/04\/P1019801.jpg\",\"contentUrl\":\"https:\/\/ibc.ee\/wp-content\/uploads\/2019\/04\/P1019801.jpg\",\"width\":1000,\"height\":750,\"caption\":\"Adapteris S60X6, iek\u0161\u0113jais 2\\\" v\u0101rsts MF DN50 PN40 Nikkel Thread BSP \/ NPT 2\\\", ieliktnis\"},{\"@type\":\"BreadcrumbList\",\"@id\":\"https:\/\/ibc.ee\/lv\/product\/adapteris-s60x6-ieksejais-2-varsts-mf-dn50-pn40-nikkel-thread-bsp-npt-2-ieliktnis\/#breadcrumb\",\"itemListElement\":[{\"@type\":\"ListItem\",\"position\":1,\"name\":\"\u0413\u043b\u0430\u0432\u043d\u0430\u044f \u0441\u0442\u0440\u0430\u043d\u0438\u0446\u0430\",\"item\":\"https:\/\/ibc.ee\/lv\/\"},{\"@type\":\"ListItem\",\"position\":2,\"name\":\"Veikals\",\"item\":\"https:\/\/ibc.ee\/lv\/shop\/\"},{\"@type\":\"ListItem\",\"position\":3,\"name\":\"Adapteris S60X6, iek\u0161\u0113jais 2&#8243; v\u0101rsts MF DN50 PN40 Nikkel Thread BSP \/ NPT 2&#8243;, ieliktnis\"}]},{\"@type\":\"WebSite\",\"@id\":\"https:\/\/ibc.ee\/lv\/#website\",\"url\":\"https:\/\/ibc.ee\/lv\/\",\"name\":\"IBC konteineri m&uuml;&uuml;k, vaadid, kraanid, mahutid\",\"description\":\"IBC - Tank container valve, Adapters\\\\fittings, Intermediate bulk, container, Drums\/cans\",\"potentialAction\":[{\"@type\":\"SearchAction\",\"target\":{\"@type\":\"EntryPoint\",\"urlTemplate\":\"https:\/\/ibc.ee\/lv\/?s={search_term_string}\"},\"query-input\":{\"@type\":\"PropertyValueSpecification\",\"valueRequired\":true,\"valueName\":\"search_term_string\"}}],\"inLanguage\":\"lv-LV\"}]}<\/script>\n<!-- \/ Yoast SEO plugin. -->","yoast_head_json":{"title":"Adapteris S60X6, iek\u0161\u0113jais 2\" v\u0101rsts MF DN50 PN40 Nikkel Thread BSP \/ NPT 2\", ieliktnis","description":"Adapteris S60X6, iek\u0161\u0113jais 2\" v\u0101rsts MF DN50 PN40 Nikkel Thread BSP \/ NPT 2\", ieliktnis","robots":{"index":"index","follow":"follow","max-snippet":"max-snippet:-1","max-image-preview":"max-image-preview:large","max-video-preview":"max-video-preview:-1"},"canonical":"https:\/\/ibc.ee\/lv\/product\/adapteris-s60x6-ieksejais-2-varsts-mf-dn50-pn40-nikkel-thread-bsp-npt-2-ieliktnis\/","og_locale":"lv_LV","og_type":"article","og_title":"Adapteris S60X6, iek\u0161\u0113jais 2\" v\u0101rsts MF DN50 PN40 Nikkel Thread BSP \/ NPT 2\", ieliktnis","og_description":"Adapteris S60X6, iek\u0161\u0113jais 2\" v\u0101rsts MF DN50 PN40 Nikkel Thread BSP \/ NPT 2\", ieliktnis","og_url":"https:\/\/ibc.ee\/lv\/product\/adapteris-s60x6-ieksejais-2-varsts-mf-dn50-pn40-nikkel-thread-bsp-npt-2-ieliktnis\/","og_site_name":"IBC konteineri m&uuml;&uuml;k, vaadid, kraanid, mahutid","article_modified_time":"2020-01-11T16:22:06+00:00","og_image":[{"width":1000,"height":750,"url":"https:\/\/ibc.ee\/wp-content\/uploads\/2019\/04\/P1019801.jpg","type":"image\/jpeg"}],"twitter_card":"summary_large_image","schema":{"@context":"https:\/\/schema.org","@graph":[{"@type":"WebPage","@id":"https:\/\/ibc.ee\/lv\/product\/adapteris-s60x6-ieksejais-2-varsts-mf-dn50-pn40-nikkel-thread-bsp-npt-2-ieliktnis\/","url":"https:\/\/ibc.ee\/lv\/product\/adapteris-s60x6-ieksejais-2-varsts-mf-dn50-pn40-nikkel-thread-bsp-npt-2-ieliktnis\/","name":"Adapteris S60X6, iek\u0161\u0113jais 2\" v\u0101rsts MF DN50 PN40 Nikkel Thread BSP \/ NPT 2\", ieliktnis","isPartOf":{"@id":"https:\/\/ibc.ee\/lv\/#website"},"primaryImageOfPage":{"@id":"https:\/\/ibc.ee\/lv\/product\/adapteris-s60x6-ieksejais-2-varsts-mf-dn50-pn40-nikkel-thread-bsp-npt-2-ieliktnis\/#primaryimage"},"image":{"@id":"https:\/\/ibc.ee\/lv\/product\/adapteris-s60x6-ieksejais-2-varsts-mf-dn50-pn40-nikkel-thread-bsp-npt-2-ieliktnis\/#primaryimage"},"thumbnailUrl":"https:\/\/ibc.ee\/wp-content\/uploads\/2019\/04\/P1019801.jpg","datePublished":"2019-04-29T15:34:21+00:00","dateModified":"2020-01-11T16:22:06+00:00","description":"Adapteris S60X6, iek\u0161\u0113jais 2\" v\u0101rsts MF DN50 PN40 Nikkel Thread BSP \/ NPT 2\", ieliktnis","breadcrumb":{"@id":"https:\/\/ibc.ee\/lv\/product\/adapteris-s60x6-ieksejais-2-varsts-mf-dn50-pn40-nikkel-thread-bsp-npt-2-ieliktnis\/#breadcrumb"},"inLanguage":"lv-LV","potentialAction":[{"@type":"ReadAction","target":["https:\/\/ibc.ee\/lv\/product\/adapteris-s60x6-ieksejais-2-varsts-mf-dn50-pn40-nikkel-thread-bsp-npt-2-ieliktnis\/"]}]},{"@type":"ImageObject","inLanguage":"lv-LV","@id":"https:\/\/ibc.ee\/lv\/product\/adapteris-s60x6-ieksejais-2-varsts-mf-dn50-pn40-nikkel-thread-bsp-npt-2-ieliktnis\/#primaryimage","url":"https:\/\/ibc.ee\/wp-content\/uploads\/2019\/04\/P1019801.jpg","contentUrl":"https:\/\/ibc.ee\/wp-content\/uploads\/2019\/04\/P1019801.jpg","width":1000,"height":750,"caption":"Adapteris S60X6, iek\u0161\u0113jais 2\" v\u0101rsts MF DN50 PN40 Nikkel Thread BSP \/ NPT 2\", ieliktnis"},{"@type":"BreadcrumbList","@id":"https:\/\/ibc.ee\/lv\/product\/adapteris-s60x6-ieksejais-2-varsts-mf-dn50-pn40-nikkel-thread-bsp-npt-2-ieliktnis\/#breadcrumb","itemListElement":[{"@type":"ListItem","position":1,"name":"\u0413\u043b\u0430\u0432\u043d\u0430\u044f \u0441\u0442\u0440\u0430\u043d\u0438\u0446\u0430","item":"https:\/\/ibc.ee\/lv\/"},{"@type":"ListItem","position":2,"name":"Veikals","item":"https:\/\/ibc.ee\/lv\/shop\/"},{"@type":"ListItem","position":3,"name":"Adapteris S60X6, iek\u0161\u0113jais 2&#8243; v\u0101rsts MF DN50 PN40 Nikkel Thread BSP \/ NPT 2&#8243;, ieliktnis"}]},{"@type":"WebSite","@id":"https:\/\/ibc.ee\/lv\/#website","url":"https:\/\/ibc.ee\/lv\/","name":"IBC konteineri m&uuml;&uuml;k, vaadid, kraanid, mahutid","description":"IBC - Tank container valve, Adapters\\fittings, Intermediate bulk, container, Drums\/cans","potentialAction":[{"@type":"SearchAction","target":{"@type":"EntryPoint","urlTemplate":"https:\/\/ibc.ee\/lv\/?s={search_term_string}"},"query-input":{"@type":"PropertyValueSpecification","valueRequired":true,"valueName":"search_term_string"}}],"inLanguage":"lv-LV"}]}},"_links":{"self":[{"href":"https:\/\/ibc.ee\/lv\/wp-json\/wp\/v2\/product\/17517","targetHints":{"allow":["GET"]}}],"collection":[{"href":"https:\/\/ibc.ee\/lv\/wp-json\/wp\/v2\/product"}],"about":[{"href":"https:\/\/ibc.ee\/lv\/wp-json\/wp\/v2\/types\/product"}],"wp:featuredmedia":[{"embeddable":true,"href":"https:\/\/ibc.ee\/lv\/wp-json\/wp\/v2\/media\/17523"}],"wp:attachment":[{"href":"https:\/\/ibc.ee\/lv\/wp-json\/wp\/v2\/media?parent=17517"}],"wp:term":[{"taxonomy":"product_brand","embeddable":true,"href":"https:\/\/ibc.ee\/lv\/wp-json\/wp\/v2\/product_brand?post=17517"},{"taxonomy":"product_cat","embeddable":true,"href":"https:\/\/ibc.ee\/lv\/wp-json\/wp\/v2\/product_cat?post=17517"},{"taxonomy":"product_tag","embeddable":true,"href":"https:\/\/ibc.ee\/lv\/wp-json\/wp\/v2\/product_tag?post=17517"}],"curies":[{"name":"wp","href":"https:\/\/api.w.org\/{rel}","templated":true}]}}