{"id":17709,"date":"2019-05-13T09:53:55","date_gmt":"2019-05-13T08:07:00","guid":{"rendered":"https:\/\/ibc.ee\/product\/adapteris-ar-ieksejo-vitni-s60x6-darza-sluteni-30-mm\/"},"modified":"2020-01-10T23:51:09","modified_gmt":"2020-01-10T21:51:09","slug":"pareja-adapteris-prieks-udens-tvertnes-ar-vitni-s60xx6-lai-parietu-uz-30mm-darza-sluteni","status":"publish","type":"product","link":"https:\/\/ibc.ee\/lv\/product\/pareja-adapteris-prieks-udens-tvertnes-ar-vitni-s60xx6-lai-parietu-uz-30mm-darza-sluteni\/","title":{"rendered":"P\u0101reja (adapteris) priek\u0161 \u016bdens tvertnes ar v\u012btni S60xX6, lai p\u0101rietu uz 30mm d\u0101rza \u0161\u013cuteni"},"content":{"rendered":"<p>S60X6 sievie\u0161u 1 &#8216; d\u0101rza \u0161\u013c\u016btene 30 mm<br \/>\n\u0160is adapteris ir paredz\u0113ts, lai piesl\u0113gtu IBC konteineru un d\u0101rza vaska \u0161\u013c\u016btenes. \u0160aj\u0101 piel\u0101got pal\u012bdz\u0113t savienot Pipe TAP Garden<\/p>\n","protected":false},"excerpt":{"rendered":"<p>S60X6 sievie\u0161u 1 &#8216; d\u0101rza \u0161\u013c\u016btene 30 mm \u0160is adapteris ir paredz\u0113ts, lai piesl\u0113gtu IBC konteineru un d\u0101rza vaska \u0161\u013c\u016btenes. \u0160aj\u0101 piel\u0101got pal\u012bdz\u0113t savienot Pipe TAP Garden<\/p>\n","protected":false},"featured_media":17704,"template":"","meta":[],"product_brand":[],"product_cat":[323],"product_tag":[],"class_list":{"0":"post-17709","1":"product","2":"type-product","3":"status-publish","4":"has-post-thumbnail","6":"product_cat-adapteri-un-veidgabali-ibc-konteiners","7":"product_shipping_class-omniva-lv","9":"first","10":"instock","11":"taxable","12":"shipping-taxable","13":"purchasable","14":"product-type-simple"},"yoast_head":"<!-- This site is optimized with the Yoast SEO plugin v26.9 - https:\/\/yoast.com\/product\/yoast-seo-wordpress\/ -->\n<title>P\u0101reja (adapteris) priek\u0161 \u016bdens tvertnes ar v\u012btni S60xX6, lai p\u0101rietu uz 30mm d\u0101rza \u0161\u013cuteni<\/title>\n<meta name=\"description\" content=\"P\u0101reja (adapteris) priek\u0161 \u016bdens tvertnes ar v\u012btni S60xX6, lai p\u0101rietu uz 30mm d\u0101rza \u0161\u013cuteni. \u0160is adapteris ir paredz\u0113ts, lai piesl\u0113gtu IBC konteineru un d\u0101rza vaska \u0161\u013c\u016btenes. \u0160aj\u0101 piel\u0101got pal\u012bdz\u0113t savienot Pipe TAP Garden\" \/>\n<meta name=\"robots\" content=\"index, follow, max-snippet:-1, max-image-preview:large, max-video-preview:-1\" \/>\n<link rel=\"canonical\" href=\"https:\/\/ibc.ee\/lv\/product\/pareja-adapteris-prieks-udens-tvertnes-ar-vitni-s60xx6-lai-parietu-uz-30mm-darza-sluteni\/\" \/>\n<meta property=\"og:locale\" content=\"lv_LV\" \/>\n<meta property=\"og:type\" content=\"article\" \/>\n<meta property=\"og:title\" content=\"P\u0101reja (adapteris) priek\u0161 \u016bdens tvertnes ar v\u012btni S60xX6, lai p\u0101rietu uz 30mm d\u0101rza \u0161\u013cuteni\" \/>\n<meta property=\"og:description\" content=\"P\u0101reja (adapteris) priek\u0161 \u016bdens tvertnes ar v\u012btni S60xX6, lai p\u0101rietu uz 30mm d\u0101rza \u0161\u013cuteni. \u0160is adapteris ir paredz\u0113ts, lai piesl\u0113gtu IBC konteineru un d\u0101rza vaska \u0161\u013c\u016btenes. \u0160aj\u0101 piel\u0101got pal\u012bdz\u0113t savienot Pipe TAP Garden\" \/>\n<meta property=\"og:url\" content=\"https:\/\/ibc.ee\/lv\/product\/pareja-adapteris-prieks-udens-tvertnes-ar-vitni-s60xx6-lai-parietu-uz-30mm-darza-sluteni\/\" \/>\n<meta property=\"og:site_name\" content=\"IBC konteineri m&uuml;&uuml;k, vaadid, kraanid, mahutid\" \/>\n<meta property=\"article:modified_time\" content=\"2020-01-10T21:51:09+00:00\" \/>\n<meta property=\"og:image\" content=\"https:\/\/ibc.ee\/wp-content\/uploads\/2019\/05\/P1019934-2.jpg\" \/>\n\t<meta property=\"og:image:width\" content=\"694\" \/>\n\t<meta property=\"og:image:height\" content=\"555\" \/>\n\t<meta property=\"og:image:type\" content=\"image\/jpeg\" \/>\n<meta name=\"twitter:card\" content=\"summary_large_image\" \/>\n<script type=\"application\/ld+json\" class=\"yoast-schema-graph\">{\"@context\":\"https:\/\/schema.org\",\"@graph\":[{\"@type\":\"WebPage\",\"@id\":\"https:\/\/ibc.ee\/lv\/product\/pareja-adapteris-prieks-udens-tvertnes-ar-vitni-s60xx6-lai-parietu-uz-30mm-darza-sluteni\/\",\"url\":\"https:\/\/ibc.ee\/lv\/product\/pareja-adapteris-prieks-udens-tvertnes-ar-vitni-s60xx6-lai-parietu-uz-30mm-darza-sluteni\/\",\"name\":\"P\u0101reja (adapteris) priek\u0161 \u016bdens tvertnes ar v\u012btni S60xX6, lai p\u0101rietu uz 30mm d\u0101rza \u0161\u013cuteni\",\"isPartOf\":{\"@id\":\"https:\/\/ibc.ee\/lv\/#website\"},\"primaryImageOfPage\":{\"@id\":\"https:\/\/ibc.ee\/lv\/product\/pareja-adapteris-prieks-udens-tvertnes-ar-vitni-s60xx6-lai-parietu-uz-30mm-darza-sluteni\/#primaryimage\"},\"image\":{\"@id\":\"https:\/\/ibc.ee\/lv\/product\/pareja-adapteris-prieks-udens-tvertnes-ar-vitni-s60xx6-lai-parietu-uz-30mm-darza-sluteni\/#primaryimage\"},\"thumbnailUrl\":\"https:\/\/ibc.ee\/wp-content\/uploads\/2019\/05\/P1019934-2.jpg\",\"datePublished\":\"2019-05-13T08:07:00+00:00\",\"dateModified\":\"2020-01-10T21:51:09+00:00\",\"description\":\"P\u0101reja (adapteris) priek\u0161 \u016bdens tvertnes ar v\u012btni S60xX6, lai p\u0101rietu uz 30mm d\u0101rza \u0161\u013cuteni. \u0160is adapteris ir paredz\u0113ts, lai piesl\u0113gtu IBC konteineru un d\u0101rza vaska \u0161\u013c\u016btenes. \u0160aj\u0101 piel\u0101got pal\u012bdz\u0113t savienot Pipe TAP Garden\",\"breadcrumb\":{\"@id\":\"https:\/\/ibc.ee\/lv\/product\/pareja-adapteris-prieks-udens-tvertnes-ar-vitni-s60xx6-lai-parietu-uz-30mm-darza-sluteni\/#breadcrumb\"},\"inLanguage\":\"lv-LV\",\"potentialAction\":[{\"@type\":\"ReadAction\",\"target\":[\"https:\/\/ibc.ee\/lv\/product\/pareja-adapteris-prieks-udens-tvertnes-ar-vitni-s60xx6-lai-parietu-uz-30mm-darza-sluteni\/\"]}]},{\"@type\":\"ImageObject\",\"inLanguage\":\"lv-LV\",\"@id\":\"https:\/\/ibc.ee\/lv\/product\/pareja-adapteris-prieks-udens-tvertnes-ar-vitni-s60xx6-lai-parietu-uz-30mm-darza-sluteni\/#primaryimage\",\"url\":\"https:\/\/ibc.ee\/wp-content\/uploads\/2019\/05\/P1019934-2.jpg\",\"contentUrl\":\"https:\/\/ibc.ee\/wp-content\/uploads\/2019\/05\/P1019934-2.jpg\",\"width\":694,\"height\":555,\"caption\":\"P\u0101reja (adapteris) priek\u0161 \u016bdens tvertnes ar v\u012btni S60xX6, lai p\u0101rietu uz 30mm d\u0101rza \u0161\u013cuteni\"},{\"@type\":\"BreadcrumbList\",\"@id\":\"https:\/\/ibc.ee\/lv\/product\/pareja-adapteris-prieks-udens-tvertnes-ar-vitni-s60xx6-lai-parietu-uz-30mm-darza-sluteni\/#breadcrumb\",\"itemListElement\":[{\"@type\":\"ListItem\",\"position\":1,\"name\":\"\u0413\u043b\u0430\u0432\u043d\u0430\u044f \u0441\u0442\u0440\u0430\u043d\u0438\u0446\u0430\",\"item\":\"https:\/\/ibc.ee\/lv\/\"},{\"@type\":\"ListItem\",\"position\":2,\"name\":\"Veikals\",\"item\":\"https:\/\/ibc.ee\/lv\/shop\/\"},{\"@type\":\"ListItem\",\"position\":3,\"name\":\"P\u0101reja (adapteris) priek\u0161 \u016bdens tvertnes ar v\u012btni S60xX6, lai p\u0101rietu uz 30mm d\u0101rza \u0161\u013cuteni\"}]},{\"@type\":\"WebSite\",\"@id\":\"https:\/\/ibc.ee\/lv\/#website\",\"url\":\"https:\/\/ibc.ee\/lv\/\",\"name\":\"IBC konteineri m&uuml;&uuml;k, vaadid, kraanid, mahutid\",\"description\":\"IBC - Tank container valve, Adapters\\\\fittings, Intermediate bulk, container, Drums\/cans\",\"potentialAction\":[{\"@type\":\"SearchAction\",\"target\":{\"@type\":\"EntryPoint\",\"urlTemplate\":\"https:\/\/ibc.ee\/lv\/?s={search_term_string}\"},\"query-input\":{\"@type\":\"PropertyValueSpecification\",\"valueRequired\":true,\"valueName\":\"search_term_string\"}}],\"inLanguage\":\"lv-LV\"}]}<\/script>\n<!-- \/ Yoast SEO plugin. -->","yoast_head_json":{"title":"P\u0101reja (adapteris) priek\u0161 \u016bdens tvertnes ar v\u012btni S60xX6, lai p\u0101rietu uz 30mm d\u0101rza \u0161\u013cuteni","description":"P\u0101reja (adapteris) priek\u0161 \u016bdens tvertnes ar v\u012btni S60xX6, lai p\u0101rietu uz 30mm d\u0101rza \u0161\u013cuteni. \u0160is adapteris ir paredz\u0113ts, lai piesl\u0113gtu IBC konteineru un d\u0101rza vaska \u0161\u013c\u016btenes. \u0160aj\u0101 piel\u0101got pal\u012bdz\u0113t savienot Pipe TAP Garden","robots":{"index":"index","follow":"follow","max-snippet":"max-snippet:-1","max-image-preview":"max-image-preview:large","max-video-preview":"max-video-preview:-1"},"canonical":"https:\/\/ibc.ee\/lv\/product\/pareja-adapteris-prieks-udens-tvertnes-ar-vitni-s60xx6-lai-parietu-uz-30mm-darza-sluteni\/","og_locale":"lv_LV","og_type":"article","og_title":"P\u0101reja (adapteris) priek\u0161 \u016bdens tvertnes ar v\u012btni S60xX6, lai p\u0101rietu uz 30mm d\u0101rza \u0161\u013cuteni","og_description":"P\u0101reja (adapteris) priek\u0161 \u016bdens tvertnes ar v\u012btni S60xX6, lai p\u0101rietu uz 30mm d\u0101rza \u0161\u013cuteni. \u0160is adapteris ir paredz\u0113ts, lai piesl\u0113gtu IBC konteineru un d\u0101rza vaska \u0161\u013c\u016btenes. \u0160aj\u0101 piel\u0101got pal\u012bdz\u0113t savienot Pipe TAP Garden","og_url":"https:\/\/ibc.ee\/lv\/product\/pareja-adapteris-prieks-udens-tvertnes-ar-vitni-s60xx6-lai-parietu-uz-30mm-darza-sluteni\/","og_site_name":"IBC konteineri m&uuml;&uuml;k, vaadid, kraanid, mahutid","article_modified_time":"2020-01-10T21:51:09+00:00","og_image":[{"width":694,"height":555,"url":"https:\/\/ibc.ee\/wp-content\/uploads\/2019\/05\/P1019934-2.jpg","type":"image\/jpeg"}],"twitter_card":"summary_large_image","schema":{"@context":"https:\/\/schema.org","@graph":[{"@type":"WebPage","@id":"https:\/\/ibc.ee\/lv\/product\/pareja-adapteris-prieks-udens-tvertnes-ar-vitni-s60xx6-lai-parietu-uz-30mm-darza-sluteni\/","url":"https:\/\/ibc.ee\/lv\/product\/pareja-adapteris-prieks-udens-tvertnes-ar-vitni-s60xx6-lai-parietu-uz-30mm-darza-sluteni\/","name":"P\u0101reja (adapteris) priek\u0161 \u016bdens tvertnes ar v\u012btni S60xX6, lai p\u0101rietu uz 30mm d\u0101rza \u0161\u013cuteni","isPartOf":{"@id":"https:\/\/ibc.ee\/lv\/#website"},"primaryImageOfPage":{"@id":"https:\/\/ibc.ee\/lv\/product\/pareja-adapteris-prieks-udens-tvertnes-ar-vitni-s60xx6-lai-parietu-uz-30mm-darza-sluteni\/#primaryimage"},"image":{"@id":"https:\/\/ibc.ee\/lv\/product\/pareja-adapteris-prieks-udens-tvertnes-ar-vitni-s60xx6-lai-parietu-uz-30mm-darza-sluteni\/#primaryimage"},"thumbnailUrl":"https:\/\/ibc.ee\/wp-content\/uploads\/2019\/05\/P1019934-2.jpg","datePublished":"2019-05-13T08:07:00+00:00","dateModified":"2020-01-10T21:51:09+00:00","description":"P\u0101reja (adapteris) priek\u0161 \u016bdens tvertnes ar v\u012btni S60xX6, lai p\u0101rietu uz 30mm d\u0101rza \u0161\u013cuteni. \u0160is adapteris ir paredz\u0113ts, lai piesl\u0113gtu IBC konteineru un d\u0101rza vaska \u0161\u013c\u016btenes. \u0160aj\u0101 piel\u0101got pal\u012bdz\u0113t savienot Pipe TAP Garden","breadcrumb":{"@id":"https:\/\/ibc.ee\/lv\/product\/pareja-adapteris-prieks-udens-tvertnes-ar-vitni-s60xx6-lai-parietu-uz-30mm-darza-sluteni\/#breadcrumb"},"inLanguage":"lv-LV","potentialAction":[{"@type":"ReadAction","target":["https:\/\/ibc.ee\/lv\/product\/pareja-adapteris-prieks-udens-tvertnes-ar-vitni-s60xx6-lai-parietu-uz-30mm-darza-sluteni\/"]}]},{"@type":"ImageObject","inLanguage":"lv-LV","@id":"https:\/\/ibc.ee\/lv\/product\/pareja-adapteris-prieks-udens-tvertnes-ar-vitni-s60xx6-lai-parietu-uz-30mm-darza-sluteni\/#primaryimage","url":"https:\/\/ibc.ee\/wp-content\/uploads\/2019\/05\/P1019934-2.jpg","contentUrl":"https:\/\/ibc.ee\/wp-content\/uploads\/2019\/05\/P1019934-2.jpg","width":694,"height":555,"caption":"P\u0101reja (adapteris) priek\u0161 \u016bdens tvertnes ar v\u012btni S60xX6, lai p\u0101rietu uz 30mm d\u0101rza \u0161\u013cuteni"},{"@type":"BreadcrumbList","@id":"https:\/\/ibc.ee\/lv\/product\/pareja-adapteris-prieks-udens-tvertnes-ar-vitni-s60xx6-lai-parietu-uz-30mm-darza-sluteni\/#breadcrumb","itemListElement":[{"@type":"ListItem","position":1,"name":"\u0413\u043b\u0430\u0432\u043d\u0430\u044f \u0441\u0442\u0440\u0430\u043d\u0438\u0446\u0430","item":"https:\/\/ibc.ee\/lv\/"},{"@type":"ListItem","position":2,"name":"Veikals","item":"https:\/\/ibc.ee\/lv\/shop\/"},{"@type":"ListItem","position":3,"name":"P\u0101reja (adapteris) priek\u0161 \u016bdens tvertnes ar v\u012btni S60xX6, lai p\u0101rietu uz 30mm d\u0101rza \u0161\u013cuteni"}]},{"@type":"WebSite","@id":"https:\/\/ibc.ee\/lv\/#website","url":"https:\/\/ibc.ee\/lv\/","name":"IBC konteineri m&uuml;&uuml;k, vaadid, kraanid, mahutid","description":"IBC - Tank container valve, Adapters\\fittings, Intermediate bulk, container, Drums\/cans","potentialAction":[{"@type":"SearchAction","target":{"@type":"EntryPoint","urlTemplate":"https:\/\/ibc.ee\/lv\/?s={search_term_string}"},"query-input":{"@type":"PropertyValueSpecification","valueRequired":true,"valueName":"search_term_string"}}],"inLanguage":"lv-LV"}]}},"_links":{"self":[{"href":"https:\/\/ibc.ee\/lv\/wp-json\/wp\/v2\/product\/17709","targetHints":{"allow":["GET"]}}],"collection":[{"href":"https:\/\/ibc.ee\/lv\/wp-json\/wp\/v2\/product"}],"about":[{"href":"https:\/\/ibc.ee\/lv\/wp-json\/wp\/v2\/types\/product"}],"wp:featuredmedia":[{"embeddable":true,"href":"https:\/\/ibc.ee\/lv\/wp-json\/wp\/v2\/media\/17704"}],"wp:attachment":[{"href":"https:\/\/ibc.ee\/lv\/wp-json\/wp\/v2\/media?parent=17709"}],"wp:term":[{"taxonomy":"product_brand","embeddable":true,"href":"https:\/\/ibc.ee\/lv\/wp-json\/wp\/v2\/product_brand?post=17709"},{"taxonomy":"product_cat","embeddable":true,"href":"https:\/\/ibc.ee\/lv\/wp-json\/wp\/v2\/product_cat?post=17709"},{"taxonomy":"product_tag","embeddable":true,"href":"https:\/\/ibc.ee\/lv\/wp-json\/wp\/v2\/product_tag?post=17709"}],"curies":[{"name":"wp","href":"https:\/\/api.w.org\/{rel}","templated":true}]}}