{"id":17757,"date":"2019-05-13T11:47:02","date_gmt":"2019-05-13T09:54:12","guid":{"rendered":"https:\/\/ibc.ee\/product\/adapteris-ibc-konteineram-2-ar-varstu-3-%e2%81%84-4-caurules-krana-darzam\/"},"modified":"2020-01-10T20:26:30","modified_gmt":"2020-01-10T18:26:30","slug":"pareja-adapteris-prieks-2collu-ibc-tvertnes-ar-vitni-3-4-collas-ar-atro-savienojumu-darza-slutenei","status":"publish","type":"product","link":"https:\/\/ibc.ee\/lv\/product\/pareja-adapteris-prieks-2collu-ibc-tvertnes-ar-vitni-3-4-collas-ar-atro-savienojumu-darza-slutenei\/","title":{"rendered":"P\u0101reja (adapteris) priek\u0161 2collu IBC tvertnes ar v\u012btni 3\/4 collas ar \u0101tro savienojumu d\u0101rza \u0161\u013cutenei"},"content":{"rendered":"<p>Ar \u0161o p\u0101r\u0113ju var savienot d\u0101rza \u016bdens tvertni ar v\u012btni S60X6. Melnaj\u0101s puses iek\u0161\u0113j\u0101 v\u012btne ar 3\/4 coll\u0101m p\u0101riet uz v\u0101rstu ar kr\u0101nu uz 3\/4 coll\u0101m. D\u0101rza \u0161\u013cutenes pievieno\u0161ana ar \u0101tr\u0101 savienojuma sist\u0113mu.<\/p>\n","protected":false},"excerpt":{"rendered":"<p>Ar \u0161o p\u0101r\u0113ju var savienot d\u0101rza \u016bdens tvertni ar v\u012btni S60X6. Melnaj\u0101s puses iek\u0161\u0113j\u0101 v\u012btne ar 3\/4 coll\u0101m p\u0101riet uz v\u0101rstu ar kr\u0101nu uz 3\/4 coll\u0101m. D\u0101rza \u0161\u013cutenes pievieno\u0161ana ar \u0101tr\u0101 savienojuma sist\u0113mu.<\/p>\n","protected":false},"featured_media":17752,"template":"","meta":[],"product_brand":[],"product_cat":[323,321],"product_tag":[],"class_list":{"0":"post-17757","1":"product","2":"type-product","3":"status-publish","4":"has-post-thumbnail","6":"product_cat-adapteri-un-veidgabali-ibc-konteiners","7":"product_cat-tvertnes-konteineru-varstu-ibc-konteiners","8":"product_shipping_class-omniva-lv","10":"first","11":"instock","12":"taxable","13":"shipping-taxable","14":"purchasable","15":"product-type-simple"},"yoast_head":"<!-- This site is optimized with the Yoast SEO plugin v26.9 - https:\/\/yoast.com\/product\/yoast-seo-wordpress\/ -->\n<title>P\u0101reja (adapteris) priek\u0161 2collu IBC tvertnes ar v\u012btni 3\/4 collas ar \u0101tro savienojumu d\u0101rza \u0161\u013cutenei - IBC konteineri m&uuml;&uuml;k, vaadid, kraanid, mahutid<\/title>\n<meta name=\"description\" content=\"P\u0101reja (adapteris) priek\u0161 2collu IBC tvertnes ar v\u012btni 3\/4 collas ar \u0101tro savienojumu d\u0101rza \u0161\u013cutenei. D\u0101rza \u0161\u013cutenes pievieno\u0161ana ar \u0101tr\u0101 savienojuma sist\u0113mu.\" \/>\n<meta name=\"robots\" content=\"index, follow, max-snippet:-1, max-image-preview:large, max-video-preview:-1\" \/>\n<link rel=\"canonical\" href=\"https:\/\/ibc.ee\/lv\/product\/pareja-adapteris-prieks-2collu-ibc-tvertnes-ar-vitni-3-4-collas-ar-atro-savienojumu-darza-slutenei\/\" \/>\n<meta property=\"og:locale\" content=\"lv_LV\" \/>\n<meta property=\"og:type\" content=\"article\" \/>\n<meta property=\"og:title\" content=\"P\u0101reja (adapteris) priek\u0161 2collu IBC tvertnes ar v\u012btni 3\/4 collas ar \u0101tro savienojumu d\u0101rza \u0161\u013cutenei - IBC konteineri m&uuml;&uuml;k, vaadid, kraanid, mahutid\" \/>\n<meta property=\"og:description\" content=\"P\u0101reja (adapteris) priek\u0161 2collu IBC tvertnes ar v\u012btni 3\/4 collas ar \u0101tro savienojumu d\u0101rza \u0161\u013cutenei. D\u0101rza \u0161\u013cutenes pievieno\u0161ana ar \u0101tr\u0101 savienojuma sist\u0113mu.\" \/>\n<meta property=\"og:url\" content=\"https:\/\/ibc.ee\/lv\/product\/pareja-adapteris-prieks-2collu-ibc-tvertnes-ar-vitni-3-4-collas-ar-atro-savienojumu-darza-slutenei\/\" \/>\n<meta property=\"og:site_name\" content=\"IBC konteineri m&uuml;&uuml;k, vaadid, kraanid, mahutid\" \/>\n<meta property=\"article:modified_time\" content=\"2020-01-10T18:26:30+00:00\" \/>\n<meta property=\"og:image\" content=\"https:\/\/ibc.ee\/wp-content\/uploads\/2019\/05\/P1019951.jpg\" \/>\n\t<meta property=\"og:image:width\" content=\"792\" \/>\n\t<meta property=\"og:image:height\" content=\"724\" \/>\n\t<meta property=\"og:image:type\" content=\"image\/jpeg\" \/>\n<meta name=\"twitter:card\" content=\"summary_large_image\" \/>\n<script type=\"application\/ld+json\" class=\"yoast-schema-graph\">{\"@context\":\"https:\/\/schema.org\",\"@graph\":[{\"@type\":\"WebPage\",\"@id\":\"https:\/\/ibc.ee\/lv\/product\/pareja-adapteris-prieks-2collu-ibc-tvertnes-ar-vitni-3-4-collas-ar-atro-savienojumu-darza-slutenei\/\",\"url\":\"https:\/\/ibc.ee\/lv\/product\/pareja-adapteris-prieks-2collu-ibc-tvertnes-ar-vitni-3-4-collas-ar-atro-savienojumu-darza-slutenei\/\",\"name\":\"P\u0101reja (adapteris) priek\u0161 2collu IBC tvertnes ar v\u012btni 3\/4 collas ar \u0101tro savienojumu d\u0101rza \u0161\u013cutenei - IBC konteineri m&uuml;&uuml;k, vaadid, kraanid, mahutid\",\"isPartOf\":{\"@id\":\"https:\/\/www.ibc.ee\/lv\/#website\"},\"primaryImageOfPage\":{\"@id\":\"https:\/\/ibc.ee\/lv\/product\/pareja-adapteris-prieks-2collu-ibc-tvertnes-ar-vitni-3-4-collas-ar-atro-savienojumu-darza-slutenei\/#primaryimage\"},\"image\":{\"@id\":\"https:\/\/ibc.ee\/lv\/product\/pareja-adapteris-prieks-2collu-ibc-tvertnes-ar-vitni-3-4-collas-ar-atro-savienojumu-darza-slutenei\/#primaryimage\"},\"thumbnailUrl\":\"https:\/\/ibc.ee\/wp-content\/uploads\/2019\/05\/P1019951.jpg\",\"datePublished\":\"2019-05-13T09:54:12+00:00\",\"dateModified\":\"2020-01-10T18:26:30+00:00\",\"description\":\"P\u0101reja (adapteris) priek\u0161 2collu IBC tvertnes ar v\u012btni 3\/4 collas ar \u0101tro savienojumu d\u0101rza \u0161\u013cutenei. D\u0101rza \u0161\u013cutenes pievieno\u0161ana ar \u0101tr\u0101 savienojuma sist\u0113mu.\",\"breadcrumb\":{\"@id\":\"https:\/\/ibc.ee\/lv\/product\/pareja-adapteris-prieks-2collu-ibc-tvertnes-ar-vitni-3-4-collas-ar-atro-savienojumu-darza-slutenei\/#breadcrumb\"},\"inLanguage\":\"lv-LV\",\"potentialAction\":[{\"@type\":\"ReadAction\",\"target\":[\"https:\/\/ibc.ee\/lv\/product\/pareja-adapteris-prieks-2collu-ibc-tvertnes-ar-vitni-3-4-collas-ar-atro-savienojumu-darza-slutenei\/\"]}]},{\"@type\":\"ImageObject\",\"inLanguage\":\"lv-LV\",\"@id\":\"https:\/\/ibc.ee\/lv\/product\/pareja-adapteris-prieks-2collu-ibc-tvertnes-ar-vitni-3-4-collas-ar-atro-savienojumu-darza-slutenei\/#primaryimage\",\"url\":\"https:\/\/ibc.ee\/wp-content\/uploads\/2019\/05\/P1019951.jpg\",\"contentUrl\":\"https:\/\/ibc.ee\/wp-content\/uploads\/2019\/05\/P1019951.jpg\",\"width\":792,\"height\":724,\"caption\":\"P\u0101reja (adapteris) priek\u0161 2collu IBC tvertnes ar v\u012btni 3\/4 collas ar \u0101tro savienojumu d\u0101rza \u0161\u013cutenei\"},{\"@type\":\"BreadcrumbList\",\"@id\":\"https:\/\/ibc.ee\/lv\/product\/pareja-adapteris-prieks-2collu-ibc-tvertnes-ar-vitni-3-4-collas-ar-atro-savienojumu-darza-slutenei\/#breadcrumb\",\"itemListElement\":[{\"@type\":\"ListItem\",\"position\":1,\"name\":\"\u0413\u043b\u0430\u0432\u043d\u0430\u044f \u0441\u0442\u0440\u0430\u043d\u0438\u0446\u0430\",\"item\":\"https:\/\/www.ibc.ee\/lv\/\"},{\"@type\":\"ListItem\",\"position\":2,\"name\":\"Veikals\",\"item\":\"https:\/\/www.ibc.ee\/lv\/shop\/\"},{\"@type\":\"ListItem\",\"position\":3,\"name\":\"P\u0101reja (adapteris) priek\u0161 2collu IBC tvertnes ar v\u012btni 3\/4 collas ar \u0101tro savienojumu d\u0101rza \u0161\u013cutenei\"}]},{\"@type\":\"WebSite\",\"@id\":\"https:\/\/www.ibc.ee\/lv\/#website\",\"url\":\"https:\/\/www.ibc.ee\/lv\/\",\"name\":\"IBC konteineri m&uuml;&uuml;k, vaadid, kraanid, mahutid\",\"description\":\"IBC - Tank container valve, Adapters\\\\fittings, Intermediate bulk, container, Drums\/cans\",\"potentialAction\":[{\"@type\":\"SearchAction\",\"target\":{\"@type\":\"EntryPoint\",\"urlTemplate\":\"https:\/\/www.ibc.ee\/lv\/?s={search_term_string}\"},\"query-input\":{\"@type\":\"PropertyValueSpecification\",\"valueRequired\":true,\"valueName\":\"search_term_string\"}}],\"inLanguage\":\"lv-LV\"}]}<\/script>\n<!-- \/ Yoast SEO plugin. -->","yoast_head_json":{"title":"P\u0101reja (adapteris) priek\u0161 2collu IBC tvertnes ar v\u012btni 3\/4 collas ar \u0101tro savienojumu d\u0101rza \u0161\u013cutenei - IBC konteineri m&uuml;&uuml;k, vaadid, kraanid, mahutid","description":"P\u0101reja (adapteris) priek\u0161 2collu IBC tvertnes ar v\u012btni 3\/4 collas ar \u0101tro savienojumu d\u0101rza \u0161\u013cutenei. D\u0101rza \u0161\u013cutenes pievieno\u0161ana ar \u0101tr\u0101 savienojuma sist\u0113mu.","robots":{"index":"index","follow":"follow","max-snippet":"max-snippet:-1","max-image-preview":"max-image-preview:large","max-video-preview":"max-video-preview:-1"},"canonical":"https:\/\/ibc.ee\/lv\/product\/pareja-adapteris-prieks-2collu-ibc-tvertnes-ar-vitni-3-4-collas-ar-atro-savienojumu-darza-slutenei\/","og_locale":"lv_LV","og_type":"article","og_title":"P\u0101reja (adapteris) priek\u0161 2collu IBC tvertnes ar v\u012btni 3\/4 collas ar \u0101tro savienojumu d\u0101rza \u0161\u013cutenei - IBC konteineri m&uuml;&uuml;k, vaadid, kraanid, mahutid","og_description":"P\u0101reja (adapteris) priek\u0161 2collu IBC tvertnes ar v\u012btni 3\/4 collas ar \u0101tro savienojumu d\u0101rza \u0161\u013cutenei. D\u0101rza \u0161\u013cutenes pievieno\u0161ana ar \u0101tr\u0101 savienojuma sist\u0113mu.","og_url":"https:\/\/ibc.ee\/lv\/product\/pareja-adapteris-prieks-2collu-ibc-tvertnes-ar-vitni-3-4-collas-ar-atro-savienojumu-darza-slutenei\/","og_site_name":"IBC konteineri m&uuml;&uuml;k, vaadid, kraanid, mahutid","article_modified_time":"2020-01-10T18:26:30+00:00","og_image":[{"width":792,"height":724,"url":"https:\/\/ibc.ee\/wp-content\/uploads\/2019\/05\/P1019951.jpg","type":"image\/jpeg"}],"twitter_card":"summary_large_image","schema":{"@context":"https:\/\/schema.org","@graph":[{"@type":"WebPage","@id":"https:\/\/ibc.ee\/lv\/product\/pareja-adapteris-prieks-2collu-ibc-tvertnes-ar-vitni-3-4-collas-ar-atro-savienojumu-darza-slutenei\/","url":"https:\/\/ibc.ee\/lv\/product\/pareja-adapteris-prieks-2collu-ibc-tvertnes-ar-vitni-3-4-collas-ar-atro-savienojumu-darza-slutenei\/","name":"P\u0101reja (adapteris) priek\u0161 2collu IBC tvertnes ar v\u012btni 3\/4 collas ar \u0101tro savienojumu d\u0101rza \u0161\u013cutenei - IBC konteineri m&uuml;&uuml;k, vaadid, kraanid, mahutid","isPartOf":{"@id":"https:\/\/www.ibc.ee\/lv\/#website"},"primaryImageOfPage":{"@id":"https:\/\/ibc.ee\/lv\/product\/pareja-adapteris-prieks-2collu-ibc-tvertnes-ar-vitni-3-4-collas-ar-atro-savienojumu-darza-slutenei\/#primaryimage"},"image":{"@id":"https:\/\/ibc.ee\/lv\/product\/pareja-adapteris-prieks-2collu-ibc-tvertnes-ar-vitni-3-4-collas-ar-atro-savienojumu-darza-slutenei\/#primaryimage"},"thumbnailUrl":"https:\/\/ibc.ee\/wp-content\/uploads\/2019\/05\/P1019951.jpg","datePublished":"2019-05-13T09:54:12+00:00","dateModified":"2020-01-10T18:26:30+00:00","description":"P\u0101reja (adapteris) priek\u0161 2collu IBC tvertnes ar v\u012btni 3\/4 collas ar \u0101tro savienojumu d\u0101rza \u0161\u013cutenei. D\u0101rza \u0161\u013cutenes pievieno\u0161ana ar \u0101tr\u0101 savienojuma sist\u0113mu.","breadcrumb":{"@id":"https:\/\/ibc.ee\/lv\/product\/pareja-adapteris-prieks-2collu-ibc-tvertnes-ar-vitni-3-4-collas-ar-atro-savienojumu-darza-slutenei\/#breadcrumb"},"inLanguage":"lv-LV","potentialAction":[{"@type":"ReadAction","target":["https:\/\/ibc.ee\/lv\/product\/pareja-adapteris-prieks-2collu-ibc-tvertnes-ar-vitni-3-4-collas-ar-atro-savienojumu-darza-slutenei\/"]}]},{"@type":"ImageObject","inLanguage":"lv-LV","@id":"https:\/\/ibc.ee\/lv\/product\/pareja-adapteris-prieks-2collu-ibc-tvertnes-ar-vitni-3-4-collas-ar-atro-savienojumu-darza-slutenei\/#primaryimage","url":"https:\/\/ibc.ee\/wp-content\/uploads\/2019\/05\/P1019951.jpg","contentUrl":"https:\/\/ibc.ee\/wp-content\/uploads\/2019\/05\/P1019951.jpg","width":792,"height":724,"caption":"P\u0101reja (adapteris) priek\u0161 2collu IBC tvertnes ar v\u012btni 3\/4 collas ar \u0101tro savienojumu d\u0101rza \u0161\u013cutenei"},{"@type":"BreadcrumbList","@id":"https:\/\/ibc.ee\/lv\/product\/pareja-adapteris-prieks-2collu-ibc-tvertnes-ar-vitni-3-4-collas-ar-atro-savienojumu-darza-slutenei\/#breadcrumb","itemListElement":[{"@type":"ListItem","position":1,"name":"\u0413\u043b\u0430\u0432\u043d\u0430\u044f \u0441\u0442\u0440\u0430\u043d\u0438\u0446\u0430","item":"https:\/\/www.ibc.ee\/lv\/"},{"@type":"ListItem","position":2,"name":"Veikals","item":"https:\/\/www.ibc.ee\/lv\/shop\/"},{"@type":"ListItem","position":3,"name":"P\u0101reja (adapteris) priek\u0161 2collu IBC tvertnes ar v\u012btni 3\/4 collas ar \u0101tro savienojumu d\u0101rza \u0161\u013cutenei"}]},{"@type":"WebSite","@id":"https:\/\/www.ibc.ee\/lv\/#website","url":"https:\/\/www.ibc.ee\/lv\/","name":"IBC konteineri m&uuml;&uuml;k, vaadid, kraanid, mahutid","description":"IBC - Tank container valve, Adapters\\fittings, Intermediate bulk, container, Drums\/cans","potentialAction":[{"@type":"SearchAction","target":{"@type":"EntryPoint","urlTemplate":"https:\/\/www.ibc.ee\/lv\/?s={search_term_string}"},"query-input":{"@type":"PropertyValueSpecification","valueRequired":true,"valueName":"search_term_string"}}],"inLanguage":"lv-LV"}]}},"_links":{"self":[{"href":"https:\/\/ibc.ee\/lv\/wp-json\/wp\/v2\/product\/17757","targetHints":{"allow":["GET"]}}],"collection":[{"href":"https:\/\/ibc.ee\/lv\/wp-json\/wp\/v2\/product"}],"about":[{"href":"https:\/\/ibc.ee\/lv\/wp-json\/wp\/v2\/types\/product"}],"wp:featuredmedia":[{"embeddable":true,"href":"https:\/\/ibc.ee\/lv\/wp-json\/wp\/v2\/media\/17752"}],"wp:attachment":[{"href":"https:\/\/ibc.ee\/lv\/wp-json\/wp\/v2\/media?parent=17757"}],"wp:term":[{"taxonomy":"product_brand","embeddable":true,"href":"https:\/\/ibc.ee\/lv\/wp-json\/wp\/v2\/product_brand?post=17757"},{"taxonomy":"product_cat","embeddable":true,"href":"https:\/\/ibc.ee\/lv\/wp-json\/wp\/v2\/product_cat?post=17757"},{"taxonomy":"product_tag","embeddable":true,"href":"https:\/\/ibc.ee\/lv\/wp-json\/wp\/v2\/product_tag?post=17757"}],"curies":[{"name":"wp","href":"https:\/\/api.w.org\/{rel}","templated":true}]}}