{"id":19215,"date":"2020-05-15T07:02:05","date_gmt":"2020-05-15T05:02:06","guid":{"rendered":"https:\/\/ibc.ee\/?post_type=product&#038;p=19215"},"modified":"2020-05-15T09:21:40","modified_gmt":"2020-05-15T07:21:40","slug":"ibc-savienotajs-s60x6-4-virzienu-krana-savienotaji-3-4-vitnu-apvalks-kas-paredzets-apudenosanas","status":"publish","type":"product","link":"https:\/\/ibc.ee\/lv\/product\/ibc-savienotajs-s60x6-4-virzienu-krana-savienotaji-3-4-vitnu-apvalks-kas-paredzets-apudenosanas\/","title":{"rendered":"IBC savienot\u0101js S60X6 4 virzienu kr\u0101na savienot\u0101ji, 3\/4 &#8221; v\u012bt\u0146u apvalks, kas paredz\u0113ts ap\u016bde\u0146o\u0161anas sist\u0113mas d\u0101rza misi\u0146am"},"content":{"rendered":"<p>\u0160is IBC cisternas adapteris ir paredz\u0113ts IBC cisternas v\u0101ci\u0146a S60X6 kursa v\u012btnei ar v\u012bri\u0161\u0137\u0101s \u0161\u013c\u016btenes savienot\u0101ju, kas \u013cauj savienot \u016bdens tvertni ar d\u0101rza \u0161\u013c\u016bteni, izmantojot standarta Hozelock tipa sievie\u0161u \u0161\u013c\u016btenes savienot\u0101jus (4 kr\u0101ni).<\/p>\n","protected":false},"excerpt":{"rendered":"<p>\u0160is IBC cisternas adapteris ir paredz\u0113ts IBC cisternas v\u0101ci\u0146a S60X6 kursa v\u012btnei ar v\u012bri\u0161\u0137\u0101s \u0161\u013c\u016btenes savienot\u0101ju, kas \u013cauj savienot \u016bdens tvertni ar d\u0101rza \u0161\u013c\u016bteni, izmantojot standarta Hozelock tipa sievie\u0161u \u0161\u013c\u016btenes savienot\u0101jus (4 kr\u0101ni).<\/p>\n","protected":false},"featured_media":19290,"template":"","meta":[],"product_brand":[],"product_cat":[323,321],"product_tag":[],"class_list":{"0":"post-19215","1":"product","2":"type-product","3":"status-publish","4":"has-post-thumbnail","6":"product_cat-adapteri-un-veidgabali-ibc-konteiners","7":"product_cat-tvertnes-konteineru-varstu-ibc-konteiners","8":"product_shipping_class-omniva-lv","10":"first","11":"onbackorder","12":"taxable","13":"shipping-taxable","14":"purchasable","15":"product-type-simple"},"yoast_head":"<!-- This site is optimized with the Yoast SEO plugin v26.9 - https:\/\/yoast.com\/product\/yoast-seo-wordpress\/ -->\n<title>IBC savienot\u0101js S60X6 4 virzienu kr\u0101na savienot\u0101ji - IBC konteineri m&uuml;&uuml;k, vaadid, kraanid, mahutid<\/title>\n<meta name=\"description\" content=\"IBC savienot\u0101js S60X6 4 virzienu kr\u0101na savienot\u0101ji\" \/>\n<meta name=\"robots\" content=\"index, follow, max-snippet:-1, max-image-preview:large, max-video-preview:-1\" \/>\n<link rel=\"canonical\" href=\"https:\/\/ibc.ee\/lv\/product\/ibc-savienotajs-s60x6-4-virzienu-krana-savienotaji-3-4-vitnu-apvalks-kas-paredzets-apudenosanas\/\" \/>\n<meta property=\"og:locale\" content=\"lv_LV\" \/>\n<meta property=\"og:type\" content=\"article\" \/>\n<meta property=\"og:title\" content=\"IBC savienot\u0101js S60X6 4 virzienu kr\u0101na savienot\u0101ji - IBC konteineri m&uuml;&uuml;k, vaadid, kraanid, mahutid\" \/>\n<meta property=\"og:description\" content=\"IBC savienot\u0101js S60X6 4 virzienu kr\u0101na savienot\u0101ji\" \/>\n<meta property=\"og:url\" content=\"https:\/\/ibc.ee\/lv\/product\/ibc-savienotajs-s60x6-4-virzienu-krana-savienotaji-3-4-vitnu-apvalks-kas-paredzets-apudenosanas\/\" \/>\n<meta property=\"og:site_name\" content=\"IBC konteineri m&uuml;&uuml;k, vaadid, kraanid, mahutid\" \/>\n<meta property=\"article:modified_time\" content=\"2020-05-15T07:21:40+00:00\" \/>\n<meta property=\"og:image\" content=\"https:\/\/ibc.ee\/wp-content\/uploads\/2020\/05\/IBC-connector-S60X6-4-Way-Tap-Connectors-34-thread-male-for-Irrigation-System-Garden-brass_1_wm.jpg\" \/>\n\t<meta property=\"og:image:width\" content=\"1000\" \/>\n\t<meta property=\"og:image:height\" content=\"1000\" \/>\n\t<meta property=\"og:image:type\" content=\"image\/jpeg\" \/>\n<meta name=\"twitter:card\" content=\"summary_large_image\" \/>\n<script type=\"application\/ld+json\" class=\"yoast-schema-graph\">{\"@context\":\"https:\/\/schema.org\",\"@graph\":[{\"@type\":\"WebPage\",\"@id\":\"https:\/\/ibc.ee\/lv\/product\/ibc-savienotajs-s60x6-4-virzienu-krana-savienotaji-3-4-vitnu-apvalks-kas-paredzets-apudenosanas\/\",\"url\":\"https:\/\/ibc.ee\/lv\/product\/ibc-savienotajs-s60x6-4-virzienu-krana-savienotaji-3-4-vitnu-apvalks-kas-paredzets-apudenosanas\/\",\"name\":\"IBC savienot\u0101js S60X6 4 virzienu kr\u0101na savienot\u0101ji - IBC konteineri m&uuml;&uuml;k, vaadid, kraanid, mahutid\",\"isPartOf\":{\"@id\":\"https:\/\/www.ibc.ee\/lv\/#website\"},\"primaryImageOfPage\":{\"@id\":\"https:\/\/ibc.ee\/lv\/product\/ibc-savienotajs-s60x6-4-virzienu-krana-savienotaji-3-4-vitnu-apvalks-kas-paredzets-apudenosanas\/#primaryimage\"},\"image\":{\"@id\":\"https:\/\/ibc.ee\/lv\/product\/ibc-savienotajs-s60x6-4-virzienu-krana-savienotaji-3-4-vitnu-apvalks-kas-paredzets-apudenosanas\/#primaryimage\"},\"thumbnailUrl\":\"https:\/\/ibc.ee\/wp-content\/uploads\/2020\/05\/IBC-connector-S60X6-4-Way-Tap-Connectors-34-thread-male-for-Irrigation-System-Garden-brass_1_wm.jpg\",\"datePublished\":\"2020-05-15T05:02:06+00:00\",\"dateModified\":\"2020-05-15T07:21:40+00:00\",\"description\":\"IBC savienot\u0101js S60X6 4 virzienu kr\u0101na savienot\u0101ji\",\"breadcrumb\":{\"@id\":\"https:\/\/ibc.ee\/lv\/product\/ibc-savienotajs-s60x6-4-virzienu-krana-savienotaji-3-4-vitnu-apvalks-kas-paredzets-apudenosanas\/#breadcrumb\"},\"inLanguage\":\"lv-LV\",\"potentialAction\":[{\"@type\":\"ReadAction\",\"target\":[\"https:\/\/ibc.ee\/lv\/product\/ibc-savienotajs-s60x6-4-virzienu-krana-savienotaji-3-4-vitnu-apvalks-kas-paredzets-apudenosanas\/\"]}]},{\"@type\":\"ImageObject\",\"inLanguage\":\"lv-LV\",\"@id\":\"https:\/\/ibc.ee\/lv\/product\/ibc-savienotajs-s60x6-4-virzienu-krana-savienotaji-3-4-vitnu-apvalks-kas-paredzets-apudenosanas\/#primaryimage\",\"url\":\"https:\/\/ibc.ee\/wp-content\/uploads\/2020\/05\/IBC-connector-S60X6-4-Way-Tap-Connectors-34-thread-male-for-Irrigation-System-Garden-brass_1_wm.jpg\",\"contentUrl\":\"https:\/\/ibc.ee\/wp-content\/uploads\/2020\/05\/IBC-connector-S60X6-4-Way-Tap-Connectors-34-thread-male-for-Irrigation-System-Garden-brass_1_wm.jpg\",\"width\":1000,\"height\":1000,\"caption\":\"IBC savienot\u0101js S60X6 4 virzienu kr\u0101na savienot\u0101ji, 3\/4 '' v\u012bt\u0146u apvalks, kas paredz\u0113ts ap\u016bde\u0146o\u0161anas sist\u0113mas d\u0101rza misi\u0146am\"},{\"@type\":\"BreadcrumbList\",\"@id\":\"https:\/\/ibc.ee\/lv\/product\/ibc-savienotajs-s60x6-4-virzienu-krana-savienotaji-3-4-vitnu-apvalks-kas-paredzets-apudenosanas\/#breadcrumb\",\"itemListElement\":[{\"@type\":\"ListItem\",\"position\":1,\"name\":\"\u0413\u043b\u0430\u0432\u043d\u0430\u044f \u0441\u0442\u0440\u0430\u043d\u0438\u0446\u0430\",\"item\":\"https:\/\/www.ibc.ee\/lv\/\"},{\"@type\":\"ListItem\",\"position\":2,\"name\":\"Veikals\",\"item\":\"https:\/\/www.ibc.ee\/lv\/shop\/\"},{\"@type\":\"ListItem\",\"position\":3,\"name\":\"IBC savienot\u0101js S60X6 4 virzienu kr\u0101na savienot\u0101ji, 3\/4 &#8221; v\u012bt\u0146u apvalks, kas paredz\u0113ts ap\u016bde\u0146o\u0161anas sist\u0113mas d\u0101rza misi\u0146am\"}]},{\"@type\":\"WebSite\",\"@id\":\"https:\/\/www.ibc.ee\/lv\/#website\",\"url\":\"https:\/\/www.ibc.ee\/lv\/\",\"name\":\"IBC konteineri m&uuml;&uuml;k, vaadid, kraanid, mahutid\",\"description\":\"IBC - Tank container valve, Adapters\\\\fittings, Intermediate bulk, container, Drums\/cans\",\"potentialAction\":[{\"@type\":\"SearchAction\",\"target\":{\"@type\":\"EntryPoint\",\"urlTemplate\":\"https:\/\/www.ibc.ee\/lv\/?s={search_term_string}\"},\"query-input\":{\"@type\":\"PropertyValueSpecification\",\"valueRequired\":true,\"valueName\":\"search_term_string\"}}],\"inLanguage\":\"lv-LV\"}]}<\/script>\n<!-- \/ Yoast SEO plugin. -->","yoast_head_json":{"title":"IBC savienot\u0101js S60X6 4 virzienu kr\u0101na savienot\u0101ji - IBC konteineri m&uuml;&uuml;k, vaadid, kraanid, mahutid","description":"IBC savienot\u0101js S60X6 4 virzienu kr\u0101na savienot\u0101ji","robots":{"index":"index","follow":"follow","max-snippet":"max-snippet:-1","max-image-preview":"max-image-preview:large","max-video-preview":"max-video-preview:-1"},"canonical":"https:\/\/ibc.ee\/lv\/product\/ibc-savienotajs-s60x6-4-virzienu-krana-savienotaji-3-4-vitnu-apvalks-kas-paredzets-apudenosanas\/","og_locale":"lv_LV","og_type":"article","og_title":"IBC savienot\u0101js S60X6 4 virzienu kr\u0101na savienot\u0101ji - IBC konteineri m&uuml;&uuml;k, vaadid, kraanid, mahutid","og_description":"IBC savienot\u0101js S60X6 4 virzienu kr\u0101na savienot\u0101ji","og_url":"https:\/\/ibc.ee\/lv\/product\/ibc-savienotajs-s60x6-4-virzienu-krana-savienotaji-3-4-vitnu-apvalks-kas-paredzets-apudenosanas\/","og_site_name":"IBC konteineri m&uuml;&uuml;k, vaadid, kraanid, mahutid","article_modified_time":"2020-05-15T07:21:40+00:00","og_image":[{"width":1000,"height":1000,"url":"https:\/\/ibc.ee\/wp-content\/uploads\/2020\/05\/IBC-connector-S60X6-4-Way-Tap-Connectors-34-thread-male-for-Irrigation-System-Garden-brass_1_wm.jpg","type":"image\/jpeg"}],"twitter_card":"summary_large_image","schema":{"@context":"https:\/\/schema.org","@graph":[{"@type":"WebPage","@id":"https:\/\/ibc.ee\/lv\/product\/ibc-savienotajs-s60x6-4-virzienu-krana-savienotaji-3-4-vitnu-apvalks-kas-paredzets-apudenosanas\/","url":"https:\/\/ibc.ee\/lv\/product\/ibc-savienotajs-s60x6-4-virzienu-krana-savienotaji-3-4-vitnu-apvalks-kas-paredzets-apudenosanas\/","name":"IBC savienot\u0101js S60X6 4 virzienu kr\u0101na savienot\u0101ji - IBC konteineri m&uuml;&uuml;k, vaadid, kraanid, mahutid","isPartOf":{"@id":"https:\/\/www.ibc.ee\/lv\/#website"},"primaryImageOfPage":{"@id":"https:\/\/ibc.ee\/lv\/product\/ibc-savienotajs-s60x6-4-virzienu-krana-savienotaji-3-4-vitnu-apvalks-kas-paredzets-apudenosanas\/#primaryimage"},"image":{"@id":"https:\/\/ibc.ee\/lv\/product\/ibc-savienotajs-s60x6-4-virzienu-krana-savienotaji-3-4-vitnu-apvalks-kas-paredzets-apudenosanas\/#primaryimage"},"thumbnailUrl":"https:\/\/ibc.ee\/wp-content\/uploads\/2020\/05\/IBC-connector-S60X6-4-Way-Tap-Connectors-34-thread-male-for-Irrigation-System-Garden-brass_1_wm.jpg","datePublished":"2020-05-15T05:02:06+00:00","dateModified":"2020-05-15T07:21:40+00:00","description":"IBC savienot\u0101js S60X6 4 virzienu kr\u0101na savienot\u0101ji","breadcrumb":{"@id":"https:\/\/ibc.ee\/lv\/product\/ibc-savienotajs-s60x6-4-virzienu-krana-savienotaji-3-4-vitnu-apvalks-kas-paredzets-apudenosanas\/#breadcrumb"},"inLanguage":"lv-LV","potentialAction":[{"@type":"ReadAction","target":["https:\/\/ibc.ee\/lv\/product\/ibc-savienotajs-s60x6-4-virzienu-krana-savienotaji-3-4-vitnu-apvalks-kas-paredzets-apudenosanas\/"]}]},{"@type":"ImageObject","inLanguage":"lv-LV","@id":"https:\/\/ibc.ee\/lv\/product\/ibc-savienotajs-s60x6-4-virzienu-krana-savienotaji-3-4-vitnu-apvalks-kas-paredzets-apudenosanas\/#primaryimage","url":"https:\/\/ibc.ee\/wp-content\/uploads\/2020\/05\/IBC-connector-S60X6-4-Way-Tap-Connectors-34-thread-male-for-Irrigation-System-Garden-brass_1_wm.jpg","contentUrl":"https:\/\/ibc.ee\/wp-content\/uploads\/2020\/05\/IBC-connector-S60X6-4-Way-Tap-Connectors-34-thread-male-for-Irrigation-System-Garden-brass_1_wm.jpg","width":1000,"height":1000,"caption":"IBC savienot\u0101js S60X6 4 virzienu kr\u0101na savienot\u0101ji, 3\/4 '' v\u012bt\u0146u apvalks, kas paredz\u0113ts ap\u016bde\u0146o\u0161anas sist\u0113mas d\u0101rza misi\u0146am"},{"@type":"BreadcrumbList","@id":"https:\/\/ibc.ee\/lv\/product\/ibc-savienotajs-s60x6-4-virzienu-krana-savienotaji-3-4-vitnu-apvalks-kas-paredzets-apudenosanas\/#breadcrumb","itemListElement":[{"@type":"ListItem","position":1,"name":"\u0413\u043b\u0430\u0432\u043d\u0430\u044f \u0441\u0442\u0440\u0430\u043d\u0438\u0446\u0430","item":"https:\/\/www.ibc.ee\/lv\/"},{"@type":"ListItem","position":2,"name":"Veikals","item":"https:\/\/www.ibc.ee\/lv\/shop\/"},{"@type":"ListItem","position":3,"name":"IBC savienot\u0101js S60X6 4 virzienu kr\u0101na savienot\u0101ji, 3\/4 &#8221; v\u012bt\u0146u apvalks, kas paredz\u0113ts ap\u016bde\u0146o\u0161anas sist\u0113mas d\u0101rza misi\u0146am"}]},{"@type":"WebSite","@id":"https:\/\/www.ibc.ee\/lv\/#website","url":"https:\/\/www.ibc.ee\/lv\/","name":"IBC konteineri m&uuml;&uuml;k, vaadid, kraanid, mahutid","description":"IBC - Tank container valve, Adapters\\fittings, Intermediate bulk, container, Drums\/cans","potentialAction":[{"@type":"SearchAction","target":{"@type":"EntryPoint","urlTemplate":"https:\/\/www.ibc.ee\/lv\/?s={search_term_string}"},"query-input":{"@type":"PropertyValueSpecification","valueRequired":true,"valueName":"search_term_string"}}],"inLanguage":"lv-LV"}]}},"_links":{"self":[{"href":"https:\/\/ibc.ee\/lv\/wp-json\/wp\/v2\/product\/19215","targetHints":{"allow":["GET"]}}],"collection":[{"href":"https:\/\/ibc.ee\/lv\/wp-json\/wp\/v2\/product"}],"about":[{"href":"https:\/\/ibc.ee\/lv\/wp-json\/wp\/v2\/types\/product"}],"wp:featuredmedia":[{"embeddable":true,"href":"https:\/\/ibc.ee\/lv\/wp-json\/wp\/v2\/media\/19290"}],"wp:attachment":[{"href":"https:\/\/ibc.ee\/lv\/wp-json\/wp\/v2\/media?parent=19215"}],"wp:term":[{"taxonomy":"product_brand","embeddable":true,"href":"https:\/\/ibc.ee\/lv\/wp-json\/wp\/v2\/product_brand?post=19215"},{"taxonomy":"product_cat","embeddable":true,"href":"https:\/\/ibc.ee\/lv\/wp-json\/wp\/v2\/product_cat?post=19215"},{"taxonomy":"product_tag","embeddable":true,"href":"https:\/\/ibc.ee\/lv\/wp-json\/wp\/v2\/product_tag?post=19215"}],"curies":[{"name":"wp","href":"https:\/\/api.w.org\/{rel}","templated":true}]}}