{"id":19399,"date":"2020-05-17T14:23:11","date_gmt":"2020-05-17T12:23:12","guid":{"rendered":"https:\/\/www.ibc.ee\/?post_type=product&#038;p=19399"},"modified":"2020-05-17T14:25:46","modified_gmt":"2020-05-17T12:25:46","slug":"pareja-adapteris-prieks-udens-tvertnes-ar-vitni-s60xx6-lai-parietu-uz-3-4-collu-arejo-vitni","status":"publish","type":"product","link":"https:\/\/ibc.ee\/lv\/product\/pareja-adapteris-prieks-udens-tvertnes-ar-vitni-s60xx6-lai-parietu-uz-3-4-collu-arejo-vitni\/","title":{"rendered":"P\u0101reja (adapteris) priek\u0161 \u016bdens tvertnes ar v\u012btni S60xX6, lai p\u0101rietu uz 3\/4 collu \u0101r\u0113jo v\u012btni"},"content":{"rendered":"<p>Ar \u0161o p\u0101r\u0113jau var savienot 1000l vai 500l IBC tvertni ar d\u0101rza ap\u016bde\u0146o\u0161anas sist\u0113mu. Iek\u0161\u0113j\u0101 v\u012btn\u0113 S60X6, \u0101r\u0113j\u0101 v\u012btne 1\/2 collas, pievienots v\u0101rsts ar p\u0101rsl\u0113gu.<\/p>\n","protected":false},"excerpt":{"rendered":"<p>Ar \u0161o p\u0101r\u0113jau var savienot 1000l vai 500l IBC tvertni ar d\u0101rza ap\u016bde\u0146o\u0161anas sist\u0113mu. Iek\u0161\u0113j\u0101 v\u012btn\u0113 S60X6, \u0101r\u0113j\u0101 v\u012btne 1\/2 collas, pievienots v\u0101rsts ar p\u0101rsl\u0113gu.<\/p>\n","protected":false},"featured_media":19404,"template":"","meta":[],"product_brand":[],"product_cat":[323,321],"product_tag":[],"class_list":{"0":"post-19399","1":"product","2":"type-product","3":"status-publish","4":"has-post-thumbnail","6":"product_cat-adapteri-un-veidgabali-ibc-konteiners","7":"product_cat-tvertnes-konteineru-varstu-ibc-konteiners","8":"product_shipping_class-omniva-lv","10":"first","11":"onbackorder","12":"taxable","13":"shipping-taxable","14":"purchasable","15":"product-type-simple"},"yoast_head":"<!-- This site is optimized with the Yoast SEO plugin v26.9 - https:\/\/yoast.com\/product\/yoast-seo-wordpress\/ -->\n<title>P\u0101reja (adapteris) priek\u0161 \u016bdens tvertnes ar v\u012btni S60xX6, lai p\u0101rietu uz 3\/4 collu \u0101r\u0113jo v\u012btni - IBC konteineri m&uuml;&uuml;k, vaadid, kraanid, mahutid<\/title>\n<meta name=\"description\" content=\"P\u0101reja (adapteris) priek\u0161 \u016bdens tvertnes ar v\u012btni S60xX6, lai p\u0101rietu uz 3\/4 collu \u0101r\u0113jo v\u012btni\" \/>\n<meta name=\"robots\" content=\"index, follow, max-snippet:-1, max-image-preview:large, max-video-preview:-1\" \/>\n<link rel=\"canonical\" href=\"https:\/\/ibc.ee\/lv\/product\/pareja-adapteris-prieks-udens-tvertnes-ar-vitni-s60xx6-lai-parietu-uz-3-4-collu-arejo-vitni\/\" \/>\n<meta property=\"og:locale\" content=\"lv_LV\" \/>\n<meta property=\"og:type\" content=\"article\" \/>\n<meta property=\"og:title\" content=\"P\u0101reja (adapteris) priek\u0161 \u016bdens tvertnes ar v\u012btni S60xX6, lai p\u0101rietu uz 3\/4 collu \u0101r\u0113jo v\u012btni - IBC konteineri m&uuml;&uuml;k, vaadid, kraanid, mahutid\" \/>\n<meta property=\"og:description\" content=\"P\u0101reja (adapteris) priek\u0161 \u016bdens tvertnes ar v\u012btni S60xX6, lai p\u0101rietu uz 3\/4 collu \u0101r\u0113jo v\u012btni\" \/>\n<meta property=\"og:url\" content=\"https:\/\/ibc.ee\/lv\/product\/pareja-adapteris-prieks-udens-tvertnes-ar-vitni-s60xx6-lai-parietu-uz-3-4-collu-arejo-vitni\/\" \/>\n<meta property=\"og:site_name\" content=\"IBC konteineri m&uuml;&uuml;k, vaadid, kraanid, mahutid\" \/>\n<meta property=\"article:modified_time\" content=\"2020-05-17T12:25:46+00:00\" \/>\n<meta property=\"og:image\" content=\"https:\/\/ibc.ee\/wp-content\/uploads\/2020\/05\/IBC-connector-S60X6-1-Way-Tap-Connectors-34-male-thread-for-Garden-Irrigation-System-plastik_1_wm.jpg\" \/>\n\t<meta property=\"og:image:width\" content=\"1000\" \/>\n\t<meta property=\"og:image:height\" content=\"1000\" \/>\n\t<meta property=\"og:image:type\" content=\"image\/jpeg\" \/>\n<meta name=\"twitter:card\" content=\"summary_large_image\" \/>\n<script type=\"application\/ld+json\" class=\"yoast-schema-graph\">{\"@context\":\"https:\/\/schema.org\",\"@graph\":[{\"@type\":\"WebPage\",\"@id\":\"https:\/\/ibc.ee\/lv\/product\/pareja-adapteris-prieks-udens-tvertnes-ar-vitni-s60xx6-lai-parietu-uz-3-4-collu-arejo-vitni\/\",\"url\":\"https:\/\/ibc.ee\/lv\/product\/pareja-adapteris-prieks-udens-tvertnes-ar-vitni-s60xx6-lai-parietu-uz-3-4-collu-arejo-vitni\/\",\"name\":\"P\u0101reja (adapteris) priek\u0161 \u016bdens tvertnes ar v\u012btni S60xX6, lai p\u0101rietu uz 3\/4 collu \u0101r\u0113jo v\u012btni - IBC konteineri m&uuml;&uuml;k, vaadid, kraanid, mahutid\",\"isPartOf\":{\"@id\":\"https:\/\/www.ibc.ee\/lv\/#website\"},\"primaryImageOfPage\":{\"@id\":\"https:\/\/ibc.ee\/lv\/product\/pareja-adapteris-prieks-udens-tvertnes-ar-vitni-s60xx6-lai-parietu-uz-3-4-collu-arejo-vitni\/#primaryimage\"},\"image\":{\"@id\":\"https:\/\/ibc.ee\/lv\/product\/pareja-adapteris-prieks-udens-tvertnes-ar-vitni-s60xx6-lai-parietu-uz-3-4-collu-arejo-vitni\/#primaryimage\"},\"thumbnailUrl\":\"https:\/\/ibc.ee\/wp-content\/uploads\/2020\/05\/IBC-connector-S60X6-1-Way-Tap-Connectors-34-male-thread-for-Garden-Irrigation-System-plastik_1_wm.jpg\",\"datePublished\":\"2020-05-17T12:23:12+00:00\",\"dateModified\":\"2020-05-17T12:25:46+00:00\",\"description\":\"P\u0101reja (adapteris) priek\u0161 \u016bdens tvertnes ar v\u012btni S60xX6, lai p\u0101rietu uz 3\/4 collu \u0101r\u0113jo v\u012btni\",\"breadcrumb\":{\"@id\":\"https:\/\/ibc.ee\/lv\/product\/pareja-adapteris-prieks-udens-tvertnes-ar-vitni-s60xx6-lai-parietu-uz-3-4-collu-arejo-vitni\/#breadcrumb\"},\"inLanguage\":\"lv-LV\",\"potentialAction\":[{\"@type\":\"ReadAction\",\"target\":[\"https:\/\/ibc.ee\/lv\/product\/pareja-adapteris-prieks-udens-tvertnes-ar-vitni-s60xx6-lai-parietu-uz-3-4-collu-arejo-vitni\/\"]}]},{\"@type\":\"ImageObject\",\"inLanguage\":\"lv-LV\",\"@id\":\"https:\/\/ibc.ee\/lv\/product\/pareja-adapteris-prieks-udens-tvertnes-ar-vitni-s60xx6-lai-parietu-uz-3-4-collu-arejo-vitni\/#primaryimage\",\"url\":\"https:\/\/ibc.ee\/wp-content\/uploads\/2020\/05\/IBC-connector-S60X6-1-Way-Tap-Connectors-34-male-thread-for-Garden-Irrigation-System-plastik_1_wm.jpg\",\"contentUrl\":\"https:\/\/ibc.ee\/wp-content\/uploads\/2020\/05\/IBC-connector-S60X6-1-Way-Tap-Connectors-34-male-thread-for-Garden-Irrigation-System-plastik_1_wm.jpg\",\"width\":1000,\"height\":1000,\"caption\":\"P\u0101reja (adapteris) priek\u0161 \u016bdens tvertnes ar v\u012btni S60xX6, lai p\u0101rietu uz 3\/4 collu \u0101r\u0113jo v\u012btni\"},{\"@type\":\"BreadcrumbList\",\"@id\":\"https:\/\/ibc.ee\/lv\/product\/pareja-adapteris-prieks-udens-tvertnes-ar-vitni-s60xx6-lai-parietu-uz-3-4-collu-arejo-vitni\/#breadcrumb\",\"itemListElement\":[{\"@type\":\"ListItem\",\"position\":1,\"name\":\"\u0413\u043b\u0430\u0432\u043d\u0430\u044f \u0441\u0442\u0440\u0430\u043d\u0438\u0446\u0430\",\"item\":\"https:\/\/www.ibc.ee\/lv\/\"},{\"@type\":\"ListItem\",\"position\":2,\"name\":\"Veikals\",\"item\":\"https:\/\/www.ibc.ee\/lv\/shop\/\"},{\"@type\":\"ListItem\",\"position\":3,\"name\":\"P\u0101reja (adapteris) priek\u0161 \u016bdens tvertnes ar v\u012btni S60xX6, lai p\u0101rietu uz 3\/4 collu \u0101r\u0113jo v\u012btni\"}]},{\"@type\":\"WebSite\",\"@id\":\"https:\/\/www.ibc.ee\/lv\/#website\",\"url\":\"https:\/\/www.ibc.ee\/lv\/\",\"name\":\"IBC konteineri m&uuml;&uuml;k, vaadid, kraanid, mahutid\",\"description\":\"IBC - Tank container valve, Adapters\\\\fittings, Intermediate bulk, container, Drums\/cans\",\"potentialAction\":[{\"@type\":\"SearchAction\",\"target\":{\"@type\":\"EntryPoint\",\"urlTemplate\":\"https:\/\/www.ibc.ee\/lv\/?s={search_term_string}\"},\"query-input\":{\"@type\":\"PropertyValueSpecification\",\"valueRequired\":true,\"valueName\":\"search_term_string\"}}],\"inLanguage\":\"lv-LV\"}]}<\/script>\n<!-- \/ Yoast SEO plugin. -->","yoast_head_json":{"title":"P\u0101reja (adapteris) priek\u0161 \u016bdens tvertnes ar v\u012btni S60xX6, lai p\u0101rietu uz 3\/4 collu \u0101r\u0113jo v\u012btni - IBC konteineri m&uuml;&uuml;k, vaadid, kraanid, mahutid","description":"P\u0101reja (adapteris) priek\u0161 \u016bdens tvertnes ar v\u012btni S60xX6, lai p\u0101rietu uz 3\/4 collu \u0101r\u0113jo v\u012btni","robots":{"index":"index","follow":"follow","max-snippet":"max-snippet:-1","max-image-preview":"max-image-preview:large","max-video-preview":"max-video-preview:-1"},"canonical":"https:\/\/ibc.ee\/lv\/product\/pareja-adapteris-prieks-udens-tvertnes-ar-vitni-s60xx6-lai-parietu-uz-3-4-collu-arejo-vitni\/","og_locale":"lv_LV","og_type":"article","og_title":"P\u0101reja (adapteris) priek\u0161 \u016bdens tvertnes ar v\u012btni S60xX6, lai p\u0101rietu uz 3\/4 collu \u0101r\u0113jo v\u012btni - IBC konteineri m&uuml;&uuml;k, vaadid, kraanid, mahutid","og_description":"P\u0101reja (adapteris) priek\u0161 \u016bdens tvertnes ar v\u012btni S60xX6, lai p\u0101rietu uz 3\/4 collu \u0101r\u0113jo v\u012btni","og_url":"https:\/\/ibc.ee\/lv\/product\/pareja-adapteris-prieks-udens-tvertnes-ar-vitni-s60xx6-lai-parietu-uz-3-4-collu-arejo-vitni\/","og_site_name":"IBC konteineri m&uuml;&uuml;k, vaadid, kraanid, mahutid","article_modified_time":"2020-05-17T12:25:46+00:00","og_image":[{"width":1000,"height":1000,"url":"https:\/\/ibc.ee\/wp-content\/uploads\/2020\/05\/IBC-connector-S60X6-1-Way-Tap-Connectors-34-male-thread-for-Garden-Irrigation-System-plastik_1_wm.jpg","type":"image\/jpeg"}],"twitter_card":"summary_large_image","schema":{"@context":"https:\/\/schema.org","@graph":[{"@type":"WebPage","@id":"https:\/\/ibc.ee\/lv\/product\/pareja-adapteris-prieks-udens-tvertnes-ar-vitni-s60xx6-lai-parietu-uz-3-4-collu-arejo-vitni\/","url":"https:\/\/ibc.ee\/lv\/product\/pareja-adapteris-prieks-udens-tvertnes-ar-vitni-s60xx6-lai-parietu-uz-3-4-collu-arejo-vitni\/","name":"P\u0101reja (adapteris) priek\u0161 \u016bdens tvertnes ar v\u012btni S60xX6, lai p\u0101rietu uz 3\/4 collu \u0101r\u0113jo v\u012btni - IBC konteineri m&uuml;&uuml;k, vaadid, kraanid, mahutid","isPartOf":{"@id":"https:\/\/www.ibc.ee\/lv\/#website"},"primaryImageOfPage":{"@id":"https:\/\/ibc.ee\/lv\/product\/pareja-adapteris-prieks-udens-tvertnes-ar-vitni-s60xx6-lai-parietu-uz-3-4-collu-arejo-vitni\/#primaryimage"},"image":{"@id":"https:\/\/ibc.ee\/lv\/product\/pareja-adapteris-prieks-udens-tvertnes-ar-vitni-s60xx6-lai-parietu-uz-3-4-collu-arejo-vitni\/#primaryimage"},"thumbnailUrl":"https:\/\/ibc.ee\/wp-content\/uploads\/2020\/05\/IBC-connector-S60X6-1-Way-Tap-Connectors-34-male-thread-for-Garden-Irrigation-System-plastik_1_wm.jpg","datePublished":"2020-05-17T12:23:12+00:00","dateModified":"2020-05-17T12:25:46+00:00","description":"P\u0101reja (adapteris) priek\u0161 \u016bdens tvertnes ar v\u012btni S60xX6, lai p\u0101rietu uz 3\/4 collu \u0101r\u0113jo v\u012btni","breadcrumb":{"@id":"https:\/\/ibc.ee\/lv\/product\/pareja-adapteris-prieks-udens-tvertnes-ar-vitni-s60xx6-lai-parietu-uz-3-4-collu-arejo-vitni\/#breadcrumb"},"inLanguage":"lv-LV","potentialAction":[{"@type":"ReadAction","target":["https:\/\/ibc.ee\/lv\/product\/pareja-adapteris-prieks-udens-tvertnes-ar-vitni-s60xx6-lai-parietu-uz-3-4-collu-arejo-vitni\/"]}]},{"@type":"ImageObject","inLanguage":"lv-LV","@id":"https:\/\/ibc.ee\/lv\/product\/pareja-adapteris-prieks-udens-tvertnes-ar-vitni-s60xx6-lai-parietu-uz-3-4-collu-arejo-vitni\/#primaryimage","url":"https:\/\/ibc.ee\/wp-content\/uploads\/2020\/05\/IBC-connector-S60X6-1-Way-Tap-Connectors-34-male-thread-for-Garden-Irrigation-System-plastik_1_wm.jpg","contentUrl":"https:\/\/ibc.ee\/wp-content\/uploads\/2020\/05\/IBC-connector-S60X6-1-Way-Tap-Connectors-34-male-thread-for-Garden-Irrigation-System-plastik_1_wm.jpg","width":1000,"height":1000,"caption":"P\u0101reja (adapteris) priek\u0161 \u016bdens tvertnes ar v\u012btni S60xX6, lai p\u0101rietu uz 3\/4 collu \u0101r\u0113jo v\u012btni"},{"@type":"BreadcrumbList","@id":"https:\/\/ibc.ee\/lv\/product\/pareja-adapteris-prieks-udens-tvertnes-ar-vitni-s60xx6-lai-parietu-uz-3-4-collu-arejo-vitni\/#breadcrumb","itemListElement":[{"@type":"ListItem","position":1,"name":"\u0413\u043b\u0430\u0432\u043d\u0430\u044f \u0441\u0442\u0440\u0430\u043d\u0438\u0446\u0430","item":"https:\/\/www.ibc.ee\/lv\/"},{"@type":"ListItem","position":2,"name":"Veikals","item":"https:\/\/www.ibc.ee\/lv\/shop\/"},{"@type":"ListItem","position":3,"name":"P\u0101reja (adapteris) priek\u0161 \u016bdens tvertnes ar v\u012btni S60xX6, lai p\u0101rietu uz 3\/4 collu \u0101r\u0113jo v\u012btni"}]},{"@type":"WebSite","@id":"https:\/\/www.ibc.ee\/lv\/#website","url":"https:\/\/www.ibc.ee\/lv\/","name":"IBC konteineri m&uuml;&uuml;k, vaadid, kraanid, mahutid","description":"IBC - Tank container valve, Adapters\\fittings, Intermediate bulk, container, Drums\/cans","potentialAction":[{"@type":"SearchAction","target":{"@type":"EntryPoint","urlTemplate":"https:\/\/www.ibc.ee\/lv\/?s={search_term_string}"},"query-input":{"@type":"PropertyValueSpecification","valueRequired":true,"valueName":"search_term_string"}}],"inLanguage":"lv-LV"}]}},"_links":{"self":[{"href":"https:\/\/ibc.ee\/lv\/wp-json\/wp\/v2\/product\/19399","targetHints":{"allow":["GET"]}}],"collection":[{"href":"https:\/\/ibc.ee\/lv\/wp-json\/wp\/v2\/product"}],"about":[{"href":"https:\/\/ibc.ee\/lv\/wp-json\/wp\/v2\/types\/product"}],"wp:featuredmedia":[{"embeddable":true,"href":"https:\/\/ibc.ee\/lv\/wp-json\/wp\/v2\/media\/19404"}],"wp:attachment":[{"href":"https:\/\/ibc.ee\/lv\/wp-json\/wp\/v2\/media?parent=19399"}],"wp:term":[{"taxonomy":"product_brand","embeddable":true,"href":"https:\/\/ibc.ee\/lv\/wp-json\/wp\/v2\/product_brand?post=19399"},{"taxonomy":"product_cat","embeddable":true,"href":"https:\/\/ibc.ee\/lv\/wp-json\/wp\/v2\/product_cat?post=19399"},{"taxonomy":"product_tag","embeddable":true,"href":"https:\/\/ibc.ee\/lv\/wp-json\/wp\/v2\/product_tag?post=19399"}],"curies":[{"name":"wp","href":"https:\/\/api.w.org\/{rel}","templated":true}]}}