{"id":19505,"date":"2020-05-17T18:07:45","date_gmt":"2020-05-17T16:07:46","guid":{"rendered":"https:\/\/www.ibc.ee\/?post_type=product&#038;p=19505"},"modified":"2020-05-17T18:14:16","modified_gmt":"2020-05-17T16:14:16","slug":"pareja-adapteris-ibc-tvertnei-ar-varstu-3-4-colla-ar-atro-savienosanu-17mm","status":"publish","type":"product","link":"https:\/\/ibc.ee\/lv\/product\/pareja-adapteris-ibc-tvertnei-ar-varstu-3-4-colla-ar-atro-savienosanu-17mm\/","title":{"rendered":"P\u0101reja (adapteris) IBC tvertnei ar v\u0101rstu 3\/4 colla, ar \u0101tro savieno\u0161anu 17mm"},"content":{"rendered":"<p>M\u016bsu veikal\u0101 varat ieg\u0101d\u0101t\u0101s p\u0101r\u0113ju, lai savienotu 1000l tvertni ar \u0161\u013c\u016bteni 17mm. Savienojuma vid\u016b pievienots v\u0101rsts ar sl\u0113dzi DN20 PN30. \u0100tr\u0101s savieno\u0161anas sist\u0113ma Geka.<\/p>\n","protected":false},"excerpt":{"rendered":"<p>M\u016bsu veikal\u0101 varat ieg\u0101d\u0101t\u0101s p\u0101r\u0113ju, lai savienotu 1000l tvertni ar \u0161\u013c\u016bteni 17mm. Savienojuma vid\u016b pievienots v\u0101rsts ar sl\u0113dzi DN20 PN30. \u0100tr\u0101s savieno\u0161anas sist\u0113ma Geka.<\/p>\n","protected":false},"featured_media":19510,"template":"","meta":[],"product_brand":[],"product_cat":[323,321],"product_tag":[],"class_list":{"0":"post-19505","1":"product","2":"type-product","3":"status-publish","4":"has-post-thumbnail","6":"product_cat-adapteri-un-veidgabali-ibc-konteiners","7":"product_cat-tvertnes-konteineru-varstu-ibc-konteiners","8":"product_shipping_class-omniva-lv","10":"first","11":"onbackorder","12":"taxable","13":"shipping-taxable","14":"purchasable","15":"product-type-simple"},"yoast_head":"<!-- This site is optimized with the Yoast SEO plugin v26.9 - https:\/\/yoast.com\/product\/yoast-seo-wordpress\/ -->\n<title>P\u0101reja (adapteris) IBC tvertnei ar v\u0101rstu 3\/4 colla, ar \u0101tro savieno\u0161anu 17mm<\/title>\n<meta name=\"description\" content=\"P\u0101reja (adapteris) IBC tvertnei ar v\u0101rstu 3\/4 colla, ar \u0101tro savieno\u0161anu 17mm\" \/>\n<meta name=\"robots\" content=\"index, follow, max-snippet:-1, max-image-preview:large, max-video-preview:-1\" \/>\n<link rel=\"canonical\" href=\"https:\/\/ibc.ee\/lv\/product\/pareja-adapteris-ibc-tvertnei-ar-varstu-3-4-colla-ar-atro-savienosanu-17mm\/\" \/>\n<meta property=\"og:locale\" content=\"lv_LV\" \/>\n<meta property=\"og:type\" content=\"article\" \/>\n<meta property=\"og:title\" content=\"P\u0101reja (adapteris) IBC tvertnei ar v\u0101rstu 3\/4 colla, ar \u0101tro savieno\u0161anu 17mm\" \/>\n<meta property=\"og:description\" content=\"P\u0101reja (adapteris) IBC tvertnei ar v\u0101rstu 3\/4 colla, ar \u0101tro savieno\u0161anu 17mm\" \/>\n<meta property=\"og:url\" content=\"https:\/\/ibc.ee\/lv\/product\/pareja-adapteris-ibc-tvertnei-ar-varstu-3-4-colla-ar-atro-savienosanu-17mm\/\" \/>\n<meta property=\"og:site_name\" content=\"IBC konteineri m&uuml;&uuml;k, vaadid, kraanid, mahutid\" \/>\n<meta property=\"article:modified_time\" content=\"2020-05-17T16:14:16+00:00\" \/>\n<meta property=\"og:image\" content=\"https:\/\/ibc.ee\/wp-content\/uploads\/2020\/05\/Adapter-IBC-Geka-coupling-S60X6-female-34-valve-MM-DN20-PN30-nikkel-Geka-hose-brass-17-mm_1_wm.jpg\" \/>\n\t<meta property=\"og:image:width\" content=\"1000\" \/>\n\t<meta property=\"og:image:height\" content=\"1000\" \/>\n\t<meta property=\"og:image:type\" content=\"image\/jpeg\" \/>\n<meta name=\"twitter:card\" content=\"summary_large_image\" \/>\n<script type=\"application\/ld+json\" class=\"yoast-schema-graph\">{\"@context\":\"https:\/\/schema.org\",\"@graph\":[{\"@type\":\"WebPage\",\"@id\":\"https:\/\/ibc.ee\/lv\/product\/pareja-adapteris-ibc-tvertnei-ar-varstu-3-4-colla-ar-atro-savienosanu-17mm\/\",\"url\":\"https:\/\/ibc.ee\/lv\/product\/pareja-adapteris-ibc-tvertnei-ar-varstu-3-4-colla-ar-atro-savienosanu-17mm\/\",\"name\":\"P\u0101reja (adapteris) IBC tvertnei ar v\u0101rstu 3\/4 colla, ar \u0101tro savieno\u0161anu 17mm\",\"isPartOf\":{\"@id\":\"https:\/\/www.ibc.ee\/lv\/#website\"},\"primaryImageOfPage\":{\"@id\":\"https:\/\/ibc.ee\/lv\/product\/pareja-adapteris-ibc-tvertnei-ar-varstu-3-4-colla-ar-atro-savienosanu-17mm\/#primaryimage\"},\"image\":{\"@id\":\"https:\/\/ibc.ee\/lv\/product\/pareja-adapteris-ibc-tvertnei-ar-varstu-3-4-colla-ar-atro-savienosanu-17mm\/#primaryimage\"},\"thumbnailUrl\":\"https:\/\/ibc.ee\/wp-content\/uploads\/2020\/05\/Adapter-IBC-Geka-coupling-S60X6-female-34-valve-MM-DN20-PN30-nikkel-Geka-hose-brass-17-mm_1_wm.jpg\",\"datePublished\":\"2020-05-17T16:07:46+00:00\",\"dateModified\":\"2020-05-17T16:14:16+00:00\",\"description\":\"P\u0101reja (adapteris) IBC tvertnei ar v\u0101rstu 3\/4 colla, ar \u0101tro savieno\u0161anu 17mm\",\"breadcrumb\":{\"@id\":\"https:\/\/ibc.ee\/lv\/product\/pareja-adapteris-ibc-tvertnei-ar-varstu-3-4-colla-ar-atro-savienosanu-17mm\/#breadcrumb\"},\"inLanguage\":\"lv-LV\",\"potentialAction\":[{\"@type\":\"ReadAction\",\"target\":[\"https:\/\/ibc.ee\/lv\/product\/pareja-adapteris-ibc-tvertnei-ar-varstu-3-4-colla-ar-atro-savienosanu-17mm\/\"]}]},{\"@type\":\"ImageObject\",\"inLanguage\":\"lv-LV\",\"@id\":\"https:\/\/ibc.ee\/lv\/product\/pareja-adapteris-ibc-tvertnei-ar-varstu-3-4-colla-ar-atro-savienosanu-17mm\/#primaryimage\",\"url\":\"https:\/\/ibc.ee\/wp-content\/uploads\/2020\/05\/Adapter-IBC-Geka-coupling-S60X6-female-34-valve-MM-DN20-PN30-nikkel-Geka-hose-brass-17-mm_1_wm.jpg\",\"contentUrl\":\"https:\/\/ibc.ee\/wp-content\/uploads\/2020\/05\/Adapter-IBC-Geka-coupling-S60X6-female-34-valve-MM-DN20-PN30-nikkel-Geka-hose-brass-17-mm_1_wm.jpg\",\"width\":1000,\"height\":1000,\"caption\":\"P\u0101reja (adapteris) IBC tvertnei ar v\u0101rstu 3\/4 colla, ar \u0101tro savieno\u0161anu 17mm\"},{\"@type\":\"BreadcrumbList\",\"@id\":\"https:\/\/ibc.ee\/lv\/product\/pareja-adapteris-ibc-tvertnei-ar-varstu-3-4-colla-ar-atro-savienosanu-17mm\/#breadcrumb\",\"itemListElement\":[{\"@type\":\"ListItem\",\"position\":1,\"name\":\"\u0413\u043b\u0430\u0432\u043d\u0430\u044f \u0441\u0442\u0440\u0430\u043d\u0438\u0446\u0430\",\"item\":\"https:\/\/www.ibc.ee\/lv\/\"},{\"@type\":\"ListItem\",\"position\":2,\"name\":\"Veikals\",\"item\":\"https:\/\/www.ibc.ee\/lv\/shop\/\"},{\"@type\":\"ListItem\",\"position\":3,\"name\":\"P\u0101reja (adapteris) IBC tvertnei ar v\u0101rstu 3\/4 colla, ar \u0101tro savieno\u0161anu 17mm\"}]},{\"@type\":\"WebSite\",\"@id\":\"https:\/\/www.ibc.ee\/lv\/#website\",\"url\":\"https:\/\/www.ibc.ee\/lv\/\",\"name\":\"IBC konteineri m&uuml;&uuml;k, vaadid, kraanid, mahutid\",\"description\":\"IBC - Tank container valve, Adapters\\\\fittings, Intermediate bulk, container, Drums\/cans\",\"potentialAction\":[{\"@type\":\"SearchAction\",\"target\":{\"@type\":\"EntryPoint\",\"urlTemplate\":\"https:\/\/www.ibc.ee\/lv\/?s={search_term_string}\"},\"query-input\":{\"@type\":\"PropertyValueSpecification\",\"valueRequired\":true,\"valueName\":\"search_term_string\"}}],\"inLanguage\":\"lv-LV\"}]}<\/script>\n<!-- \/ Yoast SEO plugin. -->","yoast_head_json":{"title":"P\u0101reja (adapteris) IBC tvertnei ar v\u0101rstu 3\/4 colla, ar \u0101tro savieno\u0161anu 17mm","description":"P\u0101reja (adapteris) IBC tvertnei ar v\u0101rstu 3\/4 colla, ar \u0101tro savieno\u0161anu 17mm","robots":{"index":"index","follow":"follow","max-snippet":"max-snippet:-1","max-image-preview":"max-image-preview:large","max-video-preview":"max-video-preview:-1"},"canonical":"https:\/\/ibc.ee\/lv\/product\/pareja-adapteris-ibc-tvertnei-ar-varstu-3-4-colla-ar-atro-savienosanu-17mm\/","og_locale":"lv_LV","og_type":"article","og_title":"P\u0101reja (adapteris) IBC tvertnei ar v\u0101rstu 3\/4 colla, ar \u0101tro savieno\u0161anu 17mm","og_description":"P\u0101reja (adapteris) IBC tvertnei ar v\u0101rstu 3\/4 colla, ar \u0101tro savieno\u0161anu 17mm","og_url":"https:\/\/ibc.ee\/lv\/product\/pareja-adapteris-ibc-tvertnei-ar-varstu-3-4-colla-ar-atro-savienosanu-17mm\/","og_site_name":"IBC konteineri m&uuml;&uuml;k, vaadid, kraanid, mahutid","article_modified_time":"2020-05-17T16:14:16+00:00","og_image":[{"width":1000,"height":1000,"url":"https:\/\/ibc.ee\/wp-content\/uploads\/2020\/05\/Adapter-IBC-Geka-coupling-S60X6-female-34-valve-MM-DN20-PN30-nikkel-Geka-hose-brass-17-mm_1_wm.jpg","type":"image\/jpeg"}],"twitter_card":"summary_large_image","schema":{"@context":"https:\/\/schema.org","@graph":[{"@type":"WebPage","@id":"https:\/\/ibc.ee\/lv\/product\/pareja-adapteris-ibc-tvertnei-ar-varstu-3-4-colla-ar-atro-savienosanu-17mm\/","url":"https:\/\/ibc.ee\/lv\/product\/pareja-adapteris-ibc-tvertnei-ar-varstu-3-4-colla-ar-atro-savienosanu-17mm\/","name":"P\u0101reja (adapteris) IBC tvertnei ar v\u0101rstu 3\/4 colla, ar \u0101tro savieno\u0161anu 17mm","isPartOf":{"@id":"https:\/\/www.ibc.ee\/lv\/#website"},"primaryImageOfPage":{"@id":"https:\/\/ibc.ee\/lv\/product\/pareja-adapteris-ibc-tvertnei-ar-varstu-3-4-colla-ar-atro-savienosanu-17mm\/#primaryimage"},"image":{"@id":"https:\/\/ibc.ee\/lv\/product\/pareja-adapteris-ibc-tvertnei-ar-varstu-3-4-colla-ar-atro-savienosanu-17mm\/#primaryimage"},"thumbnailUrl":"https:\/\/ibc.ee\/wp-content\/uploads\/2020\/05\/Adapter-IBC-Geka-coupling-S60X6-female-34-valve-MM-DN20-PN30-nikkel-Geka-hose-brass-17-mm_1_wm.jpg","datePublished":"2020-05-17T16:07:46+00:00","dateModified":"2020-05-17T16:14:16+00:00","description":"P\u0101reja (adapteris) IBC tvertnei ar v\u0101rstu 3\/4 colla, ar \u0101tro savieno\u0161anu 17mm","breadcrumb":{"@id":"https:\/\/ibc.ee\/lv\/product\/pareja-adapteris-ibc-tvertnei-ar-varstu-3-4-colla-ar-atro-savienosanu-17mm\/#breadcrumb"},"inLanguage":"lv-LV","potentialAction":[{"@type":"ReadAction","target":["https:\/\/ibc.ee\/lv\/product\/pareja-adapteris-ibc-tvertnei-ar-varstu-3-4-colla-ar-atro-savienosanu-17mm\/"]}]},{"@type":"ImageObject","inLanguage":"lv-LV","@id":"https:\/\/ibc.ee\/lv\/product\/pareja-adapteris-ibc-tvertnei-ar-varstu-3-4-colla-ar-atro-savienosanu-17mm\/#primaryimage","url":"https:\/\/ibc.ee\/wp-content\/uploads\/2020\/05\/Adapter-IBC-Geka-coupling-S60X6-female-34-valve-MM-DN20-PN30-nikkel-Geka-hose-brass-17-mm_1_wm.jpg","contentUrl":"https:\/\/ibc.ee\/wp-content\/uploads\/2020\/05\/Adapter-IBC-Geka-coupling-S60X6-female-34-valve-MM-DN20-PN30-nikkel-Geka-hose-brass-17-mm_1_wm.jpg","width":1000,"height":1000,"caption":"P\u0101reja (adapteris) IBC tvertnei ar v\u0101rstu 3\/4 colla, ar \u0101tro savieno\u0161anu 17mm"},{"@type":"BreadcrumbList","@id":"https:\/\/ibc.ee\/lv\/product\/pareja-adapteris-ibc-tvertnei-ar-varstu-3-4-colla-ar-atro-savienosanu-17mm\/#breadcrumb","itemListElement":[{"@type":"ListItem","position":1,"name":"\u0413\u043b\u0430\u0432\u043d\u0430\u044f \u0441\u0442\u0440\u0430\u043d\u0438\u0446\u0430","item":"https:\/\/www.ibc.ee\/lv\/"},{"@type":"ListItem","position":2,"name":"Veikals","item":"https:\/\/www.ibc.ee\/lv\/shop\/"},{"@type":"ListItem","position":3,"name":"P\u0101reja (adapteris) IBC tvertnei ar v\u0101rstu 3\/4 colla, ar \u0101tro savieno\u0161anu 17mm"}]},{"@type":"WebSite","@id":"https:\/\/www.ibc.ee\/lv\/#website","url":"https:\/\/www.ibc.ee\/lv\/","name":"IBC konteineri m&uuml;&uuml;k, vaadid, kraanid, mahutid","description":"IBC - Tank container valve, Adapters\\fittings, Intermediate bulk, container, Drums\/cans","potentialAction":[{"@type":"SearchAction","target":{"@type":"EntryPoint","urlTemplate":"https:\/\/www.ibc.ee\/lv\/?s={search_term_string}"},"query-input":{"@type":"PropertyValueSpecification","valueRequired":true,"valueName":"search_term_string"}}],"inLanguage":"lv-LV"}]}},"_links":{"self":[{"href":"https:\/\/ibc.ee\/lv\/wp-json\/wp\/v2\/product\/19505","targetHints":{"allow":["GET"]}}],"collection":[{"href":"https:\/\/ibc.ee\/lv\/wp-json\/wp\/v2\/product"}],"about":[{"href":"https:\/\/ibc.ee\/lv\/wp-json\/wp\/v2\/types\/product"}],"wp:featuredmedia":[{"embeddable":true,"href":"https:\/\/ibc.ee\/lv\/wp-json\/wp\/v2\/media\/19510"}],"wp:attachment":[{"href":"https:\/\/ibc.ee\/lv\/wp-json\/wp\/v2\/media?parent=19505"}],"wp:term":[{"taxonomy":"product_brand","embeddable":true,"href":"https:\/\/ibc.ee\/lv\/wp-json\/wp\/v2\/product_brand?post=19505"},{"taxonomy":"product_cat","embeddable":true,"href":"https:\/\/ibc.ee\/lv\/wp-json\/wp\/v2\/product_cat?post=19505"},{"taxonomy":"product_tag","embeddable":true,"href":"https:\/\/ibc.ee\/lv\/wp-json\/wp\/v2\/product_tag?post=19505"}],"curies":[{"name":"wp","href":"https:\/\/api.w.org\/{rel}","templated":true}]}}