{"id":19771,"date":"2020-07-08T10:16:12","date_gmt":"2020-07-08T08:16:13","guid":{"rendered":"https:\/\/ibc.ee\/?post_type=product&#038;p=19771"},"modified":"2020-07-09T06:15:58","modified_gmt":"2020-07-09T04:15:58","slug":"metala-bungu-silditajs","status":"publish","type":"product","link":"https:\/\/ibc.ee\/lv\/product\/metala-bungu-silditajs\/","title":{"rendered":"Met\u0101la bungu sild\u012bt\u0101js"},"content":{"rendered":"<p>M\u016bsu bungu sild\u012bt\u0101ji ir lieliski piem\u0113roti muc\u0101m, kur\u0101s v\u0113laties saglab\u0101t saturu nemain\u012bg\u0101 temperat\u016br\u0101, noteikt\u0101 viskozit\u0101t\u0113 vai ne\u013caut saturam sasalst. Bungu sild\u012bt\u0101ji ir apr\u012bkoti ar viegli lietojamiem digit\u0101liem kontrolleriem vai termostatiem ar da\u017e\u0101diem sild\u012b\u0161anas diapazoniem no 0 \u00b0 C l\u012bdz 200 \u00b0 C, kas bungas sild\u012bt\u0101jus padara ide\u0101lus gandr\u012bz jebkuram m\u0113r\u0137im. Bungu sild\u012bt\u0101ji ir izstr\u0101d\u0101ti ar iztur\u012bgu un ilgsto\u0161u, augstas kvalit\u0101tes, vieglu dizainu, un konstrukcija kop\u0101 ar \u0101tras atlai\u0161anas siksnu siksn\u0101m padara bungu sild\u012bt\u0101ju viegli piestiprin\u0101mu jebkura standarta izm\u0113ra muc\u0101m.<\/p>\n","protected":false},"excerpt":{"rendered":"<p> \u2022 Paredz\u0113ts p\u0101rtikas r\u016bpniec\u012bbai. <br \/>\n\u2022 Silikona \/ stikla auduma jaka. <br \/>\n\u2022 Stikla pavediena sega. <br \/>\n\u2022 Silikona izol\u0113ts spir\u0101lveida br\u016bces pretest\u012bbas elements. <br \/>\n\u2022 Piel\u0101gojamas \u0101tr\u0101s spr\u0101dzes. <br \/>\n\u2022 3 metru (10 p\u0113das) baro\u0161anas kabelis. <br \/>\n\u2022 Standarta izm\u0113rs 200L (55 gal.). <br \/>\n\u2022 Termostats 0\u2013120 \u00b0 C (32\u2013248 \u00b0 F). <br \/>\n\u2022 IP54 aizsardz\u012bba. <br \/>\n\u2022 Iesild\u012b\u0161an\u0101s ilgums apm. 24 stundas (200 L \u016bdens no + 15 \u00b0 C l\u012bdz 80 \u00b0 C ar 1200 W bungas sild\u012bt\u0101ju). <\/p>\n<p style=\"text-align: justify;\">[popup_anything id=&#8221;15520&#8243;]<\/p>\n","protected":false},"featured_media":19790,"template":"","meta":[],"product_brand":[],"product_cat":[403],"product_tag":[],"class_list":{"0":"post-19771","1":"product","2":"type-product","3":"status-publish","4":"has-post-thumbnail","6":"product_cat-ibc-un-bungu-sildisana","7":"product_shipping_class-omniva-lv","9":"first","10":"onbackorder","11":"taxable","12":"shipping-taxable","13":"purchasable","14":"product-type-simple"},"yoast_head":"<!-- This site is optimized with the Yoast SEO plugin v26.9 - https:\/\/yoast.com\/product\/yoast-seo-wordpress\/ -->\n<title>Met\u0101la bungu sild\u012bt\u0101js<\/title>\n<meta name=\"description\" content=\"M\u016bsu bungu sild\u012bt\u0101ji ir lieliski piem\u0113roti muc\u0101m, kur\u0101s v\u0113laties saglab\u0101t saturu nemain\u012bg\u0101 temperat\u016br\u0101, noteikt\u0101 viskozit\u0101t\u0113 vai ne\u013caut saturam sasalst.\" \/>\n<meta name=\"robots\" content=\"index, follow, max-snippet:-1, max-image-preview:large, max-video-preview:-1\" \/>\n<link rel=\"canonical\" href=\"https:\/\/ibc.ee\/lv\/product\/metala-bungu-silditajs\/\" \/>\n<meta property=\"og:locale\" content=\"lv_LV\" \/>\n<meta property=\"og:type\" content=\"article\" \/>\n<meta property=\"og:title\" content=\"Met\u0101la bungu sild\u012bt\u0101js\" \/>\n<meta property=\"og:description\" content=\"M\u016bsu bungu sild\u012bt\u0101ji ir lieliski piem\u0113roti muc\u0101m, kur\u0101s v\u0113laties saglab\u0101t saturu nemain\u012bg\u0101 temperat\u016br\u0101, noteikt\u0101 viskozit\u0101t\u0113 vai ne\u013caut saturam sasalst.\" \/>\n<meta property=\"og:url\" content=\"https:\/\/ibc.ee\/lv\/product\/metala-bungu-silditajs\/\" \/>\n<meta property=\"og:site_name\" content=\"IBC konteineri m&uuml;&uuml;k, vaadid, kraanid, mahutid\" \/>\n<meta property=\"article:modified_time\" content=\"2020-07-09T04:15:58+00:00\" \/>\n<meta property=\"og:image\" content=\"https:\/\/ibc.ee\/wp-content\/uploads\/2020\/07\/Metal-200L-drum-heater-MasterChem.jpg\" \/>\n\t<meta property=\"og:image:width\" content=\"1000\" \/>\n\t<meta property=\"og:image:height\" content=\"1000\" \/>\n\t<meta property=\"og:image:type\" content=\"image\/jpeg\" \/>\n<meta name=\"twitter:card\" content=\"summary_large_image\" \/>\n<meta name=\"twitter:label1\" content=\"Est. reading time\" \/>\n\t<meta name=\"twitter:data1\" content=\"1 minute\" \/>\n<script type=\"application\/ld+json\" class=\"yoast-schema-graph\">{\"@context\":\"https:\/\/schema.org\",\"@graph\":[{\"@type\":\"WebPage\",\"@id\":\"https:\/\/ibc.ee\/lv\/product\/metala-bungu-silditajs\/\",\"url\":\"https:\/\/ibc.ee\/lv\/product\/metala-bungu-silditajs\/\",\"name\":\"Met\u0101la bungu sild\u012bt\u0101js\",\"isPartOf\":{\"@id\":\"https:\/\/ibc.ee\/lv\/#website\"},\"primaryImageOfPage\":{\"@id\":\"https:\/\/ibc.ee\/lv\/product\/metala-bungu-silditajs\/#primaryimage\"},\"image\":{\"@id\":\"https:\/\/ibc.ee\/lv\/product\/metala-bungu-silditajs\/#primaryimage\"},\"thumbnailUrl\":\"https:\/\/ibc.ee\/wp-content\/uploads\/2020\/07\/Metal-200L-drum-heater-MasterChem.jpg\",\"datePublished\":\"2020-07-08T08:16:13+00:00\",\"dateModified\":\"2020-07-09T04:15:58+00:00\",\"description\":\"M\u016bsu bungu sild\u012bt\u0101ji ir lieliski piem\u0113roti muc\u0101m, kur\u0101s v\u0113laties saglab\u0101t saturu nemain\u012bg\u0101 temperat\u016br\u0101, noteikt\u0101 viskozit\u0101t\u0113 vai ne\u013caut saturam sasalst.\",\"breadcrumb\":{\"@id\":\"https:\/\/ibc.ee\/lv\/product\/metala-bungu-silditajs\/#breadcrumb\"},\"inLanguage\":\"lv-LV\",\"potentialAction\":[{\"@type\":\"ReadAction\",\"target\":[\"https:\/\/ibc.ee\/lv\/product\/metala-bungu-silditajs\/\"]}]},{\"@type\":\"ImageObject\",\"inLanguage\":\"lv-LV\",\"@id\":\"https:\/\/ibc.ee\/lv\/product\/metala-bungu-silditajs\/#primaryimage\",\"url\":\"https:\/\/ibc.ee\/wp-content\/uploads\/2020\/07\/Metal-200L-drum-heater-MasterChem.jpg\",\"contentUrl\":\"https:\/\/ibc.ee\/wp-content\/uploads\/2020\/07\/Metal-200L-drum-heater-MasterChem.jpg\",\"width\":1000,\"height\":1000,\"caption\":\"Met\u0101la 200L bungu sild\u012bt\u0101js MasterChem\"},{\"@type\":\"BreadcrumbList\",\"@id\":\"https:\/\/ibc.ee\/lv\/product\/metala-bungu-silditajs\/#breadcrumb\",\"itemListElement\":[{\"@type\":\"ListItem\",\"position\":1,\"name\":\"\u0413\u043b\u0430\u0432\u043d\u0430\u044f \u0441\u0442\u0440\u0430\u043d\u0438\u0446\u0430\",\"item\":\"https:\/\/ibc.ee\/lv\/\"},{\"@type\":\"ListItem\",\"position\":2,\"name\":\"Veikals\",\"item\":\"https:\/\/ibc.ee\/lv\/shop\/\"},{\"@type\":\"ListItem\",\"position\":3,\"name\":\"Met\u0101la bungu sild\u012bt\u0101js\"}]},{\"@type\":\"WebSite\",\"@id\":\"https:\/\/ibc.ee\/lv\/#website\",\"url\":\"https:\/\/ibc.ee\/lv\/\",\"name\":\"IBC konteineri m&uuml;&uuml;k, vaadid, kraanid, mahutid\",\"description\":\"IBC - Tank container valve, Adapters\\\\fittings, Intermediate bulk, container, Drums\/cans\",\"potentialAction\":[{\"@type\":\"SearchAction\",\"target\":{\"@type\":\"EntryPoint\",\"urlTemplate\":\"https:\/\/ibc.ee\/lv\/?s={search_term_string}\"},\"query-input\":{\"@type\":\"PropertyValueSpecification\",\"valueRequired\":true,\"valueName\":\"search_term_string\"}}],\"inLanguage\":\"lv-LV\"}]}<\/script>\n<!-- \/ Yoast SEO plugin. -->","yoast_head_json":{"title":"Met\u0101la bungu sild\u012bt\u0101js","description":"M\u016bsu bungu sild\u012bt\u0101ji ir lieliski piem\u0113roti muc\u0101m, kur\u0101s v\u0113laties saglab\u0101t saturu nemain\u012bg\u0101 temperat\u016br\u0101, noteikt\u0101 viskozit\u0101t\u0113 vai ne\u013caut saturam sasalst.","robots":{"index":"index","follow":"follow","max-snippet":"max-snippet:-1","max-image-preview":"max-image-preview:large","max-video-preview":"max-video-preview:-1"},"canonical":"https:\/\/ibc.ee\/lv\/product\/metala-bungu-silditajs\/","og_locale":"lv_LV","og_type":"article","og_title":"Met\u0101la bungu sild\u012bt\u0101js","og_description":"M\u016bsu bungu sild\u012bt\u0101ji ir lieliski piem\u0113roti muc\u0101m, kur\u0101s v\u0113laties saglab\u0101t saturu nemain\u012bg\u0101 temperat\u016br\u0101, noteikt\u0101 viskozit\u0101t\u0113 vai ne\u013caut saturam sasalst.","og_url":"https:\/\/ibc.ee\/lv\/product\/metala-bungu-silditajs\/","og_site_name":"IBC konteineri m&uuml;&uuml;k, vaadid, kraanid, mahutid","article_modified_time":"2020-07-09T04:15:58+00:00","og_image":[{"width":1000,"height":1000,"url":"https:\/\/ibc.ee\/wp-content\/uploads\/2020\/07\/Metal-200L-drum-heater-MasterChem.jpg","type":"image\/jpeg"}],"twitter_card":"summary_large_image","twitter_misc":{"Est. reading time":"1 minute"},"schema":{"@context":"https:\/\/schema.org","@graph":[{"@type":"WebPage","@id":"https:\/\/ibc.ee\/lv\/product\/metala-bungu-silditajs\/","url":"https:\/\/ibc.ee\/lv\/product\/metala-bungu-silditajs\/","name":"Met\u0101la bungu sild\u012bt\u0101js","isPartOf":{"@id":"https:\/\/ibc.ee\/lv\/#website"},"primaryImageOfPage":{"@id":"https:\/\/ibc.ee\/lv\/product\/metala-bungu-silditajs\/#primaryimage"},"image":{"@id":"https:\/\/ibc.ee\/lv\/product\/metala-bungu-silditajs\/#primaryimage"},"thumbnailUrl":"https:\/\/ibc.ee\/wp-content\/uploads\/2020\/07\/Metal-200L-drum-heater-MasterChem.jpg","datePublished":"2020-07-08T08:16:13+00:00","dateModified":"2020-07-09T04:15:58+00:00","description":"M\u016bsu bungu sild\u012bt\u0101ji ir lieliski piem\u0113roti muc\u0101m, kur\u0101s v\u0113laties saglab\u0101t saturu nemain\u012bg\u0101 temperat\u016br\u0101, noteikt\u0101 viskozit\u0101t\u0113 vai ne\u013caut saturam sasalst.","breadcrumb":{"@id":"https:\/\/ibc.ee\/lv\/product\/metala-bungu-silditajs\/#breadcrumb"},"inLanguage":"lv-LV","potentialAction":[{"@type":"ReadAction","target":["https:\/\/ibc.ee\/lv\/product\/metala-bungu-silditajs\/"]}]},{"@type":"ImageObject","inLanguage":"lv-LV","@id":"https:\/\/ibc.ee\/lv\/product\/metala-bungu-silditajs\/#primaryimage","url":"https:\/\/ibc.ee\/wp-content\/uploads\/2020\/07\/Metal-200L-drum-heater-MasterChem.jpg","contentUrl":"https:\/\/ibc.ee\/wp-content\/uploads\/2020\/07\/Metal-200L-drum-heater-MasterChem.jpg","width":1000,"height":1000,"caption":"Met\u0101la 200L bungu sild\u012bt\u0101js MasterChem"},{"@type":"BreadcrumbList","@id":"https:\/\/ibc.ee\/lv\/product\/metala-bungu-silditajs\/#breadcrumb","itemListElement":[{"@type":"ListItem","position":1,"name":"\u0413\u043b\u0430\u0432\u043d\u0430\u044f \u0441\u0442\u0440\u0430\u043d\u0438\u0446\u0430","item":"https:\/\/ibc.ee\/lv\/"},{"@type":"ListItem","position":2,"name":"Veikals","item":"https:\/\/ibc.ee\/lv\/shop\/"},{"@type":"ListItem","position":3,"name":"Met\u0101la bungu sild\u012bt\u0101js"}]},{"@type":"WebSite","@id":"https:\/\/ibc.ee\/lv\/#website","url":"https:\/\/ibc.ee\/lv\/","name":"IBC konteineri m&uuml;&uuml;k, vaadid, kraanid, mahutid","description":"IBC - Tank container valve, Adapters\\fittings, Intermediate bulk, container, Drums\/cans","potentialAction":[{"@type":"SearchAction","target":{"@type":"EntryPoint","urlTemplate":"https:\/\/ibc.ee\/lv\/?s={search_term_string}"},"query-input":{"@type":"PropertyValueSpecification","valueRequired":true,"valueName":"search_term_string"}}],"inLanguage":"lv-LV"}]}},"_links":{"self":[{"href":"https:\/\/ibc.ee\/lv\/wp-json\/wp\/v2\/product\/19771","targetHints":{"allow":["GET"]}}],"collection":[{"href":"https:\/\/ibc.ee\/lv\/wp-json\/wp\/v2\/product"}],"about":[{"href":"https:\/\/ibc.ee\/lv\/wp-json\/wp\/v2\/types\/product"}],"wp:featuredmedia":[{"embeddable":true,"href":"https:\/\/ibc.ee\/lv\/wp-json\/wp\/v2\/media\/19790"}],"wp:attachment":[{"href":"https:\/\/ibc.ee\/lv\/wp-json\/wp\/v2\/media?parent=19771"}],"wp:term":[{"taxonomy":"product_brand","embeddable":true,"href":"https:\/\/ibc.ee\/lv\/wp-json\/wp\/v2\/product_brand?post=19771"},{"taxonomy":"product_cat","embeddable":true,"href":"https:\/\/ibc.ee\/lv\/wp-json\/wp\/v2\/product_cat?post=19771"},{"taxonomy":"product_tag","embeddable":true,"href":"https:\/\/ibc.ee\/lv\/wp-json\/wp\/v2\/product_tag?post=19771"}],"curies":[{"name":"wp","href":"https:\/\/api.w.org\/{rel}","templated":true}]}}