{"id":19852,"date":"2020-07-08T19:08:38","date_gmt":"2020-07-08T17:08:39","guid":{"rendered":"https:\/\/www.ibc.ee\/?post_type=product&#038;p=19852"},"modified":"2020-07-08T20:13:16","modified_gmt":"2020-07-08T18:13:16","slug":"ibc-konteineru-sildisanas-jaka","status":"publish","type":"product","link":"https:\/\/ibc.ee\/lv\/product\/ibc-konteineru-sildisanas-jaka\/","title":{"rendered":"IBC konteineru sild\u012b\u0161anas jaka"},"content":{"rendered":"<p>IBC tvertnes sild\u012b\u0161ana, kas aptver konteineru k\u0101 apvalku. \u012apa\u0161i piem\u0113rots viskoz\u0101ku \u0161\u0137idrumu, piem\u0113ram, e\u013c\u013cas, d\u012bze\u013cdegvielas, s\u012brupu, sm\u0113rvielu, sm\u0113rvielu, petrolatuma, vasku, l\u012bmju utt. Sild\u012b\u0161anai, kas vienm\u0113r\u012bgi j\u0101uzsilda vis\u0101 tvertn\u0113. Ja nepiecie\u0161ams, tvertnes sild\u012b\u0161ana tiek sadal\u012bta 1 &#8211; 3 zon\u0101s, kas apr\u012bkotas ar termostatu. Piem\u0113rots standarta 1000L konteineriem.<\/p>\n","protected":false},"excerpt":{"rendered":"<p> <strong> Tehnisk\u0101s specifik\u0101cijas: <\/strong> <br \/>\n\u2022 integr\u0113ts regul\u0113jams termostats no 0 l\u012bdz 90 \u00b0 C <br \/>\n\u2022 Regul\u0113jamas atlai\u0161anas spr\u0101dzes \u0113rtai uzst\u0101d\u012b\u0161anai. <br \/>\n\u2022 IP51 aizsardz\u012bbas l\u012bmenis <\/p>\n<p> 2000W pie 230 V. <\/p>\n<p> Ja trauk\u0101 bija \u016bdens, tad 2x1000W tvertnes sild\u012b\u0161anas laiks 48 stundu laik\u0101 b\u016btu no + 15\u00ba C l\u012bdz + 50\u00baC. <\/p>\n<p style=\"text-align: justify;\">[popup_anything id=&#8221;15520&#8243;]<\/p>\n","protected":false},"featured_media":19857,"template":"","meta":[],"product_brand":[],"product_cat":[403],"product_tag":[],"class_list":{"0":"post-19852","1":"product","2":"type-product","3":"status-publish","4":"has-post-thumbnail","6":"product_cat-ibc-un-bungu-sildisana","7":"product_shipping_class-omniva-lv","9":"first","10":"onbackorder","11":"taxable","12":"shipping-taxable","13":"purchasable","14":"product-type-simple"},"yoast_head":"<!-- This site is optimized with the Yoast SEO plugin v26.9 - https:\/\/yoast.com\/product\/yoast-seo-wordpress\/ -->\n<title>IBC konteineru sild\u012b\u0161anas jaka<\/title>\n<meta name=\"description\" content=\"IBC tvertnes sild\u012b\u0161ana, kas aptver konteineru k\u0101 apvalku. \u012apa\u0161i piem\u0113rots viskoz\u0101ku \u0161\u0137idrumu, piem\u0113ram, e\u013c\u013cas, d\u012bze\u013cdegvielas, s\u012brupu, sm\u0113rvielu, sm\u0113rvielu, petrolatuma, vasku, l\u012bmju utt.\" \/>\n<meta name=\"robots\" content=\"index, follow, max-snippet:-1, max-image-preview:large, max-video-preview:-1\" \/>\n<link rel=\"canonical\" href=\"https:\/\/ibc.ee\/lv\/product\/ibc-konteineru-sildisanas-jaka\/\" \/>\n<meta property=\"og:locale\" content=\"lv_LV\" \/>\n<meta property=\"og:type\" content=\"article\" \/>\n<meta property=\"og:title\" content=\"IBC konteineru sild\u012b\u0161anas jaka\" \/>\n<meta property=\"og:description\" content=\"IBC tvertnes sild\u012b\u0161ana, kas aptver konteineru k\u0101 apvalku. \u012apa\u0161i piem\u0113rots viskoz\u0101ku \u0161\u0137idrumu, piem\u0113ram, e\u013c\u013cas, d\u012bze\u013cdegvielas, s\u012brupu, sm\u0113rvielu, sm\u0113rvielu, petrolatuma, vasku, l\u012bmju utt.\" \/>\n<meta property=\"og:url\" content=\"https:\/\/ibc.ee\/lv\/product\/ibc-konteineru-sildisanas-jaka\/\" \/>\n<meta property=\"og:site_name\" content=\"IBC konteineri m&uuml;&uuml;k, vaadid, kraanid, mahutid\" \/>\n<meta property=\"article:modified_time\" content=\"2020-07-08T18:13:16+00:00\" \/>\n<meta property=\"og:image\" content=\"https:\/\/ibc.ee\/wp-content\/uploads\/2020\/07\/IBC-konteiner-mahuti-kuttemantel-MasterChem.jpg\" \/>\n\t<meta property=\"og:image:width\" content=\"1000\" \/>\n\t<meta property=\"og:image:height\" content=\"1000\" \/>\n\t<meta property=\"og:image:type\" content=\"image\/jpeg\" \/>\n<meta name=\"twitter:card\" content=\"summary_large_image\" \/>\n<script type=\"application\/ld+json\" class=\"yoast-schema-graph\">{\"@context\":\"https:\/\/schema.org\",\"@graph\":[{\"@type\":\"WebPage\",\"@id\":\"https:\/\/ibc.ee\/lv\/product\/ibc-konteineru-sildisanas-jaka\/\",\"url\":\"https:\/\/ibc.ee\/lv\/product\/ibc-konteineru-sildisanas-jaka\/\",\"name\":\"IBC konteineru sild\u012b\u0161anas jaka\",\"isPartOf\":{\"@id\":\"https:\/\/www.ibc.ee\/lv\/#website\"},\"primaryImageOfPage\":{\"@id\":\"https:\/\/ibc.ee\/lv\/product\/ibc-konteineru-sildisanas-jaka\/#primaryimage\"},\"image\":{\"@id\":\"https:\/\/ibc.ee\/lv\/product\/ibc-konteineru-sildisanas-jaka\/#primaryimage\"},\"thumbnailUrl\":\"https:\/\/ibc.ee\/wp-content\/uploads\/2020\/07\/IBC-konteiner-mahuti-kuttemantel-MasterChem.jpg\",\"datePublished\":\"2020-07-08T17:08:39+00:00\",\"dateModified\":\"2020-07-08T18:13:16+00:00\",\"description\":\"IBC tvertnes sild\u012b\u0161ana, kas aptver konteineru k\u0101 apvalku. \u012apa\u0161i piem\u0113rots viskoz\u0101ku \u0161\u0137idrumu, piem\u0113ram, e\u013c\u013cas, d\u012bze\u013cdegvielas, s\u012brupu, sm\u0113rvielu, sm\u0113rvielu, petrolatuma, vasku, l\u012bmju utt.\",\"breadcrumb\":{\"@id\":\"https:\/\/ibc.ee\/lv\/product\/ibc-konteineru-sildisanas-jaka\/#breadcrumb\"},\"inLanguage\":\"lv-LV\",\"potentialAction\":[{\"@type\":\"ReadAction\",\"target\":[\"https:\/\/ibc.ee\/lv\/product\/ibc-konteineru-sildisanas-jaka\/\"]}]},{\"@type\":\"ImageObject\",\"inLanguage\":\"lv-LV\",\"@id\":\"https:\/\/ibc.ee\/lv\/product\/ibc-konteineru-sildisanas-jaka\/#primaryimage\",\"url\":\"https:\/\/ibc.ee\/wp-content\/uploads\/2020\/07\/IBC-konteiner-mahuti-kuttemantel-MasterChem.jpg\",\"contentUrl\":\"https:\/\/ibc.ee\/wp-content\/uploads\/2020\/07\/IBC-konteiner-mahuti-kuttemantel-MasterChem.jpg\",\"width\":1000,\"height\":1000,\"caption\":\"IBC konteineru sild\u012b\u0161anas jaka\"},{\"@type\":\"BreadcrumbList\",\"@id\":\"https:\/\/ibc.ee\/lv\/product\/ibc-konteineru-sildisanas-jaka\/#breadcrumb\",\"itemListElement\":[{\"@type\":\"ListItem\",\"position\":1,\"name\":\"\u0413\u043b\u0430\u0432\u043d\u0430\u044f \u0441\u0442\u0440\u0430\u043d\u0438\u0446\u0430\",\"item\":\"https:\/\/www.ibc.ee\/lv\/\"},{\"@type\":\"ListItem\",\"position\":2,\"name\":\"Veikals\",\"item\":\"https:\/\/www.ibc.ee\/lv\/shop\/\"},{\"@type\":\"ListItem\",\"position\":3,\"name\":\"IBC konteineru sild\u012b\u0161anas jaka\"}]},{\"@type\":\"WebSite\",\"@id\":\"https:\/\/www.ibc.ee\/lv\/#website\",\"url\":\"https:\/\/www.ibc.ee\/lv\/\",\"name\":\"IBC konteineri m&uuml;&uuml;k, vaadid, kraanid, mahutid\",\"description\":\"IBC - Tank container valve, Adapters\\\\fittings, Intermediate bulk, container, Drums\/cans\",\"potentialAction\":[{\"@type\":\"SearchAction\",\"target\":{\"@type\":\"EntryPoint\",\"urlTemplate\":\"https:\/\/www.ibc.ee\/lv\/?s={search_term_string}\"},\"query-input\":{\"@type\":\"PropertyValueSpecification\",\"valueRequired\":true,\"valueName\":\"search_term_string\"}}],\"inLanguage\":\"lv-LV\"}]}<\/script>\n<!-- \/ Yoast SEO plugin. -->","yoast_head_json":{"title":"IBC konteineru sild\u012b\u0161anas jaka","description":"IBC tvertnes sild\u012b\u0161ana, kas aptver konteineru k\u0101 apvalku. \u012apa\u0161i piem\u0113rots viskoz\u0101ku \u0161\u0137idrumu, piem\u0113ram, e\u013c\u013cas, d\u012bze\u013cdegvielas, s\u012brupu, sm\u0113rvielu, sm\u0113rvielu, petrolatuma, vasku, l\u012bmju utt.","robots":{"index":"index","follow":"follow","max-snippet":"max-snippet:-1","max-image-preview":"max-image-preview:large","max-video-preview":"max-video-preview:-1"},"canonical":"https:\/\/ibc.ee\/lv\/product\/ibc-konteineru-sildisanas-jaka\/","og_locale":"lv_LV","og_type":"article","og_title":"IBC konteineru sild\u012b\u0161anas jaka","og_description":"IBC tvertnes sild\u012b\u0161ana, kas aptver konteineru k\u0101 apvalku. \u012apa\u0161i piem\u0113rots viskoz\u0101ku \u0161\u0137idrumu, piem\u0113ram, e\u013c\u013cas, d\u012bze\u013cdegvielas, s\u012brupu, sm\u0113rvielu, sm\u0113rvielu, petrolatuma, vasku, l\u012bmju utt.","og_url":"https:\/\/ibc.ee\/lv\/product\/ibc-konteineru-sildisanas-jaka\/","og_site_name":"IBC konteineri m&uuml;&uuml;k, vaadid, kraanid, mahutid","article_modified_time":"2020-07-08T18:13:16+00:00","og_image":[{"width":1000,"height":1000,"url":"https:\/\/ibc.ee\/wp-content\/uploads\/2020\/07\/IBC-konteiner-mahuti-kuttemantel-MasterChem.jpg","type":"image\/jpeg"}],"twitter_card":"summary_large_image","schema":{"@context":"https:\/\/schema.org","@graph":[{"@type":"WebPage","@id":"https:\/\/ibc.ee\/lv\/product\/ibc-konteineru-sildisanas-jaka\/","url":"https:\/\/ibc.ee\/lv\/product\/ibc-konteineru-sildisanas-jaka\/","name":"IBC konteineru sild\u012b\u0161anas jaka","isPartOf":{"@id":"https:\/\/www.ibc.ee\/lv\/#website"},"primaryImageOfPage":{"@id":"https:\/\/ibc.ee\/lv\/product\/ibc-konteineru-sildisanas-jaka\/#primaryimage"},"image":{"@id":"https:\/\/ibc.ee\/lv\/product\/ibc-konteineru-sildisanas-jaka\/#primaryimage"},"thumbnailUrl":"https:\/\/ibc.ee\/wp-content\/uploads\/2020\/07\/IBC-konteiner-mahuti-kuttemantel-MasterChem.jpg","datePublished":"2020-07-08T17:08:39+00:00","dateModified":"2020-07-08T18:13:16+00:00","description":"IBC tvertnes sild\u012b\u0161ana, kas aptver konteineru k\u0101 apvalku. \u012apa\u0161i piem\u0113rots viskoz\u0101ku \u0161\u0137idrumu, piem\u0113ram, e\u013c\u013cas, d\u012bze\u013cdegvielas, s\u012brupu, sm\u0113rvielu, sm\u0113rvielu, petrolatuma, vasku, l\u012bmju utt.","breadcrumb":{"@id":"https:\/\/ibc.ee\/lv\/product\/ibc-konteineru-sildisanas-jaka\/#breadcrumb"},"inLanguage":"lv-LV","potentialAction":[{"@type":"ReadAction","target":["https:\/\/ibc.ee\/lv\/product\/ibc-konteineru-sildisanas-jaka\/"]}]},{"@type":"ImageObject","inLanguage":"lv-LV","@id":"https:\/\/ibc.ee\/lv\/product\/ibc-konteineru-sildisanas-jaka\/#primaryimage","url":"https:\/\/ibc.ee\/wp-content\/uploads\/2020\/07\/IBC-konteiner-mahuti-kuttemantel-MasterChem.jpg","contentUrl":"https:\/\/ibc.ee\/wp-content\/uploads\/2020\/07\/IBC-konteiner-mahuti-kuttemantel-MasterChem.jpg","width":1000,"height":1000,"caption":"IBC konteineru sild\u012b\u0161anas jaka"},{"@type":"BreadcrumbList","@id":"https:\/\/ibc.ee\/lv\/product\/ibc-konteineru-sildisanas-jaka\/#breadcrumb","itemListElement":[{"@type":"ListItem","position":1,"name":"\u0413\u043b\u0430\u0432\u043d\u0430\u044f \u0441\u0442\u0440\u0430\u043d\u0438\u0446\u0430","item":"https:\/\/www.ibc.ee\/lv\/"},{"@type":"ListItem","position":2,"name":"Veikals","item":"https:\/\/www.ibc.ee\/lv\/shop\/"},{"@type":"ListItem","position":3,"name":"IBC konteineru sild\u012b\u0161anas jaka"}]},{"@type":"WebSite","@id":"https:\/\/www.ibc.ee\/lv\/#website","url":"https:\/\/www.ibc.ee\/lv\/","name":"IBC konteineri m&uuml;&uuml;k, vaadid, kraanid, mahutid","description":"IBC - Tank container valve, Adapters\\fittings, Intermediate bulk, container, Drums\/cans","potentialAction":[{"@type":"SearchAction","target":{"@type":"EntryPoint","urlTemplate":"https:\/\/www.ibc.ee\/lv\/?s={search_term_string}"},"query-input":{"@type":"PropertyValueSpecification","valueRequired":true,"valueName":"search_term_string"}}],"inLanguage":"lv-LV"}]}},"_links":{"self":[{"href":"https:\/\/ibc.ee\/lv\/wp-json\/wp\/v2\/product\/19852","targetHints":{"allow":["GET"]}}],"collection":[{"href":"https:\/\/ibc.ee\/lv\/wp-json\/wp\/v2\/product"}],"about":[{"href":"https:\/\/ibc.ee\/lv\/wp-json\/wp\/v2\/types\/product"}],"wp:featuredmedia":[{"embeddable":true,"href":"https:\/\/ibc.ee\/lv\/wp-json\/wp\/v2\/media\/19857"}],"wp:attachment":[{"href":"https:\/\/ibc.ee\/lv\/wp-json\/wp\/v2\/media?parent=19852"}],"wp:term":[{"taxonomy":"product_brand","embeddable":true,"href":"https:\/\/ibc.ee\/lv\/wp-json\/wp\/v2\/product_brand?post=19852"},{"taxonomy":"product_cat","embeddable":true,"href":"https:\/\/ibc.ee\/lv\/wp-json\/wp\/v2\/product_cat?post=19852"},{"taxonomy":"product_tag","embeddable":true,"href":"https:\/\/ibc.ee\/lv\/wp-json\/wp\/v2\/product_tag?post=19852"}],"curies":[{"name":"wp","href":"https:\/\/api.w.org\/{rel}","templated":true}]}}