{"id":19921,"date":"2020-08-18T06:35:35","date_gmt":"2020-08-18T04:35:36","guid":{"rendered":"https:\/\/ibc.ee\/?post_type=product&#038;p=19921"},"modified":"2025-06-26T14:54:39","modified_gmt":"2025-06-26T12:54:39","slug":"th-plastmasas-var-220l-200-aizdedzinaja","status":"publish","type":"product","link":"https:\/\/ibc.ee\/lv\/product\/th-plastmasas-var-220l-200-aizdedzinaja\/","title":{"rendered":"TH plastmasas var 220L 200 aizdedzin\u0101ja"},"content":{"rendered":"<p>TH plastmasas kanna 220L \/ 200 lit ir izgatavota no r\u016bpnieciskas iztur\u012bbas augstas molekulmasas polietil\u0113na (HMWPE) plastmasas, kas l\u012bdz\u012bga HDPE, bet ir iztur\u012bg\u0101ka, ar \u012bpa\u0161i biez\u0101m sien\u0101m, lai nodro\u0161in\u0101tu izcilu veiktsp\u0113ju un ilgsto\u0161u iztur\u012bbu. \u0160\u012b sl\u0113gt\u0101 cilindra bez\u0161uvju konstrukcija ir piem\u0113rota izmanto\u0161anai \u0101rpus telp\u0101m. Var izmantot k\u0101 lietus mucu, peldo\u0161u mucu vai boju, k\u0101 ar\u012b \u0137\u012bmisku vielu, e\u013c\u013cu un daudz ko citu.<\/p>\n","protected":false},"excerpt":{"rendered":"<p>TH plastmasas kanna 220L \/ 200 lit ir izgatavota no r\u016bpnieciskas iztur\u012bbas augstas molekulmasas polietil\u0113na (HMWPE) plastmasas, kas l\u012bdz\u012bga HDPE, bet ir iztur\u012bg\u0101ka, ar \u012bpa\u0161i biez\u0101m sien\u0101m, lai nodro\u0161in\u0101tu izcilu veiktsp\u0113ju un ilgsto\u0161u iztur\u012bbu. \u0160\u012b sl\u0113gt\u0101 cilindra bez\u0161uvju konstrukcija ir piem\u0113rota izmanto\u0161anai \u0101rpus telp\u0101m. Var izmantot k\u0101 lietus mucu, peldo\u0161u mucu vai boju, k\u0101 ar\u012b [&hellip;]<\/p>\n","protected":false},"featured_media":19926,"template":"","meta":[],"product_brand":[],"product_cat":[313],"product_tag":[],"class_list":{"0":"post-19921","1":"product","2":"type-product","3":"status-publish","4":"has-post-thumbnail","6":"product_cat-bungas-un-skardenes","7":"product_shipping_class-drums-and-cans-lv","9":"first","10":"onbackorder","11":"taxable","12":"shipping-taxable","13":"purchasable","14":"product-type-simple"},"yoast_head":"<!-- This site is optimized with the Yoast SEO plugin v26.9 - https:\/\/yoast.com\/product\/yoast-seo-wordpress\/ -->\n<title>TH plastmasas var 220L 200 aizdedzin\u0101ja - IBC konteineri m&uuml;&uuml;k, vaadid, kraanid, mahutid<\/title>\n<meta name=\"description\" content=\"TH plastmasas kanna 220L \/ 200 lit ir izgatavota no r\u016bpnieciskas iztur\u012bbas augstas molekulmasas polietil\u0113na (HMWPE) plastmasas, kas l\u012bdz\u012bga HDPE, bet ir iztur\u012bg\u0101ka, ar \u012bpa\u0161i biez\u0101m sien\u0101m, lai nodro\u0161in\u0101tu izcilu veiktsp\u0113ju un ilgsto\u0161u iztur\u012bbu.\" \/>\n<meta name=\"robots\" content=\"index, follow, max-snippet:-1, max-image-preview:large, max-video-preview:-1\" \/>\n<link rel=\"canonical\" href=\"https:\/\/ibc.ee\/lv\/product\/th-plastmasas-var-220l-200-aizdedzinaja\/\" \/>\n<meta property=\"og:locale\" content=\"lv_LV\" \/>\n<meta property=\"og:type\" content=\"article\" \/>\n<meta property=\"og:title\" content=\"TH plastmasas var 220L 200 aizdedzin\u0101ja - IBC konteineri m&uuml;&uuml;k, vaadid, kraanid, mahutid\" \/>\n<meta property=\"og:description\" content=\"TH plastmasas kanna 220L \/ 200 lit ir izgatavota no r\u016bpnieciskas iztur\u012bbas augstas molekulmasas polietil\u0113na (HMWPE) plastmasas, kas l\u012bdz\u012bga HDPE, bet ir iztur\u012bg\u0101ka, ar \u012bpa\u0161i biez\u0101m sien\u0101m, lai nodro\u0161in\u0101tu izcilu veiktsp\u0113ju un ilgsto\u0161u iztur\u012bbu.\" \/>\n<meta property=\"og:url\" content=\"https:\/\/ibc.ee\/lv\/product\/th-plastmasas-var-220l-200-aizdedzinaja\/\" \/>\n<meta property=\"og:site_name\" content=\"IBC konteineri m&uuml;&uuml;k, vaadid, kraanid, mahutid\" \/>\n<meta property=\"article:modified_time\" content=\"2025-06-26T12:54:39+00:00\" \/>\n<meta property=\"og:image\" content=\"https:\/\/ibc.ee\/wp-content\/uploads\/2020\/08\/200-plastic-barrel.jpg\" \/>\n\t<meta property=\"og:image:width\" content=\"1000\" \/>\n\t<meta property=\"og:image:height\" content=\"1000\" \/>\n\t<meta property=\"og:image:type\" content=\"image\/jpeg\" \/>\n<meta name=\"twitter:card\" content=\"summary_large_image\" \/>\n<meta name=\"twitter:label1\" content=\"Est. reading time\" \/>\n\t<meta name=\"twitter:data1\" content=\"1 minute\" \/>\n<script type=\"application\/ld+json\" class=\"yoast-schema-graph\">{\"@context\":\"https:\/\/schema.org\",\"@graph\":[{\"@type\":\"WebPage\",\"@id\":\"https:\/\/ibc.ee\/lv\/product\/th-plastmasas-var-220l-200-aizdedzinaja\/\",\"url\":\"https:\/\/ibc.ee\/lv\/product\/th-plastmasas-var-220l-200-aizdedzinaja\/\",\"name\":\"TH plastmasas var 220L 200 aizdedzin\u0101ja - IBC konteineri m&uuml;&uuml;k, vaadid, kraanid, mahutid\",\"isPartOf\":{\"@id\":\"https:\/\/www.ibc.ee\/lv\/#website\"},\"primaryImageOfPage\":{\"@id\":\"https:\/\/ibc.ee\/lv\/product\/th-plastmasas-var-220l-200-aizdedzinaja\/#primaryimage\"},\"image\":{\"@id\":\"https:\/\/ibc.ee\/lv\/product\/th-plastmasas-var-220l-200-aizdedzinaja\/#primaryimage\"},\"thumbnailUrl\":\"https:\/\/ibc.ee\/wp-content\/uploads\/2020\/08\/200-plastic-barrel.jpg\",\"datePublished\":\"2020-08-18T04:35:36+00:00\",\"dateModified\":\"2025-06-26T12:54:39+00:00\",\"description\":\"TH plastmasas kanna 220L \/ 200 lit ir izgatavota no r\u016bpnieciskas iztur\u012bbas augstas molekulmasas polietil\u0113na (HMWPE) plastmasas, kas l\u012bdz\u012bga HDPE, bet ir iztur\u012bg\u0101ka, ar \u012bpa\u0161i biez\u0101m sien\u0101m, lai nodro\u0161in\u0101tu izcilu veiktsp\u0113ju un ilgsto\u0161u iztur\u012bbu.\",\"breadcrumb\":{\"@id\":\"https:\/\/ibc.ee\/lv\/product\/th-plastmasas-var-220l-200-aizdedzinaja\/#breadcrumb\"},\"inLanguage\":\"lv-LV\",\"potentialAction\":[{\"@type\":\"ReadAction\",\"target\":[\"https:\/\/ibc.ee\/lv\/product\/th-plastmasas-var-220l-200-aizdedzinaja\/\"]}]},{\"@type\":\"ImageObject\",\"inLanguage\":\"lv-LV\",\"@id\":\"https:\/\/ibc.ee\/lv\/product\/th-plastmasas-var-220l-200-aizdedzinaja\/#primaryimage\",\"url\":\"https:\/\/ibc.ee\/wp-content\/uploads\/2020\/08\/200-plastic-barrel.jpg\",\"contentUrl\":\"https:\/\/ibc.ee\/wp-content\/uploads\/2020\/08\/200-plastic-barrel.jpg\",\"width\":1000,\"height\":1000,\"caption\":\"TH plastmasas var 220L 200 aizdedzin\u0101ja\"},{\"@type\":\"BreadcrumbList\",\"@id\":\"https:\/\/ibc.ee\/lv\/product\/th-plastmasas-var-220l-200-aizdedzinaja\/#breadcrumb\",\"itemListElement\":[{\"@type\":\"ListItem\",\"position\":1,\"name\":\"\u0413\u043b\u0430\u0432\u043d\u0430\u044f \u0441\u0442\u0440\u0430\u043d\u0438\u0446\u0430\",\"item\":\"https:\/\/www.ibc.ee\/lv\/\"},{\"@type\":\"ListItem\",\"position\":2,\"name\":\"Veikals\",\"item\":\"https:\/\/www.ibc.ee\/lv\/shop\/\"},{\"@type\":\"ListItem\",\"position\":3,\"name\":\"TH plastmasas var 220L 200 aizdedzin\u0101ja\"}]},{\"@type\":\"WebSite\",\"@id\":\"https:\/\/www.ibc.ee\/lv\/#website\",\"url\":\"https:\/\/www.ibc.ee\/lv\/\",\"name\":\"IBC konteineri m&uuml;&uuml;k, vaadid, kraanid, mahutid\",\"description\":\"IBC - Tank container valve, Adapters\\\\fittings, Intermediate bulk, container, Drums\/cans\",\"potentialAction\":[{\"@type\":\"SearchAction\",\"target\":{\"@type\":\"EntryPoint\",\"urlTemplate\":\"https:\/\/www.ibc.ee\/lv\/?s={search_term_string}\"},\"query-input\":{\"@type\":\"PropertyValueSpecification\",\"valueRequired\":true,\"valueName\":\"search_term_string\"}}],\"inLanguage\":\"lv-LV\"}]}<\/script>\n<!-- \/ Yoast SEO plugin. -->","yoast_head_json":{"title":"TH plastmasas var 220L 200 aizdedzin\u0101ja - IBC konteineri m&uuml;&uuml;k, vaadid, kraanid, mahutid","description":"TH plastmasas kanna 220L \/ 200 lit ir izgatavota no r\u016bpnieciskas iztur\u012bbas augstas molekulmasas polietil\u0113na (HMWPE) plastmasas, kas l\u012bdz\u012bga HDPE, bet ir iztur\u012bg\u0101ka, ar \u012bpa\u0161i biez\u0101m sien\u0101m, lai nodro\u0161in\u0101tu izcilu veiktsp\u0113ju un ilgsto\u0161u iztur\u012bbu.","robots":{"index":"index","follow":"follow","max-snippet":"max-snippet:-1","max-image-preview":"max-image-preview:large","max-video-preview":"max-video-preview:-1"},"canonical":"https:\/\/ibc.ee\/lv\/product\/th-plastmasas-var-220l-200-aizdedzinaja\/","og_locale":"lv_LV","og_type":"article","og_title":"TH plastmasas var 220L 200 aizdedzin\u0101ja - IBC konteineri m&uuml;&uuml;k, vaadid, kraanid, mahutid","og_description":"TH plastmasas kanna 220L \/ 200 lit ir izgatavota no r\u016bpnieciskas iztur\u012bbas augstas molekulmasas polietil\u0113na (HMWPE) plastmasas, kas l\u012bdz\u012bga HDPE, bet ir iztur\u012bg\u0101ka, ar \u012bpa\u0161i biez\u0101m sien\u0101m, lai nodro\u0161in\u0101tu izcilu veiktsp\u0113ju un ilgsto\u0161u iztur\u012bbu.","og_url":"https:\/\/ibc.ee\/lv\/product\/th-plastmasas-var-220l-200-aizdedzinaja\/","og_site_name":"IBC konteineri m&uuml;&uuml;k, vaadid, kraanid, mahutid","article_modified_time":"2025-06-26T12:54:39+00:00","og_image":[{"width":1000,"height":1000,"url":"https:\/\/ibc.ee\/wp-content\/uploads\/2020\/08\/200-plastic-barrel.jpg","type":"image\/jpeg"}],"twitter_card":"summary_large_image","twitter_misc":{"Est. reading time":"1 minute"},"schema":{"@context":"https:\/\/schema.org","@graph":[{"@type":"WebPage","@id":"https:\/\/ibc.ee\/lv\/product\/th-plastmasas-var-220l-200-aizdedzinaja\/","url":"https:\/\/ibc.ee\/lv\/product\/th-plastmasas-var-220l-200-aizdedzinaja\/","name":"TH plastmasas var 220L 200 aizdedzin\u0101ja - IBC konteineri m&uuml;&uuml;k, vaadid, kraanid, mahutid","isPartOf":{"@id":"https:\/\/www.ibc.ee\/lv\/#website"},"primaryImageOfPage":{"@id":"https:\/\/ibc.ee\/lv\/product\/th-plastmasas-var-220l-200-aizdedzinaja\/#primaryimage"},"image":{"@id":"https:\/\/ibc.ee\/lv\/product\/th-plastmasas-var-220l-200-aizdedzinaja\/#primaryimage"},"thumbnailUrl":"https:\/\/ibc.ee\/wp-content\/uploads\/2020\/08\/200-plastic-barrel.jpg","datePublished":"2020-08-18T04:35:36+00:00","dateModified":"2025-06-26T12:54:39+00:00","description":"TH plastmasas kanna 220L \/ 200 lit ir izgatavota no r\u016bpnieciskas iztur\u012bbas augstas molekulmasas polietil\u0113na (HMWPE) plastmasas, kas l\u012bdz\u012bga HDPE, bet ir iztur\u012bg\u0101ka, ar \u012bpa\u0161i biez\u0101m sien\u0101m, lai nodro\u0161in\u0101tu izcilu veiktsp\u0113ju un ilgsto\u0161u iztur\u012bbu.","breadcrumb":{"@id":"https:\/\/ibc.ee\/lv\/product\/th-plastmasas-var-220l-200-aizdedzinaja\/#breadcrumb"},"inLanguage":"lv-LV","potentialAction":[{"@type":"ReadAction","target":["https:\/\/ibc.ee\/lv\/product\/th-plastmasas-var-220l-200-aizdedzinaja\/"]}]},{"@type":"ImageObject","inLanguage":"lv-LV","@id":"https:\/\/ibc.ee\/lv\/product\/th-plastmasas-var-220l-200-aizdedzinaja\/#primaryimage","url":"https:\/\/ibc.ee\/wp-content\/uploads\/2020\/08\/200-plastic-barrel.jpg","contentUrl":"https:\/\/ibc.ee\/wp-content\/uploads\/2020\/08\/200-plastic-barrel.jpg","width":1000,"height":1000,"caption":"TH plastmasas var 220L 200 aizdedzin\u0101ja"},{"@type":"BreadcrumbList","@id":"https:\/\/ibc.ee\/lv\/product\/th-plastmasas-var-220l-200-aizdedzinaja\/#breadcrumb","itemListElement":[{"@type":"ListItem","position":1,"name":"\u0413\u043b\u0430\u0432\u043d\u0430\u044f \u0441\u0442\u0440\u0430\u043d\u0438\u0446\u0430","item":"https:\/\/www.ibc.ee\/lv\/"},{"@type":"ListItem","position":2,"name":"Veikals","item":"https:\/\/www.ibc.ee\/lv\/shop\/"},{"@type":"ListItem","position":3,"name":"TH plastmasas var 220L 200 aizdedzin\u0101ja"}]},{"@type":"WebSite","@id":"https:\/\/www.ibc.ee\/lv\/#website","url":"https:\/\/www.ibc.ee\/lv\/","name":"IBC konteineri m&uuml;&uuml;k, vaadid, kraanid, mahutid","description":"IBC - Tank container valve, Adapters\\fittings, Intermediate bulk, container, Drums\/cans","potentialAction":[{"@type":"SearchAction","target":{"@type":"EntryPoint","urlTemplate":"https:\/\/www.ibc.ee\/lv\/?s={search_term_string}"},"query-input":{"@type":"PropertyValueSpecification","valueRequired":true,"valueName":"search_term_string"}}],"inLanguage":"lv-LV"}]}},"_links":{"self":[{"href":"https:\/\/ibc.ee\/lv\/wp-json\/wp\/v2\/product\/19921","targetHints":{"allow":["GET"]}}],"collection":[{"href":"https:\/\/ibc.ee\/lv\/wp-json\/wp\/v2\/product"}],"about":[{"href":"https:\/\/ibc.ee\/lv\/wp-json\/wp\/v2\/types\/product"}],"wp:featuredmedia":[{"embeddable":true,"href":"https:\/\/ibc.ee\/lv\/wp-json\/wp\/v2\/media\/19926"}],"wp:attachment":[{"href":"https:\/\/ibc.ee\/lv\/wp-json\/wp\/v2\/media?parent=19921"}],"wp:term":[{"taxonomy":"product_brand","embeddable":true,"href":"https:\/\/ibc.ee\/lv\/wp-json\/wp\/v2\/product_brand?post=19921"},{"taxonomy":"product_cat","embeddable":true,"href":"https:\/\/ibc.ee\/lv\/wp-json\/wp\/v2\/product_cat?post=19921"},{"taxonomy":"product_tag","embeddable":true,"href":"https:\/\/ibc.ee\/lv\/wp-json\/wp\/v2\/product_tag?post=19921"}],"curies":[{"name":"wp","href":"https:\/\/api.w.org\/{rel}","templated":true}]}}