{"id":20047,"date":"2021-02-10T12:01:03","date_gmt":"2021-02-10T10:01:04","guid":{"rendered":"https:\/\/ibc.ee\/?post_type=product&#038;p=20047"},"modified":"2022-02-22T09:24:23","modified_gmt":"2022-02-22T07:24:23","slug":"bara-krans-51mm-20-25l","status":"publish","type":"product","link":"https:\/\/ibc.ee\/lv\/product\/bara-krans-51mm-20-25l\/","title":{"rendered":"B\u0101ra kr\u0101ns 51mm 20-25l"},"content":{"rendered":"<p><strong> 20\/25 L tvertnes jauc\u0113jkr\u0101ns <\/strong><br \/>\n&#8211; ir gaisa pl\u016bsmas sist\u0113ma &#8211; \u0161\u0137idrums izpl\u016bst vienm\u0113r\u012bgi<br \/>\n&#8211; kr\u0101ns 25 l vai 20 l tvertnei<br \/>\n&#8211; v\u012btnes izm\u0113rs 51 mm<br \/>\n&#8211; piem\u0113rots \u016bdenim, apkurei un e\u013c\u013cai<\/p>\n<div style=\"width: 960px;\" class=\"wp-video\"><video class=\"wp-video-shortcode\" id=\"video-20047-1\" width=\"960\" height=\"540\" preload=\"metadata\" controls=\"controls\"><source type=\"video\/mp4\" src=\"https:\/\/ibc.ee\/wp-content\/uploads\/2021\/02\/51mm_Cap_Tool_Drum_Tap_Spanner.mp4?_=1\" \/><a href=\"https:\/\/ibc.ee\/wp-content\/uploads\/2021\/02\/51mm_Cap_Tool_Drum_Tap_Spanner.mp4\">https:\/\/ibc.ee\/wp-content\/uploads\/2021\/02\/51mm_Cap_Tool_Drum_Tap_Spanner.mp4<\/a><\/video><\/div>\n","protected":false},"excerpt":{"rendered":"<p>20\/25 L tvertnes jauc\u0113jkr\u0101ns &#8211; ir gaisa pl\u016bsmas sist\u0113ma &#8211; \u0161\u0137idrums izpl\u016bst vienm\u0113r\u012bgi &#8211; kr\u0101ns 25 l vai 20 l tvertnei &#8211; v\u012btnes izm\u0113rs 51 mm &#8211; piem\u0113rots \u016bdenim, apkurei un e\u013c\u013cai<\/p>\n","protected":false},"featured_media":20059,"template":"","meta":[],"product_brand":[],"product_cat":[321],"product_tag":[],"class_list":{"0":"post-20047","1":"product","2":"type-product","3":"status-publish","4":"has-post-thumbnail","6":"product_cat-tvertnes-konteineru-varstu-ibc-konteiners","7":"product_shipping_class-omniva-lv","9":"first","10":"instock","11":"taxable","12":"shipping-taxable","13":"purchasable","14":"product-type-simple"},"yoast_head":"<!-- This site is optimized with the Yoast SEO plugin v26.9 - https:\/\/yoast.com\/product\/yoast-seo-wordpress\/ -->\n<title>B\u0101ra kr\u0101ns 51mm 20-25l<\/title>\n<meta name=\"description\" content=\"51 mm v\u0101ci\u0146a r\u012bka cilindra uzgrie\u017e\u0146u atsl\u0113ga. Ir gaisa pl\u016bsmas sist\u0113ma - \u0161\u0137idrums izpl\u016bst vienm\u0113r\u012bgi. Pieskarieties, lai ieg\u016btu 25 l vai 20 l trauku. V\u012btnes izm\u0113rs 51 mm. piem\u0113rots \u016bdenim, apkurei un e\u013c\u013cai\" \/>\n<meta name=\"robots\" content=\"index, follow, max-snippet:-1, max-image-preview:large, max-video-preview:-1\" \/>\n<link rel=\"canonical\" href=\"https:\/\/ibc.ee\/lv\/product\/bara-krans-51mm-20-25l\/\" \/>\n<meta property=\"og:locale\" content=\"lv_LV\" \/>\n<meta property=\"og:type\" content=\"article\" \/>\n<meta property=\"og:title\" content=\"B\u0101ra kr\u0101ns 51mm 20-25l\" \/>\n<meta property=\"og:description\" content=\"51 mm v\u0101ci\u0146a r\u012bka cilindra uzgrie\u017e\u0146u atsl\u0113ga. Ir gaisa pl\u016bsmas sist\u0113ma - \u0161\u0137idrums izpl\u016bst vienm\u0113r\u012bgi. Pieskarieties, lai ieg\u016btu 25 l vai 20 l trauku. V\u012btnes izm\u0113rs 51 mm. piem\u0113rots \u016bdenim, apkurei un e\u013c\u013cai\" \/>\n<meta property=\"og:url\" content=\"https:\/\/ibc.ee\/lv\/product\/bara-krans-51mm-20-25l\/\" \/>\n<meta property=\"og:site_name\" content=\"IBC konteineri m&uuml;&uuml;k, vaadid, kraanid, mahutid\" \/>\n<meta property=\"article:modified_time\" content=\"2022-02-22T07:24:23+00:00\" \/>\n<meta property=\"og:image\" content=\"https:\/\/www.ibc.ee\/wp-content\/uploads\/2021\/02\/Vaadikraan_51mm_20-25l_2.jpg\" \/>\n\t<meta property=\"og:image:width\" content=\"1000\" \/>\n\t<meta property=\"og:image:height\" content=\"1000\" \/>\n\t<meta property=\"og:image:type\" content=\"image\/jpeg\" \/>\n<meta name=\"twitter:card\" content=\"summary_large_image\" \/>\n<script type=\"application\/ld+json\" class=\"yoast-schema-graph\">{\"@context\":\"https:\/\/schema.org\",\"@graph\":[{\"@type\":\"WebPage\",\"@id\":\"https:\/\/ibc.ee\/lv\/product\/bara-krans-51mm-20-25l\/\",\"url\":\"https:\/\/ibc.ee\/lv\/product\/bara-krans-51mm-20-25l\/\",\"name\":\"B\u0101ra kr\u0101ns 51mm 20-25l\",\"isPartOf\":{\"@id\":\"https:\/\/www.ibc.ee\/lv\/#website\"},\"primaryImageOfPage\":{\"@id\":\"https:\/\/ibc.ee\/lv\/product\/bara-krans-51mm-20-25l\/#primaryimage\"},\"image\":{\"@id\":\"https:\/\/ibc.ee\/lv\/product\/bara-krans-51mm-20-25l\/#primaryimage\"},\"thumbnailUrl\":\"https:\/\/ibc.ee\/wp-content\/uploads\/2021\/02\/Vaadikraan_51mm_20-25l_2.jpg\",\"datePublished\":\"2021-02-10T10:01:04+00:00\",\"dateModified\":\"2022-02-22T07:24:23+00:00\",\"description\":\"51 mm v\u0101ci\u0146a r\u012bka cilindra uzgrie\u017e\u0146u atsl\u0113ga. Ir gaisa pl\u016bsmas sist\u0113ma - \u0161\u0137idrums izpl\u016bst vienm\u0113r\u012bgi. Pieskarieties, lai ieg\u016btu 25 l vai 20 l trauku. V\u012btnes izm\u0113rs 51 mm. piem\u0113rots \u016bdenim, apkurei un e\u013c\u013cai\",\"breadcrumb\":{\"@id\":\"https:\/\/ibc.ee\/lv\/product\/bara-krans-51mm-20-25l\/#breadcrumb\"},\"inLanguage\":\"lv-LV\",\"potentialAction\":[{\"@type\":\"ReadAction\",\"target\":[\"https:\/\/ibc.ee\/lv\/product\/bara-krans-51mm-20-25l\/\"]}]},{\"@type\":\"ImageObject\",\"inLanguage\":\"lv-LV\",\"@id\":\"https:\/\/ibc.ee\/lv\/product\/bara-krans-51mm-20-25l\/#primaryimage\",\"url\":\"https:\/\/ibc.ee\/wp-content\/uploads\/2021\/02\/Vaadikraan_51mm_20-25l_2.jpg\",\"contentUrl\":\"https:\/\/ibc.ee\/wp-content\/uploads\/2021\/02\/Vaadikraan_51mm_20-25l_2.jpg\",\"width\":1000,\"height\":1000,\"caption\":\"B\u0101ra kr\u0101ns 51mm 20-25l\"},{\"@type\":\"BreadcrumbList\",\"@id\":\"https:\/\/ibc.ee\/lv\/product\/bara-krans-51mm-20-25l\/#breadcrumb\",\"itemListElement\":[{\"@type\":\"ListItem\",\"position\":1,\"name\":\"\u0413\u043b\u0430\u0432\u043d\u0430\u044f \u0441\u0442\u0440\u0430\u043d\u0438\u0446\u0430\",\"item\":\"https:\/\/www.ibc.ee\/lv\/\"},{\"@type\":\"ListItem\",\"position\":2,\"name\":\"Veikals\",\"item\":\"https:\/\/www.ibc.ee\/lv\/shop\/\"},{\"@type\":\"ListItem\",\"position\":3,\"name\":\"B\u0101ra kr\u0101ns 51mm 20-25l\"}]},{\"@type\":\"WebSite\",\"@id\":\"https:\/\/www.ibc.ee\/lv\/#website\",\"url\":\"https:\/\/www.ibc.ee\/lv\/\",\"name\":\"IBC konteineri m&uuml;&uuml;k, vaadid, kraanid, mahutid\",\"description\":\"IBC - Tank container valve, Adapters\\\\fittings, Intermediate bulk, container, Drums\/cans\",\"potentialAction\":[{\"@type\":\"SearchAction\",\"target\":{\"@type\":\"EntryPoint\",\"urlTemplate\":\"https:\/\/www.ibc.ee\/lv\/?s={search_term_string}\"},\"query-input\":{\"@type\":\"PropertyValueSpecification\",\"valueRequired\":true,\"valueName\":\"search_term_string\"}}],\"inLanguage\":\"lv-LV\"}]}<\/script>\n<!-- \/ Yoast SEO plugin. -->","yoast_head_json":{"title":"B\u0101ra kr\u0101ns 51mm 20-25l","description":"51 mm v\u0101ci\u0146a r\u012bka cilindra uzgrie\u017e\u0146u atsl\u0113ga. Ir gaisa pl\u016bsmas sist\u0113ma - \u0161\u0137idrums izpl\u016bst vienm\u0113r\u012bgi. Pieskarieties, lai ieg\u016btu 25 l vai 20 l trauku. V\u012btnes izm\u0113rs 51 mm. piem\u0113rots \u016bdenim, apkurei un e\u013c\u013cai","robots":{"index":"index","follow":"follow","max-snippet":"max-snippet:-1","max-image-preview":"max-image-preview:large","max-video-preview":"max-video-preview:-1"},"canonical":"https:\/\/ibc.ee\/lv\/product\/bara-krans-51mm-20-25l\/","og_locale":"lv_LV","og_type":"article","og_title":"B\u0101ra kr\u0101ns 51mm 20-25l","og_description":"51 mm v\u0101ci\u0146a r\u012bka cilindra uzgrie\u017e\u0146u atsl\u0113ga. Ir gaisa pl\u016bsmas sist\u0113ma - \u0161\u0137idrums izpl\u016bst vienm\u0113r\u012bgi. Pieskarieties, lai ieg\u016btu 25 l vai 20 l trauku. V\u012btnes izm\u0113rs 51 mm. piem\u0113rots \u016bdenim, apkurei un e\u013c\u013cai","og_url":"https:\/\/ibc.ee\/lv\/product\/bara-krans-51mm-20-25l\/","og_site_name":"IBC konteineri m&uuml;&uuml;k, vaadid, kraanid, mahutid","article_modified_time":"2022-02-22T07:24:23+00:00","og_image":[{"width":1000,"height":1000,"url":"https:\/\/www.ibc.ee\/wp-content\/uploads\/2021\/02\/Vaadikraan_51mm_20-25l_2.jpg","type":"image\/jpeg"}],"twitter_card":"summary_large_image","schema":{"@context":"https:\/\/schema.org","@graph":[{"@type":"WebPage","@id":"https:\/\/ibc.ee\/lv\/product\/bara-krans-51mm-20-25l\/","url":"https:\/\/ibc.ee\/lv\/product\/bara-krans-51mm-20-25l\/","name":"B\u0101ra kr\u0101ns 51mm 20-25l","isPartOf":{"@id":"https:\/\/www.ibc.ee\/lv\/#website"},"primaryImageOfPage":{"@id":"https:\/\/ibc.ee\/lv\/product\/bara-krans-51mm-20-25l\/#primaryimage"},"image":{"@id":"https:\/\/ibc.ee\/lv\/product\/bara-krans-51mm-20-25l\/#primaryimage"},"thumbnailUrl":"https:\/\/ibc.ee\/wp-content\/uploads\/2021\/02\/Vaadikraan_51mm_20-25l_2.jpg","datePublished":"2021-02-10T10:01:04+00:00","dateModified":"2022-02-22T07:24:23+00:00","description":"51 mm v\u0101ci\u0146a r\u012bka cilindra uzgrie\u017e\u0146u atsl\u0113ga. Ir gaisa pl\u016bsmas sist\u0113ma - \u0161\u0137idrums izpl\u016bst vienm\u0113r\u012bgi. Pieskarieties, lai ieg\u016btu 25 l vai 20 l trauku. V\u012btnes izm\u0113rs 51 mm. piem\u0113rots \u016bdenim, apkurei un e\u013c\u013cai","breadcrumb":{"@id":"https:\/\/ibc.ee\/lv\/product\/bara-krans-51mm-20-25l\/#breadcrumb"},"inLanguage":"lv-LV","potentialAction":[{"@type":"ReadAction","target":["https:\/\/ibc.ee\/lv\/product\/bara-krans-51mm-20-25l\/"]}]},{"@type":"ImageObject","inLanguage":"lv-LV","@id":"https:\/\/ibc.ee\/lv\/product\/bara-krans-51mm-20-25l\/#primaryimage","url":"https:\/\/ibc.ee\/wp-content\/uploads\/2021\/02\/Vaadikraan_51mm_20-25l_2.jpg","contentUrl":"https:\/\/ibc.ee\/wp-content\/uploads\/2021\/02\/Vaadikraan_51mm_20-25l_2.jpg","width":1000,"height":1000,"caption":"B\u0101ra kr\u0101ns 51mm 20-25l"},{"@type":"BreadcrumbList","@id":"https:\/\/ibc.ee\/lv\/product\/bara-krans-51mm-20-25l\/#breadcrumb","itemListElement":[{"@type":"ListItem","position":1,"name":"\u0413\u043b\u0430\u0432\u043d\u0430\u044f \u0441\u0442\u0440\u0430\u043d\u0438\u0446\u0430","item":"https:\/\/www.ibc.ee\/lv\/"},{"@type":"ListItem","position":2,"name":"Veikals","item":"https:\/\/www.ibc.ee\/lv\/shop\/"},{"@type":"ListItem","position":3,"name":"B\u0101ra kr\u0101ns 51mm 20-25l"}]},{"@type":"WebSite","@id":"https:\/\/www.ibc.ee\/lv\/#website","url":"https:\/\/www.ibc.ee\/lv\/","name":"IBC konteineri m&uuml;&uuml;k, vaadid, kraanid, mahutid","description":"IBC - Tank container valve, Adapters\\fittings, Intermediate bulk, container, Drums\/cans","potentialAction":[{"@type":"SearchAction","target":{"@type":"EntryPoint","urlTemplate":"https:\/\/www.ibc.ee\/lv\/?s={search_term_string}"},"query-input":{"@type":"PropertyValueSpecification","valueRequired":true,"valueName":"search_term_string"}}],"inLanguage":"lv-LV"}]}},"_links":{"self":[{"href":"https:\/\/ibc.ee\/lv\/wp-json\/wp\/v2\/product\/20047","targetHints":{"allow":["GET"]}}],"collection":[{"href":"https:\/\/ibc.ee\/lv\/wp-json\/wp\/v2\/product"}],"about":[{"href":"https:\/\/ibc.ee\/lv\/wp-json\/wp\/v2\/types\/product"}],"wp:featuredmedia":[{"embeddable":true,"href":"https:\/\/ibc.ee\/lv\/wp-json\/wp\/v2\/media\/20059"}],"wp:attachment":[{"href":"https:\/\/ibc.ee\/lv\/wp-json\/wp\/v2\/media?parent=20047"}],"wp:term":[{"taxonomy":"product_brand","embeddable":true,"href":"https:\/\/ibc.ee\/lv\/wp-json\/wp\/v2\/product_brand?post=20047"},{"taxonomy":"product_cat","embeddable":true,"href":"https:\/\/ibc.ee\/lv\/wp-json\/wp\/v2\/product_cat?post=20047"},{"taxonomy":"product_tag","embeddable":true,"href":"https:\/\/ibc.ee\/lv\/wp-json\/wp\/v2\/product_tag?post=20047"}],"curies":[{"name":"wp","href":"https:\/\/api.w.org\/{rel}","templated":true}]}}