{"id":20113,"date":"2021-02-19T11:16:13","date_gmt":"2021-02-19T09:16:13","guid":{"rendered":"https:\/\/ibc.ee\/?post_type=product&#038;p=20113"},"modified":"2025-04-22T13:47:28","modified_gmt":"2025-04-22T11:47:28","slug":"d-490-steel-lever-action-oil-transfer-drum-pump","status":"publish","type":"product","link":"https:\/\/ibc.ee\/lv\/product\/d-490-steel-lever-action-oil-transfer-drum-pump\/","title":{"rendered":"D-490 T\u0113rauda sviras darb\u012bbas e\u013c\u013cas p\u0101rs\u016bkn\u0113\u0161anas tvertnes s\u016bknis"},"content":{"rendered":"<p>D-490 T\u0113rauda sviras darb\u012bbas e\u013c\u013cas p\u0101rs\u016bkn\u0113\u0161anas bungas s\u016bknis<\/p>\n<p>Specifik\u0101cijas:<br \/>\nMateri\u0101ls: Materi\u0101ls: hrom\u0113ts t\u0113rauds<br \/>\nBl\u012bv\u0113juma materi\u0101ls: NBR<br \/>\nVirzu\u013ca materi\u0101ls: Materi\u0101ls: PP<br \/>\nBung Adapter: 1-1\/2&#8243; un 2&#8243;<br \/>\nIepl\u016bdes\/izpl\u016bdes diametrs: 35mm\/19mm<br \/>\nIzstr\u0101d\u0101juma garums: 1380mm<br \/>\nJauda: 350 cm3\/taktu<br \/>\nPl\u016bsma: 350 cm3\/taktu: 20L\/Min<br \/>\nSuction \/ Lift: 3m\/5m<br \/>\nApplicable Drums: 15-55 galonu<br \/>\nPielietojums: D\u012bze\u013cdegviela, petroleja, motore\u013c\u013ca, hidraulisk\u0101 e\u013c\u013ca.<\/p>\n","protected":false},"excerpt":{"rendered":"<p>D-490 T\u0113rauda sviras darb\u012bbas e\u013c\u013cas p\u0101rs\u016bkn\u0113\u0161anas bungas s\u016bknis Specifik\u0101cijas: Materi\u0101ls: Materi\u0101ls: hrom\u0113ts t\u0113rauds Bl\u012bv\u0113juma materi\u0101ls: NBR Virzu\u013ca materi\u0101ls: Materi\u0101ls: PP Bung Adapter: 1-1\/2&#8243; un 2&#8243; Iepl\u016bdes\/izpl\u016bdes diametrs: 35mm\/19mm Izstr\u0101d\u0101juma garums: 1380mm Jauda: 350 cm3\/taktu Pl\u016bsma: 350 cm3\/taktu: 20L\/Min Suction \/ Lift: 3m\/5m Applicable Drums: 15-55 galonu Pielietojums: D\u012bze\u013cdegviela, petroleja, motore\u013c\u013ca, hidraulisk\u0101 e\u013c\u013ca.<\/p>\n","protected":false},"featured_media":20118,"template":"","meta":[],"product_brand":[],"product_cat":[313],"product_tag":[],"class_list":{"0":"post-20113","1":"product","2":"type-product","3":"status-publish","4":"has-post-thumbnail","6":"product_cat-bungas-un-skardenes","7":"product_shipping_class-acessories-lv","9":"first","10":"onbackorder","11":"taxable","12":"shipping-taxable","13":"purchasable","14":"product-type-simple"},"yoast_head":"<!-- This site is optimized with the Yoast SEO plugin v26.9 - https:\/\/yoast.com\/product\/yoast-seo-wordpress\/ -->\n<title>D-490 T\u0113rauda sviras darb\u012bbas e\u013c\u013cas p\u0101rs\u016bkn\u0113\u0161anas tvertnes s\u016bknis -<\/title>\n<meta name=\"description\" content=\"Materi\u0101ls: Materi\u0101ls: hrom\u0113ts t\u0113rauds. Bl\u012bv\u0113juma materi\u0101ls: MATERI\u0100LS: NBR. Virzu\u013ca materi\u0101ls: NBR: MATERI\u0100LS: PP. \u0100trais adapteris: 1-1\/2&quot; &amp; 2&quot;. Pl\u016bsmas: 20 l\/min. S\u016bk\u0161ana \/ pacel\u0161ana: 3m\/5m. Pielietojums: D\u012bze\u013cdegviela, petroleja, motore\u013c\u013ca, hidraulisk\u0101 e\u013c\u013ca.\" \/>\n<meta name=\"robots\" content=\"index, follow, max-snippet:-1, max-image-preview:large, max-video-preview:-1\" \/>\n<link rel=\"canonical\" href=\"https:\/\/ibc.ee\/lv\/product\/d-490-steel-lever-action-oil-transfer-drum-pump\/\" \/>\n<meta property=\"og:locale\" content=\"lv_LV\" \/>\n<meta property=\"og:type\" content=\"article\" \/>\n<meta property=\"og:title\" content=\"D-490 T\u0113rauda sviras darb\u012bbas e\u013c\u013cas p\u0101rs\u016bkn\u0113\u0161anas tvertnes s\u016bknis -\" \/>\n<meta property=\"og:description\" content=\"Materi\u0101ls: Materi\u0101ls: hrom\u0113ts t\u0113rauds. Bl\u012bv\u0113juma materi\u0101ls: MATERI\u0100LS: NBR. Virzu\u013ca materi\u0101ls: NBR: MATERI\u0100LS: PP. \u0100trais adapteris: 1-1\/2&quot; &amp; 2&quot;. Pl\u016bsmas: 20 l\/min. S\u016bk\u0161ana \/ pacel\u0161ana: 3m\/5m. Pielietojums: D\u012bze\u013cdegviela, petroleja, motore\u013c\u013ca, hidraulisk\u0101 e\u013c\u013ca.\" \/>\n<meta property=\"og:url\" content=\"https:\/\/ibc.ee\/lv\/product\/d-490-steel-lever-action-oil-transfer-drum-pump\/\" \/>\n<meta property=\"og:site_name\" content=\"IBC konteineri m&uuml;&uuml;k, vaadid, kraanid, mahutid\" \/>\n<meta property=\"article:modified_time\" content=\"2025-04-22T11:47:28+00:00\" \/>\n<meta property=\"og:image\" content=\"https:\/\/www.ibc.ee\/wp-content\/uploads\/2021\/02\/D-490-Terasest-vaadipump-olide.jpg\" \/>\n\t<meta property=\"og:image:width\" content=\"1000\" \/>\n\t<meta property=\"og:image:height\" content=\"1000\" \/>\n\t<meta property=\"og:image:type\" content=\"image\/jpeg\" \/>\n<meta name=\"twitter:card\" content=\"summary_large_image\" \/>\n<script type=\"application\/ld+json\" class=\"yoast-schema-graph\">{\"@context\":\"https:\/\/schema.org\",\"@graph\":[{\"@type\":\"WebPage\",\"@id\":\"https:\/\/ibc.ee\/lv\/product\/d-490-steel-lever-action-oil-transfer-drum-pump\/\",\"url\":\"https:\/\/ibc.ee\/lv\/product\/d-490-steel-lever-action-oil-transfer-drum-pump\/\",\"name\":\"D-490 T\u0113rauda sviras darb\u012bbas e\u013c\u013cas p\u0101rs\u016bkn\u0113\u0161anas tvertnes s\u016bknis -\",\"isPartOf\":{\"@id\":\"https:\/\/www.ibc.ee\/lv\/#website\"},\"primaryImageOfPage\":{\"@id\":\"https:\/\/ibc.ee\/lv\/product\/d-490-steel-lever-action-oil-transfer-drum-pump\/#primaryimage\"},\"image\":{\"@id\":\"https:\/\/ibc.ee\/lv\/product\/d-490-steel-lever-action-oil-transfer-drum-pump\/#primaryimage\"},\"thumbnailUrl\":\"https:\/\/ibc.ee\/wp-content\/uploads\/2021\/02\/D-490-Terasest-vaadipump-olide.jpg\",\"datePublished\":\"2021-02-19T09:16:13+00:00\",\"dateModified\":\"2025-04-22T11:47:28+00:00\",\"description\":\"Materi\u0101ls: Materi\u0101ls: hrom\u0113ts t\u0113rauds. Bl\u012bv\u0113juma materi\u0101ls: MATERI\u0100LS: NBR. Virzu\u013ca materi\u0101ls: NBR: MATERI\u0100LS: PP. \u0100trais adapteris: 1-1\/2\\\" & 2\\\". Pl\u016bsmas: 20 l\/min. S\u016bk\u0161ana \/ pacel\u0161ana: 3m\/5m. Pielietojums: D\u012bze\u013cdegviela, petroleja, motore\u013c\u013ca, hidraulisk\u0101 e\u013c\u013ca.\",\"breadcrumb\":{\"@id\":\"https:\/\/ibc.ee\/lv\/product\/d-490-steel-lever-action-oil-transfer-drum-pump\/#breadcrumb\"},\"inLanguage\":\"lv-LV\",\"potentialAction\":[{\"@type\":\"ReadAction\",\"target\":[\"https:\/\/ibc.ee\/lv\/product\/d-490-steel-lever-action-oil-transfer-drum-pump\/\"]}]},{\"@type\":\"ImageObject\",\"inLanguage\":\"lv-LV\",\"@id\":\"https:\/\/ibc.ee\/lv\/product\/d-490-steel-lever-action-oil-transfer-drum-pump\/#primaryimage\",\"url\":\"https:\/\/ibc.ee\/wp-content\/uploads\/2021\/02\/D-490-Terasest-vaadipump-olide.jpg\",\"contentUrl\":\"https:\/\/ibc.ee\/wp-content\/uploads\/2021\/02\/D-490-Terasest-vaadipump-olide.jpg\",\"width\":1000,\"height\":1000,\"caption\":\"D-490 Steel Lever Action Oil Transfer Drum Pump\"},{\"@type\":\"BreadcrumbList\",\"@id\":\"https:\/\/ibc.ee\/lv\/product\/d-490-steel-lever-action-oil-transfer-drum-pump\/#breadcrumb\",\"itemListElement\":[{\"@type\":\"ListItem\",\"position\":1,\"name\":\"\u0413\u043b\u0430\u0432\u043d\u0430\u044f \u0441\u0442\u0440\u0430\u043d\u0438\u0446\u0430\",\"item\":\"https:\/\/www.ibc.ee\/lv\/\"},{\"@type\":\"ListItem\",\"position\":2,\"name\":\"Veikals\",\"item\":\"https:\/\/www.ibc.ee\/lv\/shop\/\"},{\"@type\":\"ListItem\",\"position\":3,\"name\":\"D-490 T\u0113rauda sviras darb\u012bbas e\u013c\u013cas p\u0101rs\u016bkn\u0113\u0161anas tvertnes s\u016bknis\"}]},{\"@type\":\"WebSite\",\"@id\":\"https:\/\/www.ibc.ee\/lv\/#website\",\"url\":\"https:\/\/www.ibc.ee\/lv\/\",\"name\":\"IBC konteineri m&uuml;&uuml;k, vaadid, kraanid, mahutid\",\"description\":\"IBC - Tank container valve, Adapters\\\\fittings, Intermediate bulk, container, Drums\/cans\",\"potentialAction\":[{\"@type\":\"SearchAction\",\"target\":{\"@type\":\"EntryPoint\",\"urlTemplate\":\"https:\/\/www.ibc.ee\/lv\/?s={search_term_string}\"},\"query-input\":{\"@type\":\"PropertyValueSpecification\",\"valueRequired\":true,\"valueName\":\"search_term_string\"}}],\"inLanguage\":\"lv-LV\"}]}<\/script>\n<!-- \/ Yoast SEO plugin. -->","yoast_head_json":{"title":"D-490 T\u0113rauda sviras darb\u012bbas e\u013c\u013cas p\u0101rs\u016bkn\u0113\u0161anas tvertnes s\u016bknis -","description":"Materi\u0101ls: Materi\u0101ls: hrom\u0113ts t\u0113rauds. Bl\u012bv\u0113juma materi\u0101ls: MATERI\u0100LS: NBR. Virzu\u013ca materi\u0101ls: NBR: MATERI\u0100LS: PP. \u0100trais adapteris: 1-1\/2\" & 2\". Pl\u016bsmas: 20 l\/min. S\u016bk\u0161ana \/ pacel\u0161ana: 3m\/5m. Pielietojums: D\u012bze\u013cdegviela, petroleja, motore\u013c\u013ca, hidraulisk\u0101 e\u013c\u013ca.","robots":{"index":"index","follow":"follow","max-snippet":"max-snippet:-1","max-image-preview":"max-image-preview:large","max-video-preview":"max-video-preview:-1"},"canonical":"https:\/\/ibc.ee\/lv\/product\/d-490-steel-lever-action-oil-transfer-drum-pump\/","og_locale":"lv_LV","og_type":"article","og_title":"D-490 T\u0113rauda sviras darb\u012bbas e\u013c\u013cas p\u0101rs\u016bkn\u0113\u0161anas tvertnes s\u016bknis -","og_description":"Materi\u0101ls: Materi\u0101ls: hrom\u0113ts t\u0113rauds. Bl\u012bv\u0113juma materi\u0101ls: MATERI\u0100LS: NBR. Virzu\u013ca materi\u0101ls: NBR: MATERI\u0100LS: PP. \u0100trais adapteris: 1-1\/2\" & 2\". Pl\u016bsmas: 20 l\/min. S\u016bk\u0161ana \/ pacel\u0161ana: 3m\/5m. Pielietojums: D\u012bze\u013cdegviela, petroleja, motore\u013c\u013ca, hidraulisk\u0101 e\u013c\u013ca.","og_url":"https:\/\/ibc.ee\/lv\/product\/d-490-steel-lever-action-oil-transfer-drum-pump\/","og_site_name":"IBC konteineri m&uuml;&uuml;k, vaadid, kraanid, mahutid","article_modified_time":"2025-04-22T11:47:28+00:00","og_image":[{"width":1000,"height":1000,"url":"https:\/\/www.ibc.ee\/wp-content\/uploads\/2021\/02\/D-490-Terasest-vaadipump-olide.jpg","type":"image\/jpeg"}],"twitter_card":"summary_large_image","schema":{"@context":"https:\/\/schema.org","@graph":[{"@type":"WebPage","@id":"https:\/\/ibc.ee\/lv\/product\/d-490-steel-lever-action-oil-transfer-drum-pump\/","url":"https:\/\/ibc.ee\/lv\/product\/d-490-steel-lever-action-oil-transfer-drum-pump\/","name":"D-490 T\u0113rauda sviras darb\u012bbas e\u013c\u013cas p\u0101rs\u016bkn\u0113\u0161anas tvertnes s\u016bknis -","isPartOf":{"@id":"https:\/\/www.ibc.ee\/lv\/#website"},"primaryImageOfPage":{"@id":"https:\/\/ibc.ee\/lv\/product\/d-490-steel-lever-action-oil-transfer-drum-pump\/#primaryimage"},"image":{"@id":"https:\/\/ibc.ee\/lv\/product\/d-490-steel-lever-action-oil-transfer-drum-pump\/#primaryimage"},"thumbnailUrl":"https:\/\/ibc.ee\/wp-content\/uploads\/2021\/02\/D-490-Terasest-vaadipump-olide.jpg","datePublished":"2021-02-19T09:16:13+00:00","dateModified":"2025-04-22T11:47:28+00:00","description":"Materi\u0101ls: Materi\u0101ls: hrom\u0113ts t\u0113rauds. Bl\u012bv\u0113juma materi\u0101ls: MATERI\u0100LS: NBR. Virzu\u013ca materi\u0101ls: NBR: MATERI\u0100LS: PP. \u0100trais adapteris: 1-1\/2\" & 2\". Pl\u016bsmas: 20 l\/min. S\u016bk\u0161ana \/ pacel\u0161ana: 3m\/5m. Pielietojums: D\u012bze\u013cdegviela, petroleja, motore\u013c\u013ca, hidraulisk\u0101 e\u013c\u013ca.","breadcrumb":{"@id":"https:\/\/ibc.ee\/lv\/product\/d-490-steel-lever-action-oil-transfer-drum-pump\/#breadcrumb"},"inLanguage":"lv-LV","potentialAction":[{"@type":"ReadAction","target":["https:\/\/ibc.ee\/lv\/product\/d-490-steel-lever-action-oil-transfer-drum-pump\/"]}]},{"@type":"ImageObject","inLanguage":"lv-LV","@id":"https:\/\/ibc.ee\/lv\/product\/d-490-steel-lever-action-oil-transfer-drum-pump\/#primaryimage","url":"https:\/\/ibc.ee\/wp-content\/uploads\/2021\/02\/D-490-Terasest-vaadipump-olide.jpg","contentUrl":"https:\/\/ibc.ee\/wp-content\/uploads\/2021\/02\/D-490-Terasest-vaadipump-olide.jpg","width":1000,"height":1000,"caption":"D-490 Steel Lever Action Oil Transfer Drum Pump"},{"@type":"BreadcrumbList","@id":"https:\/\/ibc.ee\/lv\/product\/d-490-steel-lever-action-oil-transfer-drum-pump\/#breadcrumb","itemListElement":[{"@type":"ListItem","position":1,"name":"\u0413\u043b\u0430\u0432\u043d\u0430\u044f \u0441\u0442\u0440\u0430\u043d\u0438\u0446\u0430","item":"https:\/\/www.ibc.ee\/lv\/"},{"@type":"ListItem","position":2,"name":"Veikals","item":"https:\/\/www.ibc.ee\/lv\/shop\/"},{"@type":"ListItem","position":3,"name":"D-490 T\u0113rauda sviras darb\u012bbas e\u013c\u013cas p\u0101rs\u016bkn\u0113\u0161anas tvertnes s\u016bknis"}]},{"@type":"WebSite","@id":"https:\/\/www.ibc.ee\/lv\/#website","url":"https:\/\/www.ibc.ee\/lv\/","name":"IBC konteineri m&uuml;&uuml;k, vaadid, kraanid, mahutid","description":"IBC - Tank container valve, Adapters\\fittings, Intermediate bulk, container, Drums\/cans","potentialAction":[{"@type":"SearchAction","target":{"@type":"EntryPoint","urlTemplate":"https:\/\/www.ibc.ee\/lv\/?s={search_term_string}"},"query-input":{"@type":"PropertyValueSpecification","valueRequired":true,"valueName":"search_term_string"}}],"inLanguage":"lv-LV"}]}},"_links":{"self":[{"href":"https:\/\/ibc.ee\/lv\/wp-json\/wp\/v2\/product\/20113","targetHints":{"allow":["GET"]}}],"collection":[{"href":"https:\/\/ibc.ee\/lv\/wp-json\/wp\/v2\/product"}],"about":[{"href":"https:\/\/ibc.ee\/lv\/wp-json\/wp\/v2\/types\/product"}],"wp:featuredmedia":[{"embeddable":true,"href":"https:\/\/ibc.ee\/lv\/wp-json\/wp\/v2\/media\/20118"}],"wp:attachment":[{"href":"https:\/\/ibc.ee\/lv\/wp-json\/wp\/v2\/media?parent=20113"}],"wp:term":[{"taxonomy":"product_brand","embeddable":true,"href":"https:\/\/ibc.ee\/lv\/wp-json\/wp\/v2\/product_brand?post=20113"},{"taxonomy":"product_cat","embeddable":true,"href":"https:\/\/ibc.ee\/lv\/wp-json\/wp\/v2\/product_cat?post=20113"},{"taxonomy":"product_tag","embeddable":true,"href":"https:\/\/ibc.ee\/lv\/wp-json\/wp\/v2\/product_tag?post=20113"}],"curies":[{"name":"wp","href":"https:\/\/api.w.org\/{rel}","templated":true}]}}