{"id":20149,"date":"2021-02-19T21:45:48","date_gmt":"2021-02-19T19:45:48","guid":{"rendered":"https:\/\/ibc.ee\/?post_type=product&#038;p=20149"},"modified":"2025-04-22T13:38:45","modified_gmt":"2025-04-22T11:38:45","slug":"r-490s-lever-action-drum-pump-with-ryton-body","status":"publish","type":"product","link":"https:\/\/ibc.ee\/lv\/product\/r-490s-lever-action-drum-pump-with-ryton-body\/","title":{"rendered":"R-490S sviras darb\u012bbas bungu s\u016bknis ar ritona korpusu"},"content":{"rendered":"<p>R-490S sviras darb\u012bbas bungas s\u016bknis ar ritona korpusu<\/p>\n<p>Specifik\u0101cijas:<br \/>\nMateri\u0101ls: PPS &#8211; S316SS<br \/>\nBl\u012bv\u0113juma materi\u0101ls: Materi\u0101ls: Vitons<br \/>\nSare\u017e\u0123\u012bts: ABS<br \/>\nIzpl\u016bdes caurule:<br \/>\nIepl\u016bdes\/izpl\u016bdes caurules diametrs: 37mm\/22mm<br \/>\nProdukta garums: 1370mm<br \/>\nPl\u016bst: 19 l\/min<br \/>\nPiem\u0113rojam\u0101s tvertnes: 19 l\/min: 15-55mm<br \/>\n\u0100trums: 55 g\u0101jieni min\u016bt\u0113<br \/>\nPielietojums: D\u012bze\u013cdegviela, petroleja, e\u013c\u013ca, \u016bdens, adblue, v\u0101ja sk\u0101be.<\/p>\n","protected":false},"excerpt":{"rendered":"<p>R-490S sviras darb\u012bbas bungas s\u016bknis ar ritona korpusu Specifik\u0101cijas: Materi\u0101ls: PPS &#8211; S316SS Bl\u012bv\u0113juma materi\u0101ls: Materi\u0101ls: Vitons Sare\u017e\u0123\u012bts: ABS Izpl\u016bdes caurule: Iepl\u016bdes\/izpl\u016bdes caurules diametrs: 37mm\/22mm Produkta garums: 1370mm Pl\u016bst: 19 l\/min Piem\u0113rojam\u0101s tvertnes: 19 l\/min: 15-55mm \u0100trums: 55 g\u0101jieni min\u016bt\u0113 Pielietojums: D\u012bze\u013cdegviela, petroleja, e\u013c\u013ca, \u016bdens, adblue, v\u0101ja sk\u0101be.<\/p>\n","protected":false},"featured_media":20154,"template":"","meta":[],"product_brand":[],"product_cat":[313],"product_tag":[],"class_list":{"0":"post-20149","1":"product","2":"type-product","3":"status-publish","4":"has-post-thumbnail","6":"product_cat-bungas-un-skardenes","7":"product_shipping_class-acessories-lv","9":"first","10":"onbackorder","11":"taxable","12":"shipping-taxable","13":"purchasable","14":"product-type-simple"},"yoast_head":"<!-- This site is optimized with the Yoast SEO plugin v26.9 - https:\/\/yoast.com\/product\/yoast-seo-wordpress\/ -->\n<title>R-490S sviras darb\u012bbas bungu s\u016bknis ar ritona korpusu -<\/title>\n<meta name=\"description\" content=\"R-490S sviras darb\u012bbas bungu s\u016bknis ar ritona korpusu. Materi\u0101ls: PPS - S316SS. Pl\u016bsma: 19 l\/min. Pielietojums: D\u012bze\u013cdegviela, petroleja, e\u013c\u013ca, \u016bdens, adblue, v\u0101ja sk\u0101be.\" \/>\n<meta name=\"robots\" content=\"index, follow, max-snippet:-1, max-image-preview:large, max-video-preview:-1\" \/>\n<link rel=\"canonical\" href=\"https:\/\/ibc.ee\/lv\/product\/r-490s-lever-action-drum-pump-with-ryton-body\/\" \/>\n<meta property=\"og:locale\" content=\"lv_LV\" \/>\n<meta property=\"og:type\" content=\"article\" \/>\n<meta property=\"og:title\" content=\"R-490S sviras darb\u012bbas bungu s\u016bknis ar ritona korpusu -\" \/>\n<meta property=\"og:description\" content=\"R-490S sviras darb\u012bbas bungu s\u016bknis ar ritona korpusu. Materi\u0101ls: PPS - S316SS. Pl\u016bsma: 19 l\/min. Pielietojums: D\u012bze\u013cdegviela, petroleja, e\u013c\u013ca, \u016bdens, adblue, v\u0101ja sk\u0101be.\" \/>\n<meta property=\"og:url\" content=\"https:\/\/ibc.ee\/lv\/product\/r-490s-lever-action-drum-pump-with-ryton-body\/\" \/>\n<meta property=\"og:site_name\" content=\"IBC konteineri m&uuml;&uuml;k, vaadid, kraanid, mahutid\" \/>\n<meta property=\"article:modified_time\" content=\"2025-04-22T11:38:45+00:00\" \/>\n<meta property=\"og:image\" content=\"https:\/\/ibc.ee\/wp-content\/uploads\/2021\/02\/R-490S-Vaadipump-kaeupidemega-kemikaalile.jpg\" \/>\n\t<meta property=\"og:image:width\" content=\"1000\" \/>\n\t<meta property=\"og:image:height\" content=\"1000\" \/>\n\t<meta property=\"og:image:type\" content=\"image\/jpeg\" \/>\n<meta name=\"twitter:card\" content=\"summary_large_image\" \/>\n<script type=\"application\/ld+json\" class=\"yoast-schema-graph\">{\"@context\":\"https:\/\/schema.org\",\"@graph\":[{\"@type\":\"WebPage\",\"@id\":\"https:\/\/ibc.ee\/lv\/product\/r-490s-lever-action-drum-pump-with-ryton-body\/\",\"url\":\"https:\/\/ibc.ee\/lv\/product\/r-490s-lever-action-drum-pump-with-ryton-body\/\",\"name\":\"R-490S sviras darb\u012bbas bungu s\u016bknis ar ritona korpusu -\",\"isPartOf\":{\"@id\":\"https:\/\/www.ibc.ee\/lv\/#website\"},\"primaryImageOfPage\":{\"@id\":\"https:\/\/ibc.ee\/lv\/product\/r-490s-lever-action-drum-pump-with-ryton-body\/#primaryimage\"},\"image\":{\"@id\":\"https:\/\/ibc.ee\/lv\/product\/r-490s-lever-action-drum-pump-with-ryton-body\/#primaryimage\"},\"thumbnailUrl\":\"https:\/\/ibc.ee\/wp-content\/uploads\/2021\/02\/R-490S-Vaadipump-kaeupidemega-kemikaalile.jpg\",\"datePublished\":\"2021-02-19T19:45:48+00:00\",\"dateModified\":\"2025-04-22T11:38:45+00:00\",\"description\":\"R-490S sviras darb\u012bbas bungu s\u016bknis ar ritona korpusu. Materi\u0101ls: PPS - S316SS. Pl\u016bsma: 19 l\/min. Pielietojums: D\u012bze\u013cdegviela, petroleja, e\u013c\u013ca, \u016bdens, adblue, v\u0101ja sk\u0101be.\",\"breadcrumb\":{\"@id\":\"https:\/\/ibc.ee\/lv\/product\/r-490s-lever-action-drum-pump-with-ryton-body\/#breadcrumb\"},\"inLanguage\":\"lv-LV\",\"potentialAction\":[{\"@type\":\"ReadAction\",\"target\":[\"https:\/\/ibc.ee\/lv\/product\/r-490s-lever-action-drum-pump-with-ryton-body\/\"]}]},{\"@type\":\"ImageObject\",\"inLanguage\":\"lv-LV\",\"@id\":\"https:\/\/ibc.ee\/lv\/product\/r-490s-lever-action-drum-pump-with-ryton-body\/#primaryimage\",\"url\":\"https:\/\/ibc.ee\/wp-content\/uploads\/2021\/02\/R-490S-Vaadipump-kaeupidemega-kemikaalile.jpg\",\"contentUrl\":\"https:\/\/ibc.ee\/wp-content\/uploads\/2021\/02\/R-490S-Vaadipump-kaeupidemega-kemikaalile.jpg\",\"width\":1000,\"height\":1000,\"caption\":\"R-490S Lever Action Drum Pump with Ryton Body\"},{\"@type\":\"BreadcrumbList\",\"@id\":\"https:\/\/ibc.ee\/lv\/product\/r-490s-lever-action-drum-pump-with-ryton-body\/#breadcrumb\",\"itemListElement\":[{\"@type\":\"ListItem\",\"position\":1,\"name\":\"\u0413\u043b\u0430\u0432\u043d\u0430\u044f \u0441\u0442\u0440\u0430\u043d\u0438\u0446\u0430\",\"item\":\"https:\/\/www.ibc.ee\/lv\/\"},{\"@type\":\"ListItem\",\"position\":2,\"name\":\"Veikals\",\"item\":\"https:\/\/www.ibc.ee\/lv\/shop\/\"},{\"@type\":\"ListItem\",\"position\":3,\"name\":\"R-490S sviras darb\u012bbas bungu s\u016bknis ar ritona korpusu\"}]},{\"@type\":\"WebSite\",\"@id\":\"https:\/\/www.ibc.ee\/lv\/#website\",\"url\":\"https:\/\/www.ibc.ee\/lv\/\",\"name\":\"IBC konteineri m&uuml;&uuml;k, vaadid, kraanid, mahutid\",\"description\":\"IBC - Tank container valve, Adapters\\\\fittings, Intermediate bulk, container, Drums\/cans\",\"potentialAction\":[{\"@type\":\"SearchAction\",\"target\":{\"@type\":\"EntryPoint\",\"urlTemplate\":\"https:\/\/www.ibc.ee\/lv\/?s={search_term_string}\"},\"query-input\":{\"@type\":\"PropertyValueSpecification\",\"valueRequired\":true,\"valueName\":\"search_term_string\"}}],\"inLanguage\":\"lv-LV\"}]}<\/script>\n<!-- \/ Yoast SEO plugin. -->","yoast_head_json":{"title":"R-490S sviras darb\u012bbas bungu s\u016bknis ar ritona korpusu -","description":"R-490S sviras darb\u012bbas bungu s\u016bknis ar ritona korpusu. Materi\u0101ls: PPS - S316SS. Pl\u016bsma: 19 l\/min. Pielietojums: D\u012bze\u013cdegviela, petroleja, e\u013c\u013ca, \u016bdens, adblue, v\u0101ja sk\u0101be.","robots":{"index":"index","follow":"follow","max-snippet":"max-snippet:-1","max-image-preview":"max-image-preview:large","max-video-preview":"max-video-preview:-1"},"canonical":"https:\/\/ibc.ee\/lv\/product\/r-490s-lever-action-drum-pump-with-ryton-body\/","og_locale":"lv_LV","og_type":"article","og_title":"R-490S sviras darb\u012bbas bungu s\u016bknis ar ritona korpusu -","og_description":"R-490S sviras darb\u012bbas bungu s\u016bknis ar ritona korpusu. Materi\u0101ls: PPS - S316SS. Pl\u016bsma: 19 l\/min. Pielietojums: D\u012bze\u013cdegviela, petroleja, e\u013c\u013ca, \u016bdens, adblue, v\u0101ja sk\u0101be.","og_url":"https:\/\/ibc.ee\/lv\/product\/r-490s-lever-action-drum-pump-with-ryton-body\/","og_site_name":"IBC konteineri m&uuml;&uuml;k, vaadid, kraanid, mahutid","article_modified_time":"2025-04-22T11:38:45+00:00","og_image":[{"width":1000,"height":1000,"url":"https:\/\/ibc.ee\/wp-content\/uploads\/2021\/02\/R-490S-Vaadipump-kaeupidemega-kemikaalile.jpg","type":"image\/jpeg"}],"twitter_card":"summary_large_image","schema":{"@context":"https:\/\/schema.org","@graph":[{"@type":"WebPage","@id":"https:\/\/ibc.ee\/lv\/product\/r-490s-lever-action-drum-pump-with-ryton-body\/","url":"https:\/\/ibc.ee\/lv\/product\/r-490s-lever-action-drum-pump-with-ryton-body\/","name":"R-490S sviras darb\u012bbas bungu s\u016bknis ar ritona korpusu -","isPartOf":{"@id":"https:\/\/www.ibc.ee\/lv\/#website"},"primaryImageOfPage":{"@id":"https:\/\/ibc.ee\/lv\/product\/r-490s-lever-action-drum-pump-with-ryton-body\/#primaryimage"},"image":{"@id":"https:\/\/ibc.ee\/lv\/product\/r-490s-lever-action-drum-pump-with-ryton-body\/#primaryimage"},"thumbnailUrl":"https:\/\/ibc.ee\/wp-content\/uploads\/2021\/02\/R-490S-Vaadipump-kaeupidemega-kemikaalile.jpg","datePublished":"2021-02-19T19:45:48+00:00","dateModified":"2025-04-22T11:38:45+00:00","description":"R-490S sviras darb\u012bbas bungu s\u016bknis ar ritona korpusu. Materi\u0101ls: PPS - S316SS. Pl\u016bsma: 19 l\/min. Pielietojums: D\u012bze\u013cdegviela, petroleja, e\u013c\u013ca, \u016bdens, adblue, v\u0101ja sk\u0101be.","breadcrumb":{"@id":"https:\/\/ibc.ee\/lv\/product\/r-490s-lever-action-drum-pump-with-ryton-body\/#breadcrumb"},"inLanguage":"lv-LV","potentialAction":[{"@type":"ReadAction","target":["https:\/\/ibc.ee\/lv\/product\/r-490s-lever-action-drum-pump-with-ryton-body\/"]}]},{"@type":"ImageObject","inLanguage":"lv-LV","@id":"https:\/\/ibc.ee\/lv\/product\/r-490s-lever-action-drum-pump-with-ryton-body\/#primaryimage","url":"https:\/\/ibc.ee\/wp-content\/uploads\/2021\/02\/R-490S-Vaadipump-kaeupidemega-kemikaalile.jpg","contentUrl":"https:\/\/ibc.ee\/wp-content\/uploads\/2021\/02\/R-490S-Vaadipump-kaeupidemega-kemikaalile.jpg","width":1000,"height":1000,"caption":"R-490S Lever Action Drum Pump with Ryton Body"},{"@type":"BreadcrumbList","@id":"https:\/\/ibc.ee\/lv\/product\/r-490s-lever-action-drum-pump-with-ryton-body\/#breadcrumb","itemListElement":[{"@type":"ListItem","position":1,"name":"\u0413\u043b\u0430\u0432\u043d\u0430\u044f \u0441\u0442\u0440\u0430\u043d\u0438\u0446\u0430","item":"https:\/\/www.ibc.ee\/lv\/"},{"@type":"ListItem","position":2,"name":"Veikals","item":"https:\/\/www.ibc.ee\/lv\/shop\/"},{"@type":"ListItem","position":3,"name":"R-490S sviras darb\u012bbas bungu s\u016bknis ar ritona korpusu"}]},{"@type":"WebSite","@id":"https:\/\/www.ibc.ee\/lv\/#website","url":"https:\/\/www.ibc.ee\/lv\/","name":"IBC konteineri m&uuml;&uuml;k, vaadid, kraanid, mahutid","description":"IBC - Tank container valve, Adapters\\fittings, Intermediate bulk, container, Drums\/cans","potentialAction":[{"@type":"SearchAction","target":{"@type":"EntryPoint","urlTemplate":"https:\/\/www.ibc.ee\/lv\/?s={search_term_string}"},"query-input":{"@type":"PropertyValueSpecification","valueRequired":true,"valueName":"search_term_string"}}],"inLanguage":"lv-LV"}]}},"_links":{"self":[{"href":"https:\/\/ibc.ee\/lv\/wp-json\/wp\/v2\/product\/20149","targetHints":{"allow":["GET"]}}],"collection":[{"href":"https:\/\/ibc.ee\/lv\/wp-json\/wp\/v2\/product"}],"about":[{"href":"https:\/\/ibc.ee\/lv\/wp-json\/wp\/v2\/types\/product"}],"wp:featuredmedia":[{"embeddable":true,"href":"https:\/\/ibc.ee\/lv\/wp-json\/wp\/v2\/media\/20154"}],"wp:attachment":[{"href":"https:\/\/ibc.ee\/lv\/wp-json\/wp\/v2\/media?parent=20149"}],"wp:term":[{"taxonomy":"product_brand","embeddable":true,"href":"https:\/\/ibc.ee\/lv\/wp-json\/wp\/v2\/product_brand?post=20149"},{"taxonomy":"product_cat","embeddable":true,"href":"https:\/\/ibc.ee\/lv\/wp-json\/wp\/v2\/product_cat?post=20149"},{"taxonomy":"product_tag","embeddable":true,"href":"https:\/\/ibc.ee\/lv\/wp-json\/wp\/v2\/product_tag?post=20149"}],"curies":[{"name":"wp","href":"https:\/\/api.w.org\/{rel}","templated":true}]}}