{"id":20219,"date":"2021-02-20T00:01:48","date_gmt":"2021-02-19T22:01:48","guid":{"rendered":"https:\/\/ibc.ee\/?post_type=product&#038;p=20219"},"modified":"2025-04-22T13:21:17","modified_gmt":"2025-04-22T11:21:17","slug":"304-stainless-steel-5-gallon-vertical-lift-hand-pump","status":"publish","type":"product","link":"https:\/\/ibc.ee\/lv\/product\/304-stainless-steel-5-gallon-vertical-lift-hand-pump\/","title":{"rendered":"304 ner\u016bs\u0113jo\u0161\u0101 t\u0113rauda 5 galonu vertik\u0101lais pac\u0113l\u0101ja rokas s\u016bknis"},"content":{"rendered":"<p>304 Ner\u016bs\u0113jo\u0161\u0101 t\u0113rauda 5 galonu vertik\u0101lais pac\u0113l\u0101ja rokas s\u016bknis<\/p>\n<p>Specifik\u0101cijas:<br \/>\nMateri\u0101ls: 304 ner\u016bs\u0113jo\u0161ais t\u0113rauds<br \/>\nBl\u012bv\u0113juma materi\u0101ls: Materi\u0101ls: PTFE<br \/>\nVirzu\u013ca materi\u0101ls:<br \/>\n Iepl\u016bdes diametrs: 37<br \/>\nIzpl\u016bdes diametrs: 19\/16 mm<br \/>\nJauda: 800 cm3\/takts<br \/>\nPl\u016bsma: 35 l\/min<br \/>\nIes\u016bkn\u0113\u0161ana: S\u016bk\u0161ana: 1m<br \/>\nPacel\u0161ana: 1m<br \/>\nPielietojums: Smag\u0101 e\u013c\u013ca, ma\u0161\u012bnu e\u013c\u013ca, p\u0101rtika (sula, piens, v\u012bns, \u016bdens), alkohols.<\/p>\n","protected":false},"excerpt":{"rendered":"<p>304 Ner\u016bs\u0113jo\u0161\u0101 t\u0113rauda 5 galonu vertik\u0101lais pac\u0113l\u0101ja rokas s\u016bknis Specifik\u0101cijas: Materi\u0101ls: 304 ner\u016bs\u0113jo\u0161ais t\u0113rauds Bl\u012bv\u0113juma materi\u0101ls: Materi\u0101ls: PTFE Virzu\u013ca materi\u0101ls: Iepl\u016bdes diametrs: 37 Izpl\u016bdes diametrs: 19\/16 mm Jauda: 800 cm3\/takts Pl\u016bsma: 35 l\/min Ies\u016bkn\u0113\u0161ana: S\u016bk\u0161ana: 1m Pacel\u0161ana: 1m Pielietojums: Smag\u0101 e\u013c\u013ca, ma\u0161\u012bnu e\u013c\u013ca, p\u0101rtika (sula, piens, v\u012bns, \u016bdens), alkohols.<\/p>\n","protected":false},"featured_media":20224,"template":"","meta":[],"product_brand":[],"product_cat":[313],"product_tag":[],"class_list":{"0":"post-20219","1":"product","2":"type-product","3":"status-publish","4":"has-post-thumbnail","6":"product_cat-bungas-un-skardenes","7":"product_shipping_class-acessories-lv","9":"first","10":"instock","11":"taxable","12":"shipping-taxable","13":"purchasable","14":"product-type-simple"},"yoast_head":"<!-- This site is optimized with the Yoast SEO plugin v26.9 - https:\/\/yoast.com\/product\/yoast-seo-wordpress\/ -->\n<title>304 ner\u016bs\u0113jo\u0161\u0101 t\u0113rauda 5 galonu vertik\u0101lais pac\u0113l\u0101ja rokas s\u016bknis -<\/title>\n<meta name=\"description\" content=\"304 ner\u016bs\u0113jo\u0161\u0101 t\u0113rauda 5 galonu vertik\u0101lais pac\u0113l\u0101ja rokas s\u016bknis. Pielietojums: Smag\u0101 e\u013c\u013ca, ma\u0161\u012bnu e\u013c\u013ca, p\u0101rtika (sula, piens, v\u012bns, \u016bdens), alkohols.\" \/>\n<meta name=\"robots\" content=\"index, follow, max-snippet:-1, max-image-preview:large, max-video-preview:-1\" \/>\n<link rel=\"canonical\" href=\"https:\/\/ibc.ee\/lv\/product\/304-stainless-steel-5-gallon-vertical-lift-hand-pump\/\" \/>\n<meta property=\"og:locale\" content=\"lv_LV\" \/>\n<meta property=\"og:type\" content=\"article\" \/>\n<meta property=\"og:title\" content=\"304 ner\u016bs\u0113jo\u0161\u0101 t\u0113rauda 5 galonu vertik\u0101lais pac\u0113l\u0101ja rokas s\u016bknis -\" \/>\n<meta property=\"og:description\" content=\"304 ner\u016bs\u0113jo\u0161\u0101 t\u0113rauda 5 galonu vertik\u0101lais pac\u0113l\u0101ja rokas s\u016bknis. Pielietojums: Smag\u0101 e\u013c\u013ca, ma\u0161\u012bnu e\u013c\u013ca, p\u0101rtika (sula, piens, v\u012bns, \u016bdens), alkohols.\" \/>\n<meta property=\"og:url\" content=\"https:\/\/ibc.ee\/lv\/product\/304-stainless-steel-5-gallon-vertical-lift-hand-pump\/\" \/>\n<meta property=\"og:site_name\" content=\"IBC konteineri m&uuml;&uuml;k, vaadid, kraanid, mahutid\" \/>\n<meta property=\"article:modified_time\" content=\"2025-04-22T11:21:17+00:00\" \/>\n<meta property=\"og:image\" content=\"https:\/\/ibc.ee\/wp-content\/uploads\/2021\/02\/Terasest-kasipump-tunnile.jpg\" \/>\n\t<meta property=\"og:image:width\" content=\"1000\" \/>\n\t<meta property=\"og:image:height\" content=\"1000\" \/>\n\t<meta property=\"og:image:type\" content=\"image\/jpeg\" \/>\n<meta name=\"twitter:card\" content=\"summary_large_image\" \/>\n<script type=\"application\/ld+json\" class=\"yoast-schema-graph\">{\"@context\":\"https:\/\/schema.org\",\"@graph\":[{\"@type\":\"WebPage\",\"@id\":\"https:\/\/ibc.ee\/lv\/product\/304-stainless-steel-5-gallon-vertical-lift-hand-pump\/\",\"url\":\"https:\/\/ibc.ee\/lv\/product\/304-stainless-steel-5-gallon-vertical-lift-hand-pump\/\",\"name\":\"304 ner\u016bs\u0113jo\u0161\u0101 t\u0113rauda 5 galonu vertik\u0101lais pac\u0113l\u0101ja rokas s\u016bknis -\",\"isPartOf\":{\"@id\":\"https:\/\/ibc.ee\/lv\/#website\"},\"primaryImageOfPage\":{\"@id\":\"https:\/\/ibc.ee\/lv\/product\/304-stainless-steel-5-gallon-vertical-lift-hand-pump\/#primaryimage\"},\"image\":{\"@id\":\"https:\/\/ibc.ee\/lv\/product\/304-stainless-steel-5-gallon-vertical-lift-hand-pump\/#primaryimage\"},\"thumbnailUrl\":\"https:\/\/ibc.ee\/wp-content\/uploads\/2021\/02\/Terasest-kasipump-tunnile.jpg\",\"datePublished\":\"2021-02-19T22:01:48+00:00\",\"dateModified\":\"2025-04-22T11:21:17+00:00\",\"description\":\"304 ner\u016bs\u0113jo\u0161\u0101 t\u0113rauda 5 galonu vertik\u0101lais pac\u0113l\u0101ja rokas s\u016bknis. Pielietojums: Smag\u0101 e\u013c\u013ca, ma\u0161\u012bnu e\u013c\u013ca, p\u0101rtika (sula, piens, v\u012bns, \u016bdens), alkohols.\",\"breadcrumb\":{\"@id\":\"https:\/\/ibc.ee\/lv\/product\/304-stainless-steel-5-gallon-vertical-lift-hand-pump\/#breadcrumb\"},\"inLanguage\":\"lv-LV\",\"potentialAction\":[{\"@type\":\"ReadAction\",\"target\":[\"https:\/\/ibc.ee\/lv\/product\/304-stainless-steel-5-gallon-vertical-lift-hand-pump\/\"]}]},{\"@type\":\"ImageObject\",\"inLanguage\":\"lv-LV\",\"@id\":\"https:\/\/ibc.ee\/lv\/product\/304-stainless-steel-5-gallon-vertical-lift-hand-pump\/#primaryimage\",\"url\":\"https:\/\/ibc.ee\/wp-content\/uploads\/2021\/02\/Terasest-kasipump-tunnile.jpg\",\"contentUrl\":\"https:\/\/ibc.ee\/wp-content\/uploads\/2021\/02\/Terasest-kasipump-tunnile.jpg\",\"width\":1000,\"height\":1000,\"caption\":\"304 Stainless Steel 5-Gallon Vertical Lift Hand Pump\"},{\"@type\":\"BreadcrumbList\",\"@id\":\"https:\/\/ibc.ee\/lv\/product\/304-stainless-steel-5-gallon-vertical-lift-hand-pump\/#breadcrumb\",\"itemListElement\":[{\"@type\":\"ListItem\",\"position\":1,\"name\":\"\u0413\u043b\u0430\u0432\u043d\u0430\u044f \u0441\u0442\u0440\u0430\u043d\u0438\u0446\u0430\",\"item\":\"https:\/\/ibc.ee\/lv\/\"},{\"@type\":\"ListItem\",\"position\":2,\"name\":\"Veikals\",\"item\":\"https:\/\/ibc.ee\/lv\/shop\/\"},{\"@type\":\"ListItem\",\"position\":3,\"name\":\"304 ner\u016bs\u0113jo\u0161\u0101 t\u0113rauda 5 galonu vertik\u0101lais pac\u0113l\u0101ja rokas s\u016bknis\"}]},{\"@type\":\"WebSite\",\"@id\":\"https:\/\/ibc.ee\/lv\/#website\",\"url\":\"https:\/\/ibc.ee\/lv\/\",\"name\":\"IBC konteineri m&uuml;&uuml;k, vaadid, kraanid, mahutid\",\"description\":\"IBC - Tank container valve, Adapters\\\\fittings, Intermediate bulk, container, Drums\/cans\",\"potentialAction\":[{\"@type\":\"SearchAction\",\"target\":{\"@type\":\"EntryPoint\",\"urlTemplate\":\"https:\/\/ibc.ee\/lv\/?s={search_term_string}\"},\"query-input\":{\"@type\":\"PropertyValueSpecification\",\"valueRequired\":true,\"valueName\":\"search_term_string\"}}],\"inLanguage\":\"lv-LV\"}]}<\/script>\n<!-- \/ Yoast SEO plugin. -->","yoast_head_json":{"title":"304 ner\u016bs\u0113jo\u0161\u0101 t\u0113rauda 5 galonu vertik\u0101lais pac\u0113l\u0101ja rokas s\u016bknis -","description":"304 ner\u016bs\u0113jo\u0161\u0101 t\u0113rauda 5 galonu vertik\u0101lais pac\u0113l\u0101ja rokas s\u016bknis. Pielietojums: Smag\u0101 e\u013c\u013ca, ma\u0161\u012bnu e\u013c\u013ca, p\u0101rtika (sula, piens, v\u012bns, \u016bdens), alkohols.","robots":{"index":"index","follow":"follow","max-snippet":"max-snippet:-1","max-image-preview":"max-image-preview:large","max-video-preview":"max-video-preview:-1"},"canonical":"https:\/\/ibc.ee\/lv\/product\/304-stainless-steel-5-gallon-vertical-lift-hand-pump\/","og_locale":"lv_LV","og_type":"article","og_title":"304 ner\u016bs\u0113jo\u0161\u0101 t\u0113rauda 5 galonu vertik\u0101lais pac\u0113l\u0101ja rokas s\u016bknis -","og_description":"304 ner\u016bs\u0113jo\u0161\u0101 t\u0113rauda 5 galonu vertik\u0101lais pac\u0113l\u0101ja rokas s\u016bknis. Pielietojums: Smag\u0101 e\u013c\u013ca, ma\u0161\u012bnu e\u013c\u013ca, p\u0101rtika (sula, piens, v\u012bns, \u016bdens), alkohols.","og_url":"https:\/\/ibc.ee\/lv\/product\/304-stainless-steel-5-gallon-vertical-lift-hand-pump\/","og_site_name":"IBC konteineri m&uuml;&uuml;k, vaadid, kraanid, mahutid","article_modified_time":"2025-04-22T11:21:17+00:00","og_image":[{"width":1000,"height":1000,"url":"https:\/\/ibc.ee\/wp-content\/uploads\/2021\/02\/Terasest-kasipump-tunnile.jpg","type":"image\/jpeg"}],"twitter_card":"summary_large_image","schema":{"@context":"https:\/\/schema.org","@graph":[{"@type":"WebPage","@id":"https:\/\/ibc.ee\/lv\/product\/304-stainless-steel-5-gallon-vertical-lift-hand-pump\/","url":"https:\/\/ibc.ee\/lv\/product\/304-stainless-steel-5-gallon-vertical-lift-hand-pump\/","name":"304 ner\u016bs\u0113jo\u0161\u0101 t\u0113rauda 5 galonu vertik\u0101lais pac\u0113l\u0101ja rokas s\u016bknis -","isPartOf":{"@id":"https:\/\/ibc.ee\/lv\/#website"},"primaryImageOfPage":{"@id":"https:\/\/ibc.ee\/lv\/product\/304-stainless-steel-5-gallon-vertical-lift-hand-pump\/#primaryimage"},"image":{"@id":"https:\/\/ibc.ee\/lv\/product\/304-stainless-steel-5-gallon-vertical-lift-hand-pump\/#primaryimage"},"thumbnailUrl":"https:\/\/ibc.ee\/wp-content\/uploads\/2021\/02\/Terasest-kasipump-tunnile.jpg","datePublished":"2021-02-19T22:01:48+00:00","dateModified":"2025-04-22T11:21:17+00:00","description":"304 ner\u016bs\u0113jo\u0161\u0101 t\u0113rauda 5 galonu vertik\u0101lais pac\u0113l\u0101ja rokas s\u016bknis. Pielietojums: Smag\u0101 e\u013c\u013ca, ma\u0161\u012bnu e\u013c\u013ca, p\u0101rtika (sula, piens, v\u012bns, \u016bdens), alkohols.","breadcrumb":{"@id":"https:\/\/ibc.ee\/lv\/product\/304-stainless-steel-5-gallon-vertical-lift-hand-pump\/#breadcrumb"},"inLanguage":"lv-LV","potentialAction":[{"@type":"ReadAction","target":["https:\/\/ibc.ee\/lv\/product\/304-stainless-steel-5-gallon-vertical-lift-hand-pump\/"]}]},{"@type":"ImageObject","inLanguage":"lv-LV","@id":"https:\/\/ibc.ee\/lv\/product\/304-stainless-steel-5-gallon-vertical-lift-hand-pump\/#primaryimage","url":"https:\/\/ibc.ee\/wp-content\/uploads\/2021\/02\/Terasest-kasipump-tunnile.jpg","contentUrl":"https:\/\/ibc.ee\/wp-content\/uploads\/2021\/02\/Terasest-kasipump-tunnile.jpg","width":1000,"height":1000,"caption":"304 Stainless Steel 5-Gallon Vertical Lift Hand Pump"},{"@type":"BreadcrumbList","@id":"https:\/\/ibc.ee\/lv\/product\/304-stainless-steel-5-gallon-vertical-lift-hand-pump\/#breadcrumb","itemListElement":[{"@type":"ListItem","position":1,"name":"\u0413\u043b\u0430\u0432\u043d\u0430\u044f \u0441\u0442\u0440\u0430\u043d\u0438\u0446\u0430","item":"https:\/\/ibc.ee\/lv\/"},{"@type":"ListItem","position":2,"name":"Veikals","item":"https:\/\/ibc.ee\/lv\/shop\/"},{"@type":"ListItem","position":3,"name":"304 ner\u016bs\u0113jo\u0161\u0101 t\u0113rauda 5 galonu vertik\u0101lais pac\u0113l\u0101ja rokas s\u016bknis"}]},{"@type":"WebSite","@id":"https:\/\/ibc.ee\/lv\/#website","url":"https:\/\/ibc.ee\/lv\/","name":"IBC konteineri m&uuml;&uuml;k, vaadid, kraanid, mahutid","description":"IBC - Tank container valve, Adapters\\fittings, Intermediate bulk, container, Drums\/cans","potentialAction":[{"@type":"SearchAction","target":{"@type":"EntryPoint","urlTemplate":"https:\/\/ibc.ee\/lv\/?s={search_term_string}"},"query-input":{"@type":"PropertyValueSpecification","valueRequired":true,"valueName":"search_term_string"}}],"inLanguage":"lv-LV"}]}},"_links":{"self":[{"href":"https:\/\/ibc.ee\/lv\/wp-json\/wp\/v2\/product\/20219","targetHints":{"allow":["GET"]}}],"collection":[{"href":"https:\/\/ibc.ee\/lv\/wp-json\/wp\/v2\/product"}],"about":[{"href":"https:\/\/ibc.ee\/lv\/wp-json\/wp\/v2\/types\/product"}],"wp:featuredmedia":[{"embeddable":true,"href":"https:\/\/ibc.ee\/lv\/wp-json\/wp\/v2\/media\/20224"}],"wp:attachment":[{"href":"https:\/\/ibc.ee\/lv\/wp-json\/wp\/v2\/media?parent=20219"}],"wp:term":[{"taxonomy":"product_brand","embeddable":true,"href":"https:\/\/ibc.ee\/lv\/wp-json\/wp\/v2\/product_brand?post=20219"},{"taxonomy":"product_cat","embeddable":true,"href":"https:\/\/ibc.ee\/lv\/wp-json\/wp\/v2\/product_cat?post=20219"},{"taxonomy":"product_tag","embeddable":true,"href":"https:\/\/ibc.ee\/lv\/wp-json\/wp\/v2\/product_tag?post=20219"}],"curies":[{"name":"wp","href":"https:\/\/api.w.org\/{rel}","templated":true}]}}