{"id":20289,"date":"2021-02-20T19:45:01","date_gmt":"2021-02-20T17:45:01","guid":{"rendered":"https:\/\/ibc.ee\/?post_type=product&#038;p=20289"},"modified":"2025-04-22T13:09:26","modified_gmt":"2025-04-22T11:09:26","slug":"car-siphon-pump-for-gas-oil-water","status":"publish","type":"product","link":"https:\/\/ibc.ee\/lv\/product\/car-siphon-pump-for-gas-oil-water\/","title":{"rendered":"Auto sifona s\u016bknis g\u0101zei, e\u013c\u013cai, \u016bdenim"},"content":{"rendered":"<p>Auto sifona s\u016bknis g\u0101zei, e\u013c\u013cai, \u016bdenim<\/p>\n<p>Specifik\u0101cijas:<br \/>\nModelis: DP-14 \/ GT127<br \/>\nPa\u0161ies\u016bco\u0161s: J\u0101<br \/>\nIepl\u016bdes \/ izpl\u016bdes diametrs: 17\/17 mm<br \/>\nIes\u016bkn\u0113\u0161ana: 400 mm<br \/>\nPac\u0113l\u0101js: 450 mm<br \/>\nJauda: 7-9 l\/min<br \/>\nPielietojums: \u0136imik\u0101lijas, \u0161\u0137idrumi uz naftas b\u0101zes, \u016bdens.<\/p>\n","protected":false},"excerpt":{"rendered":"<p>Auto sifona s\u016bknis g\u0101zei, e\u013c\u013cai, \u016bdenim Specifik\u0101cijas: Modelis: DP-14 \/ GT127 Pa\u0161ies\u016bco\u0161s: J\u0101 Iepl\u016bdes \/ izpl\u016bdes diametrs: 17\/17 mm Ies\u016bkn\u0113\u0161ana: 400 mm Pac\u0113l\u0101js: 450 mm Jauda: 7-9 l\/min Pielietojums: \u0136imik\u0101lijas, \u0161\u0137idrumi uz naftas b\u0101zes, \u016bdens.<\/p>\n","protected":false},"featured_media":20294,"template":"","meta":[],"product_brand":[],"product_cat":[313],"product_tag":[],"class_list":{"0":"post-20289","1":"product","2":"type-product","3":"status-publish","4":"has-post-thumbnail","6":"product_cat-bungas-un-skardenes","7":"product_shipping_class-acessories-lv","9":"first","10":"onbackorder","11":"taxable","12":"shipping-taxable","13":"purchasable","14":"product-type-simple"},"yoast_head":"<!-- This site is optimized with the Yoast SEO plugin v26.9 - https:\/\/yoast.com\/product\/yoast-seo-wordpress\/ -->\n<title>Auto sifona s\u016bknis g\u0101zei, e\u013c\u013cai, \u016bdenim -<\/title>\n<meta name=\"description\" content=\"Auto sifona s\u016bknis g\u0101zei, e\u013c\u013cai, \u016bdenim. Jauda: 7-9 l\/min. Pielietojums: \u0136imik\u0101lijas, \u0161\u0137idrumi uz naftas b\u0101zes, \u016bdens.\" \/>\n<meta name=\"robots\" content=\"index, follow, max-snippet:-1, max-image-preview:large, max-video-preview:-1\" \/>\n<link rel=\"canonical\" href=\"https:\/\/ibc.ee\/lv\/product\/car-siphon-pump-for-gas-oil-water\/\" \/>\n<meta property=\"og:locale\" content=\"lv_LV\" \/>\n<meta property=\"og:type\" content=\"article\" \/>\n<meta property=\"og:title\" content=\"Auto sifona s\u016bknis g\u0101zei, e\u013c\u013cai, \u016bdenim -\" \/>\n<meta property=\"og:description\" content=\"Auto sifona s\u016bknis g\u0101zei, e\u013c\u013cai, \u016bdenim. Jauda: 7-9 l\/min. Pielietojums: \u0136imik\u0101lijas, \u0161\u0137idrumi uz naftas b\u0101zes, \u016bdens.\" \/>\n<meta property=\"og:url\" content=\"https:\/\/ibc.ee\/lv\/product\/car-siphon-pump-for-gas-oil-water\/\" \/>\n<meta property=\"og:site_name\" content=\"IBC konteineri m&uuml;&uuml;k, vaadid, kraanid, mahutid\" \/>\n<meta property=\"article:modified_time\" content=\"2025-04-22T11:09:26+00:00\" \/>\n<meta property=\"og:image\" content=\"https:\/\/ibc.ee\/wp-content\/uploads\/2021\/02\/Sifoonpump-klaasipesuvedeliku-pumpamiseks.jpg\" \/>\n\t<meta property=\"og:image:width\" content=\"1000\" \/>\n\t<meta property=\"og:image:height\" content=\"1000\" \/>\n\t<meta property=\"og:image:type\" content=\"image\/jpeg\" \/>\n<meta name=\"twitter:card\" content=\"summary_large_image\" \/>\n<script type=\"application\/ld+json\" class=\"yoast-schema-graph\">{\"@context\":\"https:\/\/schema.org\",\"@graph\":[{\"@type\":\"WebPage\",\"@id\":\"https:\/\/ibc.ee\/lv\/product\/car-siphon-pump-for-gas-oil-water\/\",\"url\":\"https:\/\/ibc.ee\/lv\/product\/car-siphon-pump-for-gas-oil-water\/\",\"name\":\"Auto sifona s\u016bknis g\u0101zei, e\u013c\u013cai, \u016bdenim -\",\"isPartOf\":{\"@id\":\"https:\/\/www.ibc.ee\/lv\/#website\"},\"primaryImageOfPage\":{\"@id\":\"https:\/\/ibc.ee\/lv\/product\/car-siphon-pump-for-gas-oil-water\/#primaryimage\"},\"image\":{\"@id\":\"https:\/\/ibc.ee\/lv\/product\/car-siphon-pump-for-gas-oil-water\/#primaryimage\"},\"thumbnailUrl\":\"https:\/\/ibc.ee\/wp-content\/uploads\/2021\/02\/Sifoonpump-klaasipesuvedeliku-pumpamiseks.jpg\",\"datePublished\":\"2021-02-20T17:45:01+00:00\",\"dateModified\":\"2025-04-22T11:09:26+00:00\",\"description\":\"Auto sifona s\u016bknis g\u0101zei, e\u013c\u013cai, \u016bdenim. Jauda: 7-9 l\/min. Pielietojums: \u0136imik\u0101lijas, \u0161\u0137idrumi uz naftas b\u0101zes, \u016bdens.\",\"breadcrumb\":{\"@id\":\"https:\/\/ibc.ee\/lv\/product\/car-siphon-pump-for-gas-oil-water\/#breadcrumb\"},\"inLanguage\":\"lv-LV\",\"potentialAction\":[{\"@type\":\"ReadAction\",\"target\":[\"https:\/\/ibc.ee\/lv\/product\/car-siphon-pump-for-gas-oil-water\/\"]}]},{\"@type\":\"ImageObject\",\"inLanguage\":\"lv-LV\",\"@id\":\"https:\/\/ibc.ee\/lv\/product\/car-siphon-pump-for-gas-oil-water\/#primaryimage\",\"url\":\"https:\/\/ibc.ee\/wp-content\/uploads\/2021\/02\/Sifoonpump-klaasipesuvedeliku-pumpamiseks.jpg\",\"contentUrl\":\"https:\/\/ibc.ee\/wp-content\/uploads\/2021\/02\/Sifoonpump-klaasipesuvedeliku-pumpamiseks.jpg\",\"width\":1000,\"height\":1000,\"caption\":\"Car Siphon Pump for Gas, Oil, Water\"},{\"@type\":\"BreadcrumbList\",\"@id\":\"https:\/\/ibc.ee\/lv\/product\/car-siphon-pump-for-gas-oil-water\/#breadcrumb\",\"itemListElement\":[{\"@type\":\"ListItem\",\"position\":1,\"name\":\"\u0413\u043b\u0430\u0432\u043d\u0430\u044f \u0441\u0442\u0440\u0430\u043d\u0438\u0446\u0430\",\"item\":\"https:\/\/www.ibc.ee\/lv\/\"},{\"@type\":\"ListItem\",\"position\":2,\"name\":\"Veikals\",\"item\":\"https:\/\/www.ibc.ee\/lv\/shop\/\"},{\"@type\":\"ListItem\",\"position\":3,\"name\":\"Auto sifona s\u016bknis g\u0101zei, e\u013c\u013cai, \u016bdenim\"}]},{\"@type\":\"WebSite\",\"@id\":\"https:\/\/www.ibc.ee\/lv\/#website\",\"url\":\"https:\/\/www.ibc.ee\/lv\/\",\"name\":\"IBC konteineri m&uuml;&uuml;k, vaadid, kraanid, mahutid\",\"description\":\"IBC - Tank container valve, Adapters\\\\fittings, Intermediate bulk, container, Drums\/cans\",\"potentialAction\":[{\"@type\":\"SearchAction\",\"target\":{\"@type\":\"EntryPoint\",\"urlTemplate\":\"https:\/\/www.ibc.ee\/lv\/?s={search_term_string}\"},\"query-input\":{\"@type\":\"PropertyValueSpecification\",\"valueRequired\":true,\"valueName\":\"search_term_string\"}}],\"inLanguage\":\"lv-LV\"}]}<\/script>\n<!-- \/ Yoast SEO plugin. -->","yoast_head_json":{"title":"Auto sifona s\u016bknis g\u0101zei, e\u013c\u013cai, \u016bdenim -","description":"Auto sifona s\u016bknis g\u0101zei, e\u013c\u013cai, \u016bdenim. Jauda: 7-9 l\/min. Pielietojums: \u0136imik\u0101lijas, \u0161\u0137idrumi uz naftas b\u0101zes, \u016bdens.","robots":{"index":"index","follow":"follow","max-snippet":"max-snippet:-1","max-image-preview":"max-image-preview:large","max-video-preview":"max-video-preview:-1"},"canonical":"https:\/\/ibc.ee\/lv\/product\/car-siphon-pump-for-gas-oil-water\/","og_locale":"lv_LV","og_type":"article","og_title":"Auto sifona s\u016bknis g\u0101zei, e\u013c\u013cai, \u016bdenim -","og_description":"Auto sifona s\u016bknis g\u0101zei, e\u013c\u013cai, \u016bdenim. Jauda: 7-9 l\/min. Pielietojums: \u0136imik\u0101lijas, \u0161\u0137idrumi uz naftas b\u0101zes, \u016bdens.","og_url":"https:\/\/ibc.ee\/lv\/product\/car-siphon-pump-for-gas-oil-water\/","og_site_name":"IBC konteineri m&uuml;&uuml;k, vaadid, kraanid, mahutid","article_modified_time":"2025-04-22T11:09:26+00:00","og_image":[{"width":1000,"height":1000,"url":"https:\/\/ibc.ee\/wp-content\/uploads\/2021\/02\/Sifoonpump-klaasipesuvedeliku-pumpamiseks.jpg","type":"image\/jpeg"}],"twitter_card":"summary_large_image","schema":{"@context":"https:\/\/schema.org","@graph":[{"@type":"WebPage","@id":"https:\/\/ibc.ee\/lv\/product\/car-siphon-pump-for-gas-oil-water\/","url":"https:\/\/ibc.ee\/lv\/product\/car-siphon-pump-for-gas-oil-water\/","name":"Auto sifona s\u016bknis g\u0101zei, e\u013c\u013cai, \u016bdenim -","isPartOf":{"@id":"https:\/\/www.ibc.ee\/lv\/#website"},"primaryImageOfPage":{"@id":"https:\/\/ibc.ee\/lv\/product\/car-siphon-pump-for-gas-oil-water\/#primaryimage"},"image":{"@id":"https:\/\/ibc.ee\/lv\/product\/car-siphon-pump-for-gas-oil-water\/#primaryimage"},"thumbnailUrl":"https:\/\/ibc.ee\/wp-content\/uploads\/2021\/02\/Sifoonpump-klaasipesuvedeliku-pumpamiseks.jpg","datePublished":"2021-02-20T17:45:01+00:00","dateModified":"2025-04-22T11:09:26+00:00","description":"Auto sifona s\u016bknis g\u0101zei, e\u013c\u013cai, \u016bdenim. Jauda: 7-9 l\/min. Pielietojums: \u0136imik\u0101lijas, \u0161\u0137idrumi uz naftas b\u0101zes, \u016bdens.","breadcrumb":{"@id":"https:\/\/ibc.ee\/lv\/product\/car-siphon-pump-for-gas-oil-water\/#breadcrumb"},"inLanguage":"lv-LV","potentialAction":[{"@type":"ReadAction","target":["https:\/\/ibc.ee\/lv\/product\/car-siphon-pump-for-gas-oil-water\/"]}]},{"@type":"ImageObject","inLanguage":"lv-LV","@id":"https:\/\/ibc.ee\/lv\/product\/car-siphon-pump-for-gas-oil-water\/#primaryimage","url":"https:\/\/ibc.ee\/wp-content\/uploads\/2021\/02\/Sifoonpump-klaasipesuvedeliku-pumpamiseks.jpg","contentUrl":"https:\/\/ibc.ee\/wp-content\/uploads\/2021\/02\/Sifoonpump-klaasipesuvedeliku-pumpamiseks.jpg","width":1000,"height":1000,"caption":"Car Siphon Pump for Gas, Oil, Water"},{"@type":"BreadcrumbList","@id":"https:\/\/ibc.ee\/lv\/product\/car-siphon-pump-for-gas-oil-water\/#breadcrumb","itemListElement":[{"@type":"ListItem","position":1,"name":"\u0413\u043b\u0430\u0432\u043d\u0430\u044f \u0441\u0442\u0440\u0430\u043d\u0438\u0446\u0430","item":"https:\/\/www.ibc.ee\/lv\/"},{"@type":"ListItem","position":2,"name":"Veikals","item":"https:\/\/www.ibc.ee\/lv\/shop\/"},{"@type":"ListItem","position":3,"name":"Auto sifona s\u016bknis g\u0101zei, e\u013c\u013cai, \u016bdenim"}]},{"@type":"WebSite","@id":"https:\/\/www.ibc.ee\/lv\/#website","url":"https:\/\/www.ibc.ee\/lv\/","name":"IBC konteineri m&uuml;&uuml;k, vaadid, kraanid, mahutid","description":"IBC - Tank container valve, Adapters\\fittings, Intermediate bulk, container, Drums\/cans","potentialAction":[{"@type":"SearchAction","target":{"@type":"EntryPoint","urlTemplate":"https:\/\/www.ibc.ee\/lv\/?s={search_term_string}"},"query-input":{"@type":"PropertyValueSpecification","valueRequired":true,"valueName":"search_term_string"}}],"inLanguage":"lv-LV"}]}},"_links":{"self":[{"href":"https:\/\/ibc.ee\/lv\/wp-json\/wp\/v2\/product\/20289","targetHints":{"allow":["GET"]}}],"collection":[{"href":"https:\/\/ibc.ee\/lv\/wp-json\/wp\/v2\/product"}],"about":[{"href":"https:\/\/ibc.ee\/lv\/wp-json\/wp\/v2\/types\/product"}],"wp:featuredmedia":[{"embeddable":true,"href":"https:\/\/ibc.ee\/lv\/wp-json\/wp\/v2\/media\/20294"}],"wp:attachment":[{"href":"https:\/\/ibc.ee\/lv\/wp-json\/wp\/v2\/media?parent=20289"}],"wp:term":[{"taxonomy":"product_brand","embeddable":true,"href":"https:\/\/ibc.ee\/lv\/wp-json\/wp\/v2\/product_brand?post=20289"},{"taxonomy":"product_cat","embeddable":true,"href":"https:\/\/ibc.ee\/lv\/wp-json\/wp\/v2\/product_cat?post=20289"},{"taxonomy":"product_tag","embeddable":true,"href":"https:\/\/ibc.ee\/lv\/wp-json\/wp\/v2\/product_tag?post=20289"}],"curies":[{"name":"wp","href":"https:\/\/api.w.org\/{rel}","templated":true}]}}