{"id":20331,"date":"2021-02-20T23:25:51","date_gmt":"2021-02-20T21:25:51","guid":{"rendered":"https:\/\/ibc.ee\/?post_type=product&#038;p=20331"},"modified":"2026-02-16T09:00:35","modified_gmt":"2026-02-16T07:00:35","slug":"plastic-siphon-chemical-pump","status":"publish","type":"product","link":"https:\/\/ibc.ee\/lv\/product\/plastic-siphon-chemical-pump\/","title":{"rendered":"Plastmasas sifona \u0137\u012bmiskais s\u016bknis"},"content":{"rendered":"<p>Plastmasas sifona \u0137\u012bmiskais s\u016bknis<\/p>\n<p>Specifik\u0101cijas:<br \/>\nArt No.: DP-26 \/ GT129-1<br \/>\nMateri\u0101li: Materi\u0101ls: PP \/ polietil\u0113ns<br \/>\nPa\u0161ies\u016bco\u0161s: J\u0101<br \/>\nIepl\u016bdes \/ izpl\u016bdes diametrs: 26\/25 mm<br \/>\nIes\u016bk\u0161ana: 850 mm<br \/>\nPacel\u0161ana: 1400 mm<br \/>\nJauda: 16-18 l\/min<br \/>\nPielietojums: \u0136imik\u0101lijas, \u0161\u0137idrumi uz naftas b\u0101zes, \u016bdens.<\/p>\n","protected":false},"excerpt":{"rendered":"<p>Plastmasas sifona \u0137\u012bmiskais s\u016bknis Specifik\u0101cijas: Art No.: DP-26 \/ GT129-1 Materi\u0101li: Materi\u0101ls: PP \/ polietil\u0113ns Pa\u0161ies\u016bco\u0161s: J\u0101 Iepl\u016bdes \/ izpl\u016bdes diametrs: 26\/25 mm Ies\u016bk\u0161ana: 850 mm Pacel\u0161ana: 1400 mm Jauda: 16-18 l\/min Pielietojums: \u0136imik\u0101lijas, \u0161\u0137idrumi uz naftas b\u0101zes, \u016bdens.<\/p>\n","protected":false},"featured_media":20336,"template":"","meta":[],"product_brand":[],"product_cat":[313],"product_tag":[],"class_list":{"0":"post-20331","1":"product","2":"type-product","3":"status-publish","4":"has-post-thumbnail","6":"product_cat-bungas-un-skardenes","7":"product_shipping_class-acessories-lv","9":"first","10":"onbackorder","11":"taxable","12":"shipping-taxable","13":"purchasable","14":"product-type-simple"},"yoast_head":"<!-- This site is optimized with the Yoast SEO plugin v26.9 - https:\/\/yoast.com\/product\/yoast-seo-wordpress\/ -->\n<title>Plastmasas sifona \u0137\u012bmiskais s\u016bknis -<\/title>\n<meta name=\"description\" content=\"Plastmasas sifona \u0137\u012bmiskais s\u016bknis. Jauda: 16-18 l\/min. Pielietojums: \u0136imik\u0101lijas, \u0161\u0137idrumi uz naftas b\u0101zes, \u016bdens.\" \/>\n<meta name=\"robots\" content=\"index, follow, max-snippet:-1, max-image-preview:large, max-video-preview:-1\" \/>\n<link rel=\"canonical\" href=\"https:\/\/ibc.ee\/lv\/product\/plastic-siphon-chemical-pump\/\" \/>\n<meta property=\"og:locale\" content=\"lv_LV\" \/>\n<meta property=\"og:type\" content=\"article\" \/>\n<meta property=\"og:title\" content=\"Plastmasas sifona \u0137\u012bmiskais s\u016bknis -\" \/>\n<meta property=\"og:description\" content=\"Plastmasas sifona \u0137\u012bmiskais s\u016bknis. Jauda: 16-18 l\/min. Pielietojums: \u0136imik\u0101lijas, \u0161\u0137idrumi uz naftas b\u0101zes, \u016bdens.\" \/>\n<meta property=\"og:url\" content=\"https:\/\/ibc.ee\/lv\/product\/plastic-siphon-chemical-pump\/\" \/>\n<meta property=\"og:site_name\" content=\"IBC konteineri m&uuml;&uuml;k, vaadid, kraanid, mahutid\" \/>\n<meta property=\"article:modified_time\" content=\"2026-02-16T07:00:35+00:00\" \/>\n<meta property=\"og:image\" content=\"https:\/\/ibc.ee\/wp-content\/uploads\/2021\/02\/Sifoonpump-keemiliste-ainete-jaoks-16-18-l-min.jpg\" \/>\n\t<meta property=\"og:image:width\" content=\"1000\" \/>\n\t<meta property=\"og:image:height\" content=\"1000\" \/>\n\t<meta property=\"og:image:type\" content=\"image\/jpeg\" \/>\n<meta name=\"twitter:card\" content=\"summary_large_image\" \/>\n<script type=\"application\/ld+json\" class=\"yoast-schema-graph\">{\"@context\":\"https:\/\/schema.org\",\"@graph\":[{\"@type\":\"WebPage\",\"@id\":\"https:\/\/ibc.ee\/lv\/product\/plastic-siphon-chemical-pump\/\",\"url\":\"https:\/\/ibc.ee\/lv\/product\/plastic-siphon-chemical-pump\/\",\"name\":\"Plastmasas sifona \u0137\u012bmiskais s\u016bknis -\",\"isPartOf\":{\"@id\":\"https:\/\/ibc.ee\/lv\/#website\"},\"primaryImageOfPage\":{\"@id\":\"https:\/\/ibc.ee\/lv\/product\/plastic-siphon-chemical-pump\/#primaryimage\"},\"image\":{\"@id\":\"https:\/\/ibc.ee\/lv\/product\/plastic-siphon-chemical-pump\/#primaryimage\"},\"thumbnailUrl\":\"https:\/\/ibc.ee\/wp-content\/uploads\/2021\/02\/Sifoonpump-keemiliste-ainete-jaoks-16-18-l-min.jpg\",\"datePublished\":\"2021-02-20T21:25:51+00:00\",\"dateModified\":\"2026-02-16T07:00:35+00:00\",\"description\":\"Plastmasas sifona \u0137\u012bmiskais s\u016bknis. Jauda: 16-18 l\/min. Pielietojums: \u0136imik\u0101lijas, \u0161\u0137idrumi uz naftas b\u0101zes, \u016bdens.\",\"breadcrumb\":{\"@id\":\"https:\/\/ibc.ee\/lv\/product\/plastic-siphon-chemical-pump\/#breadcrumb\"},\"inLanguage\":\"lv-LV\",\"potentialAction\":[{\"@type\":\"ReadAction\",\"target\":[\"https:\/\/ibc.ee\/lv\/product\/plastic-siphon-chemical-pump\/\"]}]},{\"@type\":\"ImageObject\",\"inLanguage\":\"lv-LV\",\"@id\":\"https:\/\/ibc.ee\/lv\/product\/plastic-siphon-chemical-pump\/#primaryimage\",\"url\":\"https:\/\/ibc.ee\/wp-content\/uploads\/2021\/02\/Sifoonpump-keemiliste-ainete-jaoks-16-18-l-min.jpg\",\"contentUrl\":\"https:\/\/ibc.ee\/wp-content\/uploads\/2021\/02\/Sifoonpump-keemiliste-ainete-jaoks-16-18-l-min.jpg\",\"width\":1000,\"height\":1000,\"caption\":\"Plastic Siphon Chemical Pump\"},{\"@type\":\"BreadcrumbList\",\"@id\":\"https:\/\/ibc.ee\/lv\/product\/plastic-siphon-chemical-pump\/#breadcrumb\",\"itemListElement\":[{\"@type\":\"ListItem\",\"position\":1,\"name\":\"\u0413\u043b\u0430\u0432\u043d\u0430\u044f \u0441\u0442\u0440\u0430\u043d\u0438\u0446\u0430\",\"item\":\"https:\/\/ibc.ee\/lv\/\"},{\"@type\":\"ListItem\",\"position\":2,\"name\":\"Veikals\",\"item\":\"https:\/\/ibc.ee\/lv\/shop\/\"},{\"@type\":\"ListItem\",\"position\":3,\"name\":\"Plastmasas sifona \u0137\u012bmiskais s\u016bknis\"}]},{\"@type\":\"WebSite\",\"@id\":\"https:\/\/ibc.ee\/lv\/#website\",\"url\":\"https:\/\/ibc.ee\/lv\/\",\"name\":\"IBC konteineri m&uuml;&uuml;k, vaadid, kraanid, mahutid\",\"description\":\"IBC - Tank container valve, Adapters\\\\fittings, Intermediate bulk, container, Drums\/cans\",\"potentialAction\":[{\"@type\":\"SearchAction\",\"target\":{\"@type\":\"EntryPoint\",\"urlTemplate\":\"https:\/\/ibc.ee\/lv\/?s={search_term_string}\"},\"query-input\":{\"@type\":\"PropertyValueSpecification\",\"valueRequired\":true,\"valueName\":\"search_term_string\"}}],\"inLanguage\":\"lv-LV\"}]}<\/script>\n<!-- \/ Yoast SEO plugin. -->","yoast_head_json":{"title":"Plastmasas sifona \u0137\u012bmiskais s\u016bknis -","description":"Plastmasas sifona \u0137\u012bmiskais s\u016bknis. Jauda: 16-18 l\/min. Pielietojums: \u0136imik\u0101lijas, \u0161\u0137idrumi uz naftas b\u0101zes, \u016bdens.","robots":{"index":"index","follow":"follow","max-snippet":"max-snippet:-1","max-image-preview":"max-image-preview:large","max-video-preview":"max-video-preview:-1"},"canonical":"https:\/\/ibc.ee\/lv\/product\/plastic-siphon-chemical-pump\/","og_locale":"lv_LV","og_type":"article","og_title":"Plastmasas sifona \u0137\u012bmiskais s\u016bknis -","og_description":"Plastmasas sifona \u0137\u012bmiskais s\u016bknis. Jauda: 16-18 l\/min. Pielietojums: \u0136imik\u0101lijas, \u0161\u0137idrumi uz naftas b\u0101zes, \u016bdens.","og_url":"https:\/\/ibc.ee\/lv\/product\/plastic-siphon-chemical-pump\/","og_site_name":"IBC konteineri m&uuml;&uuml;k, vaadid, kraanid, mahutid","article_modified_time":"2026-02-16T07:00:35+00:00","og_image":[{"width":1000,"height":1000,"url":"https:\/\/ibc.ee\/wp-content\/uploads\/2021\/02\/Sifoonpump-keemiliste-ainete-jaoks-16-18-l-min.jpg","type":"image\/jpeg"}],"twitter_card":"summary_large_image","schema":{"@context":"https:\/\/schema.org","@graph":[{"@type":"WebPage","@id":"https:\/\/ibc.ee\/lv\/product\/plastic-siphon-chemical-pump\/","url":"https:\/\/ibc.ee\/lv\/product\/plastic-siphon-chemical-pump\/","name":"Plastmasas sifona \u0137\u012bmiskais s\u016bknis -","isPartOf":{"@id":"https:\/\/ibc.ee\/lv\/#website"},"primaryImageOfPage":{"@id":"https:\/\/ibc.ee\/lv\/product\/plastic-siphon-chemical-pump\/#primaryimage"},"image":{"@id":"https:\/\/ibc.ee\/lv\/product\/plastic-siphon-chemical-pump\/#primaryimage"},"thumbnailUrl":"https:\/\/ibc.ee\/wp-content\/uploads\/2021\/02\/Sifoonpump-keemiliste-ainete-jaoks-16-18-l-min.jpg","datePublished":"2021-02-20T21:25:51+00:00","dateModified":"2026-02-16T07:00:35+00:00","description":"Plastmasas sifona \u0137\u012bmiskais s\u016bknis. Jauda: 16-18 l\/min. Pielietojums: \u0136imik\u0101lijas, \u0161\u0137idrumi uz naftas b\u0101zes, \u016bdens.","breadcrumb":{"@id":"https:\/\/ibc.ee\/lv\/product\/plastic-siphon-chemical-pump\/#breadcrumb"},"inLanguage":"lv-LV","potentialAction":[{"@type":"ReadAction","target":["https:\/\/ibc.ee\/lv\/product\/plastic-siphon-chemical-pump\/"]}]},{"@type":"ImageObject","inLanguage":"lv-LV","@id":"https:\/\/ibc.ee\/lv\/product\/plastic-siphon-chemical-pump\/#primaryimage","url":"https:\/\/ibc.ee\/wp-content\/uploads\/2021\/02\/Sifoonpump-keemiliste-ainete-jaoks-16-18-l-min.jpg","contentUrl":"https:\/\/ibc.ee\/wp-content\/uploads\/2021\/02\/Sifoonpump-keemiliste-ainete-jaoks-16-18-l-min.jpg","width":1000,"height":1000,"caption":"Plastic Siphon Chemical Pump"},{"@type":"BreadcrumbList","@id":"https:\/\/ibc.ee\/lv\/product\/plastic-siphon-chemical-pump\/#breadcrumb","itemListElement":[{"@type":"ListItem","position":1,"name":"\u0413\u043b\u0430\u0432\u043d\u0430\u044f \u0441\u0442\u0440\u0430\u043d\u0438\u0446\u0430","item":"https:\/\/ibc.ee\/lv\/"},{"@type":"ListItem","position":2,"name":"Veikals","item":"https:\/\/ibc.ee\/lv\/shop\/"},{"@type":"ListItem","position":3,"name":"Plastmasas sifona \u0137\u012bmiskais s\u016bknis"}]},{"@type":"WebSite","@id":"https:\/\/ibc.ee\/lv\/#website","url":"https:\/\/ibc.ee\/lv\/","name":"IBC konteineri m&uuml;&uuml;k, vaadid, kraanid, mahutid","description":"IBC - Tank container valve, Adapters\\fittings, Intermediate bulk, container, Drums\/cans","potentialAction":[{"@type":"SearchAction","target":{"@type":"EntryPoint","urlTemplate":"https:\/\/ibc.ee\/lv\/?s={search_term_string}"},"query-input":{"@type":"PropertyValueSpecification","valueRequired":true,"valueName":"search_term_string"}}],"inLanguage":"lv-LV"}]}},"_links":{"self":[{"href":"https:\/\/ibc.ee\/lv\/wp-json\/wp\/v2\/product\/20331","targetHints":{"allow":["GET"]}}],"collection":[{"href":"https:\/\/ibc.ee\/lv\/wp-json\/wp\/v2\/product"}],"about":[{"href":"https:\/\/ibc.ee\/lv\/wp-json\/wp\/v2\/types\/product"}],"wp:featuredmedia":[{"embeddable":true,"href":"https:\/\/ibc.ee\/lv\/wp-json\/wp\/v2\/media\/20336"}],"wp:attachment":[{"href":"https:\/\/ibc.ee\/lv\/wp-json\/wp\/v2\/media?parent=20331"}],"wp:term":[{"taxonomy":"product_brand","embeddable":true,"href":"https:\/\/ibc.ee\/lv\/wp-json\/wp\/v2\/product_brand?post=20331"},{"taxonomy":"product_cat","embeddable":true,"href":"https:\/\/ibc.ee\/lv\/wp-json\/wp\/v2\/product_cat?post=20331"},{"taxonomy":"product_tag","embeddable":true,"href":"https:\/\/ibc.ee\/lv\/wp-json\/wp\/v2\/product_tag?post=20331"}],"curies":[{"name":"wp","href":"https:\/\/api.w.org\/{rel}","templated":true}]}}